{"id":4050,"date":"2023-06-12T16:51:25","date_gmt":"2023-06-12T14:51:25","guid":{"rendered":"https:\/\/auslaenderaemter.com\/?page_id=4050"},"modified":"2023-06-12T16:51:25","modified_gmt":"2023-06-12T14:51:25","slug":"abschiebung","status":"publish","type":"page","link":"https:\/\/auslaenderaemter.com\/it\/deportazione\/","title":{"rendered":"deportazione"},"content":{"rendered":"<p>L&#039;espulsione \u00e8 una parte importante della legge tedesca sull&#039;immigrazione e ha un impatto significativo sulla vita delle persone colpite.<\/p>\n<h2>Cos&#039;\u00e8 una deportazione?<\/h2>\n<p>L&#039;espulsione \u00e8 un atto amministrativo con il quale uno straniero che soggiorna illegalmente in Germania o il cui soggiorno legale \u00e8 terminato \u00e8 costretto a lasciare il paese. L&#039;espulsione sar\u00e0 effettuata dal <a href=\"https:\/\/auslaenderaemter.com\/it\/\">Autorit\u00e0 per gli stranieri<\/a> ordinato ed eseguito dalla polizia.<\/p>\n<h2>Il processo di espulsione<\/h2>\n<p>Il processo di espulsione segue alcuni passaggi:<\/p>\n<ol>\n<li><strong>Decisione di espulsione o rigetto della domanda di asilo:<\/strong> Prima dell&#039;espulsione deve essere stata adottata una decisione di espulsione o respinta una domanda di asilo.<\/li>\n<li><strong>ordine di espulsione:<\/strong> L&#039;autorit\u00e0 per gli stranieri emette un provvedimento di espulsione con il quale si chiede all&#039;interessato di lasciare il Paese entro un certo periodo di tempo.<\/li>\n<li><strong>Attuazione dell&#039;espulsione:<\/strong> Se l&#039;interessato non lascia il Paese entro il termine stabilito, la polizia pu\u00f2 procedere all&#039;espulsione.<\/li>\n<\/ol>\n<h2>conseguenze della deportazione<\/h2>\n<p>Una deportazione ha conseguenze significative per la persona interessata:<\/p>\n<ol>\n<li><strong>Divieto di restituzione:<\/strong> Di norma, insieme all&#039;espulsione viene emesso un divieto di ingresso e di soggiorno. Ci\u00f2 significa che la persona espulsa non pu\u00f2 tornare in Germania per un certo periodo di tempo.<\/li>\n<li><strong>Costi di espulsione:<\/strong> Di norma, i costi dell&#039;espulsione devono essere sostenuti dalla persona espulsa.<\/li>\n<li><strong>Effetti sociali e psicologici:<\/strong> L&#039;espulsione pu\u00f2 avere un impatto sociale e psicologico significativo sulla persona interessata, soprattutto se \u00e8 radicata in Germania o deve tornare nel proprio paese di origine, dove pu\u00f2 subire persecuzioni o difficolt\u00e0.<\/li>\n<\/ol>\n<h2>Conclusione<\/h2>\n<p>L&#039;espulsione \u00e8 un mezzo efficace per garantire il rispetto della legge tedesca sull&#039;immigrazione. Allo stesso tempo, ha un impatto significativo sulle persone interessate. \u00c8 quindi importante che gli stranieri residenti in Germania conoscano i propri diritti e doveri e, se necessario, chiedano consulenza legale.<\/p>","protected":false},"excerpt":{"rendered":"<p>La deportazione \u00e8 una parte importante della legge tedesca sull\u2019immigrazione e ha un impatto significativo sulla vita delle persone colpite. Cos&#039;\u00e8 la deportazione? L&#039;espulsione \u00e8 un atto amministrativo con il quale uno straniero che soggiorna illegalmente in Germania o il cui soggiorno legale \u00e8 terminato \u00e8 costretto a lasciare il Paese. La deportazione viene effettuata da...&nbsp;<a href=\"https:\/\/auslaenderaemter.com\/it\/deportazione\/\" rel=\"bookmark\">Per saperne di pi\u00f9 &quot;<span class=\"screen-reader-text\">deportazione<\/span><\/a><\/p>","protected":false},"author":1,"featured_media":9,"parent":0,"menu_order":0,"comment_status":"closed","ping_status":"closed","template":"","meta":{"neve_meta_sidebar":"","neve_meta_container":"","neve_meta_enable_content_width":"off","neve_meta_content_width":100,"neve_meta_title_alignment":"","neve_meta_author_avatar":"","neve_post_elements_order":"","neve_meta_disable_header":"","neve_meta_disable_footer":"","neve_meta_disable_title":"","neve_meta_reading_time":"","footnotes":""},"class_list":["post-4050","page","type-page","status-publish","has-post-thumbnail","hentry"],"yoast_head":"<!-- This site is optimized with the Yoast SEO plugin v27.3 - https:\/\/yoast.com\/product\/yoast-seo-wordpress\/ -->\n<title>Abschiebung- Bedeutung, Prozess und Folgen.<\/title>\n<meta name=\"description\" content=\"Lernen Sie die Abschiebung im deutschen Ausl\u00e4nderrecht kennen: Definition, Prozess und die erheblichen Auswirkungen auf Betroffene.\" \/>\n<meta name=\"robots\" content=\"index, follow, max-snippet:-1, max-image-preview:large, max-video-preview:-1\" \/>\n<link rel=\"canonical\" href=\"https:\/\/auslaenderaemter.com\/it\/deportazione\/\" \/>\n<meta property=\"og:locale\" content=\"it_IT\" \/>\n<meta property=\"og:type\" content=\"article\" \/>\n<meta property=\"og:title\" content=\"Abschiebung- Bedeutung, Prozess und Folgen.\" \/>\n<meta property=\"og:description\" content=\"Lernen Sie die Abschiebung im deutschen Ausl\u00e4nderrecht kennen: Definition, Prozess und die erheblichen Auswirkungen auf Betroffene.\" \/>\n<meta property=\"og:url\" content=\"https:\/\/auslaenderaemter.com\/it\/deportazione\/\" \/>\n<meta property=\"og:site_name\" content=\"auslaenderaemter.com\" \/>\n<meta property=\"og:image\" content=\"https:\/\/auslaenderaemter.com\/wp-content\/uploads\/2021\/01\/Vollmond-info-13.png\" \/>\n\t<meta property=\"og:image:width\" content=\"500\" \/>\n\t<meta property=\"og:image:height\" content=\"500\" \/>\n\t<meta property=\"og:image:type\" content=\"image\/png\" \/>\n<meta name=\"twitter:card\" content=\"summary_large_image\" \/>\n<meta name=\"twitter:label1\" content=\"Tempo di lettura stimato\" \/>\n\t<meta name=\"twitter:data1\" content=\"2 minuti\" \/>\n<script type=\"application\/ld+json\" class=\"yoast-schema-graph\">{\"@context\":\"https:\\\/\\\/schema.org\",\"@graph\":[{\"@type\":\"WebPage\",\"@id\":\"https:\\\/\\\/auslaenderaemter.com\\\/abschiebung\\\/\",\"url\":\"https:\\\/\\\/auslaenderaemter.com\\\/abschiebung\\\/\",\"name\":\"Abschiebung- Bedeutung, Prozess und Folgen.\",\"isPartOf\":{\"@id\":\"https:\\\/\\\/auslaenderaemter.com\\\/#website\"},\"primaryImageOfPage\":{\"@id\":\"https:\\\/\\\/auslaenderaemter.com\\\/abschiebung\\\/#primaryimage\"},\"image\":{\"@id\":\"https:\\\/\\\/auslaenderaemter.com\\\/abschiebung\\\/#primaryimage\"},\"thumbnailUrl\":\"https:\\\/\\\/auslaenderaemter.com\\\/wp-content\\\/uploads\\\/2021\\\/01\\\/Vollmond-info-13.png\",\"datePublished\":\"2023-06-12T14:51:25+00:00\",\"description\":\"Lernen Sie die Abschiebung im deutschen Ausl\u00e4nderrecht kennen: Definition, Prozess und die erheblichen Auswirkungen auf Betroffene.\",\"breadcrumb\":{\"@id\":\"https:\\\/\\\/auslaenderaemter.com\\\/abschiebung\\\/#breadcrumb\"},\"inLanguage\":\"it-IT\",\"potentialAction\":[{\"@type\":\"ReadAction\",\"target\":[\"https:\\\/\\\/auslaenderaemter.com\\\/abschiebung\\\/\"]}]},{\"@type\":\"ImageObject\",\"inLanguage\":\"it-IT\",\"@id\":\"https:\\\/\\\/auslaenderaemter.com\\\/abschiebung\\\/#primaryimage\",\"url\":\"https:\\\/\\\/auslaenderaemter.com\\\/wp-content\\\/uploads\\\/2021\\\/01\\\/Vollmond-info-13.png\",\"contentUrl\":\"https:\\\/\\\/auslaenderaemter.com\\\/wp-content\\\/uploads\\\/2021\\\/01\\\/Vollmond-info-13.png\",\"width\":500,\"height\":500,\"caption\":\"Abschiebung\"},{\"@type\":\"BreadcrumbList\",\"@id\":\"https:\\\/\\\/auslaenderaemter.com\\\/abschiebung\\\/#breadcrumb\",\"itemListElement\":[{\"@type\":\"ListItem\",\"position\":1,\"name\":\"Startseite\",\"item\":\"https:\\\/\\\/auslaenderaemter.com\\\/\"},{\"@type\":\"ListItem\",\"position\":2,\"name\":\"Abschiebung\"}]},{\"@type\":\"WebSite\",\"@id\":\"https:\\\/\\\/auslaenderaemter.com\\\/#website\",\"url\":\"https:\\\/\\\/auslaenderaemter.com\\\/\",\"name\":\"auslaenderaemter.com\",\"description\":\"\",\"publisher\":{\"@id\":\"https:\\\/\\\/auslaenderaemter.com\\\/#organization\"},\"potentialAction\":[{\"@type\":\"SearchAction\",\"target\":{\"@type\":\"EntryPoint\",\"urlTemplate\":\"https:\\\/\\\/auslaenderaemter.com\\\/?s={search_term_string}\"},\"query-input\":{\"@type\":\"PropertyValueSpecification\",\"valueRequired\":true,\"valueName\":\"search_term_string\"}}],\"inLanguage\":\"it-IT\"},{\"@type\":\"Organization\",\"@id\":\"https:\\\/\\\/auslaenderaemter.com\\\/#organization\",\"name\":\"auslaenderaemter.com\",\"url\":\"https:\\\/\\\/auslaenderaemter.com\\\/\",\"logo\":{\"@type\":\"ImageObject\",\"inLanguage\":\"it-IT\",\"@id\":\"https:\\\/\\\/auslaenderaemter.com\\\/#\\\/schema\\\/logo\\\/image\\\/\",\"url\":\"https:\\\/\\\/auslaenderaemter.com\\\/wp-content\\\/uploads\\\/2021\\\/01\\\/cropped-Vollmond-info-13.png\",\"contentUrl\":\"https:\\\/\\\/auslaenderaemter.com\\\/wp-content\\\/uploads\\\/2021\\\/01\\\/cropped-Vollmond-info-13.png\",\"width\":500,\"height\":117,\"caption\":\"auslaenderaemter.com\"},\"image\":{\"@id\":\"https:\\\/\\\/auslaenderaemter.com\\\/#\\\/schema\\\/logo\\\/image\\\/\"}}]}<\/script>\n<!-- \/ Yoast SEO plugin. -->","yoast_head_json":{"title":"Deportazione: significato, processo e conseguenze.","description":"Conosci la deportazione nella legge tedesca sull&#039;immigrazione: definizione, processo e impatto significativo sulle persone colpite.","robots":{"index":"index","follow":"follow","max-snippet":"max-snippet:-1","max-image-preview":"max-image-preview:large","max-video-preview":"max-video-preview:-1"},"canonical":"https:\/\/auslaenderaemter.com\/it\/deportazione\/","og_locale":"it_IT","og_type":"article","og_title":"Abschiebung- Bedeutung, Prozess und Folgen.","og_description":"Lernen Sie die Abschiebung im deutschen Ausl\u00e4nderrecht kennen: Definition, Prozess und die erheblichen Auswirkungen auf Betroffene.","og_url":"https:\/\/auslaenderaemter.com\/it\/deportazione\/","og_site_name":"auslaenderaemter.com","og_image":[{"width":500,"height":500,"url":"https:\/\/auslaenderaemter.com\/wp-content\/uploads\/2021\/01\/Vollmond-info-13.png","type":"image\/png"}],"twitter_card":"summary_large_image","twitter_misc":{"Tempo di lettura stimato":"2 minuti"},"schema":{"@context":"https:\/\/schema.org","@graph":[{"@type":"WebPage","@id":"https:\/\/auslaenderaemter.com\/abschiebung\/","url":"https:\/\/auslaenderaemter.com\/abschiebung\/","name":"Deportazione: significato, processo e conseguenze.","isPartOf":{"@id":"https:\/\/auslaenderaemter.com\/#website"},"primaryImageOfPage":{"@id":"https:\/\/auslaenderaemter.com\/abschiebung\/#primaryimage"},"image":{"@id":"https:\/\/auslaenderaemter.com\/abschiebung\/#primaryimage"},"thumbnailUrl":"https:\/\/auslaenderaemter.com\/wp-content\/uploads\/2021\/01\/Vollmond-info-13.png","datePublished":"2023-06-12T14:51:25+00:00","description":"Conosci la deportazione nella legge tedesca sull&#039;immigrazione: definizione, processo e impatto significativo sulle persone colpite.","breadcrumb":{"@id":"https:\/\/auslaenderaemter.com\/abschiebung\/#breadcrumb"},"inLanguage":"it-IT","potentialAction":[{"@type":"ReadAction","target":["https:\/\/auslaenderaemter.com\/abschiebung\/"]}]},{"@type":"ImageObject","inLanguage":"it-IT","@id":"https:\/\/auslaenderaemter.com\/abschiebung\/#primaryimage","url":"https:\/\/auslaenderaemter.com\/wp-content\/uploads\/2021\/01\/Vollmond-info-13.png","contentUrl":"https:\/\/auslaenderaemter.com\/wp-content\/uploads\/2021\/01\/Vollmond-info-13.png","width":500,"height":500,"caption":"Abschiebung"},{"@type":"BreadcrumbList","@id":"https:\/\/auslaenderaemter.com\/abschiebung\/#breadcrumb","itemListElement":[{"@type":"ListItem","position":1,"name":"Startseite","item":"https:\/\/auslaenderaemter.com\/"},{"@type":"ListItem","position":2,"name":"Abschiebung"}]},{"@type":"WebSite","@id":"https:\/\/auslaenderaemter.com\/#website","url":"https:\/\/auslaenderaemter.com\/","name":"www.auslaenderaemter.com","description":"","publisher":{"@id":"https:\/\/auslaenderaemter.com\/#organization"},"potentialAction":[{"@type":"SearchAction","target":{"@type":"EntryPoint","urlTemplate":"https:\/\/auslaenderaemter.com\/?s={search_term_string}"},"query-input":{"@type":"PropertyValueSpecification","valueRequired":true,"valueName":"search_term_string"}}],"inLanguage":"it-IT"},{"@type":"Organization","@id":"https:\/\/auslaenderaemter.com\/#organization","name":"www.auslaenderaemter.com","url":"https:\/\/auslaenderaemter.com\/","logo":{"@type":"ImageObject","inLanguage":"it-IT","@id":"https:\/\/auslaenderaemter.com\/#\/schema\/logo\/image\/","url":"https:\/\/auslaenderaemter.com\/wp-content\/uploads\/2021\/01\/cropped-Vollmond-info-13.png","contentUrl":"https:\/\/auslaenderaemter.com\/wp-content\/uploads\/2021\/01\/cropped-Vollmond-info-13.png","width":500,"height":117,"caption":"auslaenderaemter.com"},"image":{"@id":"https:\/\/auslaenderaemter.com\/#\/schema\/logo\/image\/"}}]}},"_links":{"self":[{"href":"https:\/\/auslaenderaemter.com\/it\/wp-json\/wp\/v2\/pages\/4050","targetHints":{"allow":["GET"]}}],"collection":[{"href":"https:\/\/auslaenderaemter.com\/it\/wp-json\/wp\/v2\/pages"}],"about":[{"href":"https:\/\/auslaenderaemter.com\/it\/wp-json\/wp\/v2\/types\/page"}],"author":[{"embeddable":true,"href":"https:\/\/auslaenderaemter.com\/it\/wp-json\/wp\/v2\/users\/1"}],"replies":[{"embeddable":true,"href":"https:\/\/auslaenderaemter.com\/it\/wp-json\/wp\/v2\/comments?post=4050"}],"version-history":[{"count":0,"href":"https:\/\/auslaenderaemter.com\/it\/wp-json\/wp\/v2\/pages\/4050\/revisions"}],"wp:featuredmedia":[{"embeddable":true,"href":"https:\/\/auslaenderaemter.com\/it\/wp-json\/wp\/v2\/media\/9"}],"wp:attachment":[{"href":"https:\/\/auslaenderaemter.com\/it\/wp-json\/wp\/v2\/media?parent=4050"}],"curies":[{"name":"parola chiave","href":"https:\/\/api.w.org\/{rel}","templated":true}]}}