{"id":46,"date":"2021-01-26T14:27:58","date_gmt":"2021-01-26T13:27:58","guid":{"rendered":"https:\/\/auslaenderaemter.com\/?page_id=46"},"modified":"2022-07-06T15:41:09","modified_gmt":"2022-07-06T13:41:09","slug":"auslaenderaemter-in-bayern","status":"publish","type":"page","link":"https:\/\/auslaenderaemter.com\/it\/uffici-immigrazione-in-baviera\/","title":{"rendered":"Uffici Immigrazione in Baviera"},"content":{"rendered":"<p><strong>Qui troverai le informazioni di contatto, gli indirizzi e gli orari di apertura degli uffici di immigrazione \/ autorit\u00e0 di immigrazione - in Baviera.<\/strong><\/p>\n<h2><span id=\"Uebersicht_aller_Jobcenter_in_Baden-Wuerttemberg\" class=\"ez-toc-section\">Panoramica di tutti gli uffici di immigrazione \/ autorit\u00e0 di immigrazione in Baviera<\/span><\/h2>\n<ul>\n<li><a href=\"https:\/\/auslaenderaemter.com\/it\/ufficio-immigrazione-aichach\/\">Aichach<\/a><\/li>\n<li><a href=\"https:\/\/auslaenderaemter.com\/it\/ufficio-immigrazione-altoetting\/\">Contrattare<\/a><\/li>\n<li><a href=\"https:\/\/auslaenderaemter.com\/it\/ufficio-immigrazione-amberg\/\">Sulla montagna<\/a><\/li>\n<li><a href=\"https:\/\/auslaenderaemter.com\/it\/ufficio-immigrazione-ansbach\/\">Ansbach<\/a><\/li>\n<li><a href=\"https:\/\/auslaenderaemter.com\/it\/ufficio-immigrazione-augusta\/\">Augusta<\/a><\/li>\n<li><a href=\"https:\/\/auslaenderaemter.com\/it\/ufficio-immigrazione-bad-brueckenau\/\">Brueckenau cattivo<\/a><\/li>\n<li><a href=\"https:\/\/auslaenderaemter.com\/it\/ufficio-immigrazione-bad-kissingen\/\">Bad Kissingen<\/a><\/li>\n<li><a href=\"https:\/\/auslaenderaemter.com\/it\/ufficio-immigrazione-bad-neustadt-an-der-saale\/\">Bad Neustadt an der Saale<\/a><\/li>\n<li><a href=\"https:\/\/auslaenderaemter.com\/it\/ufficio-immigrazione-bad-reichenhall\/\">Bad Reichenhall<\/a><\/li>\n<li><a href=\"https:\/\/auslaenderaemter.com\/it\/ufficio-immigrazione-bad-toelz\/\">Bad Tolz<\/a><\/li>\n<li><a href=\"https:\/\/auslaenderaemter.com\/it\/ufficio-immigrazione-bamberga\/\">Bamberga<\/a><\/li>\n<li><a href=\"https:\/\/auslaenderaemter.com\/it\/ufficio-immigrazione-bayreuth\/\">Bayreuth<\/a><\/li>\n<li><a href=\"https:\/\/auslaenderaemter.com\/it\/ufficio-immigrazione-bischofsheim-in-der-rhoen\/\">Casa del Vescovo nel Rh\u00f6n<\/a><\/li>\n<li><a href=\"https:\/\/auslaenderaemter.com\/it\/ufficio-immigrazione-cham\/\">Cham<\/a><\/li>\n<li><a href=\"https:\/\/auslaenderaemter.com\/it\/ufficio-immigrazione-coburg\/\">Coburgo<\/a><\/li>\n<li><a href=\"https:\/\/auslaenderaemter.com\/it\/ufficio-immigrazione-dachau\/\">Dachau<\/a><\/li>\n<li><a href=\"https:\/\/auslaenderaemter.com\/it\/ufficio-immigrazione-deggendorf\/\">Deggendorf<\/a><\/li>\n<li><a href=\"https:\/\/auslaenderaemter.com\/it\/ufficio-immigrazione-dillingen-on-the-donau\/\">Dillingen sul Danubio<\/a><\/li>\n<li><a href=\"https:\/\/auslaenderaemter.com\/it\/ufficio-immigrazione-dingolfing\/\">Dingolfing<\/a><\/li>\n<li><a href=\"https:\/\/auslaenderaemter.com\/it\/ufficio-immigrazione-donauwoerth\/\">Donauworth<\/a><\/li>\n<li><a href=\"https:\/\/auslaenderaemter.com\/it\/ufficio-immigrazione-ebersberg\/\">Ebersberg<\/a><\/li>\n<li><a href=\"https:\/\/auslaenderaemter.com\/it\/ufficio-immigrazione-eichstaett\/\">calibrazione<\/a><\/li>\n<li><a href=\"https:\/\/auslaenderaemter.com\/it\/ufficio-immigrazione-erding\/\">messa a terra<\/a><\/li>\n<li><a href=\"https:\/\/auslaenderaemter.com\/it\/ufficio-immigrazione-erlangen\/\">guadagno<\/a><\/li>\n<li><a href=\"https:\/\/auslaenderaemter.com\/it\/ufficio-immigrazione-forchheim\/\">forchheim<\/a><\/li>\n<li><a href=\"https:\/\/auslaenderaemter.com\/it\/ufficio-immigrazione-freising\/\">Freising<\/a><\/li>\n<li><a href=\"https:\/\/auslaenderaemter.com\/it\/ufficio-immigrazione-freyung\/\">Freyung<\/a><\/li>\n<li><a href=\"https:\/\/auslaenderaemter.com\/it\/ufficio-stranieri-friedrichshafen\/\">Friedrichshafen<\/a><\/li>\n<li><a href=\"https:\/\/auslaenderaemter.com\/it\/ministero-degli-esteri-fuerstenfeldbruck\/\">Furstenfeldbruck<\/a><\/li>\n<li><a href=\"https:\/\/auslaenderaemter.com\/it\/ufficio-immigrazione-fuerth\/\">Fuerth<\/a><\/li>\n<li><a href=\"https:\/\/auslaenderaemter.com\/it\/ministero-degli-esteri-garmisch-partenkirchen\/\">Garmisch-Partenkirchen<\/a><\/li>\n<li><a href=\"https:\/\/auslaenderaemter.com\/it\/germinazione-dellufficio-immigrazione\/\">Germering<\/a><\/li>\n<li><a href=\"https:\/\/auslaenderaemter.com\/it\/ufficio-immigrazione-guenzburg\/\">Guenzburg<\/a><\/li>\n<li><a href=\"https:\/\/auslaenderaemter.com\/it\/ufficio-immigrazione-hassfurt\/\">Hasfurt<\/a><\/li>\n<li><a href=\"https:\/\/auslaenderaemter.com\/it\/ufficio-immigrazione-hof\/\">Tribunale<\/a><\/li>\n<li><a href=\"https:\/\/auslaenderaemter.com\/it\/ufficio-immigrazione-illertissen\/\">Malattia<\/a><\/li>\n<li><a href=\"https:\/\/auslaenderaemter.com\/it\/ufficio-immigrazione-ingolstadt\/\">Ingolstadt<\/a><\/li>\n<li><a href=\"https:\/\/auslaenderaemter.com\/it\/ufficio-immigrazione-karlstadt\/\">Karlstadt<\/a><\/li>\n<li><a href=\"https:\/\/auslaenderaemter.com\/it\/ufficio-immigrazione-kaufbeuren\/\">Kaufbeuren<\/a><\/li>\n<li><a href=\"https:\/\/auslaenderaemter.com\/it\/ufficio-immigrazione-kelheim\/\">Kelheim<\/a><\/li>\n<li><a href=\"https:\/\/auslaenderaemter.com\/it\/ufficio-immigrazione-mantenuto\/\">Kempten<\/a><\/li>\n<li><a href=\"https:\/\/auslaenderaemter.com\/it\/ufficio-immigrazione-kitzingen\/\">Kitzingen<\/a><\/li>\n<li><a href=\"https:\/\/auslaenderaemter.com\/it\/ufficio-immigrazione-kronach\/\">Kronach<\/a><\/li>\n<li><a href=\"https:\/\/auslaenderaemter.com\/it\/ufficio-immigrazione-kulmbach\/\">Kulmbach<\/a><\/li>\n<li><a href=\"https:\/\/auslaenderaemter.com\/it\/ufficio-immigrazione-landsberg-am-lech\/\">Landsberg am Lech<\/a><\/li>\n<li><a href=\"https:\/\/auslaenderaemter.com\/it\/ufficio-immigrazione-landshut\/\">Landshut<\/a><\/li>\n<li><a href=\"https:\/\/auslaenderaemter.com\/it\/ufficio-immigrazione-lauf-an-der-pegnitz\/\">Corri sul Pegnitz<\/a><\/li>\n<li><a href=\"https:\/\/auslaenderaemter.com\/it\/gestito-dallufficio-immigrazione\/\">Correre<\/a><\/li>\n<li><a href=\"https:\/\/auslaenderaemter.com\/it\/ufficio-immigrazione-lichtenfels\/\">Lichtenfels<\/a><\/li>\n<li><a href=\"https:\/\/auslaenderaemter.com\/it\/ufficio-immigrazione-lindau\/\">Lindau<\/a><\/li>\n<li><a href=\"https:\/\/auslaenderaemter.com\/it\/ufficio-immigrazione-marktoberdorf\/\">Marktoberdorf<\/a><\/li>\n<li><a href=\"https:\/\/auslaenderaemter.com\/it\/ufficio-immigrazione-memmingen\/\">memmingen<\/a><\/li>\n<li><a href=\"https:\/\/auslaenderaemter.com\/it\/ufficio-immigrazione-miesbach\/\">Miesbach<\/a><\/li>\n<li><a href=\"https:\/\/auslaenderaemter.com\/it\/ufficio-immigrazione-mindelheim\/\">Mindelheim<\/a><\/li>\n<li><a href=\"https:\/\/auslaenderaemter.com\/it\/ufficio-immigrazione-muehldorf-am-inn\/\">M\u00fchldorf am Inn<\/a><\/li>\n<li><a href=\"https:\/\/auslaenderaemter.com\/it\/ufficio-immigrazione-monaco-di-baviera\/\">Monaco<\/a><\/li>\n<li><a href=\"https:\/\/auslaenderaemter.com\/it\/ufficio-immigrazione-neu-ulm\/\">Neu-Ulm<\/a><\/li>\n<li><a href=\"https:\/\/auslaenderaemter.com\/it\/ufficio-immigrazione-neuburg-an-der-donau\/\">Neuburg sul Danubio<\/a><\/li>\n<li><a href=\"https:\/\/auslaenderaemter.com\/it\/ufficio-immigrazione-neumarkt-id-opf\/\">Neumarkt idOPf.<\/a><\/li>\n<li><a href=\"https:\/\/auslaenderaemter.com\/it\/ufficio-immigrazione-neustadt-an-der-aisch\/\">Neustadt an der Aisch<\/a><\/li>\n<li><a href=\"https:\/\/auslaenderaemter.com\/it\/ufficio-immigrazione-neustadt-an-der-waldnaab\/\">Neustadt an der Waldnaab<\/a><\/li>\n<li><a href=\"https:\/\/auslaenderaemter.com\/it\/ufficio-immigrazione-neustadt-bei-coburg\/\">Neustadt vicino a Coburgo<\/a><\/li>\n<li><a href=\"https:\/\/auslaenderaemter.com\/it\/ufficio-immigrazione-norimberga\/\">Norimberga<\/a><\/li>\n<li><a href=\"https:\/\/auslaenderaemter.com\/it\/ministero-degli-esteri-obermaiselstein\/\">Obermaiselstein<\/a><\/li>\n<li><a href=\"https:\/\/auslaenderaemter.com\/it\/ufficio-immigrazione-ochsenfurt\/\">Ochsenfurt<\/a><\/li>\n<li><a href=\"https:\/\/auslaenderaemter.com\/it\/ufficio-immigrazione-passau\/\">Passau<\/a><\/li>\n<li><a href=\"https:\/\/auslaenderaemter.com\/it\/ufficio-immigrazione-pfaffenhofen-an-der-ilm\/\">Pfaffenhofen sull&#039;Ilm<\/a><\/li>\n<li><a href=\"https:\/\/auslaenderaemter.com\/it\/ufficio-immigrazione-chiese-parrocchiali\/\">chiese parrocchiali<\/a><\/li>\n<li><a href=\"https:\/\/auslaenderaemter.com\/it\/ministero-degli-esteri-di-ratisbona\/\">Ratisbona<\/a><\/li>\n<li><a href=\"https:\/\/auslaenderaemter.com\/it\/ufficio-immigrazione-rosenheim\/\">Rosenheim<\/a><\/li>\n<li><a href=\"https:\/\/auslaenderaemter.com\/it\/ufficio-immigrazione-roth\/\">Roth<\/a><\/li>\n<li><a href=\"https:\/\/auslaenderaemter.com\/it\/ufficio-immigrazione-rothenburg-ob-der-tauber\/\">Rothenburg ob der Tauber<\/a><\/li>\n<li><a href=\"https:\/\/auslaenderaemter.com\/it\/ufficio-immigrazione-schongau\/\">Schongau<\/a><\/li>\n<li><a href=\"https:\/\/auslaenderaemter.com\/it\/ministero-degli-esteri-schwabach\/\">Schwabach<\/a><\/li>\n<li><a href=\"https:\/\/auslaenderaemter.com\/it\/ufficio-immigrazione-schwandorf\/\">Schwandorf<\/a><\/li>\n<li><a href=\"https:\/\/auslaenderaemter.com\/it\/ufficio-immigrazione-schweinfurt\/\">Schweinfurt<\/a><\/li>\n<li><a href=\"https:\/\/auslaenderaemter.com\/it\/ufficio-immigrazione-sonthofen\/\">Sontofen<\/a><\/li>\n<li><a href=\"https:\/\/auslaenderaemter.com\/it\/pietra-del-rele-dellufficio-immigrazione\/\">Staffelstein<\/a><\/li>\n<li><a href=\"https:\/\/auslaenderaemter.com\/it\/ufficio-immigrazione-starnberg\/\">Starnberg<\/a><\/li>\n<li><a href=\"https:\/\/auslaenderaemter.com\/it\/ufficio-immigrazione-straubing\/\">Straubing<\/a><\/li>\n<li><a href=\"https:\/\/auslaenderaemter.com\/it\/ufficio-immigrazione-tirschenreuth\/\">Tirschenreuth<\/a><\/li>\n<li><a href=\"https:\/\/auslaenderaemter.com\/it\/ufficio-immigrazione-traunstein\/\">Traunstein<\/a><\/li>\n<li><a href=\"https:\/\/auslaenderaemter.com\/it\/ufficio-immigrazione-unterschleissheim\/\">Unterschleissheim<\/a><\/li>\n<li><a href=\"https:\/\/auslaenderaemter.com\/it\/ufficio-immigrazione-waal\/\">balena<\/a><\/li>\n<li><a href=\"https:\/\/auslaenderaemter.com\/it\/ufficio-immigrazione-weiden-nellalto-palatinato\/\">Weiden nell&#039;Alto Palatinato<\/a><\/li>\n<li><a href=\"https:\/\/auslaenderaemter.com\/it\/ufficio-immigrazione-weidenberg\/\">Weidenberg<\/a><\/li>\n<li><a href=\"https:\/\/auslaenderaemter.com\/it\/ufficio-immigrazione-weilheim-in-alta-baviera\/\">Weilheim nell&#039;Alta Baviera<\/a><\/li>\n<li><a href=\"https:\/\/auslaenderaemter.com\/it\/ministero-degli-esteri-weissenburg\/\">Wei\u00dfenburg<\/a><\/li>\n<li><a href=\"https:\/\/auslaenderaemter.com\/it\/ufficio-immigrazione-wunsiedel\/\">Wunsiedel<\/a><\/li>\n<li><a href=\"https:\/\/auslaenderaemter.com\/it\/ufficio-immigrazione-wuerzburg\/\">W\u00fcrzburg<\/a><\/li>\n<li><a href=\"https:\/\/auslaenderaemter.com\/it\/ufficio-immigrazione-zirndorf\/\">Zirndorf<\/a><\/li>\n<\/ul>\n<h3>Compiti delle autorit\u00e0 per l&#039;immigrazione<\/h3>\n<p>Le autorit\u00e0 per l&#039;immigrazione sono responsabili delle misure relative al diritto di soggiorno e ai passaporti. Decidono in base alla legge sulla residenza e alle disposizioni di altre leggi sull&#039;immigrazione.<\/p>\n<p><strong>Altri compiti e servizi sono:<\/strong><\/p>\n<ul>\n<li>Permesso di soggiorno elettronico (eAT)<\/li>\n<li>Persona di contatto per l&#039;aiuto ai profughi<\/li>\n<li>permesso di lavoro<\/li>\n<li>iscrizione\u00a0<span class=\"highlight\">e<\/span>\u00a0Sistemazione in Germania<\/li>\n<li>asilo<\/li>\n<li>integrazione<\/li>\n<li>dichiarazione di impegno<\/li>\n<\/ul>\n<h3>Appuntamento all&#039;Ufficio Immigrazione<\/h3>\n<p>Nella maggior parte dei casi \u00e8 possibile fissare un appuntamento telefonicamente, utilizzando il modulo di contatto o tramite il portale dei servizi della rispettiva citt\u00e0. Assicurati di avere tutti i documenti necessari prima di visitare l&#039;Ufficio Immigrazione.<\/p>\n<div class=\"su-note\"  style=\"border-color:#dadbdd;border-radius:2px;-moz-border-radius:2px;-webkit-border-radius:2px;\"><div class=\"su-note-inner su-u-clearfix su-u-trim\" style=\"background-color:#f4f5f7;border-color:#ffffff;color:#333333;border-radius:2px;-moz-border-radius:2px;-webkit-border-radius:2px;\"><strong>Un avviso:<\/strong> Per uffici, autorit\u00e0 o tribunali, di solito sono necessari documenti, certificati o certificati come <a href=\"https:\/\/auslaenderaemter.com\/it\/traduzione-certificata-di-documenti-ufficiali\/\">traduzione giurata<\/a>.<\/div><\/div>\n<ul>\n<li>Con un\u00a0<a href=\"https:\/\/auslaenderaemter.com\/it\/dichiarazione-di-impegno\/\" data-wpel-link=\"internal\">dichiarazione di impegno<\/a>\u00a0puoi consentire ai visitatori dall&#039;estero di entrare in Germania.<\/li>\n<li><strong>Aspetti visitatori dall&#039;estero?<\/strong>\u00a0Con un\u00a0<a href=\"https:\/\/tidd.ly\/3u98xUL\" target=\"_blank\" rel=\"nofollow noopener external noreferrer\" data-wpel-link=\"external\">Assicurazione sanitaria di viaggio per gli ospiti stranieri<\/a>* sei completamente protetto in Germania e in Europa.<\/li>\n<\/ul>\n<h3>Ulteriore <span class=\"ez-toc-section\">autorit\u00e0 per l&#039;immigrazione <\/span>link e fonti<\/h3>\n<ul>\n<li><a href=\"https:\/\/auslaenderaemter.com\/it\/\">Uffici di immigrazione in Germania<\/a><\/li>\n<li><a href=\"https:\/\/www.bamf.de\/DE\/Startseite\/startseite_node.html\" target=\"_blank\" rel=\"noopener nofollow external noreferrer\" data-wpel-link=\"external\">Ufficio federale della migrazione e dei rifugiati<\/a>\u00a0(BAMF)<\/li>\n<\/ul>","protected":false},"excerpt":{"rendered":"<p>Qui troverete informazioni di contatto, indirizzi e orari di apertura degli uffici immigrazione\/autorit\u00e0 per l&#039;immigrazione - in Baviera. Panoramica di tutti gli uffici per l&#039;immigrazione \/ autorit\u00e0 per l&#039;immigrazione in Baviera Aichach Alt\u00f6tting Amberg Ansbach Augsburg Bad Br\u00fcckenau Bad Kissingen Bad Neustadt an der Saale Bad Reichenhall Bad T\u00f6lz Bamberg Bayreuth Bischofsheim nel Rh\u00f6n Cham Coburg Dachau Deggendorf Dillingen an der Donau Dingolfing Donauw\u00f6rth...&nbsp;<a href=\"https:\/\/auslaenderaemter.com\/it\/uffici-immigrazione-in-baviera\/\" rel=\"bookmark\">Per saperne di pi\u00f9 &quot;<span class=\"screen-reader-text\">Uffici Immigrazione in Baviera<\/span><\/a><\/p>","protected":false},"author":1,"featured_media":37,"parent":0,"menu_order":0,"comment_status":"closed","ping_status":"closed","template":"","meta":{"neve_meta_sidebar":"full-width","neve_meta_container":"","neve_meta_enable_content_width":"on","neve_meta_content_width":100,"neve_meta_title_alignment":"","neve_meta_author_avatar":"","neve_post_elements_order":"","neve_meta_disable_header":"","neve_meta_disable_footer":"","neve_meta_disable_title":"","neve_meta_reading_time":"","footnotes":""},"class_list":["post-46","page","type-page","status-publish","has-post-thumbnail","hentry"],"yoast_head":"<!-- This site is optimized with the Yoast SEO plugin v27.3 - https:\/\/yoast.com\/product\/yoast-seo-wordpress\/ -->\n<title>Ausl\u00e4nder\u00e4mter in Bayern | Adresse, Anschrift und Kontakt<\/title>\n<meta name=\"description\" content=\"Ausl\u00e4nder\u00e4mter in Bayern | Adresse und Anschrift \u2713 Telefonnummer, Kontakt und \u00d6ffnungszeiten \u2713 Ausl\u00e4nderbeh\u00f6rden in Deutschland\" \/>\n<meta name=\"robots\" content=\"index, follow, max-snippet:-1, max-image-preview:large, max-video-preview:-1\" \/>\n<link rel=\"canonical\" href=\"https:\/\/auslaenderaemter.com\/it\/uffici-immigrazione-in-baviera\/\" \/>\n<meta property=\"og:locale\" content=\"it_IT\" \/>\n<meta property=\"og:type\" content=\"article\" \/>\n<meta property=\"og:title\" content=\"Ausl\u00e4nder\u00e4mter in Bayern | Adresse, Anschrift und Kontakt\" \/>\n<meta property=\"og:description\" content=\"Ausl\u00e4nder\u00e4mter in Bayern | Adresse und Anschrift \u2713 Telefonnummer, Kontakt und \u00d6ffnungszeiten \u2713 Ausl\u00e4nderbeh\u00f6rden in Deutschland\" \/>\n<meta property=\"og:url\" content=\"https:\/\/auslaenderaemter.com\/it\/uffici-immigrazione-in-baviera\/\" \/>\n<meta property=\"og:site_name\" content=\"auslaenderaemter.com\" \/>\n<meta property=\"article:modified_time\" content=\"2022-07-06T13:41:09+00:00\" \/>\n<meta property=\"og:image\" content=\"https:\/\/auslaenderaemter.com\/wp-content\/uploads\/2021\/01\/city-263069_640.jpg\" \/>\n\t<meta property=\"og:image:width\" content=\"640\" \/>\n\t<meta property=\"og:image:height\" content=\"480\" \/>\n\t<meta property=\"og:image:type\" content=\"image\/jpeg\" \/>\n<meta name=\"twitter:card\" content=\"summary_large_image\" \/>\n<meta name=\"twitter:label1\" content=\"Tempo di lettura stimato\" \/>\n\t<meta name=\"twitter:data1\" content=\"2 minuti\" \/>\n<script type=\"application\/ld+json\" class=\"yoast-schema-graph\">{\"@context\":\"https:\\\/\\\/schema.org\",\"@graph\":[{\"@type\":\"WebPage\",\"@id\":\"https:\\\/\\\/auslaenderaemter.com\\\/auslaenderaemter-in-bayern\\\/\",\"url\":\"https:\\\/\\\/auslaenderaemter.com\\\/auslaenderaemter-in-bayern\\\/\",\"name\":\"Ausl\u00e4nder\u00e4mter in Bayern | Adresse, Anschrift und Kontakt\",\"isPartOf\":{\"@id\":\"https:\\\/\\\/auslaenderaemter.com\\\/#website\"},\"primaryImageOfPage\":{\"@id\":\"https:\\\/\\\/auslaenderaemter.com\\\/auslaenderaemter-in-bayern\\\/#primaryimage\"},\"image\":{\"@id\":\"https:\\\/\\\/auslaenderaemter.com\\\/auslaenderaemter-in-bayern\\\/#primaryimage\"},\"thumbnailUrl\":\"https:\\\/\\\/auslaenderaemter.com\\\/wp-content\\\/uploads\\\/2021\\\/01\\\/city-263069_640.jpg\",\"datePublished\":\"2021-01-26T13:27:58+00:00\",\"dateModified\":\"2022-07-06T13:41:09+00:00\",\"description\":\"Ausl\u00e4nder\u00e4mter in Bayern | Adresse und Anschrift \u2713 Telefonnummer, Kontakt und \u00d6ffnungszeiten \u2713 Ausl\u00e4nderbeh\u00f6rden in Deutschland\",\"breadcrumb\":{\"@id\":\"https:\\\/\\\/auslaenderaemter.com\\\/auslaenderaemter-in-bayern\\\/#breadcrumb\"},\"inLanguage\":\"it-IT\",\"potentialAction\":[{\"@type\":\"ReadAction\",\"target\":[\"https:\\\/\\\/auslaenderaemter.com\\\/auslaenderaemter-in-bayern\\\/\"]}]},{\"@type\":\"ImageObject\",\"inLanguage\":\"it-IT\",\"@id\":\"https:\\\/\\\/auslaenderaemter.com\\\/auslaenderaemter-in-bayern\\\/#primaryimage\",\"url\":\"https:\\\/\\\/auslaenderaemter.com\\\/wp-content\\\/uploads\\\/2021\\\/01\\\/city-263069_640.jpg\",\"contentUrl\":\"https:\\\/\\\/auslaenderaemter.com\\\/wp-content\\\/uploads\\\/2021\\\/01\\\/city-263069_640.jpg\",\"width\":640,\"height\":480,\"caption\":\"Ausl\u00e4nder\u00e4mter in Deutschland\"},{\"@type\":\"BreadcrumbList\",\"@id\":\"https:\\\/\\\/auslaenderaemter.com\\\/auslaenderaemter-in-bayern\\\/#breadcrumb\",\"itemListElement\":[{\"@type\":\"ListItem\",\"position\":1,\"name\":\"Startseite\",\"item\":\"https:\\\/\\\/auslaenderaemter.com\\\/\"},{\"@type\":\"ListItem\",\"position\":2,\"name\":\"Ausl\u00e4nder\u00e4mter in Bayern\"}]},{\"@type\":\"WebSite\",\"@id\":\"https:\\\/\\\/auslaenderaemter.com\\\/#website\",\"url\":\"https:\\\/\\\/auslaenderaemter.com\\\/\",\"name\":\"auslaenderaemter.com\",\"description\":\"\",\"publisher\":{\"@id\":\"https:\\\/\\\/auslaenderaemter.com\\\/#organization\"},\"potentialAction\":[{\"@type\":\"SearchAction\",\"target\":{\"@type\":\"EntryPoint\",\"urlTemplate\":\"https:\\\/\\\/auslaenderaemter.com\\\/?s={search_term_string}\"},\"query-input\":{\"@type\":\"PropertyValueSpecification\",\"valueRequired\":true,\"valueName\":\"search_term_string\"}}],\"inLanguage\":\"it-IT\"},{\"@type\":\"Organization\",\"@id\":\"https:\\\/\\\/auslaenderaemter.com\\\/#organization\",\"name\":\"auslaenderaemter.com\",\"url\":\"https:\\\/\\\/auslaenderaemter.com\\\/\",\"logo\":{\"@type\":\"ImageObject\",\"inLanguage\":\"it-IT\",\"@id\":\"https:\\\/\\\/auslaenderaemter.com\\\/#\\\/schema\\\/logo\\\/image\\\/\",\"url\":\"https:\\\/\\\/auslaenderaemter.com\\\/wp-content\\\/uploads\\\/2021\\\/01\\\/cropped-Vollmond-info-13.png\",\"contentUrl\":\"https:\\\/\\\/auslaenderaemter.com\\\/wp-content\\\/uploads\\\/2021\\\/01\\\/cropped-Vollmond-info-13.png\",\"width\":500,\"height\":117,\"caption\":\"auslaenderaemter.com\"},\"image\":{\"@id\":\"https:\\\/\\\/auslaenderaemter.com\\\/#\\\/schema\\\/logo\\\/image\\\/\"}}]}<\/script>\n<!-- \/ Yoast SEO plugin. -->","yoast_head_json":{"title":"Uffici Immigrazione in Baviera | Indirizzo, indirizzo e contatto","description":"Uffici Immigrazione in Baviera | Indirizzo e indirizzo \u2713 Numero di telefono, contatti e orari di apertura \u2713 Autorit\u00e0 per l&#039;immigrazione in Germania","robots":{"index":"index","follow":"follow","max-snippet":"max-snippet:-1","max-image-preview":"max-image-preview:large","max-video-preview":"max-video-preview:-1"},"canonical":"https:\/\/auslaenderaemter.com\/it\/uffici-immigrazione-in-baviera\/","og_locale":"it_IT","og_type":"article","og_title":"Ausl\u00e4nder\u00e4mter in Bayern | Adresse, Anschrift und Kontakt","og_description":"Ausl\u00e4nder\u00e4mter in Bayern | Adresse und Anschrift \u2713 Telefonnummer, Kontakt und \u00d6ffnungszeiten \u2713 Ausl\u00e4nderbeh\u00f6rden in Deutschland","og_url":"https:\/\/auslaenderaemter.com\/it\/uffici-immigrazione-in-baviera\/","og_site_name":"auslaenderaemter.com","article_modified_time":"2022-07-06T13:41:09+00:00","og_image":[{"width":640,"height":480,"url":"https:\/\/auslaenderaemter.com\/wp-content\/uploads\/2021\/01\/city-263069_640.jpg","type":"image\/jpeg"}],"twitter_card":"summary_large_image","twitter_misc":{"Tempo di lettura stimato":"2 minuti"},"schema":{"@context":"https:\/\/schema.org","@graph":[{"@type":"WebPage","@id":"https:\/\/auslaenderaemter.com\/auslaenderaemter-in-bayern\/","url":"https:\/\/auslaenderaemter.com\/auslaenderaemter-in-bayern\/","name":"Uffici Immigrazione in Baviera | Indirizzo, indirizzo e contatto","isPartOf":{"@id":"https:\/\/auslaenderaemter.com\/#website"},"primaryImageOfPage":{"@id":"https:\/\/auslaenderaemter.com\/auslaenderaemter-in-bayern\/#primaryimage"},"image":{"@id":"https:\/\/auslaenderaemter.com\/auslaenderaemter-in-bayern\/#primaryimage"},"thumbnailUrl":"https:\/\/auslaenderaemter.com\/wp-content\/uploads\/2021\/01\/city-263069_640.jpg","datePublished":"2021-01-26T13:27:58+00:00","dateModified":"2022-07-06T13:41:09+00:00","description":"Uffici Immigrazione in Baviera | Indirizzo e indirizzo \u2713 Numero di telefono, contatti e orari di apertura \u2713 Autorit\u00e0 per l&#039;immigrazione in Germania","breadcrumb":{"@id":"https:\/\/auslaenderaemter.com\/auslaenderaemter-in-bayern\/#breadcrumb"},"inLanguage":"it-IT","potentialAction":[{"@type":"ReadAction","target":["https:\/\/auslaenderaemter.com\/auslaenderaemter-in-bayern\/"]}]},{"@type":"ImageObject","inLanguage":"it-IT","@id":"https:\/\/auslaenderaemter.com\/auslaenderaemter-in-bayern\/#primaryimage","url":"https:\/\/auslaenderaemter.com\/wp-content\/uploads\/2021\/01\/city-263069_640.jpg","contentUrl":"https:\/\/auslaenderaemter.com\/wp-content\/uploads\/2021\/01\/city-263069_640.jpg","width":640,"height":480,"caption":"Ausl\u00e4nder\u00e4mter in Deutschland"},{"@type":"BreadcrumbList","@id":"https:\/\/auslaenderaemter.com\/auslaenderaemter-in-bayern\/#breadcrumb","itemListElement":[{"@type":"ListItem","position":1,"name":"Startseite","item":"https:\/\/auslaenderaemter.com\/"},{"@type":"ListItem","position":2,"name":"Ausl\u00e4nder\u00e4mter in Bayern"}]},{"@type":"WebSite","@id":"https:\/\/auslaenderaemter.com\/#website","url":"https:\/\/auslaenderaemter.com\/","name":"www.auslaenderaemter.com","description":"","publisher":{"@id":"https:\/\/auslaenderaemter.com\/#organization"},"potentialAction":[{"@type":"SearchAction","target":{"@type":"EntryPoint","urlTemplate":"https:\/\/auslaenderaemter.com\/?s={search_term_string}"},"query-input":{"@type":"PropertyValueSpecification","valueRequired":true,"valueName":"search_term_string"}}],"inLanguage":"it-IT"},{"@type":"Organization","@id":"https:\/\/auslaenderaemter.com\/#organization","name":"www.auslaenderaemter.com","url":"https:\/\/auslaenderaemter.com\/","logo":{"@type":"ImageObject","inLanguage":"it-IT","@id":"https:\/\/auslaenderaemter.com\/#\/schema\/logo\/image\/","url":"https:\/\/auslaenderaemter.com\/wp-content\/uploads\/2021\/01\/cropped-Vollmond-info-13.png","contentUrl":"https:\/\/auslaenderaemter.com\/wp-content\/uploads\/2021\/01\/cropped-Vollmond-info-13.png","width":500,"height":117,"caption":"auslaenderaemter.com"},"image":{"@id":"https:\/\/auslaenderaemter.com\/#\/schema\/logo\/image\/"}}]}},"_links":{"self":[{"href":"https:\/\/auslaenderaemter.com\/it\/wp-json\/wp\/v2\/pages\/46","targetHints":{"allow":["GET"]}}],"collection":[{"href":"https:\/\/auslaenderaemter.com\/it\/wp-json\/wp\/v2\/pages"}],"about":[{"href":"https:\/\/auslaenderaemter.com\/it\/wp-json\/wp\/v2\/types\/page"}],"author":[{"embeddable":true,"href":"https:\/\/auslaenderaemter.com\/it\/wp-json\/wp\/v2\/users\/1"}],"replies":[{"embeddable":true,"href":"https:\/\/auslaenderaemter.com\/it\/wp-json\/wp\/v2\/comments?post=46"}],"version-history":[{"count":0,"href":"https:\/\/auslaenderaemter.com\/it\/wp-json\/wp\/v2\/pages\/46\/revisions"}],"wp:featuredmedia":[{"embeddable":true,"href":"https:\/\/auslaenderaemter.com\/it\/wp-json\/wp\/v2\/media\/37"}],"wp:attachment":[{"href":"https:\/\/auslaenderaemter.com\/it\/wp-json\/wp\/v2\/media?parent=46"}],"curies":[{"name":"parola chiave","href":"https:\/\/api.w.org\/{rel}","templated":true}]}}