{"id":50,"date":"2021-01-26T14:32:41","date_gmt":"2021-01-26T13:32:41","guid":{"rendered":"https:\/\/auslaenderaemter.com\/?page_id=50"},"modified":"2022-07-04T18:43:43","modified_gmt":"2022-07-04T16:43:43","slug":"auslaenderaemter-in-bremen","status":"publish","type":"page","link":"https:\/\/auslaenderaemter.com\/it\/uffici-immigrazione-a-brema\/","title":{"rendered":"Uffici Immigrazione a Brema"},"content":{"rendered":"<p><strong>Qui troverai le informazioni di contatto, gli indirizzi e gli orari di apertura degli uffici di immigrazione \/ autorit\u00e0 di immigrazione - a Brema.<\/strong><\/p>\n<h2><span id=\"Uebersicht_aller_Jobcenter_in_Baden-Wuerttemberg\" class=\"ez-toc-section\">Panoramica di tutti gli uffici di immigrazione \/ autorit\u00e0 di immigrazione a Brema<\/span><\/h2>\n<ul>\n<li><a href=\"https:\/\/auslaenderaemter.com\/it\/ufficio-immigrazione-brema\/\">Brema<\/a><\/li>\n<li><a href=\"https:\/\/auslaenderaemter.com\/it\/ufficio-immigrazione-bremerhaven\/\">Bremerhaven<\/a><\/li>\n<\/ul>\n<h3>Compiti delle autorit\u00e0 per l&#039;immigrazione<\/h3>\n<p>Le autorit\u00e0 per l&#039;immigrazione sono responsabili delle misure relative al diritto di soggiorno e ai passaporti. Decidono in base alla legge sulla residenza e alle disposizioni di altre leggi sull&#039;immigrazione.<\/p>\n<p><strong>Altri compiti e servizi sono:<\/strong><\/p>\n<ul>\n<li>Permesso di soggiorno elettronico (eAT)<\/li>\n<li>Persona di contatto per l&#039;aiuto ai profughi<\/li>\n<li>permesso di lavoro<\/li>\n<li>iscrizione\u00a0<span class=\"highlight\">e<\/span>\u00a0Sistemazione in Germania<\/li>\n<li>asilo<\/li>\n<li>integrazione<\/li>\n<li>dichiarazione di impegno<\/li>\n<\/ul>\n<h3>Appuntamento all&#039;Ufficio Immigrazione<\/h3>\n<p>Nella maggior parte dei casi \u00e8 possibile fissare un appuntamento telefonicamente, utilizzando il modulo di contatto o tramite il portale dei servizi della rispettiva citt\u00e0. Assicurati di avere tutti i documenti necessari prima di visitare l&#039;Ufficio Immigrazione.<\/p>\n<div class=\"su-note\"  style=\"border-color:#dadbdd;border-radius:2px;-moz-border-radius:2px;-webkit-border-radius:2px;\"><div class=\"su-note-inner su-u-clearfix su-u-trim\" style=\"background-color:#f4f5f7;border-color:#ffffff;color:#333333;border-radius:2px;-moz-border-radius:2px;-webkit-border-radius:2px;\"><strong>Un avviso:<\/strong> Per uffici, autorit\u00e0 o tribunali, di solito sono necessari documenti, certificati o certificati come <a href=\"https:\/\/auslaenderaemter.com\/it\/traduzione-certificata-di-documenti-ufficiali\/\">traduzione giurata<\/a>.<\/div><\/div>\n<ul>\n<li>Con un\u00a0<a href=\"https:\/\/auslaenderaemter.com\/it\/dichiarazione-di-impegno\/\" data-wpel-link=\"internal\">dichiarazione di impegno<\/a>\u00a0puoi consentire ai visitatori dall&#039;estero di entrare in Germania.<\/li>\n<li><strong>Aspetti visitatori dall&#039;estero?<\/strong>\u00a0Con un\u00a0<a href=\"https:\/\/tidd.ly\/3u98xUL\" target=\"_blank\" rel=\"nofollow noopener external noreferrer\" data-wpel-link=\"external\">Assicurazione sanitaria di viaggio per gli ospiti stranieri<\/a>* sei completamente protetto in Germania e in Europa.<\/li>\n<\/ul>\n<h3>Ulteriore <span class=\"ez-toc-section\">autorit\u00e0 per l&#039;immigrazione <\/span>link e fonti<\/h3>\n<ul>\n<li><a href=\"https:\/\/auslaenderaemter.com\/it\/\">Uffici di immigrazione in Germania<\/a><\/li>\n<li><a href=\"https:\/\/www.bamf.de\/DE\/Startseite\/startseite_node.html\" target=\"_blank\" rel=\"noopener nofollow external noreferrer\" data-wpel-link=\"external\">Ufficio federale della migrazione e dei rifugiati<\/a>\u00a0(BAMF)<\/li>\n<\/ul>","protected":false},"excerpt":{"rendered":"<p>Qui troverai informazioni di contatto, indirizzi e orari di apertura degli uffici immigrazione\/autorit\u00e0 per l&#039;immigrazione - a Brema. Panoramica di tutti gli uffici per l&#039;immigrazione\/autorit\u00e0 per l&#039;immigrazione a Brema Brema Bremerhaven Compiti delle autorit\u00e0 per l&#039;immigrazione Le autorit\u00e0 per l&#039;immigrazione sono competenti per le misure legate al diritto di soggiorno e ai passaporti. Decidi in base al Residence Act e alle disposizioni di altre leggi sull&#039;immigrazione. Altri compiti e servizi includono: Elettronica...&nbsp;<a href=\"https:\/\/auslaenderaemter.com\/it\/uffici-immigrazione-a-brema\/\" rel=\"bookmark\">Per saperne di pi\u00f9 &quot;<span class=\"screen-reader-text\">Uffici Immigrazione a Brema<\/span><\/a><\/p>","protected":false},"author":1,"featured_media":37,"parent":0,"menu_order":0,"comment_status":"closed","ping_status":"closed","template":"","meta":{"neve_meta_sidebar":"full-width","neve_meta_container":"","neve_meta_enable_content_width":"on","neve_meta_content_width":100,"neve_meta_title_alignment":"","neve_meta_author_avatar":"","neve_post_elements_order":"","neve_meta_disable_header":"","neve_meta_disable_footer":"","neve_meta_disable_title":"","neve_meta_reading_time":"","footnotes":""},"class_list":["post-50","page","type-page","status-publish","has-post-thumbnail","hentry"],"yoast_head":"<!-- This site is optimized with the Yoast SEO plugin v27.3 - https:\/\/yoast.com\/product\/yoast-seo-wordpress\/ -->\n<title>Ausl\u00e4nder\u00e4mter in Bremen | Adresse, Anschrift und Kontakt<\/title>\n<meta name=\"description\" content=\"Ausl\u00e4nder\u00e4mter in Bremen | Adresse und Anschrift \u2713 Telefonnummer, Kontakt und \u00d6ffnungszeiten \u2713 Ausl\u00e4nderbeh\u00f6rden in Deutschland\" \/>\n<meta name=\"robots\" content=\"index, follow, max-snippet:-1, max-image-preview:large, max-video-preview:-1\" \/>\n<link rel=\"canonical\" href=\"https:\/\/auslaenderaemter.com\/it\/uffici-immigrazione-a-brema\/\" \/>\n<meta property=\"og:locale\" content=\"it_IT\" \/>\n<meta property=\"og:type\" content=\"article\" \/>\n<meta property=\"og:title\" content=\"Ausl\u00e4nder\u00e4mter in Bremen | Adresse, Anschrift und Kontakt\" \/>\n<meta property=\"og:description\" content=\"Ausl\u00e4nder\u00e4mter in Bremen | Adresse und Anschrift \u2713 Telefonnummer, Kontakt und \u00d6ffnungszeiten \u2713 Ausl\u00e4nderbeh\u00f6rden in Deutschland\" \/>\n<meta property=\"og:url\" content=\"https:\/\/auslaenderaemter.com\/it\/uffici-immigrazione-a-brema\/\" \/>\n<meta property=\"og:site_name\" content=\"auslaenderaemter.com\" \/>\n<meta property=\"article:modified_time\" content=\"2022-07-04T16:43:43+00:00\" \/>\n<meta property=\"og:image\" content=\"https:\/\/auslaenderaemter.com\/wp-content\/uploads\/2021\/01\/city-263069_640.jpg\" \/>\n\t<meta property=\"og:image:width\" content=\"640\" \/>\n\t<meta property=\"og:image:height\" content=\"480\" \/>\n\t<meta property=\"og:image:type\" content=\"image\/jpeg\" \/>\n<meta name=\"twitter:card\" content=\"summary_large_image\" \/>\n<meta name=\"twitter:label1\" content=\"Tempo di lettura stimato\" \/>\n\t<meta name=\"twitter:data1\" content=\"1 minuto\" \/>\n<script type=\"application\/ld+json\" class=\"yoast-schema-graph\">{\"@context\":\"https:\\\/\\\/schema.org\",\"@graph\":[{\"@type\":\"WebPage\",\"@id\":\"https:\\\/\\\/auslaenderaemter.com\\\/auslaenderaemter-in-bremen\\\/\",\"url\":\"https:\\\/\\\/auslaenderaemter.com\\\/auslaenderaemter-in-bremen\\\/\",\"name\":\"Ausl\u00e4nder\u00e4mter in Bremen | Adresse, Anschrift und Kontakt\",\"isPartOf\":{\"@id\":\"https:\\\/\\\/auslaenderaemter.com\\\/#website\"},\"primaryImageOfPage\":{\"@id\":\"https:\\\/\\\/auslaenderaemter.com\\\/auslaenderaemter-in-bremen\\\/#primaryimage\"},\"image\":{\"@id\":\"https:\\\/\\\/auslaenderaemter.com\\\/auslaenderaemter-in-bremen\\\/#primaryimage\"},\"thumbnailUrl\":\"https:\\\/\\\/auslaenderaemter.com\\\/wp-content\\\/uploads\\\/2021\\\/01\\\/city-263069_640.jpg\",\"datePublished\":\"2021-01-26T13:32:41+00:00\",\"dateModified\":\"2022-07-04T16:43:43+00:00\",\"description\":\"Ausl\u00e4nder\u00e4mter in Bremen | Adresse und Anschrift \u2713 Telefonnummer, Kontakt und \u00d6ffnungszeiten \u2713 Ausl\u00e4nderbeh\u00f6rden in Deutschland\",\"breadcrumb\":{\"@id\":\"https:\\\/\\\/auslaenderaemter.com\\\/auslaenderaemter-in-bremen\\\/#breadcrumb\"},\"inLanguage\":\"it-IT\",\"potentialAction\":[{\"@type\":\"ReadAction\",\"target\":[\"https:\\\/\\\/auslaenderaemter.com\\\/auslaenderaemter-in-bremen\\\/\"]}]},{\"@type\":\"ImageObject\",\"inLanguage\":\"it-IT\",\"@id\":\"https:\\\/\\\/auslaenderaemter.com\\\/auslaenderaemter-in-bremen\\\/#primaryimage\",\"url\":\"https:\\\/\\\/auslaenderaemter.com\\\/wp-content\\\/uploads\\\/2021\\\/01\\\/city-263069_640.jpg\",\"contentUrl\":\"https:\\\/\\\/auslaenderaemter.com\\\/wp-content\\\/uploads\\\/2021\\\/01\\\/city-263069_640.jpg\",\"width\":640,\"height\":480,\"caption\":\"Ausl\u00e4nder\u00e4mter in Deutschland\"},{\"@type\":\"BreadcrumbList\",\"@id\":\"https:\\\/\\\/auslaenderaemter.com\\\/auslaenderaemter-in-bremen\\\/#breadcrumb\",\"itemListElement\":[{\"@type\":\"ListItem\",\"position\":1,\"name\":\"Startseite\",\"item\":\"https:\\\/\\\/auslaenderaemter.com\\\/\"},{\"@type\":\"ListItem\",\"position\":2,\"name\":\"Ausl\u00e4nder\u00e4mter in Bremen\"}]},{\"@type\":\"WebSite\",\"@id\":\"https:\\\/\\\/auslaenderaemter.com\\\/#website\",\"url\":\"https:\\\/\\\/auslaenderaemter.com\\\/\",\"name\":\"auslaenderaemter.com\",\"description\":\"\",\"publisher\":{\"@id\":\"https:\\\/\\\/auslaenderaemter.com\\\/#organization\"},\"potentialAction\":[{\"@type\":\"SearchAction\",\"target\":{\"@type\":\"EntryPoint\",\"urlTemplate\":\"https:\\\/\\\/auslaenderaemter.com\\\/?s={search_term_string}\"},\"query-input\":{\"@type\":\"PropertyValueSpecification\",\"valueRequired\":true,\"valueName\":\"search_term_string\"}}],\"inLanguage\":\"it-IT\"},{\"@type\":\"Organization\",\"@id\":\"https:\\\/\\\/auslaenderaemter.com\\\/#organization\",\"name\":\"auslaenderaemter.com\",\"url\":\"https:\\\/\\\/auslaenderaemter.com\\\/\",\"logo\":{\"@type\":\"ImageObject\",\"inLanguage\":\"it-IT\",\"@id\":\"https:\\\/\\\/auslaenderaemter.com\\\/#\\\/schema\\\/logo\\\/image\\\/\",\"url\":\"https:\\\/\\\/auslaenderaemter.com\\\/wp-content\\\/uploads\\\/2021\\\/01\\\/cropped-Vollmond-info-13.png\",\"contentUrl\":\"https:\\\/\\\/auslaenderaemter.com\\\/wp-content\\\/uploads\\\/2021\\\/01\\\/cropped-Vollmond-info-13.png\",\"width\":500,\"height\":117,\"caption\":\"auslaenderaemter.com\"},\"image\":{\"@id\":\"https:\\\/\\\/auslaenderaemter.com\\\/#\\\/schema\\\/logo\\\/image\\\/\"}}]}<\/script>\n<!-- \/ Yoast SEO plugin. -->","yoast_head_json":{"title":"Uffici dell&#039;immigrazione a Brema | Indirizzo, indirizzo e contatto","description":"Uffici dell&#039;immigrazione a Brema | Indirizzo e indirizzo \u2713 Numero di telefono, contatti e orari di apertura \u2713 Autorit\u00e0 per l&#039;immigrazione in Germania","robots":{"index":"index","follow":"follow","max-snippet":"max-snippet:-1","max-image-preview":"max-image-preview:large","max-video-preview":"max-video-preview:-1"},"canonical":"https:\/\/auslaenderaemter.com\/it\/uffici-immigrazione-a-brema\/","og_locale":"it_IT","og_type":"article","og_title":"Ausl\u00e4nder\u00e4mter in Bremen | Adresse, Anschrift und Kontakt","og_description":"Ausl\u00e4nder\u00e4mter in Bremen | Adresse und Anschrift \u2713 Telefonnummer, Kontakt und \u00d6ffnungszeiten \u2713 Ausl\u00e4nderbeh\u00f6rden in Deutschland","og_url":"https:\/\/auslaenderaemter.com\/it\/uffici-immigrazione-a-brema\/","og_site_name":"auslaenderaemter.com","article_modified_time":"2022-07-04T16:43:43+00:00","og_image":[{"width":640,"height":480,"url":"https:\/\/auslaenderaemter.com\/wp-content\/uploads\/2021\/01\/city-263069_640.jpg","type":"image\/jpeg"}],"twitter_card":"summary_large_image","twitter_misc":{"Tempo di lettura stimato":"1 minuto"},"schema":{"@context":"https:\/\/schema.org","@graph":[{"@type":"WebPage","@id":"https:\/\/auslaenderaemter.com\/auslaenderaemter-in-bremen\/","url":"https:\/\/auslaenderaemter.com\/auslaenderaemter-in-bremen\/","name":"Uffici dell&#039;immigrazione a Brema | Indirizzo, indirizzo e contatto","isPartOf":{"@id":"https:\/\/auslaenderaemter.com\/#website"},"primaryImageOfPage":{"@id":"https:\/\/auslaenderaemter.com\/auslaenderaemter-in-bremen\/#primaryimage"},"image":{"@id":"https:\/\/auslaenderaemter.com\/auslaenderaemter-in-bremen\/#primaryimage"},"thumbnailUrl":"https:\/\/auslaenderaemter.com\/wp-content\/uploads\/2021\/01\/city-263069_640.jpg","datePublished":"2021-01-26T13:32:41+00:00","dateModified":"2022-07-04T16:43:43+00:00","description":"Uffici dell&#039;immigrazione a Brema | Indirizzo e indirizzo \u2713 Numero di telefono, contatti e orari di apertura \u2713 Autorit\u00e0 per l&#039;immigrazione in Germania","breadcrumb":{"@id":"https:\/\/auslaenderaemter.com\/auslaenderaemter-in-bremen\/#breadcrumb"},"inLanguage":"it-IT","potentialAction":[{"@type":"ReadAction","target":["https:\/\/auslaenderaemter.com\/auslaenderaemter-in-bremen\/"]}]},{"@type":"ImageObject","inLanguage":"it-IT","@id":"https:\/\/auslaenderaemter.com\/auslaenderaemter-in-bremen\/#primaryimage","url":"https:\/\/auslaenderaemter.com\/wp-content\/uploads\/2021\/01\/city-263069_640.jpg","contentUrl":"https:\/\/auslaenderaemter.com\/wp-content\/uploads\/2021\/01\/city-263069_640.jpg","width":640,"height":480,"caption":"Ausl\u00e4nder\u00e4mter in Deutschland"},{"@type":"BreadcrumbList","@id":"https:\/\/auslaenderaemter.com\/auslaenderaemter-in-bremen\/#breadcrumb","itemListElement":[{"@type":"ListItem","position":1,"name":"Startseite","item":"https:\/\/auslaenderaemter.com\/"},{"@type":"ListItem","position":2,"name":"Ausl\u00e4nder\u00e4mter in Bremen"}]},{"@type":"WebSite","@id":"https:\/\/auslaenderaemter.com\/#website","url":"https:\/\/auslaenderaemter.com\/","name":"www.auslaenderaemter.com","description":"","publisher":{"@id":"https:\/\/auslaenderaemter.com\/#organization"},"potentialAction":[{"@type":"SearchAction","target":{"@type":"EntryPoint","urlTemplate":"https:\/\/auslaenderaemter.com\/?s={search_term_string}"},"query-input":{"@type":"PropertyValueSpecification","valueRequired":true,"valueName":"search_term_string"}}],"inLanguage":"it-IT"},{"@type":"Organization","@id":"https:\/\/auslaenderaemter.com\/#organization","name":"www.auslaenderaemter.com","url":"https:\/\/auslaenderaemter.com\/","logo":{"@type":"ImageObject","inLanguage":"it-IT","@id":"https:\/\/auslaenderaemter.com\/#\/schema\/logo\/image\/","url":"https:\/\/auslaenderaemter.com\/wp-content\/uploads\/2021\/01\/cropped-Vollmond-info-13.png","contentUrl":"https:\/\/auslaenderaemter.com\/wp-content\/uploads\/2021\/01\/cropped-Vollmond-info-13.png","width":500,"height":117,"caption":"auslaenderaemter.com"},"image":{"@id":"https:\/\/auslaenderaemter.com\/#\/schema\/logo\/image\/"}}]}},"_links":{"self":[{"href":"https:\/\/auslaenderaemter.com\/it\/wp-json\/wp\/v2\/pages\/50","targetHints":{"allow":["GET"]}}],"collection":[{"href":"https:\/\/auslaenderaemter.com\/it\/wp-json\/wp\/v2\/pages"}],"about":[{"href":"https:\/\/auslaenderaemter.com\/it\/wp-json\/wp\/v2\/types\/page"}],"author":[{"embeddable":true,"href":"https:\/\/auslaenderaemter.com\/it\/wp-json\/wp\/v2\/users\/1"}],"replies":[{"embeddable":true,"href":"https:\/\/auslaenderaemter.com\/it\/wp-json\/wp\/v2\/comments?post=50"}],"version-history":[{"count":0,"href":"https:\/\/auslaenderaemter.com\/it\/wp-json\/wp\/v2\/pages\/50\/revisions"}],"wp:featuredmedia":[{"embeddable":true,"href":"https:\/\/auslaenderaemter.com\/it\/wp-json\/wp\/v2\/media\/37"}],"wp:attachment":[{"href":"https:\/\/auslaenderaemter.com\/it\/wp-json\/wp\/v2\/media?parent=50"}],"curies":[{"name":"parola chiave","href":"https:\/\/api.w.org\/{rel}","templated":true}]}}