{"id":1859,"date":"2021-02-15T21:52:36","date_gmt":"2021-02-15T20:52:36","guid":{"rendered":"https:\/\/auslaenderaemter.com\/?page_id=1859"},"modified":"2024-10-06T17:04:42","modified_gmt":"2024-10-06T15:04:42","slug":"auslaenderaemter-in-deutschland","status":"publish","type":"page","link":"https:\/\/auslaenderaemter.com\/nl\/","title":{"rendered":"Immigratiekantoren in Duitsland"},"content":{"rendered":"<p>Welkom op onze website auslaenderaemter.com. Onze website geeft u een uitgebreid overzicht van: <strong>contact details<\/strong>, <strong>adressen<\/strong>, <strong>openingstijden<\/strong> en meer informatie van alles <strong>Immigratiekantoren in Duitsland<\/strong>. Dit moet het voor u gemakkelijker maken om uw verantwoordelijke immigratiekantoor te vinden. Neem voor vragen over visa en binnenkomst contact op met uw verantwoordelijke immigratiekantoor. Wij kunnen deze verzoeken niet beantwoorden. Onze website is alleen bedoeld om een overzicht te geven van waar u contact met ons kunt opnemen.<\/p>\n<p><script async src=\"https:\/\/cse.google.com\/cse.js?cx=b1e0ab9caab017756\"><\/script><\/p>\n<div class=\"gcse-search\"><\/div>\n<h3>Selecteer uw staat a.u.b<\/h3>\n<ul>\n<li><a href=\"https:\/\/auslaenderaemter.com\/nl\/immigratiekantoren-in-baden-wuerttemberg\/\">Immigratiekantoren in Baden-W\u00fcrttemberg<\/a><\/li>\n<li><a href=\"https:\/\/auslaenderaemter.com\/nl\/immigratiekantoren-in-beieren\/\">Immigratiekantoren in Beieren<\/a><\/li>\n<li><a href=\"https:\/\/auslaenderaemter.com\/nl\/immigratiekantoren-in-berlijn\/\">Immigratiekantoren in Berlijn<\/a><\/li>\n<li><a href=\"https:\/\/auslaenderaemter.com\/nl\/immigratiekantoren-in-brandenburg\/\">Immigratiekantoren in Brandenburg<\/a><\/li>\n<li><a href=\"https:\/\/auslaenderaemter.com\/nl\/immigratiekantoren-in-bremen\/\">Immigratiekantoren in Bremen<\/a><\/li>\n<li><a href=\"https:\/\/auslaenderaemter.com\/nl\/immigratiekantoren-in-hamburg\/\">Immigratiekantoren in Hamburg<\/a><\/li>\n<li><a href=\"https:\/\/auslaenderaemter.com\/nl\/immigratiekantoren-in-hesse\/\">Immigratiekantoren in Hessen<\/a><\/li>\n<li><a href=\"https:\/\/auslaenderaemter.com\/nl\/immigratiekantoren-in-mecklenburg-vorpommern\/\">Immigratiekantoren in Mecklenburg-Vorpommern<\/a><\/li>\n<li><a href=\"https:\/\/auslaenderaemter.com\/nl\/immigratiekantoren-in-nedersaksen\/\">Immigratiekantoren in Nedersaksen<\/a><\/li>\n<li><a href=\"https:\/\/auslaenderaemter.com\/nl\/immigratiekantoren-in-noordrijn-westphalen\/\">Immigratiekantoren in Noordrijn-Westfalen<\/a><\/li>\n<li><a href=\"https:\/\/auslaenderaemter.com\/nl\/immigratiekantoren-in-rijnland-palts\/\">Immigratiekantoren in Rijnland-Palts<\/a><\/li>\n<li><a href=\"https:\/\/auslaenderaemter.com\/nl\/immigratiebureaus-in-saarland\/\">Immigratiekantoren in Saarland<\/a><\/li>\n<li><a href=\"https:\/\/auslaenderaemter.com\/nl\/immigratiekantoren-in-saksen\/\">Immigratiekantoren in Saksen<\/a><\/li>\n<li><a href=\"https:\/\/auslaenderaemter.com\/nl\/immigratiebureaus-in-saksen-anhalt\/\">Immigratiekantoren in Saksen-Anhalt<\/a><\/li>\n<li><a href=\"https:\/\/auslaenderaemter.com\/nl\/immigratiebureaus-in-schleswig-holstein\/\">Immigratiekantoren in Sleeswijk-Holstein<\/a><\/li>\n<li><a href=\"https:\/\/auslaenderaemter.com\/nl\/immigratiebureaus-in-thueringen\/\">Immigratiekantoren in Th\u00fcringen<\/a><\/li>\n<\/ul>\n<p class=\"LC20lb DKV0Md\">Alle informatie zonder garantie en onder voorbehoud<\/p>\n<h2>Wat is een immigratiekantoor?<\/h2>\n<p>Volgens artikel 71 van de Verblijfswet zijn immigratiebureaus verantwoordelijk voor maatregelen en beslissingen met betrekking tot verblijfs- en paspoortrecht. Zij nemen maatregelen en besluiten over verblijf, tewerkstelling en integratie van buitenlanders in Duitsland.<\/p>\n<p>In Duitsland zijn er meestal immigratiekantoren in elk district of stadsdistrict. Zij zijn belast met de handhaving van het vreemdelingenrecht. Grotere steden die tot een district behoren, kunnen ook hun eigen immigratiediensten hebben - maar dit hangt af van de respectieve federale staat. In Hessen bijvoorbeeld hebben alle steden met 50.000 of meer inwoners een eigen immigratiekantoor.<\/p>\n<h2>Waar zijn immigratiediensten verantwoordelijk voor?<\/h2>\n<p>Immigratieautoriteiten zijn verantwoordelijk voor het afgeven of weigeren van verblijfsvergunningen volgens de relevante verblijfsdoelen van de Verblijfswet, het besluit tot het verlenen van vestigingsvergunningen, het besluit en het eventueel uitvoeren van uitzettingen of uitzettingen.<\/p>\n<p>Daarnaast zet ze naast de juiste <a href=\"https:\/\/auslaenderaemter.com\/nl\/verblijfsvergunning-2\/\">verblijfsvergunningen<\/a> even vervangende paspoortpapieren. Zij beslist over de afgifte van verblijfsvergunningen voor ontheemden - de uitvoering van de asielprocedure als zodanig valt onder de verantwoordelijkheid van het Federaal Bureau voor Migratie en Vluchtelingen (BAMF) - en tolerantie en reisdocumenten voor buitenlanders. Daarnaast wordt er beslist over het bestaan van de wettelijke vereisten voor gezinshereniging. Immigratie-autoriteiten zijn betrokken bij de afgifte van visa.<\/p>\n<p>De immigratiediensten zijn verantwoordelijk voor tal van andere taken. De termijn op verblijfsvergunningen, de weigering van <a href=\"https:\/\/auslaenderaemter.com\/nl\/verblijfsvergunning\/\">verblijfsvergunning<\/a>, het uitvaardigen van bevelen om het land te verlaten in overeenstemming met de Verblijfswet in gevallen waarin de verplichting om het land te verlaten zich voordoet, het verduidelijken van de identiteit van buitenlanders en vele andere taken vallen binnen het werkterrein van de vreemdelingenautoriteiten. Hier is een overzicht van waar de immigratiekantoren in uw district of stad voor verantwoordelijk zijn:<\/p>\n<ul>\n<li>vluchtelingenhulp<\/li>\n<li>asielprocedure<\/li>\n<li>Binnenkomst en verblijf in Duitsland<\/li>\n<li>inburgeringscursus<\/li>\n<li>Medische zorg &amp; kosten<\/li>\n<li>recht op een uitkering<\/li>\n<li>burgerlijke staat<\/li>\n<li>register<\/li>\n<li>sociale zekerheid<\/li>\n<li>accommodatie opties<\/li>\n<li>verbintenisverklaring<\/li>\n<\/ul>\n<h3>Lokale jurisdictie<\/h3>\n<p>De lokale jurisdictie voor een buitenlander is niet geregeld in de federale wet, maar in de aanvullende staatswet. In principe kunt u er echter van uitgaan dat de plaatselijke jurisdictie afhangt van uw gebruikelijke verblijfplaats.<\/p>\n<h3>Hoe is de daadwerkelijke uitvoering van de besluiten in de deelstaten geregeld?<\/h3>\n<p>De immigratieautoriteiten zijn verantwoordelijk voor de handhaving van de bijzondere beslissingen die het verblijf be\u00ebindigen en de negatieve asielbeslissingen van de BAMF. Zij beoordelen de wettelijke vereisten voor het uitzetten van de vreemdeling. Zij registreren vervolgens de juiste vluchten bij de verantwoordelijke autoriteiten. Voor de daadwerkelijke handhaving worden zij vaak gecontroleerd door de desbetreffende rijkspolitie. Een uitzondering is Noordrijn-Westfalen, waar de vreemdelingenautoriteiten, die de status hebben van een bijzondere regelgevende instantie in de zin van 12 OBG, uitzettingen en detentiemaatregelen ( 62 AufenthG) uitvoeren met bepaalde handhavers per Deze hebben dezelfde legitimatie als politieagenten en zijn beveiligd als wetshandhavers via artikel 113 van het Wetboek van Strafrecht.<\/p>\n<p>Iedereen die ge\u00efnteresseerd is in een bezoekers-, Schengen- of studentenvisum is verantwoordelijk voor het indienen van een verbintenisverklaring bij het betreffende immigratiekantoor, afhankelijk van het land van herkomst. Met deze ingediende en ondertekende verklaring verbindt u zich ertoe alle kosten verbonden aan het verblijf van uw bezoeker te dragen. Op auslaenderaemter.com vindt u meer waardevolle informatie over het invullen van een online visum <a href=\"https:\/\/auslaenderaemter.com\/nl\/verzekering-voor-buitenlandse-gasten\/\">Verzekering voor buitenlandse gasten<\/a> en het veiligstellen van de verbintenisverklaring.<\/p>\n<h3 id=\"customheading6\"><strong>Verdere links en bronnen<\/strong><\/h3>\n<ul>\n<li><a href=\"https:\/\/auslaenderaemter.com\/nl\/verbintenisverklaring\/\"><span class=\"teaser__headline-content\">Informatie over de verbintenisverklaring<\/span><\/a><\/li>\n<li><a href=\"https:\/\/www.bamf.de\/DE\/Startseite\/startseite_node.html\" target=\"_blank\" rel=\"noopener\">Federaal Bureau voor Migratie en Vluchtelingen<\/a> (BAMF)<\/li>\n<\/ul>","protected":false},"excerpt":{"rendered":"<p>Welkom op onze website auslaenderaemter.com. Op onze website vindt u een uitgebreid overzicht van contactgegevens, adressen, openingstijden en andere informatie van alle immigratiebureaus in Duitsland. Dit zou het voor u gemakkelijker moeten maken om uw verantwoordelijke immigratiekantoor te vinden. Voor vragen over visa en binnenkomst kunt u contact opnemen met uw verantwoordelijke immigratiedienst. We kunnen deze verzoeken niet accepteren...&nbsp;<a href=\"https:\/\/auslaenderaemter.com\/nl\/\" rel=\"bookmark\">Lees verder \u00bb<span class=\"screen-reader-text\">Immigratiekantoren in Duitsland<\/span><\/a><\/p>","protected":false},"author":1,"featured_media":37,"parent":0,"menu_order":0,"comment_status":"closed","ping_status":"closed","template":"","meta":{"neve_meta_sidebar":"full-width","neve_meta_container":"","neve_meta_enable_content_width":"on","neve_meta_content_width":100,"neve_meta_title_alignment":"","neve_meta_author_avatar":"","neve_post_elements_order":"","neve_meta_disable_header":"","neve_meta_disable_footer":"","neve_meta_disable_title":"","neve_meta_reading_time":"","footnotes":""},"class_list":["post-1859","page","type-page","status-publish","has-post-thumbnail","hentry"],"yoast_head":"<!-- This site is optimized with the Yoast SEO plugin v27.4 - https:\/\/yoast.com\/product\/yoast-seo-wordpress\/ -->\n<title>Ausl\u00e4nder\u00e4mter in Deutschland | Ausl\u00e4nderbeh\u00f6rden<\/title>\n<meta name=\"description\" content=\"Ausl\u00e4nder\u00e4mter in Deutschland | Hier finden Sie alle Kontaktinformationen nach Bundesl\u00e4nder geordnet | Adresse \u260e Telefon \u23f2 \u00d6ffnungszeiten\" \/>\n<meta name=\"robots\" content=\"index, follow, max-snippet:-1, max-image-preview:large, max-video-preview:-1\" \/>\n<link rel=\"canonical\" href=\"https:\/\/auslaenderaemter.com\/nl\/\" \/>\n<meta property=\"og:locale\" content=\"nl_NL\" \/>\n<meta property=\"og:type\" content=\"article\" \/>\n<meta property=\"og:title\" content=\"Ausl\u00e4nder\u00e4mter in Deutschland | Ausl\u00e4nderbeh\u00f6rden\" \/>\n<meta property=\"og:description\" content=\"Ausl\u00e4nder\u00e4mter in Deutschland | Hier finden Sie alle Kontaktinformationen nach Bundesl\u00e4nder geordnet | Adresse \u260e Telefon \u23f2 \u00d6ffnungszeiten\" \/>\n<meta property=\"og:url\" content=\"https:\/\/auslaenderaemter.com\/nl\/\" \/>\n<meta property=\"og:site_name\" content=\"auslaenderaemter.com\" \/>\n<meta property=\"article:modified_time\" content=\"2024-10-06T15:04:42+00:00\" \/>\n<meta property=\"og:image\" content=\"https:\/\/auslaenderaemter.com\/wp-content\/uploads\/2021\/01\/city-263069_640.jpg\" \/>\n\t<meta property=\"og:image:width\" content=\"640\" \/>\n\t<meta property=\"og:image:height\" content=\"480\" \/>\n\t<meta property=\"og:image:type\" content=\"image\/jpeg\" \/>\n<meta name=\"twitter:card\" content=\"summary_large_image\" \/>\n<meta name=\"twitter:label1\" content=\"Geschatte leestijd\" \/>\n\t<meta name=\"twitter:data1\" content=\"4 minuten\" \/>\n<script type=\"application\/ld+json\" class=\"yoast-schema-graph\">{\"@context\":\"https:\\\/\\\/schema.org\",\"@graph\":[{\"@type\":\"WebPage\",\"@id\":\"https:\\\/\\\/auslaenderaemter.com\\\/\",\"url\":\"https:\\\/\\\/auslaenderaemter.com\\\/\",\"name\":\"Ausl\u00e4nder\u00e4mter in Deutschland | Ausl\u00e4nderbeh\u00f6rden\",\"isPartOf\":{\"@id\":\"https:\\\/\\\/auslaenderaemter.com\\\/#website\"},\"primaryImageOfPage\":{\"@id\":\"https:\\\/\\\/auslaenderaemter.com\\\/#primaryimage\"},\"image\":{\"@id\":\"https:\\\/\\\/auslaenderaemter.com\\\/#primaryimage\"},\"thumbnailUrl\":\"https:\\\/\\\/auslaenderaemter.com\\\/wp-content\\\/uploads\\\/2021\\\/01\\\/city-263069_640.jpg\",\"datePublished\":\"2021-02-15T20:52:36+00:00\",\"dateModified\":\"2024-10-06T15:04:42+00:00\",\"description\":\"Ausl\u00e4nder\u00e4mter in Deutschland | Hier finden Sie alle Kontaktinformationen nach Bundesl\u00e4nder geordnet | Adresse \u260e Telefon \u23f2 \u00d6ffnungszeiten\",\"breadcrumb\":{\"@id\":\"https:\\\/\\\/auslaenderaemter.com\\\/#breadcrumb\"},\"inLanguage\":\"nl-NL\",\"potentialAction\":[{\"@type\":\"ReadAction\",\"target\":[\"https:\\\/\\\/auslaenderaemter.com\\\/\"]}]},{\"@type\":\"ImageObject\",\"inLanguage\":\"nl-NL\",\"@id\":\"https:\\\/\\\/auslaenderaemter.com\\\/#primaryimage\",\"url\":\"https:\\\/\\\/auslaenderaemter.com\\\/wp-content\\\/uploads\\\/2021\\\/01\\\/city-263069_640.jpg\",\"contentUrl\":\"https:\\\/\\\/auslaenderaemter.com\\\/wp-content\\\/uploads\\\/2021\\\/01\\\/city-263069_640.jpg\",\"width\":640,\"height\":480,\"caption\":\"Ausl\u00e4nder\u00e4mter in Deutschland\"},{\"@type\":\"BreadcrumbList\",\"@id\":\"https:\\\/\\\/auslaenderaemter.com\\\/#breadcrumb\",\"itemListElement\":[{\"@type\":\"ListItem\",\"position\":1,\"name\":\"Startseite\",\"item\":\"https:\\\/\\\/auslaenderaemter.com\\\/\"},{\"@type\":\"ListItem\",\"position\":2,\"name\":\"Ausl\u00e4nder\u00e4mter in Deutschland\"}]},{\"@type\":\"WebSite\",\"@id\":\"https:\\\/\\\/auslaenderaemter.com\\\/#website\",\"url\":\"https:\\\/\\\/auslaenderaemter.com\\\/\",\"name\":\"auslaenderaemter.com\",\"description\":\"\",\"publisher\":{\"@id\":\"https:\\\/\\\/auslaenderaemter.com\\\/#organization\"},\"potentialAction\":[{\"@type\":\"SearchAction\",\"target\":{\"@type\":\"EntryPoint\",\"urlTemplate\":\"https:\\\/\\\/auslaenderaemter.com\\\/?s={search_term_string}\"},\"query-input\":{\"@type\":\"PropertyValueSpecification\",\"valueRequired\":true,\"valueName\":\"search_term_string\"}}],\"inLanguage\":\"nl-NL\"},{\"@type\":\"Organization\",\"@id\":\"https:\\\/\\\/auslaenderaemter.com\\\/#organization\",\"name\":\"auslaenderaemter.com\",\"url\":\"https:\\\/\\\/auslaenderaemter.com\\\/\",\"logo\":{\"@type\":\"ImageObject\",\"inLanguage\":\"nl-NL\",\"@id\":\"https:\\\/\\\/auslaenderaemter.com\\\/#\\\/schema\\\/logo\\\/image\\\/\",\"url\":\"https:\\\/\\\/auslaenderaemter.com\\\/wp-content\\\/uploads\\\/2021\\\/01\\\/cropped-Vollmond-info-13.png\",\"contentUrl\":\"https:\\\/\\\/auslaenderaemter.com\\\/wp-content\\\/uploads\\\/2021\\\/01\\\/cropped-Vollmond-info-13.png\",\"width\":500,\"height\":117,\"caption\":\"auslaenderaemter.com\"},\"image\":{\"@id\":\"https:\\\/\\\/auslaenderaemter.com\\\/#\\\/schema\\\/logo\\\/image\\\/\"}}]}<\/script>\n<!-- \/ Yoast SEO plugin. -->","yoast_head_json":{"title":"Immigratiekantoren in Duitsland | immigratie-autoriteiten","description":"Immigratiekantoren in Duitsland | Hier vindt u alle contactgegevens gesorteerd op deelstaat | Adres \u260e Telefoon \u23f2 Openingstijden","robots":{"index":"index","follow":"follow","max-snippet":"max-snippet:-1","max-image-preview":"max-image-preview:large","max-video-preview":"max-video-preview:-1"},"canonical":"https:\/\/auslaenderaemter.com\/nl\/","og_locale":"nl_NL","og_type":"article","og_title":"Ausl\u00e4nder\u00e4mter in Deutschland | Ausl\u00e4nderbeh\u00f6rden","og_description":"Ausl\u00e4nder\u00e4mter in Deutschland | Hier finden Sie alle Kontaktinformationen nach Bundesl\u00e4nder geordnet | Adresse \u260e Telefon \u23f2 \u00d6ffnungszeiten","og_url":"https:\/\/auslaenderaemter.com\/nl\/","og_site_name":"auslaenderaemter.com","article_modified_time":"2024-10-06T15:04:42+00:00","og_image":[{"width":640,"height":480,"url":"https:\/\/auslaenderaemter.com\/wp-content\/uploads\/2021\/01\/city-263069_640.jpg","type":"image\/jpeg"}],"twitter_card":"summary_large_image","twitter_misc":{"Geschatte leestijd":"4 minuten"},"schema":{"@context":"https:\/\/schema.org","@graph":[{"@type":"WebPage","@id":"https:\/\/auslaenderaemter.com\/","url":"https:\/\/auslaenderaemter.com\/","name":"Immigratiekantoren in Duitsland | immigratie-autoriteiten","isPartOf":{"@id":"https:\/\/auslaenderaemter.com\/#website"},"primaryImageOfPage":{"@id":"https:\/\/auslaenderaemter.com\/#primaryimage"},"image":{"@id":"https:\/\/auslaenderaemter.com\/#primaryimage"},"thumbnailUrl":"https:\/\/auslaenderaemter.com\/wp-content\/uploads\/2021\/01\/city-263069_640.jpg","datePublished":"2021-02-15T20:52:36+00:00","dateModified":"2024-10-06T15:04:42+00:00","description":"Immigratiekantoren in Duitsland | Hier vindt u alle contactgegevens gesorteerd op deelstaat | Adres \u260e Telefoon \u23f2 Openingstijden","breadcrumb":{"@id":"https:\/\/auslaenderaemter.com\/#breadcrumb"},"inLanguage":"nl-NL","potentialAction":[{"@type":"ReadAction","target":["https:\/\/auslaenderaemter.com\/"]}]},{"@type":"ImageObject","inLanguage":"nl-NL","@id":"https:\/\/auslaenderaemter.com\/#primaryimage","url":"https:\/\/auslaenderaemter.com\/wp-content\/uploads\/2021\/01\/city-263069_640.jpg","contentUrl":"https:\/\/auslaenderaemter.com\/wp-content\/uploads\/2021\/01\/city-263069_640.jpg","width":640,"height":480,"caption":"Ausl\u00e4nder\u00e4mter in Deutschland"},{"@type":"BreadcrumbList","@id":"https:\/\/auslaenderaemter.com\/#breadcrumb","itemListElement":[{"@type":"ListItem","position":1,"name":"Startseite","item":"https:\/\/auslaenderaemter.com\/"},{"@type":"ListItem","position":2,"name":"Ausl\u00e4nder\u00e4mter in Deutschland"}]},{"@type":"WebSite","@id":"https:\/\/auslaenderaemter.com\/#website","url":"https:\/\/auslaenderaemter.com\/","name":"auslaenderaemter.com","description":"","publisher":{"@id":"https:\/\/auslaenderaemter.com\/#organization"},"potentialAction":[{"@type":"SearchAction","target":{"@type":"EntryPoint","urlTemplate":"https:\/\/auslaenderaemter.com\/?s={search_term_string}"},"query-input":{"@type":"PropertyValueSpecification","valueRequired":true,"valueName":"search_term_string"}}],"inLanguage":"nl-NL"},{"@type":"Organization","@id":"https:\/\/auslaenderaemter.com\/#organization","name":"auslaenderaemter.com","url":"https:\/\/auslaenderaemter.com\/","logo":{"@type":"ImageObject","inLanguage":"nl-NL","@id":"https:\/\/auslaenderaemter.com\/#\/schema\/logo\/image\/","url":"https:\/\/auslaenderaemter.com\/wp-content\/uploads\/2021\/01\/cropped-Vollmond-info-13.png","contentUrl":"https:\/\/auslaenderaemter.com\/wp-content\/uploads\/2021\/01\/cropped-Vollmond-info-13.png","width":500,"height":117,"caption":"auslaenderaemter.com"},"image":{"@id":"https:\/\/auslaenderaemter.com\/#\/schema\/logo\/image\/"}}]}},"_links":{"self":[{"href":"https:\/\/auslaenderaemter.com\/nl\/wp-json\/wp\/v2\/pages\/1859","targetHints":{"allow":["GET"]}}],"collection":[{"href":"https:\/\/auslaenderaemter.com\/nl\/wp-json\/wp\/v2\/pages"}],"about":[{"href":"https:\/\/auslaenderaemter.com\/nl\/wp-json\/wp\/v2\/types\/page"}],"author":[{"embeddable":true,"href":"https:\/\/auslaenderaemter.com\/nl\/wp-json\/wp\/v2\/users\/1"}],"replies":[{"embeddable":true,"href":"https:\/\/auslaenderaemter.com\/nl\/wp-json\/wp\/v2\/comments?post=1859"}],"version-history":[{"count":0,"href":"https:\/\/auslaenderaemter.com\/nl\/wp-json\/wp\/v2\/pages\/1859\/revisions"}],"wp:featuredmedia":[{"embeddable":true,"href":"https:\/\/auslaenderaemter.com\/nl\/wp-json\/wp\/v2\/media\/37"}],"wp:attachment":[{"href":"https:\/\/auslaenderaemter.com\/nl\/wp-json\/wp\/v2\/media?parent=1859"}],"curies":[{"name":"wp","href":"https:\/\/api.w.org\/{rel}","templated":true}]}}