{"id":3081,"date":"2021-02-24T00:10:55","date_gmt":"2021-02-23T23:10:55","guid":{"rendered":"https:\/\/auslaenderaemter.com\/?page_id=3081"},"modified":"2021-03-15T21:48:15","modified_gmt":"2021-03-15T20:48:15","slug":"versicherungen-fuer-auslaendische-gaeste","status":"publish","type":"page","link":"https:\/\/auslaenderaemter.com\/nl\/verzekering-voor-buitenlandse-gasten\/","title":{"rendered":"Verzekering voor buitenlandse gasten"},"content":{"rendered":"<p><img fetchpriority=\"high\" decoding=\"async\" class=\"aligncenter wp-image-3087 size-full\" src=\"https:\/\/auslaenderaemter.com\/wp-content\/uploads\/2021\/02\/couple-1030744_640.jpg\" alt=\"Verzekering voor buitenlandse gasten\" width=\"640\" height=\"426\" srcset=\"https:\/\/auslaenderaemter.com\/wp-content\/uploads\/2021\/02\/couple-1030744_640.jpg 640w, https:\/\/auslaenderaemter.com\/wp-content\/uploads\/2021\/02\/couple-1030744_640-300x200.jpg 300w\" sizes=\"(max-width: 640px) 100vw, 640px\" \/><\/p>\n<p>Als <strong>vakantiegangers<\/strong>, <strong>taal student<\/strong>, <strong>professioneel personeel<\/strong> of <strong>universiteitsstudent<\/strong> \u2013 buitenlandse gasten in Duitsland en Europa hebben er een nodig <strong>Medische reisverzekering<\/strong>, die voldoen aan de eisen van de Europese Unie om een <strong>Visa<\/strong> toegekend te krijgen.<\/p>\n<p>Natuurlijk beschermt niet alleen de internationale zorgverzekering tegen dure kosten, maar ook de reisongevallenverzekering. Het afsluiten van een nood-, bagage- en aansprakelijkheidsverzekering is ook een duidelijk voordeel als u een langer verblijf in Duitsland plant. Wij raden een alles-in-\u00e9\u00e9n verzekering aan die u een betrouwbare bescherming biedt voor uw verblijf in Duitsland.<\/p>\n<h2>Ben ik tijdens mijn vakantie niet gedekt door de wettelijke zorgverzekering?<\/h2>\n<p>De veronderstelling is dichtbij, maar het komt <strong>wettelijke ziektekostenverzekering<\/strong> voor ziektes in het buitenland <strong>niet of alleen beperkt tot<\/strong>. U moet daarom voor uw verblijf in Duitsland een verzekering voor buitenlandse gasten afsluiten.<\/p>\n<h2>Reisziektekostenverzekering voor bezoekers<\/h2>\n<p>Een verzekering voor buitenlandse gasten beschermt u tegen hoge kosten en stelt uw verblijf in Duitsland veilig. Het gaat vaak sneller dan je denkt: E\u00e9n verkeerde stap op de wandeling, een ziekte of verlies\/diefstal van je eigen bagage en ineens sta je voor immens hoge kosten. Behandeling en repatri\u00ebring van een gebroken been kost al snel een paar duizend euro. Als u een verzekering voor buitenlandse gasten heeft afgesloten, kunt u zich de hoge kosten besparen. Er zijn echter een aantal punten waar u op moet letten bij het afsluiten van een verzekering voor buitenlandse gasten.<\/p>\n<h2>Waar moet ik op letten bij het afsluiten van een verzekering voor buitenlandse gasten?<\/h2>\n<p><strong>Een goede verzekering voor buitenlandse gasten kenmerkt zich door de volgende punten:<\/strong><\/p>\n<ul>\n<li>Verzekering voor buitenlandse gasten voldoet aan EU-eisen<\/li>\n<li>Uitgebreide bescherming tegen veel risico&#039;s<\/li>\n<li>Breed scala aan diensten<\/li>\n<li>Verzekering voor buitenlandse gasten zonder eigen risico<\/li>\n<li>Medisch verantwoord retourtransport is gedekt<\/li>\n<\/ul>\n<h3>Verschil tussen reisziektekostenverzekering en internationale ziektekostenverzekering<\/h3>\n<p>Het belangrijkste verschil tussen een reisziektekostenverzekering en een internationale ziektekostenverzekering <strong>hangt af van de reistijd<\/strong>. Reisziektekostenverzekering is vooral de moeite waard voor vakanties <strong>tot ongeveer 8 weken<\/strong>. Als u echter een lange reis plant, is een internationale ziektekostenverzekering aan te raden.<\/p>\n<h3>Onze aanbeveling: verzekering voor buitenlandse gasten in Duitsland van Hansemerkur<\/h3>\n<p>Verzekeringen voor buitenlandse gasten beschermen u tegen hoge kosten tijdens uw verblijf in Duitsland. Zeker als u een lange reis plant, is het verstandig om een verzekering af te sluiten. Of het nu gaat om een uitwisselingssemester, een langdurige stage of een lang bezoek aan familieleden - we raden ze aan <a href=\"https:\/\/tidd.ly\/3u98xUL\">Verzekering voor buitenlandse gasten tot 5 jaar vanaf Hansemerkur<\/a>*.<\/p>\n<p>Een verzekering voor buitenlandse gasten is een van de belangrijkste bagagestukken voor uw verblijf in Duitsland. Hansemerkur bezoekersverzekering beschermt u <strong>tot 5 jaar<\/strong> tegen hoge kosten. We raden aan om de internationale ziektekostenverzekering uit te breiden met een reisongevallenverzekering, een reisaansprakelijkheidsverzekering, een reisnoodverzekering en een reisbagageverzekering, zodat u kunt genieten van een bijzonder uitgebreide verzekeringsdekking.<\/p>\n<p>De verzekering van Hansemerkur voor buitenlandse gasten is geschikt voor een langdurig verblijf van maximaal 5 jaar in Duitsland. Hansemerkur kenmerkt zich door absolute kostentransparantie. Tijdelijke contracten zijn ook mogelijk. Als u bijvoorbeeld kiest voor de &quot;Tarif Profi&quot;, krijgt u een internationale ziektekostenverzekering, reisongevallenverzekering, reisaansprakelijkheidsverzekering, reisnoodverzekering en reisbagageverzekering in \u00e9\u00e9n. U kunt natuurlijk ook kiezen voor het tarief &quot;Basic&quot;, waarin alle verzekeringen voor buitenlandse gasten zijn inbegrepen, behalve de bagageverzekering. De verzekeringen voor buitenlandse gasten voldoen aan de eisen van de EU.<\/p>\n<p><!-- START ADVERTISER: HanseMerkur Versicherungsgruppe DE from awin.com --><\/p>\n<p><a href=\"https:\/\/www.awin1.com\/cread.php?s=2616553&amp;v=11705&amp;q=386611&amp;r=384383\"><br \/>\n<img decoding=\"async\" src=\"https:\/\/www.awin1.com\/cshow.php?s=2616553&amp;v=11705&amp;q=386611&amp;r=384383\" border=\"0\" \/><br \/>\n<\/a><\/p>\n<h3>Verder<span class=\"ez-toc-section\">\u00a0<\/span>links en bronnen<\/h3>\n<ul>\n<li><a href=\"https:\/\/auslaenderaemter.com\/nl\/verbintenisverklaring\/\">Verbintenisverklaring voor buitenlandse bezoekers<\/a><\/li>\n<li><a href=\"https:\/\/auslaenderaemter.com\/nl\/\">Immigratiekantoren in Duitsland<\/a><\/li>\n<\/ul>","protected":false},"excerpt":{"rendered":"<p>Of het nu vakantiegangers, taalstudenten, gespecialiseerd personeel of studenten zijn: buitenlandse gasten in Duitsland en Europa hebben een reisziektekostenverzekering nodig die voldoet aan de eisen van de Europese Unie om een visum te kunnen krijgen. Natuurlijk beschermt niet alleen een internationale ziektekostenverzekering tegen dure kosten, maar ook een reisongevallenverzekering. Ook het afsluiten van een nood-, bagage- en aansprakelijkheidsverzekering is een duidelijk voordeel wanneer\u2026&nbsp;<a href=\"https:\/\/auslaenderaemter.com\/nl\/verzekering-voor-buitenlandse-gasten\/\" rel=\"bookmark\">Lees verder \u00bb<span class=\"screen-reader-text\">Verzekering voor buitenlandse gasten<\/span><\/a><\/p>","protected":false},"author":1,"featured_media":3087,"parent":0,"menu_order":0,"comment_status":"closed","ping_status":"closed","template":"","meta":{"neve_meta_sidebar":"full-width","neve_meta_container":"","neve_meta_enable_content_width":"on","neve_meta_content_width":100,"neve_meta_title_alignment":"","neve_meta_author_avatar":"","neve_post_elements_order":"","neve_meta_disable_header":"","neve_meta_disable_footer":"","neve_meta_disable_title":"","neve_meta_reading_time":"","footnotes":""},"class_list":["post-3081","page","type-page","status-publish","has-post-thumbnail","hentry"],"yoast_head":"<!-- This site is optimized with the Yoast SEO plugin v27.4 - https:\/\/yoast.com\/product\/yoast-seo-wordpress\/ -->\n<title>Versicherung f\u00fcr ausl\u00e4ndische G\u00e4ste in Deutschland<\/title>\n<meta name=\"description\" content=\"Versicherungen f\u00fcr ausl\u00e4ndische G\u00e4ste bewahren Sie vor hohen Kosten und sichern Ihren Aufenthalt in Deutschland ab.\" \/>\n<meta name=\"robots\" content=\"index, follow, max-snippet:-1, max-image-preview:large, max-video-preview:-1\" \/>\n<link rel=\"canonical\" href=\"https:\/\/auslaenderaemter.com\/nl\/verzekering-voor-buitenlandse-gasten\/\" \/>\n<meta property=\"og:locale\" content=\"nl_NL\" \/>\n<meta property=\"og:type\" content=\"article\" \/>\n<meta property=\"og:title\" content=\"Versicherung f\u00fcr ausl\u00e4ndische G\u00e4ste in Deutschland\" \/>\n<meta property=\"og:description\" content=\"Versicherungen f\u00fcr ausl\u00e4ndische G\u00e4ste bewahren Sie vor hohen Kosten und sichern Ihren Aufenthalt in Deutschland ab.\" \/>\n<meta property=\"og:url\" content=\"https:\/\/auslaenderaemter.com\/nl\/verzekering-voor-buitenlandse-gasten\/\" \/>\n<meta property=\"og:site_name\" content=\"auslaenderaemter.com\" \/>\n<meta property=\"article:modified_time\" content=\"2021-03-15T20:48:15+00:00\" \/>\n<meta property=\"og:image\" content=\"https:\/\/auslaenderaemter.com\/wp-content\/uploads\/2021\/02\/couple-1030744_640.jpg\" \/>\n\t<meta property=\"og:image:width\" content=\"640\" \/>\n\t<meta property=\"og:image:height\" content=\"426\" \/>\n\t<meta property=\"og:image:type\" content=\"image\/jpeg\" \/>\n<meta name=\"twitter:card\" content=\"summary_large_image\" \/>\n<meta name=\"twitter:label1\" content=\"Geschatte leestijd\" \/>\n\t<meta name=\"twitter:data1\" content=\"3 minuten\" \/>\n<script type=\"application\/ld+json\" class=\"yoast-schema-graph\">{\"@context\":\"https:\\\/\\\/schema.org\",\"@graph\":[{\"@type\":\"WebPage\",\"@id\":\"https:\\\/\\\/auslaenderaemter.com\\\/versicherungen-fuer-auslaendische-gaeste\\\/\",\"url\":\"https:\\\/\\\/auslaenderaemter.com\\\/versicherungen-fuer-auslaendische-gaeste\\\/\",\"name\":\"Versicherung f\u00fcr ausl\u00e4ndische G\u00e4ste in Deutschland\",\"isPartOf\":{\"@id\":\"https:\\\/\\\/auslaenderaemter.com\\\/#website\"},\"primaryImageOfPage\":{\"@id\":\"https:\\\/\\\/auslaenderaemter.com\\\/versicherungen-fuer-auslaendische-gaeste\\\/#primaryimage\"},\"image\":{\"@id\":\"https:\\\/\\\/auslaenderaemter.com\\\/versicherungen-fuer-auslaendische-gaeste\\\/#primaryimage\"},\"thumbnailUrl\":\"https:\\\/\\\/auslaenderaemter.com\\\/wp-content\\\/uploads\\\/2021\\\/02\\\/couple-1030744_640.jpg\",\"datePublished\":\"2021-02-23T23:10:55+00:00\",\"dateModified\":\"2021-03-15T20:48:15+00:00\",\"description\":\"Versicherungen f\u00fcr ausl\u00e4ndische G\u00e4ste bewahren Sie vor hohen Kosten und sichern Ihren Aufenthalt in Deutschland ab.\",\"breadcrumb\":{\"@id\":\"https:\\\/\\\/auslaenderaemter.com\\\/versicherungen-fuer-auslaendische-gaeste\\\/#breadcrumb\"},\"inLanguage\":\"nl-NL\",\"potentialAction\":[{\"@type\":\"ReadAction\",\"target\":[\"https:\\\/\\\/auslaenderaemter.com\\\/versicherungen-fuer-auslaendische-gaeste\\\/\"]}]},{\"@type\":\"ImageObject\",\"inLanguage\":\"nl-NL\",\"@id\":\"https:\\\/\\\/auslaenderaemter.com\\\/versicherungen-fuer-auslaendische-gaeste\\\/#primaryimage\",\"url\":\"https:\\\/\\\/auslaenderaemter.com\\\/wp-content\\\/uploads\\\/2021\\\/02\\\/couple-1030744_640.jpg\",\"contentUrl\":\"https:\\\/\\\/auslaenderaemter.com\\\/wp-content\\\/uploads\\\/2021\\\/02\\\/couple-1030744_640.jpg\",\"width\":640,\"height\":426,\"caption\":\"Versicherung f\u00fcr ausl\u00e4ndische G\u00e4ste\"},{\"@type\":\"BreadcrumbList\",\"@id\":\"https:\\\/\\\/auslaenderaemter.com\\\/versicherungen-fuer-auslaendische-gaeste\\\/#breadcrumb\",\"itemListElement\":[{\"@type\":\"ListItem\",\"position\":1,\"name\":\"Startseite\",\"item\":\"https:\\\/\\\/auslaenderaemter.com\\\/\"},{\"@type\":\"ListItem\",\"position\":2,\"name\":\"Versicherungen f\u00fcr ausl\u00e4ndische G\u00e4ste\"}]},{\"@type\":\"WebSite\",\"@id\":\"https:\\\/\\\/auslaenderaemter.com\\\/#website\",\"url\":\"https:\\\/\\\/auslaenderaemter.com\\\/\",\"name\":\"auslaenderaemter.com\",\"description\":\"\",\"publisher\":{\"@id\":\"https:\\\/\\\/auslaenderaemter.com\\\/#organization\"},\"potentialAction\":[{\"@type\":\"SearchAction\",\"target\":{\"@type\":\"EntryPoint\",\"urlTemplate\":\"https:\\\/\\\/auslaenderaemter.com\\\/?s={search_term_string}\"},\"query-input\":{\"@type\":\"PropertyValueSpecification\",\"valueRequired\":true,\"valueName\":\"search_term_string\"}}],\"inLanguage\":\"nl-NL\"},{\"@type\":\"Organization\",\"@id\":\"https:\\\/\\\/auslaenderaemter.com\\\/#organization\",\"name\":\"auslaenderaemter.com\",\"url\":\"https:\\\/\\\/auslaenderaemter.com\\\/\",\"logo\":{\"@type\":\"ImageObject\",\"inLanguage\":\"nl-NL\",\"@id\":\"https:\\\/\\\/auslaenderaemter.com\\\/#\\\/schema\\\/logo\\\/image\\\/\",\"url\":\"https:\\\/\\\/auslaenderaemter.com\\\/wp-content\\\/uploads\\\/2021\\\/01\\\/cropped-Vollmond-info-13.png\",\"contentUrl\":\"https:\\\/\\\/auslaenderaemter.com\\\/wp-content\\\/uploads\\\/2021\\\/01\\\/cropped-Vollmond-info-13.png\",\"width\":500,\"height\":117,\"caption\":\"auslaenderaemter.com\"},\"image\":{\"@id\":\"https:\\\/\\\/auslaenderaemter.com\\\/#\\\/schema\\\/logo\\\/image\\\/\"}}]}<\/script>\n<!-- \/ Yoast SEO plugin. -->","yoast_head_json":{"title":"Verzekering voor buitenlandse gasten in Duitsland","description":"Een verzekering voor buitenlandse gasten beschermt u tegen hoge kosten en stelt uw verblijf in Duitsland veilig.","robots":{"index":"index","follow":"follow","max-snippet":"max-snippet:-1","max-image-preview":"max-image-preview:large","max-video-preview":"max-video-preview:-1"},"canonical":"https:\/\/auslaenderaemter.com\/nl\/verzekering-voor-buitenlandse-gasten\/","og_locale":"nl_NL","og_type":"article","og_title":"Versicherung f\u00fcr ausl\u00e4ndische G\u00e4ste in Deutschland","og_description":"Versicherungen f\u00fcr ausl\u00e4ndische G\u00e4ste bewahren Sie vor hohen Kosten und sichern Ihren Aufenthalt in Deutschland ab.","og_url":"https:\/\/auslaenderaemter.com\/nl\/verzekering-voor-buitenlandse-gasten\/","og_site_name":"auslaenderaemter.com","article_modified_time":"2021-03-15T20:48:15+00:00","og_image":[{"width":640,"height":426,"url":"https:\/\/auslaenderaemter.com\/wp-content\/uploads\/2021\/02\/couple-1030744_640.jpg","type":"image\/jpeg"}],"twitter_card":"summary_large_image","twitter_misc":{"Geschatte leestijd":"3 minuten"},"schema":{"@context":"https:\/\/schema.org","@graph":[{"@type":"WebPage","@id":"https:\/\/auslaenderaemter.com\/versicherungen-fuer-auslaendische-gaeste\/","url":"https:\/\/auslaenderaemter.com\/versicherungen-fuer-auslaendische-gaeste\/","name":"Verzekering voor buitenlandse gasten in Duitsland","isPartOf":{"@id":"https:\/\/auslaenderaemter.com\/#website"},"primaryImageOfPage":{"@id":"https:\/\/auslaenderaemter.com\/versicherungen-fuer-auslaendische-gaeste\/#primaryimage"},"image":{"@id":"https:\/\/auslaenderaemter.com\/versicherungen-fuer-auslaendische-gaeste\/#primaryimage"},"thumbnailUrl":"https:\/\/auslaenderaemter.com\/wp-content\/uploads\/2021\/02\/couple-1030744_640.jpg","datePublished":"2021-02-23T23:10:55+00:00","dateModified":"2021-03-15T20:48:15+00:00","description":"Een verzekering voor buitenlandse gasten beschermt u tegen hoge kosten en stelt uw verblijf in Duitsland veilig.","breadcrumb":{"@id":"https:\/\/auslaenderaemter.com\/versicherungen-fuer-auslaendische-gaeste\/#breadcrumb"},"inLanguage":"nl-NL","potentialAction":[{"@type":"ReadAction","target":["https:\/\/auslaenderaemter.com\/versicherungen-fuer-auslaendische-gaeste\/"]}]},{"@type":"ImageObject","inLanguage":"nl-NL","@id":"https:\/\/auslaenderaemter.com\/versicherungen-fuer-auslaendische-gaeste\/#primaryimage","url":"https:\/\/auslaenderaemter.com\/wp-content\/uploads\/2021\/02\/couple-1030744_640.jpg","contentUrl":"https:\/\/auslaenderaemter.com\/wp-content\/uploads\/2021\/02\/couple-1030744_640.jpg","width":640,"height":426,"caption":"Versicherung f\u00fcr ausl\u00e4ndische G\u00e4ste"},{"@type":"BreadcrumbList","@id":"https:\/\/auslaenderaemter.com\/versicherungen-fuer-auslaendische-gaeste\/#breadcrumb","itemListElement":[{"@type":"ListItem","position":1,"name":"Startseite","item":"https:\/\/auslaenderaemter.com\/"},{"@type":"ListItem","position":2,"name":"Versicherungen f\u00fcr ausl\u00e4ndische G\u00e4ste"}]},{"@type":"WebSite","@id":"https:\/\/auslaenderaemter.com\/#website","url":"https:\/\/auslaenderaemter.com\/","name":"auslaenderaemter.com","description":"","publisher":{"@id":"https:\/\/auslaenderaemter.com\/#organization"},"potentialAction":[{"@type":"SearchAction","target":{"@type":"EntryPoint","urlTemplate":"https:\/\/auslaenderaemter.com\/?s={search_term_string}"},"query-input":{"@type":"PropertyValueSpecification","valueRequired":true,"valueName":"search_term_string"}}],"inLanguage":"nl-NL"},{"@type":"Organization","@id":"https:\/\/auslaenderaemter.com\/#organization","name":"auslaenderaemter.com","url":"https:\/\/auslaenderaemter.com\/","logo":{"@type":"ImageObject","inLanguage":"nl-NL","@id":"https:\/\/auslaenderaemter.com\/#\/schema\/logo\/image\/","url":"https:\/\/auslaenderaemter.com\/wp-content\/uploads\/2021\/01\/cropped-Vollmond-info-13.png","contentUrl":"https:\/\/auslaenderaemter.com\/wp-content\/uploads\/2021\/01\/cropped-Vollmond-info-13.png","width":500,"height":117,"caption":"auslaenderaemter.com"},"image":{"@id":"https:\/\/auslaenderaemter.com\/#\/schema\/logo\/image\/"}}]}},"_links":{"self":[{"href":"https:\/\/auslaenderaemter.com\/nl\/wp-json\/wp\/v2\/pages\/3081","targetHints":{"allow":["GET"]}}],"collection":[{"href":"https:\/\/auslaenderaemter.com\/nl\/wp-json\/wp\/v2\/pages"}],"about":[{"href":"https:\/\/auslaenderaemter.com\/nl\/wp-json\/wp\/v2\/types\/page"}],"author":[{"embeddable":true,"href":"https:\/\/auslaenderaemter.com\/nl\/wp-json\/wp\/v2\/users\/1"}],"replies":[{"embeddable":true,"href":"https:\/\/auslaenderaemter.com\/nl\/wp-json\/wp\/v2\/comments?post=3081"}],"version-history":[{"count":0,"href":"https:\/\/auslaenderaemter.com\/nl\/wp-json\/wp\/v2\/pages\/3081\/revisions"}],"wp:featuredmedia":[{"embeddable":true,"href":"https:\/\/auslaenderaemter.com\/nl\/wp-json\/wp\/v2\/media\/3087"}],"wp:attachment":[{"href":"https:\/\/auslaenderaemter.com\/nl\/wp-json\/wp\/v2\/media?parent=3081"}],"curies":[{"name":"wp","href":"https:\/\/api.w.org\/{rel}","templated":true}]}}