{"id":3111,"date":"2021-03-15T20:27:21","date_gmt":"2021-03-15T19:27:21","guid":{"rendered":"https:\/\/auslaenderaemter.com\/?page_id=3111"},"modified":"2021-03-15T21:29:27","modified_gmt":"2021-03-15T20:29:27","slug":"fiktionsbescheinigung","status":"publish","type":"page","link":"https:\/\/auslaenderaemter.com\/nl\/fictie-certificaat\/","title":{"rendered":"fictie certificaat"},"content":{"rendered":"<figure id=\"attachment_3120\" aria-describedby=\"caption-attachment-3120\" style=\"width: 600px\" class=\"wp-caption aligncenter\"><img fetchpriority=\"high\" decoding=\"async\" class=\"wp-image-3120 size-full\" src=\"https:\/\/auslaenderaemter.com\/wp-content\/uploads\/2021\/03\/IMG_5064-min-e1615834936619.png\" alt=\"fictie certificaat\" width=\"600\" height=\"338\" \/><figcaption id=\"caption-attachment-3120\" class=\"wp-caption-text\">Een fictief certificaat is van toepassing op buitenlanders die legaal in Duitsland verblijven en wachten op de afgifte van een verblijfsvergunning<\/figcaption><\/figure>\n<p>Wanneer over een gevraagde <a href=\"https:\/\/auslaenderaemter.com\/nl\/verblijfsvergunning-2\/\">verblijfsvergunning<\/a> <strong>nog niet <\/strong>Indien een besluit is genomen omdat aan bepaalde voorwaarden voor dit besluit nog niet is voldaan, kan onder bepaalde omstandigheden een zogenaamd fictief certificaat worden afgegeven. Het is gebruikelijk dat deze verklaring wordt afgegeven voor de periode waarin de aanvraag door de immigratiedienst wordt onderzocht.<\/p>\n<h2>Wat is een fictief certificaat?<\/h2>\n<p>Een fictief certificaat fungeert als bewijs van een <strong>voorlopig verblijfsrecht<\/strong> voor buitenlanders die in Duitsland wonen. Dit attest wordt doorgaans afgegeven voor de periode waarin de aanvraag voor een verblijfsvergunning in behandeling is bij de bevoegde immigratiedienst. De term \u201cfictie\u201d beschrijft in dit verband een juridische fictie met betrekking tot het voortbestaan van het vorige verblijfsrecht.<\/p>\n<h2>De omstandigheden<\/h2>\n<p>Opdat een fictieve verklaring wettig zou zijn, moet deze zijn afgegeven op een moment dat de verlening of verlenging van de verblijfsvergunning nog legaal was. Met andere woorden, er moet nog een geldige verblijfsvergunning beschikbaar zijn op het moment dat de aanvraag wordt ingediend, of de aanvrager moet legaal in Duitsland verblijven zonder visum vanwege zijn of haar nationaliteit. Niet vergeten mag worden dat de fictieve verklaring geen verblijfsvergunning in engere zin is, maar slechts het bewijs vormt van het bestaan van een tijdelijk verblijfsrecht.<\/p>\n<h2>Vereiste documenten<\/h2>\n<p>Om een fictief certificaat aan u te kunnen verstrekken, moet u een geldig paspoort of een paspoortvervanger overleggen. Als u in het bezit bent van een eerdere verblijfsvergunning, zoals een elektronische verblijfsvergunning, dient u deze ook mee te nemen. Verder moet er een bewijs van inschrijving of van een huurovereenkomst beschikbaar zijn.<\/p>\n<h3>Kosten<\/h3>\n<p>Volgens \u00a7 47 paragraaf 1 nummer 8 van <a href=\"https:\/\/www.gesetze-im-internet.de\/aufenthv\/__47.html\" target=\"_blank\" rel=\"noopener\">Verblijfsverordening<\/a> wordt in rekening gebracht vanaf 1 september 2017 <strong>13 euro<\/strong> voor<strong> volwassen<\/strong> en <strong>10 euro <\/strong>voor<strong> minderjarigen<\/strong> in rekening gebracht voor de afgifte van een fictief certificaat. Verschillende groepen mensen zijn echter vrijgesteld van deze vergoeding. Dit zijn onder meer erkende asielzoekers en vluchtelingen, Turkse staatsburgers, studenten die een door de overheid gefinancierde beurs ontvangen en hun gezinsleden, Zwitserse staatsburgers en andere groepen mensen.<\/p>\n<h3>verwerkingstijd<\/h3>\n<p>De verwerkingstijd voor het fictieve certificaat is erg kort. Deze ontvangt u direct bij uw bezoek aan het bevoegd gezag als u de benodigde documenten meeneemt en voldoet aan de eisen voor een beurs. Maar wat is de juiste vorm van een verblijfsvergunning en welke verblijfsvergunningen zijn er?<\/p>\n<h3>Mag je reizen met een fictief certificaat?<\/h3>\n<p>Het is in principe mogelijk om met een fictief certificaat te reizen, aangezien u op elk moment Duitsland opnieuw mag binnenkomen met een dergelijk certificaat. U dient echter contact op te nemen met de <a href=\"https:\/\/botschaft-konsulat.de\/\" target=\"_blank\" rel=\"noopener\">Ambassade van het betreffende reisland<\/a> daarover <strong>informeren<\/strong>of in- en uitstappen met een fictief certificaat is toegestaan. Als u een fictieve tolerantie of vergunning heeft, kunt u daarmee niet naar het buitenland reizen.<\/p>\n<ul>\n<li><strong>Verwacht u bezoekers uit het buitenland?<\/strong>\u00a0Met een\u00a0<a href=\"https:\/\/auslaenderaemter.com\/nl\/verzekering-voor-buitenlandse-gasten\/\">Verzekering voor buitenlandse gasten<\/a>* u bent volledig beschermd in Duitsland en Europa.<\/li>\n<\/ul>\n<h3>Meer links en bronnen<\/h3>\n<ul>\n<li><a href=\"https:\/\/auslaenderaemter.com\/nl\/\">Immigratie-autoriteiten in Duitsland<\/a><\/li>\n<\/ul>","protected":false},"excerpt":{"rendered":"<p>Wanneer er nog geen beslissing is genomen op een aangevraagde verblijfsvergunning, omdat nog niet aan bepaalde eisen voor deze beslissing is voldaan, kan een zogenaamde fictieve verklaring worden afgegeven. Het is gebruikelijk dat dit certificaat wordt afgegeven voor de periode waarin de ingediende aanvraag in behandeling is bij de immigratiedienst. Wat is een fictief certificaat? Een certificaat van fictie...&nbsp;<a href=\"https:\/\/auslaenderaemter.com\/nl\/fictie-certificaat\/\" rel=\"bookmark\">Lees verder \u00bb<span class=\"screen-reader-text\">fictie certificaat<\/span><\/a><\/p>","protected":false},"author":1,"featured_media":3120,"parent":0,"menu_order":0,"comment_status":"closed","ping_status":"closed","template":"","meta":{"neve_meta_sidebar":"full-width","neve_meta_container":"","neve_meta_enable_content_width":"on","neve_meta_content_width":100,"neve_meta_title_alignment":"","neve_meta_author_avatar":"","neve_post_elements_order":"","neve_meta_disable_header":"","neve_meta_disable_footer":"","neve_meta_disable_title":"","neve_meta_reading_time":"","footnotes":""},"class_list":["post-3111","page","type-page","status-publish","has-post-thumbnail","hentry"],"yoast_head":"<!-- This site is optimized with the Yoast SEO plugin v27.6 - https:\/\/yoast.com\/product\/yoast-seo-wordpress\/ -->\n<title>Die Fiktionsbescheinigung - auslaenderaemter.com<\/title>\n<meta name=\"description\" content=\"Eine Fiktionsbescheinigung fungiert als Nachweis eines vorl\u00e4ufigen Aufenthaltsrechts f\u00fcr in Deutschland lebende Ausl\u00e4nder.\" \/>\n<meta name=\"robots\" content=\"index, follow, max-snippet:-1, max-image-preview:large, max-video-preview:-1\" \/>\n<link rel=\"canonical\" href=\"https:\/\/auslaenderaemter.com\/nl\/fictie-certificaat\/\" \/>\n<meta property=\"og:locale\" content=\"nl_NL\" \/>\n<meta property=\"og:type\" content=\"article\" \/>\n<meta property=\"og:title\" content=\"Die Fiktionsbescheinigung - auslaenderaemter.com\" \/>\n<meta property=\"og:description\" content=\"Eine Fiktionsbescheinigung fungiert als Nachweis eines vorl\u00e4ufigen Aufenthaltsrechts f\u00fcr in Deutschland lebende Ausl\u00e4nder.\" \/>\n<meta property=\"og:url\" content=\"https:\/\/auslaenderaemter.com\/nl\/fictie-certificaat\/\" \/>\n<meta property=\"og:site_name\" content=\"auslaenderaemter.com\" \/>\n<meta property=\"article:modified_time\" content=\"2021-03-15T20:29:27+00:00\" \/>\n<meta property=\"og:image\" content=\"https:\/\/auslaenderaemter.com\/wp-content\/uploads\/2021\/03\/IMG_5064-min-e1615834936619.png\" \/>\n\t<meta property=\"og:image:width\" content=\"600\" \/>\n\t<meta property=\"og:image:height\" content=\"338\" \/>\n\t<meta property=\"og:image:type\" content=\"image\/png\" \/>\n<meta name=\"twitter:card\" content=\"summary_large_image\" \/>\n<meta name=\"twitter:label1\" content=\"Geschatte leestijd\" \/>\n\t<meta name=\"twitter:data1\" content=\"3 minuten\" \/>\n<script type=\"application\/ld+json\" class=\"yoast-schema-graph\">{\"@context\":\"https:\\\/\\\/schema.org\",\"@graph\":[{\"@type\":\"WebPage\",\"@id\":\"https:\\\/\\\/auslaenderaemter.com\\\/fiktionsbescheinigung\\\/\",\"url\":\"https:\\\/\\\/auslaenderaemter.com\\\/fiktionsbescheinigung\\\/\",\"name\":\"Die Fiktionsbescheinigung - auslaenderaemter.com\",\"isPartOf\":{\"@id\":\"https:\\\/\\\/auslaenderaemter.com\\\/#website\"},\"primaryImageOfPage\":{\"@id\":\"https:\\\/\\\/auslaenderaemter.com\\\/fiktionsbescheinigung\\\/#primaryimage\"},\"image\":{\"@id\":\"https:\\\/\\\/auslaenderaemter.com\\\/fiktionsbescheinigung\\\/#primaryimage\"},\"thumbnailUrl\":\"https:\\\/\\\/auslaenderaemter.com\\\/wp-content\\\/uploads\\\/2021\\\/03\\\/IMG_5064-min-e1615834936619.png\",\"datePublished\":\"2021-03-15T19:27:21+00:00\",\"dateModified\":\"2021-03-15T20:29:27+00:00\",\"description\":\"Eine Fiktionsbescheinigung fungiert als Nachweis eines vorl\u00e4ufigen Aufenthaltsrechts f\u00fcr in Deutschland lebende Ausl\u00e4nder.\",\"breadcrumb\":{\"@id\":\"https:\\\/\\\/auslaenderaemter.com\\\/fiktionsbescheinigung\\\/#breadcrumb\"},\"inLanguage\":\"nl-NL\",\"potentialAction\":[{\"@type\":\"ReadAction\",\"target\":[\"https:\\\/\\\/auslaenderaemter.com\\\/fiktionsbescheinigung\\\/\"]}]},{\"@type\":\"ImageObject\",\"inLanguage\":\"nl-NL\",\"@id\":\"https:\\\/\\\/auslaenderaemter.com\\\/fiktionsbescheinigung\\\/#primaryimage\",\"url\":\"https:\\\/\\\/auslaenderaemter.com\\\/wp-content\\\/uploads\\\/2021\\\/03\\\/IMG_5064-min-e1615834936619.png\",\"contentUrl\":\"https:\\\/\\\/auslaenderaemter.com\\\/wp-content\\\/uploads\\\/2021\\\/03\\\/IMG_5064-min-e1615834936619.png\",\"width\":600,\"height\":338,\"caption\":\"Fiktionsbescheinigung\"},{\"@type\":\"BreadcrumbList\",\"@id\":\"https:\\\/\\\/auslaenderaemter.com\\\/fiktionsbescheinigung\\\/#breadcrumb\",\"itemListElement\":[{\"@type\":\"ListItem\",\"position\":1,\"name\":\"Startseite\",\"item\":\"https:\\\/\\\/auslaenderaemter.com\\\/\"},{\"@type\":\"ListItem\",\"position\":2,\"name\":\"Fiktionsbescheinigung\"}]},{\"@type\":\"WebSite\",\"@id\":\"https:\\\/\\\/auslaenderaemter.com\\\/#website\",\"url\":\"https:\\\/\\\/auslaenderaemter.com\\\/\",\"name\":\"auslaenderaemter.com\",\"description\":\"\",\"publisher\":{\"@id\":\"https:\\\/\\\/auslaenderaemter.com\\\/#organization\"},\"potentialAction\":[{\"@type\":\"SearchAction\",\"target\":{\"@type\":\"EntryPoint\",\"urlTemplate\":\"https:\\\/\\\/auslaenderaemter.com\\\/?s={search_term_string}\"},\"query-input\":{\"@type\":\"PropertyValueSpecification\",\"valueRequired\":true,\"valueName\":\"search_term_string\"}}],\"inLanguage\":\"nl-NL\"},{\"@type\":\"Organization\",\"@id\":\"https:\\\/\\\/auslaenderaemter.com\\\/#organization\",\"name\":\"auslaenderaemter.com\",\"url\":\"https:\\\/\\\/auslaenderaemter.com\\\/\",\"logo\":{\"@type\":\"ImageObject\",\"inLanguage\":\"nl-NL\",\"@id\":\"https:\\\/\\\/auslaenderaemter.com\\\/#\\\/schema\\\/logo\\\/image\\\/\",\"url\":\"https:\\\/\\\/auslaenderaemter.com\\\/wp-content\\\/uploads\\\/2021\\\/01\\\/cropped-Vollmond-info-13.png\",\"contentUrl\":\"https:\\\/\\\/auslaenderaemter.com\\\/wp-content\\\/uploads\\\/2021\\\/01\\\/cropped-Vollmond-info-13.png\",\"width\":500,\"height\":117,\"caption\":\"auslaenderaemter.com\"},\"image\":{\"@id\":\"https:\\\/\\\/auslaenderaemter.com\\\/#\\\/schema\\\/logo\\\/image\\\/\"}}]}<\/script>\n<!-- \/ Yoast SEO plugin. -->","yoast_head_json":{"title":"Het fictieve certificaat - auslaenderaemter.com","description":"Een fictief certificaat geldt als bewijs van een voorlopig verblijfsrecht voor buitenlanders die in Duitsland wonen.","robots":{"index":"index","follow":"follow","max-snippet":"max-snippet:-1","max-image-preview":"max-image-preview:large","max-video-preview":"max-video-preview:-1"},"canonical":"https:\/\/auslaenderaemter.com\/nl\/fictie-certificaat\/","og_locale":"nl_NL","og_type":"article","og_title":"Die Fiktionsbescheinigung - auslaenderaemter.com","og_description":"Eine Fiktionsbescheinigung fungiert als Nachweis eines vorl\u00e4ufigen Aufenthaltsrechts f\u00fcr in Deutschland lebende Ausl\u00e4nder.","og_url":"https:\/\/auslaenderaemter.com\/nl\/fictie-certificaat\/","og_site_name":"auslaenderaemter.com","article_modified_time":"2021-03-15T20:29:27+00:00","og_image":[{"width":600,"height":338,"url":"https:\/\/auslaenderaemter.com\/wp-content\/uploads\/2021\/03\/IMG_5064-min-e1615834936619.png","type":"image\/png"}],"twitter_card":"summary_large_image","twitter_misc":{"Geschatte leestijd":"3 minuten"},"schema":{"@context":"https:\/\/schema.org","@graph":[{"@type":"WebPage","@id":"https:\/\/auslaenderaemter.com\/fiktionsbescheinigung\/","url":"https:\/\/auslaenderaemter.com\/fiktionsbescheinigung\/","name":"Het fictieve certificaat - auslaenderaemter.com","isPartOf":{"@id":"https:\/\/auslaenderaemter.com\/#website"},"primaryImageOfPage":{"@id":"https:\/\/auslaenderaemter.com\/fiktionsbescheinigung\/#primaryimage"},"image":{"@id":"https:\/\/auslaenderaemter.com\/fiktionsbescheinigung\/#primaryimage"},"thumbnailUrl":"https:\/\/auslaenderaemter.com\/wp-content\/uploads\/2021\/03\/IMG_5064-min-e1615834936619.png","datePublished":"2021-03-15T19:27:21+00:00","dateModified":"2021-03-15T20:29:27+00:00","description":"Een fictief certificaat geldt als bewijs van een voorlopig verblijfsrecht voor buitenlanders die in Duitsland wonen.","breadcrumb":{"@id":"https:\/\/auslaenderaemter.com\/fiktionsbescheinigung\/#breadcrumb"},"inLanguage":"nl-NL","potentialAction":[{"@type":"ReadAction","target":["https:\/\/auslaenderaemter.com\/fiktionsbescheinigung\/"]}]},{"@type":"ImageObject","inLanguage":"nl-NL","@id":"https:\/\/auslaenderaemter.com\/fiktionsbescheinigung\/#primaryimage","url":"https:\/\/auslaenderaemter.com\/wp-content\/uploads\/2021\/03\/IMG_5064-min-e1615834936619.png","contentUrl":"https:\/\/auslaenderaemter.com\/wp-content\/uploads\/2021\/03\/IMG_5064-min-e1615834936619.png","width":600,"height":338,"caption":"Fiktionsbescheinigung"},{"@type":"BreadcrumbList","@id":"https:\/\/auslaenderaemter.com\/fiktionsbescheinigung\/#breadcrumb","itemListElement":[{"@type":"ListItem","position":1,"name":"Startseite","item":"https:\/\/auslaenderaemter.com\/"},{"@type":"ListItem","position":2,"name":"Fiktionsbescheinigung"}]},{"@type":"WebSite","@id":"https:\/\/auslaenderaemter.com\/#website","url":"https:\/\/auslaenderaemter.com\/","name":"auslaenderaemter.com","description":"","publisher":{"@id":"https:\/\/auslaenderaemter.com\/#organization"},"potentialAction":[{"@type":"SearchAction","target":{"@type":"EntryPoint","urlTemplate":"https:\/\/auslaenderaemter.com\/?s={search_term_string}"},"query-input":{"@type":"PropertyValueSpecification","valueRequired":true,"valueName":"search_term_string"}}],"inLanguage":"nl-NL"},{"@type":"Organization","@id":"https:\/\/auslaenderaemter.com\/#organization","name":"auslaenderaemter.com","url":"https:\/\/auslaenderaemter.com\/","logo":{"@type":"ImageObject","inLanguage":"nl-NL","@id":"https:\/\/auslaenderaemter.com\/#\/schema\/logo\/image\/","url":"https:\/\/auslaenderaemter.com\/wp-content\/uploads\/2021\/01\/cropped-Vollmond-info-13.png","contentUrl":"https:\/\/auslaenderaemter.com\/wp-content\/uploads\/2021\/01\/cropped-Vollmond-info-13.png","width":500,"height":117,"caption":"auslaenderaemter.com"},"image":{"@id":"https:\/\/auslaenderaemter.com\/#\/schema\/logo\/image\/"}}]}},"_links":{"self":[{"href":"https:\/\/auslaenderaemter.com\/nl\/wp-json\/wp\/v2\/pages\/3111","targetHints":{"allow":["GET"]}}],"collection":[{"href":"https:\/\/auslaenderaemter.com\/nl\/wp-json\/wp\/v2\/pages"}],"about":[{"href":"https:\/\/auslaenderaemter.com\/nl\/wp-json\/wp\/v2\/types\/page"}],"author":[{"embeddable":true,"href":"https:\/\/auslaenderaemter.com\/nl\/wp-json\/wp\/v2\/users\/1"}],"replies":[{"embeddable":true,"href":"https:\/\/auslaenderaemter.com\/nl\/wp-json\/wp\/v2\/comments?post=3111"}],"version-history":[{"count":0,"href":"https:\/\/auslaenderaemter.com\/nl\/wp-json\/wp\/v2\/pages\/3111\/revisions"}],"wp:featuredmedia":[{"embeddable":true,"href":"https:\/\/auslaenderaemter.com\/nl\/wp-json\/wp\/v2\/media\/3120"}],"wp:attachment":[{"href":"https:\/\/auslaenderaemter.com\/nl\/wp-json\/wp\/v2\/media?parent=3111"}],"curies":[{"name":"wp","href":"https:\/\/api.w.org\/{rel}","templated":true}]}}