{"id":4048,"date":"2023-06-12T16:46:54","date_gmt":"2023-06-12T14:46:54","guid":{"rendered":"https:\/\/auslaenderaemter.com\/?page_id=4048"},"modified":"2023-06-12T16:46:54","modified_gmt":"2023-06-12T14:46:54","slug":"ausweisung","status":"publish","type":"page","link":"https:\/\/auslaenderaemter.com\/nl\/uitzetting\/","title":{"rendered":"uitzetting"},"content":{"rendered":"<p>De uitzetting van buitenlanders is een integraal onderdeel van de Duitse vreemdelingenwet, die essentieel is voor het handhaven van de openbare veiligheid en orde. In dit artikel defini\u00ebren we de ontruiming, leggen we de redenen daarvoor uit en de mogelijke gevolgen voor betrokkenen.<\/p>\n<h2>Wat is een ontruiming?<\/h2>\n<p>Een uitzetting is een administratieve handeling waarbij een vreemdeling verplicht is het federale grondgebied te verlaten en niet opnieuw binnen te komen. Ze is van de bevoegde <a href=\"https:\/\/auslaenderaemter.com\/nl\/\">vreemdelingen Autoriteit<\/a> geregeld en ingeschreven in het Centraal Register Vreemdelingen.<\/p>\n<h2>redenen voor uitzetting<\/h2>\n<p>Er zijn verschillende redenen waarom een buitenlander uit Duitsland kan worden gezet. Dit bevat:<\/p>\n<ol>\n<li><strong>In gevaar brengen van de openbare veiligheid en orde:<\/strong> Als een vreemdeling een bedreiging vormt voor de openbare veiligheid en orde, kan dit een reden zijn voor uitzetting. Dit kan bijvoorbeeld het geval zijn als de vreemdeling is veroordeeld voor een strafbaar feit.<\/li>\n<li><strong>Overtreding van bepalingen uit het vreemdelingenrecht:<\/strong> Een buitenlander kan ook worden uitgezet als hij de bepalingen van de vreemdelingenwet overtreedt. Dit kan bijvoorbeeld het geval zijn als de buitenlander illegaal in Duitsland werkt of als hij de registratieplicht schendt.<\/li>\n<li><strong>Paspoort overtreding:<\/strong> Buitenlanders hebben in Duitsland een paspoort nodig. Als een vreemdeling geen geldig paspoort of paspoortvervangend paspoort heeft, kan dit een reden zijn voor uitzetting.<\/li>\n<\/ol>\n<h2>gevolgen van uitzetting<\/h2>\n<p>Een uitzetting heeft ernstige gevolgen voor de betrokken vreemdeling:<\/p>\n<ol>\n<li><strong>Verplichting om het land te verlaten:<\/strong> De vreemdeling is verplicht het federale grondgebied onmiddellijk te verlaten. Doet hij dat niet, dan kan hij worden uitgezet.<\/li>\n<li><strong>Inreis- en verblijfsverbod:<\/strong> De uitzetting gaat meestal gepaard met een inreis- en verblijfsverbod. Dit betekent dat de vreemdeling het federale grondgebied niet opnieuw mag betreden. Het inreis- en verblijfsverbod geldt meestal voor een periode van vijf tot tien jaar, maar kan ook voor onbepaalde tijd zijn.<\/li>\n<\/ol>\n<h2>Conclusie<\/h2>\n<p>Uitzetting is een ernstige inmenging in de rechten van een vreemdeling. Het zorgt ervoor dat de openbare veiligheid en orde in Duitsland worden gehandhaafd. Tegelijkertijd heeft het ernstige gevolgen voor de betrokken buitenlander. Het is daarom belangrijk dat buitenlanders die in Duitsland wonen, zich houden aan de bepalingen van de vreemdelingenwet en, indien nodig, juridisch advies inwinnen.<\/p>","protected":false},"excerpt":{"rendered":"<p>De uitzetting van buitenlanders is een integraal onderdeel van de Duitse immigratiewetgeving, die essentieel is voor het handhaven van de openbare veiligheid en orde. In dit artikel zullen we uitzetting defini\u00ebren, de redenen daarvoor uitleggen en de mogelijke gevolgen voor de getroffen personen benadrukken. Wat is een uitzetting? Een uitzetting is een administratieve handeling waarbij een buitenlander...&nbsp;<a href=\"https:\/\/auslaenderaemter.com\/nl\/uitzetting\/\" rel=\"bookmark\">Lees verder \u00bb<span class=\"screen-reader-text\">uitzetting<\/span><\/a><\/p>","protected":false},"author":1,"featured_media":9,"parent":0,"menu_order":0,"comment_status":"closed","ping_status":"closed","template":"","meta":{"neve_meta_sidebar":"","neve_meta_container":"","neve_meta_enable_content_width":"off","neve_meta_content_width":100,"neve_meta_title_alignment":"","neve_meta_author_avatar":"","neve_post_elements_order":"","neve_meta_disable_header":"","neve_meta_disable_footer":"","neve_meta_disable_title":"","neve_meta_reading_time":"","footnotes":""},"class_list":["post-4048","page","type-page","status-publish","has-post-thumbnail","hentry"],"yoast_head":"<!-- This site is optimized with the Yoast SEO plugin v27.5 - https:\/\/yoast.com\/product\/yoast-seo-wordpress\/ -->\n<title>Ausweisung - Gr\u00fcnde und Folgen im deutschen Ausl\u00e4nderrecht<\/title>\n<meta name=\"description\" content=\"Verstehen Sie die Ausweisung im deutschen Ausl\u00e4nderrecht: ihre Definition, die Gr\u00fcnde daf\u00fcr und die daraus resultierenden Folgen.\" \/>\n<meta name=\"robots\" content=\"index, follow, max-snippet:-1, max-image-preview:large, max-video-preview:-1\" \/>\n<link rel=\"canonical\" href=\"https:\/\/auslaenderaemter.com\/nl\/uitzetting\/\" \/>\n<meta property=\"og:locale\" content=\"nl_NL\" \/>\n<meta property=\"og:type\" content=\"article\" \/>\n<meta property=\"og:title\" content=\"Ausweisung - Gr\u00fcnde und Folgen im deutschen Ausl\u00e4nderrecht\" \/>\n<meta property=\"og:description\" content=\"Verstehen Sie die Ausweisung im deutschen Ausl\u00e4nderrecht: ihre Definition, die Gr\u00fcnde daf\u00fcr und die daraus resultierenden Folgen.\" \/>\n<meta property=\"og:url\" content=\"https:\/\/auslaenderaemter.com\/nl\/uitzetting\/\" \/>\n<meta property=\"og:site_name\" content=\"auslaenderaemter.com\" \/>\n<meta property=\"og:image\" content=\"https:\/\/auslaenderaemter.com\/wp-content\/uploads\/2021\/01\/Vollmond-info-13.png\" \/>\n\t<meta property=\"og:image:width\" content=\"500\" \/>\n\t<meta property=\"og:image:height\" content=\"500\" \/>\n\t<meta property=\"og:image:type\" content=\"image\/png\" \/>\n<meta name=\"twitter:card\" content=\"summary_large_image\" \/>\n<meta name=\"twitter:label1\" content=\"Geschatte leestijd\" \/>\n\t<meta name=\"twitter:data1\" content=\"2 minuten\" \/>\n<script type=\"application\/ld+json\" class=\"yoast-schema-graph\">{\"@context\":\"https:\\\/\\\/schema.org\",\"@graph\":[{\"@type\":\"WebPage\",\"@id\":\"https:\\\/\\\/auslaenderaemter.com\\\/ausweisung\\\/\",\"url\":\"https:\\\/\\\/auslaenderaemter.com\\\/ausweisung\\\/\",\"name\":\"Ausweisung - Gr\u00fcnde und Folgen im deutschen Ausl\u00e4nderrecht\",\"isPartOf\":{\"@id\":\"https:\\\/\\\/auslaenderaemter.com\\\/#website\"},\"primaryImageOfPage\":{\"@id\":\"https:\\\/\\\/auslaenderaemter.com\\\/ausweisung\\\/#primaryimage\"},\"image\":{\"@id\":\"https:\\\/\\\/auslaenderaemter.com\\\/ausweisung\\\/#primaryimage\"},\"thumbnailUrl\":\"https:\\\/\\\/auslaenderaemter.com\\\/wp-content\\\/uploads\\\/2021\\\/01\\\/Vollmond-info-13.png\",\"datePublished\":\"2023-06-12T14:46:54+00:00\",\"description\":\"Verstehen Sie die Ausweisung im deutschen Ausl\u00e4nderrecht: ihre Definition, die Gr\u00fcnde daf\u00fcr und die daraus resultierenden Folgen.\",\"breadcrumb\":{\"@id\":\"https:\\\/\\\/auslaenderaemter.com\\\/ausweisung\\\/#breadcrumb\"},\"inLanguage\":\"nl-NL\",\"potentialAction\":[{\"@type\":\"ReadAction\",\"target\":[\"https:\\\/\\\/auslaenderaemter.com\\\/ausweisung\\\/\"]}]},{\"@type\":\"ImageObject\",\"inLanguage\":\"nl-NL\",\"@id\":\"https:\\\/\\\/auslaenderaemter.com\\\/ausweisung\\\/#primaryimage\",\"url\":\"https:\\\/\\\/auslaenderaemter.com\\\/wp-content\\\/uploads\\\/2021\\\/01\\\/Vollmond-info-13.png\",\"contentUrl\":\"https:\\\/\\\/auslaenderaemter.com\\\/wp-content\\\/uploads\\\/2021\\\/01\\\/Vollmond-info-13.png\",\"width\":500,\"height\":500,\"caption\":\"Abschiebung\"},{\"@type\":\"BreadcrumbList\",\"@id\":\"https:\\\/\\\/auslaenderaemter.com\\\/ausweisung\\\/#breadcrumb\",\"itemListElement\":[{\"@type\":\"ListItem\",\"position\":1,\"name\":\"Startseite\",\"item\":\"https:\\\/\\\/auslaenderaemter.com\\\/\"},{\"@type\":\"ListItem\",\"position\":2,\"name\":\"Ausweisung\"}]},{\"@type\":\"WebSite\",\"@id\":\"https:\\\/\\\/auslaenderaemter.com\\\/#website\",\"url\":\"https:\\\/\\\/auslaenderaemter.com\\\/\",\"name\":\"auslaenderaemter.com\",\"description\":\"\",\"publisher\":{\"@id\":\"https:\\\/\\\/auslaenderaemter.com\\\/#organization\"},\"potentialAction\":[{\"@type\":\"SearchAction\",\"target\":{\"@type\":\"EntryPoint\",\"urlTemplate\":\"https:\\\/\\\/auslaenderaemter.com\\\/?s={search_term_string}\"},\"query-input\":{\"@type\":\"PropertyValueSpecification\",\"valueRequired\":true,\"valueName\":\"search_term_string\"}}],\"inLanguage\":\"nl-NL\"},{\"@type\":\"Organization\",\"@id\":\"https:\\\/\\\/auslaenderaemter.com\\\/#organization\",\"name\":\"auslaenderaemter.com\",\"url\":\"https:\\\/\\\/auslaenderaemter.com\\\/\",\"logo\":{\"@type\":\"ImageObject\",\"inLanguage\":\"nl-NL\",\"@id\":\"https:\\\/\\\/auslaenderaemter.com\\\/#\\\/schema\\\/logo\\\/image\\\/\",\"url\":\"https:\\\/\\\/auslaenderaemter.com\\\/wp-content\\\/uploads\\\/2021\\\/01\\\/cropped-Vollmond-info-13.png\",\"contentUrl\":\"https:\\\/\\\/auslaenderaemter.com\\\/wp-content\\\/uploads\\\/2021\\\/01\\\/cropped-Vollmond-info-13.png\",\"width\":500,\"height\":117,\"caption\":\"auslaenderaemter.com\"},\"image\":{\"@id\":\"https:\\\/\\\/auslaenderaemter.com\\\/#\\\/schema\\\/logo\\\/image\\\/\"}}]}<\/script>\n<!-- \/ Yoast SEO plugin. -->","yoast_head_json":{"title":"Uitzetting - Redenen en gevolgen in de Duitse immigratiewet","description":"Begrijp uitzetting in de Duitse immigratiewetgeving: de definitie ervan, de redenen ervoor en de daaruit voortvloeiende gevolgen.","robots":{"index":"index","follow":"follow","max-snippet":"max-snippet:-1","max-image-preview":"max-image-preview:large","max-video-preview":"max-video-preview:-1"},"canonical":"https:\/\/auslaenderaemter.com\/nl\/uitzetting\/","og_locale":"nl_NL","og_type":"article","og_title":"Ausweisung - Gr\u00fcnde und Folgen im deutschen Ausl\u00e4nderrecht","og_description":"Verstehen Sie die Ausweisung im deutschen Ausl\u00e4nderrecht: ihre Definition, die Gr\u00fcnde daf\u00fcr und die daraus resultierenden Folgen.","og_url":"https:\/\/auslaenderaemter.com\/nl\/uitzetting\/","og_site_name":"auslaenderaemter.com","og_image":[{"width":500,"height":500,"url":"https:\/\/auslaenderaemter.com\/wp-content\/uploads\/2021\/01\/Vollmond-info-13.png","type":"image\/png"}],"twitter_card":"summary_large_image","twitter_misc":{"Geschatte leestijd":"2 minuten"},"schema":{"@context":"https:\/\/schema.org","@graph":[{"@type":"WebPage","@id":"https:\/\/auslaenderaemter.com\/ausweisung\/","url":"https:\/\/auslaenderaemter.com\/ausweisung\/","name":"Uitzetting - Redenen en gevolgen in de Duitse immigratiewet","isPartOf":{"@id":"https:\/\/auslaenderaemter.com\/#website"},"primaryImageOfPage":{"@id":"https:\/\/auslaenderaemter.com\/ausweisung\/#primaryimage"},"image":{"@id":"https:\/\/auslaenderaemter.com\/ausweisung\/#primaryimage"},"thumbnailUrl":"https:\/\/auslaenderaemter.com\/wp-content\/uploads\/2021\/01\/Vollmond-info-13.png","datePublished":"2023-06-12T14:46:54+00:00","description":"Begrijp uitzetting in de Duitse immigratiewetgeving: de definitie ervan, de redenen ervoor en de daaruit voortvloeiende gevolgen.","breadcrumb":{"@id":"https:\/\/auslaenderaemter.com\/ausweisung\/#breadcrumb"},"inLanguage":"nl-NL","potentialAction":[{"@type":"ReadAction","target":["https:\/\/auslaenderaemter.com\/ausweisung\/"]}]},{"@type":"ImageObject","inLanguage":"nl-NL","@id":"https:\/\/auslaenderaemter.com\/ausweisung\/#primaryimage","url":"https:\/\/auslaenderaemter.com\/wp-content\/uploads\/2021\/01\/Vollmond-info-13.png","contentUrl":"https:\/\/auslaenderaemter.com\/wp-content\/uploads\/2021\/01\/Vollmond-info-13.png","width":500,"height":500,"caption":"Abschiebung"},{"@type":"BreadcrumbList","@id":"https:\/\/auslaenderaemter.com\/ausweisung\/#breadcrumb","itemListElement":[{"@type":"ListItem","position":1,"name":"Startseite","item":"https:\/\/auslaenderaemter.com\/"},{"@type":"ListItem","position":2,"name":"Ausweisung"}]},{"@type":"WebSite","@id":"https:\/\/auslaenderaemter.com\/#website","url":"https:\/\/auslaenderaemter.com\/","name":"auslaenderaemter.com","description":"","publisher":{"@id":"https:\/\/auslaenderaemter.com\/#organization"},"potentialAction":[{"@type":"SearchAction","target":{"@type":"EntryPoint","urlTemplate":"https:\/\/auslaenderaemter.com\/?s={search_term_string}"},"query-input":{"@type":"PropertyValueSpecification","valueRequired":true,"valueName":"search_term_string"}}],"inLanguage":"nl-NL"},{"@type":"Organization","@id":"https:\/\/auslaenderaemter.com\/#organization","name":"auslaenderaemter.com","url":"https:\/\/auslaenderaemter.com\/","logo":{"@type":"ImageObject","inLanguage":"nl-NL","@id":"https:\/\/auslaenderaemter.com\/#\/schema\/logo\/image\/","url":"https:\/\/auslaenderaemter.com\/wp-content\/uploads\/2021\/01\/cropped-Vollmond-info-13.png","contentUrl":"https:\/\/auslaenderaemter.com\/wp-content\/uploads\/2021\/01\/cropped-Vollmond-info-13.png","width":500,"height":117,"caption":"auslaenderaemter.com"},"image":{"@id":"https:\/\/auslaenderaemter.com\/#\/schema\/logo\/image\/"}}]}},"_links":{"self":[{"href":"https:\/\/auslaenderaemter.com\/nl\/wp-json\/wp\/v2\/pages\/4048","targetHints":{"allow":["GET"]}}],"collection":[{"href":"https:\/\/auslaenderaemter.com\/nl\/wp-json\/wp\/v2\/pages"}],"about":[{"href":"https:\/\/auslaenderaemter.com\/nl\/wp-json\/wp\/v2\/types\/page"}],"author":[{"embeddable":true,"href":"https:\/\/auslaenderaemter.com\/nl\/wp-json\/wp\/v2\/users\/1"}],"replies":[{"embeddable":true,"href":"https:\/\/auslaenderaemter.com\/nl\/wp-json\/wp\/v2\/comments?post=4048"}],"version-history":[{"count":0,"href":"https:\/\/auslaenderaemter.com\/nl\/wp-json\/wp\/v2\/pages\/4048\/revisions"}],"wp:featuredmedia":[{"embeddable":true,"href":"https:\/\/auslaenderaemter.com\/nl\/wp-json\/wp\/v2\/media\/9"}],"wp:attachment":[{"href":"https:\/\/auslaenderaemter.com\/nl\/wp-json\/wp\/v2\/media?parent=4048"}],"curies":[{"name":"wp","href":"https:\/\/api.w.org\/{rel}","templated":true}]}}