{"id":46,"date":"2021-01-26T14:27:58","date_gmt":"2021-01-26T13:27:58","guid":{"rendered":"https:\/\/auslaenderaemter.com\/?page_id=46"},"modified":"2022-07-06T15:41:09","modified_gmt":"2022-07-06T13:41:09","slug":"auslaenderaemter-in-bayern","status":"publish","type":"page","link":"https:\/\/auslaenderaemter.com\/nl\/immigratiekantoren-in-beieren\/","title":{"rendered":"Immigratiekantoren in Beieren"},"content":{"rendered":"<p><strong>Hier vindt u contactgegevens, adressen en openingstijden van de immigratiekantoren \/ immigratiediensten - in Beieren.<\/strong><\/p>\n<h2><span id=\"Uebersicht_aller_Jobcenter_in_Baden-Wuerttemberg\" class=\"ez-toc-section\">Overzicht van alle immigratiekantoren \/ immigratiediensten in Beieren<\/span><\/h2>\n<ul>\n<li><a href=\"https:\/\/auslaenderaemter.com\/nl\/immigratiekantoor-aichach\/\">Aichach<\/a><\/li>\n<li><a href=\"https:\/\/auslaenderaemter.com\/nl\/immigratie-kantoor-altoetting\/\">Altoetting<\/a><\/li>\n<li><a href=\"https:\/\/auslaenderaemter.com\/nl\/immigratiebureau-amberg\/\">Op de berg<\/a><\/li>\n<li><a href=\"https:\/\/auslaenderaemter.com\/nl\/immigratiebureau-ansbach\/\">Ansbach<\/a><\/li>\n<li><a href=\"https:\/\/auslaenderaemter.com\/nl\/immigratiebureau-augsburg\/\">augsburg<\/a><\/li>\n<li><a href=\"https:\/\/auslaenderaemter.com\/nl\/immigratiebureau-bad-brueckenau\/\">Bad Brueckenau<\/a><\/li>\n<li><a href=\"https:\/\/auslaenderaemter.com\/nl\/immigratiebureau-bad-kissingen\/\">Bad Kissingen<\/a><\/li>\n<li><a href=\"https:\/\/auslaenderaemter.com\/nl\/immigratiedienst-bad-neustadt-an-der-saale\/\">Bad Neustadt an der Saale<\/a><\/li>\n<li><a href=\"https:\/\/auslaenderaemter.com\/nl\/immigratiebureau-bad-reichenhall\/\">Bad Reichenhall<\/a><\/li>\n<li><a href=\"https:\/\/auslaenderaemter.com\/nl\/immigratiebureau-bad-toelz\/\">Bad T\u00f6lz<\/a><\/li>\n<li><a href=\"https:\/\/auslaenderaemter.com\/nl\/immigratiebureau-bamberg\/\">Bamberg<\/a><\/li>\n<li><a href=\"https:\/\/auslaenderaemter.com\/nl\/immigratiekantoor-bayreuth\/\">Bayreuth<\/a><\/li>\n<li><a href=\"https:\/\/auslaenderaemter.com\/nl\/immigratiebureau-bischofsheim-in-der-rhoen\/\">Bisschopshuis in de Rh\u00f6n<\/a><\/li>\n<li><a href=\"https:\/\/auslaenderaemter.com\/nl\/immigratiebureau-cham\/\">Cham<\/a><\/li>\n<li><a href=\"https:\/\/auslaenderaemter.com\/nl\/immigratiebureau-coburg\/\">Coburg<\/a><\/li>\n<li><a href=\"https:\/\/auslaenderaemter.com\/nl\/immigratiekantoor-dachau\/\">Dachau<\/a><\/li>\n<li><a href=\"https:\/\/auslaenderaemter.com\/nl\/immigratiekantoor-deggendorf\/\">Deggendorf<\/a><\/li>\n<li><a href=\"https:\/\/auslaenderaemter.com\/nl\/immigratiedienst-dillingen-aan-de-donau\/\">Dillingen aan de Donau<\/a><\/li>\n<li><a href=\"https:\/\/auslaenderaemter.com\/nl\/immigratiekantoor-dinggolfing\/\">Dinggolfen<\/a><\/li>\n<li><a href=\"https:\/\/auslaenderaemter.com\/nl\/immigratiebureau-donauwoerth\/\">Donauworth<\/a><\/li>\n<li><a href=\"https:\/\/auslaenderaemter.com\/nl\/immigratiebureau-ebersberg\/\">Ebersberg<\/a><\/li>\n<li><a href=\"https:\/\/auslaenderaemter.com\/nl\/immigratiebureau-eichstaett\/\">kalibratie<\/a><\/li>\n<li><a href=\"https:\/\/auslaenderaemter.com\/nl\/immigratie-kantoor-erding\/\">aarding<\/a><\/li>\n<li><a href=\"https:\/\/auslaenderaemter.com\/nl\/immigratiedienst-erlangen\/\">verdienen<\/a><\/li>\n<li><a href=\"https:\/\/auslaenderaemter.com\/nl\/immigratiebureau-forchheim\/\">forchheim<\/a><\/li>\n<li><a href=\"https:\/\/auslaenderaemter.com\/nl\/immigratie-kantoor-freising\/\">Freising<\/a><\/li>\n<li><a href=\"https:\/\/auslaenderaemter.com\/nl\/immigratiekantoor-freyung\/\">Freyung<\/a><\/li>\n<li><a href=\"https:\/\/auslaenderaemter.com\/nl\/immigratiekantoor-friedrichshafen\/\">Friedrichshafen<\/a><\/li>\n<li><a href=\"https:\/\/auslaenderaemter.com\/nl\/buitenlandse-zaken-fuerstenfeldbruck\/\">F\u00fcrstenfeldbruck<\/a><\/li>\n<li><a href=\"https:\/\/auslaenderaemter.com\/nl\/immigratiekantoor-fuerth\/\">Fuerth<\/a><\/li>\n<li><a href=\"https:\/\/auslaenderaemter.com\/nl\/ministerie-van-buitenlandse-zaken-garmisch-partenkirchen\/\">Garmisch-Partenkirchen<\/a><\/li>\n<li><a href=\"https:\/\/auslaenderaemter.com\/nl\/immigratiebureau-ontkiemen\/\">Germering<\/a><\/li>\n<li><a href=\"https:\/\/auslaenderaemter.com\/nl\/immigratiekantoor-guenzburg\/\">G\u00fcnzburg<\/a><\/li>\n<li><a href=\"https:\/\/auslaenderaemter.com\/nl\/immigratiebureau-hassfurt\/\">Hassfurt<\/a><\/li>\n<li><a href=\"https:\/\/auslaenderaemter.com\/nl\/immigratiekantoor-hof\/\">rechtbank<\/a><\/li>\n<li><a href=\"https:\/\/auslaenderaemter.com\/nl\/immigratiebureau-illertissen\/\">Ziektes<\/a><\/li>\n<li><a href=\"https:\/\/auslaenderaemter.com\/nl\/immigratiebureau-ingolstadt\/\">Ingolstadt<\/a><\/li>\n<li><a href=\"https:\/\/auslaenderaemter.com\/nl\/immigratiebureau-karlstadt\/\">Karlstadt<\/a><\/li>\n<li><a href=\"https:\/\/auslaenderaemter.com\/nl\/immigratiebureau-kaufbeuren\/\">Kaufbeuren<\/a><\/li>\n<li><a href=\"https:\/\/auslaenderaemter.com\/nl\/immigratiekantoor-kelheim\/\">Kelheim<\/a><\/li>\n<li><a href=\"https:\/\/auslaenderaemter.com\/nl\/immigratiekantoor-kempten\/\">Kempten<\/a><\/li>\n<li><a href=\"https:\/\/auslaenderaemter.com\/nl\/immigratiekantoor-kitzingen\/\">Kitzingen<\/a><\/li>\n<li><a href=\"https:\/\/auslaenderaemter.com\/nl\/immigratiekantoor-kronach\/\">Kronach<\/a><\/li>\n<li><a href=\"https:\/\/auslaenderaemter.com\/nl\/immigratiebureau-kulmbach\/\">Kulmbach<\/a><\/li>\n<li><a href=\"https:\/\/auslaenderaemter.com\/nl\/immigratiebureau-landsberg-am-lech\/\">Landsberg am Lecho<\/a><\/li>\n<li><a href=\"https:\/\/auslaenderaemter.com\/nl\/immigratiekantoor-landshut\/\">Landshut<\/a><\/li>\n<li><a href=\"https:\/\/auslaenderaemter.com\/nl\/immigratiebureau-lauf-an-der-pegnitz\/\">Ren op de Pegnitz<\/a><\/li>\n<li><a href=\"https:\/\/auslaenderaemter.com\/nl\/immigratiebureau-gerund\/\">Rennen<\/a><\/li>\n<li><a href=\"https:\/\/auslaenderaemter.com\/nl\/immigratiebureau-lichtenfels\/\">Lichtenfels<\/a><\/li>\n<li><a href=\"https:\/\/auslaenderaemter.com\/nl\/immigratiebureau-lindau\/\">Lindau<\/a><\/li>\n<li><a href=\"https:\/\/auslaenderaemter.com\/nl\/immigratiekantoor-marktoberdorf\/\">Marktoberdorf<\/a><\/li>\n<li><a href=\"https:\/\/auslaenderaemter.com\/nl\/immigratiekantoor-memmingen\/\">memmingen<\/a><\/li>\n<li><a href=\"https:\/\/auslaenderaemter.com\/nl\/immigratiebureau-miesbach\/\">Miesbach<\/a><\/li>\n<li><a href=\"https:\/\/auslaenderaemter.com\/nl\/immigratiebureau-mindelheim\/\">Mindelheim<\/a><\/li>\n<li><a href=\"https:\/\/auslaenderaemter.com\/nl\/immigratiekantoor-muehldorf-am-inn\/\">M\u00fchldorf am Inn<\/a><\/li>\n<li><a href=\"https:\/\/auslaenderaemter.com\/nl\/immigratiekantoor-muenchen\/\">M\u00fcnchen<\/a><\/li>\n<li><a href=\"https:\/\/auslaenderaemter.com\/nl\/immigratiebureau-neu-ulm\/\">Neu-Ulm<\/a><\/li>\n<li><a href=\"https:\/\/auslaenderaemter.com\/nl\/immigratiebureau-neuburg-an-der-donau\/\">Neuburg aan de Donau<\/a><\/li>\n<li><a href=\"https:\/\/auslaenderaemter.com\/nl\/immigratiebureau-neumarkt-id-opf\/\">Neumarkt idOPf.<\/a><\/li>\n<li><a href=\"https:\/\/auslaenderaemter.com\/nl\/immigratiedienst-neustadt-an-der-aisch\/\">Neustadt an der Aisch<\/a><\/li>\n<li><a href=\"https:\/\/auslaenderaemter.com\/nl\/immigratiebureau-neustadt-an-der-waldnaab\/\">Neustadt an der Waldnaab<\/a><\/li>\n<li><a href=\"https:\/\/auslaenderaemter.com\/nl\/immigratiebureau-neustadt-bei-coburg\/\">Neustadt bij Coburg<\/a><\/li>\n<li><a href=\"https:\/\/auslaenderaemter.com\/nl\/immigratiebureau-nuernberg\/\">Neurenberg<\/a><\/li>\n<li><a href=\"https:\/\/auslaenderaemter.com\/nl\/buitenlandse-zaken-obermaiselstein\/\">Obermaiselstein<\/a><\/li>\n<li><a href=\"https:\/\/auslaenderaemter.com\/nl\/immigratiebureau-ochsenfurt\/\">Ochsenfurt<\/a><\/li>\n<li><a href=\"https:\/\/auslaenderaemter.com\/nl\/immigratiedienst-passau\/\">Passau<\/a><\/li>\n<li><a href=\"https:\/\/auslaenderaemter.com\/nl\/immigratiebureau-pfaffenhofen-an-der-ilm\/\">Pfaffenhofen aan de Ilm<\/a><\/li>\n<li><a href=\"https:\/\/auslaenderaemter.com\/nl\/immigratiebureau-parochiekerken\/\">parochiekerken<\/a><\/li>\n<li><a href=\"https:\/\/auslaenderaemter.com\/nl\/immigratiekantoor-regensburg\/\">regensburg<\/a><\/li>\n<li><a href=\"https:\/\/auslaenderaemter.com\/nl\/immigratiebureau-rosenheim\/\">Rosenheim<\/a><\/li>\n<li><a href=\"https:\/\/auslaenderaemter.com\/nl\/immigratiekantoor-roth\/\">Roth<\/a><\/li>\n<li><a href=\"https:\/\/auslaenderaemter.com\/nl\/immigratiebureau-rothenburg-ob-der-tauber\/\">Rothenburg ob der Tauber<\/a><\/li>\n<li><a href=\"https:\/\/auslaenderaemter.com\/nl\/immigratiekantoor-schongau\/\">Schongau<\/a><\/li>\n<li><a href=\"https:\/\/auslaenderaemter.com\/nl\/immigratiebureau-schwabach\/\">Schwabach<\/a><\/li>\n<li><a href=\"https:\/\/auslaenderaemter.com\/nl\/immigratiebureau-schwandorf\/\">Schwandorf<\/a><\/li>\n<li><a href=\"https:\/\/auslaenderaemter.com\/nl\/immigratiebureau-schweinfurt\/\">Schweinfurt<\/a><\/li>\n<li><a href=\"https:\/\/auslaenderaemter.com\/nl\/immigratiedienst-sonthofen\/\">Sonthofen<\/a><\/li>\n<li><a href=\"https:\/\/auslaenderaemter.com\/nl\/relaissteen-van-het-immigratiebureau\/\">Staffelstein<\/a><\/li>\n<li><a href=\"https:\/\/auslaenderaemter.com\/nl\/immigratiebureau-starnberg\/\">Starnberg<\/a><\/li>\n<li><a href=\"https:\/\/auslaenderaemter.com\/nl\/immigratiebureau-straubing\/\">Straubing<\/a><\/li>\n<li><a href=\"https:\/\/auslaenderaemter.com\/nl\/immigratiebureau-tirschenreuth\/\">Tirschenreuth<\/a><\/li>\n<li><a href=\"https:\/\/auslaenderaemter.com\/nl\/immigratiebureau-traunstein\/\">Traunstein<\/a><\/li>\n<li><a href=\"https:\/\/auslaenderaemter.com\/nl\/immigratiebureau-unterschleissheim\/\">Unterschleissheim<\/a><\/li>\n<li><a href=\"https:\/\/auslaenderaemter.com\/nl\/immigratiedienst-waal\/\">walvis<\/a><\/li>\n<li><a href=\"https:\/\/auslaenderaemter.com\/nl\/immigratiebureau-weiden-in-opper-palts\/\">Weiden in Opper-Palts<\/a><\/li>\n<li><a href=\"https:\/\/auslaenderaemter.com\/nl\/immigratiebureau-weidenberg\/\">Weidenberg<\/a><\/li>\n<li><a href=\"https:\/\/auslaenderaemter.com\/nl\/immigratiedienst-weilheim-in-opper-beieren\/\">Weilheim in Ober-Beieren<\/a><\/li>\n<li><a href=\"https:\/\/auslaenderaemter.com\/nl\/buitenlandse-zaken-weissenburg\/\">Wei\u00dfenburg<\/a><\/li>\n<li><a href=\"https:\/\/auslaenderaemter.com\/nl\/immigratiekantoor-wunsiedel\/\">Wunsiedel<\/a><\/li>\n<li><a href=\"https:\/\/auslaenderaemter.com\/nl\/immigratiekantoor-wuerzburg\/\">W\u00fcrzburg<\/a><\/li>\n<li><a href=\"https:\/\/auslaenderaemter.com\/nl\/immigratiekantoor-zirndorf\/\">Zirndorf<\/a><\/li>\n<\/ul>\n<h3>Taken van de immigratiedienst<\/h3>\n<p>De immigratiedienst is verantwoordelijk voor maatregelen in verband met het verblijfs- en paspoortrecht. Zij beslissen volgens de Verblijfswet en de bepalingen van andere immigratiewetten.<\/p>\n<p><strong>Andere taken en diensten zijn:<\/strong><\/p>\n<ul>\n<li>Elektronische verblijfsvergunning (eAT)<\/li>\n<li>Contactpersoon voor vluchtelingenhulp<\/li>\n<li>werkvergunning<\/li>\n<li>binnenkomst\u00a0<span class=\"highlight\">en<\/span>\u00a0Accommodatie in Duitsland<\/li>\n<li>asiel<\/li>\n<li>integratie<\/li>\n<li>verbintenisverklaring<\/li>\n<\/ul>\n<h3>Afspraak bij de immigratiedienst<\/h3>\n<p>In de meeste gevallen kunt u telefonisch, via het contactformulier of via het serviceportaal van de betreffende gemeente een afspraak maken. Zorg ervoor dat u over alle benodigde documenten beschikt voordat u naar de immigratiedienst gaat.<\/p>\n<div class=\"su-note\"  style=\"border-color:#dadbdd;border-radius:2px;-moz-border-radius:2px;-webkit-border-radius:2px;\"><div class=\"su-note-inner su-u-clearfix su-u-trim\" style=\"background-color:#f4f5f7;border-color:#ffffff;color:#333333;border-radius:2px;-moz-border-radius:2px;-webkit-border-radius:2px;\"><strong>Een mededeling:<\/strong> Voor kantoren, autoriteiten of rechtbanken hebt u meestal de documenten, certificaten of certificaten nodig zoals: <a href=\"https:\/\/auslaenderaemter.com\/nl\/beedigde-vertaling-voor-officiele-documenten\/\">be\u00ebdigde vertaling<\/a>.<\/div><\/div>\n<ul>\n<li>Met een\u00a0<a href=\"https:\/\/auslaenderaemter.com\/nl\/verbintenisverklaring\/\" data-wpel-link=\"internal\">verbintenisverklaring<\/a>\u00a0u kunt bezoekers uit het buitenland Duitsland binnenlaten.<\/li>\n<li><strong>Verwacht u bezoekers uit het buitenland?<\/strong>\u00a0Met een\u00a0<a href=\"https:\/\/tidd.ly\/3u98xUL\" target=\"_blank\" rel=\"nofollow noopener external noreferrer\" data-wpel-link=\"external\">Reisziektekostenverzekering voor buitenlandse gasten<\/a>* u bent volledig beschermd in Duitsland en Europa.<\/li>\n<\/ul>\n<h3>Verder <span class=\"ez-toc-section\">immigratie-autoriteiten <\/span>links en bronnen<\/h3>\n<ul>\n<li><a href=\"https:\/\/auslaenderaemter.com\/nl\/\">Immigratiekantoren in Duitsland<\/a><\/li>\n<li><a href=\"https:\/\/www.bamf.de\/DE\/Startseite\/startseite_node.html\" target=\"_blank\" rel=\"noopener nofollow external noreferrer\" data-wpel-link=\"external\">Federaal Bureau voor Migratie en Vluchtelingen<\/a>\u00a0(BAMF)<\/li>\n<\/ul>","protected":false},"excerpt":{"rendered":"<p>Hier vindt u contactgegevens, adressen en openingstijden van de immigratiekantoren \/ immigratieautoriteiten - in Beieren. Overzicht van alle immigratiekantoren \/ immigratieautoriteiten in Beieren Aichach Alt\u00f6tting Amberg Ansbach Augsburg Bad Br\u00fcckenau Bad Kissingen Bad Neustadt an der Saale Bad Reichenhall Bad T\u00f6lz Bamberg Bayreuth Bischofsheim in de Rh\u00f6n Cham Coburg Dachau Deggendorf Dillingen an der Donau Dingolfing Donauw\u00f6rth\u2026&nbsp;<a href=\"https:\/\/auslaenderaemter.com\/nl\/immigratiekantoren-in-beieren\/\" rel=\"bookmark\">Lees verder \u00bb<span class=\"screen-reader-text\">Immigratiekantoren in Beieren<\/span><\/a><\/p>","protected":false},"author":1,"featured_media":37,"parent":0,"menu_order":0,"comment_status":"closed","ping_status":"closed","template":"","meta":{"neve_meta_sidebar":"full-width","neve_meta_container":"","neve_meta_enable_content_width":"on","neve_meta_content_width":100,"neve_meta_title_alignment":"","neve_meta_author_avatar":"","neve_post_elements_order":"","neve_meta_disable_header":"","neve_meta_disable_footer":"","neve_meta_disable_title":"","neve_meta_reading_time":"","footnotes":""},"class_list":["post-46","page","type-page","status-publish","has-post-thumbnail","hentry"],"yoast_head":"<!-- This site is optimized with the Yoast SEO plugin v27.4 - https:\/\/yoast.com\/product\/yoast-seo-wordpress\/ -->\n<title>Ausl\u00e4nder\u00e4mter in Bayern | Adresse, Anschrift und Kontakt<\/title>\n<meta name=\"description\" content=\"Ausl\u00e4nder\u00e4mter in Bayern | Adresse und Anschrift \u2713 Telefonnummer, Kontakt und \u00d6ffnungszeiten \u2713 Ausl\u00e4nderbeh\u00f6rden in Deutschland\" \/>\n<meta name=\"robots\" content=\"index, follow, max-snippet:-1, max-image-preview:large, max-video-preview:-1\" \/>\n<link rel=\"canonical\" href=\"https:\/\/auslaenderaemter.com\/nl\/immigratiekantoren-in-beieren\/\" \/>\n<meta property=\"og:locale\" content=\"nl_NL\" \/>\n<meta property=\"og:type\" content=\"article\" \/>\n<meta property=\"og:title\" content=\"Ausl\u00e4nder\u00e4mter in Bayern | Adresse, Anschrift und Kontakt\" \/>\n<meta property=\"og:description\" content=\"Ausl\u00e4nder\u00e4mter in Bayern | Adresse und Anschrift \u2713 Telefonnummer, Kontakt und \u00d6ffnungszeiten \u2713 Ausl\u00e4nderbeh\u00f6rden in Deutschland\" \/>\n<meta property=\"og:url\" content=\"https:\/\/auslaenderaemter.com\/nl\/immigratiekantoren-in-beieren\/\" \/>\n<meta property=\"og:site_name\" content=\"auslaenderaemter.com\" \/>\n<meta property=\"article:modified_time\" content=\"2022-07-06T13:41:09+00:00\" \/>\n<meta property=\"og:image\" content=\"https:\/\/auslaenderaemter.com\/wp-content\/uploads\/2021\/01\/city-263069_640.jpg\" \/>\n\t<meta property=\"og:image:width\" content=\"640\" \/>\n\t<meta property=\"og:image:height\" content=\"480\" \/>\n\t<meta property=\"og:image:type\" content=\"image\/jpeg\" \/>\n<meta name=\"twitter:card\" content=\"summary_large_image\" \/>\n<meta name=\"twitter:label1\" content=\"Geschatte leestijd\" \/>\n\t<meta name=\"twitter:data1\" content=\"2 minuten\" \/>\n<script type=\"application\/ld+json\" class=\"yoast-schema-graph\">{\"@context\":\"https:\\\/\\\/schema.org\",\"@graph\":[{\"@type\":\"WebPage\",\"@id\":\"https:\\\/\\\/auslaenderaemter.com\\\/auslaenderaemter-in-bayern\\\/\",\"url\":\"https:\\\/\\\/auslaenderaemter.com\\\/auslaenderaemter-in-bayern\\\/\",\"name\":\"Ausl\u00e4nder\u00e4mter in Bayern | Adresse, Anschrift und Kontakt\",\"isPartOf\":{\"@id\":\"https:\\\/\\\/auslaenderaemter.com\\\/#website\"},\"primaryImageOfPage\":{\"@id\":\"https:\\\/\\\/auslaenderaemter.com\\\/auslaenderaemter-in-bayern\\\/#primaryimage\"},\"image\":{\"@id\":\"https:\\\/\\\/auslaenderaemter.com\\\/auslaenderaemter-in-bayern\\\/#primaryimage\"},\"thumbnailUrl\":\"https:\\\/\\\/auslaenderaemter.com\\\/wp-content\\\/uploads\\\/2021\\\/01\\\/city-263069_640.jpg\",\"datePublished\":\"2021-01-26T13:27:58+00:00\",\"dateModified\":\"2022-07-06T13:41:09+00:00\",\"description\":\"Ausl\u00e4nder\u00e4mter in Bayern | Adresse und Anschrift \u2713 Telefonnummer, Kontakt und \u00d6ffnungszeiten \u2713 Ausl\u00e4nderbeh\u00f6rden in Deutschland\",\"breadcrumb\":{\"@id\":\"https:\\\/\\\/auslaenderaemter.com\\\/auslaenderaemter-in-bayern\\\/#breadcrumb\"},\"inLanguage\":\"nl-NL\",\"potentialAction\":[{\"@type\":\"ReadAction\",\"target\":[\"https:\\\/\\\/auslaenderaemter.com\\\/auslaenderaemter-in-bayern\\\/\"]}]},{\"@type\":\"ImageObject\",\"inLanguage\":\"nl-NL\",\"@id\":\"https:\\\/\\\/auslaenderaemter.com\\\/auslaenderaemter-in-bayern\\\/#primaryimage\",\"url\":\"https:\\\/\\\/auslaenderaemter.com\\\/wp-content\\\/uploads\\\/2021\\\/01\\\/city-263069_640.jpg\",\"contentUrl\":\"https:\\\/\\\/auslaenderaemter.com\\\/wp-content\\\/uploads\\\/2021\\\/01\\\/city-263069_640.jpg\",\"width\":640,\"height\":480,\"caption\":\"Ausl\u00e4nder\u00e4mter in Deutschland\"},{\"@type\":\"BreadcrumbList\",\"@id\":\"https:\\\/\\\/auslaenderaemter.com\\\/auslaenderaemter-in-bayern\\\/#breadcrumb\",\"itemListElement\":[{\"@type\":\"ListItem\",\"position\":1,\"name\":\"Startseite\",\"item\":\"https:\\\/\\\/auslaenderaemter.com\\\/\"},{\"@type\":\"ListItem\",\"position\":2,\"name\":\"Ausl\u00e4nder\u00e4mter in Bayern\"}]},{\"@type\":\"WebSite\",\"@id\":\"https:\\\/\\\/auslaenderaemter.com\\\/#website\",\"url\":\"https:\\\/\\\/auslaenderaemter.com\\\/\",\"name\":\"auslaenderaemter.com\",\"description\":\"\",\"publisher\":{\"@id\":\"https:\\\/\\\/auslaenderaemter.com\\\/#organization\"},\"potentialAction\":[{\"@type\":\"SearchAction\",\"target\":{\"@type\":\"EntryPoint\",\"urlTemplate\":\"https:\\\/\\\/auslaenderaemter.com\\\/?s={search_term_string}\"},\"query-input\":{\"@type\":\"PropertyValueSpecification\",\"valueRequired\":true,\"valueName\":\"search_term_string\"}}],\"inLanguage\":\"nl-NL\"},{\"@type\":\"Organization\",\"@id\":\"https:\\\/\\\/auslaenderaemter.com\\\/#organization\",\"name\":\"auslaenderaemter.com\",\"url\":\"https:\\\/\\\/auslaenderaemter.com\\\/\",\"logo\":{\"@type\":\"ImageObject\",\"inLanguage\":\"nl-NL\",\"@id\":\"https:\\\/\\\/auslaenderaemter.com\\\/#\\\/schema\\\/logo\\\/image\\\/\",\"url\":\"https:\\\/\\\/auslaenderaemter.com\\\/wp-content\\\/uploads\\\/2021\\\/01\\\/cropped-Vollmond-info-13.png\",\"contentUrl\":\"https:\\\/\\\/auslaenderaemter.com\\\/wp-content\\\/uploads\\\/2021\\\/01\\\/cropped-Vollmond-info-13.png\",\"width\":500,\"height\":117,\"caption\":\"auslaenderaemter.com\"},\"image\":{\"@id\":\"https:\\\/\\\/auslaenderaemter.com\\\/#\\\/schema\\\/logo\\\/image\\\/\"}}]}<\/script>\n<!-- \/ Yoast SEO plugin. -->","yoast_head_json":{"title":"Immigratiekantoren in Beieren | Adres, adres en contact","description":"Immigratiekantoren in Beieren | Adres en adres \u2713 Telefoonnummer, contact en openingstijden \u2713 Immigratie-instanties in Duitsland","robots":{"index":"index","follow":"follow","max-snippet":"max-snippet:-1","max-image-preview":"max-image-preview:large","max-video-preview":"max-video-preview:-1"},"canonical":"https:\/\/auslaenderaemter.com\/nl\/immigratiekantoren-in-beieren\/","og_locale":"nl_NL","og_type":"article","og_title":"Ausl\u00e4nder\u00e4mter in Bayern | Adresse, Anschrift und Kontakt","og_description":"Ausl\u00e4nder\u00e4mter in Bayern | Adresse und Anschrift \u2713 Telefonnummer, Kontakt und \u00d6ffnungszeiten \u2713 Ausl\u00e4nderbeh\u00f6rden in Deutschland","og_url":"https:\/\/auslaenderaemter.com\/nl\/immigratiekantoren-in-beieren\/","og_site_name":"auslaenderaemter.com","article_modified_time":"2022-07-06T13:41:09+00:00","og_image":[{"width":640,"height":480,"url":"https:\/\/auslaenderaemter.com\/wp-content\/uploads\/2021\/01\/city-263069_640.jpg","type":"image\/jpeg"}],"twitter_card":"summary_large_image","twitter_misc":{"Geschatte leestijd":"2 minuten"},"schema":{"@context":"https:\/\/schema.org","@graph":[{"@type":"WebPage","@id":"https:\/\/auslaenderaemter.com\/auslaenderaemter-in-bayern\/","url":"https:\/\/auslaenderaemter.com\/auslaenderaemter-in-bayern\/","name":"Immigratiekantoren in Beieren | Adres, adres en contact","isPartOf":{"@id":"https:\/\/auslaenderaemter.com\/#website"},"primaryImageOfPage":{"@id":"https:\/\/auslaenderaemter.com\/auslaenderaemter-in-bayern\/#primaryimage"},"image":{"@id":"https:\/\/auslaenderaemter.com\/auslaenderaemter-in-bayern\/#primaryimage"},"thumbnailUrl":"https:\/\/auslaenderaemter.com\/wp-content\/uploads\/2021\/01\/city-263069_640.jpg","datePublished":"2021-01-26T13:27:58+00:00","dateModified":"2022-07-06T13:41:09+00:00","description":"Immigratiekantoren in Beieren | Adres en adres \u2713 Telefoonnummer, contact en openingstijden \u2713 Immigratie-instanties in Duitsland","breadcrumb":{"@id":"https:\/\/auslaenderaemter.com\/auslaenderaemter-in-bayern\/#breadcrumb"},"inLanguage":"nl-NL","potentialAction":[{"@type":"ReadAction","target":["https:\/\/auslaenderaemter.com\/auslaenderaemter-in-bayern\/"]}]},{"@type":"ImageObject","inLanguage":"nl-NL","@id":"https:\/\/auslaenderaemter.com\/auslaenderaemter-in-bayern\/#primaryimage","url":"https:\/\/auslaenderaemter.com\/wp-content\/uploads\/2021\/01\/city-263069_640.jpg","contentUrl":"https:\/\/auslaenderaemter.com\/wp-content\/uploads\/2021\/01\/city-263069_640.jpg","width":640,"height":480,"caption":"Ausl\u00e4nder\u00e4mter in Deutschland"},{"@type":"BreadcrumbList","@id":"https:\/\/auslaenderaemter.com\/auslaenderaemter-in-bayern\/#breadcrumb","itemListElement":[{"@type":"ListItem","position":1,"name":"Startseite","item":"https:\/\/auslaenderaemter.com\/"},{"@type":"ListItem","position":2,"name":"Ausl\u00e4nder\u00e4mter in Bayern"}]},{"@type":"WebSite","@id":"https:\/\/auslaenderaemter.com\/#website","url":"https:\/\/auslaenderaemter.com\/","name":"auslaenderaemter.com","description":"","publisher":{"@id":"https:\/\/auslaenderaemter.com\/#organization"},"potentialAction":[{"@type":"SearchAction","target":{"@type":"EntryPoint","urlTemplate":"https:\/\/auslaenderaemter.com\/?s={search_term_string}"},"query-input":{"@type":"PropertyValueSpecification","valueRequired":true,"valueName":"search_term_string"}}],"inLanguage":"nl-NL"},{"@type":"Organization","@id":"https:\/\/auslaenderaemter.com\/#organization","name":"auslaenderaemter.com","url":"https:\/\/auslaenderaemter.com\/","logo":{"@type":"ImageObject","inLanguage":"nl-NL","@id":"https:\/\/auslaenderaemter.com\/#\/schema\/logo\/image\/","url":"https:\/\/auslaenderaemter.com\/wp-content\/uploads\/2021\/01\/cropped-Vollmond-info-13.png","contentUrl":"https:\/\/auslaenderaemter.com\/wp-content\/uploads\/2021\/01\/cropped-Vollmond-info-13.png","width":500,"height":117,"caption":"auslaenderaemter.com"},"image":{"@id":"https:\/\/auslaenderaemter.com\/#\/schema\/logo\/image\/"}}]}},"_links":{"self":[{"href":"https:\/\/auslaenderaemter.com\/nl\/wp-json\/wp\/v2\/pages\/46","targetHints":{"allow":["GET"]}}],"collection":[{"href":"https:\/\/auslaenderaemter.com\/nl\/wp-json\/wp\/v2\/pages"}],"about":[{"href":"https:\/\/auslaenderaemter.com\/nl\/wp-json\/wp\/v2\/types\/page"}],"author":[{"embeddable":true,"href":"https:\/\/auslaenderaemter.com\/nl\/wp-json\/wp\/v2\/users\/1"}],"replies":[{"embeddable":true,"href":"https:\/\/auslaenderaemter.com\/nl\/wp-json\/wp\/v2\/comments?post=46"}],"version-history":[{"count":0,"href":"https:\/\/auslaenderaemter.com\/nl\/wp-json\/wp\/v2\/pages\/46\/revisions"}],"wp:featuredmedia":[{"embeddable":true,"href":"https:\/\/auslaenderaemter.com\/nl\/wp-json\/wp\/v2\/media\/37"}],"wp:attachment":[{"href":"https:\/\/auslaenderaemter.com\/nl\/wp-json\/wp\/v2\/media?parent=46"}],"curies":[{"name":"wp","href":"https:\/\/api.w.org\/{rel}","templated":true}]}}