{"id":58,"date":"2021-01-26T14:39:06","date_gmt":"2021-01-26T13:39:06","guid":{"rendered":"https:\/\/auslaenderaemter.com\/?page_id=58"},"modified":"2022-07-04T18:44:18","modified_gmt":"2022-07-04T16:44:18","slug":"auslaenderaemter-in-niedersachsen","status":"publish","type":"page","link":"https:\/\/auslaenderaemter.com\/nl\/immigratiekantoren-in-nedersaksen\/","title":{"rendered":"Immigratiekantoren in Nedersaksen"},"content":{"rendered":"<p><strong>Hier vindt u contactgegevens, adressen en openingstijden van de immigratiekantoren \/ immigratiediensten - in Nedersaksen.<\/strong><\/p>\n<h2><span id=\"Uebersicht_aller_Jobcenter_in_Baden-Wuerttemberg\" class=\"ez-toc-section\">Overzicht van alle immigratiekantoren \/ immigratiediensten in Nedersaksen<\/span><\/h2>\n<ul>\n<li><a href=\"https:\/\/auslaenderaemter.com\/nl\/immigratiebureau-aurich\/\">Aurich<\/a><\/li>\n<li><a href=\"https:\/\/auslaenderaemter.com\/nl\/immigratiebureau-bad-fallingborstel\/\">Bad Fallingbostel<\/a><\/li>\n<li><a href=\"https:\/\/auslaenderaemter.com\/nl\/immigratie-kantoor-rem\/\">Rem<\/a><\/li>\n<li><a href=\"https:\/\/auslaenderaemter.com\/nl\/immigratiedienst-bramsche\/\">Bramsche<\/a><\/li>\n<li><a href=\"https:\/\/auslaenderaemter.com\/nl\/immigratiebureau-brunswick\/\">Brunswijk<\/a><\/li>\n<li><a href=\"https:\/\/auslaenderaemter.com\/nl\/immigratie-kantoor-celle\/\">Celle<\/a><\/li>\n<li><a href=\"https:\/\/auslaenderaemter.com\/nl\/immigratiekantoor-cloppenburg\/\">Cloppenburg<\/a><\/li>\n<li><a href=\"https:\/\/auslaenderaemter.com\/nl\/immigratiekantoor-cuxhaven\/\">Cuxhaven<\/a><\/li>\n<li><a href=\"https:\/\/auslaenderaemter.com\/nl\/immigratiedienst-delmenhorst\/\">Delmenhorst<\/a><\/li>\n<li><a href=\"https:\/\/auslaenderaemter.com\/nl\/immigratiekantoor-diepholz\/\">Diepholz<\/a><\/li>\n<li><a href=\"https:\/\/auslaenderaemter.com\/nl\/immigratiedienst-emden\/\">emden<\/a><\/li>\n<li><a href=\"https:\/\/auslaenderaemter.com\/nl\/immigratiekantoor-gifhorn\/\">Gifhorn<\/a><\/li>\n<li><a href=\"https:\/\/auslaenderaemter.com\/nl\/immigratiekantoor-goslar\/\">Goslar<\/a><\/li>\n<li><a href=\"https:\/\/auslaenderaemter.com\/nl\/immigratiebureau-goettingen\/\">G\u00f6ttingen<\/a><\/li>\n<li><a href=\"https:\/\/auslaenderaemter.com\/nl\/immigratiekantoor-hameln\/\">Hamelen<\/a><\/li>\n<li><a href=\"https:\/\/auslaenderaemter.com\/nl\/immigratiebureau-hannover\/\">Hannover<\/a><\/li>\n<li><a href=\"https:\/\/auslaenderaemter.com\/nl\/immigratiebureau-helmstedt\/\">Helmstedt<\/a><\/li>\n<li><a href=\"https:\/\/auslaenderaemter.com\/nl\/immigratiebureau-hildesheim\/\">Hildesheim<\/a><\/li>\n<li><a href=\"https:\/\/auslaenderaemter.com\/nl\/immigratiekantoor-holzminden\/\">Holzminden<\/a><\/li>\n<li><a href=\"https:\/\/auslaenderaemter.com\/nl\/immigratiebureau-jever\/\">ooit<\/a><\/li>\n<li><a href=\"https:\/\/auslaenderaemter.com\/nl\/buitenlandse-zaken-langenhagen\/\">Langenhagen<\/a><\/li>\n<li><a href=\"https:\/\/auslaenderaemter.com\/nl\/immigratiekantoor-leeg\/\">Leeg<\/a><\/li>\n<li><a href=\"https:\/\/auslaenderaemter.com\/nl\/immigratiebureau-lingen\/\">Lingen<\/a><\/li>\n<li><a href=\"https:\/\/auslaenderaemter.com\/nl\/immigratiekantoor-luechow\/\">Luechow<\/a><\/li>\n<li><a href=\"https:\/\/auslaenderaemter.com\/nl\/immigratiebureau-lueneburg\/\">L\u00fcneburg<\/a><\/li>\n<li><a href=\"https:\/\/auslaenderaemter.com\/nl\/immigratiedienst-meppen\/\">meppen<\/a><\/li>\n<li><a href=\"https:\/\/auslaenderaemter.com\/nl\/immigratiebureau-nienburg\/\">Nienburg<\/a><\/li>\n<li><a href=\"https:\/\/auslaenderaemter.com\/nl\/immigratiekantoor-nordhorn\/\">noordelijke hoorn<\/a><\/li>\n<li><a href=\"https:\/\/auslaenderaemter.com\/nl\/immigratiebureau-northeim\/\">Northeim<\/a><\/li>\n<li><a href=\"https:\/\/auslaenderaemter.com\/nl\/buitenlandse-zaken-oldenburg\/\">Oldenburg<\/a><\/li>\n<li><a href=\"https:\/\/auslaenderaemter.com\/nl\/immigratiebureau-osnabrueck\/\">Osnabr\u00fcck<\/a><\/li>\n<li><a href=\"https:\/\/auslaenderaemter.com\/nl\/immigratiebureau-osterholz-scharmbeck\/\">Osterholz-Scharmbeck<\/a><\/li>\n<li><a href=\"https:\/\/auslaenderaemter.com\/nl\/immigratiebureau-osterode-am-harz\/\">Osterode aan de Harz<\/a><\/li>\n<li><a href=\"https:\/\/auslaenderaemter.com\/nl\/immigratiebureau-peine\/\">pijn<\/a><\/li>\n<li><a href=\"https:\/\/auslaenderaemter.com\/nl\/immigratiekantoor-ratzeburg\/\">Ratzeburg<\/a><\/li>\n<li><a href=\"https:\/\/auslaenderaemter.com\/nl\/immigratiebureau-rotenburg\/\">Rotenburg<\/a><\/li>\n<li><a href=\"https:\/\/auslaenderaemter.com\/nl\/immigratiebureau-salzgitter\/\">Salzgitter<\/a><\/li>\n<li><a href=\"https:\/\/auslaenderaemter.com\/nl\/immigratie-kantoor-stade\/\">stad<\/a><\/li>\n<li><a href=\"https:\/\/auslaenderaemter.com\/nl\/immigratiebureau-stadthagen\/\">Stadthagen<\/a><\/li>\n<li><a href=\"https:\/\/auslaenderaemter.com\/nl\/immigratiekantoor-syke\/\">syke<\/a><\/li>\n<li><a href=\"https:\/\/auslaenderaemter.com\/nl\/immigratiedienst-uelzen\/\">Uelzen<\/a><\/li>\n<li><a href=\"https:\/\/auslaenderaemter.com\/nl\/immigratiekantoor-vechta\/\">Vechta<\/a><\/li>\n<li><a href=\"https:\/\/auslaenderaemter.com\/nl\/immigratiekantoor-verden\/\">verden<\/a><\/li>\n<li><a href=\"https:\/\/auslaenderaemter.com\/nl\/immigratiebureau-westerstede\/\">Westerstede<\/a><\/li>\n<li><a href=\"https:\/\/auslaenderaemter.com\/nl\/immigratiebureau-wildeshausen\/\">Wildeshausen<\/a><\/li>\n<li><a href=\"https:\/\/auslaenderaemter.com\/nl\/immigratiekantoor-wilhelmshaven\/\">Wilhelmshaven<\/a><\/li>\n<li><a href=\"https:\/\/auslaenderaemter.com\/nl\/immigratiekantoor-winsen\/\">zeuren<\/a><\/li>\n<li><a href=\"https:\/\/auslaenderaemter.com\/nl\/immigratiekantoor-wittmund\/\">Wittmund<\/a><\/li>\n<li><a href=\"https:\/\/auslaenderaemter.com\/nl\/immigratiebureau-wolfenbuettel\/\">Wolfenb\u00fcttel<\/a><\/li>\n<li><a href=\"https:\/\/auslaenderaemter.com\/nl\/immigratiebureau-wolfsburg\/\">Wolfsburg<\/a><\/li>\n<\/ul>\n<h3>Taken van de immigratiedienst<\/h3>\n<p>De immigratiedienst is verantwoordelijk voor maatregelen in verband met het verblijfs- en paspoortrecht. Zij beslissen volgens de Verblijfswet en de bepalingen van andere immigratiewetten.<\/p>\n<p><strong>Andere taken en diensten zijn:<\/strong><\/p>\n<ul>\n<li>Elektronische verblijfsvergunning (eAT)<\/li>\n<li>Contactpersoon voor vluchtelingenhulp<\/li>\n<li>werkvergunning<\/li>\n<li>binnenkomst\u00a0<span class=\"highlight\">en<\/span>\u00a0Accommodatie in Duitsland<\/li>\n<li>asiel<\/li>\n<li>integratie<\/li>\n<li>verbintenisverklaring<\/li>\n<\/ul>\n<h3>Afspraak bij de immigratiedienst<\/h3>\n<p>In de meeste gevallen kunt u telefonisch, via het contactformulier of via het serviceportaal van de betreffende gemeente een afspraak maken. Zorg ervoor dat u over alle benodigde documenten beschikt voordat u naar de immigratiedienst gaat.<\/p>\n<div class=\"su-note\"  style=\"border-color:#dadbdd;border-radius:2px;-moz-border-radius:2px;-webkit-border-radius:2px;\"><div class=\"su-note-inner su-u-clearfix su-u-trim\" style=\"background-color:#f4f5f7;border-color:#ffffff;color:#333333;border-radius:2px;-moz-border-radius:2px;-webkit-border-radius:2px;\"><strong>Een mededeling:<\/strong> Voor kantoren, autoriteiten of rechtbanken hebt u meestal de documenten, certificaten of certificaten nodig zoals: <a href=\"https:\/\/auslaenderaemter.com\/nl\/beedigde-vertaling-voor-officiele-documenten\/\">be\u00ebdigde vertaling<\/a>.<\/div><\/div>\n<ul>\n<li>Met een\u00a0<a href=\"https:\/\/auslaenderaemter.com\/nl\/verbintenisverklaring\/\" data-wpel-link=\"internal\">verbintenisverklaring<\/a>\u00a0u kunt bezoekers uit het buitenland Duitsland binnenlaten.<\/li>\n<li><strong>Verwacht u bezoekers uit het buitenland?<\/strong>\u00a0Met een\u00a0<a href=\"https:\/\/tidd.ly\/3u98xUL\" target=\"_blank\" rel=\"nofollow noopener external noreferrer\" data-wpel-link=\"external\">Reisziektekostenverzekering voor buitenlandse gasten<\/a>* u bent volledig beschermd in Duitsland en Europa.<\/li>\n<\/ul>\n<h3>Verder <span class=\"ez-toc-section\">immigratie-autoriteiten <\/span>links en bronnen<\/h3>\n<ul>\n<li><a href=\"https:\/\/auslaenderaemter.com\/nl\/\">Immigratiekantoren in Duitsland<\/a><\/li>\n<li><a href=\"https:\/\/www.bamf.de\/DE\/Startseite\/startseite_node.html\" target=\"_blank\" rel=\"noopener nofollow external noreferrer\" data-wpel-link=\"external\">Federaal Bureau voor Migratie en Vluchtelingen<\/a>\u00a0(BAMF)<\/li>\n<\/ul>","protected":false},"excerpt":{"rendered":"<p>Hier vindt u contactgegevens, adressen en openingstijden van de immigratiekantoren \/ immigratieautoriteiten - in Nedersaksen. Overzicht van alle immigratiekantoren \/ immigratieautoriteiten in Nedersaksen Aurich Bad Fallingbostel Brake Bramsche Braunschweig Celle Cloppenburg Cuxhaven Delmenhorst Diepholz Emden Gifhorn Goslar G\u00f6ttingen Hameln Hanover Helmstedt Hildesheim Holzminden Jever Langenhagen Leer Lingen L\u00fcchow L\u00fcneburg Meppen Nienburg Nordhorn Northeim Oldenburg Osnabr\u00fcck Osterholz-Scharmbeck Osterode\u2026&nbsp;<a href=\"https:\/\/auslaenderaemter.com\/nl\/immigratiekantoren-in-nedersaksen\/\" rel=\"bookmark\">Lees verder \u00bb<span class=\"screen-reader-text\">Immigratiekantoren in Nedersaksen<\/span><\/a><\/p>","protected":false},"author":1,"featured_media":37,"parent":0,"menu_order":0,"comment_status":"closed","ping_status":"closed","template":"","meta":{"neve_meta_sidebar":"full-width","neve_meta_container":"","neve_meta_enable_content_width":"on","neve_meta_content_width":100,"neve_meta_title_alignment":"","neve_meta_author_avatar":"","neve_post_elements_order":"","neve_meta_disable_header":"","neve_meta_disable_footer":"","neve_meta_disable_title":"","neve_meta_reading_time":"","footnotes":""},"class_list":["post-58","page","type-page","status-publish","has-post-thumbnail","hentry"],"yoast_head":"<!-- This site is optimized with the Yoast SEO plugin v27.4 - https:\/\/yoast.com\/product\/yoast-seo-wordpress\/ -->\n<title>Ausl\u00e4nder\u00e4mter in Niedersachsen | Adresse, Anschrift und Kontakt<\/title>\n<meta name=\"description\" content=\"Ausl\u00e4nder\u00e4mter in Niedersachsen | Adresse und Anschrift \u2713 Telefonnummer, Kontakt und \u00d6ffnungszeiten \u2713 Ausl\u00e4nderbeh\u00f6rden in Deutschland\" \/>\n<meta name=\"robots\" content=\"index, follow, max-snippet:-1, max-image-preview:large, max-video-preview:-1\" \/>\n<link rel=\"canonical\" href=\"https:\/\/auslaenderaemter.com\/nl\/immigratiekantoren-in-nedersaksen\/\" \/>\n<meta property=\"og:locale\" content=\"nl_NL\" \/>\n<meta property=\"og:type\" content=\"article\" \/>\n<meta property=\"og:title\" content=\"Ausl\u00e4nder\u00e4mter in Niedersachsen | Adresse, Anschrift und Kontakt\" \/>\n<meta property=\"og:description\" content=\"Ausl\u00e4nder\u00e4mter in Niedersachsen | Adresse und Anschrift \u2713 Telefonnummer, Kontakt und \u00d6ffnungszeiten \u2713 Ausl\u00e4nderbeh\u00f6rden in Deutschland\" \/>\n<meta property=\"og:url\" content=\"https:\/\/auslaenderaemter.com\/nl\/immigratiekantoren-in-nedersaksen\/\" \/>\n<meta property=\"og:site_name\" content=\"auslaenderaemter.com\" \/>\n<meta property=\"article:modified_time\" content=\"2022-07-04T16:44:18+00:00\" \/>\n<meta property=\"og:image\" content=\"https:\/\/auslaenderaemter.com\/wp-content\/uploads\/2021\/01\/city-263069_640.jpg\" \/>\n\t<meta property=\"og:image:width\" content=\"640\" \/>\n\t<meta property=\"og:image:height\" content=\"480\" \/>\n\t<meta property=\"og:image:type\" content=\"image\/jpeg\" \/>\n<meta name=\"twitter:card\" content=\"summary_large_image\" \/>\n<meta name=\"twitter:label1\" content=\"Geschatte leestijd\" \/>\n\t<meta name=\"twitter:data1\" content=\"1 minuut\" \/>\n<script type=\"application\/ld+json\" class=\"yoast-schema-graph\">{\"@context\":\"https:\\\/\\\/schema.org\",\"@graph\":[{\"@type\":\"WebPage\",\"@id\":\"https:\\\/\\\/auslaenderaemter.com\\\/auslaenderaemter-in-niedersachsen\\\/\",\"url\":\"https:\\\/\\\/auslaenderaemter.com\\\/auslaenderaemter-in-niedersachsen\\\/\",\"name\":\"Ausl\u00e4nder\u00e4mter in Niedersachsen | Adresse, Anschrift und Kontakt\",\"isPartOf\":{\"@id\":\"https:\\\/\\\/auslaenderaemter.com\\\/#website\"},\"primaryImageOfPage\":{\"@id\":\"https:\\\/\\\/auslaenderaemter.com\\\/auslaenderaemter-in-niedersachsen\\\/#primaryimage\"},\"image\":{\"@id\":\"https:\\\/\\\/auslaenderaemter.com\\\/auslaenderaemter-in-niedersachsen\\\/#primaryimage\"},\"thumbnailUrl\":\"https:\\\/\\\/auslaenderaemter.com\\\/wp-content\\\/uploads\\\/2021\\\/01\\\/city-263069_640.jpg\",\"datePublished\":\"2021-01-26T13:39:06+00:00\",\"dateModified\":\"2022-07-04T16:44:18+00:00\",\"description\":\"Ausl\u00e4nder\u00e4mter in Niedersachsen | Adresse und Anschrift \u2713 Telefonnummer, Kontakt und \u00d6ffnungszeiten \u2713 Ausl\u00e4nderbeh\u00f6rden in Deutschland\",\"breadcrumb\":{\"@id\":\"https:\\\/\\\/auslaenderaemter.com\\\/auslaenderaemter-in-niedersachsen\\\/#breadcrumb\"},\"inLanguage\":\"nl-NL\",\"potentialAction\":[{\"@type\":\"ReadAction\",\"target\":[\"https:\\\/\\\/auslaenderaemter.com\\\/auslaenderaemter-in-niedersachsen\\\/\"]}]},{\"@type\":\"ImageObject\",\"inLanguage\":\"nl-NL\",\"@id\":\"https:\\\/\\\/auslaenderaemter.com\\\/auslaenderaemter-in-niedersachsen\\\/#primaryimage\",\"url\":\"https:\\\/\\\/auslaenderaemter.com\\\/wp-content\\\/uploads\\\/2021\\\/01\\\/city-263069_640.jpg\",\"contentUrl\":\"https:\\\/\\\/auslaenderaemter.com\\\/wp-content\\\/uploads\\\/2021\\\/01\\\/city-263069_640.jpg\",\"width\":640,\"height\":480,\"caption\":\"Ausl\u00e4nder\u00e4mter in Deutschland\"},{\"@type\":\"BreadcrumbList\",\"@id\":\"https:\\\/\\\/auslaenderaemter.com\\\/auslaenderaemter-in-niedersachsen\\\/#breadcrumb\",\"itemListElement\":[{\"@type\":\"ListItem\",\"position\":1,\"name\":\"Startseite\",\"item\":\"https:\\\/\\\/auslaenderaemter.com\\\/\"},{\"@type\":\"ListItem\",\"position\":2,\"name\":\"Ausl\u00e4nder\u00e4mter in Niedersachsen\"}]},{\"@type\":\"WebSite\",\"@id\":\"https:\\\/\\\/auslaenderaemter.com\\\/#website\",\"url\":\"https:\\\/\\\/auslaenderaemter.com\\\/\",\"name\":\"auslaenderaemter.com\",\"description\":\"\",\"publisher\":{\"@id\":\"https:\\\/\\\/auslaenderaemter.com\\\/#organization\"},\"potentialAction\":[{\"@type\":\"SearchAction\",\"target\":{\"@type\":\"EntryPoint\",\"urlTemplate\":\"https:\\\/\\\/auslaenderaemter.com\\\/?s={search_term_string}\"},\"query-input\":{\"@type\":\"PropertyValueSpecification\",\"valueRequired\":true,\"valueName\":\"search_term_string\"}}],\"inLanguage\":\"nl-NL\"},{\"@type\":\"Organization\",\"@id\":\"https:\\\/\\\/auslaenderaemter.com\\\/#organization\",\"name\":\"auslaenderaemter.com\",\"url\":\"https:\\\/\\\/auslaenderaemter.com\\\/\",\"logo\":{\"@type\":\"ImageObject\",\"inLanguage\":\"nl-NL\",\"@id\":\"https:\\\/\\\/auslaenderaemter.com\\\/#\\\/schema\\\/logo\\\/image\\\/\",\"url\":\"https:\\\/\\\/auslaenderaemter.com\\\/wp-content\\\/uploads\\\/2021\\\/01\\\/cropped-Vollmond-info-13.png\",\"contentUrl\":\"https:\\\/\\\/auslaenderaemter.com\\\/wp-content\\\/uploads\\\/2021\\\/01\\\/cropped-Vollmond-info-13.png\",\"width\":500,\"height\":117,\"caption\":\"auslaenderaemter.com\"},\"image\":{\"@id\":\"https:\\\/\\\/auslaenderaemter.com\\\/#\\\/schema\\\/logo\\\/image\\\/\"}}]}<\/script>\n<!-- \/ Yoast SEO plugin. -->","yoast_head_json":{"title":"Immigratiekantoren in Nedersaksen | Adres, adres en contact","description":"Immigratiekantoren in Nedersaksen | Adres en adres \u2713 Telefoonnummer, contact en openingstijden \u2713 Immigratie-instanties in Duitsland","robots":{"index":"index","follow":"follow","max-snippet":"max-snippet:-1","max-image-preview":"max-image-preview:large","max-video-preview":"max-video-preview:-1"},"canonical":"https:\/\/auslaenderaemter.com\/nl\/immigratiekantoren-in-nedersaksen\/","og_locale":"nl_NL","og_type":"article","og_title":"Ausl\u00e4nder\u00e4mter in Niedersachsen | Adresse, Anschrift und Kontakt","og_description":"Ausl\u00e4nder\u00e4mter in Niedersachsen | Adresse und Anschrift \u2713 Telefonnummer, Kontakt und \u00d6ffnungszeiten \u2713 Ausl\u00e4nderbeh\u00f6rden in Deutschland","og_url":"https:\/\/auslaenderaemter.com\/nl\/immigratiekantoren-in-nedersaksen\/","og_site_name":"auslaenderaemter.com","article_modified_time":"2022-07-04T16:44:18+00:00","og_image":[{"width":640,"height":480,"url":"https:\/\/auslaenderaemter.com\/wp-content\/uploads\/2021\/01\/city-263069_640.jpg","type":"image\/jpeg"}],"twitter_card":"summary_large_image","twitter_misc":{"Geschatte leestijd":"1 minuut"},"schema":{"@context":"https:\/\/schema.org","@graph":[{"@type":"WebPage","@id":"https:\/\/auslaenderaemter.com\/auslaenderaemter-in-niedersachsen\/","url":"https:\/\/auslaenderaemter.com\/auslaenderaemter-in-niedersachsen\/","name":"Immigratiekantoren in Nedersaksen | Adres, adres en contact","isPartOf":{"@id":"https:\/\/auslaenderaemter.com\/#website"},"primaryImageOfPage":{"@id":"https:\/\/auslaenderaemter.com\/auslaenderaemter-in-niedersachsen\/#primaryimage"},"image":{"@id":"https:\/\/auslaenderaemter.com\/auslaenderaemter-in-niedersachsen\/#primaryimage"},"thumbnailUrl":"https:\/\/auslaenderaemter.com\/wp-content\/uploads\/2021\/01\/city-263069_640.jpg","datePublished":"2021-01-26T13:39:06+00:00","dateModified":"2022-07-04T16:44:18+00:00","description":"Immigratiekantoren in Nedersaksen | Adres en adres \u2713 Telefoonnummer, contact en openingstijden \u2713 Immigratie-instanties in Duitsland","breadcrumb":{"@id":"https:\/\/auslaenderaemter.com\/auslaenderaemter-in-niedersachsen\/#breadcrumb"},"inLanguage":"nl-NL","potentialAction":[{"@type":"ReadAction","target":["https:\/\/auslaenderaemter.com\/auslaenderaemter-in-niedersachsen\/"]}]},{"@type":"ImageObject","inLanguage":"nl-NL","@id":"https:\/\/auslaenderaemter.com\/auslaenderaemter-in-niedersachsen\/#primaryimage","url":"https:\/\/auslaenderaemter.com\/wp-content\/uploads\/2021\/01\/city-263069_640.jpg","contentUrl":"https:\/\/auslaenderaemter.com\/wp-content\/uploads\/2021\/01\/city-263069_640.jpg","width":640,"height":480,"caption":"Ausl\u00e4nder\u00e4mter in Deutschland"},{"@type":"BreadcrumbList","@id":"https:\/\/auslaenderaemter.com\/auslaenderaemter-in-niedersachsen\/#breadcrumb","itemListElement":[{"@type":"ListItem","position":1,"name":"Startseite","item":"https:\/\/auslaenderaemter.com\/"},{"@type":"ListItem","position":2,"name":"Ausl\u00e4nder\u00e4mter in Niedersachsen"}]},{"@type":"WebSite","@id":"https:\/\/auslaenderaemter.com\/#website","url":"https:\/\/auslaenderaemter.com\/","name":"auslaenderaemter.com","description":"","publisher":{"@id":"https:\/\/auslaenderaemter.com\/#organization"},"potentialAction":[{"@type":"SearchAction","target":{"@type":"EntryPoint","urlTemplate":"https:\/\/auslaenderaemter.com\/?s={search_term_string}"},"query-input":{"@type":"PropertyValueSpecification","valueRequired":true,"valueName":"search_term_string"}}],"inLanguage":"nl-NL"},{"@type":"Organization","@id":"https:\/\/auslaenderaemter.com\/#organization","name":"auslaenderaemter.com","url":"https:\/\/auslaenderaemter.com\/","logo":{"@type":"ImageObject","inLanguage":"nl-NL","@id":"https:\/\/auslaenderaemter.com\/#\/schema\/logo\/image\/","url":"https:\/\/auslaenderaemter.com\/wp-content\/uploads\/2021\/01\/cropped-Vollmond-info-13.png","contentUrl":"https:\/\/auslaenderaemter.com\/wp-content\/uploads\/2021\/01\/cropped-Vollmond-info-13.png","width":500,"height":117,"caption":"auslaenderaemter.com"},"image":{"@id":"https:\/\/auslaenderaemter.com\/#\/schema\/logo\/image\/"}}]}},"_links":{"self":[{"href":"https:\/\/auslaenderaemter.com\/nl\/wp-json\/wp\/v2\/pages\/58","targetHints":{"allow":["GET"]}}],"collection":[{"href":"https:\/\/auslaenderaemter.com\/nl\/wp-json\/wp\/v2\/pages"}],"about":[{"href":"https:\/\/auslaenderaemter.com\/nl\/wp-json\/wp\/v2\/types\/page"}],"author":[{"embeddable":true,"href":"https:\/\/auslaenderaemter.com\/nl\/wp-json\/wp\/v2\/users\/1"}],"replies":[{"embeddable":true,"href":"https:\/\/auslaenderaemter.com\/nl\/wp-json\/wp\/v2\/comments?post=58"}],"version-history":[{"count":0,"href":"https:\/\/auslaenderaemter.com\/nl\/wp-json\/wp\/v2\/pages\/58\/revisions"}],"wp:featuredmedia":[{"embeddable":true,"href":"https:\/\/auslaenderaemter.com\/nl\/wp-json\/wp\/v2\/media\/37"}],"wp:attachment":[{"href":"https:\/\/auslaenderaemter.com\/nl\/wp-json\/wp\/v2\/media?parent=58"}],"curies":[{"name":"wp","href":"https:\/\/api.w.org\/{rel}","templated":true}]}}