{"id":2016,"date":"2021-02-17T13:31:31","date_gmt":"2021-02-17T12:31:31","guid":{"rendered":"https:\/\/auslaenderaemter.com\/?page_id=2016"},"modified":"2022-07-08T11:33:03","modified_gmt":"2022-07-08T09:33:03","slug":"verpflichtungserklaerung","status":"publish","type":"page","link":"https:\/\/auslaenderaemter.com\/pl\/deklaracja-zobowiazania\/","title":{"rendered":"deklaracja zobowi\u0105zania"},"content":{"rendered":"<figure id=\"attachment_3094\" aria-describedby=\"caption-attachment-3094\" style=\"width: 600px\" class=\"wp-caption aligncenter\"><img fetchpriority=\"high\" decoding=\"async\" class=\"wp-image-3094 size-full\" src=\"https:\/\/auslaenderaemter.com\/wp-content\/uploads\/2021\/02\/Design-ohne-Titel-8.png\" alt=\"deklaracja zobowi\u0105zania\" width=\"600\" height=\"400\" srcset=\"https:\/\/auslaenderaemter.com\/wp-content\/uploads\/2021\/02\/Design-ohne-Titel-8.png 600w, https:\/\/auslaenderaemter.com\/wp-content\/uploads\/2021\/02\/Design-ohne-Titel-8-300x200.png 300w\" sizes=\"(max-width: 600px) 100vw, 600px\" \/><figcaption id=\"caption-attachment-3094\" class=\"wp-caption-text\">Z deklaracj\u0105 zaanga\u017cowania mo\u017cesz umo\u017cliwi\u0107 osobom z zagranicy wjazd i pobyt w Niemczech<\/figcaption><\/figure>\n<h2>Deklaracja Zaanga\u017cowania dla Go\u015bci Zagranicznych<\/h2>\n<p>Aby zabezpieczy\u0107 <strong>wydatki na \u017cycie<\/strong> <strong>przez obywateli pa\u0144stw trzecich<\/strong> (uchod\u017acy lub emigranci) s\u0142u\u017cy tzw\u00a0<strong>deklaracja zobowi\u0105zania<\/strong>. Co do zasady cudzoziemcy, kt\u00f3rzy potrzebuj\u0105 wizy, musz\u0105 mie\u0107 wystarczaj\u0105c\u0105 ilo\u015b\u0107 <strong>fundusze w\u0142asne<\/strong>, aby m\u00f3c pokry\u0107 koszty zwi\u0105zane z planowanym pobytem.<\/p>\n<p>Cudzoziemiec z obowi\u0105zkow\u0105 wiz\u0105, kt\u00f3ry nie posiada niezb\u0119dnych\/mo\u017cliwych do wykazania <strong>fundusze w\u0142asne<\/strong>, wiza mo\u017ce by\u0107 nadal wydana, je\u017celi na podstawie o\u015bwiadczenia o zobowi\u0105zaniu osoby, firmy lub stowarzyszenia, kt\u00f3rych g\u0142\u00f3wnym miejscem zamieszkania jest Niemcy, <strong>przej\u0119cie wszystkich koszt\u00f3w<\/strong> on pod\u0105\u017ca.<\/p>\n<h2>Czym jest deklaracja zaanga\u017cowania?<\/h2>\n<p>Osoba\/firma lub stowarzyszenie zgadza si\u0119 z deklaracj\u0105 zobowi\u0105zania do: <strong>pokry\u0107 wszystkie koszty<\/strong>, kt\u00f3ry wynika z pobytu osoby ubiegaj\u0105cej si\u0119 o wiz\u0119 dla publicznych os\u00f3b prawnych.<\/p>\n<p>Deklaracja zobowi\u0105za\u0144 obejmuje zatem r\u00f3wnie\u017c zwrot koszt\u00f3w leczenia w szpitalach publicznych, chyba \u017ce istnieje ju\u017c odpowiednie ubezpieczenie zdrowotne. Deklaracja zobowi\u0105zania obejmuje r\u00f3wnie\u017c koszty procedury policyjnej imigracyjnej, je\u015bli nie opu\u015bcisz kraju po wyga\u015bni\u0119ciu wizy.<\/p>\n<h3>Dokumenty wymagane do z\u0142o\u017cenia deklaracji zobowi\u0105za\u0144<\/h3>\n<p>Aby osoba\/firma lub stowarzyszenie mog\u0142y z\u0142o\u017cy\u0107 deklaracj\u0119 zaanga\u017cowania, nale\u017cy r\u00f3wnie\u017c przedstawi\u0107 pewne dowody. Osoby prywatne musz\u0105 przedstawi\u0107 inny dow\u00f3d ni\u017c firma\/stowarzyszenie. wystarczy jej <strong>doch\u00f3d to za ma\u0142o<\/strong>, cz\u0119sto jest <strong>zablokowane konto<\/strong> niezb\u0119dny. Jest to specjalne konto, kt\u00f3rym posiadacz nie mo\u017ce swobodnie dysponowa\u0107. Wnioskodawca musi wp\u0142aci\u0107 na zablokowane konto minimaln\u0105 kwot\u0119 wymagan\u0105 przez prawo. Kwota ta pozostaje zablokowana do czasu, gdy odwiedzaj\u0105cy ponownie opu\u015bci Niemcy.<\/p>\n<p><strong>Osoby fizyczne musz\u0105 z\u0142o\u017cy\u0107 nast\u0119puj\u0105ce dokumenty:<\/strong><\/p>\n<ul>\n<li>Dow\u00f3d to\u017csamo\u015bci (np. paszport lub dow\u00f3d osobisty)<\/li>\n<li>Potwierdzenie Rejestracji<\/li>\n<li>Dow\u00f3d dochodu (np. odcinek wyp\u0142aty lub naliczenie podatku dochodowego)<\/li>\n<li>Dow\u00f3d jakichkolwiek zobowi\u0105za\u0144 finansowych, takich jak sp\u0142ata po\u017cyczki lub alimenty<\/li>\n<li>Dow\u00f3d umowy najmu lub tytu\u0142u w\u0142asno\u015bci<\/li>\n<li>Dow\u00f3d zwi\u0105zku z osob\u0105 zaproszon\u0105<\/li>\n<\/ul>\n<p><strong>Firmy i stowarzyszenia musz\u0105 z\u0142o\u017cy\u0107 te dokumenty:<\/strong><\/p>\n<ul>\n<li>Dow\u00f3d to\u017csamo\u015bci przedstawiciela firmy\/stowarzyszenia i ewentualnie dow\u00f3d uprawnienia do reprezentacji<\/li>\n<li>Wyci\u0105g z rejestru sp\u00f3\u0142ek lub ze statutu<\/li>\n<li>Dow\u00f3d zdolno\u015bci kredytowej firmy\/stowarzyszenia<\/li>\n<li>Dow\u00f3d powi\u0105zania z osob\u0105 zaproszon\u0105 (je\u015bli jest dost\u0119pny, np. relacje biznesowe itp.)<\/li>\n<\/ul>\n<h3>Jak d\u0142ugo deklaracja zobowi\u0105zania jest wa\u017cna i czy mo\u017cna j\u0105 odwo\u0142a\u0107?<\/h3>\n<p>Z regu\u0142y ambasada przyjmuje deklaracje zaanga\u017cowania <strong>do 6 miesi\u0119cy <\/strong>po wystawie. Zasadniczo od z\u0142o\u017cenia deklaracji zobowi\u0105zania do wydania wizy nie powinno up\u0142yn\u0105\u0107 wi\u0119cej ni\u017c 6 miesi\u0119cy. Dzieje si\u0119 tak, poniewa\u017c <strong>sytuacja finansowa<\/strong> deklaruj\u0105cego w mi\u0119dzyczasie <strong>mog\u0142o si\u0119 zmieni\u0107<\/strong>. Je\u017celi okres 6 miesi\u0119cy ju\u017c min\u0105\u0142, zwykle konieczne jest z\u0142o\u017cenie nowej deklaracji zobowi\u0105zania.<\/p>\n<p>Prawo nie przewiduje odwo\u0142ania deklaracji zobowi\u0105zania. Federalne Ministerstwo Spraw Zagranicznych nie wie, czy odwo\u0142anie mo\u017ce zapobiec obowi\u0105zkowi zwrotu koszt\u00f3w w przypadku szkody. Federalne Ministerstwo Spraw Zagranicznych nie mo\u017ce zagwarantowa\u0107, \u017ce wiz\u0119 mo\u017cna uniemo\u017cliwi\u0107 tylko w przypadku cofni\u0119cia deklaracji zobowi\u0105zania.<\/p>\n<h3>Ile kosztuje deklaracja zobowi\u0105zania?<\/h3>\n<p>Op\u0142ata za deklaracj\u0119 zobowi\u0105zania\u00a0<strong>to 29 euro<\/strong>. Zgodnie z \u00a7 47 ust. 1 pkt 12 zarz\u0105dzenia w sprawie pobytu op\u0142at\u0119 nale\u017cy ui\u015bci\u0107 r\u00f3wnie\u017c w przypadku wycofania wniosku.<\/p>\n<div class=\"su-note\"  style=\"border-color:#dadbdd;border-radius:2px;-moz-border-radius:2px;-webkit-border-radius:2px;\"><div class=\"su-note-inner su-u-clearfix su-u-trim\" style=\"background-color:#f4f5f7;border-color:#ffffff;color:#333333;border-radius:2px;-moz-border-radius:2px;-webkit-border-radius:2px;\"><strong>Uwaga:<\/strong> W przypadku urz\u0119d\u00f3w, urz\u0119d\u00f3w lub s\u0105d\u00f3w zwykle potrzebujesz dokument\u00f3w, za\u015bwiadcze\u0144 lub za\u015bwiadcze\u0144 jako: <a href=\"https:\/\/auslaenderaemter.com\/pl\/tlumaczenia-przysiegle-do-dokumentow-urzedowych\/\">t\u0142umaczenie przysi\u0119g\u0142e<\/a>.<\/div><\/div>\n<h3>Kt\u00f3ry okres jest finansowo obj\u0119ty deklaracj\u0105 zobowi\u0105zania?<\/h3>\n<p>Zasadniczo poprzez deklaracj\u0119 w\u0142a\u015bnie pomi\u0119dzy<strong> 90 dni<\/strong> Bezpieczne finansowo do 6 miesi\u0119cy. Ka\u017cdy, kto potrzebuje d\u0142u\u017cszej wizy, musi udowodni\u0107 swoj\u0105 zdolno\u015b\u0107 finansow\u0105 na pozosta\u0142y okres. nadaj\u0105 si\u0119 do tego <strong>Wyci\u0105gi bankowe z ostatnich 3-6 miesi\u0119cy<\/strong>, kt\u00f3re daj\u0105 przegl\u0105d przybli\u017conych dochod\u00f3w miesi\u0119cznych.<\/p>\n<ul>\n<li><strong>Spodziewasz si\u0119 go\u015bci z zagranicy?<\/strong> Z <a href=\"https:\/\/auslaenderaemter.com\/pl\/ubezpieczenie-dla-obcokrajowcow\/\">Ubezpieczenie dla go\u015bci zagranicznych<\/a>\u00a0jeste\u015b w pe\u0142ni chroniony w Niemczech i Europie.<\/li>\n<\/ul>\n<h3>Dalej<span class=\"ez-toc-section\">\u00a0<\/span>linki i \u017ar\u00f3d\u0142a<\/h3>\n<ul>\n<li><a href=\"https:\/\/auslaenderaemter.com\/pl\/\" data-wpel-link=\"internal\">Urz\u0119dy Imigracyjne w Niemczech<\/a><\/li>\n<li><a href=\"https:\/\/auslaenderaemter.com\/pl\/zezwolenie-na-pobyt\/\">zezwolenie na pobyt<\/a><\/li>\n<\/ul>","protected":false},"excerpt":{"rendered":"<p>O\u015bwiadczenie o zobowi\u0105zaniu dla go\u015bci zagranicznych Do pokrycia koszt\u00f3w utrzymania obywateli pa\u0144stw trzecich (uchod\u017ac\u00f3w lub emigrant\u00f3w) stosuje si\u0119 tzw. o\u015bwiadczenie o zobowi\u0105zaniu. Co do zasady cudzoziemcy ubiegaj\u0105cy si\u0119 o wiz\u0119 musz\u0105 posiada\u0107 \u015brodki w\u0142asne wystarczaj\u0105ce na pokrycie koszt\u00f3w zwi\u0105zanych z planowanym pobytem. Cudzoziemiec potrzebuj\u0105cy wizy, kt\u00f3ry nie posiada niezb\u0119dnych\/mo\u017cliwych do wykazania \u015brodk\u00f3w w\u0142asnych, mo\u017ce w dalszym ci\u0105gu otrzyma\u0107...&nbsp;<a href=\"https:\/\/auslaenderaemter.com\/pl\/deklaracja-zobowiazania\/\" rel=\"bookmark\">Czytaj wi\u0119cej \u00bb<span class=\"screen-reader-text\">deklaracja zobowi\u0105zania<\/span><\/a><\/p>","protected":false},"author":1,"featured_media":0,"parent":0,"menu_order":0,"comment_status":"closed","ping_status":"closed","template":"","meta":{"neve_meta_sidebar":"","neve_meta_container":"","neve_meta_enable_content_width":"on","neve_meta_content_width":100,"neve_meta_title_alignment":"","neve_meta_author_avatar":"","neve_post_elements_order":"","neve_meta_disable_header":"","neve_meta_disable_footer":"","neve_meta_disable_title":"","neve_meta_reading_time":"","footnotes":""},"class_list":["post-2016","page","type-page","status-publish","hentry"],"yoast_head":"<!-- This site is optimized with the Yoast SEO plugin v27.5 - https:\/\/yoast.com\/product\/yoast-seo-wordpress\/ -->\n<title>Verpflichtungserkl\u00e4rung f\u00fcr ausl\u00e4ndische Besucher in Deutschland<\/title>\n<meta name=\"description\" content=\"Mit der Verpflichtungserkl\u00e4rung k\u00f6nnen Sie Personen aus dem Ausland die Einreise und den Aufenthalt in Deutschland erm\u00f6glichen\" \/>\n<meta name=\"robots\" content=\"index, follow, max-snippet:-1, max-image-preview:large, max-video-preview:-1\" \/>\n<link rel=\"canonical\" href=\"https:\/\/auslaenderaemter.com\/pl\/deklaracja-zobowiazania\/\" \/>\n<meta property=\"og:locale\" content=\"pl_PL\" \/>\n<meta property=\"og:type\" content=\"article\" \/>\n<meta property=\"og:title\" content=\"Verpflichtungserkl\u00e4rung f\u00fcr ausl\u00e4ndische Besucher in Deutschland\" \/>\n<meta property=\"og:description\" content=\"Mit der Verpflichtungserkl\u00e4rung k\u00f6nnen Sie Personen aus dem Ausland die Einreise und den Aufenthalt in Deutschland erm\u00f6glichen\" \/>\n<meta property=\"og:url\" content=\"https:\/\/auslaenderaemter.com\/pl\/deklaracja-zobowiazania\/\" \/>\n<meta property=\"og:site_name\" content=\"auslaenderaemter.com\" \/>\n<meta property=\"article:modified_time\" content=\"2022-07-08T09:33:03+00:00\" \/>\n<meta property=\"og:image\" content=\"https:\/\/auslaenderaemter.com\/wp-content\/uploads\/2021\/02\/Design-ohne-Titel-8.png\" \/>\n<meta name=\"twitter:card\" content=\"summary_large_image\" \/>\n<meta name=\"twitter:label1\" content=\"Szacowany czas czytania\" \/>\n\t<meta name=\"twitter:data1\" content=\"3 minuty\" \/>\n<script type=\"application\/ld+json\" class=\"yoast-schema-graph\">{\"@context\":\"https:\\\/\\\/schema.org\",\"@graph\":[{\"@type\":\"WebPage\",\"@id\":\"https:\\\/\\\/auslaenderaemter.com\\\/verpflichtungserklaerung\\\/\",\"url\":\"https:\\\/\\\/auslaenderaemter.com\\\/verpflichtungserklaerung\\\/\",\"name\":\"Verpflichtungserkl\u00e4rung f\u00fcr ausl\u00e4ndische Besucher in Deutschland\",\"isPartOf\":{\"@id\":\"https:\\\/\\\/auslaenderaemter.com\\\/#website\"},\"primaryImageOfPage\":{\"@id\":\"https:\\\/\\\/auslaenderaemter.com\\\/verpflichtungserklaerung\\\/#primaryimage\"},\"image\":{\"@id\":\"https:\\\/\\\/auslaenderaemter.com\\\/verpflichtungserklaerung\\\/#primaryimage\"},\"thumbnailUrl\":\"https:\\\/\\\/auslaenderaemter.com\\\/wp-content\\\/uploads\\\/2021\\\/02\\\/Design-ohne-Titel-8.png\",\"datePublished\":\"2021-02-17T12:31:31+00:00\",\"dateModified\":\"2022-07-08T09:33:03+00:00\",\"description\":\"Mit der Verpflichtungserkl\u00e4rung k\u00f6nnen Sie Personen aus dem Ausland die Einreise und den Aufenthalt in Deutschland erm\u00f6glichen\",\"breadcrumb\":{\"@id\":\"https:\\\/\\\/auslaenderaemter.com\\\/verpflichtungserklaerung\\\/#breadcrumb\"},\"inLanguage\":\"pl-PL\",\"potentialAction\":[{\"@type\":\"ReadAction\",\"target\":[\"https:\\\/\\\/auslaenderaemter.com\\\/verpflichtungserklaerung\\\/\"]}]},{\"@type\":\"ImageObject\",\"inLanguage\":\"pl-PL\",\"@id\":\"https:\\\/\\\/auslaenderaemter.com\\\/verpflichtungserklaerung\\\/#primaryimage\",\"url\":\"https:\\\/\\\/auslaenderaemter.com\\\/wp-content\\\/uploads\\\/2021\\\/02\\\/Design-ohne-Titel-8.png\",\"contentUrl\":\"https:\\\/\\\/auslaenderaemter.com\\\/wp-content\\\/uploads\\\/2021\\\/02\\\/Design-ohne-Titel-8.png\"},{\"@type\":\"BreadcrumbList\",\"@id\":\"https:\\\/\\\/auslaenderaemter.com\\\/verpflichtungserklaerung\\\/#breadcrumb\",\"itemListElement\":[{\"@type\":\"ListItem\",\"position\":1,\"name\":\"Startseite\",\"item\":\"https:\\\/\\\/auslaenderaemter.com\\\/\"},{\"@type\":\"ListItem\",\"position\":2,\"name\":\"Verpflichtungserkl\u00e4rung\"}]},{\"@type\":\"WebSite\",\"@id\":\"https:\\\/\\\/auslaenderaemter.com\\\/#website\",\"url\":\"https:\\\/\\\/auslaenderaemter.com\\\/\",\"name\":\"auslaenderaemter.com\",\"description\":\"\",\"publisher\":{\"@id\":\"https:\\\/\\\/auslaenderaemter.com\\\/#organization\"},\"potentialAction\":[{\"@type\":\"SearchAction\",\"target\":{\"@type\":\"EntryPoint\",\"urlTemplate\":\"https:\\\/\\\/auslaenderaemter.com\\\/?s={search_term_string}\"},\"query-input\":{\"@type\":\"PropertyValueSpecification\",\"valueRequired\":true,\"valueName\":\"search_term_string\"}}],\"inLanguage\":\"pl-PL\"},{\"@type\":\"Organization\",\"@id\":\"https:\\\/\\\/auslaenderaemter.com\\\/#organization\",\"name\":\"auslaenderaemter.com\",\"url\":\"https:\\\/\\\/auslaenderaemter.com\\\/\",\"logo\":{\"@type\":\"ImageObject\",\"inLanguage\":\"pl-PL\",\"@id\":\"https:\\\/\\\/auslaenderaemter.com\\\/#\\\/schema\\\/logo\\\/image\\\/\",\"url\":\"https:\\\/\\\/auslaenderaemter.com\\\/wp-content\\\/uploads\\\/2021\\\/01\\\/cropped-Vollmond-info-13.png\",\"contentUrl\":\"https:\\\/\\\/auslaenderaemter.com\\\/wp-content\\\/uploads\\\/2021\\\/01\\\/cropped-Vollmond-info-13.png\",\"width\":500,\"height\":117,\"caption\":\"auslaenderaemter.com\"},\"image\":{\"@id\":\"https:\\\/\\\/auslaenderaemter.com\\\/#\\\/schema\\\/logo\\\/image\\\/\"}}]}<\/script>\n<!-- \/ Yoast SEO plugin. -->","yoast_head_json":{"title":"Deklaracja zaanga\u017cowania dla zagranicznych go\u015bci w Niemczech","description":"Z deklaracj\u0105 zaanga\u017cowania mo\u017cesz umo\u017cliwi\u0107 osobom z zagranicy wjazd i pobyt w Niemczech","robots":{"index":"index","follow":"follow","max-snippet":"max-snippet:-1","max-image-preview":"max-image-preview:large","max-video-preview":"max-video-preview:-1"},"canonical":"https:\/\/auslaenderaemter.com\/pl\/deklaracja-zobowiazania\/","og_locale":"pl_PL","og_type":"article","og_title":"Verpflichtungserkl\u00e4rung f\u00fcr ausl\u00e4ndische Besucher in Deutschland","og_description":"Mit der Verpflichtungserkl\u00e4rung k\u00f6nnen Sie Personen aus dem Ausland die Einreise und den Aufenthalt in Deutschland erm\u00f6glichen","og_url":"https:\/\/auslaenderaemter.com\/pl\/deklaracja-zobowiazania\/","og_site_name":"auslaenderaemter.com","article_modified_time":"2022-07-08T09:33:03+00:00","og_image":[{"url":"https:\/\/auslaenderaemter.com\/wp-content\/uploads\/2021\/02\/Design-ohne-Titel-8.png","type":"","width":"","height":""}],"twitter_card":"summary_large_image","twitter_misc":{"Szacowany czas czytania":"3 minuty"},"schema":{"@context":"https:\/\/schema.org","@graph":[{"@type":"WebPage","@id":"https:\/\/auslaenderaemter.com\/verpflichtungserklaerung\/","url":"https:\/\/auslaenderaemter.com\/verpflichtungserklaerung\/","name":"Deklaracja zaanga\u017cowania dla zagranicznych go\u015bci w Niemczech","isPartOf":{"@id":"https:\/\/auslaenderaemter.com\/#website"},"primaryImageOfPage":{"@id":"https:\/\/auslaenderaemter.com\/verpflichtungserklaerung\/#primaryimage"},"image":{"@id":"https:\/\/auslaenderaemter.com\/verpflichtungserklaerung\/#primaryimage"},"thumbnailUrl":"https:\/\/auslaenderaemter.com\/wp-content\/uploads\/2021\/02\/Design-ohne-Titel-8.png","datePublished":"2021-02-17T12:31:31+00:00","dateModified":"2022-07-08T09:33:03+00:00","description":"Z deklaracj\u0105 zaanga\u017cowania mo\u017cesz umo\u017cliwi\u0107 osobom z zagranicy wjazd i pobyt w Niemczech","breadcrumb":{"@id":"https:\/\/auslaenderaemter.com\/verpflichtungserklaerung\/#breadcrumb"},"inLanguage":"pl-PL","potentialAction":[{"@type":"ReadAction","target":["https:\/\/auslaenderaemter.com\/verpflichtungserklaerung\/"]}]},{"@type":"ImageObject","inLanguage":"pl-PL","@id":"https:\/\/auslaenderaemter.com\/verpflichtungserklaerung\/#primaryimage","url":"https:\/\/auslaenderaemter.com\/wp-content\/uploads\/2021\/02\/Design-ohne-Titel-8.png","contentUrl":"https:\/\/auslaenderaemter.com\/wp-content\/uploads\/2021\/02\/Design-ohne-Titel-8.png"},{"@type":"BreadcrumbList","@id":"https:\/\/auslaenderaemter.com\/verpflichtungserklaerung\/#breadcrumb","itemListElement":[{"@type":"ListItem","position":1,"name":"Startseite","item":"https:\/\/auslaenderaemter.com\/"},{"@type":"ListItem","position":2,"name":"Verpflichtungserkl\u00e4rung"}]},{"@type":"WebSite","@id":"https:\/\/auslaenderaemter.com\/#website","url":"https:\/\/auslaenderaemter.com\/","name":"auslaenderaemter.com","description":"","publisher":{"@id":"https:\/\/auslaenderaemter.com\/#organization"},"potentialAction":[{"@type":"SearchAction","target":{"@type":"EntryPoint","urlTemplate":"https:\/\/auslaenderaemter.com\/?s={search_term_string}"},"query-input":{"@type":"PropertyValueSpecification","valueRequired":true,"valueName":"search_term_string"}}],"inLanguage":"pl-PL"},{"@type":"Organization","@id":"https:\/\/auslaenderaemter.com\/#organization","name":"auslaenderaemter.com","url":"https:\/\/auslaenderaemter.com\/","logo":{"@type":"ImageObject","inLanguage":"pl-PL","@id":"https:\/\/auslaenderaemter.com\/#\/schema\/logo\/image\/","url":"https:\/\/auslaenderaemter.com\/wp-content\/uploads\/2021\/01\/cropped-Vollmond-info-13.png","contentUrl":"https:\/\/auslaenderaemter.com\/wp-content\/uploads\/2021\/01\/cropped-Vollmond-info-13.png","width":500,"height":117,"caption":"auslaenderaemter.com"},"image":{"@id":"https:\/\/auslaenderaemter.com\/#\/schema\/logo\/image\/"}}]}},"_links":{"self":[{"href":"https:\/\/auslaenderaemter.com\/pl\/wp-json\/wp\/v2\/pages\/2016","targetHints":{"allow":["GET"]}}],"collection":[{"href":"https:\/\/auslaenderaemter.com\/pl\/wp-json\/wp\/v2\/pages"}],"about":[{"href":"https:\/\/auslaenderaemter.com\/pl\/wp-json\/wp\/v2\/types\/page"}],"author":[{"embeddable":true,"href":"https:\/\/auslaenderaemter.com\/pl\/wp-json\/wp\/v2\/users\/1"}],"replies":[{"embeddable":true,"href":"https:\/\/auslaenderaemter.com\/pl\/wp-json\/wp\/v2\/comments?post=2016"}],"version-history":[{"count":0,"href":"https:\/\/auslaenderaemter.com\/pl\/wp-json\/wp\/v2\/pages\/2016\/revisions"}],"wp:attachment":[{"href":"https:\/\/auslaenderaemter.com\/pl\/wp-json\/wp\/v2\/media?parent=2016"}],"curies":[{"name":"wp","href":"https:\/\/api.w.org\/{rel}","templated":true}]}}