{"id":3081,"date":"2021-02-24T00:10:55","date_gmt":"2021-02-23T23:10:55","guid":{"rendered":"https:\/\/auslaenderaemter.com\/?page_id=3081"},"modified":"2021-03-15T21:48:15","modified_gmt":"2021-03-15T20:48:15","slug":"versicherungen-fuer-auslaendische-gaeste","status":"publish","type":"page","link":"https:\/\/auslaenderaemter.com\/pl\/ubezpieczenie-dla-obcokrajowcow\/","title":{"rendered":"Ubezpieczenie dla go\u015bci zagranicznych"},"content":{"rendered":"<p><img fetchpriority=\"high\" decoding=\"async\" class=\"aligncenter wp-image-3087 size-full\" src=\"https:\/\/auslaenderaemter.com\/wp-content\/uploads\/2021\/02\/couple-1030744_640.jpg\" alt=\"Ubezpieczenie dla go\u015bci zagranicznych\" width=\"640\" height=\"426\" srcset=\"https:\/\/auslaenderaemter.com\/wp-content\/uploads\/2021\/02\/couple-1030744_640.jpg 640w, https:\/\/auslaenderaemter.com\/wp-content\/uploads\/2021\/02\/couple-1030744_640-300x200.jpg 300w\" sizes=\"(max-width: 640px) 100vw, 640px\" \/><\/p>\n<p>Je\u015bli <strong>wczasowicze<\/strong>, <strong>ucze\u0144 j\u0119zyka<\/strong>, <strong>profesjonalny personel<\/strong> lub <strong>student Uniwersytetu<\/strong> \u2013 potrzebuj\u0105 go go\u015bcie zagraniczni w Niemczech i Europie <strong>Podr\u00f3\u017cne ubezpieczenie medyczne<\/strong>, kt\u00f3re spe\u0142niaj\u0105 wymagania Unii Europejskiej do <strong>wiza<\/strong> otrzyma\u0107 przyznane.<\/p>\n<p>Oczywi\u015bcie nie tylko mi\u0119dzynarodowe ubezpieczenie zdrowotne chroni przed wysokimi kosztami, ale tak\u017ce ubezpieczenie wypadkowe w podr\u00f3\u017cy. Je\u015bli planujesz d\u0142u\u017cszy pobyt w Niemczech, wykupienie ubezpieczenia awaryjnego, baga\u017cu i ubezpieczenia od odpowiedzialno\u015bci cywilnej jest wyra\u017an\u0105 zalet\u0105. Polecamy ubezpieczenie typu \u201ewszystko w jednym\u201d, kt\u00f3re zapewnia niezawodn\u0105 ochron\u0119 podczas pobytu w Niemczech.<\/p>\n<h2>Czy nie jestem obj\u0119ty ustawowym ubezpieczeniem zdrowotnym na wakacjach?<\/h2>\n<p>Za\u0142o\u017cenie jest bliskie, ale przychodzi <strong>ustawowe ubezpieczenie zdrowotne<\/strong> na choroby za granic\u0105 <strong>nie lub ogranicza si\u0119 do<\/strong>. Dlatego przed pobytem w Niemczech musisz wykupi\u0107 ubezpieczenie dla go\u015bci zagranicznych.<\/p>\n<h2>Ubezpieczenie zdrowotne w podr\u00f3\u017cy dla odwiedzaj\u0105cych<\/h2>\n<p>Ubezpieczenie dla go\u015bci zagranicznych chroni Ci\u0119 przed wysokimi kosztami i zabezpiecza pobyt w Niemczech. Cz\u0119sto dzieje si\u0119 to szybciej ni\u017c my\u015blisz: Jeden z\u0142y krok na w\u0119dr\u00f3wce, choroba lub utrata\/kradzie\u017c w\u0142asnego baga\u017cu i nagle stajesz przed niezwykle wysokimi kosztami. Leczenie i repatriacja z\u0142amanej nogi mo\u017ce szybko kosztowa\u0107 kilka tysi\u0119cy euro. Je\u015bli wykupi\u0142e\u015b ubezpieczenie dla go\u015bci zagranicznych, mo\u017cesz zaoszcz\u0119dzi\u0107 sobie wysokich koszt\u00f3w. Jest jednak kilka punkt\u00f3w, kt\u00f3re nale\u017cy wzi\u0105\u0107 pod uwag\u0119 przy wykupieniu ubezpieczenia dla go\u015bci zagranicznych.<\/p>\n<h2>Na co musz\u0119 zwr\u00f3ci\u0107 uwag\u0119, wykupuj\u0105c ubezpieczenie dla go\u015bci zagranicznych?<\/h2>\n<p><strong>Dobre ubezpieczenie dla go\u015bci zagranicznych charakteryzuje si\u0119 nast\u0119puj\u0105cymi punktami:<\/strong><\/p>\n<ul>\n<li>Ubezpieczenie dla go\u015bci zagranicznych spe\u0142nia wymogi UE<\/li>\n<li>Kompleksowa ochrona przed wieloma zagro\u017ceniami<\/li>\n<li>Szeroki wachlarz us\u0142ug<\/li>\n<li>Ubezpieczenie dla go\u015bci zagranicznych bez udzia\u0142u w\u0142asnego<\/li>\n<li>Ubezpieczony z medycznego punktu widzenia transport powrotny jest obj\u0119ty gwarancj\u0105<\/li>\n<\/ul>\n<h3>R\u00f3\u017cnica mi\u0119dzy podr\u00f3\u017cnym ubezpieczeniem zdrowotnym a mi\u0119dzynarodowym ubezpieczeniem zdrowotnym<\/h3>\n<p>Kluczowa r\u00f3\u017cnica mi\u0119dzy podr\u00f3\u017cnym ubezpieczeniem zdrowotnym a mi\u0119dzynarodowym ubezpieczeniem zdrowotnym <strong>zale\u017cy od czasu podr\u00f3\u017cy<\/strong>. Ubezpieczenie zdrowotne w podr\u00f3\u017cy jest szczeg\u00f3lnie op\u0142acalne na wakacje <strong>do oko\u0142o 8 tygodni<\/strong>. Je\u015bli jednak planujesz podr\u00f3\u017c d\u0142ugoterminow\u0105, zalecane jest mi\u0119dzynarodowe ubezpieczenie zdrowotne.<\/p>\n<h3>Nasza rekomendacja: Ubezpieczenie dla go\u015bci zagranicznych w Niemczech od Hansemerkur<\/h3>\n<p>Ubezpieczenie dla go\u015bci zagranicznych chroni Ci\u0119 przed wysokimi kosztami podczas pobytu w Niemczech. Warto wykupi\u0107 ubezpieczenie, zw\u0142aszcza je\u015bli planujesz podr\u00f3\u017c d\u0142ugoterminow\u0105. Bez wzgl\u0119du na to, czy jest to semestr wymiany, sta\u017c d\u0142ugoterminowy czy d\u0142uga wizyta u krewnych \u2013 polecamy <a href=\"https:\/\/tidd.ly\/3u98xUL\">Ubezpieczenie dla go\u015bci zagranicznych do 5 lat od Hansemerkur<\/a>*.<\/p>\n<p>Ubezpieczenie dla go\u015bci zagranicznych to jeden z najwa\u017cniejszych baga\u017cy podczas pobytu w Niemczech. Ubezpieczenie odwiedzaj\u0105cych Hansemerkur chroni Ci\u0119 <strong>do 5 lat<\/strong> przed wysokimi kosztami. Rekomendujemy rozszerzenie mi\u0119dzynarodowego ubezpieczenia zdrowotnego o ubezpieczenie od nast\u0119pstw nieszcz\u0119\u015bliwych wypadk\u00f3w w podr\u00f3\u017cy, ubezpieczenie od odpowiedzialno\u015bci cywilnej w podr\u00f3\u017cy, ubezpieczenie na wypadek wypadku w podr\u00f3\u017cy oraz ubezpieczenie baga\u017cu podr\u00f3\u017cnego, dzi\u0119ki czemu mo\u017cesz cieszy\u0107 si\u0119 szczeg\u00f3lnie kompleksow\u0105 ochron\u0105 ubezpieczeniow\u0105.<\/p>\n<p>Ubezpieczenie Hansemerkur dla go\u015bci zagranicznych jest odpowiednie dla pobyt\u00f3w d\u0142ugoterminowych do 5 lat w Niemczech. Hansemerkur charakteryzuje si\u0119 absolutn\u0105 przejrzysto\u015bci\u0105 koszt\u00f3w. Mo\u017cliwe s\u0105 r\u00f3wnie\u017c umowy kr\u00f3tkoterminowe. Na przyk\u0142ad, je\u015bli zdecydujesz si\u0119 na \u201eTarif Profi\u201d, otrzymasz mi\u0119dzynarodowe ubezpieczenie zdrowotne, ubezpieczenie od wypadk\u00f3w w podr\u00f3\u017cy, ubezpieczenie od odpowiedzialno\u015bci cywilnej w podr\u00f3\u017cy, ubezpieczenie od nag\u0142ych wypadk\u00f3w i ubezpieczenie baga\u017cu podr\u00f3\u017cnego w jednym. Oczywi\u015bcie mo\u017cesz r\u00f3wnie\u017c zdecydowa\u0107 si\u0119 na taryf\u0119 \u201eBasic\u201d, kt\u00f3ra obejmuje wszystkie ubezpieczenia dla go\u015bci zagranicznych z wyj\u0105tkiem ubezpieczenia baga\u017cu. Ubezpieczenia dla go\u015bci zagranicznych spe\u0142niaj\u0105 wymogi UE.<\/p>\n<p><!-- START ADVERTISER: HanseMerkur Versicherungsgruppe DE from awin.com --><\/p>\n<p><a href=\"https:\/\/www.awin1.com\/cread.php?s=2616553&amp;v=11705&amp;q=386611&amp;r=384383\"><br \/>\n<img decoding=\"async\" src=\"https:\/\/www.awin1.com\/cshow.php?s=2616553&amp;v=11705&amp;q=386611&amp;r=384383\" border=\"0\" \/><br \/>\n<\/a><\/p>\n<h3>Dalej<span class=\"ez-toc-section\">\u00a0<\/span>linki i \u017ar\u00f3d\u0142a<\/h3>\n<ul>\n<li><a href=\"https:\/\/auslaenderaemter.com\/pl\/deklaracja-zobowiazania\/\">Deklaracja Zaanga\u017cowania dla Go\u015bci Zagranicznych<\/a><\/li>\n<li><a href=\"https:\/\/auslaenderaemter.com\/pl\/\">Urz\u0119dy Imigracyjne w Niemczech<\/a><\/li>\n<\/ul>","protected":false},"excerpt":{"rendered":"<p>Niezale\u017cnie od tego, czy s\u0105 to wczasowicze, studenci j\u0119zyk\u00f3w obcych, personel specjalistyczny czy studenci \u2013 zagraniczni go\u015bcie w Niemczech i Europie potrzebuj\u0105 podr\u00f3\u017cnego ubezpieczenia zdrowotnego spe\u0142niaj\u0105cego wymagania Unii Europejskiej, aby otrzyma\u0107 wiz\u0119. Oczywi\u015bcie przed kosztownymi kosztami chroni nie tylko mi\u0119dzynarodowe ubezpieczenie zdrowotne, ale tak\u017ce ubezpieczenie od nast\u0119pstw nieszcz\u0119\u015bliwych wypadk\u00f3w w podr\u00f3\u017cy. Zawarcie ubezpieczenia awaryjnego, baga\u017cu i odpowiedzialno\u015bci cywilnej jest r\u00f3wnie\u017c wyra\u017an\u0105 zalet\u0105, gdy\u2026&nbsp;<a href=\"https:\/\/auslaenderaemter.com\/pl\/ubezpieczenie-dla-obcokrajowcow\/\" rel=\"bookmark\">Czytaj wi\u0119cej \u00bb<span class=\"screen-reader-text\">Ubezpieczenie dla go\u015bci zagranicznych<\/span><\/a><\/p>","protected":false},"author":1,"featured_media":3087,"parent":0,"menu_order":0,"comment_status":"closed","ping_status":"closed","template":"","meta":{"neve_meta_sidebar":"full-width","neve_meta_container":"","neve_meta_enable_content_width":"on","neve_meta_content_width":100,"neve_meta_title_alignment":"","neve_meta_author_avatar":"","neve_post_elements_order":"","neve_meta_disable_header":"","neve_meta_disable_footer":"","neve_meta_disable_title":"","neve_meta_reading_time":"","footnotes":""},"class_list":["post-3081","page","type-page","status-publish","has-post-thumbnail","hentry"],"yoast_head":"<!-- This site is optimized with the Yoast SEO plugin v27.4 - https:\/\/yoast.com\/product\/yoast-seo-wordpress\/ -->\n<title>Versicherung f\u00fcr ausl\u00e4ndische G\u00e4ste in Deutschland<\/title>\n<meta name=\"description\" content=\"Versicherungen f\u00fcr ausl\u00e4ndische G\u00e4ste bewahren Sie vor hohen Kosten und sichern Ihren Aufenthalt in Deutschland ab.\" \/>\n<meta name=\"robots\" content=\"index, follow, max-snippet:-1, max-image-preview:large, max-video-preview:-1\" \/>\n<link rel=\"canonical\" href=\"https:\/\/auslaenderaemter.com\/pl\/ubezpieczenie-dla-obcokrajowcow\/\" \/>\n<meta property=\"og:locale\" content=\"pl_PL\" \/>\n<meta property=\"og:type\" content=\"article\" \/>\n<meta property=\"og:title\" content=\"Versicherung f\u00fcr ausl\u00e4ndische G\u00e4ste in Deutschland\" \/>\n<meta property=\"og:description\" content=\"Versicherungen f\u00fcr ausl\u00e4ndische G\u00e4ste bewahren Sie vor hohen Kosten und sichern Ihren Aufenthalt in Deutschland ab.\" \/>\n<meta property=\"og:url\" content=\"https:\/\/auslaenderaemter.com\/pl\/ubezpieczenie-dla-obcokrajowcow\/\" \/>\n<meta property=\"og:site_name\" content=\"auslaenderaemter.com\" \/>\n<meta property=\"article:modified_time\" content=\"2021-03-15T20:48:15+00:00\" \/>\n<meta property=\"og:image\" content=\"https:\/\/auslaenderaemter.com\/wp-content\/uploads\/2021\/02\/couple-1030744_640.jpg\" \/>\n\t<meta property=\"og:image:width\" content=\"640\" \/>\n\t<meta property=\"og:image:height\" content=\"426\" \/>\n\t<meta property=\"og:image:type\" content=\"image\/jpeg\" \/>\n<meta name=\"twitter:card\" content=\"summary_large_image\" \/>\n<meta name=\"twitter:label1\" content=\"Szacowany czas czytania\" \/>\n\t<meta name=\"twitter:data1\" content=\"3 minuty\" \/>\n<script type=\"application\/ld+json\" class=\"yoast-schema-graph\">{\"@context\":\"https:\\\/\\\/schema.org\",\"@graph\":[{\"@type\":\"WebPage\",\"@id\":\"https:\\\/\\\/auslaenderaemter.com\\\/versicherungen-fuer-auslaendische-gaeste\\\/\",\"url\":\"https:\\\/\\\/auslaenderaemter.com\\\/versicherungen-fuer-auslaendische-gaeste\\\/\",\"name\":\"Versicherung f\u00fcr ausl\u00e4ndische G\u00e4ste in Deutschland\",\"isPartOf\":{\"@id\":\"https:\\\/\\\/auslaenderaemter.com\\\/#website\"},\"primaryImageOfPage\":{\"@id\":\"https:\\\/\\\/auslaenderaemter.com\\\/versicherungen-fuer-auslaendische-gaeste\\\/#primaryimage\"},\"image\":{\"@id\":\"https:\\\/\\\/auslaenderaemter.com\\\/versicherungen-fuer-auslaendische-gaeste\\\/#primaryimage\"},\"thumbnailUrl\":\"https:\\\/\\\/auslaenderaemter.com\\\/wp-content\\\/uploads\\\/2021\\\/02\\\/couple-1030744_640.jpg\",\"datePublished\":\"2021-02-23T23:10:55+00:00\",\"dateModified\":\"2021-03-15T20:48:15+00:00\",\"description\":\"Versicherungen f\u00fcr ausl\u00e4ndische G\u00e4ste bewahren Sie vor hohen Kosten und sichern Ihren Aufenthalt in Deutschland ab.\",\"breadcrumb\":{\"@id\":\"https:\\\/\\\/auslaenderaemter.com\\\/versicherungen-fuer-auslaendische-gaeste\\\/#breadcrumb\"},\"inLanguage\":\"pl-PL\",\"potentialAction\":[{\"@type\":\"ReadAction\",\"target\":[\"https:\\\/\\\/auslaenderaemter.com\\\/versicherungen-fuer-auslaendische-gaeste\\\/\"]}]},{\"@type\":\"ImageObject\",\"inLanguage\":\"pl-PL\",\"@id\":\"https:\\\/\\\/auslaenderaemter.com\\\/versicherungen-fuer-auslaendische-gaeste\\\/#primaryimage\",\"url\":\"https:\\\/\\\/auslaenderaemter.com\\\/wp-content\\\/uploads\\\/2021\\\/02\\\/couple-1030744_640.jpg\",\"contentUrl\":\"https:\\\/\\\/auslaenderaemter.com\\\/wp-content\\\/uploads\\\/2021\\\/02\\\/couple-1030744_640.jpg\",\"width\":640,\"height\":426,\"caption\":\"Versicherung f\u00fcr ausl\u00e4ndische G\u00e4ste\"},{\"@type\":\"BreadcrumbList\",\"@id\":\"https:\\\/\\\/auslaenderaemter.com\\\/versicherungen-fuer-auslaendische-gaeste\\\/#breadcrumb\",\"itemListElement\":[{\"@type\":\"ListItem\",\"position\":1,\"name\":\"Startseite\",\"item\":\"https:\\\/\\\/auslaenderaemter.com\\\/\"},{\"@type\":\"ListItem\",\"position\":2,\"name\":\"Versicherungen f\u00fcr ausl\u00e4ndische G\u00e4ste\"}]},{\"@type\":\"WebSite\",\"@id\":\"https:\\\/\\\/auslaenderaemter.com\\\/#website\",\"url\":\"https:\\\/\\\/auslaenderaemter.com\\\/\",\"name\":\"auslaenderaemter.com\",\"description\":\"\",\"publisher\":{\"@id\":\"https:\\\/\\\/auslaenderaemter.com\\\/#organization\"},\"potentialAction\":[{\"@type\":\"SearchAction\",\"target\":{\"@type\":\"EntryPoint\",\"urlTemplate\":\"https:\\\/\\\/auslaenderaemter.com\\\/?s={search_term_string}\"},\"query-input\":{\"@type\":\"PropertyValueSpecification\",\"valueRequired\":true,\"valueName\":\"search_term_string\"}}],\"inLanguage\":\"pl-PL\"},{\"@type\":\"Organization\",\"@id\":\"https:\\\/\\\/auslaenderaemter.com\\\/#organization\",\"name\":\"auslaenderaemter.com\",\"url\":\"https:\\\/\\\/auslaenderaemter.com\\\/\",\"logo\":{\"@type\":\"ImageObject\",\"inLanguage\":\"pl-PL\",\"@id\":\"https:\\\/\\\/auslaenderaemter.com\\\/#\\\/schema\\\/logo\\\/image\\\/\",\"url\":\"https:\\\/\\\/auslaenderaemter.com\\\/wp-content\\\/uploads\\\/2021\\\/01\\\/cropped-Vollmond-info-13.png\",\"contentUrl\":\"https:\\\/\\\/auslaenderaemter.com\\\/wp-content\\\/uploads\\\/2021\\\/01\\\/cropped-Vollmond-info-13.png\",\"width\":500,\"height\":117,\"caption\":\"auslaenderaemter.com\"},\"image\":{\"@id\":\"https:\\\/\\\/auslaenderaemter.com\\\/#\\\/schema\\\/logo\\\/image\\\/\"}}]}<\/script>\n<!-- \/ Yoast SEO plugin. -->","yoast_head_json":{"title":"Ubezpieczenie dla go\u015bci zagranicznych w Niemczech","description":"Ubezpieczenie dla go\u015bci zagranicznych chroni Ci\u0119 przed wysokimi kosztami i zabezpiecza pobyt w Niemczech.","robots":{"index":"index","follow":"follow","max-snippet":"max-snippet:-1","max-image-preview":"max-image-preview:large","max-video-preview":"max-video-preview:-1"},"canonical":"https:\/\/auslaenderaemter.com\/pl\/ubezpieczenie-dla-obcokrajowcow\/","og_locale":"pl_PL","og_type":"article","og_title":"Versicherung f\u00fcr ausl\u00e4ndische G\u00e4ste in Deutschland","og_description":"Versicherungen f\u00fcr ausl\u00e4ndische G\u00e4ste bewahren Sie vor hohen Kosten und sichern Ihren Aufenthalt in Deutschland ab.","og_url":"https:\/\/auslaenderaemter.com\/pl\/ubezpieczenie-dla-obcokrajowcow\/","og_site_name":"auslaenderaemter.com","article_modified_time":"2021-03-15T20:48:15+00:00","og_image":[{"width":640,"height":426,"url":"https:\/\/auslaenderaemter.com\/wp-content\/uploads\/2021\/02\/couple-1030744_640.jpg","type":"image\/jpeg"}],"twitter_card":"summary_large_image","twitter_misc":{"Szacowany czas czytania":"3 minuty"},"schema":{"@context":"https:\/\/schema.org","@graph":[{"@type":"WebPage","@id":"https:\/\/auslaenderaemter.com\/versicherungen-fuer-auslaendische-gaeste\/","url":"https:\/\/auslaenderaemter.com\/versicherungen-fuer-auslaendische-gaeste\/","name":"Ubezpieczenie dla go\u015bci zagranicznych w Niemczech","isPartOf":{"@id":"https:\/\/auslaenderaemter.com\/#website"},"primaryImageOfPage":{"@id":"https:\/\/auslaenderaemter.com\/versicherungen-fuer-auslaendische-gaeste\/#primaryimage"},"image":{"@id":"https:\/\/auslaenderaemter.com\/versicherungen-fuer-auslaendische-gaeste\/#primaryimage"},"thumbnailUrl":"https:\/\/auslaenderaemter.com\/wp-content\/uploads\/2021\/02\/couple-1030744_640.jpg","datePublished":"2021-02-23T23:10:55+00:00","dateModified":"2021-03-15T20:48:15+00:00","description":"Ubezpieczenie dla go\u015bci zagranicznych chroni Ci\u0119 przed wysokimi kosztami i zabezpiecza pobyt w Niemczech.","breadcrumb":{"@id":"https:\/\/auslaenderaemter.com\/versicherungen-fuer-auslaendische-gaeste\/#breadcrumb"},"inLanguage":"pl-PL","potentialAction":[{"@type":"ReadAction","target":["https:\/\/auslaenderaemter.com\/versicherungen-fuer-auslaendische-gaeste\/"]}]},{"@type":"ImageObject","inLanguage":"pl-PL","@id":"https:\/\/auslaenderaemter.com\/versicherungen-fuer-auslaendische-gaeste\/#primaryimage","url":"https:\/\/auslaenderaemter.com\/wp-content\/uploads\/2021\/02\/couple-1030744_640.jpg","contentUrl":"https:\/\/auslaenderaemter.com\/wp-content\/uploads\/2021\/02\/couple-1030744_640.jpg","width":640,"height":426,"caption":"Versicherung f\u00fcr ausl\u00e4ndische G\u00e4ste"},{"@type":"BreadcrumbList","@id":"https:\/\/auslaenderaemter.com\/versicherungen-fuer-auslaendische-gaeste\/#breadcrumb","itemListElement":[{"@type":"ListItem","position":1,"name":"Startseite","item":"https:\/\/auslaenderaemter.com\/"},{"@type":"ListItem","position":2,"name":"Versicherungen f\u00fcr ausl\u00e4ndische G\u00e4ste"}]},{"@type":"WebSite","@id":"https:\/\/auslaenderaemter.com\/#website","url":"https:\/\/auslaenderaemter.com\/","name":"auslaenderaemter.com","description":"","publisher":{"@id":"https:\/\/auslaenderaemter.com\/#organization"},"potentialAction":[{"@type":"SearchAction","target":{"@type":"EntryPoint","urlTemplate":"https:\/\/auslaenderaemter.com\/?s={search_term_string}"},"query-input":{"@type":"PropertyValueSpecification","valueRequired":true,"valueName":"search_term_string"}}],"inLanguage":"pl-PL"},{"@type":"Organization","@id":"https:\/\/auslaenderaemter.com\/#organization","name":"auslaenderaemter.com","url":"https:\/\/auslaenderaemter.com\/","logo":{"@type":"ImageObject","inLanguage":"pl-PL","@id":"https:\/\/auslaenderaemter.com\/#\/schema\/logo\/image\/","url":"https:\/\/auslaenderaemter.com\/wp-content\/uploads\/2021\/01\/cropped-Vollmond-info-13.png","contentUrl":"https:\/\/auslaenderaemter.com\/wp-content\/uploads\/2021\/01\/cropped-Vollmond-info-13.png","width":500,"height":117,"caption":"auslaenderaemter.com"},"image":{"@id":"https:\/\/auslaenderaemter.com\/#\/schema\/logo\/image\/"}}]}},"_links":{"self":[{"href":"https:\/\/auslaenderaemter.com\/pl\/wp-json\/wp\/v2\/pages\/3081","targetHints":{"allow":["GET"]}}],"collection":[{"href":"https:\/\/auslaenderaemter.com\/pl\/wp-json\/wp\/v2\/pages"}],"about":[{"href":"https:\/\/auslaenderaemter.com\/pl\/wp-json\/wp\/v2\/types\/page"}],"author":[{"embeddable":true,"href":"https:\/\/auslaenderaemter.com\/pl\/wp-json\/wp\/v2\/users\/1"}],"replies":[{"embeddable":true,"href":"https:\/\/auslaenderaemter.com\/pl\/wp-json\/wp\/v2\/comments?post=3081"}],"version-history":[{"count":0,"href":"https:\/\/auslaenderaemter.com\/pl\/wp-json\/wp\/v2\/pages\/3081\/revisions"}],"wp:featuredmedia":[{"embeddable":true,"href":"https:\/\/auslaenderaemter.com\/pl\/wp-json\/wp\/v2\/media\/3087"}],"wp:attachment":[{"href":"https:\/\/auslaenderaemter.com\/pl\/wp-json\/wp\/v2\/media?parent=3081"}],"curies":[{"name":"wp","href":"https:\/\/api.w.org\/{rel}","templated":true}]}}