{"id":3114,"date":"2021-03-15T20:52:29","date_gmt":"2021-03-15T19:52:29","guid":{"rendered":"https:\/\/auslaenderaemter.com\/?page_id=3114"},"modified":"2023-06-12T16:54:25","modified_gmt":"2023-06-12T14:54:25","slug":"aufenthaltstitel","status":"publish","type":"page","link":"https:\/\/auslaenderaemter.com\/pl\/zezwolenie-na-pobyt-2\/","title":{"rendered":"zezwolenie na pobyt"},"content":{"rendered":"<p><img fetchpriority=\"high\" decoding=\"async\" class=\"aligncenter wp-image-3152 size-full\" src=\"https:\/\/auslaenderaemter.com\/wp-content\/uploads\/2021\/03\/Zwischen\u00fcberschrift-hinf\u00fcgen-1.png\" alt=\"zezwolenie na pobyt\" width=\"600\" height=\"400\" srcset=\"\" sizes=\"(max-width: 600px) 100vw, 600px\" data-srcset=\"\" \/><\/p>\n<p>Ka\u017cdy, kto chce wjecha\u0107 do Niemiec jako obcokrajowiec lub obywatel kraju spoza UE, zazwyczaj potrzebuje na to zezwolenia. Zezwolenie to ma form\u0119 tzw. zezwolenia na pobyt. Razem tam<strong> siedem r\u00f3\u017cnych <\/strong>zezwolenie na pobyt<strong>,<\/strong> kt\u00f3re s\u0105 oparte mi\u0119dzy innymi na celu Twojego pobytu w Niemczech. Ale jaka forma zezwolenia na pobyt jest dla Ciebie w\u0142a\u015bciwa, a kt\u00f3re faktycznie istniej\u0105?<\/p>\n<h2>Znajd\u017a odpowiednie zezwolenie na pobyt<\/h2>\n<p>Zasadniczo zezwolenie na pobyt uprawnia obywatela pa\u0144stwa trzeciego do pobytu w Niemczech. Kraj trzeci oznacza wszystkie te kraje, kt\u00f3re: <a href=\"https:\/\/ec.europa.eu\/taxation_customs\/business\/calculation-customs-duties\/rules-origin\/introduction\/list-noneu-countries_de\" target=\"_blank\" rel=\"noopener\">nie nale\u017c\u0105 do Unii Europejskiej<\/a>. Siedem istniej\u0105cych tytu\u0142\u00f3w r\u00f3\u017cni si\u0119 przede wszystkim przeznaczeniem, okresem wa\u017cno\u015bci i wymaganiami.<\/p>\n<p>Podstawowym pytaniem, kt\u00f3re nale\u017cy sobie zada\u0107, je\u015bli chodzi o prawo do zezwolenia na pobyt, jest pow\u00f3d podr\u00f3\u017cy do Niemiec. Na przyk\u0142ad, je\u015bli chcesz zosta\u0107 na ograniczony i stosunkowo kr\u00f3tki okres czasu, na przyk\u0142ad na wakacje, semestr go\u015bcinny lub wizyt\u0119, potrzebujesz wizy. Je\u015bli planujesz pozosta\u0107 w Niemczech w celu odbycia szkolenia, podj\u0119cia pracy lub ze wzgl\u0119d\u00f3w humanitarnych lub politycznych, to <a href=\"https:\/\/auslaenderaemter.com\/pl\/zezwolenie-na-pobyt\/\">zezwolenie na pobyt<\/a> odpowiednie zezwolenie na pobyt dla Ciebie. Zezwolenie na pobyt jest zawsze wydawane w okre\u015blonym celu.<\/p>\n<p>W zwi\u0105zku z przyczynami zawodowymi pobytu w Niemczech istnieje r\u00f3wnie\u017c Niebieska Karta UE lub Karta ICT. Je\u015bli chcesz mieszka\u0107 na sta\u0142e w Niemczech lub w UE, potrzebujesz go <a href=\"https:\/\/auslaenderaemter.com\/pl\/zezwolenie-na-pobyt-staly\/\">zezwolenie na pobyt sta\u0142y<\/a> lub zezwolenie na pobyt sta\u0142y.<\/p>\n<p><strong>Te zezwolenia na pobyt s\u0105 dost\u0119pne w Niemczech:<\/strong><\/p>\n<ul>\n<li>zezwolenie na pobyt<\/li>\n<li>Zezwolenie na pobyt sta\u0142y w UE<\/li>\n<li>Niebieska Karta UE<\/li>\n<li>zezwolenie na osiedlenie si\u0119<\/li>\n<li>karta teleinformatyczna<\/li>\n<li>mobilna karta teleinformatyczna<\/li>\n<li>wiza<\/li>\n<\/ul>\n<h2>Elektroniczne zezwolenie na pobyt (eAT)<\/h2>\n<p>Elektroniczne zezwolenie na pobyt (eAT) to dokument w formacie karty kredytowej, na kt\u00f3rym Twoje dane osobowe, Twoje cechy biometryczne i wszelkie warunki s\u0105 przechowywane za pomoc\u0105 elektronicznego no\u015bnika pami\u0119ci. Ze wzgl\u0119du na te w\u0142a\u015bciwo\u015bci elektroniczne zezwolenie na pobyt mo\u017ce by\u0107 r\u00f3wnie\u017c wykorzystywane jako dokument online, na przyk\u0142ad w celu skorzystania z us\u0142ug urz\u0119dowych lub us\u0142ug komercyjnych.<\/p>\n<p>Od 2011 r. zezwolenia na pobyt s\u0105 zasadniczo wydawane wy\u0142\u0105cznie w formie elektronicznej.<\/p>\n<ul>\n<li><strong>Spodziewasz si\u0119 go\u015bci z zagranicy?<\/strong> Z <a href=\"https:\/\/auslaenderaemter.com\/pl\/ubezpieczenie-dla-obcokrajowcow\/\">Ubezpieczenie dla go\u015bci zagranicznych<\/a>\u00a0jeste\u015b w pe\u0142ni chroniony w Niemczech i Europie.<\/li>\n<\/ul>\n<h3>Dalej<span class=\"ez-toc-section\">\u00a0<\/span>linki i \u017ar\u00f3d\u0142a<\/h3>\n<ul>\n<li><a href=\"https:\/\/auslaenderaemter.com\/pl\/\" data-wpel-link=\"internal\">Urz\u0119dy Imigracyjne w Niemczech<\/a><\/li>\n<li><a href=\"https:\/\/auslaenderaemter.com\/pl\/certyfikat-fikcji\/\">certyfikat fikcji<\/a><\/li>\n<\/ul>","protected":false},"excerpt":{"rendered":"<p>Ka\u017cdy, kto chce wjecha\u0107 do Niemiec jako cudzoziemiec lub obywatel kraju spoza UE, z regu\u0142y potrzebuje pozwolenia. Zezwolenie to ma form\u0119 tzw. zezwolenia na pobyt. \u0141\u0105cznie dost\u0119pnych jest siedem r\u00f3\u017cnych zezwole\u0144 na pobyt, kt\u00f3re zale\u017c\u0105 mi\u0119dzy innymi od powodu pobytu w Niemczech. Ale kt\u00f3ra forma zezwolenia na pobyt jest dla Ciebie odpowiednia\u2026&nbsp;<a href=\"https:\/\/auslaenderaemter.com\/pl\/zezwolenie-na-pobyt-2\/\" rel=\"bookmark\">Czytaj wi\u0119cej \u00bb<span class=\"screen-reader-text\">zezwolenie na pobyt<\/span><\/a><\/p>","protected":false},"author":1,"featured_media":3152,"parent":0,"menu_order":0,"comment_status":"closed","ping_status":"closed","template":"","meta":{"neve_meta_sidebar":"full-width","neve_meta_container":"","neve_meta_enable_content_width":"on","neve_meta_content_width":100,"neve_meta_title_alignment":"","neve_meta_author_avatar":"","neve_post_elements_order":"","neve_meta_disable_header":"","neve_meta_disable_footer":"","neve_meta_disable_title":"","neve_meta_reading_time":"","footnotes":""},"class_list":["post-3114","page","type-page","status-publish","has-post-thumbnail","hentry"],"yoast_head":"<!-- This site is optimized with the Yoast SEO plugin v27.4 - https:\/\/yoast.com\/product\/yoast-seo-wordpress\/ -->\n<title>Den passenden Aufenthaltstitel finden - auslaenderaemter.com<\/title>\n<meta name=\"description\" content=\"Ein Aufenthaltstitel berechtigt den Angeh\u00f6rigen eines Drittstaates dazu, sich in Deutschland aufzuhalten. Doch welcher ist der passende?\" \/>\n<meta name=\"robots\" content=\"index, follow, max-snippet:-1, max-image-preview:large, max-video-preview:-1\" \/>\n<link rel=\"canonical\" href=\"https:\/\/auslaenderaemter.com\/pl\/zezwolenie-na-pobyt-2\/\" \/>\n<meta property=\"og:locale\" content=\"pl_PL\" \/>\n<meta property=\"og:type\" content=\"article\" \/>\n<meta property=\"og:title\" content=\"Den passenden Aufenthaltstitel finden - auslaenderaemter.com\" \/>\n<meta property=\"og:description\" content=\"Ein Aufenthaltstitel berechtigt den Angeh\u00f6rigen eines Drittstaates dazu, sich in Deutschland aufzuhalten. Doch welcher ist der passende?\" \/>\n<meta property=\"og:url\" content=\"https:\/\/auslaenderaemter.com\/pl\/zezwolenie-na-pobyt-2\/\" \/>\n<meta property=\"og:site_name\" content=\"auslaenderaemter.com\" \/>\n<meta property=\"article:modified_time\" content=\"2023-06-12T14:54:25+00:00\" \/>\n<meta property=\"og:image\" content=\"https:\/\/auslaenderaemter.com\/wp-content\/uploads\/2021\/03\/Zwischenu\u0308berschrift-hinzufu\u0308gen-1.png\" \/>\n\t<meta property=\"og:image:width\" content=\"600\" \/>\n\t<meta property=\"og:image:height\" content=\"400\" \/>\n\t<meta property=\"og:image:type\" content=\"image\/png\" \/>\n<meta name=\"twitter:card\" content=\"summary_large_image\" \/>\n<meta name=\"twitter:label1\" content=\"Szacowany czas czytania\" \/>\n\t<meta name=\"twitter:data1\" content=\"3 minuty\" \/>\n<script type=\"application\/ld+json\" class=\"yoast-schema-graph\">{\"@context\":\"https:\\\/\\\/schema.org\",\"@graph\":[{\"@type\":\"WebPage\",\"@id\":\"https:\\\/\\\/auslaenderaemter.com\\\/aufenthaltstitel\\\/\",\"url\":\"https:\\\/\\\/auslaenderaemter.com\\\/aufenthaltstitel\\\/\",\"name\":\"Den passenden Aufenthaltstitel finden - auslaenderaemter.com\",\"isPartOf\":{\"@id\":\"https:\\\/\\\/auslaenderaemter.com\\\/#website\"},\"primaryImageOfPage\":{\"@id\":\"https:\\\/\\\/auslaenderaemter.com\\\/aufenthaltstitel\\\/#primaryimage\"},\"image\":{\"@id\":\"https:\\\/\\\/auslaenderaemter.com\\\/aufenthaltstitel\\\/#primaryimage\"},\"thumbnailUrl\":\"https:\\\/\\\/auslaenderaemter.com\\\/wp-content\\\/uploads\\\/2021\\\/03\\\/Zwischenu\u0308berschrift-hinzufu\u0308gen-1.png\",\"datePublished\":\"2021-03-15T19:52:29+00:00\",\"dateModified\":\"2023-06-12T14:54:25+00:00\",\"description\":\"Ein Aufenthaltstitel berechtigt den Angeh\u00f6rigen eines Drittstaates dazu, sich in Deutschland aufzuhalten. Doch welcher ist der passende?\",\"breadcrumb\":{\"@id\":\"https:\\\/\\\/auslaenderaemter.com\\\/aufenthaltstitel\\\/#breadcrumb\"},\"inLanguage\":\"pl-PL\",\"potentialAction\":[{\"@type\":\"ReadAction\",\"target\":[\"https:\\\/\\\/auslaenderaemter.com\\\/aufenthaltstitel\\\/\"]}]},{\"@type\":\"ImageObject\",\"inLanguage\":\"pl-PL\",\"@id\":\"https:\\\/\\\/auslaenderaemter.com\\\/aufenthaltstitel\\\/#primaryimage\",\"url\":\"https:\\\/\\\/auslaenderaemter.com\\\/wp-content\\\/uploads\\\/2021\\\/03\\\/Zwischenu\u0308berschrift-hinzufu\u0308gen-1.png\",\"contentUrl\":\"https:\\\/\\\/auslaenderaemter.com\\\/wp-content\\\/uploads\\\/2021\\\/03\\\/Zwischenu\u0308berschrift-hinzufu\u0308gen-1.png\",\"width\":600,\"height\":400,\"caption\":\"Aufenthaltstitel\"},{\"@type\":\"BreadcrumbList\",\"@id\":\"https:\\\/\\\/auslaenderaemter.com\\\/aufenthaltstitel\\\/#breadcrumb\",\"itemListElement\":[{\"@type\":\"ListItem\",\"position\":1,\"name\":\"Startseite\",\"item\":\"https:\\\/\\\/auslaenderaemter.com\\\/\"},{\"@type\":\"ListItem\",\"position\":2,\"name\":\"Aufenthaltstitel\"}]},{\"@type\":\"WebSite\",\"@id\":\"https:\\\/\\\/auslaenderaemter.com\\\/#website\",\"url\":\"https:\\\/\\\/auslaenderaemter.com\\\/\",\"name\":\"auslaenderaemter.com\",\"description\":\"\",\"publisher\":{\"@id\":\"https:\\\/\\\/auslaenderaemter.com\\\/#organization\"},\"potentialAction\":[{\"@type\":\"SearchAction\",\"target\":{\"@type\":\"EntryPoint\",\"urlTemplate\":\"https:\\\/\\\/auslaenderaemter.com\\\/?s={search_term_string}\"},\"query-input\":{\"@type\":\"PropertyValueSpecification\",\"valueRequired\":true,\"valueName\":\"search_term_string\"}}],\"inLanguage\":\"pl-PL\"},{\"@type\":\"Organization\",\"@id\":\"https:\\\/\\\/auslaenderaemter.com\\\/#organization\",\"name\":\"auslaenderaemter.com\",\"url\":\"https:\\\/\\\/auslaenderaemter.com\\\/\",\"logo\":{\"@type\":\"ImageObject\",\"inLanguage\":\"pl-PL\",\"@id\":\"https:\\\/\\\/auslaenderaemter.com\\\/#\\\/schema\\\/logo\\\/image\\\/\",\"url\":\"https:\\\/\\\/auslaenderaemter.com\\\/wp-content\\\/uploads\\\/2021\\\/01\\\/cropped-Vollmond-info-13.png\",\"contentUrl\":\"https:\\\/\\\/auslaenderaemter.com\\\/wp-content\\\/uploads\\\/2021\\\/01\\\/cropped-Vollmond-info-13.png\",\"width\":500,\"height\":117,\"caption\":\"auslaenderaemter.com\"},\"image\":{\"@id\":\"https:\\\/\\\/auslaenderaemter.com\\\/#\\\/schema\\\/logo\\\/image\\\/\"}}]}<\/script>\n<!-- \/ Yoast SEO plugin. -->","yoast_head_json":{"title":"Znajd\u017a odpowiednie zezwolenie na pobyt - auslaenderaemter.com","description":"Zezwolenie na pobyt uprawnia obywatela pa\u0144stwa trzeciego do pobytu w Niemczech. Ale kt\u00f3ry z nich jest w\u0142a\u015bciwy?","robots":{"index":"index","follow":"follow","max-snippet":"max-snippet:-1","max-image-preview":"max-image-preview:large","max-video-preview":"max-video-preview:-1"},"canonical":"https:\/\/auslaenderaemter.com\/pl\/zezwolenie-na-pobyt-2\/","og_locale":"pl_PL","og_type":"article","og_title":"Den passenden Aufenthaltstitel finden - auslaenderaemter.com","og_description":"Ein Aufenthaltstitel berechtigt den Angeh\u00f6rigen eines Drittstaates dazu, sich in Deutschland aufzuhalten. Doch welcher ist der passende?","og_url":"https:\/\/auslaenderaemter.com\/pl\/zezwolenie-na-pobyt-2\/","og_site_name":"auslaenderaemter.com","article_modified_time":"2023-06-12T14:54:25+00:00","og_image":[{"width":600,"height":400,"url":"https:\/\/auslaenderaemter.com\/wp-content\/uploads\/2021\/03\/Zwischenu\u0308berschrift-hinzufu\u0308gen-1.png","type":"image\/png"}],"twitter_card":"summary_large_image","twitter_misc":{"Szacowany czas czytania":"3 minuty"},"schema":{"@context":"https:\/\/schema.org","@graph":[{"@type":"WebPage","@id":"https:\/\/auslaenderaemter.com\/aufenthaltstitel\/","url":"https:\/\/auslaenderaemter.com\/aufenthaltstitel\/","name":"Znajd\u017a odpowiednie zezwolenie na pobyt - auslaenderaemter.com","isPartOf":{"@id":"https:\/\/auslaenderaemter.com\/#website"},"primaryImageOfPage":{"@id":"https:\/\/auslaenderaemter.com\/aufenthaltstitel\/#primaryimage"},"image":{"@id":"https:\/\/auslaenderaemter.com\/aufenthaltstitel\/#primaryimage"},"thumbnailUrl":"https:\/\/auslaenderaemter.com\/wp-content\/uploads\/2021\/03\/Zwischenu\u0308berschrift-hinzufu\u0308gen-1.png","datePublished":"2021-03-15T19:52:29+00:00","dateModified":"2023-06-12T14:54:25+00:00","description":"Zezwolenie na pobyt uprawnia obywatela pa\u0144stwa trzeciego do pobytu w Niemczech. Ale kt\u00f3ry z nich jest w\u0142a\u015bciwy?","breadcrumb":{"@id":"https:\/\/auslaenderaemter.com\/aufenthaltstitel\/#breadcrumb"},"inLanguage":"pl-PL","potentialAction":[{"@type":"ReadAction","target":["https:\/\/auslaenderaemter.com\/aufenthaltstitel\/"]}]},{"@type":"ImageObject","inLanguage":"pl-PL","@id":"https:\/\/auslaenderaemter.com\/aufenthaltstitel\/#primaryimage","url":"https:\/\/auslaenderaemter.com\/wp-content\/uploads\/2021\/03\/Zwischenu\u0308berschrift-hinzufu\u0308gen-1.png","contentUrl":"https:\/\/auslaenderaemter.com\/wp-content\/uploads\/2021\/03\/Zwischenu\u0308berschrift-hinzufu\u0308gen-1.png","width":600,"height":400,"caption":"Aufenthaltstitel"},{"@type":"BreadcrumbList","@id":"https:\/\/auslaenderaemter.com\/aufenthaltstitel\/#breadcrumb","itemListElement":[{"@type":"ListItem","position":1,"name":"Startseite","item":"https:\/\/auslaenderaemter.com\/"},{"@type":"ListItem","position":2,"name":"Aufenthaltstitel"}]},{"@type":"WebSite","@id":"https:\/\/auslaenderaemter.com\/#website","url":"https:\/\/auslaenderaemter.com\/","name":"auslaenderaemter.com","description":"","publisher":{"@id":"https:\/\/auslaenderaemter.com\/#organization"},"potentialAction":[{"@type":"SearchAction","target":{"@type":"EntryPoint","urlTemplate":"https:\/\/auslaenderaemter.com\/?s={search_term_string}"},"query-input":{"@type":"PropertyValueSpecification","valueRequired":true,"valueName":"search_term_string"}}],"inLanguage":"pl-PL"},{"@type":"Organization","@id":"https:\/\/auslaenderaemter.com\/#organization","name":"auslaenderaemter.com","url":"https:\/\/auslaenderaemter.com\/","logo":{"@type":"ImageObject","inLanguage":"pl-PL","@id":"https:\/\/auslaenderaemter.com\/#\/schema\/logo\/image\/","url":"https:\/\/auslaenderaemter.com\/wp-content\/uploads\/2021\/01\/cropped-Vollmond-info-13.png","contentUrl":"https:\/\/auslaenderaemter.com\/wp-content\/uploads\/2021\/01\/cropped-Vollmond-info-13.png","width":500,"height":117,"caption":"auslaenderaemter.com"},"image":{"@id":"https:\/\/auslaenderaemter.com\/#\/schema\/logo\/image\/"}}]}},"_links":{"self":[{"href":"https:\/\/auslaenderaemter.com\/pl\/wp-json\/wp\/v2\/pages\/3114","targetHints":{"allow":["GET"]}}],"collection":[{"href":"https:\/\/auslaenderaemter.com\/pl\/wp-json\/wp\/v2\/pages"}],"about":[{"href":"https:\/\/auslaenderaemter.com\/pl\/wp-json\/wp\/v2\/types\/page"}],"author":[{"embeddable":true,"href":"https:\/\/auslaenderaemter.com\/pl\/wp-json\/wp\/v2\/users\/1"}],"replies":[{"embeddable":true,"href":"https:\/\/auslaenderaemter.com\/pl\/wp-json\/wp\/v2\/comments?post=3114"}],"version-history":[{"count":0,"href":"https:\/\/auslaenderaemter.com\/pl\/wp-json\/wp\/v2\/pages\/3114\/revisions"}],"wp:featuredmedia":[{"embeddable":true,"href":"https:\/\/auslaenderaemter.com\/pl\/wp-json\/wp\/v2\/media\/3152"}],"wp:attachment":[{"href":"https:\/\/auslaenderaemter.com\/pl\/wp-json\/wp\/v2\/media?parent=3114"}],"curies":[{"name":"wp","href":"https:\/\/api.w.org\/{rel}","templated":true}]}}