{"id":327,"date":"2021-01-30T16:32:16","date_gmt":"2021-01-30T15:32:16","guid":{"rendered":"https:\/\/auslaenderaemter.com\/?page_id=327"},"modified":"2022-07-11T10:15:24","modified_gmt":"2022-07-11T08:15:24","slug":"auslaenderamt-aken-elbe","status":"publish","type":"page","link":"https:\/\/auslaenderaemter.com\/pl\/biuro-imigracyjne-aken-elbe\/","title":{"rendered":"Urz\u0105d Imigracyjny Aken Elbe"},"content":{"rendered":"<h2>Urz\u0105d Imigracyjny \/ Urz\u0105d Imigracyjny w Aken Elbe - adres i adres dla odwiedzaj\u0105cych<\/h2>\n<ul>\n<li><strong>Adres zamieszkania:<\/strong> Administracja miasta, Markt 11, 06385 Aken Elbe<\/li>\n<li><strong>Telefon: <\/strong>(034909) 80-3<\/li>\n<li><strong>Stronie internetowej: <\/strong><a href=\"https:\/\/www.aken.de\/\" target=\"_blank\" rel=\"noopener\">www.aken.de<\/a><\/li>\n<li><strong>Godziny otwarcia:<\/strong> zobacz stron\u0119<\/li>\n<\/ul>\n<p><iframe style=\"border: 0;\" tabindex=\"0\" src=\"https:\/\/www.google.com\/maps\/embed?pb=!1m18!1m12!1m3!1d2464.315794436335!2d12.041697115981139!3d51.85519029303483!2m3!1f0!2f0!3f0!3m2!1i1024!2i768!4f13.1!3m3!1m2!1s0x47a60eec3bd3e32d%3A0xcabc25eebfd5cbf2!2sStadtverwaltung%20Aken!5e0!3m2!1sde!2sde!4v1612020725356!5m2!1sde!2sde\" width=\"600\" height=\"450\" frameborder=\"0\" allowfullscreen=\"allowfullscreen\" aria-hidden=\"false\"><\/iframe><\/p>\n<h3><strong>Spotkanie w\u00a0<\/strong>Urz\u0105d ds. Cudzoziemc\u00f3w\u00a0<strong>w Aken Elbe<\/strong><\/h3>\n<p>W wi\u0119kszo\u015bci przypadk\u00f3w na spotkanie mo\u017cna um\u00f3wi\u0107 si\u0119 telefonicznie, korzystaj\u0105c z formularza kontaktowego lub za po\u015brednictwem portalu serwisowego danego miasta. Upewnij si\u0119, \u017ce masz wszystkie niezb\u0119dne dokumenty przed wizyt\u0105 w urz\u0119dzie imigracyjnym.<\/p>\n<div class=\"su-note\"  style=\"border-color:#dadbdd;border-radius:2px;-moz-border-radius:2px;-webkit-border-radius:2px;\"><div class=\"su-note-inner su-u-clearfix su-u-trim\" style=\"background-color:#f4f5f7;border-color:#ffffff;color:#333333;border-radius:2px;-moz-border-radius:2px;-webkit-border-radius:2px;\"><strong>Uwaga:<\/strong> W przypadku urz\u0119d\u00f3w, urz\u0119d\u00f3w lub s\u0105d\u00f3w zwykle potrzebujesz dokument\u00f3w, za\u015bwiadcze\u0144 lub za\u015bwiadcze\u0144 jako: <a href=\"https:\/\/auslaenderaemter.com\/pl\/tlumaczenia-przysiegle-do-dokumentow-urzedowych\/\">t\u0142umaczenie przysi\u0119g\u0142e<\/a>.<\/div><\/div>\n<ul>\n<li>Z\u00a0<a href=\"https:\/\/auslaenderaemter.com\/pl\/deklaracja-zobowiazania\/\" data-wpel-link=\"internal\">deklaracja zobowi\u0105zania<\/a>\u00a0mo\u017cesz zezwoli\u0107 go\u015bciom z zagranicy na wjazd do Niemiec.<\/li>\n<li><strong>Spodziewasz si\u0119 go\u015bci z zagranicy?<\/strong>\u00a0Z\u00a0<a href=\"https:\/\/tidd.ly\/3u98xUL\" target=\"_blank\" rel=\"nofollow noopener external noreferrer\" data-wpel-link=\"external\">Ubezpieczenie zdrowotne w podr\u00f3\u017cy dla go\u015bci zagranicznych<\/a>* jeste\u015b w pe\u0142ni chroniony w Niemczech i Europie.<\/li>\n<\/ul>\n<h3>Inne w\u0142adze imigracyjne<\/h3>\n<ul>\n<li><a href=\"https:\/\/auslaenderaemter.com\/pl\/urzedy-imigracyjne-w-saksonia-anhalt\/\">Urz\u0119dy imigracyjne w Saksonii-Anhalt<\/a><\/li>\n<li><a href=\"https:\/\/auslaenderaemter.com\/pl\/\">Urz\u0119dy Imigracyjne w Niemczech<\/a><\/li>\n<\/ul>","protected":false},"excerpt":{"rendered":"<p>Urz\u0105d imigracyjny \/ urz\u0105d imigracyjny w Aken Elbe \u2013 adres i adres dla go\u015bci Adres: W\u0142adze miasta, Markt 11, 06385 Aken Elbe Telefon: (034909) 80-3 Strona internetowa: www.aken.de Godziny otwarcia: patrz strona internetowa Wizyta w urz\u0119dzie imigracyjnym w Aken Elbe In den W wi\u0119kszo\u015bci przypadk\u00f3w na wizyt\u0119 mo\u017cna um\u00f3wi\u0107 si\u0119 telefonicznie, korzystaj\u0105c z formularza kontaktowego lub poprzez portal serwisowy danego miasta. Prosz\u0119 upewnij si\u0119\u2026&nbsp;<a href=\"https:\/\/auslaenderaemter.com\/pl\/biuro-imigracyjne-aken-elbe\/\" rel=\"bookmark\">Czytaj wi\u0119cej \u00bb<span class=\"screen-reader-text\">Urz\u0105d Imigracyjny Aken Elbe<\/span><\/a><\/p>","protected":false},"author":1,"featured_media":0,"parent":0,"menu_order":0,"comment_status":"closed","ping_status":"closed","template":"","meta":{"neve_meta_sidebar":"full-width","neve_meta_container":"","neve_meta_enable_content_width":"on","neve_meta_content_width":100,"neve_meta_title_alignment":"","neve_meta_author_avatar":"","neve_post_elements_order":"","neve_meta_disable_header":"","neve_meta_disable_footer":"","neve_meta_disable_title":"","neve_meta_reading_time":"","footnotes":""},"class_list":["post-327","page","type-page","status-publish","hentry"],"yoast_head":"<!-- This site is optimized with the Yoast SEO plugin v27.3 - https:\/\/yoast.com\/product\/yoast-seo-wordpress\/ -->\n<title>Ausl\u00e4nderamt Aken Elbe | Adresse, Kontakt und \u00d6ffnungszeiten<\/title>\n<meta name=\"description\" content=\"Ausl\u00e4nderamt Aken Elbe | Adresse und Anschrift \u2713 Telefonnummer, Kontakt und \u00d6ffnungszeiten \u2713 Anfahrt \u2713 Ausl\u00e4nderbeh\u00f6rden in Deutschland\" \/>\n<meta name=\"robots\" content=\"index, follow, max-snippet:-1, max-image-preview:large, max-video-preview:-1\" \/>\n<link rel=\"canonical\" href=\"https:\/\/auslaenderaemter.com\/pl\/biuro-imigracyjne-aken-elbe\/\" \/>\n<meta property=\"og:locale\" content=\"pl_PL\" \/>\n<meta property=\"og:type\" content=\"article\" \/>\n<meta property=\"og:title\" content=\"Ausl\u00e4nderamt Aken Elbe | Adresse, Kontakt und \u00d6ffnungszeiten\" \/>\n<meta property=\"og:description\" content=\"Ausl\u00e4nderamt Aken Elbe | Adresse und Anschrift \u2713 Telefonnummer, Kontakt und \u00d6ffnungszeiten \u2713 Anfahrt \u2713 Ausl\u00e4nderbeh\u00f6rden in Deutschland\" \/>\n<meta property=\"og:url\" content=\"https:\/\/auslaenderaemter.com\/pl\/biuro-imigracyjne-aken-elbe\/\" \/>\n<meta property=\"og:site_name\" content=\"auslaenderaemter.com\" \/>\n<meta property=\"article:modified_time\" content=\"2022-07-11T08:15:24+00:00\" \/>\n<meta name=\"twitter:card\" content=\"summary_large_image\" \/>\n<meta name=\"twitter:label1\" content=\"Szacowany czas czytania\" \/>\n\t<meta name=\"twitter:data1\" content=\"1 minuta\" \/>\n<script type=\"application\/ld+json\" class=\"yoast-schema-graph\">{\"@context\":\"https:\\\/\\\/schema.org\",\"@graph\":[{\"@type\":\"WebPage\",\"@id\":\"https:\\\/\\\/auslaenderaemter.com\\\/auslaenderamt-aken-elbe\\\/\",\"url\":\"https:\\\/\\\/auslaenderaemter.com\\\/auslaenderamt-aken-elbe\\\/\",\"name\":\"Ausl\u00e4nderamt Aken Elbe | Adresse, Kontakt und \u00d6ffnungszeiten\",\"isPartOf\":{\"@id\":\"https:\\\/\\\/auslaenderaemter.com\\\/#website\"},\"datePublished\":\"2021-01-30T15:32:16+00:00\",\"dateModified\":\"2022-07-11T08:15:24+00:00\",\"description\":\"Ausl\u00e4nderamt Aken Elbe | Adresse und Anschrift \u2713 Telefonnummer, Kontakt und \u00d6ffnungszeiten \u2713 Anfahrt \u2713 Ausl\u00e4nderbeh\u00f6rden in Deutschland\",\"breadcrumb\":{\"@id\":\"https:\\\/\\\/auslaenderaemter.com\\\/auslaenderamt-aken-elbe\\\/#breadcrumb\"},\"inLanguage\":\"pl-PL\",\"potentialAction\":[{\"@type\":\"ReadAction\",\"target\":[\"https:\\\/\\\/auslaenderaemter.com\\\/auslaenderamt-aken-elbe\\\/\"]}]},{\"@type\":\"BreadcrumbList\",\"@id\":\"https:\\\/\\\/auslaenderaemter.com\\\/auslaenderamt-aken-elbe\\\/#breadcrumb\",\"itemListElement\":[{\"@type\":\"ListItem\",\"position\":1,\"name\":\"Startseite\",\"item\":\"https:\\\/\\\/auslaenderaemter.com\\\/\"},{\"@type\":\"ListItem\",\"position\":2,\"name\":\"Ausl\u00e4nderamt Aken Elbe\"}]},{\"@type\":\"WebSite\",\"@id\":\"https:\\\/\\\/auslaenderaemter.com\\\/#website\",\"url\":\"https:\\\/\\\/auslaenderaemter.com\\\/\",\"name\":\"auslaenderaemter.com\",\"description\":\"\",\"publisher\":{\"@id\":\"https:\\\/\\\/auslaenderaemter.com\\\/#organization\"},\"potentialAction\":[{\"@type\":\"SearchAction\",\"target\":{\"@type\":\"EntryPoint\",\"urlTemplate\":\"https:\\\/\\\/auslaenderaemter.com\\\/?s={search_term_string}\"},\"query-input\":{\"@type\":\"PropertyValueSpecification\",\"valueRequired\":true,\"valueName\":\"search_term_string\"}}],\"inLanguage\":\"pl-PL\"},{\"@type\":\"Organization\",\"@id\":\"https:\\\/\\\/auslaenderaemter.com\\\/#organization\",\"name\":\"auslaenderaemter.com\",\"url\":\"https:\\\/\\\/auslaenderaemter.com\\\/\",\"logo\":{\"@type\":\"ImageObject\",\"inLanguage\":\"pl-PL\",\"@id\":\"https:\\\/\\\/auslaenderaemter.com\\\/#\\\/schema\\\/logo\\\/image\\\/\",\"url\":\"https:\\\/\\\/auslaenderaemter.com\\\/wp-content\\\/uploads\\\/2021\\\/01\\\/cropped-Vollmond-info-13.png\",\"contentUrl\":\"https:\\\/\\\/auslaenderaemter.com\\\/wp-content\\\/uploads\\\/2021\\\/01\\\/cropped-Vollmond-info-13.png\",\"width\":500,\"height\":117,\"caption\":\"auslaenderaemter.com\"},\"image\":{\"@id\":\"https:\\\/\\\/auslaenderaemter.com\\\/#\\\/schema\\\/logo\\\/image\\\/\"}}]}<\/script>\n<!-- \/ Yoast SEO plugin. -->","yoast_head_json":{"title":"Biuro Imigracyjne Aken Elbe | Adres, kontakt i godziny otwarcia","description":"Biuro Imigracyjne Aken Elbe | Adres i adres \u2713 Numer telefonu, kontakt i godziny otwarcia \u2713 Wskaz\u00f3wki dojazdu \u2713 W\u0142adze imigracyjne w Niemczech","robots":{"index":"index","follow":"follow","max-snippet":"max-snippet:-1","max-image-preview":"max-image-preview:large","max-video-preview":"max-video-preview:-1"},"canonical":"https:\/\/auslaenderaemter.com\/pl\/biuro-imigracyjne-aken-elbe\/","og_locale":"pl_PL","og_type":"article","og_title":"Ausl\u00e4nderamt Aken Elbe | Adresse, Kontakt und \u00d6ffnungszeiten","og_description":"Ausl\u00e4nderamt Aken Elbe | Adresse und Anschrift \u2713 Telefonnummer, Kontakt und \u00d6ffnungszeiten \u2713 Anfahrt \u2713 Ausl\u00e4nderbeh\u00f6rden in Deutschland","og_url":"https:\/\/auslaenderaemter.com\/pl\/biuro-imigracyjne-aken-elbe\/","og_site_name":"auslaenderaemter.com","article_modified_time":"2022-07-11T08:15:24+00:00","twitter_card":"summary_large_image","twitter_misc":{"Szacowany czas czytania":"1 minuta"},"schema":{"@context":"https:\/\/schema.org","@graph":[{"@type":"WebPage","@id":"https:\/\/auslaenderaemter.com\/auslaenderamt-aken-elbe\/","url":"https:\/\/auslaenderaemter.com\/auslaenderamt-aken-elbe\/","name":"Biuro Imigracyjne Aken Elbe | Adres, kontakt i godziny otwarcia","isPartOf":{"@id":"https:\/\/auslaenderaemter.com\/#website"},"datePublished":"2021-01-30T15:32:16+00:00","dateModified":"2022-07-11T08:15:24+00:00","description":"Biuro Imigracyjne Aken Elbe | Adres i adres \u2713 Numer telefonu, kontakt i godziny otwarcia \u2713 Wskaz\u00f3wki dojazdu \u2713 W\u0142adze imigracyjne w Niemczech","breadcrumb":{"@id":"https:\/\/auslaenderaemter.com\/auslaenderamt-aken-elbe\/#breadcrumb"},"inLanguage":"pl-PL","potentialAction":[{"@type":"ReadAction","target":["https:\/\/auslaenderaemter.com\/auslaenderamt-aken-elbe\/"]}]},{"@type":"BreadcrumbList","@id":"https:\/\/auslaenderaemter.com\/auslaenderamt-aken-elbe\/#breadcrumb","itemListElement":[{"@type":"ListItem","position":1,"name":"Startseite","item":"https:\/\/auslaenderaemter.com\/"},{"@type":"ListItem","position":2,"name":"Ausl\u00e4nderamt Aken Elbe"}]},{"@type":"WebSite","@id":"https:\/\/auslaenderaemter.com\/#website","url":"https:\/\/auslaenderaemter.com\/","name":"auslaenderaemter.com","description":"","publisher":{"@id":"https:\/\/auslaenderaemter.com\/#organization"},"potentialAction":[{"@type":"SearchAction","target":{"@type":"EntryPoint","urlTemplate":"https:\/\/auslaenderaemter.com\/?s={search_term_string}"},"query-input":{"@type":"PropertyValueSpecification","valueRequired":true,"valueName":"search_term_string"}}],"inLanguage":"pl-PL"},{"@type":"Organization","@id":"https:\/\/auslaenderaemter.com\/#organization","name":"auslaenderaemter.com","url":"https:\/\/auslaenderaemter.com\/","logo":{"@type":"ImageObject","inLanguage":"pl-PL","@id":"https:\/\/auslaenderaemter.com\/#\/schema\/logo\/image\/","url":"https:\/\/auslaenderaemter.com\/wp-content\/uploads\/2021\/01\/cropped-Vollmond-info-13.png","contentUrl":"https:\/\/auslaenderaemter.com\/wp-content\/uploads\/2021\/01\/cropped-Vollmond-info-13.png","width":500,"height":117,"caption":"auslaenderaemter.com"},"image":{"@id":"https:\/\/auslaenderaemter.com\/#\/schema\/logo\/image\/"}}]}},"_links":{"self":[{"href":"https:\/\/auslaenderaemter.com\/pl\/wp-json\/wp\/v2\/pages\/327","targetHints":{"allow":["GET"]}}],"collection":[{"href":"https:\/\/auslaenderaemter.com\/pl\/wp-json\/wp\/v2\/pages"}],"about":[{"href":"https:\/\/auslaenderaemter.com\/pl\/wp-json\/wp\/v2\/types\/page"}],"author":[{"embeddable":true,"href":"https:\/\/auslaenderaemter.com\/pl\/wp-json\/wp\/v2\/users\/1"}],"replies":[{"embeddable":true,"href":"https:\/\/auslaenderaemter.com\/pl\/wp-json\/wp\/v2\/comments?post=327"}],"version-history":[{"count":0,"href":"https:\/\/auslaenderaemter.com\/pl\/wp-json\/wp\/v2\/pages\/327\/revisions"}],"wp:attachment":[{"href":"https:\/\/auslaenderaemter.com\/pl\/wp-json\/wp\/v2\/media?parent=327"}],"curies":[{"name":"wp","href":"https:\/\/api.w.org\/{rel}","templated":true}]}}