{"id":4036,"date":"2023-06-12T16:26:59","date_gmt":"2023-06-12T14:26:59","guid":{"rendered":"https:\/\/auslaenderaemter.com\/?page_id=4036"},"modified":"2023-06-12T16:26:59","modified_gmt":"2023-06-12T14:26:59","slug":"aufenthaltskarte-eu","status":"publish","type":"page","link":"https:\/\/auslaenderaemter.com\/pl\/karta-pobytu-eu\/","title":{"rendered":"Karta pobytu UE"},"content":{"rendered":"<p>Karta pobytu UE jest wa\u017cn\u0105 cz\u0119\u015bci\u0105 ram prawnych Unii Europejskiej, kt\u00f3ra umo\u017cliwia cz\u0142onkom rodzin obywateli UE mieszka\u0107 i pracowa\u0107 w UE. W artykule wyja\u015bniono znaczenie karty pobytu UE, wymogi jej uzyskania oraz procedur\u0119 ubiegania si\u0119 o ni\u0105.<\/p>\n<h2>Czym jest karta pobytu UE?<\/h2>\n<p>Karta pobytu UE jest dokumentem to\u017csamo\u015bci wydawanym obywatelom spoza UE, kt\u00f3rzy s\u0105 cz\u0142onkami rodzin obywateli UE mieszkaj\u0105cymi z nimi w innym kraju UE. Potwierdza prawo posiadacza do zamieszkania i pracy w kraju UE, w kt\u00f3rym mieszka obywatel UE. Karta pobytu jest zwykle wa\u017cna przez pi\u0119\u0107 lat.<\/p>\n<h2>Wymagania dotycz\u0105ce karty pobytu UE<\/h2>\n<p>Aby otrzyma\u0107 kart\u0119 pobytu UE nale\u017cy spe\u0142ni\u0107 okre\u015blone wymagania:<\/p>\n<ol>\n<li><strong>relacje rodzinne:<\/strong> Wnioskodawca musi by\u0107 cz\u0142onkiem rodziny obywatela UE. Zwykle obejmuje to ma\u0142\u017conk\u00f3w, zarejestrowanych partner\u00f3w, dzieci poni\u017cej 21 roku \u017cycia oraz cz\u0142onk\u00f3w rodziny pozostaj\u0105cych na utrzymaniu, w tym rodzic\u00f3w i dziadk\u00f3w.<\/li>\n<li><strong>Pobyt w kraju UE:<\/strong> Obywatel UE, z kt\u00f3rym \u0142\u0105czy go wi\u0119\u017a rodzinna, musi mieszka\u0107 w kraju UE, kt\u00f3ry nie jest jego krajem pochodzenia. Wnioskodawca musi mieszka\u0107 lub zamierza mieszka\u0107 z obywatelem UE w tym kraju.<\/li>\n<li><strong>Dow\u00f3d zwi\u0105zku:<\/strong> W zale\u017cno\u015bci od kraju i okre\u015blonych wymaga\u0144 mo\u017cesz zosta\u0107 poproszony o udowodnienie pokrewie\u0144stwa za pomoc\u0105 dokument\u00f3w, takich jak akty ma\u0142\u017ce\u0144stwa, akty urodzenia lub podobne dokumenty.<\/li>\n<\/ol>\n<p>Nale\u017cy pami\u0119ta\u0107, \u017ce dok\u0142adne wymagania mog\u0105 si\u0119 r\u00f3\u017cni\u0107 w zale\u017cno\u015bci od kraju UE.<\/p>\n<h2>Procedura ubiegania si\u0119 o kart\u0119 pobytu UE<\/h2>\n<p>Proces ubiegania si\u0119 o kart\u0119 pobytu UE zwykle rozpoczyna si\u0119 od w\u0142adz imigracyjnych kraju UE, w kt\u00f3rym mieszka obywatel UE. Wnioskodawca musi wype\u0142ni\u0107 wniosek i dostarczy\u0107 wszystkie wymagane dokumenty potwierdzaj\u0105ce spe\u0142nienie powy\u017cszych wymaga\u0144.<\/p>\n<p>Nast\u0119pnie w\u0142adze rozpatruj\u0105 wniosek i podejmuj\u0105 decyzj\u0119. W przypadku pozytywnej decyzji wnioskodawcy zostanie wydana karta pobytu UE. W przypadku odmowy wnioskodawcy przys\u0142uguje prawo do odwo\u0142ania lub ponownego z\u0142o\u017cenia wniosku w terminie p\u00f3\u017aniejszym.<\/p>\n<h2>Wniosek<\/h2>\n<p>Karta pobytu UE jest wa\u017cnym narz\u0119dziem umo\u017cliwiaj\u0105cym cz\u0142onkom rodzin obywateli UE wsp\u00f3lne \u017cycie i prac\u0119 w UE. Zapewnia bezpiecze\u0144stwo i stabilno\u015b\u0107 osobom przemieszczaj\u0105cym si\u0119 w UE wraz z rodzinami i pomaga promowa\u0107 swobodny przep\u0142yw w UE \u2013 kamie\u0144 w\u0119gielny prawa UE. Chocia\u017c procedura mo\u017ce by\u0107 wymagaj\u0105ca, unijna karta pobytu oferuje rodzinom wa\u017cn\u0105 mo\u017cliwo\u015b\u0107 wsp\u00f3lnego \u017cycia i korzystania z dobrodziejstw \u017cycia w UE.<\/p>\n<h3>Dalej<span class=\"ez-toc-section\">\u00a0<\/span>linki i \u017ar\u00f3d\u0142a<\/h3>\n<ul>\n<li><a href=\"https:\/\/service.berlin.de\/dienstleistung\/324282\/\" target=\"_blank\" rel=\"noopener\">Karta pobytu dla cz\u0142onk\u00f3w rodzin obywateli UE<\/a> \u2013 service.berlin.de<\/li>\n<li><a href=\"https:\/\/auslaenderaemter.com\/pl\/certyfikat-fikcji\/\" target=\"_self\" rel=\"follow noopener noreferrer\" data-wpel-link=\"internal\">certyfikat fikcji<\/a><\/li>\n<\/ul>","protected":false},"excerpt":{"rendered":"<p>Karta pobytu UE stanowi wa\u017cn\u0105 cz\u0119\u015b\u0107 ram prawnych Unii Europejskiej, kt\u00f3re umo\u017cliwiaj\u0105 cz\u0142onkom rodzin obywateli UE \u017cycie i prac\u0119 w UE. W artykule zwr\u00f3cono uwag\u0119 na znaczenie karty pobytu UE, warunki jej uzyskania oraz procedur\u0119 ubiegania si\u0119 o ni\u0105. Co to jest karta pobytu UE? Karta pobytu UE to\u2026&nbsp;<a href=\"https:\/\/auslaenderaemter.com\/pl\/karta-pobytu-eu\/\" rel=\"bookmark\">Czytaj wi\u0119cej \u00bb<span class=\"screen-reader-text\">Karta pobytu UE<\/span><\/a><\/p>","protected":false},"author":1,"featured_media":9,"parent":0,"menu_order":0,"comment_status":"closed","ping_status":"closed","template":"","meta":{"neve_meta_sidebar":"","neve_meta_container":"","neve_meta_enable_content_width":"off","neve_meta_content_width":100,"neve_meta_title_alignment":"","neve_meta_author_avatar":"","neve_post_elements_order":"","neve_meta_disable_header":"","neve_meta_disable_footer":"","neve_meta_disable_title":"","neve_meta_reading_time":"","footnotes":""},"class_list":["post-4036","page","type-page","status-publish","has-post-thumbnail","hentry"],"yoast_head":"<!-- This site is optimized with the Yoast SEO plugin v27.4 - https:\/\/yoast.com\/product\/yoast-seo-wordpress\/ -->\n<title>Aufenthaltskarte EU - auslaenderaemter.com<\/title>\n<meta name=\"description\" content=\"Ein umfassender Leitfaden zur Aufenthaltskarte EU: Erl\u00e4uterung ihrer Bedeutung, Erl\u00e4uterung der Anforderungen und des Antragsverfahrens\" \/>\n<meta name=\"robots\" content=\"index, follow, max-snippet:-1, max-image-preview:large, max-video-preview:-1\" \/>\n<link rel=\"canonical\" href=\"https:\/\/auslaenderaemter.com\/pl\/karta-pobytu-eu\/\" \/>\n<meta property=\"og:locale\" content=\"pl_PL\" \/>\n<meta property=\"og:type\" content=\"article\" \/>\n<meta property=\"og:title\" content=\"Aufenthaltskarte EU - auslaenderaemter.com\" \/>\n<meta property=\"og:description\" content=\"Ein umfassender Leitfaden zur Aufenthaltskarte EU: Erl\u00e4uterung ihrer Bedeutung, Erl\u00e4uterung der Anforderungen und des Antragsverfahrens\" \/>\n<meta property=\"og:url\" content=\"https:\/\/auslaenderaemter.com\/pl\/karta-pobytu-eu\/\" \/>\n<meta property=\"og:site_name\" content=\"auslaenderaemter.com\" \/>\n<meta property=\"og:image\" content=\"https:\/\/auslaenderaemter.com\/wp-content\/uploads\/2021\/01\/Vollmond-info-13.png\" \/>\n\t<meta property=\"og:image:width\" content=\"500\" \/>\n\t<meta property=\"og:image:height\" content=\"500\" \/>\n\t<meta property=\"og:image:type\" content=\"image\/png\" \/>\n<meta name=\"twitter:card\" content=\"summary_large_image\" \/>\n<meta name=\"twitter:label1\" content=\"Szacowany czas czytania\" \/>\n\t<meta name=\"twitter:data1\" content=\"3 minuty\" \/>\n<script type=\"application\/ld+json\" class=\"yoast-schema-graph\">{\"@context\":\"https:\\\/\\\/schema.org\",\"@graph\":[{\"@type\":\"WebPage\",\"@id\":\"https:\\\/\\\/auslaenderaemter.com\\\/aufenthaltskarte-eu\\\/\",\"url\":\"https:\\\/\\\/auslaenderaemter.com\\\/aufenthaltskarte-eu\\\/\",\"name\":\"Aufenthaltskarte EU - auslaenderaemter.com\",\"isPartOf\":{\"@id\":\"https:\\\/\\\/auslaenderaemter.com\\\/#website\"},\"primaryImageOfPage\":{\"@id\":\"https:\\\/\\\/auslaenderaemter.com\\\/aufenthaltskarte-eu\\\/#primaryimage\"},\"image\":{\"@id\":\"https:\\\/\\\/auslaenderaemter.com\\\/aufenthaltskarte-eu\\\/#primaryimage\"},\"thumbnailUrl\":\"https:\\\/\\\/auslaenderaemter.com\\\/wp-content\\\/uploads\\\/2021\\\/01\\\/Vollmond-info-13.png\",\"datePublished\":\"2023-06-12T14:26:59+00:00\",\"description\":\"Ein umfassender Leitfaden zur Aufenthaltskarte EU: Erl\u00e4uterung ihrer Bedeutung, Erl\u00e4uterung der Anforderungen und des Antragsverfahrens\",\"breadcrumb\":{\"@id\":\"https:\\\/\\\/auslaenderaemter.com\\\/aufenthaltskarte-eu\\\/#breadcrumb\"},\"inLanguage\":\"pl-PL\",\"potentialAction\":[{\"@type\":\"ReadAction\",\"target\":[\"https:\\\/\\\/auslaenderaemter.com\\\/aufenthaltskarte-eu\\\/\"]}]},{\"@type\":\"ImageObject\",\"inLanguage\":\"pl-PL\",\"@id\":\"https:\\\/\\\/auslaenderaemter.com\\\/aufenthaltskarte-eu\\\/#primaryimage\",\"url\":\"https:\\\/\\\/auslaenderaemter.com\\\/wp-content\\\/uploads\\\/2021\\\/01\\\/Vollmond-info-13.png\",\"contentUrl\":\"https:\\\/\\\/auslaenderaemter.com\\\/wp-content\\\/uploads\\\/2021\\\/01\\\/Vollmond-info-13.png\",\"width\":500,\"height\":500,\"caption\":\"Abschiebung\"},{\"@type\":\"BreadcrumbList\",\"@id\":\"https:\\\/\\\/auslaenderaemter.com\\\/aufenthaltskarte-eu\\\/#breadcrumb\",\"itemListElement\":[{\"@type\":\"ListItem\",\"position\":1,\"name\":\"Startseite\",\"item\":\"https:\\\/\\\/auslaenderaemter.com\\\/\"},{\"@type\":\"ListItem\",\"position\":2,\"name\":\"Aufenthaltskarte EU\"}]},{\"@type\":\"WebSite\",\"@id\":\"https:\\\/\\\/auslaenderaemter.com\\\/#website\",\"url\":\"https:\\\/\\\/auslaenderaemter.com\\\/\",\"name\":\"auslaenderaemter.com\",\"description\":\"\",\"publisher\":{\"@id\":\"https:\\\/\\\/auslaenderaemter.com\\\/#organization\"},\"potentialAction\":[{\"@type\":\"SearchAction\",\"target\":{\"@type\":\"EntryPoint\",\"urlTemplate\":\"https:\\\/\\\/auslaenderaemter.com\\\/?s={search_term_string}\"},\"query-input\":{\"@type\":\"PropertyValueSpecification\",\"valueRequired\":true,\"valueName\":\"search_term_string\"}}],\"inLanguage\":\"pl-PL\"},{\"@type\":\"Organization\",\"@id\":\"https:\\\/\\\/auslaenderaemter.com\\\/#organization\",\"name\":\"auslaenderaemter.com\",\"url\":\"https:\\\/\\\/auslaenderaemter.com\\\/\",\"logo\":{\"@type\":\"ImageObject\",\"inLanguage\":\"pl-PL\",\"@id\":\"https:\\\/\\\/auslaenderaemter.com\\\/#\\\/schema\\\/logo\\\/image\\\/\",\"url\":\"https:\\\/\\\/auslaenderaemter.com\\\/wp-content\\\/uploads\\\/2021\\\/01\\\/cropped-Vollmond-info-13.png\",\"contentUrl\":\"https:\\\/\\\/auslaenderaemter.com\\\/wp-content\\\/uploads\\\/2021\\\/01\\\/cropped-Vollmond-info-13.png\",\"width\":500,\"height\":117,\"caption\":\"auslaenderaemter.com\"},\"image\":{\"@id\":\"https:\\\/\\\/auslaenderaemter.com\\\/#\\\/schema\\\/logo\\\/image\\\/\"}}]}<\/script>\n<!-- \/ Yoast SEO plugin. -->","yoast_head_json":{"title":"Karta pobytu UE - auslaenderaemter.com","description":"Kompleksowy przewodnik po karcie pobytu UE: wyja\u015bniaj\u0105cy, co to znaczy, wyja\u015bniaj\u0105cy wymagania i spos\u00f3b sk\u0142adania wniosku","robots":{"index":"index","follow":"follow","max-snippet":"max-snippet:-1","max-image-preview":"max-image-preview:large","max-video-preview":"max-video-preview:-1"},"canonical":"https:\/\/auslaenderaemter.com\/pl\/karta-pobytu-eu\/","og_locale":"pl_PL","og_type":"article","og_title":"Aufenthaltskarte EU - auslaenderaemter.com","og_description":"Ein umfassender Leitfaden zur Aufenthaltskarte EU: Erl\u00e4uterung ihrer Bedeutung, Erl\u00e4uterung der Anforderungen und des Antragsverfahrens","og_url":"https:\/\/auslaenderaemter.com\/pl\/karta-pobytu-eu\/","og_site_name":"auslaenderaemter.com","og_image":[{"width":500,"height":500,"url":"https:\/\/auslaenderaemter.com\/wp-content\/uploads\/2021\/01\/Vollmond-info-13.png","type":"image\/png"}],"twitter_card":"summary_large_image","twitter_misc":{"Szacowany czas czytania":"3 minuty"},"schema":{"@context":"https:\/\/schema.org","@graph":[{"@type":"WebPage","@id":"https:\/\/auslaenderaemter.com\/aufenthaltskarte-eu\/","url":"https:\/\/auslaenderaemter.com\/aufenthaltskarte-eu\/","name":"Karta pobytu UE - auslaenderaemter.com","isPartOf":{"@id":"https:\/\/auslaenderaemter.com\/#website"},"primaryImageOfPage":{"@id":"https:\/\/auslaenderaemter.com\/aufenthaltskarte-eu\/#primaryimage"},"image":{"@id":"https:\/\/auslaenderaemter.com\/aufenthaltskarte-eu\/#primaryimage"},"thumbnailUrl":"https:\/\/auslaenderaemter.com\/wp-content\/uploads\/2021\/01\/Vollmond-info-13.png","datePublished":"2023-06-12T14:26:59+00:00","description":"Kompleksowy przewodnik po karcie pobytu UE: wyja\u015bniaj\u0105cy, co to znaczy, wyja\u015bniaj\u0105cy wymagania i spos\u00f3b sk\u0142adania wniosku","breadcrumb":{"@id":"https:\/\/auslaenderaemter.com\/aufenthaltskarte-eu\/#breadcrumb"},"inLanguage":"pl-PL","potentialAction":[{"@type":"ReadAction","target":["https:\/\/auslaenderaemter.com\/aufenthaltskarte-eu\/"]}]},{"@type":"ImageObject","inLanguage":"pl-PL","@id":"https:\/\/auslaenderaemter.com\/aufenthaltskarte-eu\/#primaryimage","url":"https:\/\/auslaenderaemter.com\/wp-content\/uploads\/2021\/01\/Vollmond-info-13.png","contentUrl":"https:\/\/auslaenderaemter.com\/wp-content\/uploads\/2021\/01\/Vollmond-info-13.png","width":500,"height":500,"caption":"Abschiebung"},{"@type":"BreadcrumbList","@id":"https:\/\/auslaenderaemter.com\/aufenthaltskarte-eu\/#breadcrumb","itemListElement":[{"@type":"ListItem","position":1,"name":"Startseite","item":"https:\/\/auslaenderaemter.com\/"},{"@type":"ListItem","position":2,"name":"Aufenthaltskarte EU"}]},{"@type":"WebSite","@id":"https:\/\/auslaenderaemter.com\/#website","url":"https:\/\/auslaenderaemter.com\/","name":"auslaenderaemter.com","description":"","publisher":{"@id":"https:\/\/auslaenderaemter.com\/#organization"},"potentialAction":[{"@type":"SearchAction","target":{"@type":"EntryPoint","urlTemplate":"https:\/\/auslaenderaemter.com\/?s={search_term_string}"},"query-input":{"@type":"PropertyValueSpecification","valueRequired":true,"valueName":"search_term_string"}}],"inLanguage":"pl-PL"},{"@type":"Organization","@id":"https:\/\/auslaenderaemter.com\/#organization","name":"auslaenderaemter.com","url":"https:\/\/auslaenderaemter.com\/","logo":{"@type":"ImageObject","inLanguage":"pl-PL","@id":"https:\/\/auslaenderaemter.com\/#\/schema\/logo\/image\/","url":"https:\/\/auslaenderaemter.com\/wp-content\/uploads\/2021\/01\/cropped-Vollmond-info-13.png","contentUrl":"https:\/\/auslaenderaemter.com\/wp-content\/uploads\/2021\/01\/cropped-Vollmond-info-13.png","width":500,"height":117,"caption":"auslaenderaemter.com"},"image":{"@id":"https:\/\/auslaenderaemter.com\/#\/schema\/logo\/image\/"}}]}},"_links":{"self":[{"href":"https:\/\/auslaenderaemter.com\/pl\/wp-json\/wp\/v2\/pages\/4036","targetHints":{"allow":["GET"]}}],"collection":[{"href":"https:\/\/auslaenderaemter.com\/pl\/wp-json\/wp\/v2\/pages"}],"about":[{"href":"https:\/\/auslaenderaemter.com\/pl\/wp-json\/wp\/v2\/types\/page"}],"author":[{"embeddable":true,"href":"https:\/\/auslaenderaemter.com\/pl\/wp-json\/wp\/v2\/users\/1"}],"replies":[{"embeddable":true,"href":"https:\/\/auslaenderaemter.com\/pl\/wp-json\/wp\/v2\/comments?post=4036"}],"version-history":[{"count":0,"href":"https:\/\/auslaenderaemter.com\/pl\/wp-json\/wp\/v2\/pages\/4036\/revisions"}],"wp:featuredmedia":[{"embeddable":true,"href":"https:\/\/auslaenderaemter.com\/pl\/wp-json\/wp\/v2\/media\/9"}],"wp:attachment":[{"href":"https:\/\/auslaenderaemter.com\/pl\/wp-json\/wp\/v2\/media?parent=4036"}],"curies":[{"name":"wp","href":"https:\/\/api.w.org\/{rel}","templated":true}]}}