{"id":4046,"date":"2023-06-12T16:41:00","date_gmt":"2023-06-12T14:41:00","guid":{"rendered":"https:\/\/auslaenderaemter.com\/?page_id=4046"},"modified":"2023-06-12T16:41:00","modified_gmt":"2023-06-12T14:41:00","slug":"duldung","status":"publish","type":"page","link":"https:\/\/auslaenderaemter.com\/pl\/tolerancja\/","title":{"rendered":"tolerancja"},"content":{"rendered":"<p>Duldung jest wa\u017cnym czynnikiem w niemieckim prawie imigracyjnym i ma wp\u0142yw na \u017cycie wielu ludzi w Niemczech. W tym artykule przyjrzymy si\u0119, co oznacza Duldung, kto jest do niego uprawniony i implikacje prawne.<\/p>\n<h2>Co to jest tolerancja?<\/h2>\n<p>Tolerancja jest <strong>brak zezwolenia na pobyt<\/strong>, ale A <strong>czasowe zawieszenie deportacji<\/strong> przez cudzoziemc\u00f3w, kt\u00f3rzy faktycznie byliby zobowi\u0105zani do opuszczenia kraju. Ona jest z <a href=\"https:\/\/auslaenderaemter.com\/pl\/\">w\u0142adze imigracyjne<\/a>\u00a0udzielona, je\u017celi deportacja nie mo\u017ce by\u0107 przej\u015bciowo przeprowadzona z przyczyn prawnych lub faktycznych.<\/p>\n<p>Duldung zezwala zainteresowanej osobie na czasowy pobyt w Niemczech do czasu ustania przyczyn wstrzymania deportacji. Wi\u0105\u017ce si\u0119 to jednak z ograniczeniami, takimi jak ograniczony dost\u0119p do rynku pracy i \u015bwiadcze\u0144 socjalnych.<\/p>\n<h2>Warunki wst\u0119pne tolerancji<\/h2>\n<p>Tolerancja jest zwykle przyznawana pod pewnymi warunkami:<\/p>\n<ol>\n<li><strong>Prawne lub faktyczne przeszkody w deportacji:<\/strong> Mog\u0105 one mie\u0107 miejsce na przyk\u0142ad wtedy, gdy cudzoziemiec jest zagro\u017cony torturami lub kar\u0105 \u015bmierci w swoim kraju ojczystym, je\u015bli nie ma dokument\u00f3w podr\u00f3\u017cy lub je\u015bli dana osoba nie mo\u017ce podr\u00f3\u017cowa\u0107 ze wzgl\u0119d\u00f3w zdrowotnych.<\/li>\n<li><strong>Brak udzia\u0142u w utrudnianiu wydalenia:<\/strong> Duldung jest zwykle przyznawane tylko wtedy, gdy dana osoba nie jest odpowiedzialna za przeszkod\u0119 w deportacji.<\/li>\n<\/ol>\n<h2>Konsekwencje prawne tolerancji<\/h2>\n<p>Tolerancja ma szereg konsekwencji prawnych dla os\u00f3b ni\u0105 dotkni\u0119tych:<\/p>\n<ol>\n<li><strong>Ograniczenia dotycz\u0105ce pobytu:<\/strong> Ludzie z Duldung cz\u0119sto mog\u0105 mieszka\u0107 i podr\u00f3\u017cowa\u0107 tylko na okre\u015blonym obszarze geograficznym. Z regu\u0142y nie wolno im opuszcza\u0107 przydzielonego obszaru bez pozwolenia.<\/li>\n<li><strong>Ograniczony dost\u0119p do rynku pracy:<\/strong> Osoby z Duldung cz\u0119sto maj\u0105 ograniczony dost\u0119p do rynku pracy. Z regu\u0142y mog\u0105 podj\u0105\u0107 prac\u0119 dopiero po trzymiesi\u0119cznym okresie oczekiwania i wymagaj\u0105 zgody w\u0142adz imigracyjnych oraz Federalnej Agencji Pracy.<\/li>\n<li><strong>\u015awiadczenia socjalne:<\/strong> Osoby z \u201eDuldung\u201d maj\u0105 zasadniczo prawo do \u015bwiadcze\u0144 zgodnie z art <a href=\"https:\/\/www.asyl.net\/themen\/sozialrecht\/asylbewerberleistungsgesetz#:~:text=Das%20Asylbewerberleistungsgesetz%20(AsylbLG)%20regelt%20den,)%2C%20sofern%20sie%20hilfsbed%C3%BCrftig%20sind.\" target=\"_blank\" rel=\"noopener\">Ustawa o \u015bwiadczeniach dla os\u00f3b ubiegaj\u0105cych si\u0119 o azyl<\/a>kt\u00f3rzy znajduj\u0105 si\u0119 poni\u017cej poziomu dobrobytu.<\/li>\n<\/ol>\n<h2>Wniosek<\/h2>\n<p>Tolerancja jest wa\u017cn\u0105 cz\u0119\u015bci\u0105 niemieckiego prawa imigracyjnego. Oferuje tymczasow\u0105 ochron\u0119 przed deportacj\u0105 osobom faktycznie zobowi\u0105zanym do opuszczenia kraju. Jednocze\u015bnie wi\u0105\u017ce si\u0119 to ze znacznymi ograniczeniami. Wa\u017cne jest, aby osoby, kt\u00f3re otrzymuj\u0105 tolerancj\u0119, by\u0142y \u015bwiadome swoich praw i obowi\u0105zk\u00f3w oraz zasi\u0119gn\u0119\u0142y odpowiedniej porady prawnej.<\/p>","protected":false},"excerpt":{"rendered":"<p>Tolerancja jest wa\u017cnym czynnikiem niemieckiego prawa imigracyjnego i ma wp\u0142yw na \u017cycie wielu ludzi w Niemczech. W tym artykule przyjrzymy si\u0119, czym jest tolerancja, komu przys\u0142uguje i jakie ma konsekwencje prawne. Czym jest tolerancja? Tolerancja nie jest zezwoleniem na pobyt, ale czasowym zawieszeniem deportacji cudzoziemc\u00f3w...&nbsp;<a href=\"https:\/\/auslaenderaemter.com\/pl\/tolerancja\/\" rel=\"bookmark\">Czytaj wi\u0119cej \u00bb<span class=\"screen-reader-text\">tolerancja<\/span><\/a><\/p>","protected":false},"author":1,"featured_media":9,"parent":0,"menu_order":0,"comment_status":"closed","ping_status":"closed","template":"","meta":{"neve_meta_sidebar":"","neve_meta_container":"","neve_meta_enable_content_width":"off","neve_meta_content_width":100,"neve_meta_title_alignment":"","neve_meta_author_avatar":"","neve_post_elements_order":"","neve_meta_disable_header":"","neve_meta_disable_footer":"","neve_meta_disable_title":"","neve_meta_reading_time":"","footnotes":""},"class_list":["post-4046","page","type-page","status-publish","has-post-thumbnail","hentry"],"yoast_head":"<!-- This site is optimized with the Yoast SEO plugin v27.6 - https:\/\/yoast.com\/product\/yoast-seo-wordpress\/ -->\n<title>Ausl\u00e4nder und Duldung in Deutschland - auslaenderaemter.com<\/title>\n<meta name=\"description\" content=\"Erfahren Sie mehr \u00fcber die Duldung in Deutschland: ihre Bedeutung, Voraussetzungen und die rechtlichen Konsequenzen f\u00fcr Ausl\u00e4nder.\" \/>\n<meta name=\"robots\" content=\"index, follow, max-snippet:-1, max-image-preview:large, max-video-preview:-1\" \/>\n<link rel=\"canonical\" href=\"https:\/\/auslaenderaemter.com\/pl\/tolerancja\/\" \/>\n<meta property=\"og:locale\" content=\"pl_PL\" \/>\n<meta property=\"og:type\" content=\"article\" \/>\n<meta property=\"og:title\" content=\"Ausl\u00e4nder und Duldung in Deutschland - auslaenderaemter.com\" \/>\n<meta property=\"og:description\" content=\"Erfahren Sie mehr \u00fcber die Duldung in Deutschland: ihre Bedeutung, Voraussetzungen und die rechtlichen Konsequenzen f\u00fcr Ausl\u00e4nder.\" \/>\n<meta property=\"og:url\" content=\"https:\/\/auslaenderaemter.com\/pl\/tolerancja\/\" \/>\n<meta property=\"og:site_name\" content=\"auslaenderaemter.com\" \/>\n<meta property=\"og:image\" content=\"https:\/\/auslaenderaemter.com\/wp-content\/uploads\/2021\/01\/Vollmond-info-13.png\" \/>\n\t<meta property=\"og:image:width\" content=\"500\" \/>\n\t<meta property=\"og:image:height\" content=\"500\" \/>\n\t<meta property=\"og:image:type\" content=\"image\/png\" \/>\n<meta name=\"twitter:card\" content=\"summary_large_image\" \/>\n<meta name=\"twitter:label1\" content=\"Szacowany czas czytania\" \/>\n\t<meta name=\"twitter:data1\" content=\"2 minuty\" \/>\n<script type=\"application\/ld+json\" class=\"yoast-schema-graph\">{\"@context\":\"https:\\\/\\\/schema.org\",\"@graph\":[{\"@type\":\"WebPage\",\"@id\":\"https:\\\/\\\/auslaenderaemter.com\\\/duldung\\\/\",\"url\":\"https:\\\/\\\/auslaenderaemter.com\\\/duldung\\\/\",\"name\":\"Ausl\u00e4nder und Duldung in Deutschland - auslaenderaemter.com\",\"isPartOf\":{\"@id\":\"https:\\\/\\\/auslaenderaemter.com\\\/#website\"},\"primaryImageOfPage\":{\"@id\":\"https:\\\/\\\/auslaenderaemter.com\\\/duldung\\\/#primaryimage\"},\"image\":{\"@id\":\"https:\\\/\\\/auslaenderaemter.com\\\/duldung\\\/#primaryimage\"},\"thumbnailUrl\":\"https:\\\/\\\/auslaenderaemter.com\\\/wp-content\\\/uploads\\\/2021\\\/01\\\/Vollmond-info-13.png\",\"datePublished\":\"2023-06-12T14:41:00+00:00\",\"description\":\"Erfahren Sie mehr \u00fcber die Duldung in Deutschland: ihre Bedeutung, Voraussetzungen und die rechtlichen Konsequenzen f\u00fcr Ausl\u00e4nder.\",\"breadcrumb\":{\"@id\":\"https:\\\/\\\/auslaenderaemter.com\\\/duldung\\\/#breadcrumb\"},\"inLanguage\":\"pl-PL\",\"potentialAction\":[{\"@type\":\"ReadAction\",\"target\":[\"https:\\\/\\\/auslaenderaemter.com\\\/duldung\\\/\"]}]},{\"@type\":\"ImageObject\",\"inLanguage\":\"pl-PL\",\"@id\":\"https:\\\/\\\/auslaenderaemter.com\\\/duldung\\\/#primaryimage\",\"url\":\"https:\\\/\\\/auslaenderaemter.com\\\/wp-content\\\/uploads\\\/2021\\\/01\\\/Vollmond-info-13.png\",\"contentUrl\":\"https:\\\/\\\/auslaenderaemter.com\\\/wp-content\\\/uploads\\\/2021\\\/01\\\/Vollmond-info-13.png\",\"width\":500,\"height\":500,\"caption\":\"Abschiebung\"},{\"@type\":\"BreadcrumbList\",\"@id\":\"https:\\\/\\\/auslaenderaemter.com\\\/duldung\\\/#breadcrumb\",\"itemListElement\":[{\"@type\":\"ListItem\",\"position\":1,\"name\":\"Startseite\",\"item\":\"https:\\\/\\\/auslaenderaemter.com\\\/\"},{\"@type\":\"ListItem\",\"position\":2,\"name\":\"Duldung\"}]},{\"@type\":\"WebSite\",\"@id\":\"https:\\\/\\\/auslaenderaemter.com\\\/#website\",\"url\":\"https:\\\/\\\/auslaenderaemter.com\\\/\",\"name\":\"auslaenderaemter.com\",\"description\":\"\",\"publisher\":{\"@id\":\"https:\\\/\\\/auslaenderaemter.com\\\/#organization\"},\"potentialAction\":[{\"@type\":\"SearchAction\",\"target\":{\"@type\":\"EntryPoint\",\"urlTemplate\":\"https:\\\/\\\/auslaenderaemter.com\\\/?s={search_term_string}\"},\"query-input\":{\"@type\":\"PropertyValueSpecification\",\"valueRequired\":true,\"valueName\":\"search_term_string\"}}],\"inLanguage\":\"pl-PL\"},{\"@type\":\"Organization\",\"@id\":\"https:\\\/\\\/auslaenderaemter.com\\\/#organization\",\"name\":\"auslaenderaemter.com\",\"url\":\"https:\\\/\\\/auslaenderaemter.com\\\/\",\"logo\":{\"@type\":\"ImageObject\",\"inLanguage\":\"pl-PL\",\"@id\":\"https:\\\/\\\/auslaenderaemter.com\\\/#\\\/schema\\\/logo\\\/image\\\/\",\"url\":\"https:\\\/\\\/auslaenderaemter.com\\\/wp-content\\\/uploads\\\/2021\\\/01\\\/cropped-Vollmond-info-13.png\",\"contentUrl\":\"https:\\\/\\\/auslaenderaemter.com\\\/wp-content\\\/uploads\\\/2021\\\/01\\\/cropped-Vollmond-info-13.png\",\"width\":500,\"height\":117,\"caption\":\"auslaenderaemter.com\"},\"image\":{\"@id\":\"https:\\\/\\\/auslaenderaemter.com\\\/#\\\/schema\\\/logo\\\/image\\\/\"}}]}<\/script>\n<!-- \/ Yoast SEO plugin. -->","yoast_head_json":{"title":"Obcy i Duldung w Niemczech - auslaenderaemter.com","description":"Dowiedz si\u0119 wi\u0119cej o Duldung w Niemczech: jego znaczeniu, wymaganiach i konsekwencjach prawnych dla cudzoziemc\u00f3w.","robots":{"index":"index","follow":"follow","max-snippet":"max-snippet:-1","max-image-preview":"max-image-preview:large","max-video-preview":"max-video-preview:-1"},"canonical":"https:\/\/auslaenderaemter.com\/pl\/tolerancja\/","og_locale":"pl_PL","og_type":"article","og_title":"Ausl\u00e4nder und Duldung in Deutschland - auslaenderaemter.com","og_description":"Erfahren Sie mehr \u00fcber die Duldung in Deutschland: ihre Bedeutung, Voraussetzungen und die rechtlichen Konsequenzen f\u00fcr Ausl\u00e4nder.","og_url":"https:\/\/auslaenderaemter.com\/pl\/tolerancja\/","og_site_name":"auslaenderaemter.com","og_image":[{"width":500,"height":500,"url":"https:\/\/auslaenderaemter.com\/wp-content\/uploads\/2021\/01\/Vollmond-info-13.png","type":"image\/png"}],"twitter_card":"summary_large_image","twitter_misc":{"Szacowany czas czytania":"2 minuty"},"schema":{"@context":"https:\/\/schema.org","@graph":[{"@type":"WebPage","@id":"https:\/\/auslaenderaemter.com\/duldung\/","url":"https:\/\/auslaenderaemter.com\/duldung\/","name":"Obcy i Duldung w Niemczech - auslaenderaemter.com","isPartOf":{"@id":"https:\/\/auslaenderaemter.com\/#website"},"primaryImageOfPage":{"@id":"https:\/\/auslaenderaemter.com\/duldung\/#primaryimage"},"image":{"@id":"https:\/\/auslaenderaemter.com\/duldung\/#primaryimage"},"thumbnailUrl":"https:\/\/auslaenderaemter.com\/wp-content\/uploads\/2021\/01\/Vollmond-info-13.png","datePublished":"2023-06-12T14:41:00+00:00","description":"Dowiedz si\u0119 wi\u0119cej o Duldung w Niemczech: jego znaczeniu, wymaganiach i konsekwencjach prawnych dla cudzoziemc\u00f3w.","breadcrumb":{"@id":"https:\/\/auslaenderaemter.com\/duldung\/#breadcrumb"},"inLanguage":"pl-PL","potentialAction":[{"@type":"ReadAction","target":["https:\/\/auslaenderaemter.com\/duldung\/"]}]},{"@type":"ImageObject","inLanguage":"pl-PL","@id":"https:\/\/auslaenderaemter.com\/duldung\/#primaryimage","url":"https:\/\/auslaenderaemter.com\/wp-content\/uploads\/2021\/01\/Vollmond-info-13.png","contentUrl":"https:\/\/auslaenderaemter.com\/wp-content\/uploads\/2021\/01\/Vollmond-info-13.png","width":500,"height":500,"caption":"Abschiebung"},{"@type":"BreadcrumbList","@id":"https:\/\/auslaenderaemter.com\/duldung\/#breadcrumb","itemListElement":[{"@type":"ListItem","position":1,"name":"Startseite","item":"https:\/\/auslaenderaemter.com\/"},{"@type":"ListItem","position":2,"name":"Duldung"}]},{"@type":"WebSite","@id":"https:\/\/auslaenderaemter.com\/#website","url":"https:\/\/auslaenderaemter.com\/","name":"auslaenderaemter.com","description":"","publisher":{"@id":"https:\/\/auslaenderaemter.com\/#organization"},"potentialAction":[{"@type":"SearchAction","target":{"@type":"EntryPoint","urlTemplate":"https:\/\/auslaenderaemter.com\/?s={search_term_string}"},"query-input":{"@type":"PropertyValueSpecification","valueRequired":true,"valueName":"search_term_string"}}],"inLanguage":"pl-PL"},{"@type":"Organization","@id":"https:\/\/auslaenderaemter.com\/#organization","name":"auslaenderaemter.com","url":"https:\/\/auslaenderaemter.com\/","logo":{"@type":"ImageObject","inLanguage":"pl-PL","@id":"https:\/\/auslaenderaemter.com\/#\/schema\/logo\/image\/","url":"https:\/\/auslaenderaemter.com\/wp-content\/uploads\/2021\/01\/cropped-Vollmond-info-13.png","contentUrl":"https:\/\/auslaenderaemter.com\/wp-content\/uploads\/2021\/01\/cropped-Vollmond-info-13.png","width":500,"height":117,"caption":"auslaenderaemter.com"},"image":{"@id":"https:\/\/auslaenderaemter.com\/#\/schema\/logo\/image\/"}}]}},"_links":{"self":[{"href":"https:\/\/auslaenderaemter.com\/pl\/wp-json\/wp\/v2\/pages\/4046","targetHints":{"allow":["GET"]}}],"collection":[{"href":"https:\/\/auslaenderaemter.com\/pl\/wp-json\/wp\/v2\/pages"}],"about":[{"href":"https:\/\/auslaenderaemter.com\/pl\/wp-json\/wp\/v2\/types\/page"}],"author":[{"embeddable":true,"href":"https:\/\/auslaenderaemter.com\/pl\/wp-json\/wp\/v2\/users\/1"}],"replies":[{"embeddable":true,"href":"https:\/\/auslaenderaemter.com\/pl\/wp-json\/wp\/v2\/comments?post=4046"}],"version-history":[{"count":0,"href":"https:\/\/auslaenderaemter.com\/pl\/wp-json\/wp\/v2\/pages\/4046\/revisions"}],"wp:featuredmedia":[{"embeddable":true,"href":"https:\/\/auslaenderaemter.com\/pl\/wp-json\/wp\/v2\/media\/9"}],"wp:attachment":[{"href":"https:\/\/auslaenderaemter.com\/pl\/wp-json\/wp\/v2\/media?parent=4046"}],"curies":[{"name":"wp","href":"https:\/\/api.w.org\/{rel}","templated":true}]}}