{"id":4048,"date":"2023-06-12T16:46:54","date_gmt":"2023-06-12T14:46:54","guid":{"rendered":"https:\/\/auslaenderaemter.com\/?page_id=4048"},"modified":"2023-06-12T16:46:54","modified_gmt":"2023-06-12T14:46:54","slug":"ausweisung","status":"publish","type":"page","link":"https:\/\/auslaenderaemter.com\/pl\/wydalenie\/","title":{"rendered":"wydalenie"},"content":{"rendered":"<p>Wydalanie cudzoziemc\u00f3w jest integraln\u0105 cz\u0119\u015bci\u0105 niemieckiego prawa o cudzoziemcach, kt\u00f3re jest niezb\u0119dne dla utrzymania bezpiecze\u0144stwa i porz\u0105dku publicznego. W tym artykule zdefiniujemy eksmisj\u0119, wyja\u015bnimy jej przyczyny i mo\u017cliwe konsekwencje dla os\u00f3b, kt\u00f3rych dane dotycz\u0105.<\/p>\n<h2>Co to jest eksmisja?<\/h2>\n<p>Wydalenie jest aktem administracyjnym, na mocy kt\u00f3rego cudzoziemiec jest zobowi\u0105zany opu\u015bci\u0107 terytorium federalne i nie wje\u017cd\u017ca\u0107 ponownie. Ona jest z kompetentnych <a href=\"https:\/\/auslaenderaemter.com\/pl\/\">Urz\u0105d ds. Cudzoziemc\u00f3w<\/a> uporz\u0105dkowane i wpisane do Centralnego Rejestru Cudzoziemc\u00f3w.<\/p>\n<h2>przyczyny wydalenia<\/h2>\n<p>Istniej\u0105 r\u00f3\u017cne powody, dla kt\u00f3rych cudzoziemiec mo\u017ce zosta\u0107 wydalony z Niemiec. To zawiera:<\/p>\n<ol>\n<li><strong>Zagro\u017cenie bezpiecze\u0144stwa i porz\u0105dku publicznego:<\/strong> Je\u017celi cudzoziemiec stwarza zagro\u017cenie dla bezpiecze\u0144stwa i porz\u0105dku publicznego, mo\u017ce to stanowi\u0107 podstaw\u0119 do wydalenia. Mo\u017ce tak by\u0107 np. w przypadku skazania cudzoziemca za przest\u0119pstwo.<\/li>\n<li><strong>Naruszenie przepis\u00f3w prawa imigracyjnego:<\/strong> Cudzoziemca mo\u017cna r\u00f3wnie\u017c wydali\u0107, je\u017celi narusza przepisy prawa o cudzoziemcach. Mo\u017ce tak by\u0107 np. w przypadku, gdy cudzoziemiec pracuje w Niemczech nielegalnie lub gdy narusza obowi\u0105zek meldunkowy.<\/li>\n<li><strong>Naruszenie paszportu:<\/strong> Cudzoziemcy musz\u0105 mie\u0107 paszport w Niemczech. Je\u017celi cudzoziemiec nie posiada wa\u017cnego paszportu lub paszportu zast\u0119pczego, mo\u017ce to stanowi\u0107 podstaw\u0119 do wydalenia.<\/li>\n<\/ol>\n<h2>konsekwencje wydalenia<\/h2>\n<p>Wydalenie poci\u0105ga za sob\u0105 powa\u017cne konsekwencje dla cudzoziemca:<\/p>\n<ol>\n<li><strong>Obowi\u0105zek opuszczenia kraju:<\/strong> Cudzoziemiec jest zobowi\u0105zany do natychmiastowego opuszczenia terytorium federalnego. Je\u015bli tego nie zrobi, mo\u017ce zosta\u0107 deportowany.<\/li>\n<li><strong>Zakaz wjazdu i pobytu:<\/strong> Wydaleniu towarzyszy zwykle zakaz wjazdu i pobytu. Oznacza to, \u017ce cudzoziemiec nie mo\u017ce ponownie wjecha\u0107 na terytorium federalne. Zakaz wjazdu i pobytu obowi\u0105zuje zwykle przez okres od pi\u0119ciu do dziesi\u0119ciu lat, ale mo\u017ce by\u0107 r\u00f3wnie\u017c bezterminowy.<\/li>\n<\/ol>\n<h2>Wniosek<\/h2>\n<p>Wydalenie jest powa\u017cn\u0105 ingerencj\u0105 w prawa cudzoziemca. Zapewnia utrzymanie bezpiecze\u0144stwa i porz\u0105dku publicznego w Niemczech. Jednocze\u015bnie rodzi to powa\u017cne konsekwencje dla danego cudzoziemca. Dlatego wa\u017cne jest, aby cudzoziemcy przebywaj\u0105cy w Niemczech stosowali si\u0119 do przepis\u00f3w ustawy o cudzoziemcach iw razie potrzeby zasi\u0119gali porady prawnej.<\/p>","protected":false},"excerpt":{"rendered":"<p>Wydalanie cudzoziemc\u00f3w stanowi integraln\u0105 cz\u0119\u015b\u0107 niemieckiego prawa imigracyjnego, niezb\u0119dnego dla utrzymania bezpiecze\u0144stwa i porz\u0105dku publicznego. W tym artykule zdefiniujemy wydalenie, wyja\u015bnimy jego przyczyny i podkre\u015blimy mo\u017cliwe konsekwencje dla dotkni\u0119tych os\u00f3b. Co to jest wydalenie? Wydalenie jest czynno\u015bci\u0105 administracyjn\u0105, poprzez kt\u00f3r\u0105 cudzoziemiec...&nbsp;<a href=\"https:\/\/auslaenderaemter.com\/pl\/wydalenie\/\" rel=\"bookmark\">Czytaj wi\u0119cej \u00bb<span class=\"screen-reader-text\">wydalenie<\/span><\/a><\/p>","protected":false},"author":1,"featured_media":9,"parent":0,"menu_order":0,"comment_status":"closed","ping_status":"closed","template":"","meta":{"neve_meta_sidebar":"","neve_meta_container":"","neve_meta_enable_content_width":"off","neve_meta_content_width":100,"neve_meta_title_alignment":"","neve_meta_author_avatar":"","neve_post_elements_order":"","neve_meta_disable_header":"","neve_meta_disable_footer":"","neve_meta_disable_title":"","neve_meta_reading_time":"","footnotes":""},"class_list":["post-4048","page","type-page","status-publish","has-post-thumbnail","hentry"],"yoast_head":"<!-- This site is optimized with the Yoast SEO plugin v27.3 - https:\/\/yoast.com\/product\/yoast-seo-wordpress\/ -->\n<title>Ausweisung - Gr\u00fcnde und Folgen im deutschen Ausl\u00e4nderrecht<\/title>\n<meta name=\"description\" content=\"Verstehen Sie die Ausweisung im deutschen Ausl\u00e4nderrecht: ihre Definition, die Gr\u00fcnde daf\u00fcr und die daraus resultierenden Folgen.\" \/>\n<meta name=\"robots\" content=\"index, follow, max-snippet:-1, max-image-preview:large, max-video-preview:-1\" \/>\n<link rel=\"canonical\" href=\"https:\/\/auslaenderaemter.com\/pl\/wydalenie\/\" \/>\n<meta property=\"og:locale\" content=\"pl_PL\" \/>\n<meta property=\"og:type\" content=\"article\" \/>\n<meta property=\"og:title\" content=\"Ausweisung - Gr\u00fcnde und Folgen im deutschen Ausl\u00e4nderrecht\" \/>\n<meta property=\"og:description\" content=\"Verstehen Sie die Ausweisung im deutschen Ausl\u00e4nderrecht: ihre Definition, die Gr\u00fcnde daf\u00fcr und die daraus resultierenden Folgen.\" \/>\n<meta property=\"og:url\" content=\"https:\/\/auslaenderaemter.com\/pl\/wydalenie\/\" \/>\n<meta property=\"og:site_name\" content=\"auslaenderaemter.com\" \/>\n<meta property=\"og:image\" content=\"https:\/\/auslaenderaemter.com\/wp-content\/uploads\/2021\/01\/Vollmond-info-13.png\" \/>\n\t<meta property=\"og:image:width\" content=\"500\" \/>\n\t<meta property=\"og:image:height\" content=\"500\" \/>\n\t<meta property=\"og:image:type\" content=\"image\/png\" \/>\n<meta name=\"twitter:card\" content=\"summary_large_image\" \/>\n<meta name=\"twitter:label1\" content=\"Szacowany czas czytania\" \/>\n\t<meta name=\"twitter:data1\" content=\"2 minuty\" \/>\n<script type=\"application\/ld+json\" class=\"yoast-schema-graph\">{\"@context\":\"https:\\\/\\\/schema.org\",\"@graph\":[{\"@type\":\"WebPage\",\"@id\":\"https:\\\/\\\/auslaenderaemter.com\\\/ausweisung\\\/\",\"url\":\"https:\\\/\\\/auslaenderaemter.com\\\/ausweisung\\\/\",\"name\":\"Ausweisung - Gr\u00fcnde und Folgen im deutschen Ausl\u00e4nderrecht\",\"isPartOf\":{\"@id\":\"https:\\\/\\\/auslaenderaemter.com\\\/#website\"},\"primaryImageOfPage\":{\"@id\":\"https:\\\/\\\/auslaenderaemter.com\\\/ausweisung\\\/#primaryimage\"},\"image\":{\"@id\":\"https:\\\/\\\/auslaenderaemter.com\\\/ausweisung\\\/#primaryimage\"},\"thumbnailUrl\":\"https:\\\/\\\/auslaenderaemter.com\\\/wp-content\\\/uploads\\\/2021\\\/01\\\/Vollmond-info-13.png\",\"datePublished\":\"2023-06-12T14:46:54+00:00\",\"description\":\"Verstehen Sie die Ausweisung im deutschen Ausl\u00e4nderrecht: ihre Definition, die Gr\u00fcnde daf\u00fcr und die daraus resultierenden Folgen.\",\"breadcrumb\":{\"@id\":\"https:\\\/\\\/auslaenderaemter.com\\\/ausweisung\\\/#breadcrumb\"},\"inLanguage\":\"pl-PL\",\"potentialAction\":[{\"@type\":\"ReadAction\",\"target\":[\"https:\\\/\\\/auslaenderaemter.com\\\/ausweisung\\\/\"]}]},{\"@type\":\"ImageObject\",\"inLanguage\":\"pl-PL\",\"@id\":\"https:\\\/\\\/auslaenderaemter.com\\\/ausweisung\\\/#primaryimage\",\"url\":\"https:\\\/\\\/auslaenderaemter.com\\\/wp-content\\\/uploads\\\/2021\\\/01\\\/Vollmond-info-13.png\",\"contentUrl\":\"https:\\\/\\\/auslaenderaemter.com\\\/wp-content\\\/uploads\\\/2021\\\/01\\\/Vollmond-info-13.png\",\"width\":500,\"height\":500,\"caption\":\"Abschiebung\"},{\"@type\":\"BreadcrumbList\",\"@id\":\"https:\\\/\\\/auslaenderaemter.com\\\/ausweisung\\\/#breadcrumb\",\"itemListElement\":[{\"@type\":\"ListItem\",\"position\":1,\"name\":\"Startseite\",\"item\":\"https:\\\/\\\/auslaenderaemter.com\\\/\"},{\"@type\":\"ListItem\",\"position\":2,\"name\":\"Ausweisung\"}]},{\"@type\":\"WebSite\",\"@id\":\"https:\\\/\\\/auslaenderaemter.com\\\/#website\",\"url\":\"https:\\\/\\\/auslaenderaemter.com\\\/\",\"name\":\"auslaenderaemter.com\",\"description\":\"\",\"publisher\":{\"@id\":\"https:\\\/\\\/auslaenderaemter.com\\\/#organization\"},\"potentialAction\":[{\"@type\":\"SearchAction\",\"target\":{\"@type\":\"EntryPoint\",\"urlTemplate\":\"https:\\\/\\\/auslaenderaemter.com\\\/?s={search_term_string}\"},\"query-input\":{\"@type\":\"PropertyValueSpecification\",\"valueRequired\":true,\"valueName\":\"search_term_string\"}}],\"inLanguage\":\"pl-PL\"},{\"@type\":\"Organization\",\"@id\":\"https:\\\/\\\/auslaenderaemter.com\\\/#organization\",\"name\":\"auslaenderaemter.com\",\"url\":\"https:\\\/\\\/auslaenderaemter.com\\\/\",\"logo\":{\"@type\":\"ImageObject\",\"inLanguage\":\"pl-PL\",\"@id\":\"https:\\\/\\\/auslaenderaemter.com\\\/#\\\/schema\\\/logo\\\/image\\\/\",\"url\":\"https:\\\/\\\/auslaenderaemter.com\\\/wp-content\\\/uploads\\\/2021\\\/01\\\/cropped-Vollmond-info-13.png\",\"contentUrl\":\"https:\\\/\\\/auslaenderaemter.com\\\/wp-content\\\/uploads\\\/2021\\\/01\\\/cropped-Vollmond-info-13.png\",\"width\":500,\"height\":117,\"caption\":\"auslaenderaemter.com\"},\"image\":{\"@id\":\"https:\\\/\\\/auslaenderaemter.com\\\/#\\\/schema\\\/logo\\\/image\\\/\"}}]}<\/script>\n<!-- \/ Yoast SEO plugin. -->","yoast_head_json":{"title":"Wydalenie \u2013 przyczyny i konsekwencje w niemieckim prawie imigracyjnym","description":"Zrozumie\u0107 wydalenie w niemieckim prawie imigracyjnym: jego definicj\u0119, przyczyny i wynikaj\u0105ce z tego konsekwencje.","robots":{"index":"index","follow":"follow","max-snippet":"max-snippet:-1","max-image-preview":"max-image-preview:large","max-video-preview":"max-video-preview:-1"},"canonical":"https:\/\/auslaenderaemter.com\/pl\/wydalenie\/","og_locale":"pl_PL","og_type":"article","og_title":"Ausweisung - Gr\u00fcnde und Folgen im deutschen Ausl\u00e4nderrecht","og_description":"Verstehen Sie die Ausweisung im deutschen Ausl\u00e4nderrecht: ihre Definition, die Gr\u00fcnde daf\u00fcr und die daraus resultierenden Folgen.","og_url":"https:\/\/auslaenderaemter.com\/pl\/wydalenie\/","og_site_name":"auslaenderaemter.com","og_image":[{"width":500,"height":500,"url":"https:\/\/auslaenderaemter.com\/wp-content\/uploads\/2021\/01\/Vollmond-info-13.png","type":"image\/png"}],"twitter_card":"summary_large_image","twitter_misc":{"Szacowany czas czytania":"2 minuty"},"schema":{"@context":"https:\/\/schema.org","@graph":[{"@type":"WebPage","@id":"https:\/\/auslaenderaemter.com\/ausweisung\/","url":"https:\/\/auslaenderaemter.com\/ausweisung\/","name":"Wydalenie \u2013 przyczyny i konsekwencje w niemieckim prawie imigracyjnym","isPartOf":{"@id":"https:\/\/auslaenderaemter.com\/#website"},"primaryImageOfPage":{"@id":"https:\/\/auslaenderaemter.com\/ausweisung\/#primaryimage"},"image":{"@id":"https:\/\/auslaenderaemter.com\/ausweisung\/#primaryimage"},"thumbnailUrl":"https:\/\/auslaenderaemter.com\/wp-content\/uploads\/2021\/01\/Vollmond-info-13.png","datePublished":"2023-06-12T14:46:54+00:00","description":"Zrozumie\u0107 wydalenie w niemieckim prawie imigracyjnym: jego definicj\u0119, przyczyny i wynikaj\u0105ce z tego konsekwencje.","breadcrumb":{"@id":"https:\/\/auslaenderaemter.com\/ausweisung\/#breadcrumb"},"inLanguage":"pl-PL","potentialAction":[{"@type":"ReadAction","target":["https:\/\/auslaenderaemter.com\/ausweisung\/"]}]},{"@type":"ImageObject","inLanguage":"pl-PL","@id":"https:\/\/auslaenderaemter.com\/ausweisung\/#primaryimage","url":"https:\/\/auslaenderaemter.com\/wp-content\/uploads\/2021\/01\/Vollmond-info-13.png","contentUrl":"https:\/\/auslaenderaemter.com\/wp-content\/uploads\/2021\/01\/Vollmond-info-13.png","width":500,"height":500,"caption":"Abschiebung"},{"@type":"BreadcrumbList","@id":"https:\/\/auslaenderaemter.com\/ausweisung\/#breadcrumb","itemListElement":[{"@type":"ListItem","position":1,"name":"Startseite","item":"https:\/\/auslaenderaemter.com\/"},{"@type":"ListItem","position":2,"name":"Ausweisung"}]},{"@type":"WebSite","@id":"https:\/\/auslaenderaemter.com\/#website","url":"https:\/\/auslaenderaemter.com\/","name":"auslaenderaemter.com","description":"","publisher":{"@id":"https:\/\/auslaenderaemter.com\/#organization"},"potentialAction":[{"@type":"SearchAction","target":{"@type":"EntryPoint","urlTemplate":"https:\/\/auslaenderaemter.com\/?s={search_term_string}"},"query-input":{"@type":"PropertyValueSpecification","valueRequired":true,"valueName":"search_term_string"}}],"inLanguage":"pl-PL"},{"@type":"Organization","@id":"https:\/\/auslaenderaemter.com\/#organization","name":"auslaenderaemter.com","url":"https:\/\/auslaenderaemter.com\/","logo":{"@type":"ImageObject","inLanguage":"pl-PL","@id":"https:\/\/auslaenderaemter.com\/#\/schema\/logo\/image\/","url":"https:\/\/auslaenderaemter.com\/wp-content\/uploads\/2021\/01\/cropped-Vollmond-info-13.png","contentUrl":"https:\/\/auslaenderaemter.com\/wp-content\/uploads\/2021\/01\/cropped-Vollmond-info-13.png","width":500,"height":117,"caption":"auslaenderaemter.com"},"image":{"@id":"https:\/\/auslaenderaemter.com\/#\/schema\/logo\/image\/"}}]}},"_links":{"self":[{"href":"https:\/\/auslaenderaemter.com\/pl\/wp-json\/wp\/v2\/pages\/4048","targetHints":{"allow":["GET"]}}],"collection":[{"href":"https:\/\/auslaenderaemter.com\/pl\/wp-json\/wp\/v2\/pages"}],"about":[{"href":"https:\/\/auslaenderaemter.com\/pl\/wp-json\/wp\/v2\/types\/page"}],"author":[{"embeddable":true,"href":"https:\/\/auslaenderaemter.com\/pl\/wp-json\/wp\/v2\/users\/1"}],"replies":[{"embeddable":true,"href":"https:\/\/auslaenderaemter.com\/pl\/wp-json\/wp\/v2\/comments?post=4048"}],"version-history":[{"count":0,"href":"https:\/\/auslaenderaemter.com\/pl\/wp-json\/wp\/v2\/pages\/4048\/revisions"}],"wp:featuredmedia":[{"embeddable":true,"href":"https:\/\/auslaenderaemter.com\/pl\/wp-json\/wp\/v2\/media\/9"}],"wp:attachment":[{"href":"https:\/\/auslaenderaemter.com\/pl\/wp-json\/wp\/v2\/media?parent=4048"}],"curies":[{"name":"wp","href":"https:\/\/api.w.org\/{rel}","templated":true}]}}