{"id":4050,"date":"2023-06-12T16:51:25","date_gmt":"2023-06-12T14:51:25","guid":{"rendered":"https:\/\/auslaenderaemter.com\/?page_id=4050"},"modified":"2023-06-12T16:51:25","modified_gmt":"2023-06-12T14:51:25","slug":"abschiebung","status":"publish","type":"page","link":"https:\/\/auslaenderaemter.com\/pl\/deportacja\/","title":{"rendered":"deportacja"},"content":{"rendered":"<p>Deportacja jest wa\u017cn\u0105 cz\u0119\u015bci\u0105 niemieckiego prawa imigracyjnego i ma znacz\u0105cy wp\u0142yw na \u017cycie os\u00f3b, kt\u00f3rych dotyczy.<\/p>\n<h2>Co to jest deportacja?<\/h2>\n<p>Wydalenie jest aktem administracyjnym, w kt\u00f3rym cudzoziemiec przebywaj\u0105cy w Niemczech nielegalnie lub kt\u00f3rego legalny pobyt si\u0119 zako\u0144czy\u0142, jest zmuszany do opuszczenia kraju. Deportacj\u0119 przeprowadzi m.in <a href=\"https:\/\/auslaenderaemter.com\/pl\/\">Urz\u0105d ds. Cudzoziemc\u00f3w<\/a> zlecone i przeprowadzone przez policj\u0119.<\/p>\n<h2>Proces deportacyjny<\/h2>\n<p>Proces deportacji sk\u0142ada si\u0119 z kilku etap\u00f3w:<\/p>\n<ol>\n<li><strong>Decyzja o wydaleniu lub odrzucenie wniosku o azyl:<\/strong> Przed deportacj\u0105 musi by\u0107 podj\u0119ta decyzja o wydaleniu lub odrzucony wniosek o azyl.<\/li>\n<li><strong>nakaz deportacji:<\/strong> Urz\u0105d ds. Cudzoziemc\u00f3w wydaje nakaz wydalenia, w kt\u00f3rym dana osoba jest wzywana do opuszczenia kraju w okre\u015blonym terminie.<\/li>\n<li><strong>Realizacja deportacji:<\/strong> Je\u017celi dana osoba nie opu\u015bci kraju w wyznaczonym terminie, policja mo\u017ce przeprowadzi\u0107 deportacj\u0119.<\/li>\n<\/ol>\n<h2>konsekwencje deportacji<\/h2>\n<p>Wydalenie poci\u0105ga za sob\u0105 istotne konsekwencje dla danej osoby:<\/p>\n<ol>\n<li><strong>Zakaz powrotu:<\/strong> Z regu\u0142y wraz z wydaleniem wydawany jest zakaz wjazdu i pobytu. Oznacza to, \u017ce osoba deportowana nie mo\u017ce przez okre\u015blony czas wr\u00f3ci\u0107 do Niemiec.<\/li>\n<li><strong>Koszty deportacji:<\/strong> Co do zasady koszty deportacji ponosi osoba deportowana.<\/li>\n<li><strong>Skutki spo\u0142eczne i psychologiczne:<\/strong> Deportacja mo\u017ce mie\u0107 znacz\u0105cy wp\u0142yw spo\u0142eczny i psychologiczny na dan\u0105 osob\u0119, zw\u0142aszcza je\u015bli jest ona zakorzeniona w Niemczech lub musi wr\u00f3ci\u0107 do kraju pochodzenia, gdzie mo\u017ce spotka\u0107 j\u0105 prze\u015bladowanie lub trudno\u015bci.<\/li>\n<\/ol>\n<h2>Wniosek<\/h2>\n<p>Deportacja jest skutecznym sposobem zapewnienia przestrzegania niemieckiego prawa imigracyjnego. Jednocze\u015bnie ma to znacz\u0105cy wp\u0142yw na zainteresowane osoby. Dlatego wa\u017cne jest, aby cudzoziemcy przebywaj\u0105cy w Niemczech znali swoje prawa i obowi\u0105zki iw razie potrzeby zasi\u0119gali porady prawnej.<\/p>","protected":false},"excerpt":{"rendered":"<p>Deportacja jest wa\u017cn\u0105 cz\u0119\u015bci\u0105 niemieckiego prawa imigracyjnego i ma znacz\u0105cy wp\u0142yw na \u017cycie os\u00f3b ni\u0105 dotkni\u0119tych. Co to jest deportacja? Deportacja jest aktem administracyjnym, na mocy kt\u00f3rego cudzoziemiec przebywaj\u0105cy nielegalnie w Niemczech lub kt\u00f3rego legalny pobyt dobieg\u0142 ko\u0144ca, zostaje zmuszony do opuszczenia kraju. Deportacja odbywa si\u0119\u2026&nbsp;<a href=\"https:\/\/auslaenderaemter.com\/pl\/deportacja\/\" rel=\"bookmark\">Czytaj wi\u0119cej \u00bb<span class=\"screen-reader-text\">deportacja<\/span><\/a><\/p>","protected":false},"author":1,"featured_media":9,"parent":0,"menu_order":0,"comment_status":"closed","ping_status":"closed","template":"","meta":{"neve_meta_sidebar":"","neve_meta_container":"","neve_meta_enable_content_width":"off","neve_meta_content_width":100,"neve_meta_title_alignment":"","neve_meta_author_avatar":"","neve_post_elements_order":"","neve_meta_disable_header":"","neve_meta_disable_footer":"","neve_meta_disable_title":"","neve_meta_reading_time":"","footnotes":""},"class_list":["post-4050","page","type-page","status-publish","has-post-thumbnail","hentry"],"yoast_head":"<!-- This site is optimized with the Yoast SEO plugin v27.4 - https:\/\/yoast.com\/product\/yoast-seo-wordpress\/ -->\n<title>Abschiebung- Bedeutung, Prozess und Folgen.<\/title>\n<meta name=\"description\" content=\"Lernen Sie die Abschiebung im deutschen Ausl\u00e4nderrecht kennen: Definition, Prozess und die erheblichen Auswirkungen auf Betroffene.\" \/>\n<meta name=\"robots\" content=\"index, follow, max-snippet:-1, max-image-preview:large, max-video-preview:-1\" \/>\n<link rel=\"canonical\" href=\"https:\/\/auslaenderaemter.com\/pl\/deportacja\/\" \/>\n<meta property=\"og:locale\" content=\"pl_PL\" \/>\n<meta property=\"og:type\" content=\"article\" \/>\n<meta property=\"og:title\" content=\"Abschiebung- Bedeutung, Prozess und Folgen.\" \/>\n<meta property=\"og:description\" content=\"Lernen Sie die Abschiebung im deutschen Ausl\u00e4nderrecht kennen: Definition, Prozess und die erheblichen Auswirkungen auf Betroffene.\" \/>\n<meta property=\"og:url\" content=\"https:\/\/auslaenderaemter.com\/pl\/deportacja\/\" \/>\n<meta property=\"og:site_name\" content=\"auslaenderaemter.com\" \/>\n<meta property=\"og:image\" content=\"https:\/\/auslaenderaemter.com\/wp-content\/uploads\/2021\/01\/Vollmond-info-13.png\" \/>\n\t<meta property=\"og:image:width\" content=\"500\" \/>\n\t<meta property=\"og:image:height\" content=\"500\" \/>\n\t<meta property=\"og:image:type\" content=\"image\/png\" \/>\n<meta name=\"twitter:card\" content=\"summary_large_image\" \/>\n<meta name=\"twitter:label1\" content=\"Szacowany czas czytania\" \/>\n\t<meta name=\"twitter:data1\" content=\"2 minuty\" \/>\n<script type=\"application\/ld+json\" class=\"yoast-schema-graph\">{\"@context\":\"https:\\\/\\\/schema.org\",\"@graph\":[{\"@type\":\"WebPage\",\"@id\":\"https:\\\/\\\/auslaenderaemter.com\\\/abschiebung\\\/\",\"url\":\"https:\\\/\\\/auslaenderaemter.com\\\/abschiebung\\\/\",\"name\":\"Abschiebung- Bedeutung, Prozess und Folgen.\",\"isPartOf\":{\"@id\":\"https:\\\/\\\/auslaenderaemter.com\\\/#website\"},\"primaryImageOfPage\":{\"@id\":\"https:\\\/\\\/auslaenderaemter.com\\\/abschiebung\\\/#primaryimage\"},\"image\":{\"@id\":\"https:\\\/\\\/auslaenderaemter.com\\\/abschiebung\\\/#primaryimage\"},\"thumbnailUrl\":\"https:\\\/\\\/auslaenderaemter.com\\\/wp-content\\\/uploads\\\/2021\\\/01\\\/Vollmond-info-13.png\",\"datePublished\":\"2023-06-12T14:51:25+00:00\",\"description\":\"Lernen Sie die Abschiebung im deutschen Ausl\u00e4nderrecht kennen: Definition, Prozess und die erheblichen Auswirkungen auf Betroffene.\",\"breadcrumb\":{\"@id\":\"https:\\\/\\\/auslaenderaemter.com\\\/abschiebung\\\/#breadcrumb\"},\"inLanguage\":\"pl-PL\",\"potentialAction\":[{\"@type\":\"ReadAction\",\"target\":[\"https:\\\/\\\/auslaenderaemter.com\\\/abschiebung\\\/\"]}]},{\"@type\":\"ImageObject\",\"inLanguage\":\"pl-PL\",\"@id\":\"https:\\\/\\\/auslaenderaemter.com\\\/abschiebung\\\/#primaryimage\",\"url\":\"https:\\\/\\\/auslaenderaemter.com\\\/wp-content\\\/uploads\\\/2021\\\/01\\\/Vollmond-info-13.png\",\"contentUrl\":\"https:\\\/\\\/auslaenderaemter.com\\\/wp-content\\\/uploads\\\/2021\\\/01\\\/Vollmond-info-13.png\",\"width\":500,\"height\":500,\"caption\":\"Abschiebung\"},{\"@type\":\"BreadcrumbList\",\"@id\":\"https:\\\/\\\/auslaenderaemter.com\\\/abschiebung\\\/#breadcrumb\",\"itemListElement\":[{\"@type\":\"ListItem\",\"position\":1,\"name\":\"Startseite\",\"item\":\"https:\\\/\\\/auslaenderaemter.com\\\/\"},{\"@type\":\"ListItem\",\"position\":2,\"name\":\"Abschiebung\"}]},{\"@type\":\"WebSite\",\"@id\":\"https:\\\/\\\/auslaenderaemter.com\\\/#website\",\"url\":\"https:\\\/\\\/auslaenderaemter.com\\\/\",\"name\":\"auslaenderaemter.com\",\"description\":\"\",\"publisher\":{\"@id\":\"https:\\\/\\\/auslaenderaemter.com\\\/#organization\"},\"potentialAction\":[{\"@type\":\"SearchAction\",\"target\":{\"@type\":\"EntryPoint\",\"urlTemplate\":\"https:\\\/\\\/auslaenderaemter.com\\\/?s={search_term_string}\"},\"query-input\":{\"@type\":\"PropertyValueSpecification\",\"valueRequired\":true,\"valueName\":\"search_term_string\"}}],\"inLanguage\":\"pl-PL\"},{\"@type\":\"Organization\",\"@id\":\"https:\\\/\\\/auslaenderaemter.com\\\/#organization\",\"name\":\"auslaenderaemter.com\",\"url\":\"https:\\\/\\\/auslaenderaemter.com\\\/\",\"logo\":{\"@type\":\"ImageObject\",\"inLanguage\":\"pl-PL\",\"@id\":\"https:\\\/\\\/auslaenderaemter.com\\\/#\\\/schema\\\/logo\\\/image\\\/\",\"url\":\"https:\\\/\\\/auslaenderaemter.com\\\/wp-content\\\/uploads\\\/2021\\\/01\\\/cropped-Vollmond-info-13.png\",\"contentUrl\":\"https:\\\/\\\/auslaenderaemter.com\\\/wp-content\\\/uploads\\\/2021\\\/01\\\/cropped-Vollmond-info-13.png\",\"width\":500,\"height\":117,\"caption\":\"auslaenderaemter.com\"},\"image\":{\"@id\":\"https:\\\/\\\/auslaenderaemter.com\\\/#\\\/schema\\\/logo\\\/image\\\/\"}}]}<\/script>\n<!-- \/ Yoast SEO plugin. -->","yoast_head_json":{"title":"Deportacja - znaczenie, przebieg i konsekwencje.","description":"Poznaj deportacj\u0119 w niemieckim prawie imigracyjnym: definicj\u0119, proces i znacz\u0105cy wp\u0142yw na osoby, kt\u00f3rych dotyczy.","robots":{"index":"index","follow":"follow","max-snippet":"max-snippet:-1","max-image-preview":"max-image-preview:large","max-video-preview":"max-video-preview:-1"},"canonical":"https:\/\/auslaenderaemter.com\/pl\/deportacja\/","og_locale":"pl_PL","og_type":"article","og_title":"Abschiebung- Bedeutung, Prozess und Folgen.","og_description":"Lernen Sie die Abschiebung im deutschen Ausl\u00e4nderrecht kennen: Definition, Prozess und die erheblichen Auswirkungen auf Betroffene.","og_url":"https:\/\/auslaenderaemter.com\/pl\/deportacja\/","og_site_name":"auslaenderaemter.com","og_image":[{"width":500,"height":500,"url":"https:\/\/auslaenderaemter.com\/wp-content\/uploads\/2021\/01\/Vollmond-info-13.png","type":"image\/png"}],"twitter_card":"summary_large_image","twitter_misc":{"Szacowany czas czytania":"2 minuty"},"schema":{"@context":"https:\/\/schema.org","@graph":[{"@type":"WebPage","@id":"https:\/\/auslaenderaemter.com\/abschiebung\/","url":"https:\/\/auslaenderaemter.com\/abschiebung\/","name":"Deportacja - znaczenie, przebieg i konsekwencje.","isPartOf":{"@id":"https:\/\/auslaenderaemter.com\/#website"},"primaryImageOfPage":{"@id":"https:\/\/auslaenderaemter.com\/abschiebung\/#primaryimage"},"image":{"@id":"https:\/\/auslaenderaemter.com\/abschiebung\/#primaryimage"},"thumbnailUrl":"https:\/\/auslaenderaemter.com\/wp-content\/uploads\/2021\/01\/Vollmond-info-13.png","datePublished":"2023-06-12T14:51:25+00:00","description":"Poznaj deportacj\u0119 w niemieckim prawie imigracyjnym: definicj\u0119, proces i znacz\u0105cy wp\u0142yw na osoby, kt\u00f3rych dotyczy.","breadcrumb":{"@id":"https:\/\/auslaenderaemter.com\/abschiebung\/#breadcrumb"},"inLanguage":"pl-PL","potentialAction":[{"@type":"ReadAction","target":["https:\/\/auslaenderaemter.com\/abschiebung\/"]}]},{"@type":"ImageObject","inLanguage":"pl-PL","@id":"https:\/\/auslaenderaemter.com\/abschiebung\/#primaryimage","url":"https:\/\/auslaenderaemter.com\/wp-content\/uploads\/2021\/01\/Vollmond-info-13.png","contentUrl":"https:\/\/auslaenderaemter.com\/wp-content\/uploads\/2021\/01\/Vollmond-info-13.png","width":500,"height":500,"caption":"Abschiebung"},{"@type":"BreadcrumbList","@id":"https:\/\/auslaenderaemter.com\/abschiebung\/#breadcrumb","itemListElement":[{"@type":"ListItem","position":1,"name":"Startseite","item":"https:\/\/auslaenderaemter.com\/"},{"@type":"ListItem","position":2,"name":"Abschiebung"}]},{"@type":"WebSite","@id":"https:\/\/auslaenderaemter.com\/#website","url":"https:\/\/auslaenderaemter.com\/","name":"auslaenderaemter.com","description":"","publisher":{"@id":"https:\/\/auslaenderaemter.com\/#organization"},"potentialAction":[{"@type":"SearchAction","target":{"@type":"EntryPoint","urlTemplate":"https:\/\/auslaenderaemter.com\/?s={search_term_string}"},"query-input":{"@type":"PropertyValueSpecification","valueRequired":true,"valueName":"search_term_string"}}],"inLanguage":"pl-PL"},{"@type":"Organization","@id":"https:\/\/auslaenderaemter.com\/#organization","name":"auslaenderaemter.com","url":"https:\/\/auslaenderaemter.com\/","logo":{"@type":"ImageObject","inLanguage":"pl-PL","@id":"https:\/\/auslaenderaemter.com\/#\/schema\/logo\/image\/","url":"https:\/\/auslaenderaemter.com\/wp-content\/uploads\/2021\/01\/cropped-Vollmond-info-13.png","contentUrl":"https:\/\/auslaenderaemter.com\/wp-content\/uploads\/2021\/01\/cropped-Vollmond-info-13.png","width":500,"height":117,"caption":"auslaenderaemter.com"},"image":{"@id":"https:\/\/auslaenderaemter.com\/#\/schema\/logo\/image\/"}}]}},"_links":{"self":[{"href":"https:\/\/auslaenderaemter.com\/pl\/wp-json\/wp\/v2\/pages\/4050","targetHints":{"allow":["GET"]}}],"collection":[{"href":"https:\/\/auslaenderaemter.com\/pl\/wp-json\/wp\/v2\/pages"}],"about":[{"href":"https:\/\/auslaenderaemter.com\/pl\/wp-json\/wp\/v2\/types\/page"}],"author":[{"embeddable":true,"href":"https:\/\/auslaenderaemter.com\/pl\/wp-json\/wp\/v2\/users\/1"}],"replies":[{"embeddable":true,"href":"https:\/\/auslaenderaemter.com\/pl\/wp-json\/wp\/v2\/comments?post=4050"}],"version-history":[{"count":0,"href":"https:\/\/auslaenderaemter.com\/pl\/wp-json\/wp\/v2\/pages\/4050\/revisions"}],"wp:featuredmedia":[{"embeddable":true,"href":"https:\/\/auslaenderaemter.com\/pl\/wp-json\/wp\/v2\/media\/9"}],"wp:attachment":[{"href":"https:\/\/auslaenderaemter.com\/pl\/wp-json\/wp\/v2\/media?parent=4050"}],"curies":[{"name":"wp","href":"https:\/\/api.w.org\/{rel}","templated":true}]}}