{"id":54,"date":"2021-01-26T14:36:07","date_gmt":"2021-01-26T13:36:07","guid":{"rendered":"https:\/\/auslaenderaemter.com\/?page_id=54"},"modified":"2022-07-04T18:44:00","modified_gmt":"2022-07-04T16:44:00","slug":"auslaenderaemter-in-hessen","status":"publish","type":"page","link":"https:\/\/auslaenderaemter.com\/pl\/urzedy-imigracyjne-w-hesji\/","title":{"rendered":"Urz\u0119dy imigracyjne w Hesji"},"content":{"rendered":"<p><strong>Tutaj znajdziesz dane kontaktowe, adresy i godziny otwarcia urz\u0119d\u00f3w imigracyjnych \/ w\u0142adz imigracyjnych - w Hesji.<\/strong><\/p>\n<h2><span id=\"Uebersicht_aller_Jobcenter_in_Baden-Wuerttemberg\" class=\"ez-toc-section\">Przegl\u0105d wszystkich urz\u0119d\u00f3w i w\u0142adz imigracyjnych w Hesji<\/span><\/h2>\n<ul>\n<li><a href=\"https:\/\/auslaenderaemter.com\/pl\/urzad-imigracyjny-aschaffenburg\/\">Aschaffenburg<\/a><\/li>\n<li><a href=\"https:\/\/auslaenderaemter.com\/pl\/urzad-imigracyjny-bad-hersfeld\/\">Bad Hersfeld<\/a><\/li>\n<li><a href=\"https:\/\/auslaenderaemter.com\/pl\/urzad-imigracyjny-bad-homburg\/\">z\u0142y Homburg<\/a><\/li>\n<li><a href=\"https:\/\/auslaenderaemter.com\/pl\/urzad-imigracyjny-bad-schwalbach\/\">Bad Schwalbach<\/a><\/li>\n<li><a href=\"https:\/\/auslaenderaemter.com\/pl\/urzad-imigracyjny-bad-sooden-allendorf\/\">Bad Sooden-Allendorf<\/a><\/li>\n<li><a href=\"https:\/\/auslaenderaemter.com\/pl\/biuro-imigracyjne-biedenkopf\/\">Biedenkopf<\/a><\/li>\n<li><a href=\"https:\/\/auslaenderaemter.com\/pl\/urzad-imigracyjny-darmstadt\/\">Darmstadt<\/a><\/li>\n<li><a href=\"https:\/\/auslaenderaemter.com\/pl\/biuro-imigracyjne-dieburg\/\">Zamek<\/a><\/li>\n<li><a href=\"https:\/\/auslaenderaemter.com\/pl\/urzad-imigracyjny-dietzenbach\/\">Dietzenbach<\/a><\/li>\n<li><a href=\"https:\/\/auslaenderaemter.com\/pl\/urzad-imigracyjny-dillenburg\/\">Dillenburg<\/a><\/li>\n<li><a href=\"https:\/\/auslaenderaemter.com\/pl\/urzad-imigracyjny-erbach\/\">Erbach<\/a><\/li>\n<li><a href=\"https:\/\/auslaenderaemter.com\/pl\/urzad-imigracyjny-eschwege\/\">Eschwege<\/a><\/li>\n<li><a href=\"https:\/\/auslaenderaemter.com\/pl\/urzad-imigracyjny-frankenberg\/\">Frankenberg<\/a><\/li>\n<li><a href=\"https:\/\/auslaenderaemter.com\/pl\/urzad-imigracyjny-frankfurt-am-main\/\">Frankfurt nad Menem<\/a><\/li>\n<li><a href=\"https:\/\/auslaenderaemter.com\/pl\/biuro-imigracyjne-friedberg\/\">Friedberg<\/a><\/li>\n<li><a href=\"https:\/\/auslaenderaemter.com\/pl\/biuro-imigracyjne-fulda\/\">Fulda<\/a><\/li>\n<li><a href=\"https:\/\/auslaenderaemter.com\/pl\/urzad-imigracyjny-gelnhausen\/\">Gelnhausen<\/a><\/li>\n<li><a href=\"https:\/\/auslaenderaemter.com\/pl\/urzad-imigracyjny-giessen\/\">Wla\u0107<\/a><\/li>\n<li><a href=\"https:\/\/auslaenderaemter.com\/pl\/biuro-imigracyjne-gross-gerau\/\">Gross-Gerau<\/a><\/li>\n<li><a href=\"https:\/\/auslaenderaemter.com\/pl\/biuro-imigracyjne-hanau\/\">Hanau<\/a><\/li>\n<li><a href=\"https:\/\/auslaenderaemter.com\/pl\/biuro-imigracyjne-heppenheim\/\">Heppenheim<\/a><\/li>\n<li><a href=\"https:\/\/auslaenderaemter.com\/pl\/biuro-imigracyjne-hofheim-am-taunus\/\">Hofheim am Taunus<\/a><\/li>\n<li><a href=\"https:\/\/auslaenderaemter.com\/pl\/urzad-imigracyjny-homberg-efze\/\">Homberg Efze<\/a><\/li>\n<li><a href=\"https:\/\/auslaenderaemter.com\/pl\/biuro-imigracyjne-kassel\/\">kassel<\/a><\/li>\n<li><a href=\"https:\/\/auslaenderaemter.com\/pl\/urzad-imigracyjny-korbach\/\">Korbach<\/a><\/li>\n<li><a href=\"https:\/\/auslaenderaemter.com\/pl\/urzad-imigracyjny-lauterbach\/\">Lauterbach<\/a><\/li>\n<li><a href=\"https:\/\/auslaenderaemter.com\/pl\/urzad-imigracyjny-limburg-an-der-lahn\/\">Limburg an der Lahn<\/a><\/li>\n<li><a href=\"https:\/\/auslaenderaemter.com\/pl\/urzad-imigracyjny-sad-w-obiektywie\/\">danie z soczewicy<\/a><\/li>\n<li><a href=\"https:\/\/auslaenderaemter.com\/pl\/urzad-imigracyjny-marburg\/\">Marburg<\/a><\/li>\n<li><a href=\"https:\/\/auslaenderaemter.com\/pl\/urzad-imigracyjny-miltenberg\/\">Miltenberg<\/a><\/li>\n<li><a href=\"https:\/\/auslaenderaemter.com\/pl\/biuro-imigracyjne-neukirchen\/\">Neukirchen<\/a><\/li>\n<li><a href=\"https:\/\/auslaenderaemter.com\/pl\/urzad-imigracyjny-neustadt\/\">nowe Miasto<\/a><\/li>\n<li><a href=\"https:\/\/auslaenderaemter.com\/pl\/biuro-imigracyjne-offenbach-am-main\/\">Offenbach am Main<\/a><\/li>\n<li><a href=\"https:\/\/auslaenderaemter.com\/pl\/urzad-imigracyjny-ruesselsheim\/\">R\u00fcsselsheim\u00a0<\/a><\/li>\n<li><a href=\"https:\/\/auslaenderaemter.com\/pl\/urzad-imigracyjny-weilburg\/\">Weilburg<\/a><\/li>\n<li><a href=\"https:\/\/auslaenderaemter.com\/pl\/biuro-imigracyjne-wetzlar\/\">Wetzlar<\/a><\/li>\n<li><a href=\"https:\/\/auslaenderaemter.com\/pl\/urzad-imigracyjny-wiesbaden\/\">Wiesbaden<\/a><\/li>\n<\/ul>\n<h3>Zadania w\u0142adz imigracyjnych<\/h3>\n<p>Organy imigracyjne s\u0105 odpowiedzialne za \u015brodki zwi\u0105zane z prawem pobytowym i paszportowym. Decyduj\u0105 zgodnie z ustaw\u0105 o pobytach i przepisami innych praw imigracyjnych.<\/p>\n<p><strong>Inne zadania i us\u0142ugi to:<\/strong><\/p>\n<ul>\n<li>Elektroniczne zezwolenie na pobyt (eAT)<\/li>\n<li>Osoba kontaktowa w sprawie pomocy uchod\u017acom<\/li>\n<li>zezwolenie na prac\u0119<\/li>\n<li>wej\u015bcie\u00a0<span class=\"highlight\">oraz<\/span>\u00a0Noclegi w Niemczech<\/li>\n<li>przytu\u0142ek<\/li>\n<li>integracja<\/li>\n<li>deklaracja zobowi\u0105zania<\/li>\n<\/ul>\n<h3>Powo\u0142anie w Urz\u0119dzie Imigracyjnym<\/h3>\n<p>W wi\u0119kszo\u015bci przypadk\u00f3w na spotkanie mo\u017cna um\u00f3wi\u0107 si\u0119 telefonicznie, korzystaj\u0105c z formularza kontaktowego lub za po\u015brednictwem portalu serwisowego danego miasta. Upewnij si\u0119, \u017ce masz wszystkie niezb\u0119dne dokumenty przed wizyt\u0105 w urz\u0119dzie imigracyjnym.<\/p>\n<div class=\"su-note\"  style=\"border-color:#dadbdd;border-radius:2px;-moz-border-radius:2px;-webkit-border-radius:2px;\"><div class=\"su-note-inner su-u-clearfix su-u-trim\" style=\"background-color:#f4f5f7;border-color:#ffffff;color:#333333;border-radius:2px;-moz-border-radius:2px;-webkit-border-radius:2px;\"><strong>Uwaga:<\/strong> W przypadku urz\u0119d\u00f3w, urz\u0119d\u00f3w lub s\u0105d\u00f3w zwykle potrzebujesz dokument\u00f3w, za\u015bwiadcze\u0144 lub za\u015bwiadcze\u0144 jako: <a href=\"https:\/\/auslaenderaemter.com\/pl\/tlumaczenia-przysiegle-do-dokumentow-urzedowych\/\">t\u0142umaczenie przysi\u0119g\u0142e<\/a>.<\/div><\/div>\n<ul>\n<li>Z\u00a0<a href=\"https:\/\/auslaenderaemter.com\/pl\/deklaracja-zobowiazania\/\" data-wpel-link=\"internal\">deklaracja zobowi\u0105zania<\/a>\u00a0mo\u017cesz zezwoli\u0107 go\u015bciom z zagranicy na wjazd do Niemiec.<\/li>\n<li><strong>Spodziewasz si\u0119 go\u015bci z zagranicy?<\/strong>\u00a0Z\u00a0<a href=\"https:\/\/tidd.ly\/3u98xUL\" target=\"_blank\" rel=\"nofollow noopener external noreferrer\" data-wpel-link=\"external\">Ubezpieczenie zdrowotne w podr\u00f3\u017cy dla go\u015bci zagranicznych<\/a>* jeste\u015b w pe\u0142ni chroniony w Niemczech i Europie.<\/li>\n<\/ul>\n<h3>Dalej <span class=\"ez-toc-section\">w\u0142adze imigracyjne <\/span>linki i \u017ar\u00f3d\u0142a<\/h3>\n<ul>\n<li><a href=\"https:\/\/auslaenderaemter.com\/pl\/\">Urz\u0119dy Imigracyjne w Niemczech<\/a><\/li>\n<li><a href=\"https:\/\/www.bamf.de\/DE\/Startseite\/startseite_node.html\" target=\"_blank\" rel=\"noopener nofollow external noreferrer\" data-wpel-link=\"external\">Federalny Urz\u0105d ds. Migracji i Uchod\u017ac\u00f3w<\/a>\u00a0(BAMF)<\/li>\n<\/ul>","protected":false},"excerpt":{"rendered":"<p>Tutaj znajdziesz dane kontaktowe, adresy i godziny otwarcia urz\u0119d\u00f3w imigracyjnych \/ w\u0142adz imigracyjnych - w Hesji. Przegl\u0105d wszystkich urz\u0119d\u00f3w imigracyjnych \/ w\u0142adz imigracyjnych w Hesji Aschaffenburg Bad Hersfeld Bad Homburg Bad Schwalbach Bad Sooden-Allendorf Biedenkopf Darmstadt Dieburg Dietzenbach Dillenburg Erbach Eschwege Frankenberg Frankfurt nad Menem Friedberg Fulda Gelnhausen Gie\u00dfen Gro\u00df-Gerau Hanau Heppenheim Hofheim am Taunus Homberg Efze Kassel Korbach\u2026&nbsp;<a href=\"https:\/\/auslaenderaemter.com\/pl\/urzedy-imigracyjne-w-hesji\/\" rel=\"bookmark\">Czytaj wi\u0119cej \u00bb<span class=\"screen-reader-text\">Urz\u0119dy imigracyjne w Hesji<\/span><\/a><\/p>","protected":false},"author":1,"featured_media":37,"parent":0,"menu_order":0,"comment_status":"closed","ping_status":"closed","template":"","meta":{"neve_meta_sidebar":"full-width","neve_meta_container":"","neve_meta_enable_content_width":"on","neve_meta_content_width":100,"neve_meta_title_alignment":"","neve_meta_author_avatar":"","neve_post_elements_order":"","neve_meta_disable_header":"","neve_meta_disable_footer":"","neve_meta_disable_title":"","neve_meta_reading_time":"","footnotes":""},"class_list":["post-54","page","type-page","status-publish","has-post-thumbnail","hentry"],"yoast_head":"<!-- This site is optimized with the Yoast SEO plugin v27.3 - https:\/\/yoast.com\/product\/yoast-seo-wordpress\/ -->\n<title>Ausl\u00e4nder\u00e4mter in Hessen | Adresse, Anschrift und Kontakt<\/title>\n<meta name=\"description\" content=\"Ausl\u00e4nder\u00e4mter in Hessen | Adresse und Anschrift \u2713 Telefonnummer, Kontakt und \u00d6ffnungszeiten \u2713 Ausl\u00e4nderbeh\u00f6rden in Deutschland\" \/>\n<meta name=\"robots\" content=\"index, follow, max-snippet:-1, max-image-preview:large, max-video-preview:-1\" \/>\n<link rel=\"canonical\" href=\"https:\/\/auslaenderaemter.com\/pl\/urzedy-imigracyjne-w-hesji\/\" \/>\n<meta property=\"og:locale\" content=\"pl_PL\" \/>\n<meta property=\"og:type\" content=\"article\" \/>\n<meta property=\"og:title\" content=\"Ausl\u00e4nder\u00e4mter in Hessen | Adresse, Anschrift und Kontakt\" \/>\n<meta property=\"og:description\" content=\"Ausl\u00e4nder\u00e4mter in Hessen | Adresse und Anschrift \u2713 Telefonnummer, Kontakt und \u00d6ffnungszeiten \u2713 Ausl\u00e4nderbeh\u00f6rden in Deutschland\" \/>\n<meta property=\"og:url\" content=\"https:\/\/auslaenderaemter.com\/pl\/urzedy-imigracyjne-w-hesji\/\" \/>\n<meta property=\"og:site_name\" content=\"auslaenderaemter.com\" \/>\n<meta property=\"article:modified_time\" content=\"2022-07-04T16:44:00+00:00\" \/>\n<meta property=\"og:image\" content=\"https:\/\/auslaenderaemter.com\/wp-content\/uploads\/2021\/01\/city-263069_640.jpg\" \/>\n\t<meta property=\"og:image:width\" content=\"640\" \/>\n\t<meta property=\"og:image:height\" content=\"480\" \/>\n\t<meta property=\"og:image:type\" content=\"image\/jpeg\" \/>\n<meta name=\"twitter:card\" content=\"summary_large_image\" \/>\n<meta name=\"twitter:label1\" content=\"Szacowany czas czytania\" \/>\n\t<meta name=\"twitter:data1\" content=\"1 minuta\" \/>\n<script type=\"application\/ld+json\" class=\"yoast-schema-graph\">{\"@context\":\"https:\\\/\\\/schema.org\",\"@graph\":[{\"@type\":\"WebPage\",\"@id\":\"https:\\\/\\\/auslaenderaemter.com\\\/auslaenderaemter-in-hessen\\\/\",\"url\":\"https:\\\/\\\/auslaenderaemter.com\\\/auslaenderaemter-in-hessen\\\/\",\"name\":\"Ausl\u00e4nder\u00e4mter in Hessen | Adresse, Anschrift und Kontakt\",\"isPartOf\":{\"@id\":\"https:\\\/\\\/auslaenderaemter.com\\\/#website\"},\"primaryImageOfPage\":{\"@id\":\"https:\\\/\\\/auslaenderaemter.com\\\/auslaenderaemter-in-hessen\\\/#primaryimage\"},\"image\":{\"@id\":\"https:\\\/\\\/auslaenderaemter.com\\\/auslaenderaemter-in-hessen\\\/#primaryimage\"},\"thumbnailUrl\":\"https:\\\/\\\/auslaenderaemter.com\\\/wp-content\\\/uploads\\\/2021\\\/01\\\/city-263069_640.jpg\",\"datePublished\":\"2021-01-26T13:36:07+00:00\",\"dateModified\":\"2022-07-04T16:44:00+00:00\",\"description\":\"Ausl\u00e4nder\u00e4mter in Hessen | Adresse und Anschrift \u2713 Telefonnummer, Kontakt und \u00d6ffnungszeiten \u2713 Ausl\u00e4nderbeh\u00f6rden in Deutschland\",\"breadcrumb\":{\"@id\":\"https:\\\/\\\/auslaenderaemter.com\\\/auslaenderaemter-in-hessen\\\/#breadcrumb\"},\"inLanguage\":\"pl-PL\",\"potentialAction\":[{\"@type\":\"ReadAction\",\"target\":[\"https:\\\/\\\/auslaenderaemter.com\\\/auslaenderaemter-in-hessen\\\/\"]}]},{\"@type\":\"ImageObject\",\"inLanguage\":\"pl-PL\",\"@id\":\"https:\\\/\\\/auslaenderaemter.com\\\/auslaenderaemter-in-hessen\\\/#primaryimage\",\"url\":\"https:\\\/\\\/auslaenderaemter.com\\\/wp-content\\\/uploads\\\/2021\\\/01\\\/city-263069_640.jpg\",\"contentUrl\":\"https:\\\/\\\/auslaenderaemter.com\\\/wp-content\\\/uploads\\\/2021\\\/01\\\/city-263069_640.jpg\",\"width\":640,\"height\":480,\"caption\":\"Ausl\u00e4nder\u00e4mter in Deutschland\"},{\"@type\":\"BreadcrumbList\",\"@id\":\"https:\\\/\\\/auslaenderaemter.com\\\/auslaenderaemter-in-hessen\\\/#breadcrumb\",\"itemListElement\":[{\"@type\":\"ListItem\",\"position\":1,\"name\":\"Startseite\",\"item\":\"https:\\\/\\\/auslaenderaemter.com\\\/\"},{\"@type\":\"ListItem\",\"position\":2,\"name\":\"Ausl\u00e4nder\u00e4mter in Hessen\"}]},{\"@type\":\"WebSite\",\"@id\":\"https:\\\/\\\/auslaenderaemter.com\\\/#website\",\"url\":\"https:\\\/\\\/auslaenderaemter.com\\\/\",\"name\":\"auslaenderaemter.com\",\"description\":\"\",\"publisher\":{\"@id\":\"https:\\\/\\\/auslaenderaemter.com\\\/#organization\"},\"potentialAction\":[{\"@type\":\"SearchAction\",\"target\":{\"@type\":\"EntryPoint\",\"urlTemplate\":\"https:\\\/\\\/auslaenderaemter.com\\\/?s={search_term_string}\"},\"query-input\":{\"@type\":\"PropertyValueSpecification\",\"valueRequired\":true,\"valueName\":\"search_term_string\"}}],\"inLanguage\":\"pl-PL\"},{\"@type\":\"Organization\",\"@id\":\"https:\\\/\\\/auslaenderaemter.com\\\/#organization\",\"name\":\"auslaenderaemter.com\",\"url\":\"https:\\\/\\\/auslaenderaemter.com\\\/\",\"logo\":{\"@type\":\"ImageObject\",\"inLanguage\":\"pl-PL\",\"@id\":\"https:\\\/\\\/auslaenderaemter.com\\\/#\\\/schema\\\/logo\\\/image\\\/\",\"url\":\"https:\\\/\\\/auslaenderaemter.com\\\/wp-content\\\/uploads\\\/2021\\\/01\\\/cropped-Vollmond-info-13.png\",\"contentUrl\":\"https:\\\/\\\/auslaenderaemter.com\\\/wp-content\\\/uploads\\\/2021\\\/01\\\/cropped-Vollmond-info-13.png\",\"width\":500,\"height\":117,\"caption\":\"auslaenderaemter.com\"},\"image\":{\"@id\":\"https:\\\/\\\/auslaenderaemter.com\\\/#\\\/schema\\\/logo\\\/image\\\/\"}}]}<\/script>\n<!-- \/ Yoast SEO plugin. -->","yoast_head_json":{"title":"Urz\u0119dy imigracyjne w Hesji | Adres, adres i kontakt","description":"Urz\u0119dy imigracyjne w Hesji | Adres i adres \u2713 Numer telefonu, kontakt i godziny otwarcia \u2713 Organy imigracyjne w Niemczech","robots":{"index":"index","follow":"follow","max-snippet":"max-snippet:-1","max-image-preview":"max-image-preview:large","max-video-preview":"max-video-preview:-1"},"canonical":"https:\/\/auslaenderaemter.com\/pl\/urzedy-imigracyjne-w-hesji\/","og_locale":"pl_PL","og_type":"article","og_title":"Ausl\u00e4nder\u00e4mter in Hessen | Adresse, Anschrift und Kontakt","og_description":"Ausl\u00e4nder\u00e4mter in Hessen | Adresse und Anschrift \u2713 Telefonnummer, Kontakt und \u00d6ffnungszeiten \u2713 Ausl\u00e4nderbeh\u00f6rden in Deutschland","og_url":"https:\/\/auslaenderaemter.com\/pl\/urzedy-imigracyjne-w-hesji\/","og_site_name":"auslaenderaemter.com","article_modified_time":"2022-07-04T16:44:00+00:00","og_image":[{"width":640,"height":480,"url":"https:\/\/auslaenderaemter.com\/wp-content\/uploads\/2021\/01\/city-263069_640.jpg","type":"image\/jpeg"}],"twitter_card":"summary_large_image","twitter_misc":{"Szacowany czas czytania":"1 minuta"},"schema":{"@context":"https:\/\/schema.org","@graph":[{"@type":"WebPage","@id":"https:\/\/auslaenderaemter.com\/auslaenderaemter-in-hessen\/","url":"https:\/\/auslaenderaemter.com\/auslaenderaemter-in-hessen\/","name":"Urz\u0119dy imigracyjne w Hesji | Adres, adres i kontakt","isPartOf":{"@id":"https:\/\/auslaenderaemter.com\/#website"},"primaryImageOfPage":{"@id":"https:\/\/auslaenderaemter.com\/auslaenderaemter-in-hessen\/#primaryimage"},"image":{"@id":"https:\/\/auslaenderaemter.com\/auslaenderaemter-in-hessen\/#primaryimage"},"thumbnailUrl":"https:\/\/auslaenderaemter.com\/wp-content\/uploads\/2021\/01\/city-263069_640.jpg","datePublished":"2021-01-26T13:36:07+00:00","dateModified":"2022-07-04T16:44:00+00:00","description":"Urz\u0119dy imigracyjne w Hesji | Adres i adres \u2713 Numer telefonu, kontakt i godziny otwarcia \u2713 Organy imigracyjne w Niemczech","breadcrumb":{"@id":"https:\/\/auslaenderaemter.com\/auslaenderaemter-in-hessen\/#breadcrumb"},"inLanguage":"pl-PL","potentialAction":[{"@type":"ReadAction","target":["https:\/\/auslaenderaemter.com\/auslaenderaemter-in-hessen\/"]}]},{"@type":"ImageObject","inLanguage":"pl-PL","@id":"https:\/\/auslaenderaemter.com\/auslaenderaemter-in-hessen\/#primaryimage","url":"https:\/\/auslaenderaemter.com\/wp-content\/uploads\/2021\/01\/city-263069_640.jpg","contentUrl":"https:\/\/auslaenderaemter.com\/wp-content\/uploads\/2021\/01\/city-263069_640.jpg","width":640,"height":480,"caption":"Ausl\u00e4nder\u00e4mter in Deutschland"},{"@type":"BreadcrumbList","@id":"https:\/\/auslaenderaemter.com\/auslaenderaemter-in-hessen\/#breadcrumb","itemListElement":[{"@type":"ListItem","position":1,"name":"Startseite","item":"https:\/\/auslaenderaemter.com\/"},{"@type":"ListItem","position":2,"name":"Ausl\u00e4nder\u00e4mter in Hessen"}]},{"@type":"WebSite","@id":"https:\/\/auslaenderaemter.com\/#website","url":"https:\/\/auslaenderaemter.com\/","name":"auslaenderaemter.com","description":"","publisher":{"@id":"https:\/\/auslaenderaemter.com\/#organization"},"potentialAction":[{"@type":"SearchAction","target":{"@type":"EntryPoint","urlTemplate":"https:\/\/auslaenderaemter.com\/?s={search_term_string}"},"query-input":{"@type":"PropertyValueSpecification","valueRequired":true,"valueName":"search_term_string"}}],"inLanguage":"pl-PL"},{"@type":"Organization","@id":"https:\/\/auslaenderaemter.com\/#organization","name":"auslaenderaemter.com","url":"https:\/\/auslaenderaemter.com\/","logo":{"@type":"ImageObject","inLanguage":"pl-PL","@id":"https:\/\/auslaenderaemter.com\/#\/schema\/logo\/image\/","url":"https:\/\/auslaenderaemter.com\/wp-content\/uploads\/2021\/01\/cropped-Vollmond-info-13.png","contentUrl":"https:\/\/auslaenderaemter.com\/wp-content\/uploads\/2021\/01\/cropped-Vollmond-info-13.png","width":500,"height":117,"caption":"auslaenderaemter.com"},"image":{"@id":"https:\/\/auslaenderaemter.com\/#\/schema\/logo\/image\/"}}]}},"_links":{"self":[{"href":"https:\/\/auslaenderaemter.com\/pl\/wp-json\/wp\/v2\/pages\/54","targetHints":{"allow":["GET"]}}],"collection":[{"href":"https:\/\/auslaenderaemter.com\/pl\/wp-json\/wp\/v2\/pages"}],"about":[{"href":"https:\/\/auslaenderaemter.com\/pl\/wp-json\/wp\/v2\/types\/page"}],"author":[{"embeddable":true,"href":"https:\/\/auslaenderaemter.com\/pl\/wp-json\/wp\/v2\/users\/1"}],"replies":[{"embeddable":true,"href":"https:\/\/auslaenderaemter.com\/pl\/wp-json\/wp\/v2\/comments?post=54"}],"version-history":[{"count":0,"href":"https:\/\/auslaenderaemter.com\/pl\/wp-json\/wp\/v2\/pages\/54\/revisions"}],"wp:featuredmedia":[{"embeddable":true,"href":"https:\/\/auslaenderaemter.com\/pl\/wp-json\/wp\/v2\/media\/37"}],"wp:attachment":[{"href":"https:\/\/auslaenderaemter.com\/pl\/wp-json\/wp\/v2\/media?parent=54"}],"curies":[{"name":"wp","href":"https:\/\/api.w.org\/{rel}","templated":true}]}}