{"id":58,"date":"2021-01-26T14:39:06","date_gmt":"2021-01-26T13:39:06","guid":{"rendered":"https:\/\/auslaenderaemter.com\/?page_id=58"},"modified":"2022-07-04T18:44:18","modified_gmt":"2022-07-04T16:44:18","slug":"auslaenderaemter-in-niedersachsen","status":"publish","type":"page","link":"https:\/\/auslaenderaemter.com\/pl\/urzedy-imigracyjne-w-dolnej-saksonii\/","title":{"rendered":"Urz\u0119dy imigracyjne w Dolnej Saksonii"},"content":{"rendered":"<p><strong>Tutaj znajdziesz dane kontaktowe, adresy i godziny otwarcia urz\u0119d\u00f3w imigracyjnych \/ w\u0142adz imigracyjnych - w Dolnej Saksonii.<\/strong><\/p>\n<h2><span id=\"Uebersicht_aller_Jobcenter_in_Baden-Wuerttemberg\" class=\"ez-toc-section\">Przegl\u0105d wszystkich urz\u0119d\u00f3w \/ urz\u0119d\u00f3w imigracyjnych w Dolnej Saksonii<\/span><\/h2>\n<ul>\n<li><a href=\"https:\/\/auslaenderaemter.com\/pl\/biuro-imigracyjne-aurich\/\">Aurich<\/a><\/li>\n<li><a href=\"https:\/\/auslaenderaemter.com\/pl\/urzad-imigracyjny-bad-fallingborstel\/\">Bad Fallingbostel<\/a><\/li>\n<li><a href=\"https:\/\/auslaenderaemter.com\/pl\/hamulec-urzedu-imigracyjnego\/\">Hamulec<\/a><\/li>\n<li><a href=\"https:\/\/auslaenderaemter.com\/pl\/urzad-imigracyjny-bramsche\/\">Bramsche<\/a><\/li>\n<li><a href=\"https:\/\/auslaenderaemter.com\/pl\/urzad-imigracyjny-brunswick\/\">Brunszwik<\/a><\/li>\n<li><a href=\"https:\/\/auslaenderaemter.com\/pl\/komorka-biura-imigracyjnego\/\">Celle<\/a><\/li>\n<li><a href=\"https:\/\/auslaenderaemter.com\/pl\/urzad-imigracyjny-clappenburg\/\">Cloppenburg<\/a><\/li>\n<li><a href=\"https:\/\/auslaenderaemter.com\/pl\/biuro-imigracyjne-cuxhaven\/\">Cuxhaven<\/a><\/li>\n<li><a href=\"https:\/\/auslaenderaemter.com\/pl\/urzad-imigracyjny-delmenhorst\/\">Delmenhorst<\/a><\/li>\n<li><a href=\"https:\/\/auslaenderaemter.com\/pl\/urzad-imigracyjny-diepholz\/\">Diepholz<\/a><\/li>\n<li><a href=\"https:\/\/auslaenderaemter.com\/pl\/biuro-imigracyjne-emden\/\">emden<\/a><\/li>\n<li><a href=\"https:\/\/auslaenderaemter.com\/pl\/biuro-imigracyjne-gifhorn\/\">Gifhorn<\/a><\/li>\n<li><a href=\"https:\/\/auslaenderaemter.com\/pl\/biuro-imigracyjne-goslar\/\">Goslar<\/a><\/li>\n<li><a href=\"https:\/\/auslaenderaemter.com\/pl\/urzad-imigracyjny-gettingen\/\">Getynga<\/a><\/li>\n<li><a href=\"https:\/\/auslaenderaemter.com\/pl\/urzad-imigracyjny-hameln\/\">Hameln<\/a><\/li>\n<li><a href=\"https:\/\/auslaenderaemter.com\/pl\/urzad-imigracyjny-hannover\/\">Hanower<\/a><\/li>\n<li><a href=\"https:\/\/auslaenderaemter.com\/pl\/biuro-imigracyjne-helmstedt\/\">Helmstedt<\/a><\/li>\n<li><a href=\"https:\/\/auslaenderaemter.com\/pl\/urzad-imigracyjny-hildesheim\/\">Hildesheim<\/a><\/li>\n<li><a href=\"https:\/\/auslaenderaemter.com\/pl\/urzad-imigracyjny-holzminden\/\">Holzminden<\/a><\/li>\n<li><a href=\"https:\/\/auslaenderaemter.com\/pl\/biuro-imigracyjne-jever\/\">zawsze<\/a><\/li>\n<li><a href=\"https:\/\/auslaenderaemter.com\/pl\/urzad-imigracyjny-langenhagen\/\">Langenhagen<\/a><\/li>\n<li><a href=\"https:\/\/auslaenderaemter.com\/pl\/biuro-imigracyjne-puste\/\">Pusty<\/a><\/li>\n<li><a href=\"https:\/\/auslaenderaemter.com\/pl\/biuro-imigracyjne-lingen\/\">Lingen<\/a><\/li>\n<li><a href=\"https:\/\/auslaenderaemter.com\/pl\/biuro-imigracyjne-luechow\/\">Luech\u00f3w<\/a><\/li>\n<li><a href=\"https:\/\/auslaenderaemter.com\/pl\/urzad-imigracyjny-w-lueneburgu\/\">L\u00fcneburg<\/a><\/li>\n<li><a href=\"https:\/\/auslaenderaemter.com\/pl\/urzad-imigracyjny-meppen\/\">meppen<\/a><\/li>\n<li><a href=\"https:\/\/auslaenderaemter.com\/pl\/urzad-imigracyjny-nienburg\/\">Nienburg<\/a><\/li>\n<li><a href=\"https:\/\/auslaenderaemter.com\/pl\/urzad-imigracyjny-nordhorn\/\">r\u00f3g p\u00f3\u0142nocny<\/a><\/li>\n<li><a href=\"https:\/\/auslaenderaemter.com\/pl\/biuro-imigracyjne-northeim\/\">Northeim<\/a><\/li>\n<li><a href=\"https:\/\/auslaenderaemter.com\/pl\/urzad-imigracyjny-oldenburg\/\">Oldenburg<\/a><\/li>\n<li><a href=\"https:\/\/auslaenderaemter.com\/pl\/urzad-imigracyjny-osnabrueck\/\">Osnabr\u00fcck<\/a><\/li>\n<li><a href=\"https:\/\/auslaenderaemter.com\/pl\/urzad-imigracyjny-osterholz-scharmbeck\/\">Osterholz-Scharmbeck<\/a><\/li>\n<li><a href=\"https:\/\/auslaenderaemter.com\/pl\/urzad-imigracyjny-osterode-am-harz\/\">Osterode am Harz<\/a><\/li>\n<li><a href=\"https:\/\/auslaenderaemter.com\/pl\/biuro-imigracyjne-peine\/\">b\u00f3l<\/a><\/li>\n<li><a href=\"https:\/\/auslaenderaemter.com\/pl\/urzad-imigracyjny-ratzeburg\/\">Ratzeburg<\/a><\/li>\n<li><a href=\"https:\/\/auslaenderaemter.com\/pl\/urzad-imigracyjny-rotenburg\/\">Rotenburg<\/a><\/li>\n<li><a href=\"https:\/\/auslaenderaemter.com\/pl\/urzad-imigracyjny-salzgitter\/\">Salzgitter<\/a><\/li>\n<li><a href=\"https:\/\/auslaenderaemter.com\/pl\/biuro-imigracyjne-2\/\">Miasto<\/a><\/li>\n<li><a href=\"https:\/\/auslaenderaemter.com\/pl\/urzad-imigracyjny-stadthagen\/\">Stadthagen<\/a><\/li>\n<li><a href=\"https:\/\/auslaenderaemter.com\/pl\/urzad-imigracyjny-syke\/\">syke<\/a><\/li>\n<li><a href=\"https:\/\/auslaenderaemter.com\/pl\/biuro-imigracyjne-uelzen\/\">Uelzen<\/a><\/li>\n<li><a href=\"https:\/\/auslaenderaemter.com\/pl\/biuro-imigracyjne-vechta\/\">Vechta<\/a><\/li>\n<li><a href=\"https:\/\/auslaenderaemter.com\/pl\/urzad-imigracyjny-verden\/\">verden<\/a><\/li>\n<li><a href=\"https:\/\/auslaenderaemter.com\/pl\/biuro-imigracyjne-westerstede\/\">Westerstede<\/a><\/li>\n<li><a href=\"https:\/\/auslaenderaemter.com\/pl\/urzad-imigracyjny-wildeshausen\/\">Wildeshausen<\/a><\/li>\n<li><a href=\"https:\/\/auslaenderaemter.com\/pl\/biuro-imigracyjne-wilhelmshaven\/\">Wilhelmshaven<\/a><\/li>\n<li><a href=\"https:\/\/auslaenderaemter.com\/pl\/biuro-imigracyjne-winsen\/\">skomle\u0107<\/a><\/li>\n<li><a href=\"https:\/\/auslaenderaemter.com\/pl\/urzad-imigracyjny-wittmund\/\">Wittmund<\/a><\/li>\n<li><a href=\"https:\/\/auslaenderaemter.com\/pl\/biuro-imigracyjne-wolfenbuettel\/\">Wolfenb\u00fcttel<\/a><\/li>\n<li><a href=\"https:\/\/auslaenderaemter.com\/pl\/urzad-imigracyjny-wolfsburg\/\">Wolfsburg<\/a><\/li>\n<\/ul>\n<h3>Zadania w\u0142adz imigracyjnych<\/h3>\n<p>Organy imigracyjne s\u0105 odpowiedzialne za \u015brodki zwi\u0105zane z prawem pobytowym i paszportowym. Decyduj\u0105 zgodnie z ustaw\u0105 o pobytach i przepisami innych praw imigracyjnych.<\/p>\n<p><strong>Inne zadania i us\u0142ugi to:<\/strong><\/p>\n<ul>\n<li>Elektroniczne zezwolenie na pobyt (eAT)<\/li>\n<li>Osoba kontaktowa w sprawie pomocy uchod\u017acom<\/li>\n<li>zezwolenie na prac\u0119<\/li>\n<li>wej\u015bcie\u00a0<span class=\"highlight\">oraz<\/span>\u00a0Noclegi w Niemczech<\/li>\n<li>przytu\u0142ek<\/li>\n<li>integracja<\/li>\n<li>deklaracja zobowi\u0105zania<\/li>\n<\/ul>\n<h3>Powo\u0142anie w Urz\u0119dzie Imigracyjnym<\/h3>\n<p>W wi\u0119kszo\u015bci przypadk\u00f3w na spotkanie mo\u017cna um\u00f3wi\u0107 si\u0119 telefonicznie, korzystaj\u0105c z formularza kontaktowego lub za po\u015brednictwem portalu serwisowego danego miasta. Upewnij si\u0119, \u017ce masz wszystkie niezb\u0119dne dokumenty przed wizyt\u0105 w urz\u0119dzie imigracyjnym.<\/p>\n<div class=\"su-note\"  style=\"border-color:#dadbdd;border-radius:2px;-moz-border-radius:2px;-webkit-border-radius:2px;\"><div class=\"su-note-inner su-u-clearfix su-u-trim\" style=\"background-color:#f4f5f7;border-color:#ffffff;color:#333333;border-radius:2px;-moz-border-radius:2px;-webkit-border-radius:2px;\"><strong>Uwaga:<\/strong> W przypadku urz\u0119d\u00f3w, urz\u0119d\u00f3w lub s\u0105d\u00f3w zwykle potrzebujesz dokument\u00f3w, za\u015bwiadcze\u0144 lub za\u015bwiadcze\u0144 jako: <a href=\"https:\/\/auslaenderaemter.com\/pl\/tlumaczenia-przysiegle-do-dokumentow-urzedowych\/\">t\u0142umaczenie przysi\u0119g\u0142e<\/a>.<\/div><\/div>\n<ul>\n<li>Z\u00a0<a href=\"https:\/\/auslaenderaemter.com\/pl\/deklaracja-zobowiazania\/\" data-wpel-link=\"internal\">deklaracja zobowi\u0105zania<\/a>\u00a0mo\u017cesz zezwoli\u0107 go\u015bciom z zagranicy na wjazd do Niemiec.<\/li>\n<li><strong>Spodziewasz si\u0119 go\u015bci z zagranicy?<\/strong>\u00a0Z\u00a0<a href=\"https:\/\/tidd.ly\/3u98xUL\" target=\"_blank\" rel=\"nofollow noopener external noreferrer\" data-wpel-link=\"external\">Ubezpieczenie zdrowotne w podr\u00f3\u017cy dla go\u015bci zagranicznych<\/a>* jeste\u015b w pe\u0142ni chroniony w Niemczech i Europie.<\/li>\n<\/ul>\n<h3>Dalej <span class=\"ez-toc-section\">w\u0142adze imigracyjne <\/span>linki i \u017ar\u00f3d\u0142a<\/h3>\n<ul>\n<li><a href=\"https:\/\/auslaenderaemter.com\/pl\/\">Urz\u0119dy Imigracyjne w Niemczech<\/a><\/li>\n<li><a href=\"https:\/\/www.bamf.de\/DE\/Startseite\/startseite_node.html\" target=\"_blank\" rel=\"noopener nofollow external noreferrer\" data-wpel-link=\"external\">Federalny Urz\u0105d ds. Migracji i Uchod\u017ac\u00f3w<\/a>\u00a0(BAMF)<\/li>\n<\/ul>","protected":false},"excerpt":{"rendered":"<p>Tutaj znajdziesz dane kontaktowe, adresy i godziny otwarcia urz\u0119d\u00f3w imigracyjnych \/ w\u0142adz imigracyjnych - w Dolnej Saksonii. Przegl\u0105d wszystkich urz\u0119d\u00f3w imigracyjnych \/ w\u0142adz imigracyjnych w Dolnej Saksonii Aurich Bad Fallingbostel Brake Bramsche Braunschweig Celle Cloppenburg Cuxhaven Delmenhorst Diepholz Emden Gifhorn Goslar G\u00f6ttingen Hameln Hanower Helmstedt Hildesheim Holzminden Jever Langenhagen Leer Lingen L\u00fcchow L\u00fcneburg Meppen Nienburg Nordhorn Northeim Oldenburg Osnabr\u00fcck Osterholz-Sch rami\u0119 Osterode\u2026&nbsp;<a href=\"https:\/\/auslaenderaemter.com\/pl\/urzedy-imigracyjne-w-dolnej-saksonii\/\" rel=\"bookmark\">Czytaj wi\u0119cej \u00bb<span class=\"screen-reader-text\">Urz\u0119dy imigracyjne w Dolnej Saksonii<\/span><\/a><\/p>","protected":false},"author":1,"featured_media":37,"parent":0,"menu_order":0,"comment_status":"closed","ping_status":"closed","template":"","meta":{"neve_meta_sidebar":"full-width","neve_meta_container":"","neve_meta_enable_content_width":"on","neve_meta_content_width":100,"neve_meta_title_alignment":"","neve_meta_author_avatar":"","neve_post_elements_order":"","neve_meta_disable_header":"","neve_meta_disable_footer":"","neve_meta_disable_title":"","neve_meta_reading_time":"","footnotes":""},"class_list":["post-58","page","type-page","status-publish","has-post-thumbnail","hentry"],"yoast_head":"<!-- This site is optimized with the Yoast SEO plugin v27.4 - https:\/\/yoast.com\/product\/yoast-seo-wordpress\/ -->\n<title>Ausl\u00e4nder\u00e4mter in Niedersachsen | Adresse, Anschrift und Kontakt<\/title>\n<meta name=\"description\" content=\"Ausl\u00e4nder\u00e4mter in Niedersachsen | Adresse und Anschrift \u2713 Telefonnummer, Kontakt und \u00d6ffnungszeiten \u2713 Ausl\u00e4nderbeh\u00f6rden in Deutschland\" \/>\n<meta name=\"robots\" content=\"index, follow, max-snippet:-1, max-image-preview:large, max-video-preview:-1\" \/>\n<link rel=\"canonical\" href=\"https:\/\/auslaenderaemter.com\/pl\/urzedy-imigracyjne-w-dolnej-saksonii\/\" \/>\n<meta property=\"og:locale\" content=\"pl_PL\" \/>\n<meta property=\"og:type\" content=\"article\" \/>\n<meta property=\"og:title\" content=\"Ausl\u00e4nder\u00e4mter in Niedersachsen | Adresse, Anschrift und Kontakt\" \/>\n<meta property=\"og:description\" content=\"Ausl\u00e4nder\u00e4mter in Niedersachsen | Adresse und Anschrift \u2713 Telefonnummer, Kontakt und \u00d6ffnungszeiten \u2713 Ausl\u00e4nderbeh\u00f6rden in Deutschland\" \/>\n<meta property=\"og:url\" content=\"https:\/\/auslaenderaemter.com\/pl\/urzedy-imigracyjne-w-dolnej-saksonii\/\" \/>\n<meta property=\"og:site_name\" content=\"auslaenderaemter.com\" \/>\n<meta property=\"article:modified_time\" content=\"2022-07-04T16:44:18+00:00\" \/>\n<meta property=\"og:image\" content=\"https:\/\/auslaenderaemter.com\/wp-content\/uploads\/2021\/01\/city-263069_640.jpg\" \/>\n\t<meta property=\"og:image:width\" content=\"640\" \/>\n\t<meta property=\"og:image:height\" content=\"480\" \/>\n\t<meta property=\"og:image:type\" content=\"image\/jpeg\" \/>\n<meta name=\"twitter:card\" content=\"summary_large_image\" \/>\n<meta name=\"twitter:label1\" content=\"Szacowany czas czytania\" \/>\n\t<meta name=\"twitter:data1\" content=\"1 minuta\" \/>\n<script type=\"application\/ld+json\" class=\"yoast-schema-graph\">{\"@context\":\"https:\\\/\\\/schema.org\",\"@graph\":[{\"@type\":\"WebPage\",\"@id\":\"https:\\\/\\\/auslaenderaemter.com\\\/auslaenderaemter-in-niedersachsen\\\/\",\"url\":\"https:\\\/\\\/auslaenderaemter.com\\\/auslaenderaemter-in-niedersachsen\\\/\",\"name\":\"Ausl\u00e4nder\u00e4mter in Niedersachsen | Adresse, Anschrift und Kontakt\",\"isPartOf\":{\"@id\":\"https:\\\/\\\/auslaenderaemter.com\\\/#website\"},\"primaryImageOfPage\":{\"@id\":\"https:\\\/\\\/auslaenderaemter.com\\\/auslaenderaemter-in-niedersachsen\\\/#primaryimage\"},\"image\":{\"@id\":\"https:\\\/\\\/auslaenderaemter.com\\\/auslaenderaemter-in-niedersachsen\\\/#primaryimage\"},\"thumbnailUrl\":\"https:\\\/\\\/auslaenderaemter.com\\\/wp-content\\\/uploads\\\/2021\\\/01\\\/city-263069_640.jpg\",\"datePublished\":\"2021-01-26T13:39:06+00:00\",\"dateModified\":\"2022-07-04T16:44:18+00:00\",\"description\":\"Ausl\u00e4nder\u00e4mter in Niedersachsen | Adresse und Anschrift \u2713 Telefonnummer, Kontakt und \u00d6ffnungszeiten \u2713 Ausl\u00e4nderbeh\u00f6rden in Deutschland\",\"breadcrumb\":{\"@id\":\"https:\\\/\\\/auslaenderaemter.com\\\/auslaenderaemter-in-niedersachsen\\\/#breadcrumb\"},\"inLanguage\":\"pl-PL\",\"potentialAction\":[{\"@type\":\"ReadAction\",\"target\":[\"https:\\\/\\\/auslaenderaemter.com\\\/auslaenderaemter-in-niedersachsen\\\/\"]}]},{\"@type\":\"ImageObject\",\"inLanguage\":\"pl-PL\",\"@id\":\"https:\\\/\\\/auslaenderaemter.com\\\/auslaenderaemter-in-niedersachsen\\\/#primaryimage\",\"url\":\"https:\\\/\\\/auslaenderaemter.com\\\/wp-content\\\/uploads\\\/2021\\\/01\\\/city-263069_640.jpg\",\"contentUrl\":\"https:\\\/\\\/auslaenderaemter.com\\\/wp-content\\\/uploads\\\/2021\\\/01\\\/city-263069_640.jpg\",\"width\":640,\"height\":480,\"caption\":\"Ausl\u00e4nder\u00e4mter in Deutschland\"},{\"@type\":\"BreadcrumbList\",\"@id\":\"https:\\\/\\\/auslaenderaemter.com\\\/auslaenderaemter-in-niedersachsen\\\/#breadcrumb\",\"itemListElement\":[{\"@type\":\"ListItem\",\"position\":1,\"name\":\"Startseite\",\"item\":\"https:\\\/\\\/auslaenderaemter.com\\\/\"},{\"@type\":\"ListItem\",\"position\":2,\"name\":\"Ausl\u00e4nder\u00e4mter in Niedersachsen\"}]},{\"@type\":\"WebSite\",\"@id\":\"https:\\\/\\\/auslaenderaemter.com\\\/#website\",\"url\":\"https:\\\/\\\/auslaenderaemter.com\\\/\",\"name\":\"auslaenderaemter.com\",\"description\":\"\",\"publisher\":{\"@id\":\"https:\\\/\\\/auslaenderaemter.com\\\/#organization\"},\"potentialAction\":[{\"@type\":\"SearchAction\",\"target\":{\"@type\":\"EntryPoint\",\"urlTemplate\":\"https:\\\/\\\/auslaenderaemter.com\\\/?s={search_term_string}\"},\"query-input\":{\"@type\":\"PropertyValueSpecification\",\"valueRequired\":true,\"valueName\":\"search_term_string\"}}],\"inLanguage\":\"pl-PL\"},{\"@type\":\"Organization\",\"@id\":\"https:\\\/\\\/auslaenderaemter.com\\\/#organization\",\"name\":\"auslaenderaemter.com\",\"url\":\"https:\\\/\\\/auslaenderaemter.com\\\/\",\"logo\":{\"@type\":\"ImageObject\",\"inLanguage\":\"pl-PL\",\"@id\":\"https:\\\/\\\/auslaenderaemter.com\\\/#\\\/schema\\\/logo\\\/image\\\/\",\"url\":\"https:\\\/\\\/auslaenderaemter.com\\\/wp-content\\\/uploads\\\/2021\\\/01\\\/cropped-Vollmond-info-13.png\",\"contentUrl\":\"https:\\\/\\\/auslaenderaemter.com\\\/wp-content\\\/uploads\\\/2021\\\/01\\\/cropped-Vollmond-info-13.png\",\"width\":500,\"height\":117,\"caption\":\"auslaenderaemter.com\"},\"image\":{\"@id\":\"https:\\\/\\\/auslaenderaemter.com\\\/#\\\/schema\\\/logo\\\/image\\\/\"}}]}<\/script>\n<!-- \/ Yoast SEO plugin. -->","yoast_head_json":{"title":"Urz\u0119dy Imigracyjne w Dolnej Saksonii | Adres, adres i kontakt","description":"Urz\u0119dy Imigracyjne w Dolnej Saksonii | Adres i adres \u2713 Numer telefonu, kontakt i godziny otwarcia \u2713 Organy imigracyjne w Niemczech","robots":{"index":"index","follow":"follow","max-snippet":"max-snippet:-1","max-image-preview":"max-image-preview:large","max-video-preview":"max-video-preview:-1"},"canonical":"https:\/\/auslaenderaemter.com\/pl\/urzedy-imigracyjne-w-dolnej-saksonii\/","og_locale":"pl_PL","og_type":"article","og_title":"Ausl\u00e4nder\u00e4mter in Niedersachsen | Adresse, Anschrift und Kontakt","og_description":"Ausl\u00e4nder\u00e4mter in Niedersachsen | Adresse und Anschrift \u2713 Telefonnummer, Kontakt und \u00d6ffnungszeiten \u2713 Ausl\u00e4nderbeh\u00f6rden in Deutschland","og_url":"https:\/\/auslaenderaemter.com\/pl\/urzedy-imigracyjne-w-dolnej-saksonii\/","og_site_name":"auslaenderaemter.com","article_modified_time":"2022-07-04T16:44:18+00:00","og_image":[{"width":640,"height":480,"url":"https:\/\/auslaenderaemter.com\/wp-content\/uploads\/2021\/01\/city-263069_640.jpg","type":"image\/jpeg"}],"twitter_card":"summary_large_image","twitter_misc":{"Szacowany czas czytania":"1 minuta"},"schema":{"@context":"https:\/\/schema.org","@graph":[{"@type":"WebPage","@id":"https:\/\/auslaenderaemter.com\/auslaenderaemter-in-niedersachsen\/","url":"https:\/\/auslaenderaemter.com\/auslaenderaemter-in-niedersachsen\/","name":"Urz\u0119dy Imigracyjne w Dolnej Saksonii | Adres, adres i kontakt","isPartOf":{"@id":"https:\/\/auslaenderaemter.com\/#website"},"primaryImageOfPage":{"@id":"https:\/\/auslaenderaemter.com\/auslaenderaemter-in-niedersachsen\/#primaryimage"},"image":{"@id":"https:\/\/auslaenderaemter.com\/auslaenderaemter-in-niedersachsen\/#primaryimage"},"thumbnailUrl":"https:\/\/auslaenderaemter.com\/wp-content\/uploads\/2021\/01\/city-263069_640.jpg","datePublished":"2021-01-26T13:39:06+00:00","dateModified":"2022-07-04T16:44:18+00:00","description":"Urz\u0119dy Imigracyjne w Dolnej Saksonii | Adres i adres \u2713 Numer telefonu, kontakt i godziny otwarcia \u2713 Organy imigracyjne w Niemczech","breadcrumb":{"@id":"https:\/\/auslaenderaemter.com\/auslaenderaemter-in-niedersachsen\/#breadcrumb"},"inLanguage":"pl-PL","potentialAction":[{"@type":"ReadAction","target":["https:\/\/auslaenderaemter.com\/auslaenderaemter-in-niedersachsen\/"]}]},{"@type":"ImageObject","inLanguage":"pl-PL","@id":"https:\/\/auslaenderaemter.com\/auslaenderaemter-in-niedersachsen\/#primaryimage","url":"https:\/\/auslaenderaemter.com\/wp-content\/uploads\/2021\/01\/city-263069_640.jpg","contentUrl":"https:\/\/auslaenderaemter.com\/wp-content\/uploads\/2021\/01\/city-263069_640.jpg","width":640,"height":480,"caption":"Ausl\u00e4nder\u00e4mter in Deutschland"},{"@type":"BreadcrumbList","@id":"https:\/\/auslaenderaemter.com\/auslaenderaemter-in-niedersachsen\/#breadcrumb","itemListElement":[{"@type":"ListItem","position":1,"name":"Startseite","item":"https:\/\/auslaenderaemter.com\/"},{"@type":"ListItem","position":2,"name":"Ausl\u00e4nder\u00e4mter in Niedersachsen"}]},{"@type":"WebSite","@id":"https:\/\/auslaenderaemter.com\/#website","url":"https:\/\/auslaenderaemter.com\/","name":"auslaenderaemter.com","description":"","publisher":{"@id":"https:\/\/auslaenderaemter.com\/#organization"},"potentialAction":[{"@type":"SearchAction","target":{"@type":"EntryPoint","urlTemplate":"https:\/\/auslaenderaemter.com\/?s={search_term_string}"},"query-input":{"@type":"PropertyValueSpecification","valueRequired":true,"valueName":"search_term_string"}}],"inLanguage":"pl-PL"},{"@type":"Organization","@id":"https:\/\/auslaenderaemter.com\/#organization","name":"auslaenderaemter.com","url":"https:\/\/auslaenderaemter.com\/","logo":{"@type":"ImageObject","inLanguage":"pl-PL","@id":"https:\/\/auslaenderaemter.com\/#\/schema\/logo\/image\/","url":"https:\/\/auslaenderaemter.com\/wp-content\/uploads\/2021\/01\/cropped-Vollmond-info-13.png","contentUrl":"https:\/\/auslaenderaemter.com\/wp-content\/uploads\/2021\/01\/cropped-Vollmond-info-13.png","width":500,"height":117,"caption":"auslaenderaemter.com"},"image":{"@id":"https:\/\/auslaenderaemter.com\/#\/schema\/logo\/image\/"}}]}},"_links":{"self":[{"href":"https:\/\/auslaenderaemter.com\/pl\/wp-json\/wp\/v2\/pages\/58","targetHints":{"allow":["GET"]}}],"collection":[{"href":"https:\/\/auslaenderaemter.com\/pl\/wp-json\/wp\/v2\/pages"}],"about":[{"href":"https:\/\/auslaenderaemter.com\/pl\/wp-json\/wp\/v2\/types\/page"}],"author":[{"embeddable":true,"href":"https:\/\/auslaenderaemter.com\/pl\/wp-json\/wp\/v2\/users\/1"}],"replies":[{"embeddable":true,"href":"https:\/\/auslaenderaemter.com\/pl\/wp-json\/wp\/v2\/comments?post=58"}],"version-history":[{"count":0,"href":"https:\/\/auslaenderaemter.com\/pl\/wp-json\/wp\/v2\/pages\/58\/revisions"}],"wp:featuredmedia":[{"embeddable":true,"href":"https:\/\/auslaenderaemter.com\/pl\/wp-json\/wp\/v2\/media\/37"}],"wp:attachment":[{"href":"https:\/\/auslaenderaemter.com\/pl\/wp-json\/wp\/v2\/media?parent=58"}],"curies":[{"name":"wp","href":"https:\/\/api.w.org\/{rel}","templated":true}]}}