{"id":1389,"date":"2021-02-12T18:32:57","date_gmt":"2021-02-12T17:32:57","guid":{"rendered":"https:\/\/auslaenderaemter.com\/?page_id=1389"},"modified":"2022-07-04T18:38:45","modified_gmt":"2022-07-04T16:38:45","slug":"auslaenderamt-schwetzingen","status":"publish","type":"page","link":"https:\/\/auslaenderaemter.com\/pt\/escritorio-de-imigracao-schwetzingen\/","title":{"rendered":"Escrit\u00f3rio de imigra\u00e7\u00e3o de Schwetzingen"},"content":{"rendered":"<h2>Escrit\u00f3rio de imigra\u00e7\u00e3o \/ autoridade de imigra\u00e7\u00e3o em Schwetzingen - endere\u00e7o e endere\u00e7o para visitantes<\/h2>\n<ul>\n<li><strong>Endere\u00e7o:<\/strong> Escrit\u00f3rio de Imigra\u00e7\u00e3o de Schwetzingen, Zeyherstra\u00dfe 1, 68723 Schwetzingen<\/li>\n<li><strong>Telefone:<\/strong> 06202 87-213<\/li>\n<li><strong>Local na rede Internet:<\/strong> <a href=\"https:\/\/www.schwetzingen.de\/\" target=\"_blank\" rel=\"noopener\">www.schwetzingen.de<\/a><\/li>\n<li><strong>Hor\u00e1rio de funcionamento:<\/strong> ver site<\/li>\n<\/ul>\n<p><iframe style=\"border: 0;\" tabindex=\"0\" src=\"https:\/\/www.google.com\/maps\/embed?pb=!1m18!1m12!1m3!1d2597.263176533165!2d8.568351215916381!3d49.38501347143518!2m3!1f0!2f0!3f0!3m2!1i1024!2i768!4f13.1!3m3!1m2!1s0x4797c7edbfeefbcd%3A0xfb110a334e8224d6!2sB%C3%BCrgerb%C3%BCro%20Schwetzingen!5e0!3m2!1sde!2sde!4v1613151165787!5m2!1sde!2sde\" width=\"600\" height=\"450\" frameborder=\"0\" allowfullscreen=\"allowfullscreen\" aria-hidden=\"false\"><\/iframe><\/p>\n<h3><strong>Nomea\u00e7\u00e3o no <\/strong>Autoridade de estrangeiros <strong>em Schwetzingen<\/strong><\/h3>\n<p>Na maioria dos casos, voc\u00ea pode fazer o agendamento por telefone, pelo formul\u00e1rio de contato ou pelo portal de atendimento da respectiva cidade. Por favor, certifique-se de ter todos os documentos necess\u00e1rios antes de visitar o Escrit\u00f3rio de Imigra\u00e7\u00e3o.<\/p>\n<div class=\"su-note\"  style=\"border-color:#dadbdd;border-radius:2px;-moz-border-radius:2px;-webkit-border-radius:2px;\"><div class=\"su-note-inner su-u-clearfix su-u-trim\" style=\"background-color:#f4f5f7;border-color:#ffffff;color:#333333;border-radius:2px;-moz-border-radius:2px;-webkit-border-radius:2px;\"><strong>Um aviso:<\/strong> Para escrit\u00f3rios, autoridades ou tribunais, voc\u00ea geralmente precisa dos documentos, certid\u00f5es ou certid\u00f5es conforme <a href=\"https:\/\/auslaenderaemter.com\/pt\/traducao-certificada-para-documentos-oficiais\/\">tradu\u00e7\u00e3o juramentada<\/a>.<\/div><\/div>\n<ul>\n<li>Com um <a href=\"https:\/\/auslaenderaemter.com\/pt\/declaracao-de-compromisso\/\">declara\u00e7\u00e3o de compromisso<\/a> voc\u00ea pode permitir que visitantes do exterior entrem na Alemanha.<\/li>\n<li><strong>Voc\u00ea est\u00e1 esperando visitantes do exterior?<\/strong> Com um <a href=\"https:\/\/tidd.ly\/3u98xUL\" target=\"_blank\" rel=\"nofollow noopener\">Seguro de sa\u00fade de viagem para h\u00f3spedes estrangeiros<\/a>* voc\u00ea est\u00e1 totalmente protegido na Alemanha e na Europa.<\/li>\n<\/ul>\n<h3>Outras autoridades de imigra\u00e7\u00e3o<\/h3>\n<ul>\n<li><a href=\"https:\/\/auslaenderaemter.com\/pt\/escritorios-de-imigracao-em-baden-wuerttemberg\/\">Escrit\u00f3rios de imigra\u00e7\u00e3o em Baden-W\u00fcrttemberg<\/a><\/li>\n<li><a href=\"https:\/\/auslaenderaemter.com\/pt\/\">Escrit\u00f3rios de Imigra\u00e7\u00e3o na Alemanha<\/a><\/li>\n<\/ul>","protected":false},"excerpt":{"rendered":"<p>Escrit\u00f3rio de imigra\u00e7\u00e3o \/ autoridade de imigra\u00e7\u00e3o em Schwetzingen - endere\u00e7o e endere\u00e7o para visitantes Endere\u00e7o: Escrit\u00f3rio de imigra\u00e7\u00e3o Schwetzingen, Zeyherstra\u00dfe 1, 68723 Schwetzingen Telefone: 06202 87-213 Site: www.schwetzingen.de Hor\u00e1rio de funcionamento: consulte o site Consulta na autoridade de imigra\u00e7\u00e3o em Schwetzingen Em na maioria dos casos \u00e9 poss\u00edvel agendar por telefone, atrav\u00e9s do formul\u00e1rio de contato ou pelo portal de atendimento da respectiva cidade. Por favor certifique-se\u2026&nbsp;<a href=\"https:\/\/auslaenderaemter.com\/pt\/escritorio-de-imigracao-schwetzingen\/\" rel=\"bookmark\">Leia mais \u00bb<span class=\"screen-reader-text\">Escrit\u00f3rio de imigra\u00e7\u00e3o de Schwetzingen<\/span><\/a><\/p>","protected":false},"author":1,"featured_media":37,"parent":0,"menu_order":0,"comment_status":"closed","ping_status":"closed","template":"","meta":{"neve_meta_sidebar":"full-width","neve_meta_container":"","neve_meta_enable_content_width":"on","neve_meta_content_width":100,"neve_meta_title_alignment":"","neve_meta_author_avatar":"","neve_post_elements_order":"","neve_meta_disable_header":"","neve_meta_disable_footer":"","neve_meta_disable_title":"","neve_meta_reading_time":"","footnotes":""},"class_list":["post-1389","page","type-page","status-publish","has-post-thumbnail","hentry"],"yoast_head":"<!-- This site is optimized with the Yoast SEO plugin v27.4 - https:\/\/yoast.com\/product\/yoast-seo-wordpress\/ -->\n<title>Ausl\u00e4nderamt Schwetzingen | Adresse, Kontakt und \u00d6ffnungszeiten<\/title>\n<meta name=\"description\" content=\"Ausl\u00e4nderamt Schwetzingen | Adresse und Anschrift \u2713 Telefonnummer, Kontakt und \u00d6ffnungszeiten \u2713 Anfahrt \u2713 Ausl\u00e4nderbeh\u00f6rden in Deutschland\" \/>\n<meta name=\"robots\" content=\"index, follow, max-snippet:-1, max-image-preview:large, max-video-preview:-1\" \/>\n<link rel=\"canonical\" href=\"https:\/\/auslaenderaemter.com\/pt\/escritorio-de-imigracao-schwetzingen\/\" \/>\n<meta property=\"og:locale\" content=\"pt_PT\" \/>\n<meta property=\"og:type\" content=\"article\" \/>\n<meta property=\"og:title\" content=\"Ausl\u00e4nderamt Schwetzingen | Adresse, Kontakt und \u00d6ffnungszeiten\" \/>\n<meta property=\"og:description\" content=\"Ausl\u00e4nderamt Schwetzingen | Adresse und Anschrift \u2713 Telefonnummer, Kontakt und \u00d6ffnungszeiten \u2713 Anfahrt \u2713 Ausl\u00e4nderbeh\u00f6rden in Deutschland\" \/>\n<meta property=\"og:url\" content=\"https:\/\/auslaenderaemter.com\/pt\/escritorio-de-imigracao-schwetzingen\/\" \/>\n<meta property=\"og:site_name\" content=\"auslaenderaemter.com\" \/>\n<meta property=\"article:modified_time\" content=\"2022-07-04T16:38:45+00:00\" \/>\n<meta property=\"og:image\" content=\"https:\/\/auslaenderaemter.com\/wp-content\/uploads\/2021\/01\/city-263069_640.jpg\" \/>\n\t<meta property=\"og:image:width\" content=\"640\" \/>\n\t<meta property=\"og:image:height\" content=\"480\" \/>\n\t<meta property=\"og:image:type\" content=\"image\/jpeg\" \/>\n<meta name=\"twitter:card\" content=\"summary_large_image\" \/>\n<meta name=\"twitter:label1\" content=\"Tempo estimado de leitura\" \/>\n\t<meta name=\"twitter:data1\" content=\"1 minuto\" \/>\n<script type=\"application\/ld+json\" class=\"yoast-schema-graph\">{\"@context\":\"https:\\\/\\\/schema.org\",\"@graph\":[{\"@type\":\"WebPage\",\"@id\":\"https:\\\/\\\/auslaenderaemter.com\\\/auslaenderamt-schwetzingen\\\/\",\"url\":\"https:\\\/\\\/auslaenderaemter.com\\\/auslaenderamt-schwetzingen\\\/\",\"name\":\"Ausl\u00e4nderamt Schwetzingen | Adresse, Kontakt und \u00d6ffnungszeiten\",\"isPartOf\":{\"@id\":\"https:\\\/\\\/auslaenderaemter.com\\\/#website\"},\"primaryImageOfPage\":{\"@id\":\"https:\\\/\\\/auslaenderaemter.com\\\/auslaenderamt-schwetzingen\\\/#primaryimage\"},\"image\":{\"@id\":\"https:\\\/\\\/auslaenderaemter.com\\\/auslaenderamt-schwetzingen\\\/#primaryimage\"},\"thumbnailUrl\":\"https:\\\/\\\/auslaenderaemter.com\\\/wp-content\\\/uploads\\\/2021\\\/01\\\/city-263069_640.jpg\",\"datePublished\":\"2021-02-12T17:32:57+00:00\",\"dateModified\":\"2022-07-04T16:38:45+00:00\",\"description\":\"Ausl\u00e4nderamt Schwetzingen | Adresse und Anschrift \u2713 Telefonnummer, Kontakt und \u00d6ffnungszeiten \u2713 Anfahrt \u2713 Ausl\u00e4nderbeh\u00f6rden in Deutschland\",\"breadcrumb\":{\"@id\":\"https:\\\/\\\/auslaenderaemter.com\\\/auslaenderamt-schwetzingen\\\/#breadcrumb\"},\"inLanguage\":\"pt-PT\",\"potentialAction\":[{\"@type\":\"ReadAction\",\"target\":[\"https:\\\/\\\/auslaenderaemter.com\\\/auslaenderamt-schwetzingen\\\/\"]}]},{\"@type\":\"ImageObject\",\"inLanguage\":\"pt-PT\",\"@id\":\"https:\\\/\\\/auslaenderaemter.com\\\/auslaenderamt-schwetzingen\\\/#primaryimage\",\"url\":\"https:\\\/\\\/auslaenderaemter.com\\\/wp-content\\\/uploads\\\/2021\\\/01\\\/city-263069_640.jpg\",\"contentUrl\":\"https:\\\/\\\/auslaenderaemter.com\\\/wp-content\\\/uploads\\\/2021\\\/01\\\/city-263069_640.jpg\",\"width\":640,\"height\":480,\"caption\":\"Ausl\u00e4nder\u00e4mter in Deutschland\"},{\"@type\":\"BreadcrumbList\",\"@id\":\"https:\\\/\\\/auslaenderaemter.com\\\/auslaenderamt-schwetzingen\\\/#breadcrumb\",\"itemListElement\":[{\"@type\":\"ListItem\",\"position\":1,\"name\":\"Startseite\",\"item\":\"https:\\\/\\\/auslaenderaemter.com\\\/\"},{\"@type\":\"ListItem\",\"position\":2,\"name\":\"Ausl\u00e4nderamt Schwetzingen\"}]},{\"@type\":\"WebSite\",\"@id\":\"https:\\\/\\\/auslaenderaemter.com\\\/#website\",\"url\":\"https:\\\/\\\/auslaenderaemter.com\\\/\",\"name\":\"auslaenderaemter.com\",\"description\":\"\",\"publisher\":{\"@id\":\"https:\\\/\\\/auslaenderaemter.com\\\/#organization\"},\"potentialAction\":[{\"@type\":\"SearchAction\",\"target\":{\"@type\":\"EntryPoint\",\"urlTemplate\":\"https:\\\/\\\/auslaenderaemter.com\\\/?s={search_term_string}\"},\"query-input\":{\"@type\":\"PropertyValueSpecification\",\"valueRequired\":true,\"valueName\":\"search_term_string\"}}],\"inLanguage\":\"pt-PT\"},{\"@type\":\"Organization\",\"@id\":\"https:\\\/\\\/auslaenderaemter.com\\\/#organization\",\"name\":\"auslaenderaemter.com\",\"url\":\"https:\\\/\\\/auslaenderaemter.com\\\/\",\"logo\":{\"@type\":\"ImageObject\",\"inLanguage\":\"pt-PT\",\"@id\":\"https:\\\/\\\/auslaenderaemter.com\\\/#\\\/schema\\\/logo\\\/image\\\/\",\"url\":\"https:\\\/\\\/auslaenderaemter.com\\\/wp-content\\\/uploads\\\/2021\\\/01\\\/cropped-Vollmond-info-13.png\",\"contentUrl\":\"https:\\\/\\\/auslaenderaemter.com\\\/wp-content\\\/uploads\\\/2021\\\/01\\\/cropped-Vollmond-info-13.png\",\"width\":500,\"height\":117,\"caption\":\"auslaenderaemter.com\"},\"image\":{\"@id\":\"https:\\\/\\\/auslaenderaemter.com\\\/#\\\/schema\\\/logo\\\/image\\\/\"}}]}<\/script>\n<!-- \/ Yoast SEO plugin. -->","yoast_head_json":{"title":"Gabinete de Estrangeiros Schwetzingen | Endere\u00e7o, contato e hor\u00e1rio de funcionamento","description":"Gabinete de Estrangeiros Schwetzingen | Endere\u00e7o e endere\u00e7o \u2713 N\u00famero de telefone, contato e hor\u00e1rio de funcionamento \u2713 Como chegar \u2713 Autoridades de imigra\u00e7\u00e3o na Alemanha","robots":{"index":"index","follow":"follow","max-snippet":"max-snippet:-1","max-image-preview":"max-image-preview:large","max-video-preview":"max-video-preview:-1"},"canonical":"https:\/\/auslaenderaemter.com\/pt\/escritorio-de-imigracao-schwetzingen\/","og_locale":"pt_PT","og_type":"article","og_title":"Ausl\u00e4nderamt Schwetzingen | Adresse, Kontakt und \u00d6ffnungszeiten","og_description":"Ausl\u00e4nderamt Schwetzingen | Adresse und Anschrift \u2713 Telefonnummer, Kontakt und \u00d6ffnungszeiten \u2713 Anfahrt \u2713 Ausl\u00e4nderbeh\u00f6rden in Deutschland","og_url":"https:\/\/auslaenderaemter.com\/pt\/escritorio-de-imigracao-schwetzingen\/","og_site_name":"auslaenderaemter.com","article_modified_time":"2022-07-04T16:38:45+00:00","og_image":[{"width":640,"height":480,"url":"https:\/\/auslaenderaemter.com\/wp-content\/uploads\/2021\/01\/city-263069_640.jpg","type":"image\/jpeg"}],"twitter_card":"summary_large_image","twitter_misc":{"Tempo estimado de leitura":"1 minuto"},"schema":{"@context":"https:\/\/schema.org","@graph":[{"@type":"WebPage","@id":"https:\/\/auslaenderaemter.com\/auslaenderamt-schwetzingen\/","url":"https:\/\/auslaenderaemter.com\/auslaenderamt-schwetzingen\/","name":"Gabinete de Estrangeiros Schwetzingen | Endere\u00e7o, contato e hor\u00e1rio de funcionamento","isPartOf":{"@id":"https:\/\/auslaenderaemter.com\/#website"},"primaryImageOfPage":{"@id":"https:\/\/auslaenderaemter.com\/auslaenderamt-schwetzingen\/#primaryimage"},"image":{"@id":"https:\/\/auslaenderaemter.com\/auslaenderamt-schwetzingen\/#primaryimage"},"thumbnailUrl":"https:\/\/auslaenderaemter.com\/wp-content\/uploads\/2021\/01\/city-263069_640.jpg","datePublished":"2021-02-12T17:32:57+00:00","dateModified":"2022-07-04T16:38:45+00:00","description":"Gabinete de Estrangeiros Schwetzingen | Endere\u00e7o e endere\u00e7o \u2713 N\u00famero de telefone, contato e hor\u00e1rio de funcionamento \u2713 Como chegar \u2713 Autoridades de imigra\u00e7\u00e3o na Alemanha","breadcrumb":{"@id":"https:\/\/auslaenderaemter.com\/auslaenderamt-schwetzingen\/#breadcrumb"},"inLanguage":"pt-PT","potentialAction":[{"@type":"ReadAction","target":["https:\/\/auslaenderaemter.com\/auslaenderamt-schwetzingen\/"]}]},{"@type":"ImageObject","inLanguage":"pt-PT","@id":"https:\/\/auslaenderaemter.com\/auslaenderamt-schwetzingen\/#primaryimage","url":"https:\/\/auslaenderaemter.com\/wp-content\/uploads\/2021\/01\/city-263069_640.jpg","contentUrl":"https:\/\/auslaenderaemter.com\/wp-content\/uploads\/2021\/01\/city-263069_640.jpg","width":640,"height":480,"caption":"Ausl\u00e4nder\u00e4mter in Deutschland"},{"@type":"BreadcrumbList","@id":"https:\/\/auslaenderaemter.com\/auslaenderamt-schwetzingen\/#breadcrumb","itemListElement":[{"@type":"ListItem","position":1,"name":"Startseite","item":"https:\/\/auslaenderaemter.com\/"},{"@type":"ListItem","position":2,"name":"Ausl\u00e4nderamt Schwetzingen"}]},{"@type":"WebSite","@id":"https:\/\/auslaenderaemter.com\/#website","url":"https:\/\/auslaenderaemter.com\/","name":"auslaenderaemter. com","description":"","publisher":{"@id":"https:\/\/auslaenderaemter.com\/#organization"},"potentialAction":[{"@type":"SearchAction","target":{"@type":"EntryPoint","urlTemplate":"https:\/\/auslaenderaemter.com\/?s={search_term_string}"},"query-input":{"@type":"PropertyValueSpecification","valueRequired":true,"valueName":"search_term_string"}}],"inLanguage":"pt-PT"},{"@type":"Organization","@id":"https:\/\/auslaenderaemter.com\/#organization","name":"auslaenderaemter. com","url":"https:\/\/auslaenderaemter.com\/","logo":{"@type":"ImageObject","inLanguage":"pt-PT","@id":"https:\/\/auslaenderaemter.com\/#\/schema\/logo\/image\/","url":"https:\/\/auslaenderaemter.com\/wp-content\/uploads\/2021\/01\/cropped-Vollmond-info-13.png","contentUrl":"https:\/\/auslaenderaemter.com\/wp-content\/uploads\/2021\/01\/cropped-Vollmond-info-13.png","width":500,"height":117,"caption":"auslaenderaemter.com"},"image":{"@id":"https:\/\/auslaenderaemter.com\/#\/schema\/logo\/image\/"}}]}},"_links":{"self":[{"href":"https:\/\/auslaenderaemter.com\/pt\/wp-json\/wp\/v2\/pages\/1389","targetHints":{"allow":["GET"]}}],"collection":[{"href":"https:\/\/auslaenderaemter.com\/pt\/wp-json\/wp\/v2\/pages"}],"about":[{"href":"https:\/\/auslaenderaemter.com\/pt\/wp-json\/wp\/v2\/types\/page"}],"author":[{"embeddable":true,"href":"https:\/\/auslaenderaemter.com\/pt\/wp-json\/wp\/v2\/users\/1"}],"replies":[{"embeddable":true,"href":"https:\/\/auslaenderaemter.com\/pt\/wp-json\/wp\/v2\/comments?post=1389"}],"version-history":[{"count":0,"href":"https:\/\/auslaenderaemter.com\/pt\/wp-json\/wp\/v2\/pages\/1389\/revisions"}],"wp:featuredmedia":[{"embeddable":true,"href":"https:\/\/auslaenderaemter.com\/pt\/wp-json\/wp\/v2\/media\/37"}],"wp:attachment":[{"href":"https:\/\/auslaenderaemter.com\/pt\/wp-json\/wp\/v2\/media?parent=1389"}],"curies":[{"name":"wp","href":"https:\/\/api.w.org\/{rel}","templated":true}]}}