{"id":1859,"date":"2021-02-15T21:52:36","date_gmt":"2021-02-15T20:52:36","guid":{"rendered":"https:\/\/auslaenderaemter.com\/?page_id=1859"},"modified":"2024-10-06T17:04:42","modified_gmt":"2024-10-06T15:04:42","slug":"auslaenderaemter-in-deutschland","status":"publish","type":"page","link":"https:\/\/auslaenderaemter.com\/pt\/","title":{"rendered":"Escrit\u00f3rios de Imigra\u00e7\u00e3o na Alemanha"},"content":{"rendered":"<p>Bem-vindo ao nosso site auslaenderaemter.com. Nosso site oferece uma vis\u00e3o abrangente de <strong>Detalhes do contato<\/strong>, <strong>endere\u00e7os<\/strong>, <strong>hor\u00e1rio de funcionamento<\/strong> e mais informa\u00e7\u00f5es de todos <strong>Escrit\u00f3rios de Imigra\u00e7\u00e3o na Alemanha<\/strong>. Isso deve tornar mais f\u00e1cil para voc\u00ea encontrar o escrit\u00f3rio de imigra\u00e7\u00e3o respons\u00e1vel. Para perguntas sobre vistos e entrada, entre em contato com o escrit\u00f3rio de imigra\u00e7\u00e3o respons\u00e1vel. N\u00e3o podemos responder a esses pedidos. Nosso site destina-se apenas a fornecer uma vis\u00e3o geral de onde voc\u00ea pode entrar em contato conosco.<\/p>\n<p><script async src=\"https:\/\/cse.google.com\/cse.js?cx=b1e0ab9caab017756\"><\/script><\/p>\n<div class=\"gcse-search\"><\/div>\n<h3>Por favor selecione seu estado<\/h3>\n<ul>\n<li><a href=\"https:\/\/auslaenderaemter.com\/pt\/escritorios-de-imigracao-em-baden-wuerttemberg\/\">Escrit\u00f3rios de imigra\u00e7\u00e3o em Baden-W\u00fcrttemberg<\/a><\/li>\n<li><a href=\"https:\/\/auslaenderaemter.com\/pt\/escritorios-de-imigracao-na-baviera\/\">Escrit\u00f3rios de imigra\u00e7\u00e3o na Baviera<\/a><\/li>\n<li><a href=\"https:\/\/auslaenderaemter.com\/pt\/escritorios-de-imigracao-em-berlim\/\">Escrit\u00f3rios de imigra\u00e7\u00e3o em Berlim<\/a><\/li>\n<li><a href=\"https:\/\/auslaenderaemter.com\/pt\/escritorios-de-imigracao-em-brandenburg\/\">Escrit\u00f3rios de imigra\u00e7\u00e3o em Brandemburgo<\/a><\/li>\n<li><a href=\"https:\/\/auslaenderaemter.com\/pt\/escritorios-de-imigracao-em-bremen\/\">Escrit\u00f3rios de imigra\u00e7\u00e3o em Bremen<\/a><\/li>\n<li><a href=\"https:\/\/auslaenderaemter.com\/pt\/escritorios-de-imigracao-em-hamburgo\/\">Escrit\u00f3rios de Imigra\u00e7\u00e3o em Hamburgo<\/a><\/li>\n<li><a href=\"https:\/\/auslaenderaemter.com\/pt\/escritorios-de-imigracao-em-hesse\/\">Escrit\u00f3rios de Imigra\u00e7\u00e3o em Hesse<\/a><\/li>\n<li><a href=\"https:\/\/auslaenderaemter.com\/pt\/escritorios-de-imigracao-em-mecklenburg-vorpommern\/\">Escrit\u00f3rios de imigra\u00e7\u00e3o em Mecklenburg-Vorpommern<\/a><\/li>\n<li><a href=\"https:\/\/auslaenderaemter.com\/pt\/escritorios-de-imigracao-na-baixa-saxonia\/\">Escrit\u00f3rios de Imigra\u00e7\u00e3o na Baixa Sax\u00f4nia<\/a><\/li>\n<li><a href=\"https:\/\/auslaenderaemter.com\/pt\/escritorios-de-imigracao-in-north-rhine-westphalen\/\">Escrit\u00f3rios de Imigra\u00e7\u00e3o na Ren\u00e2nia do Norte-Vestf\u00e1lia<\/a><\/li>\n<li><a href=\"https:\/\/auslaenderaemter.com\/pt\/escritorios-de-imigracao-na-renania-palatinado\/\">Escrit\u00f3rios de imigra\u00e7\u00e3o na Ren\u00e2nia-Palatinado<\/a><\/li>\n<li><a href=\"https:\/\/auslaenderaemter.com\/pt\/escritorios-de-imigracao-no-sarre\/\">Escrit\u00f3rios de imigra\u00e7\u00e3o no Sarre<\/a><\/li>\n<li><a href=\"https:\/\/auslaenderaemter.com\/pt\/escritorios-de-imigracao-na-saxonia\/\">Escrit\u00f3rios de Imigra\u00e7\u00e3o na Sax\u00f4nia<\/a><\/li>\n<li><a href=\"https:\/\/auslaenderaemter.com\/pt\/escritorios-de-imigracao-na-saxonia-anhalt\/\">Escrit\u00f3rios de imigra\u00e7\u00e3o na Sax\u00f4nia-Anhalt<\/a><\/li>\n<li><a href=\"https:\/\/auslaenderaemter.com\/pt\/escritorios-de-imigracao-em-schleswig-holstein\/\">Escrit\u00f3rios de Imigra\u00e7\u00e3o em Schleswig-Holstein<\/a><\/li>\n<li><a href=\"https:\/\/auslaenderaemter.com\/pt\/escritorios-de-imigracao-na-turingia\/\">Escrit\u00f3rios de Imigra\u00e7\u00e3o na Tur\u00edngia<\/a><\/li>\n<\/ul>\n<p class=\"LC20lb DKV0Md\">Todas as informa\u00e7\u00f5es sem garantia e sujeitas a altera\u00e7\u00f5es<\/p>\n<h2>O que \u00e9 um escrit\u00f3rio de imigra\u00e7\u00e3o?<\/h2>\n<p>De acordo com a Se\u00e7\u00e3o 71 da Lei de Resid\u00eancia, os escrit\u00f3rios de imigra\u00e7\u00e3o s\u00e3o respons\u00e1veis por medidas e decis\u00f5es relacionadas \u00e0 lei de resid\u00eancia e passaporte. Eles tomam medidas e decis\u00f5es sobre a resid\u00eancia, emprego e integra\u00e7\u00e3o de estrangeiros na Alemanha.<\/p>\n<p>Na Alemanha, geralmente h\u00e1 escrit\u00f3rios de imigra\u00e7\u00e3o em todos os distritos ou distritos urbanos. Eles s\u00e3o encarregados da tarefa de fazer cumprir a lei de imigra\u00e7\u00e3o. Cidades maiores que pertencem a um distrito tamb\u00e9m podem ter suas pr\u00f3prias autoridades de imigra\u00e7\u00e3o - mas isso depende do respectivo estado federal. Em Hesse, por exemplo, todas as cidades com 50.000 habitantes ou mais t\u00eam seu pr\u00f3prio escrit\u00f3rio de imigra\u00e7\u00e3o.<\/p>\n<h2>Pelo que s\u00e3o respons\u00e1veis as autoridades de imigra\u00e7\u00e3o?<\/h2>\n<p>As autoridades de imigra\u00e7\u00e3o s\u00e3o respons\u00e1veis pela emiss\u00e3o ou recusa de autoriza\u00e7\u00f5es de resid\u00eancia de acordo com os objetivos de resid\u00eancia relevantes da Lei de Resid\u00eancia, a decis\u00e3o sobre a concess\u00e3o de autoriza\u00e7\u00f5es de resid\u00eancia, a decis\u00e3o e eventual execu\u00e7\u00e3o de expuls\u00f5es ou deporta\u00e7\u00f5es.<\/p>\n<p>Al\u00e9m disso, ela coloca ao lado do <a href=\"https:\/\/auslaenderaemter.com\/pt\/permissao-de-residencia-2\/\">autoriza\u00e7\u00f5es de resid\u00eancia<\/a> substituem igualmente os pap\u00e9is do passaporte. Ela decide sobre a emiss\u00e3o de autoriza\u00e7\u00f5es de resid\u00eancia para pessoas deslocadas - a implementa\u00e7\u00e3o do procedimento de asilo como tal \u00e9 da responsabilidade do Departamento Federal de Migra\u00e7\u00e3o e Refugiados (BAMF) - e toler\u00e2ncia, bem como documentos de viagem para estrangeiros. Al\u00e9m disso, \u00e9 tomada uma decis\u00e3o sobre a exist\u00eancia de requisitos legais para o reagrupamento familiar. As autoridades de imigra\u00e7\u00e3o est\u00e3o envolvidas na emiss\u00e3o de vistos.<\/p>\n<p>Os escrit\u00f3rios de imigra\u00e7\u00e3o s\u00e3o respons\u00e1veis por uma variedade de outras tarefas. O prazo das autoriza\u00e7\u00f5es de resid\u00eancia, a recusa de <a href=\"https:\/\/auslaenderaemter.com\/pt\/permissao-de-residencia\/\">permiss\u00e3o de resid\u00eancia<\/a>, emitindo ordens de sa\u00edda do pa\u00eds de acordo com a Lei de Resid\u00eancia nos casos em que ocorra a obriga\u00e7\u00e3o de sair do pa\u00eds, esclarecendo a identidade de estrangeiros e muitas outras tarefas que se enquadrem na \u00e1rea de atua\u00e7\u00e3o das autoridades estrangeiras. Aqui est\u00e1 uma vis\u00e3o geral do que os escrit\u00f3rios de imigra\u00e7\u00e3o em seu distrito ou cidade s\u00e3o respons\u00e1veis:<\/p>\n<ul>\n<li>ajuda a refugiados<\/li>\n<li>procedimento de asilo<\/li>\n<li>Entrada e resid\u00eancia na Alemanha<\/li>\n<li>curso de integra\u00e7\u00e3o<\/li>\n<li>Cuidados m\u00e9dicos e custos<\/li>\n<li>direito ao benef\u00edcio<\/li>\n<li>Estado civil<\/li>\n<li>registro<\/li>\n<li>assist\u00eancia Social<\/li>\n<li>op\u00e7\u00f5es de hospedagem<\/li>\n<li>declara\u00e7\u00e3o de compromisso<\/li>\n<\/ul>\n<h3>Jurisdi\u00e7\u00e3o Local<\/h3>\n<p>A jurisdi\u00e7\u00e3o local para estrangeiro n\u00e3o \u00e9 regulamentada em lei federal, mas em lei estadual complementar. Em princ\u00edpio, no entanto, voc\u00ea pode presumir que a jurisdi\u00e7\u00e3o local depende do seu local de resid\u00eancia habitual.<\/p>\n<h3>Como \u00e9 regulamentada a efetiva implementa\u00e7\u00e3o das decis\u00f5es nos estados federados?<\/h3>\n<p>As autoridades de imigra\u00e7\u00e3o s\u00e3o respons\u00e1veis por fazer cumprir as decis\u00f5es especiais que p\u00f5em fim \u00e0 resid\u00eancia e as decis\u00f5es negativas de asilo do BAMF. Eles avaliam os requisitos legais para deportar o estrangeiro. Eles ent\u00e3o registram os voos apropriados junto \u00e0s autoridades respons\u00e1veis. Para a execu\u00e7\u00e3o real, eles geralmente s\u00e3o controlados pela pol\u00edcia estadual relevante. Uma exce\u00e7\u00e3o \u00e9 a Ren\u00e2nia do Norte-Vestf\u00e1lia, onde as autoridades estrangeiras, que t\u00eam o status de autoridade reguladora especial na acep\u00e7\u00e3o da Se\u00e7\u00e3o 12 OBG, realizam deporta\u00e7\u00f5es e medidas de deten\u00e7\u00e3o (Se\u00e7\u00e3o 62 AufenthG) com certos agentes de execu\u00e7\u00e3o por Estes t\u00eam a mesma legitimidade que os agentes da pol\u00edcia e s\u00e3o assegurados como agentes da lei atrav\u00e9s do artigo 113.\u00ba do C\u00f3digo Penal.<\/p>\n<p>Se voc\u00ea estiver interessado em um visto de visitante, Schengen ou de estudante, dependendo do seu pa\u00eds de origem, voc\u00ea \u00e9 respons\u00e1vel por apresentar uma declara\u00e7\u00e3o de compromisso ao escrit\u00f3rio de imigra\u00e7\u00e3o respons\u00e1vel. Com esta declara\u00e7\u00e3o apresentada e assinada, compromete-se a arcar com todos os custos relacionados com a estadia do seu visitante. Em auslaenderaemter.com voc\u00ea encontrar\u00e1 mais informa\u00e7\u00f5es valiosas sobre como preencher um visto online <a href=\"https:\/\/auslaenderaemter.com\/pt\/seguro-para-hospedes-estrangeiros\/\">Seguro para h\u00f3spedes estrangeiros<\/a> e assegurar a declara\u00e7\u00e3o de compromisso.<\/p>\n<h3 id=\"customheading6\"><strong>Outros links e fontes<\/strong><\/h3>\n<ul>\n<li><a href=\"https:\/\/auslaenderaemter.com\/pt\/declaracao-de-compromisso\/\"><span class=\"teaser__headline-content\">Informa\u00e7\u00f5es sobre a declara\u00e7\u00e3o de compromisso<\/span><\/a><\/li>\n<li><a href=\"https:\/\/www.bamf.de\/DE\/Startseite\/startseite_node.html\" target=\"_blank\" rel=\"noopener\">Departamento Federal de Migra\u00e7\u00e3o e Refugiados<\/a> (BAMF)<\/li>\n<\/ul>","protected":false},"excerpt":{"rendered":"<p>Bem-vindo ao nosso site auslaenderaemter.com. Nosso site fornece uma vis\u00e3o geral abrangente dos detalhes de contato, endere\u00e7os, hor\u00e1rios de funcionamento e outras informa\u00e7\u00f5es de todos os escrit\u00f3rios de imigra\u00e7\u00e3o na Alemanha. Isso deve facilitar a localiza\u00e7\u00e3o do escrit\u00f3rio de imigra\u00e7\u00e3o respons\u00e1vel. Para consultas sobre vistos e entrada, entre em contato com o escrit\u00f3rio de imigra\u00e7\u00e3o respons\u00e1vel. N\u00e3o podemos aceitar esses pedidos...&nbsp;<a href=\"https:\/\/auslaenderaemter.com\/pt\/\" rel=\"bookmark\">Leia mais \u00bb<span class=\"screen-reader-text\">Escrit\u00f3rios de Imigra\u00e7\u00e3o na Alemanha<\/span><\/a><\/p>","protected":false},"author":1,"featured_media":37,"parent":0,"menu_order":0,"comment_status":"closed","ping_status":"closed","template":"","meta":{"neve_meta_sidebar":"full-width","neve_meta_container":"","neve_meta_enable_content_width":"on","neve_meta_content_width":100,"neve_meta_title_alignment":"","neve_meta_author_avatar":"","neve_post_elements_order":"","neve_meta_disable_header":"","neve_meta_disable_footer":"","neve_meta_disable_title":"","neve_meta_reading_time":"","footnotes":""},"class_list":["post-1859","page","type-page","status-publish","has-post-thumbnail","hentry"],"yoast_head":"<!-- This site is optimized with the Yoast SEO plugin v27.3 - https:\/\/yoast.com\/product\/yoast-seo-wordpress\/ -->\n<title>Ausl\u00e4nder\u00e4mter in Deutschland | Ausl\u00e4nderbeh\u00f6rden<\/title>\n<meta name=\"description\" content=\"Ausl\u00e4nder\u00e4mter in Deutschland | Hier finden Sie alle Kontaktinformationen nach Bundesl\u00e4nder geordnet | Adresse \u260e Telefon \u23f2 \u00d6ffnungszeiten\" \/>\n<meta name=\"robots\" content=\"index, follow, max-snippet:-1, max-image-preview:large, max-video-preview:-1\" \/>\n<link rel=\"canonical\" href=\"https:\/\/auslaenderaemter.com\/pt\/\" \/>\n<meta property=\"og:locale\" content=\"pt_PT\" \/>\n<meta property=\"og:type\" content=\"article\" \/>\n<meta property=\"og:title\" content=\"Ausl\u00e4nder\u00e4mter in Deutschland | Ausl\u00e4nderbeh\u00f6rden\" \/>\n<meta property=\"og:description\" content=\"Ausl\u00e4nder\u00e4mter in Deutschland | Hier finden Sie alle Kontaktinformationen nach Bundesl\u00e4nder geordnet | Adresse \u260e Telefon \u23f2 \u00d6ffnungszeiten\" \/>\n<meta property=\"og:url\" content=\"https:\/\/auslaenderaemter.com\/pt\/\" \/>\n<meta property=\"og:site_name\" content=\"auslaenderaemter.com\" \/>\n<meta property=\"article:modified_time\" content=\"2024-10-06T15:04:42+00:00\" \/>\n<meta property=\"og:image\" content=\"https:\/\/auslaenderaemter.com\/wp-content\/uploads\/2021\/01\/city-263069_640.jpg\" \/>\n\t<meta property=\"og:image:width\" content=\"640\" \/>\n\t<meta property=\"og:image:height\" content=\"480\" \/>\n\t<meta property=\"og:image:type\" content=\"image\/jpeg\" \/>\n<meta name=\"twitter:card\" content=\"summary_large_image\" \/>\n<meta name=\"twitter:label1\" content=\"Tempo estimado de leitura\" \/>\n\t<meta name=\"twitter:data1\" content=\"4 minutos\" \/>\n<script type=\"application\/ld+json\" class=\"yoast-schema-graph\">{\"@context\":\"https:\\\/\\\/schema.org\",\"@graph\":[{\"@type\":\"WebPage\",\"@id\":\"https:\\\/\\\/auslaenderaemter.com\\\/\",\"url\":\"https:\\\/\\\/auslaenderaemter.com\\\/\",\"name\":\"Ausl\u00e4nder\u00e4mter in Deutschland | Ausl\u00e4nderbeh\u00f6rden\",\"isPartOf\":{\"@id\":\"https:\\\/\\\/auslaenderaemter.com\\\/#website\"},\"primaryImageOfPage\":{\"@id\":\"https:\\\/\\\/auslaenderaemter.com\\\/#primaryimage\"},\"image\":{\"@id\":\"https:\\\/\\\/auslaenderaemter.com\\\/#primaryimage\"},\"thumbnailUrl\":\"https:\\\/\\\/auslaenderaemter.com\\\/wp-content\\\/uploads\\\/2021\\\/01\\\/city-263069_640.jpg\",\"datePublished\":\"2021-02-15T20:52:36+00:00\",\"dateModified\":\"2024-10-06T15:04:42+00:00\",\"description\":\"Ausl\u00e4nder\u00e4mter in Deutschland | Hier finden Sie alle Kontaktinformationen nach Bundesl\u00e4nder geordnet | Adresse \u260e Telefon \u23f2 \u00d6ffnungszeiten\",\"breadcrumb\":{\"@id\":\"https:\\\/\\\/auslaenderaemter.com\\\/#breadcrumb\"},\"inLanguage\":\"pt-PT\",\"potentialAction\":[{\"@type\":\"ReadAction\",\"target\":[\"https:\\\/\\\/auslaenderaemter.com\\\/\"]}]},{\"@type\":\"ImageObject\",\"inLanguage\":\"pt-PT\",\"@id\":\"https:\\\/\\\/auslaenderaemter.com\\\/#primaryimage\",\"url\":\"https:\\\/\\\/auslaenderaemter.com\\\/wp-content\\\/uploads\\\/2021\\\/01\\\/city-263069_640.jpg\",\"contentUrl\":\"https:\\\/\\\/auslaenderaemter.com\\\/wp-content\\\/uploads\\\/2021\\\/01\\\/city-263069_640.jpg\",\"width\":640,\"height\":480,\"caption\":\"Ausl\u00e4nder\u00e4mter in Deutschland\"},{\"@type\":\"BreadcrumbList\",\"@id\":\"https:\\\/\\\/auslaenderaemter.com\\\/#breadcrumb\",\"itemListElement\":[{\"@type\":\"ListItem\",\"position\":1,\"name\":\"Startseite\",\"item\":\"https:\\\/\\\/auslaenderaemter.com\\\/\"},{\"@type\":\"ListItem\",\"position\":2,\"name\":\"Ausl\u00e4nder\u00e4mter in Deutschland\"}]},{\"@type\":\"WebSite\",\"@id\":\"https:\\\/\\\/auslaenderaemter.com\\\/#website\",\"url\":\"https:\\\/\\\/auslaenderaemter.com\\\/\",\"name\":\"auslaenderaemter.com\",\"description\":\"\",\"publisher\":{\"@id\":\"https:\\\/\\\/auslaenderaemter.com\\\/#organization\"},\"potentialAction\":[{\"@type\":\"SearchAction\",\"target\":{\"@type\":\"EntryPoint\",\"urlTemplate\":\"https:\\\/\\\/auslaenderaemter.com\\\/?s={search_term_string}\"},\"query-input\":{\"@type\":\"PropertyValueSpecification\",\"valueRequired\":true,\"valueName\":\"search_term_string\"}}],\"inLanguage\":\"pt-PT\"},{\"@type\":\"Organization\",\"@id\":\"https:\\\/\\\/auslaenderaemter.com\\\/#organization\",\"name\":\"auslaenderaemter.com\",\"url\":\"https:\\\/\\\/auslaenderaemter.com\\\/\",\"logo\":{\"@type\":\"ImageObject\",\"inLanguage\":\"pt-PT\",\"@id\":\"https:\\\/\\\/auslaenderaemter.com\\\/#\\\/schema\\\/logo\\\/image\\\/\",\"url\":\"https:\\\/\\\/auslaenderaemter.com\\\/wp-content\\\/uploads\\\/2021\\\/01\\\/cropped-Vollmond-info-13.png\",\"contentUrl\":\"https:\\\/\\\/auslaenderaemter.com\\\/wp-content\\\/uploads\\\/2021\\\/01\\\/cropped-Vollmond-info-13.png\",\"width\":500,\"height\":117,\"caption\":\"auslaenderaemter.com\"},\"image\":{\"@id\":\"https:\\\/\\\/auslaenderaemter.com\\\/#\\\/schema\\\/logo\\\/image\\\/\"}}]}<\/script>\n<!-- \/ Yoast SEO plugin. -->","yoast_head_json":{"title":"Escrit\u00f3rios de Imigra\u00e7\u00e3o na Alemanha | autoridades de imigra\u00e7\u00e3o","description":"Escrit\u00f3rios de Imigra\u00e7\u00e3o na Alemanha | Aqui voc\u00ea encontra todas as informa\u00e7\u00f5es de contato classificadas por estado federal | Endere\u00e7o \u260e Telefone \u23f2 Hor\u00e1rio de funcionamento","robots":{"index":"index","follow":"follow","max-snippet":"max-snippet:-1","max-image-preview":"max-image-preview:large","max-video-preview":"max-video-preview:-1"},"canonical":"https:\/\/auslaenderaemter.com\/pt\/","og_locale":"pt_PT","og_type":"article","og_title":"Ausl\u00e4nder\u00e4mter in Deutschland | Ausl\u00e4nderbeh\u00f6rden","og_description":"Ausl\u00e4nder\u00e4mter in Deutschland | Hier finden Sie alle Kontaktinformationen nach Bundesl\u00e4nder geordnet | Adresse \u260e Telefon \u23f2 \u00d6ffnungszeiten","og_url":"https:\/\/auslaenderaemter.com\/pt\/","og_site_name":"auslaenderaemter.com","article_modified_time":"2024-10-06T15:04:42+00:00","og_image":[{"width":640,"height":480,"url":"https:\/\/auslaenderaemter.com\/wp-content\/uploads\/2021\/01\/city-263069_640.jpg","type":"image\/jpeg"}],"twitter_card":"summary_large_image","twitter_misc":{"Tempo estimado de leitura":"4 minutos"},"schema":{"@context":"https:\/\/schema.org","@graph":[{"@type":"WebPage","@id":"https:\/\/auslaenderaemter.com\/","url":"https:\/\/auslaenderaemter.com\/","name":"Escrit\u00f3rios de Imigra\u00e7\u00e3o na Alemanha | autoridades de imigra\u00e7\u00e3o","isPartOf":{"@id":"https:\/\/auslaenderaemter.com\/#website"},"primaryImageOfPage":{"@id":"https:\/\/auslaenderaemter.com\/#primaryimage"},"image":{"@id":"https:\/\/auslaenderaemter.com\/#primaryimage"},"thumbnailUrl":"https:\/\/auslaenderaemter.com\/wp-content\/uploads\/2021\/01\/city-263069_640.jpg","datePublished":"2021-02-15T20:52:36+00:00","dateModified":"2024-10-06T15:04:42+00:00","description":"Escrit\u00f3rios de Imigra\u00e7\u00e3o na Alemanha | Aqui voc\u00ea encontra todas as informa\u00e7\u00f5es de contato classificadas por estado federal | Endere\u00e7o \u260e Telefone \u23f2 Hor\u00e1rio de funcionamento","breadcrumb":{"@id":"https:\/\/auslaenderaemter.com\/#breadcrumb"},"inLanguage":"pt-PT","potentialAction":[{"@type":"ReadAction","target":["https:\/\/auslaenderaemter.com\/"]}]},{"@type":"ImageObject","inLanguage":"pt-PT","@id":"https:\/\/auslaenderaemter.com\/#primaryimage","url":"https:\/\/auslaenderaemter.com\/wp-content\/uploads\/2021\/01\/city-263069_640.jpg","contentUrl":"https:\/\/auslaenderaemter.com\/wp-content\/uploads\/2021\/01\/city-263069_640.jpg","width":640,"height":480,"caption":"Ausl\u00e4nder\u00e4mter in Deutschland"},{"@type":"BreadcrumbList","@id":"https:\/\/auslaenderaemter.com\/#breadcrumb","itemListElement":[{"@type":"ListItem","position":1,"name":"Startseite","item":"https:\/\/auslaenderaemter.com\/"},{"@type":"ListItem","position":2,"name":"Ausl\u00e4nder\u00e4mter in Deutschland"}]},{"@type":"WebSite","@id":"https:\/\/auslaenderaemter.com\/#website","url":"https:\/\/auslaenderaemter.com\/","name":"auslaenderaemter. com","description":"","publisher":{"@id":"https:\/\/auslaenderaemter.com\/#organization"},"potentialAction":[{"@type":"SearchAction","target":{"@type":"EntryPoint","urlTemplate":"https:\/\/auslaenderaemter.com\/?s={search_term_string}"},"query-input":{"@type":"PropertyValueSpecification","valueRequired":true,"valueName":"search_term_string"}}],"inLanguage":"pt-PT"},{"@type":"Organization","@id":"https:\/\/auslaenderaemter.com\/#organization","name":"auslaenderaemter. com","url":"https:\/\/auslaenderaemter.com\/","logo":{"@type":"ImageObject","inLanguage":"pt-PT","@id":"https:\/\/auslaenderaemter.com\/#\/schema\/logo\/image\/","url":"https:\/\/auslaenderaemter.com\/wp-content\/uploads\/2021\/01\/cropped-Vollmond-info-13.png","contentUrl":"https:\/\/auslaenderaemter.com\/wp-content\/uploads\/2021\/01\/cropped-Vollmond-info-13.png","width":500,"height":117,"caption":"auslaenderaemter.com"},"image":{"@id":"https:\/\/auslaenderaemter.com\/#\/schema\/logo\/image\/"}}]}},"_links":{"self":[{"href":"https:\/\/auslaenderaemter.com\/pt\/wp-json\/wp\/v2\/pages\/1859","targetHints":{"allow":["GET"]}}],"collection":[{"href":"https:\/\/auslaenderaemter.com\/pt\/wp-json\/wp\/v2\/pages"}],"about":[{"href":"https:\/\/auslaenderaemter.com\/pt\/wp-json\/wp\/v2\/types\/page"}],"author":[{"embeddable":true,"href":"https:\/\/auslaenderaemter.com\/pt\/wp-json\/wp\/v2\/users\/1"}],"replies":[{"embeddable":true,"href":"https:\/\/auslaenderaemter.com\/pt\/wp-json\/wp\/v2\/comments?post=1859"}],"version-history":[{"count":0,"href":"https:\/\/auslaenderaemter.com\/pt\/wp-json\/wp\/v2\/pages\/1859\/revisions"}],"wp:featuredmedia":[{"embeddable":true,"href":"https:\/\/auslaenderaemter.com\/pt\/wp-json\/wp\/v2\/media\/37"}],"wp:attachment":[{"href":"https:\/\/auslaenderaemter.com\/pt\/wp-json\/wp\/v2\/media?parent=1859"}],"curies":[{"name":"wp","href":"https:\/\/api.w.org\/{rel}","templated":true}]}}