{"id":2016,"date":"2021-02-17T13:31:31","date_gmt":"2021-02-17T12:31:31","guid":{"rendered":"https:\/\/auslaenderaemter.com\/?page_id=2016"},"modified":"2022-07-08T11:33:03","modified_gmt":"2022-07-08T09:33:03","slug":"verpflichtungserklaerung","status":"publish","type":"page","link":"https:\/\/auslaenderaemter.com\/pt\/declaracao-de-compromisso\/","title":{"rendered":"declara\u00e7\u00e3o de compromisso"},"content":{"rendered":"<figure id=\"attachment_3094\" aria-describedby=\"caption-attachment-3094\" style=\"width: 600px\" class=\"wp-caption aligncenter\"><img fetchpriority=\"high\" decoding=\"async\" class=\"wp-image-3094 size-full\" src=\"https:\/\/auslaenderaemter.com\/wp-content\/uploads\/2021\/02\/Design-ohne-Titel-8.png\" alt=\"declara\u00e7\u00e3o de compromisso\" width=\"600\" height=\"400\" srcset=\"https:\/\/auslaenderaemter.com\/wp-content\/uploads\/2021\/02\/Design-ohne-Titel-8.png 600w, https:\/\/auslaenderaemter.com\/wp-content\/uploads\/2021\/02\/Design-ohne-Titel-8-300x200.png 300w\" sizes=\"(max-width: 600px) 100vw, 600px\" \/><figcaption id=\"caption-attachment-3094\" class=\"wp-caption-text\">Com a declara\u00e7\u00e3o de compromisso, voc\u00ea pode permitir que pessoas do exterior entrem e permane\u00e7am na Alemanha<\/figcaption><\/figure>\n<h2>Declara\u00e7\u00e3o de Compromisso para Visitantes Estrangeiros<\/h2>\n<p>Para garantir o <strong>custo de vida<\/strong> <strong>por nacionais de pa\u00edses terceiros<\/strong> (Refugiados ou emigrantes) atende aos chamados\u00a0<strong>declara\u00e7\u00e3o de compromisso<\/strong>. Em regra, os estrangeiros que necessitam de visto devem possuir <strong>Fundos pr\u00f3prios<\/strong>, para poder cobrir os custos relacionados com a estadia prevista.<\/p>\n<p>Um estrangeiro com necessidade de visto que n\u00e3o possui o necess\u00e1rio\/demonstr\u00e1vel <strong>Fundos pr\u00f3prios<\/strong>, o visto ainda pode ser emitido se, com base em uma declara\u00e7\u00e3o de compromisso de uma pessoa, empresa ou associa\u00e7\u00e3o com resid\u00eancia principal na Alemanha, <strong>assun\u00e7\u00e3o de todos os custos<\/strong> ele segue.<\/p>\n<h2>O que \u00e9 uma declara\u00e7\u00e3o de compromisso?<\/h2>\n<p>A pessoa\/empresa ou associa\u00e7\u00e3o concorda com uma declara\u00e7\u00e3o de compromisso para <strong>pagar todos os custos<\/strong>, que decorre da perman\u00eancia do requerente de visto para pessoas jur\u00eddicas p\u00fablicas.<\/p>\n<p>A declara\u00e7\u00e3o de compromisso inclui, portanto, tamb\u00e9m o reembolso de despesas de tratamento m\u00e9dico em hospitais p\u00fablicos, salvo se j\u00e1 existir seguro de sa\u00fade correspondente. A declara\u00e7\u00e3o de compromisso tamb\u00e9m inclui os custos do procedimento policial de imigra\u00e7\u00e3o se voc\u00ea n\u00e3o sair do pa\u00eds ap\u00f3s a expira\u00e7\u00e3o do visto.<\/p>\n<h3>Documentos necess\u00e1rios para a apresenta\u00e7\u00e3o de uma declara\u00e7\u00e3o de compromisso<\/h3>\n<p>Para que uma pessoa\/empresa ou associa\u00e7\u00e3o possa apresentar uma declara\u00e7\u00e3o de compromisso, \u00e9 necess\u00e1rio apresentar tamb\u00e9m alguns elementos de prova. Os particulares t\u00eam de apresentar provas diferentes das de uma empresa\/associa\u00e7\u00e3o. \u00e9 o suficiente para ela <strong>renda n\u00e3o \u00e9 suficiente<\/strong>, \u00e9 muitas vezes um <strong>conta bloqueada<\/strong> necess\u00e1rio. Esta \u00e9 uma conta especial que o titular n\u00e3o pode dispor livremente. O requerente deve depositar um valor m\u00ednimo exigido por lei na conta bloqueada. Esse valor permanece bloqueado at\u00e9 que o visitante deixe a Alemanha novamente.<\/p>\n<p><strong>As pessoas f\u00edsicas devem apresentar estes documentos:<\/strong><\/p>\n<ul>\n<li>Prova de identidade (por exemplo, passaporte ou bilhete de identidade)<\/li>\n<li>confirma\u00e7\u00e3o de registro<\/li>\n<li>Comprovante de renda (por exemplo, contracheque ou declara\u00e7\u00e3o de imposto de renda)<\/li>\n<li>Evid\u00eancia de quaisquer obriga\u00e7\u00f5es financeiras, como pagamentos de empr\u00e9stimos ou pagamentos de pens\u00e3o aliment\u00edcia<\/li>\n<li>Evid\u00eancia de um contrato de aluguel ou escritura<\/li>\n<li>Comprovante de relacionamento com o convidado<\/li>\n<\/ul>\n<p><strong>As empresas e associa\u00e7\u00f5es devem apresentar estes documentos:<\/strong><\/p>\n<ul>\n<li>Comprovativo da identidade do representante da sociedade\/associa\u00e7\u00e3o e eventual comprovativo do poder de representa\u00e7\u00e3o<\/li>\n<li>Excerto do registo da empresa ou do contrato de sociedade<\/li>\n<li>Prova de solv\u00eancia da empresa\/associa\u00e7\u00e3o<\/li>\n<li>Prova da rela\u00e7\u00e3o com a pessoa convidada (se dispon\u00edvel, por exemplo, rela\u00e7\u00f5es comerciais, etc.)<\/li>\n<\/ul>\n<h3>Por quanto tempo uma declara\u00e7\u00e3o de compromisso \u00e9 v\u00e1lida e pode ser revogada?<\/h3>\n<p>Em regra, a embaixada aceita declara\u00e7\u00f5es de compromisso <strong>at\u00e9 6 meses <\/strong>ap\u00f3s a exposi\u00e7\u00e3o. Em princ\u00edpio, n\u00e3o deve haver mais de 6 meses entre a apresenta\u00e7\u00e3o da declara\u00e7\u00e3o de compromisso e a emiss\u00e3o do visto. Isto porque o <strong>circunst\u00e2ncias financeiras<\/strong> da parte declarante entretanto <strong>pode ter mudado<\/strong>. Se j\u00e1 tiver expirado um prazo de 6 meses, normalmente \u00e9 necess\u00e1rio apresentar uma nova declara\u00e7\u00e3o de compromisso.<\/p>\n<p>A lei n\u00e3o prev\u00ea a revoga\u00e7\u00e3o de uma declara\u00e7\u00e3o de compromisso. O Minist\u00e9rio das Rela\u00e7\u00f5es Exteriores n\u00e3o sabe se uma revoga\u00e7\u00e3o pode evitar a obriga\u00e7\u00e3o de ressarcimento em caso de dano. O Minist\u00e9rio Federal das Rela\u00e7\u00f5es Exteriores n\u00e3o pode garantir que um visto s\u00f3 possa ser impedido se a declara\u00e7\u00e3o de compromisso for revogada.<\/p>\n<h3>Quanto custa uma declara\u00e7\u00e3o de compromisso?<\/h3>\n<p>A taxa para a declara\u00e7\u00e3o de compromisso\u00a0<strong>\u00e9 de 29 euros<\/strong>. De acordo com a Se\u00e7\u00e3o 47, Par\u00e1grafo 1, Item 12 da Portaria de Resid\u00eancia, a taxa tamb\u00e9m deve ser paga se o pedido for retirado.<\/p>\n<div class=\"su-note\"  style=\"border-color:#dadbdd;border-radius:2px;-moz-border-radius:2px;-webkit-border-radius:2px;\"><div class=\"su-note-inner su-u-clearfix su-u-trim\" style=\"background-color:#f4f5f7;border-color:#ffffff;color:#333333;border-radius:2px;-moz-border-radius:2px;-webkit-border-radius:2px;\"><strong>Um aviso:<\/strong> Para escrit\u00f3rios, autoridades ou tribunais, voc\u00ea geralmente precisa dos documentos, certid\u00f5es ou certid\u00f5es conforme <a href=\"https:\/\/auslaenderaemter.com\/pt\/traducao-certificada-para-documentos-oficiais\/\">tradu\u00e7\u00e3o juramentada<\/a>.<\/div><\/div>\n<h3>Qual o per\u00edodo coberto financeiramente pela declara\u00e7\u00e3o de compromisso?<\/h3>\n<p>Basicamente, atrav\u00e9s da declara\u00e7\u00e3o apenas entre<strong> 90 dias<\/strong> Garantia financeira de at\u00e9 6 meses. Quem necessitar de visto mais longo deve comprovar sua capacidade financeira para o restante do per\u00edodo. s\u00e3o adequados para isso <strong>Extratos banc\u00e1rios dos \u00faltimos 3-6 meses<\/strong>, que d\u00e3o uma vis\u00e3o geral da renda mensal aproximada.<\/p>\n<ul>\n<li><strong>Voc\u00ea est\u00e1 esperando visitantes do exterior?<\/strong> Com um <a href=\"https:\/\/auslaenderaemter.com\/pt\/seguro-para-hospedes-estrangeiros\/\">Seguro para h\u00f3spedes estrangeiros<\/a>\u00a0voc\u00ea est\u00e1 totalmente protegido na Alemanha e na Europa.<\/li>\n<\/ul>\n<h3>Mais longe<span class=\"ez-toc-section\">\u00a0<\/span>links e fontes<\/h3>\n<ul>\n<li><a href=\"https:\/\/auslaenderaemter.com\/pt\/\" data-wpel-link=\"internal\">Escrit\u00f3rios de Imigra\u00e7\u00e3o na Alemanha<\/a><\/li>\n<li><a href=\"https:\/\/auslaenderaemter.com\/pt\/permissao-de-residencia\/\">permiss\u00e3o de resid\u00eancia<\/a><\/li>\n<\/ul>","protected":false},"excerpt":{"rendered":"<p>Declara\u00e7\u00e3o de compromisso para visitantes estrangeiros A chamada declara\u00e7\u00e3o de compromisso \u00e9 utilizada para cobrir o custo de vida de nacionais de pa\u00edses terceiros (refugiados ou emigrantes). Regra geral, os estrangeiros que necessitam de visto devem ter fundos pr\u00f3prios suficientes para cobrir os custos associados \u00e0 estadia planeada. Ao estrangeiro que necessite de visto e que n\u00e3o disponha dos recursos pr\u00f3prios necess\u00e1rios\/demonstr\u00e1veis poder\u00e1 ainda ser-lhe concedida...&nbsp;<a href=\"https:\/\/auslaenderaemter.com\/pt\/declaracao-de-compromisso\/\" rel=\"bookmark\">Leia mais \u00bb<span class=\"screen-reader-text\">declara\u00e7\u00e3o de compromisso<\/span><\/a><\/p>","protected":false},"author":1,"featured_media":0,"parent":0,"menu_order":0,"comment_status":"closed","ping_status":"closed","template":"","meta":{"neve_meta_sidebar":"","neve_meta_container":"","neve_meta_enable_content_width":"on","neve_meta_content_width":100,"neve_meta_title_alignment":"","neve_meta_author_avatar":"","neve_post_elements_order":"","neve_meta_disable_header":"","neve_meta_disable_footer":"","neve_meta_disable_title":"","neve_meta_reading_time":"","footnotes":""},"class_list":["post-2016","page","type-page","status-publish","hentry"],"yoast_head":"<!-- This site is optimized with the Yoast SEO plugin v27.4 - https:\/\/yoast.com\/product\/yoast-seo-wordpress\/ -->\n<title>Verpflichtungserkl\u00e4rung f\u00fcr ausl\u00e4ndische Besucher in Deutschland<\/title>\n<meta name=\"description\" content=\"Mit der Verpflichtungserkl\u00e4rung k\u00f6nnen Sie Personen aus dem Ausland die Einreise und den Aufenthalt in Deutschland erm\u00f6glichen\" \/>\n<meta name=\"robots\" content=\"index, follow, max-snippet:-1, max-image-preview:large, max-video-preview:-1\" \/>\n<link rel=\"canonical\" href=\"https:\/\/auslaenderaemter.com\/pt\/declaracao-de-compromisso\/\" \/>\n<meta property=\"og:locale\" content=\"pt_PT\" \/>\n<meta property=\"og:type\" content=\"article\" \/>\n<meta property=\"og:title\" content=\"Verpflichtungserkl\u00e4rung f\u00fcr ausl\u00e4ndische Besucher in Deutschland\" \/>\n<meta property=\"og:description\" content=\"Mit der Verpflichtungserkl\u00e4rung k\u00f6nnen Sie Personen aus dem Ausland die Einreise und den Aufenthalt in Deutschland erm\u00f6glichen\" \/>\n<meta property=\"og:url\" content=\"https:\/\/auslaenderaemter.com\/pt\/declaracao-de-compromisso\/\" \/>\n<meta property=\"og:site_name\" content=\"auslaenderaemter.com\" \/>\n<meta property=\"article:modified_time\" content=\"2022-07-08T09:33:03+00:00\" \/>\n<meta property=\"og:image\" content=\"https:\/\/auslaenderaemter.com\/wp-content\/uploads\/2021\/02\/Design-ohne-Titel-8.png\" \/>\n<meta name=\"twitter:card\" content=\"summary_large_image\" \/>\n<meta name=\"twitter:label1\" content=\"Tempo estimado de leitura\" \/>\n\t<meta name=\"twitter:data1\" content=\"3 minutos\" \/>\n<script type=\"application\/ld+json\" class=\"yoast-schema-graph\">{\"@context\":\"https:\\\/\\\/schema.org\",\"@graph\":[{\"@type\":\"WebPage\",\"@id\":\"https:\\\/\\\/auslaenderaemter.com\\\/verpflichtungserklaerung\\\/\",\"url\":\"https:\\\/\\\/auslaenderaemter.com\\\/verpflichtungserklaerung\\\/\",\"name\":\"Verpflichtungserkl\u00e4rung f\u00fcr ausl\u00e4ndische Besucher in Deutschland\",\"isPartOf\":{\"@id\":\"https:\\\/\\\/auslaenderaemter.com\\\/#website\"},\"primaryImageOfPage\":{\"@id\":\"https:\\\/\\\/auslaenderaemter.com\\\/verpflichtungserklaerung\\\/#primaryimage\"},\"image\":{\"@id\":\"https:\\\/\\\/auslaenderaemter.com\\\/verpflichtungserklaerung\\\/#primaryimage\"},\"thumbnailUrl\":\"https:\\\/\\\/auslaenderaemter.com\\\/wp-content\\\/uploads\\\/2021\\\/02\\\/Design-ohne-Titel-8.png\",\"datePublished\":\"2021-02-17T12:31:31+00:00\",\"dateModified\":\"2022-07-08T09:33:03+00:00\",\"description\":\"Mit der Verpflichtungserkl\u00e4rung k\u00f6nnen Sie Personen aus dem Ausland die Einreise und den Aufenthalt in Deutschland erm\u00f6glichen\",\"breadcrumb\":{\"@id\":\"https:\\\/\\\/auslaenderaemter.com\\\/verpflichtungserklaerung\\\/#breadcrumb\"},\"inLanguage\":\"pt-PT\",\"potentialAction\":[{\"@type\":\"ReadAction\",\"target\":[\"https:\\\/\\\/auslaenderaemter.com\\\/verpflichtungserklaerung\\\/\"]}]},{\"@type\":\"ImageObject\",\"inLanguage\":\"pt-PT\",\"@id\":\"https:\\\/\\\/auslaenderaemter.com\\\/verpflichtungserklaerung\\\/#primaryimage\",\"url\":\"https:\\\/\\\/auslaenderaemter.com\\\/wp-content\\\/uploads\\\/2021\\\/02\\\/Design-ohne-Titel-8.png\",\"contentUrl\":\"https:\\\/\\\/auslaenderaemter.com\\\/wp-content\\\/uploads\\\/2021\\\/02\\\/Design-ohne-Titel-8.png\"},{\"@type\":\"BreadcrumbList\",\"@id\":\"https:\\\/\\\/auslaenderaemter.com\\\/verpflichtungserklaerung\\\/#breadcrumb\",\"itemListElement\":[{\"@type\":\"ListItem\",\"position\":1,\"name\":\"Startseite\",\"item\":\"https:\\\/\\\/auslaenderaemter.com\\\/\"},{\"@type\":\"ListItem\",\"position\":2,\"name\":\"Verpflichtungserkl\u00e4rung\"}]},{\"@type\":\"WebSite\",\"@id\":\"https:\\\/\\\/auslaenderaemter.com\\\/#website\",\"url\":\"https:\\\/\\\/auslaenderaemter.com\\\/\",\"name\":\"auslaenderaemter.com\",\"description\":\"\",\"publisher\":{\"@id\":\"https:\\\/\\\/auslaenderaemter.com\\\/#organization\"},\"potentialAction\":[{\"@type\":\"SearchAction\",\"target\":{\"@type\":\"EntryPoint\",\"urlTemplate\":\"https:\\\/\\\/auslaenderaemter.com\\\/?s={search_term_string}\"},\"query-input\":{\"@type\":\"PropertyValueSpecification\",\"valueRequired\":true,\"valueName\":\"search_term_string\"}}],\"inLanguage\":\"pt-PT\"},{\"@type\":\"Organization\",\"@id\":\"https:\\\/\\\/auslaenderaemter.com\\\/#organization\",\"name\":\"auslaenderaemter.com\",\"url\":\"https:\\\/\\\/auslaenderaemter.com\\\/\",\"logo\":{\"@type\":\"ImageObject\",\"inLanguage\":\"pt-PT\",\"@id\":\"https:\\\/\\\/auslaenderaemter.com\\\/#\\\/schema\\\/logo\\\/image\\\/\",\"url\":\"https:\\\/\\\/auslaenderaemter.com\\\/wp-content\\\/uploads\\\/2021\\\/01\\\/cropped-Vollmond-info-13.png\",\"contentUrl\":\"https:\\\/\\\/auslaenderaemter.com\\\/wp-content\\\/uploads\\\/2021\\\/01\\\/cropped-Vollmond-info-13.png\",\"width\":500,\"height\":117,\"caption\":\"auslaenderaemter.com\"},\"image\":{\"@id\":\"https:\\\/\\\/auslaenderaemter.com\\\/#\\\/schema\\\/logo\\\/image\\\/\"}}]}<\/script>\n<!-- \/ Yoast SEO plugin. -->","yoast_head_json":{"title":"Declara\u00e7\u00e3o de compromisso para visitantes estrangeiros na Alemanha","description":"Com a declara\u00e7\u00e3o de compromisso, voc\u00ea pode permitir que pessoas do exterior entrem e permane\u00e7am na Alemanha","robots":{"index":"index","follow":"follow","max-snippet":"max-snippet:-1","max-image-preview":"max-image-preview:large","max-video-preview":"max-video-preview:-1"},"canonical":"https:\/\/auslaenderaemter.com\/pt\/declaracao-de-compromisso\/","og_locale":"pt_PT","og_type":"article","og_title":"Verpflichtungserkl\u00e4rung f\u00fcr ausl\u00e4ndische Besucher in Deutschland","og_description":"Mit der Verpflichtungserkl\u00e4rung k\u00f6nnen Sie Personen aus dem Ausland die Einreise und den Aufenthalt in Deutschland erm\u00f6glichen","og_url":"https:\/\/auslaenderaemter.com\/pt\/declaracao-de-compromisso\/","og_site_name":"auslaenderaemter.com","article_modified_time":"2022-07-08T09:33:03+00:00","og_image":[{"url":"https:\/\/auslaenderaemter.com\/wp-content\/uploads\/2021\/02\/Design-ohne-Titel-8.png","type":"","width":"","height":""}],"twitter_card":"summary_large_image","twitter_misc":{"Tempo estimado de leitura":"3 minutos"},"schema":{"@context":"https:\/\/schema.org","@graph":[{"@type":"WebPage","@id":"https:\/\/auslaenderaemter.com\/verpflichtungserklaerung\/","url":"https:\/\/auslaenderaemter.com\/verpflichtungserklaerung\/","name":"Declara\u00e7\u00e3o de compromisso para visitantes estrangeiros na Alemanha","isPartOf":{"@id":"https:\/\/auslaenderaemter.com\/#website"},"primaryImageOfPage":{"@id":"https:\/\/auslaenderaemter.com\/verpflichtungserklaerung\/#primaryimage"},"image":{"@id":"https:\/\/auslaenderaemter.com\/verpflichtungserklaerung\/#primaryimage"},"thumbnailUrl":"https:\/\/auslaenderaemter.com\/wp-content\/uploads\/2021\/02\/Design-ohne-Titel-8.png","datePublished":"2021-02-17T12:31:31+00:00","dateModified":"2022-07-08T09:33:03+00:00","description":"Com a declara\u00e7\u00e3o de compromisso, voc\u00ea pode permitir que pessoas do exterior entrem e permane\u00e7am na Alemanha","breadcrumb":{"@id":"https:\/\/auslaenderaemter.com\/verpflichtungserklaerung\/#breadcrumb"},"inLanguage":"pt-PT","potentialAction":[{"@type":"ReadAction","target":["https:\/\/auslaenderaemter.com\/verpflichtungserklaerung\/"]}]},{"@type":"ImageObject","inLanguage":"pt-PT","@id":"https:\/\/auslaenderaemter.com\/verpflichtungserklaerung\/#primaryimage","url":"https:\/\/auslaenderaemter.com\/wp-content\/uploads\/2021\/02\/Design-ohne-Titel-8.png","contentUrl":"https:\/\/auslaenderaemter.com\/wp-content\/uploads\/2021\/02\/Design-ohne-Titel-8.png"},{"@type":"BreadcrumbList","@id":"https:\/\/auslaenderaemter.com\/verpflichtungserklaerung\/#breadcrumb","itemListElement":[{"@type":"ListItem","position":1,"name":"Startseite","item":"https:\/\/auslaenderaemter.com\/"},{"@type":"ListItem","position":2,"name":"Verpflichtungserkl\u00e4rung"}]},{"@type":"WebSite","@id":"https:\/\/auslaenderaemter.com\/#website","url":"https:\/\/auslaenderaemter.com\/","name":"auslaenderaemter. com","description":"","publisher":{"@id":"https:\/\/auslaenderaemter.com\/#organization"},"potentialAction":[{"@type":"SearchAction","target":{"@type":"EntryPoint","urlTemplate":"https:\/\/auslaenderaemter.com\/?s={search_term_string}"},"query-input":{"@type":"PropertyValueSpecification","valueRequired":true,"valueName":"search_term_string"}}],"inLanguage":"pt-PT"},{"@type":"Organization","@id":"https:\/\/auslaenderaemter.com\/#organization","name":"auslaenderaemter. com","url":"https:\/\/auslaenderaemter.com\/","logo":{"@type":"ImageObject","inLanguage":"pt-PT","@id":"https:\/\/auslaenderaemter.com\/#\/schema\/logo\/image\/","url":"https:\/\/auslaenderaemter.com\/wp-content\/uploads\/2021\/01\/cropped-Vollmond-info-13.png","contentUrl":"https:\/\/auslaenderaemter.com\/wp-content\/uploads\/2021\/01\/cropped-Vollmond-info-13.png","width":500,"height":117,"caption":"auslaenderaemter.com"},"image":{"@id":"https:\/\/auslaenderaemter.com\/#\/schema\/logo\/image\/"}}]}},"_links":{"self":[{"href":"https:\/\/auslaenderaemter.com\/pt\/wp-json\/wp\/v2\/pages\/2016","targetHints":{"allow":["GET"]}}],"collection":[{"href":"https:\/\/auslaenderaemter.com\/pt\/wp-json\/wp\/v2\/pages"}],"about":[{"href":"https:\/\/auslaenderaemter.com\/pt\/wp-json\/wp\/v2\/types\/page"}],"author":[{"embeddable":true,"href":"https:\/\/auslaenderaemter.com\/pt\/wp-json\/wp\/v2\/users\/1"}],"replies":[{"embeddable":true,"href":"https:\/\/auslaenderaemter.com\/pt\/wp-json\/wp\/v2\/comments?post=2016"}],"version-history":[{"count":0,"href":"https:\/\/auslaenderaemter.com\/pt\/wp-json\/wp\/v2\/pages\/2016\/revisions"}],"wp:attachment":[{"href":"https:\/\/auslaenderaemter.com\/pt\/wp-json\/wp\/v2\/media?parent=2016"}],"curies":[{"name":"wp","href":"https:\/\/api.w.org\/{rel}","templated":true}]}}