{"id":3081,"date":"2021-02-24T00:10:55","date_gmt":"2021-02-23T23:10:55","guid":{"rendered":"https:\/\/auslaenderaemter.com\/?page_id=3081"},"modified":"2021-03-15T21:48:15","modified_gmt":"2021-03-15T20:48:15","slug":"versicherungen-fuer-auslaendische-gaeste","status":"publish","type":"page","link":"https:\/\/auslaenderaemter.com\/pt\/seguro-para-hospedes-estrangeiros\/","title":{"rendered":"Seguro para h\u00f3spedes estrangeiros"},"content":{"rendered":"<p><img fetchpriority=\"high\" decoding=\"async\" class=\"aligncenter wp-image-3087 size-full\" src=\"https:\/\/auslaenderaemter.com\/wp-content\/uploads\/2021\/02\/couple-1030744_640.jpg\" alt=\"Seguro para h\u00f3spedes estrangeiros\" width=\"640\" height=\"426\" srcset=\"https:\/\/auslaenderaemter.com\/wp-content\/uploads\/2021\/02\/couple-1030744_640.jpg 640w, https:\/\/auslaenderaemter.com\/wp-content\/uploads\/2021\/02\/couple-1030744_640-300x200.jpg 300w\" sizes=\"(max-width: 640px) 100vw, 640px\" \/><\/p>\n<p>Se <strong>veranistas<\/strong>, <strong>estudante de idiomas<\/strong>, <strong>equipe profissional<\/strong> ou <strong>estudante universit\u00e1rio<\/strong> \u2013 os h\u00f3spedes estrangeiros na Alemanha e na Europa precisam de um <strong>Seguro m\u00e9dico de viagem<\/strong>, que atendem aos requisitos da Uni\u00e3o Europeia para um <strong>visto<\/strong> para ser concedido.<\/p>\n<p>Claro, n\u00e3o s\u00f3 o seguro de sa\u00fade internacional protege contra custos caros, mas tamb\u00e9m o seguro de acidentes de viagem. Fazer um seguro de emerg\u00eancia, bagagem e responsabilidade tamb\u00e9m \u00e9 uma vantagem clara se voc\u00ea estiver planejando uma estadia mais longa na Alemanha. Recomendamos um seguro completo que oferece prote\u00e7\u00e3o confi\u00e1vel para sua estadia na Alemanha.<\/p>\n<h2>N\u00e3o estou coberto pelo seguro de sa\u00fade legal durante as f\u00e9rias?<\/h2>\n<p>A suposi\u00e7\u00e3o est\u00e1 pr\u00f3xima, mas vem <strong>seguro de sa\u00fade legal<\/strong> para doen\u00e7as no exterior <strong>n\u00e3o ou apenas limitado a<\/strong>. Voc\u00ea deve, portanto, fazer um seguro para h\u00f3spedes estrangeiros antes de sua estadia na Alemanha.<\/p>\n<h2>Seguro de sa\u00fade de viagem para visitantes<\/h2>\n<p>O seguro para h\u00f3spedes estrangeiros protege voc\u00ea de altos custos e garante sua estadia na Alemanha. Muitas vezes acontece mais r\u00e1pido do que voc\u00ea pensa: um passo errado na caminhada, uma doen\u00e7a ou a perda\/roubo de sua pr\u00f3pria bagagem e de repente voc\u00ea se depara com custos imensamente altos. O tratamento e o repatriamento de uma perna quebrada podem custar rapidamente alguns milhares de euros. Se voc\u00ea fez um seguro para h\u00f3spedes estrangeiros, pode economizar os altos custos. No entanto, existem alguns pontos que voc\u00ea precisa considerar ao contratar um seguro para h\u00f3spedes estrangeiros.<\/p>\n<h2>O que devo observar ao contratar um seguro para h\u00f3spedes estrangeiros?<\/h2>\n<p><strong>Um bom seguro para h\u00f3spedes estrangeiros \u00e9 caracterizado pelos seguintes pontos:<\/strong><\/p>\n<ul>\n<li>O seguro para h\u00f3spedes estrangeiros atende aos requisitos da UE<\/li>\n<li>Prote\u00e7\u00e3o abrangente contra muitos riscos<\/li>\n<li>Ampla gama de servi\u00e7os<\/li>\n<li>Seguro para h\u00f3spedes estrangeiros sem franquia<\/li>\n<li>O transporte de retorno medicamente sensato \u00e9 coberto<\/li>\n<\/ul>\n<h3>Diferen\u00e7a entre seguro sa\u00fade viagem e seguro sa\u00fade internacional<\/h3>\n<p>A principal diferen\u00e7a entre seguro de sa\u00fade de viagem e seguro de sa\u00fade internacional <strong>depende do tempo de viagem<\/strong>. O seguro de sa\u00fade de viagem vale particularmente a pena para f\u00e9rias <strong>at\u00e9 cerca de 8 semanas<\/strong>. No entanto, se voc\u00ea estiver planejando uma viagem de longo prazo, o seguro de sa\u00fade internacional \u00e9 recomendado.<\/p>\n<h3>Nossa recomenda\u00e7\u00e3o: Seguro para h\u00f3spedes estrangeiros na Alemanha da Hansemerkur<\/h3>\n<p>O seguro para h\u00f3spedes estrangeiros protege voc\u00ea de altos custos durante sua estadia na Alemanha. Faz sentido fazer um seguro, especialmente se voc\u00ea estiver planejando uma viagem de longo prazo. Seja um semestre de interc\u00e2mbio, um est\u00e1gio de longa dura\u00e7\u00e3o ou uma longa visita a parentes - recomendamos <a href=\"https:\/\/tidd.ly\/3u98xUL\">Seguro para h\u00f3spedes estrangeiros at\u00e9 5 anos da Hansemerkur<\/a>*.<\/p>\n<p>O seguro para h\u00f3spedes estrangeiros \u00e9 uma das malas mais importantes para a sua estadia na Alemanha. O seguro de visitantes da Hansemerkur protege voc\u00ea <strong>at\u00e9 5 anos<\/strong> contra altos custos. Recomendamos expandir o seguro de sa\u00fade internacional para incluir seguro de acidentes de viagem, seguro de responsabilidade de viagem, seguro de emerg\u00eancia em viagem e seguro de bagagem de viagem, para que voc\u00ea possa desfrutar de uma cobertura de seguro particularmente abrangente.<\/p>\n<p>O seguro da Hansemerkur para h\u00f3spedes estrangeiros \u00e9 adequado para estadias de longa dura\u00e7\u00e3o de at\u00e9 5 anos na Alemanha. A Hansemerkur \u00e9 caracterizada pela transpar\u00eancia absoluta de custos. Contratos de curto prazo tamb\u00e9m s\u00e3o poss\u00edveis. Por exemplo, se optar pela &quot;Tarif Profi&quot;, obt\u00e9m um seguro de sa\u00fade internacional, seguro de acidentes de viagem, seguro de responsabilidade de viagem, seguro de emerg\u00eancia em viagem e seguro de bagagem de viagem tudo em um. Claro, voc\u00ea tamb\u00e9m pode optar pela tarifa &quot;Basic&quot;, que inclui todos os seguros para h\u00f3spedes estrangeiros, exceto o seguro de bagagem. Os seguros para h\u00f3spedes estrangeiros atendem aos requisitos da UE.<\/p>\n<p><!-- START ADVERTISER: HanseMerkur Versicherungsgruppe DE from awin.com --><\/p>\n<p><a href=\"https:\/\/www.awin1.com\/cread.php?s=2616553&amp;v=11705&amp;q=386611&amp;r=384383\"><br \/>\n<img decoding=\"async\" src=\"https:\/\/www.awin1.com\/cshow.php?s=2616553&amp;v=11705&amp;q=386611&amp;r=384383\" border=\"0\" \/><br \/>\n<\/a><\/p>\n<h3>Mais longe<span class=\"ez-toc-section\">\u00a0<\/span>links e fontes<\/h3>\n<ul>\n<li><a href=\"https:\/\/auslaenderaemter.com\/pt\/declaracao-de-compromisso\/\">Declara\u00e7\u00e3o de Compromisso para Visitantes Estrangeiros<\/a><\/li>\n<li><a href=\"https:\/\/auslaenderaemter.com\/pt\/\">Escrit\u00f3rios de Imigra\u00e7\u00e3o na Alemanha<\/a><\/li>\n<\/ul>","protected":false},"excerpt":{"rendered":"<p>Quer sejam turistas, estudantes de l\u00ednguas, especialistas ou estudantes \u2013 os h\u00f3spedes estrangeiros na Alemanha e na Europa precisam de um seguro de sa\u00fade de viagem que cumpra os requisitos da Uni\u00e3o Europeia para obterem um visto. \u00c9 claro que n\u00e3o apenas o seguro sa\u00fade internacional protege contra custos elevados, mas tamb\u00e9m o seguro contra acidentes de viagem. A contrata\u00e7\u00e3o de seguros de emerg\u00eancia, bagagem e responsabilidade civil tamb\u00e9m \u00e9 uma clara vantagem quando\u2026&nbsp;<a href=\"https:\/\/auslaenderaemter.com\/pt\/seguro-para-hospedes-estrangeiros\/\" rel=\"bookmark\">Leia mais \u00bb<span class=\"screen-reader-text\">Seguro para h\u00f3spedes estrangeiros<\/span><\/a><\/p>","protected":false},"author":1,"featured_media":3087,"parent":0,"menu_order":0,"comment_status":"closed","ping_status":"closed","template":"","meta":{"neve_meta_sidebar":"full-width","neve_meta_container":"","neve_meta_enable_content_width":"on","neve_meta_content_width":100,"neve_meta_title_alignment":"","neve_meta_author_avatar":"","neve_post_elements_order":"","neve_meta_disable_header":"","neve_meta_disable_footer":"","neve_meta_disable_title":"","neve_meta_reading_time":"","footnotes":""},"class_list":["post-3081","page","type-page","status-publish","has-post-thumbnail","hentry"],"yoast_head":"<!-- This site is optimized with the Yoast SEO plugin v27.4 - https:\/\/yoast.com\/product\/yoast-seo-wordpress\/ -->\n<title>Versicherung f\u00fcr ausl\u00e4ndische G\u00e4ste in Deutschland<\/title>\n<meta name=\"description\" content=\"Versicherungen f\u00fcr ausl\u00e4ndische G\u00e4ste bewahren Sie vor hohen Kosten und sichern Ihren Aufenthalt in Deutschland ab.\" \/>\n<meta name=\"robots\" content=\"index, follow, max-snippet:-1, max-image-preview:large, max-video-preview:-1\" \/>\n<link rel=\"canonical\" href=\"https:\/\/auslaenderaemter.com\/pt\/seguro-para-hospedes-estrangeiros\/\" \/>\n<meta property=\"og:locale\" content=\"pt_PT\" \/>\n<meta property=\"og:type\" content=\"article\" \/>\n<meta property=\"og:title\" content=\"Versicherung f\u00fcr ausl\u00e4ndische G\u00e4ste in Deutschland\" \/>\n<meta property=\"og:description\" content=\"Versicherungen f\u00fcr ausl\u00e4ndische G\u00e4ste bewahren Sie vor hohen Kosten und sichern Ihren Aufenthalt in Deutschland ab.\" \/>\n<meta property=\"og:url\" content=\"https:\/\/auslaenderaemter.com\/pt\/seguro-para-hospedes-estrangeiros\/\" \/>\n<meta property=\"og:site_name\" content=\"auslaenderaemter.com\" \/>\n<meta property=\"article:modified_time\" content=\"2021-03-15T20:48:15+00:00\" \/>\n<meta property=\"og:image\" content=\"https:\/\/auslaenderaemter.com\/wp-content\/uploads\/2021\/02\/couple-1030744_640.jpg\" \/>\n\t<meta property=\"og:image:width\" content=\"640\" \/>\n\t<meta property=\"og:image:height\" content=\"426\" \/>\n\t<meta property=\"og:image:type\" content=\"image\/jpeg\" \/>\n<meta name=\"twitter:card\" content=\"summary_large_image\" \/>\n<meta name=\"twitter:label1\" content=\"Tempo estimado de leitura\" \/>\n\t<meta name=\"twitter:data1\" content=\"3 minutos\" \/>\n<script type=\"application\/ld+json\" class=\"yoast-schema-graph\">{\"@context\":\"https:\\\/\\\/schema.org\",\"@graph\":[{\"@type\":\"WebPage\",\"@id\":\"https:\\\/\\\/auslaenderaemter.com\\\/versicherungen-fuer-auslaendische-gaeste\\\/\",\"url\":\"https:\\\/\\\/auslaenderaemter.com\\\/versicherungen-fuer-auslaendische-gaeste\\\/\",\"name\":\"Versicherung f\u00fcr ausl\u00e4ndische G\u00e4ste in Deutschland\",\"isPartOf\":{\"@id\":\"https:\\\/\\\/auslaenderaemter.com\\\/#website\"},\"primaryImageOfPage\":{\"@id\":\"https:\\\/\\\/auslaenderaemter.com\\\/versicherungen-fuer-auslaendische-gaeste\\\/#primaryimage\"},\"image\":{\"@id\":\"https:\\\/\\\/auslaenderaemter.com\\\/versicherungen-fuer-auslaendische-gaeste\\\/#primaryimage\"},\"thumbnailUrl\":\"https:\\\/\\\/auslaenderaemter.com\\\/wp-content\\\/uploads\\\/2021\\\/02\\\/couple-1030744_640.jpg\",\"datePublished\":\"2021-02-23T23:10:55+00:00\",\"dateModified\":\"2021-03-15T20:48:15+00:00\",\"description\":\"Versicherungen f\u00fcr ausl\u00e4ndische G\u00e4ste bewahren Sie vor hohen Kosten und sichern Ihren Aufenthalt in Deutschland ab.\",\"breadcrumb\":{\"@id\":\"https:\\\/\\\/auslaenderaemter.com\\\/versicherungen-fuer-auslaendische-gaeste\\\/#breadcrumb\"},\"inLanguage\":\"pt-PT\",\"potentialAction\":[{\"@type\":\"ReadAction\",\"target\":[\"https:\\\/\\\/auslaenderaemter.com\\\/versicherungen-fuer-auslaendische-gaeste\\\/\"]}]},{\"@type\":\"ImageObject\",\"inLanguage\":\"pt-PT\",\"@id\":\"https:\\\/\\\/auslaenderaemter.com\\\/versicherungen-fuer-auslaendische-gaeste\\\/#primaryimage\",\"url\":\"https:\\\/\\\/auslaenderaemter.com\\\/wp-content\\\/uploads\\\/2021\\\/02\\\/couple-1030744_640.jpg\",\"contentUrl\":\"https:\\\/\\\/auslaenderaemter.com\\\/wp-content\\\/uploads\\\/2021\\\/02\\\/couple-1030744_640.jpg\",\"width\":640,\"height\":426,\"caption\":\"Versicherung f\u00fcr ausl\u00e4ndische G\u00e4ste\"},{\"@type\":\"BreadcrumbList\",\"@id\":\"https:\\\/\\\/auslaenderaemter.com\\\/versicherungen-fuer-auslaendische-gaeste\\\/#breadcrumb\",\"itemListElement\":[{\"@type\":\"ListItem\",\"position\":1,\"name\":\"Startseite\",\"item\":\"https:\\\/\\\/auslaenderaemter.com\\\/\"},{\"@type\":\"ListItem\",\"position\":2,\"name\":\"Versicherungen f\u00fcr ausl\u00e4ndische G\u00e4ste\"}]},{\"@type\":\"WebSite\",\"@id\":\"https:\\\/\\\/auslaenderaemter.com\\\/#website\",\"url\":\"https:\\\/\\\/auslaenderaemter.com\\\/\",\"name\":\"auslaenderaemter.com\",\"description\":\"\",\"publisher\":{\"@id\":\"https:\\\/\\\/auslaenderaemter.com\\\/#organization\"},\"potentialAction\":[{\"@type\":\"SearchAction\",\"target\":{\"@type\":\"EntryPoint\",\"urlTemplate\":\"https:\\\/\\\/auslaenderaemter.com\\\/?s={search_term_string}\"},\"query-input\":{\"@type\":\"PropertyValueSpecification\",\"valueRequired\":true,\"valueName\":\"search_term_string\"}}],\"inLanguage\":\"pt-PT\"},{\"@type\":\"Organization\",\"@id\":\"https:\\\/\\\/auslaenderaemter.com\\\/#organization\",\"name\":\"auslaenderaemter.com\",\"url\":\"https:\\\/\\\/auslaenderaemter.com\\\/\",\"logo\":{\"@type\":\"ImageObject\",\"inLanguage\":\"pt-PT\",\"@id\":\"https:\\\/\\\/auslaenderaemter.com\\\/#\\\/schema\\\/logo\\\/image\\\/\",\"url\":\"https:\\\/\\\/auslaenderaemter.com\\\/wp-content\\\/uploads\\\/2021\\\/01\\\/cropped-Vollmond-info-13.png\",\"contentUrl\":\"https:\\\/\\\/auslaenderaemter.com\\\/wp-content\\\/uploads\\\/2021\\\/01\\\/cropped-Vollmond-info-13.png\",\"width\":500,\"height\":117,\"caption\":\"auslaenderaemter.com\"},\"image\":{\"@id\":\"https:\\\/\\\/auslaenderaemter.com\\\/#\\\/schema\\\/logo\\\/image\\\/\"}}]}<\/script>\n<!-- \/ Yoast SEO plugin. -->","yoast_head_json":{"title":"Seguro para h\u00f3spedes estrangeiros na Alemanha","description":"O seguro para h\u00f3spedes estrangeiros protege voc\u00ea de altos custos e garante sua estadia na Alemanha.","robots":{"index":"index","follow":"follow","max-snippet":"max-snippet:-1","max-image-preview":"max-image-preview:large","max-video-preview":"max-video-preview:-1"},"canonical":"https:\/\/auslaenderaemter.com\/pt\/seguro-para-hospedes-estrangeiros\/","og_locale":"pt_PT","og_type":"article","og_title":"Versicherung f\u00fcr ausl\u00e4ndische G\u00e4ste in Deutschland","og_description":"Versicherungen f\u00fcr ausl\u00e4ndische G\u00e4ste bewahren Sie vor hohen Kosten und sichern Ihren Aufenthalt in Deutschland ab.","og_url":"https:\/\/auslaenderaemter.com\/pt\/seguro-para-hospedes-estrangeiros\/","og_site_name":"auslaenderaemter.com","article_modified_time":"2021-03-15T20:48:15+00:00","og_image":[{"width":640,"height":426,"url":"https:\/\/auslaenderaemter.com\/wp-content\/uploads\/2021\/02\/couple-1030744_640.jpg","type":"image\/jpeg"}],"twitter_card":"summary_large_image","twitter_misc":{"Tempo estimado de leitura":"3 minutos"},"schema":{"@context":"https:\/\/schema.org","@graph":[{"@type":"WebPage","@id":"https:\/\/auslaenderaemter.com\/versicherungen-fuer-auslaendische-gaeste\/","url":"https:\/\/auslaenderaemter.com\/versicherungen-fuer-auslaendische-gaeste\/","name":"Seguro para h\u00f3spedes estrangeiros na Alemanha","isPartOf":{"@id":"https:\/\/auslaenderaemter.com\/#website"},"primaryImageOfPage":{"@id":"https:\/\/auslaenderaemter.com\/versicherungen-fuer-auslaendische-gaeste\/#primaryimage"},"image":{"@id":"https:\/\/auslaenderaemter.com\/versicherungen-fuer-auslaendische-gaeste\/#primaryimage"},"thumbnailUrl":"https:\/\/auslaenderaemter.com\/wp-content\/uploads\/2021\/02\/couple-1030744_640.jpg","datePublished":"2021-02-23T23:10:55+00:00","dateModified":"2021-03-15T20:48:15+00:00","description":"O seguro para h\u00f3spedes estrangeiros protege voc\u00ea de altos custos e garante sua estadia na Alemanha.","breadcrumb":{"@id":"https:\/\/auslaenderaemter.com\/versicherungen-fuer-auslaendische-gaeste\/#breadcrumb"},"inLanguage":"pt-PT","potentialAction":[{"@type":"ReadAction","target":["https:\/\/auslaenderaemter.com\/versicherungen-fuer-auslaendische-gaeste\/"]}]},{"@type":"ImageObject","inLanguage":"pt-PT","@id":"https:\/\/auslaenderaemter.com\/versicherungen-fuer-auslaendische-gaeste\/#primaryimage","url":"https:\/\/auslaenderaemter.com\/wp-content\/uploads\/2021\/02\/couple-1030744_640.jpg","contentUrl":"https:\/\/auslaenderaemter.com\/wp-content\/uploads\/2021\/02\/couple-1030744_640.jpg","width":640,"height":426,"caption":"Versicherung f\u00fcr ausl\u00e4ndische G\u00e4ste"},{"@type":"BreadcrumbList","@id":"https:\/\/auslaenderaemter.com\/versicherungen-fuer-auslaendische-gaeste\/#breadcrumb","itemListElement":[{"@type":"ListItem","position":1,"name":"Startseite","item":"https:\/\/auslaenderaemter.com\/"},{"@type":"ListItem","position":2,"name":"Versicherungen f\u00fcr ausl\u00e4ndische G\u00e4ste"}]},{"@type":"WebSite","@id":"https:\/\/auslaenderaemter.com\/#website","url":"https:\/\/auslaenderaemter.com\/","name":"auslaenderaemter. com","description":"","publisher":{"@id":"https:\/\/auslaenderaemter.com\/#organization"},"potentialAction":[{"@type":"SearchAction","target":{"@type":"EntryPoint","urlTemplate":"https:\/\/auslaenderaemter.com\/?s={search_term_string}"},"query-input":{"@type":"PropertyValueSpecification","valueRequired":true,"valueName":"search_term_string"}}],"inLanguage":"pt-PT"},{"@type":"Organization","@id":"https:\/\/auslaenderaemter.com\/#organization","name":"auslaenderaemter. com","url":"https:\/\/auslaenderaemter.com\/","logo":{"@type":"ImageObject","inLanguage":"pt-PT","@id":"https:\/\/auslaenderaemter.com\/#\/schema\/logo\/image\/","url":"https:\/\/auslaenderaemter.com\/wp-content\/uploads\/2021\/01\/cropped-Vollmond-info-13.png","contentUrl":"https:\/\/auslaenderaemter.com\/wp-content\/uploads\/2021\/01\/cropped-Vollmond-info-13.png","width":500,"height":117,"caption":"auslaenderaemter.com"},"image":{"@id":"https:\/\/auslaenderaemter.com\/#\/schema\/logo\/image\/"}}]}},"_links":{"self":[{"href":"https:\/\/auslaenderaemter.com\/pt\/wp-json\/wp\/v2\/pages\/3081","targetHints":{"allow":["GET"]}}],"collection":[{"href":"https:\/\/auslaenderaemter.com\/pt\/wp-json\/wp\/v2\/pages"}],"about":[{"href":"https:\/\/auslaenderaemter.com\/pt\/wp-json\/wp\/v2\/types\/page"}],"author":[{"embeddable":true,"href":"https:\/\/auslaenderaemter.com\/pt\/wp-json\/wp\/v2\/users\/1"}],"replies":[{"embeddable":true,"href":"https:\/\/auslaenderaemter.com\/pt\/wp-json\/wp\/v2\/comments?post=3081"}],"version-history":[{"count":0,"href":"https:\/\/auslaenderaemter.com\/pt\/wp-json\/wp\/v2\/pages\/3081\/revisions"}],"wp:featuredmedia":[{"embeddable":true,"href":"https:\/\/auslaenderaemter.com\/pt\/wp-json\/wp\/v2\/media\/3087"}],"wp:attachment":[{"href":"https:\/\/auslaenderaemter.com\/pt\/wp-json\/wp\/v2\/media?parent=3081"}],"curies":[{"name":"wp","href":"https:\/\/api.w.org\/{rel}","templated":true}]}}