{"id":3111,"date":"2021-03-15T20:27:21","date_gmt":"2021-03-15T19:27:21","guid":{"rendered":"https:\/\/auslaenderaemter.com\/?page_id=3111"},"modified":"2021-03-15T21:29:27","modified_gmt":"2021-03-15T20:29:27","slug":"fiktionsbescheinigung","status":"publish","type":"page","link":"https:\/\/auslaenderaemter.com\/pt\/certificado-de-ficcao\/","title":{"rendered":"certificado de fic\u00e7\u00e3o"},"content":{"rendered":"<figure id=\"attachment_3120\" aria-describedby=\"caption-attachment-3120\" style=\"width: 600px\" class=\"wp-caption aligncenter\"><img fetchpriority=\"high\" decoding=\"async\" class=\"wp-image-3120 size-full\" src=\"https:\/\/auslaenderaemter.com\/wp-content\/uploads\/2021\/03\/IMG_5064-min-e1615834936619.png\" alt=\"certificado de fic\u00e7\u00e3o\" width=\"600\" height=\"338\" \/><figcaption id=\"caption-attachment-3120\" class=\"wp-caption-text\">Um certificado fict\u00edcio aplica-se a estrangeiros que residem legalmente na Alemanha e que aguardam a emiss\u00e3o de uma autoriza\u00e7\u00e3o de resid\u00eancia<\/figcaption><\/figure>\n<p>Sempre que sobre um pedido <a href=\"https:\/\/auslaenderaemter.com\/pt\/permissao-de-residencia-2\/\">permiss\u00e3o de resid\u00eancia<\/a> <strong>ainda n\u00e3o <\/strong>Se uma decis\u00e3o foi tomada porque certos pr\u00e9-requisitos para essa decis\u00e3o ainda n\u00e3o foram atendidos, um chamado certificado fict\u00edcio pode ser emitido em determinadas circunst\u00e2ncias. \u00c9 usual que este certificado seja emitido para o per\u00edodo em que o pedido est\u00e1 sendo analisado pelas autoridades de imigra\u00e7\u00e3o.<\/p>\n<h2>O que \u00e9 um certificado fict\u00edcio?<\/h2>\n<p>Um certificado fict\u00edcio funciona como prova de um <strong>direito de resid\u00eancia provis\u00f3rio<\/strong> para estrangeiros que vivem na Alemanha. Este certificado \u00e9 normalmente emitido para o per\u00edodo em que o pedido de autoriza\u00e7\u00e3o de resid\u00eancia est\u00e1 a ser analisado pelas autoridades de imigra\u00e7\u00e3o respons\u00e1veis. Neste contexto, o termo \u201cfic\u00e7\u00e3o\u201d descreve uma fic\u00e7\u00e3o jur\u00eddica em rela\u00e7\u00e3o \u00e0 continua\u00e7\u00e3o da exist\u00eancia do anterior direito de resid\u00eancia.<\/p>\n<h2>As condi\u00e7\u00f5es<\/h2>\n<p>Para que um certificado fict\u00edcio seja legal, ele deve ter sido emitido em um momento em que a concess\u00e3o ou prorroga\u00e7\u00e3o da autoriza\u00e7\u00e3o de resid\u00eancia ainda era legal. Em outras palavras, uma autoriza\u00e7\u00e3o de resid\u00eancia v\u00e1lida ainda deve estar dispon\u00edvel no momento da apresenta\u00e7\u00e3o do pedido, ou o requerente deve residir legalmente na Alemanha sem visto devido \u00e0 sua nacionalidade. N\u00e3o se deve esquecer que o certificado fict\u00edcio n\u00e3o \u00e9 uma autoriza\u00e7\u00e3o de resid\u00eancia em sentido estrito, mas apenas representa a prova da exist\u00eancia de um direito de resid\u00eancia tempor\u00e1rio.<\/p>\n<h2>Documentos exigidos<\/h2>\n<p>Para que um certificado fict\u00edcio seja emitido para voc\u00ea, voc\u00ea deve apresentar um passaporte v\u00e1lido ou um substituto de passaporte. Se voc\u00ea possui uma autoriza\u00e7\u00e3o de resid\u00eancia anterior, como uma autoriza\u00e7\u00e3o de resid\u00eancia eletr\u00f4nica, tamb\u00e9m deve traz\u00ea-la com voc\u00ea. Al\u00e9m disso, um certificado de confirma\u00e7\u00e3o de registro ou, alternativamente, de um arrendamento deve estar dispon\u00edvel.<\/p>\n<h3>Custos<\/h3>\n<p>De acordo com o \u00a7 47 par\u00e1grafo 1 n\u00famero 8 do <a href=\"https:\/\/www.gesetze-im-internet.de\/aufenthv\/__47.html\" target=\"_blank\" rel=\"noopener\">Portaria de resid\u00eancia<\/a> ser\u00e1 cobrado a partir de 1\u00ba de setembro de 2017 <strong>13 euros<\/strong> por<strong> adulto<\/strong> e <strong>10 euros <\/strong>por<strong> menores<\/strong> cobrado pela emiss\u00e3o de um certificado fict\u00edcio. No entanto, v\u00e1rios grupos de pessoas est\u00e3o isentos desta taxa. Estes incluem requerentes de asilo e refugiados reconhecidos, cidad\u00e3os turcos, estudantes que recebem uma bolsa de estudos com financiamento p\u00fablico e seus familiares, cidad\u00e3os su\u00ed\u00e7os e outros grupos de pessoas.<\/p>\n<h3>Tempo de processamento<\/h3>\n<p>O tempo de processamento do certificado fict\u00edcio \u00e9 muito curto. Voc\u00ea receber\u00e1 isso diretamente quando visitar a autoridade competente, se levar os documentos necess\u00e1rios e atender aos requisitos para uma exposi\u00e7\u00e3o. Mas qual \u00e9 a forma adequada de autoriza\u00e7\u00e3o de resid\u00eancia e que autoriza\u00e7\u00f5es de resid\u00eancia existem?<\/p>\n<h3>Voc\u00ea pode viajar com um certificado fict\u00edcio?<\/h3>\n<p>Em princ\u00edpio, \u00e9 poss\u00edvel viajar com um certificado fict\u00edcio, pois voc\u00ea pode voltar a entrar na Alemanha com esse certificado a qualquer momento. No entanto, deve contactar o <a href=\"https:\/\/botschaft-konsulat.de\/\" target=\"_blank\" rel=\"noopener\">Embaixada do respectivo pa\u00eds de viagem<\/a> sobre isso <strong>investigar<\/strong>se a entrada e sa\u00edda com um certificado fict\u00edcio \u00e9 permitida. Se voc\u00ea tiver uma toler\u00e2ncia ou permiss\u00e3o fict\u00edcia, n\u00e3o poder\u00e1 viajar para o exterior com ela.<\/p>\n<ul>\n<li><strong>Voc\u00ea est\u00e1 esperando visitantes do exterior?<\/strong>\u00a0Com um\u00a0<a href=\"https:\/\/auslaenderaemter.com\/pt\/seguro-para-hospedes-estrangeiros\/\">Seguro para h\u00f3spedes estrangeiros<\/a>* voc\u00ea est\u00e1 totalmente protegido na Alemanha e na Europa.<\/li>\n<\/ul>\n<h3>Mais links e fontes<\/h3>\n<ul>\n<li><a href=\"https:\/\/auslaenderaemter.com\/pt\/\">Autoridades de imigra\u00e7\u00e3o na Alemanha<\/a><\/li>\n<\/ul>","protected":false},"excerpt":{"rendered":"<p>Sempre que ainda n\u00e3o tenha sido tomada uma decis\u00e3o relativamente ao pedido de autoriza\u00e7\u00e3o de resid\u00eancia por ainda n\u00e3o terem sido cumpridos determinados requisitos para esta decis\u00e3o, poder\u00e1 ser emitido um certificado denominado fict\u00edcio. \u00c9 habitual que este certificado seja emitido durante o per\u00edodo em que o pedido apresentado est\u00e1 a ser analisado pela autoridade de imigra\u00e7\u00e3o. O que \u00e9 um certificado fict\u00edcio? Um certificado de fic\u00e7\u00e3o\u2026&nbsp;<a href=\"https:\/\/auslaenderaemter.com\/pt\/certificado-de-ficcao\/\" rel=\"bookmark\">Leia mais \u00bb<span class=\"screen-reader-text\">certificado de fic\u00e7\u00e3o<\/span><\/a><\/p>","protected":false},"author":1,"featured_media":3120,"parent":0,"menu_order":0,"comment_status":"closed","ping_status":"closed","template":"","meta":{"neve_meta_sidebar":"full-width","neve_meta_container":"","neve_meta_enable_content_width":"on","neve_meta_content_width":100,"neve_meta_title_alignment":"","neve_meta_author_avatar":"","neve_post_elements_order":"","neve_meta_disable_header":"","neve_meta_disable_footer":"","neve_meta_disable_title":"","neve_meta_reading_time":"","footnotes":""},"class_list":["post-3111","page","type-page","status-publish","has-post-thumbnail","hentry"],"yoast_head":"<!-- This site is optimized with the Yoast SEO plugin v27.3 - https:\/\/yoast.com\/product\/yoast-seo-wordpress\/ -->\n<title>Die Fiktionsbescheinigung - auslaenderaemter.com<\/title>\n<meta name=\"description\" content=\"Eine Fiktionsbescheinigung fungiert als Nachweis eines vorl\u00e4ufigen Aufenthaltsrechts f\u00fcr in Deutschland lebende Ausl\u00e4nder.\" \/>\n<meta name=\"robots\" content=\"index, follow, max-snippet:-1, max-image-preview:large, max-video-preview:-1\" \/>\n<link rel=\"canonical\" href=\"https:\/\/auslaenderaemter.com\/pt\/certificado-de-ficcao\/\" \/>\n<meta property=\"og:locale\" content=\"pt_PT\" \/>\n<meta property=\"og:type\" content=\"article\" \/>\n<meta property=\"og:title\" content=\"Die Fiktionsbescheinigung - auslaenderaemter.com\" \/>\n<meta property=\"og:description\" content=\"Eine Fiktionsbescheinigung fungiert als Nachweis eines vorl\u00e4ufigen Aufenthaltsrechts f\u00fcr in Deutschland lebende Ausl\u00e4nder.\" \/>\n<meta property=\"og:url\" content=\"https:\/\/auslaenderaemter.com\/pt\/certificado-de-ficcao\/\" \/>\n<meta property=\"og:site_name\" content=\"auslaenderaemter.com\" \/>\n<meta property=\"article:modified_time\" content=\"2021-03-15T20:29:27+00:00\" \/>\n<meta property=\"og:image\" content=\"https:\/\/auslaenderaemter.com\/wp-content\/uploads\/2021\/03\/IMG_5064-min-e1615834936619.png\" \/>\n\t<meta property=\"og:image:width\" content=\"600\" \/>\n\t<meta property=\"og:image:height\" content=\"338\" \/>\n\t<meta property=\"og:image:type\" content=\"image\/png\" \/>\n<meta name=\"twitter:card\" content=\"summary_large_image\" \/>\n<meta name=\"twitter:label1\" content=\"Tempo estimado de leitura\" \/>\n\t<meta name=\"twitter:data1\" content=\"3 minutos\" \/>\n<script type=\"application\/ld+json\" class=\"yoast-schema-graph\">{\"@context\":\"https:\\\/\\\/schema.org\",\"@graph\":[{\"@type\":\"WebPage\",\"@id\":\"https:\\\/\\\/auslaenderaemter.com\\\/fiktionsbescheinigung\\\/\",\"url\":\"https:\\\/\\\/auslaenderaemter.com\\\/fiktionsbescheinigung\\\/\",\"name\":\"Die Fiktionsbescheinigung - auslaenderaemter.com\",\"isPartOf\":{\"@id\":\"https:\\\/\\\/auslaenderaemter.com\\\/#website\"},\"primaryImageOfPage\":{\"@id\":\"https:\\\/\\\/auslaenderaemter.com\\\/fiktionsbescheinigung\\\/#primaryimage\"},\"image\":{\"@id\":\"https:\\\/\\\/auslaenderaemter.com\\\/fiktionsbescheinigung\\\/#primaryimage\"},\"thumbnailUrl\":\"https:\\\/\\\/auslaenderaemter.com\\\/wp-content\\\/uploads\\\/2021\\\/03\\\/IMG_5064-min-e1615834936619.png\",\"datePublished\":\"2021-03-15T19:27:21+00:00\",\"dateModified\":\"2021-03-15T20:29:27+00:00\",\"description\":\"Eine Fiktionsbescheinigung fungiert als Nachweis eines vorl\u00e4ufigen Aufenthaltsrechts f\u00fcr in Deutschland lebende Ausl\u00e4nder.\",\"breadcrumb\":{\"@id\":\"https:\\\/\\\/auslaenderaemter.com\\\/fiktionsbescheinigung\\\/#breadcrumb\"},\"inLanguage\":\"pt-PT\",\"potentialAction\":[{\"@type\":\"ReadAction\",\"target\":[\"https:\\\/\\\/auslaenderaemter.com\\\/fiktionsbescheinigung\\\/\"]}]},{\"@type\":\"ImageObject\",\"inLanguage\":\"pt-PT\",\"@id\":\"https:\\\/\\\/auslaenderaemter.com\\\/fiktionsbescheinigung\\\/#primaryimage\",\"url\":\"https:\\\/\\\/auslaenderaemter.com\\\/wp-content\\\/uploads\\\/2021\\\/03\\\/IMG_5064-min-e1615834936619.png\",\"contentUrl\":\"https:\\\/\\\/auslaenderaemter.com\\\/wp-content\\\/uploads\\\/2021\\\/03\\\/IMG_5064-min-e1615834936619.png\",\"width\":600,\"height\":338,\"caption\":\"Fiktionsbescheinigung\"},{\"@type\":\"BreadcrumbList\",\"@id\":\"https:\\\/\\\/auslaenderaemter.com\\\/fiktionsbescheinigung\\\/#breadcrumb\",\"itemListElement\":[{\"@type\":\"ListItem\",\"position\":1,\"name\":\"Startseite\",\"item\":\"https:\\\/\\\/auslaenderaemter.com\\\/\"},{\"@type\":\"ListItem\",\"position\":2,\"name\":\"Fiktionsbescheinigung\"}]},{\"@type\":\"WebSite\",\"@id\":\"https:\\\/\\\/auslaenderaemter.com\\\/#website\",\"url\":\"https:\\\/\\\/auslaenderaemter.com\\\/\",\"name\":\"auslaenderaemter.com\",\"description\":\"\",\"publisher\":{\"@id\":\"https:\\\/\\\/auslaenderaemter.com\\\/#organization\"},\"potentialAction\":[{\"@type\":\"SearchAction\",\"target\":{\"@type\":\"EntryPoint\",\"urlTemplate\":\"https:\\\/\\\/auslaenderaemter.com\\\/?s={search_term_string}\"},\"query-input\":{\"@type\":\"PropertyValueSpecification\",\"valueRequired\":true,\"valueName\":\"search_term_string\"}}],\"inLanguage\":\"pt-PT\"},{\"@type\":\"Organization\",\"@id\":\"https:\\\/\\\/auslaenderaemter.com\\\/#organization\",\"name\":\"auslaenderaemter.com\",\"url\":\"https:\\\/\\\/auslaenderaemter.com\\\/\",\"logo\":{\"@type\":\"ImageObject\",\"inLanguage\":\"pt-PT\",\"@id\":\"https:\\\/\\\/auslaenderaemter.com\\\/#\\\/schema\\\/logo\\\/image\\\/\",\"url\":\"https:\\\/\\\/auslaenderaemter.com\\\/wp-content\\\/uploads\\\/2021\\\/01\\\/cropped-Vollmond-info-13.png\",\"contentUrl\":\"https:\\\/\\\/auslaenderaemter.com\\\/wp-content\\\/uploads\\\/2021\\\/01\\\/cropped-Vollmond-info-13.png\",\"width\":500,\"height\":117,\"caption\":\"auslaenderaemter.com\"},\"image\":{\"@id\":\"https:\\\/\\\/auslaenderaemter.com\\\/#\\\/schema\\\/logo\\\/image\\\/\"}}]}<\/script>\n<!-- \/ Yoast SEO plugin. -->","yoast_head_json":{"title":"O certificado fict\u00edcio - auslaenderaemter.com","description":"Um certificado fict\u00edcio serve como prova de um direito de resid\u00eancia provis\u00f3rio para estrangeiros que vivem na Alemanha.","robots":{"index":"index","follow":"follow","max-snippet":"max-snippet:-1","max-image-preview":"max-image-preview:large","max-video-preview":"max-video-preview:-1"},"canonical":"https:\/\/auslaenderaemter.com\/pt\/certificado-de-ficcao\/","og_locale":"pt_PT","og_type":"article","og_title":"Die Fiktionsbescheinigung - auslaenderaemter.com","og_description":"Eine Fiktionsbescheinigung fungiert als Nachweis eines vorl\u00e4ufigen Aufenthaltsrechts f\u00fcr in Deutschland lebende Ausl\u00e4nder.","og_url":"https:\/\/auslaenderaemter.com\/pt\/certificado-de-ficcao\/","og_site_name":"auslaenderaemter.com","article_modified_time":"2021-03-15T20:29:27+00:00","og_image":[{"width":600,"height":338,"url":"https:\/\/auslaenderaemter.com\/wp-content\/uploads\/2021\/03\/IMG_5064-min-e1615834936619.png","type":"image\/png"}],"twitter_card":"summary_large_image","twitter_misc":{"Tempo estimado de leitura":"3 minutos"},"schema":{"@context":"https:\/\/schema.org","@graph":[{"@type":"WebPage","@id":"https:\/\/auslaenderaemter.com\/fiktionsbescheinigung\/","url":"https:\/\/auslaenderaemter.com\/fiktionsbescheinigung\/","name":"O certificado fict\u00edcio - auslaenderaemter.com","isPartOf":{"@id":"https:\/\/auslaenderaemter.com\/#website"},"primaryImageOfPage":{"@id":"https:\/\/auslaenderaemter.com\/fiktionsbescheinigung\/#primaryimage"},"image":{"@id":"https:\/\/auslaenderaemter.com\/fiktionsbescheinigung\/#primaryimage"},"thumbnailUrl":"https:\/\/auslaenderaemter.com\/wp-content\/uploads\/2021\/03\/IMG_5064-min-e1615834936619.png","datePublished":"2021-03-15T19:27:21+00:00","dateModified":"2021-03-15T20:29:27+00:00","description":"Um certificado fict\u00edcio serve como prova de um direito de resid\u00eancia provis\u00f3rio para estrangeiros que vivem na Alemanha.","breadcrumb":{"@id":"https:\/\/auslaenderaemter.com\/fiktionsbescheinigung\/#breadcrumb"},"inLanguage":"pt-PT","potentialAction":[{"@type":"ReadAction","target":["https:\/\/auslaenderaemter.com\/fiktionsbescheinigung\/"]}]},{"@type":"ImageObject","inLanguage":"pt-PT","@id":"https:\/\/auslaenderaemter.com\/fiktionsbescheinigung\/#primaryimage","url":"https:\/\/auslaenderaemter.com\/wp-content\/uploads\/2021\/03\/IMG_5064-min-e1615834936619.png","contentUrl":"https:\/\/auslaenderaemter.com\/wp-content\/uploads\/2021\/03\/IMG_5064-min-e1615834936619.png","width":600,"height":338,"caption":"Fiktionsbescheinigung"},{"@type":"BreadcrumbList","@id":"https:\/\/auslaenderaemter.com\/fiktionsbescheinigung\/#breadcrumb","itemListElement":[{"@type":"ListItem","position":1,"name":"Startseite","item":"https:\/\/auslaenderaemter.com\/"},{"@type":"ListItem","position":2,"name":"Fiktionsbescheinigung"}]},{"@type":"WebSite","@id":"https:\/\/auslaenderaemter.com\/#website","url":"https:\/\/auslaenderaemter.com\/","name":"auslaenderaemter. com","description":"","publisher":{"@id":"https:\/\/auslaenderaemter.com\/#organization"},"potentialAction":[{"@type":"SearchAction","target":{"@type":"EntryPoint","urlTemplate":"https:\/\/auslaenderaemter.com\/?s={search_term_string}"},"query-input":{"@type":"PropertyValueSpecification","valueRequired":true,"valueName":"search_term_string"}}],"inLanguage":"pt-PT"},{"@type":"Organization","@id":"https:\/\/auslaenderaemter.com\/#organization","name":"auslaenderaemter. com","url":"https:\/\/auslaenderaemter.com\/","logo":{"@type":"ImageObject","inLanguage":"pt-PT","@id":"https:\/\/auslaenderaemter.com\/#\/schema\/logo\/image\/","url":"https:\/\/auslaenderaemter.com\/wp-content\/uploads\/2021\/01\/cropped-Vollmond-info-13.png","contentUrl":"https:\/\/auslaenderaemter.com\/wp-content\/uploads\/2021\/01\/cropped-Vollmond-info-13.png","width":500,"height":117,"caption":"auslaenderaemter.com"},"image":{"@id":"https:\/\/auslaenderaemter.com\/#\/schema\/logo\/image\/"}}]}},"_links":{"self":[{"href":"https:\/\/auslaenderaemter.com\/pt\/wp-json\/wp\/v2\/pages\/3111","targetHints":{"allow":["GET"]}}],"collection":[{"href":"https:\/\/auslaenderaemter.com\/pt\/wp-json\/wp\/v2\/pages"}],"about":[{"href":"https:\/\/auslaenderaemter.com\/pt\/wp-json\/wp\/v2\/types\/page"}],"author":[{"embeddable":true,"href":"https:\/\/auslaenderaemter.com\/pt\/wp-json\/wp\/v2\/users\/1"}],"replies":[{"embeddable":true,"href":"https:\/\/auslaenderaemter.com\/pt\/wp-json\/wp\/v2\/comments?post=3111"}],"version-history":[{"count":0,"href":"https:\/\/auslaenderaemter.com\/pt\/wp-json\/wp\/v2\/pages\/3111\/revisions"}],"wp:featuredmedia":[{"embeddable":true,"href":"https:\/\/auslaenderaemter.com\/pt\/wp-json\/wp\/v2\/media\/3120"}],"wp:attachment":[{"href":"https:\/\/auslaenderaemter.com\/pt\/wp-json\/wp\/v2\/media?parent=3111"}],"curies":[{"name":"wp","href":"https:\/\/api.w.org\/{rel}","templated":true}]}}