{"id":3114,"date":"2021-03-15T20:52:29","date_gmt":"2021-03-15T19:52:29","guid":{"rendered":"https:\/\/auslaenderaemter.com\/?page_id=3114"},"modified":"2023-06-12T16:54:25","modified_gmt":"2023-06-12T14:54:25","slug":"aufenthaltstitel","status":"publish","type":"page","link":"https:\/\/auslaenderaemter.com\/pt\/permissao-de-residencia-2\/","title":{"rendered":"permiss\u00e3o de resid\u00eancia"},"content":{"rendered":"<p><img fetchpriority=\"high\" decoding=\"async\" class=\"aligncenter wp-image-3152 size-full\" src=\"https:\/\/auslaenderaemter.com\/wp-content\/uploads\/2021\/03\/Zwischen\u00fcberschrift-hinzu F\u00fcgen-1.png\" alt=\"permiss\u00e3o de resid\u00eancia\" width=\"600\" height=\"400\" srcset=\"\" sizes=\"(max-width: 600px) 100vw, 600px\" data-srcset=\"\" \/><\/p>\n<p>Qualquer pessoa que pretenda entrar na Alemanha como cidad\u00e3o estrangeiro ou como cidad\u00e3o de um pa\u00eds n\u00e3o pertencente \u00e0 UE geralmente precisa de uma autoriza\u00e7\u00e3o para faz\u00ea-lo. Esta autoriza\u00e7\u00e3o assume a forma de uma autoriza\u00e7\u00e3o de resid\u00eancia. Total l\u00e1<strong> sete diferentes <\/strong>permiss\u00e3o de resid\u00eancia<strong>,<\/strong> que se baseiam, entre outras coisas, no motivo da sua estadia na Alemanha. Mas qual a forma de autoriza\u00e7\u00e3o de resid\u00eancia mais adequada para si e quais existem de facto?<\/p>\n<h2>Encontre a autoriza\u00e7\u00e3o de resid\u00eancia certa<\/h2>\n<p>Em princ\u00edpio, uma autoriza\u00e7\u00e3o de resid\u00eancia confere ao nacional de um pa\u00eds terceiro o direito de residir na Alemanha. Um pa\u00eds terceiro significa todos os pa\u00edses que <a href=\"https:\/\/ec.europa.eu\/taxation_customs\/business\/calculation-customs-duties\/rules-origin\/introduction\/list-noneu-countries_de\" target=\"_blank\" rel=\"noopener\">n\u00e3o pertencem \u00e0 Uni\u00e3o Europeia<\/a>. Os sete t\u00edtulos existentes diferem principalmente em termos de sua finalidade, seu per\u00edodo de validade e seus requisitos.<\/p>\n<p>A principal pergunta que voc\u00ea precisa fazer em rela\u00e7\u00e3o \u00e0 autoriza\u00e7\u00e3o de resid\u00eancia certa \u00e9 por que voc\u00ea est\u00e1 viajando para a Alemanha. Por exemplo, se voc\u00ea gostaria de ficar por um per\u00edodo de tempo limitado e comparativamente curto, por exemplo, para f\u00e9rias, um semestre de convidado ou uma visita, ent\u00e3o voc\u00ea precisa de um visto. Se voc\u00ea planeja permanecer na Alemanha para fins de treinamento, emprego ou por motivos humanit\u00e1rios ou pol\u00edticos, o <a href=\"https:\/\/auslaenderaemter.com\/pt\/permissao-de-residencia\/\">permiss\u00e3o de resid\u00eancia<\/a> a autoriza\u00e7\u00e3o de resid\u00eancia certa para voc\u00ea. A autoriza\u00e7\u00e3o de resid\u00eancia \u00e9 sempre emitida para um fim espec\u00edfico.<\/p>\n<p>Em conex\u00e3o com motivos profissionais para permanecer na Alemanha, existe tamb\u00e9m o EU Blue Card ou o ICT Card. Se voc\u00ea deseja viver permanentemente na Alemanha ou na UE, voc\u00ea precisa de um <a href=\"https:\/\/auslaenderaemter.com\/pt\/autorizacao-de-residencia-permanente\/\">autoriza\u00e7\u00e3o de residencia permanente<\/a> ou uma autoriza\u00e7\u00e3o de resid\u00eancia permanente.<\/p>\n<p><strong>Estas autoriza\u00e7\u00f5es de resid\u00eancia est\u00e3o dispon\u00edveis na Alemanha:<\/strong><\/p>\n<ul>\n<li>a autoriza\u00e7\u00e3o de resid\u00eancia<\/li>\n<li>Permiss\u00e3o para resid\u00eancia permanente na UE<\/li>\n<li>o Cart\u00e3o Azul da UE<\/li>\n<li>a licen\u00e7a de liquida\u00e7\u00e3o<\/li>\n<li>o cart\u00e3o de TIC<\/li>\n<li>o cart\u00e3o TIC m\u00f3vel<\/li>\n<li>o visto<\/li>\n<\/ul>\n<h2>A autoriza\u00e7\u00e3o de resid\u00eancia eletr\u00f4nica (eAT)<\/h2>\n<p>Uma autoriza\u00e7\u00e3o de resid\u00eancia eletr\u00f4nica (eAT) \u00e9 um documento emitido em formato de cart\u00e3o de cr\u00e9dito no qual seus dados pessoais, suas caracter\u00edsticas biom\u00e9tricas e quaisquer condi\u00e7\u00f5es s\u00e3o armazenados por meio de um meio de armazenamento eletr\u00f4nico. Devido a estas propriedades, a autoriza\u00e7\u00e3o de resid\u00eancia eletr\u00f3nica tamb\u00e9m pode ser utilizada como documento online, por exemplo para fazer uso de servi\u00e7os oficiais ou comerciais.<\/p>\n<p>Desde 2011, as autoriza\u00e7\u00f5es de resid\u00eancia geralmente s\u00e3o emitidas apenas em formato eletr\u00f4nico.<\/p>\n<ul>\n<li><strong>Voc\u00ea est\u00e1 esperando visitantes do exterior?<\/strong> Com um <a href=\"https:\/\/auslaenderaemter.com\/pt\/seguro-para-hospedes-estrangeiros\/\">Seguro para h\u00f3spedes estrangeiros<\/a>\u00a0voc\u00ea est\u00e1 totalmente protegido na Alemanha e na Europa.<\/li>\n<\/ul>\n<h3>Mais longe<span class=\"ez-toc-section\">\u00a0<\/span>links e fontes<\/h3>\n<ul>\n<li><a href=\"https:\/\/auslaenderaemter.com\/pt\/\" data-wpel-link=\"internal\">Escrit\u00f3rios de Imigra\u00e7\u00e3o na Alemanha<\/a><\/li>\n<li><a href=\"https:\/\/auslaenderaemter.com\/pt\/certificado-de-ficcao\/\">certificado de fic\u00e7\u00e3o<\/a><\/li>\n<\/ul>","protected":false},"excerpt":{"rendered":"<p>Qualquer pessoa que queira entrar na Alemanha como estrangeiro ou como cidad\u00e3o de um pa\u00eds n\u00e3o pertencente \u00e0 UE geralmente precisa de uma autoriza\u00e7\u00e3o. Esta autoriza\u00e7\u00e3o assume a forma da chamada autoriza\u00e7\u00e3o de resid\u00eancia. H\u00e1 um total de sete autoriza\u00e7\u00f5es de resid\u00eancia diferentes, que dependem, entre outras coisas, do motivo da sua estadia na Alemanha. Mas qual forma de autoriza\u00e7\u00e3o de resid\u00eancia \u00e9 ideal para voc\u00ea\u2026&nbsp;<a href=\"https:\/\/auslaenderaemter.com\/pt\/permissao-de-residencia-2\/\" rel=\"bookmark\">Leia mais \u00bb<span class=\"screen-reader-text\">permiss\u00e3o de resid\u00eancia<\/span><\/a><\/p>","protected":false},"author":1,"featured_media":3152,"parent":0,"menu_order":0,"comment_status":"closed","ping_status":"closed","template":"","meta":{"neve_meta_sidebar":"full-width","neve_meta_container":"","neve_meta_enable_content_width":"on","neve_meta_content_width":100,"neve_meta_title_alignment":"","neve_meta_author_avatar":"","neve_post_elements_order":"","neve_meta_disable_header":"","neve_meta_disable_footer":"","neve_meta_disable_title":"","neve_meta_reading_time":"","footnotes":""},"class_list":["post-3114","page","type-page","status-publish","has-post-thumbnail","hentry"],"yoast_head":"<!-- This site is optimized with the Yoast SEO plugin v27.3 - https:\/\/yoast.com\/product\/yoast-seo-wordpress\/ -->\n<title>Den passenden Aufenthaltstitel finden - auslaenderaemter.com<\/title>\n<meta name=\"description\" content=\"Ein Aufenthaltstitel berechtigt den Angeh\u00f6rigen eines Drittstaates dazu, sich in Deutschland aufzuhalten. Doch welcher ist der passende?\" \/>\n<meta name=\"robots\" content=\"index, follow, max-snippet:-1, max-image-preview:large, max-video-preview:-1\" \/>\n<link rel=\"canonical\" href=\"https:\/\/auslaenderaemter.com\/pt\/permissao-de-residencia-2\/\" \/>\n<meta property=\"og:locale\" content=\"pt_PT\" \/>\n<meta property=\"og:type\" content=\"article\" \/>\n<meta property=\"og:title\" content=\"Den passenden Aufenthaltstitel finden - auslaenderaemter.com\" \/>\n<meta property=\"og:description\" content=\"Ein Aufenthaltstitel berechtigt den Angeh\u00f6rigen eines Drittstaates dazu, sich in Deutschland aufzuhalten. Doch welcher ist der passende?\" \/>\n<meta property=\"og:url\" content=\"https:\/\/auslaenderaemter.com\/pt\/permissao-de-residencia-2\/\" \/>\n<meta property=\"og:site_name\" content=\"auslaenderaemter.com\" \/>\n<meta property=\"article:modified_time\" content=\"2023-06-12T14:54:25+00:00\" \/>\n<meta property=\"og:image\" content=\"https:\/\/auslaenderaemter.com\/wp-content\/uploads\/2021\/03\/Zwischenu\u0308berschrift-hinzufu\u0308gen-1.png\" \/>\n\t<meta property=\"og:image:width\" content=\"600\" \/>\n\t<meta property=\"og:image:height\" content=\"400\" \/>\n\t<meta property=\"og:image:type\" content=\"image\/png\" \/>\n<meta name=\"twitter:card\" content=\"summary_large_image\" \/>\n<meta name=\"twitter:label1\" content=\"Tempo estimado de leitura\" \/>\n\t<meta name=\"twitter:data1\" content=\"3 minutos\" \/>\n<script type=\"application\/ld+json\" class=\"yoast-schema-graph\">{\"@context\":\"https:\\\/\\\/schema.org\",\"@graph\":[{\"@type\":\"WebPage\",\"@id\":\"https:\\\/\\\/auslaenderaemter.com\\\/aufenthaltstitel\\\/\",\"url\":\"https:\\\/\\\/auslaenderaemter.com\\\/aufenthaltstitel\\\/\",\"name\":\"Den passenden Aufenthaltstitel finden - auslaenderaemter.com\",\"isPartOf\":{\"@id\":\"https:\\\/\\\/auslaenderaemter.com\\\/#website\"},\"primaryImageOfPage\":{\"@id\":\"https:\\\/\\\/auslaenderaemter.com\\\/aufenthaltstitel\\\/#primaryimage\"},\"image\":{\"@id\":\"https:\\\/\\\/auslaenderaemter.com\\\/aufenthaltstitel\\\/#primaryimage\"},\"thumbnailUrl\":\"https:\\\/\\\/auslaenderaemter.com\\\/wp-content\\\/uploads\\\/2021\\\/03\\\/Zwischenu\u0308berschrift-hinzufu\u0308gen-1.png\",\"datePublished\":\"2021-03-15T19:52:29+00:00\",\"dateModified\":\"2023-06-12T14:54:25+00:00\",\"description\":\"Ein Aufenthaltstitel berechtigt den Angeh\u00f6rigen eines Drittstaates dazu, sich in Deutschland aufzuhalten. Doch welcher ist der passende?\",\"breadcrumb\":{\"@id\":\"https:\\\/\\\/auslaenderaemter.com\\\/aufenthaltstitel\\\/#breadcrumb\"},\"inLanguage\":\"pt-PT\",\"potentialAction\":[{\"@type\":\"ReadAction\",\"target\":[\"https:\\\/\\\/auslaenderaemter.com\\\/aufenthaltstitel\\\/\"]}]},{\"@type\":\"ImageObject\",\"inLanguage\":\"pt-PT\",\"@id\":\"https:\\\/\\\/auslaenderaemter.com\\\/aufenthaltstitel\\\/#primaryimage\",\"url\":\"https:\\\/\\\/auslaenderaemter.com\\\/wp-content\\\/uploads\\\/2021\\\/03\\\/Zwischenu\u0308berschrift-hinzufu\u0308gen-1.png\",\"contentUrl\":\"https:\\\/\\\/auslaenderaemter.com\\\/wp-content\\\/uploads\\\/2021\\\/03\\\/Zwischenu\u0308berschrift-hinzufu\u0308gen-1.png\",\"width\":600,\"height\":400,\"caption\":\"Aufenthaltstitel\"},{\"@type\":\"BreadcrumbList\",\"@id\":\"https:\\\/\\\/auslaenderaemter.com\\\/aufenthaltstitel\\\/#breadcrumb\",\"itemListElement\":[{\"@type\":\"ListItem\",\"position\":1,\"name\":\"Startseite\",\"item\":\"https:\\\/\\\/auslaenderaemter.com\\\/\"},{\"@type\":\"ListItem\",\"position\":2,\"name\":\"Aufenthaltstitel\"}]},{\"@type\":\"WebSite\",\"@id\":\"https:\\\/\\\/auslaenderaemter.com\\\/#website\",\"url\":\"https:\\\/\\\/auslaenderaemter.com\\\/\",\"name\":\"auslaenderaemter.com\",\"description\":\"\",\"publisher\":{\"@id\":\"https:\\\/\\\/auslaenderaemter.com\\\/#organization\"},\"potentialAction\":[{\"@type\":\"SearchAction\",\"target\":{\"@type\":\"EntryPoint\",\"urlTemplate\":\"https:\\\/\\\/auslaenderaemter.com\\\/?s={search_term_string}\"},\"query-input\":{\"@type\":\"PropertyValueSpecification\",\"valueRequired\":true,\"valueName\":\"search_term_string\"}}],\"inLanguage\":\"pt-PT\"},{\"@type\":\"Organization\",\"@id\":\"https:\\\/\\\/auslaenderaemter.com\\\/#organization\",\"name\":\"auslaenderaemter.com\",\"url\":\"https:\\\/\\\/auslaenderaemter.com\\\/\",\"logo\":{\"@type\":\"ImageObject\",\"inLanguage\":\"pt-PT\",\"@id\":\"https:\\\/\\\/auslaenderaemter.com\\\/#\\\/schema\\\/logo\\\/image\\\/\",\"url\":\"https:\\\/\\\/auslaenderaemter.com\\\/wp-content\\\/uploads\\\/2021\\\/01\\\/cropped-Vollmond-info-13.png\",\"contentUrl\":\"https:\\\/\\\/auslaenderaemter.com\\\/wp-content\\\/uploads\\\/2021\\\/01\\\/cropped-Vollmond-info-13.png\",\"width\":500,\"height\":117,\"caption\":\"auslaenderaemter.com\"},\"image\":{\"@id\":\"https:\\\/\\\/auslaenderaemter.com\\\/#\\\/schema\\\/logo\\\/image\\\/\"}}]}<\/script>\n<!-- \/ Yoast SEO plugin. -->","yoast_head_json":{"title":"Encontre a autoriza\u00e7\u00e3o de resid\u00eancia certa - auslaenderaemter.com","description":"Uma autoriza\u00e7\u00e3o de resid\u00eancia confere ao nacional de um pa\u00eds terceiro o direito de residir na Alemanha. Mas qual \u00e9 o certo?","robots":{"index":"index","follow":"follow","max-snippet":"max-snippet:-1","max-image-preview":"max-image-preview:large","max-video-preview":"max-video-preview:-1"},"canonical":"https:\/\/auslaenderaemter.com\/pt\/permissao-de-residencia-2\/","og_locale":"pt_PT","og_type":"article","og_title":"Den passenden Aufenthaltstitel finden - auslaenderaemter.com","og_description":"Ein Aufenthaltstitel berechtigt den Angeh\u00f6rigen eines Drittstaates dazu, sich in Deutschland aufzuhalten. Doch welcher ist der passende?","og_url":"https:\/\/auslaenderaemter.com\/pt\/permissao-de-residencia-2\/","og_site_name":"auslaenderaemter.com","article_modified_time":"2023-06-12T14:54:25+00:00","og_image":[{"width":600,"height":400,"url":"https:\/\/auslaenderaemter.com\/wp-content\/uploads\/2021\/03\/Zwischenu\u0308berschrift-hinzufu\u0308gen-1.png","type":"image\/png"}],"twitter_card":"summary_large_image","twitter_misc":{"Tempo estimado de leitura":"3 minutos"},"schema":{"@context":"https:\/\/schema.org","@graph":[{"@type":"WebPage","@id":"https:\/\/auslaenderaemter.com\/aufenthaltstitel\/","url":"https:\/\/auslaenderaemter.com\/aufenthaltstitel\/","name":"Encontre a autoriza\u00e7\u00e3o de resid\u00eancia certa - auslaenderaemter.com","isPartOf":{"@id":"https:\/\/auslaenderaemter.com\/#website"},"primaryImageOfPage":{"@id":"https:\/\/auslaenderaemter.com\/aufenthaltstitel\/#primaryimage"},"image":{"@id":"https:\/\/auslaenderaemter.com\/aufenthaltstitel\/#primaryimage"},"thumbnailUrl":"https:\/\/auslaenderaemter.com\/wp-content\/uploads\/2021\/03\/Zwischenu\u0308berschrift-hinzufu\u0308gen-1.png","datePublished":"2021-03-15T19:52:29+00:00","dateModified":"2023-06-12T14:54:25+00:00","description":"Uma autoriza\u00e7\u00e3o de resid\u00eancia confere ao nacional de um pa\u00eds terceiro o direito de residir na Alemanha. Mas qual \u00e9 o certo?","breadcrumb":{"@id":"https:\/\/auslaenderaemter.com\/aufenthaltstitel\/#breadcrumb"},"inLanguage":"pt-PT","potentialAction":[{"@type":"ReadAction","target":["https:\/\/auslaenderaemter.com\/aufenthaltstitel\/"]}]},{"@type":"ImageObject","inLanguage":"pt-PT","@id":"https:\/\/auslaenderaemter.com\/aufenthaltstitel\/#primaryimage","url":"https:\/\/auslaenderaemter.com\/wp-content\/uploads\/2021\/03\/Zwischenu\u0308berschrift-hinzufu\u0308gen-1.png","contentUrl":"https:\/\/auslaenderaemter.com\/wp-content\/uploads\/2021\/03\/Zwischenu\u0308berschrift-hinzufu\u0308gen-1.png","width":600,"height":400,"caption":"Aufenthaltstitel"},{"@type":"BreadcrumbList","@id":"https:\/\/auslaenderaemter.com\/aufenthaltstitel\/#breadcrumb","itemListElement":[{"@type":"ListItem","position":1,"name":"Startseite","item":"https:\/\/auslaenderaemter.com\/"},{"@type":"ListItem","position":2,"name":"Aufenthaltstitel"}]},{"@type":"WebSite","@id":"https:\/\/auslaenderaemter.com\/#website","url":"https:\/\/auslaenderaemter.com\/","name":"auslaenderaemter. com","description":"","publisher":{"@id":"https:\/\/auslaenderaemter.com\/#organization"},"potentialAction":[{"@type":"SearchAction","target":{"@type":"EntryPoint","urlTemplate":"https:\/\/auslaenderaemter.com\/?s={search_term_string}"},"query-input":{"@type":"PropertyValueSpecification","valueRequired":true,"valueName":"search_term_string"}}],"inLanguage":"pt-PT"},{"@type":"Organization","@id":"https:\/\/auslaenderaemter.com\/#organization","name":"auslaenderaemter. com","url":"https:\/\/auslaenderaemter.com\/","logo":{"@type":"ImageObject","inLanguage":"pt-PT","@id":"https:\/\/auslaenderaemter.com\/#\/schema\/logo\/image\/","url":"https:\/\/auslaenderaemter.com\/wp-content\/uploads\/2021\/01\/cropped-Vollmond-info-13.png","contentUrl":"https:\/\/auslaenderaemter.com\/wp-content\/uploads\/2021\/01\/cropped-Vollmond-info-13.png","width":500,"height":117,"caption":"auslaenderaemter.com"},"image":{"@id":"https:\/\/auslaenderaemter.com\/#\/schema\/logo\/image\/"}}]}},"_links":{"self":[{"href":"https:\/\/auslaenderaemter.com\/pt\/wp-json\/wp\/v2\/pages\/3114","targetHints":{"allow":["GET"]}}],"collection":[{"href":"https:\/\/auslaenderaemter.com\/pt\/wp-json\/wp\/v2\/pages"}],"about":[{"href":"https:\/\/auslaenderaemter.com\/pt\/wp-json\/wp\/v2\/types\/page"}],"author":[{"embeddable":true,"href":"https:\/\/auslaenderaemter.com\/pt\/wp-json\/wp\/v2\/users\/1"}],"replies":[{"embeddable":true,"href":"https:\/\/auslaenderaemter.com\/pt\/wp-json\/wp\/v2\/comments?post=3114"}],"version-history":[{"count":0,"href":"https:\/\/auslaenderaemter.com\/pt\/wp-json\/wp\/v2\/pages\/3114\/revisions"}],"wp:featuredmedia":[{"embeddable":true,"href":"https:\/\/auslaenderaemter.com\/pt\/wp-json\/wp\/v2\/media\/3152"}],"wp:attachment":[{"href":"https:\/\/auslaenderaemter.com\/pt\/wp-json\/wp\/v2\/media?parent=3114"}],"curies":[{"name":"wp","href":"https:\/\/api.w.org\/{rel}","templated":true}]}}