{"id":3115,"date":"2021-03-15T21:23:27","date_gmt":"2021-03-15T20:23:27","guid":{"rendered":"https:\/\/auslaenderaemter.com\/?page_id=3115"},"modified":"2022-07-01T21:54:02","modified_gmt":"2022-07-01T19:54:02","slug":"aufenthaltserlaubnis","status":"publish","type":"page","link":"https:\/\/auslaenderaemter.com\/pt\/permissao-de-residencia\/","title":{"rendered":"permiss\u00e3o de resid\u00eancia"},"content":{"rendered":"<p><img fetchpriority=\"high\" decoding=\"async\" class=\"aligncenter wp-image-3137 size-full\" src=\"https:\/\/auslaenderaemter.com\/wp-content\/uploads\/2021\/03\/visa-3653492_640.jpg\" alt=\"permiss\u00e3o de resid\u00eancia\" width=\"640\" height=\"393\" srcset=\"https:\/\/auslaenderaemter.com\/wp-content\/uploads\/2021\/03\/visa-3653492_640.jpg 640w, https:\/\/auslaenderaemter.com\/wp-content\/uploads\/2021\/03\/visa-3653492_640-300x184.jpg 300w\" sizes=\"(max-width: 640px) 100vw, 640px\" \/><\/p>\n<p>Um dos sete t\u00edtulos de resid\u00eancia existentes na Alemanha \u00e9 a autoriza\u00e7\u00e3o de resid\u00eancia. Ser\u00e1 emitida uma autoriza\u00e7\u00e3o de resid\u00eancia <strong>tempor\u00e1rio<\/strong> e para um <strong>prop\u00f3sito espec\u00edfico<\/strong> garantido. Mas em que casos pode ser concedida uma autoriza\u00e7\u00e3o de resid\u00eancia e onde pode obter esse documento?<\/p>\n<h2>O que \u00e9 uma autoriza\u00e7\u00e3o de resid\u00eancia?<\/h2>\n<p>Na Alemanha, a autoriza\u00e7\u00e3o de resid\u00eancia \u00e9 tempor\u00e1ria <a href=\"https:\/\/auslaenderaemter.com\/pt\/permissao-de-residencia-2\/\">permiss\u00e3o de resid\u00eancia<\/a> de acordo com a Lei de Resid\u00eancia em vigor desde 2005. A autoriza\u00e7\u00e3o de resid\u00eancia \u00e9 emitida para os chamados nacionais de pa\u00edses terceiros. \u00c9 reservado e limitado.<\/p>\n<h2>requisitos<\/h2>\n<p>As autoriza\u00e7\u00f5es de resid\u00eancia s\u00e3o emitidas apenas para um fim espec\u00edfico. O objetivo disso \u00e9 definido em detalhes na Lei de Resid\u00eancia. Os artigos 16.\u00ba a 17.\u00ba da Lei de Resid\u00eancia, por exemplo, enumeram as condi\u00e7\u00f5es em que \u00e9 aprovada uma autoriza\u00e7\u00e3o de resid\u00eancia para efeitos de forma\u00e7\u00e3o.<\/p>\n<p>Os artigos 18.\u00ba e seguintes da Lei de Resid\u00eancia explicam os requisitos para a emiss\u00e3o de autoriza\u00e7\u00f5es de resid\u00eancia para trabalho remunerado. A permiss\u00e3o para permanecer na Alemanha tamb\u00e9m pode ser concedida por motivos internacionais, humanit\u00e1rios ou pol\u00edticos sob a Lei de Resid\u00eancia. Al\u00e9m disso, \u00e9 poss\u00edvel que a autoriza\u00e7\u00e3o de resid\u00eancia tempor\u00e1ria e condicionada seja concedida por motivos familiares. A base legal para isso pode ser encontrada nas Se\u00e7\u00f5es 27 a 36a da Lei de Resid\u00eancia.<\/p>\n<p>Se uma autoriza\u00e7\u00e3o de resid\u00eancia for prorrogada, isso s\u00f3 \u00e9 poss\u00edvel se as condi\u00e7\u00f5es que existiam quando a autoriza\u00e7\u00e3o foi emitida pela primeira vez ainda puderem ser confirmadas agora. No entanto, se a finalidade tempor\u00e1ria j\u00e1 tiver sido cumprida, a autoridade competente tamb\u00e9m pode recusar a prorroga\u00e7\u00e3o. Os pr\u00e9-requisitos para a prorroga\u00e7\u00e3o de autoriza\u00e7\u00f5es de resid\u00eancia podem tamb\u00e9m incluir que o requerente tenha cumprido as suas obriga\u00e7\u00f5es estatut\u00e1rias, como a conclus\u00e3o de um curso de integra\u00e7\u00e3o.<\/p>\n<h3>Quem emite a autoriza\u00e7\u00e3o de resid\u00eancia?<\/h3>\n<p>A pessoa de contacto para a emiss\u00e3o de uma autoriza\u00e7\u00e3o de resid\u00eancia \u00e9 a autoridade local <a href=\"https:\/\/auslaenderaemter.com\/pt\/\">Minist\u00e9rio das Rela\u00e7\u00f5es Exteriores<\/a>, uma vez que os estados federados s\u00e3o basicamente respons\u00e1veis pela aplica\u00e7\u00e3o das normas que regem os cidad\u00e3os estrangeiros. Voc\u00ea pode preencher os formul\u00e1rios relevantes on-line no site do Escrit\u00f3rio de Imigra\u00e7\u00e3o ou pegar o formul\u00e1rio necess\u00e1rio pessoalmente e envi\u00e1-lo ao escrit\u00f3rio por correio ap\u00f3s preench\u00ea-lo.<\/p>\n<h3>Custos<\/h3>\n<p>As taxas de emiss\u00e3o de autoriza\u00e7\u00e3o de resid\u00eancia dependem, entre outras coisas, do prazo de validade da autoriza\u00e7\u00e3o. Por exemplo, se a permiss\u00e3o for concedida por at\u00e9 <strong>um ano<\/strong> concedida, ent\u00e3o as taxas s\u00e3o anexadas <strong>100 euros<\/strong>. A autoriza\u00e7\u00e3o de resid\u00eancia tem um prazo de validade de <strong>mais<\/strong> mais de um ano, ent\u00e3o a exposi\u00e7\u00e3o custa <strong>110 euros<\/strong>. Apenas permiss\u00e3o <strong>estendido<\/strong>, ent\u00e3o os custos para isso est\u00e3o entre<strong> 65 e 80<\/strong> Euro.<\/p>\n<h3>Qual \u00e9 a diferen\u00e7a entre um t\u00edtulo de resid\u00eancia e uma autoriza\u00e7\u00e3o de resid\u00eancia?<\/h3>\n<p>Uma autoriza\u00e7\u00e3o de resid\u00eancia d\u00e1 direito a pessoas de pa\u00edses terceiros a residirem na Alemanha. Neste contexto, a autoriza\u00e7\u00e3o de resid\u00eancia \u00e9 um dos sete t\u00edtulos de resid\u00eancia existentes na Alemanha. O termo autoriza\u00e7\u00e3o de resid\u00eancia descreve um caso especial de concess\u00e3o de uma autoriza\u00e7\u00e3o de resid\u00eancia.<\/p>\n<h3>Voc\u00ea pode trabalhar com uma autoriza\u00e7\u00e3o de resid\u00eancia?<\/h3>\n<p>Se voc\u00ea recebeu uma autoriza\u00e7\u00e3o de resid\u00eancia, isso significa <strong>n\u00e3o automaticamente<\/strong>que voc\u00ea tamb\u00e9m pode trabalhar na Alemanha. Pelo contr\u00e1rio, a autoriza\u00e7\u00e3o deve conter expressamente o direito a um emprego remunerado. No entanto, este regulamento n\u00e3o se aplica a pessoas da UE ou estados do EEE ou a pessoas da Su\u00ed\u00e7a. Porque beneficiam da chamada liberdade de circula\u00e7\u00e3o dos trabalhadores.<\/p>\n<p>As autoriza\u00e7\u00f5es de resid\u00eancia s\u00e3o emitidas pela autoridade competente <strong>para o prop\u00f3sito<\/strong> <strong>de emprego<\/strong> concedido, ent\u00e3o estes sempre incluem uma permiss\u00e3o de trabalho. A autoridade competente tamb\u00e9m inclui a extens\u00e3o do emprego permitido nos documentos ou documenta em uma folha adicional.<\/p>\n<p>Existem tamb\u00e9m t\u00edtulos especiais que lhe d\u00e3o direito a permanecer na Alemanha e s\u00e3o explicitamente adaptados a uma atividade profissional. O cart\u00e3o TIC, o cart\u00e3o TIC m\u00f3vel e o cart\u00e3o azul UE devem ser mencionados neste contexto. Esses t\u00edtulos tamb\u00e9m est\u00e3o sujeitos a um limite de tempo.<\/p>\n<ul>\n<li><strong>Voc\u00ea est\u00e1 esperando visitantes do exterior?<\/strong> Com um <a href=\"https:\/\/auslaenderaemter.com\/pt\/seguro-para-hospedes-estrangeiros\/\">Seguro para h\u00f3spedes estrangeiros<\/a>\u00a0voc\u00ea est\u00e1 totalmente protegido na Alemanha e na Europa.<\/li>\n<\/ul>\n<h3>Mais longe<span class=\"ez-toc-section\">\u00a0<\/span>links e fontes<\/h3>\n<ul>\n<li><a href=\"https:\/\/www.gesetze-im-internet.de\/aufenthg_2004\/\" target=\"_blank\" rel=\"noopener\">Lei de resid\u00eancia, emprego e integra\u00e7\u00e3o de estrangeiros na Alemanha<\/a> \u2013 gesetze-im-internet.de<\/li>\n<li><a href=\"https:\/\/auslaenderaemter.com\/pt\/certificado-de-ficcao\/\">certificado de fic\u00e7\u00e3o<\/a><\/li>\n<\/ul>","protected":false},"excerpt":{"rendered":"<p>Uma das sete autoriza\u00e7\u00f5es de resid\u00eancia que existem na Alemanha \u00e9 a autoriza\u00e7\u00e3o de resid\u00eancia. A autoriza\u00e7\u00e3o de resid\u00eancia \u00e9 concedida por um per\u00edodo limitado e para uma finalidade espec\u00edfica. Mas em que casos pode ser emitida uma autoriza\u00e7\u00e3o de resid\u00eancia e onde pode obter esse documento? O que \u00e9 uma autoriza\u00e7\u00e3o de resid\u00eancia? Na Alemanha, uma autoriza\u00e7\u00e3o de resid\u00eancia \u00e9 uma autoriza\u00e7\u00e3o de resid\u00eancia tempor\u00e1ria de acordo com...&nbsp;<a href=\"https:\/\/auslaenderaemter.com\/pt\/permissao-de-residencia\/\" rel=\"bookmark\">Leia mais \u00bb<span class=\"screen-reader-text\">permiss\u00e3o de resid\u00eancia<\/span><\/a><\/p>","protected":false},"author":1,"featured_media":3137,"parent":0,"menu_order":0,"comment_status":"closed","ping_status":"closed","template":"","meta":{"neve_meta_sidebar":"","neve_meta_container":"","neve_meta_enable_content_width":"on","neve_meta_content_width":100,"neve_meta_title_alignment":"","neve_meta_author_avatar":"","neve_post_elements_order":"","neve_meta_disable_header":"","neve_meta_disable_footer":"","neve_meta_disable_title":"","neve_meta_reading_time":"","footnotes":""},"class_list":["post-3115","page","type-page","status-publish","has-post-thumbnail","hentry"],"yoast_head":"<!-- This site is optimized with the Yoast SEO plugin v27.4 - https:\/\/yoast.com\/product\/yoast-seo-wordpress\/ -->\n<title>Von wem wird die Aufenthaltserlaubnis erteilt? | auslaenderaemter.com<\/title>\n<meta name=\"description\" content=\"Ansprechpartner f\u00fcr die Erteilung einer Aufenthaltserlaubnis ist die \u00f6rtlich zust\u00e4ndige Ausl\u00e4nderbeh\u00f6rde. Auch dieser Titel unterliegen einer\" \/>\n<meta name=\"robots\" content=\"index, follow, max-snippet:-1, max-image-preview:large, max-video-preview:-1\" \/>\n<link rel=\"canonical\" href=\"https:\/\/auslaenderaemter.com\/pt\/permissao-de-residencia\/\" \/>\n<meta property=\"og:locale\" content=\"pt_PT\" \/>\n<meta property=\"og:type\" content=\"article\" \/>\n<meta property=\"og:title\" content=\"Von wem wird die Aufenthaltserlaubnis erteilt? | auslaenderaemter.com\" \/>\n<meta property=\"og:description\" content=\"Ansprechpartner f\u00fcr die Erteilung einer Aufenthaltserlaubnis ist die \u00f6rtlich zust\u00e4ndige Ausl\u00e4nderbeh\u00f6rde. Auch dieser Titel unterliegen einer\" \/>\n<meta property=\"og:url\" content=\"https:\/\/auslaenderaemter.com\/pt\/permissao-de-residencia\/\" \/>\n<meta property=\"og:site_name\" content=\"auslaenderaemter.com\" \/>\n<meta property=\"article:modified_time\" content=\"2022-07-01T19:54:02+00:00\" \/>\n<meta property=\"og:image\" content=\"https:\/\/auslaenderaemter.com\/wp-content\/uploads\/2021\/03\/visa-3653492_640.jpg\" \/>\n\t<meta property=\"og:image:width\" content=\"640\" \/>\n\t<meta property=\"og:image:height\" content=\"393\" \/>\n\t<meta property=\"og:image:type\" content=\"image\/jpeg\" \/>\n<meta name=\"twitter:card\" content=\"summary_large_image\" \/>\n<meta name=\"twitter:label1\" content=\"Tempo estimado de leitura\" \/>\n\t<meta name=\"twitter:data1\" content=\"3 minutos\" \/>\n<script type=\"application\/ld+json\" class=\"yoast-schema-graph\">{\"@context\":\"https:\\\/\\\/schema.org\",\"@graph\":[{\"@type\":\"WebPage\",\"@id\":\"https:\\\/\\\/auslaenderaemter.com\\\/aufenthaltserlaubnis\\\/\",\"url\":\"https:\\\/\\\/auslaenderaemter.com\\\/aufenthaltserlaubnis\\\/\",\"name\":\"Von wem wird die Aufenthaltserlaubnis erteilt? | auslaenderaemter.com\",\"isPartOf\":{\"@id\":\"https:\\\/\\\/auslaenderaemter.com\\\/#website\"},\"primaryImageOfPage\":{\"@id\":\"https:\\\/\\\/auslaenderaemter.com\\\/aufenthaltserlaubnis\\\/#primaryimage\"},\"image\":{\"@id\":\"https:\\\/\\\/auslaenderaemter.com\\\/aufenthaltserlaubnis\\\/#primaryimage\"},\"thumbnailUrl\":\"https:\\\/\\\/auslaenderaemter.com\\\/wp-content\\\/uploads\\\/2021\\\/03\\\/visa-3653492_640.jpg\",\"datePublished\":\"2021-03-15T20:23:27+00:00\",\"dateModified\":\"2022-07-01T19:54:02+00:00\",\"description\":\"Ansprechpartner f\u00fcr die Erteilung einer Aufenthaltserlaubnis ist die \u00f6rtlich zust\u00e4ndige Ausl\u00e4nderbeh\u00f6rde. Auch dieser Titel unterliegen einer\",\"breadcrumb\":{\"@id\":\"https:\\\/\\\/auslaenderaemter.com\\\/aufenthaltserlaubnis\\\/#breadcrumb\"},\"inLanguage\":\"pt-PT\",\"potentialAction\":[{\"@type\":\"ReadAction\",\"target\":[\"https:\\\/\\\/auslaenderaemter.com\\\/aufenthaltserlaubnis\\\/\"]}]},{\"@type\":\"ImageObject\",\"inLanguage\":\"pt-PT\",\"@id\":\"https:\\\/\\\/auslaenderaemter.com\\\/aufenthaltserlaubnis\\\/#primaryimage\",\"url\":\"https:\\\/\\\/auslaenderaemter.com\\\/wp-content\\\/uploads\\\/2021\\\/03\\\/visa-3653492_640.jpg\",\"contentUrl\":\"https:\\\/\\\/auslaenderaemter.com\\\/wp-content\\\/uploads\\\/2021\\\/03\\\/visa-3653492_640.jpg\",\"width\":640,\"height\":393,\"caption\":\"Aufenthaltserlaubnis\"},{\"@type\":\"BreadcrumbList\",\"@id\":\"https:\\\/\\\/auslaenderaemter.com\\\/aufenthaltserlaubnis\\\/#breadcrumb\",\"itemListElement\":[{\"@type\":\"ListItem\",\"position\":1,\"name\":\"Startseite\",\"item\":\"https:\\\/\\\/auslaenderaemter.com\\\/\"},{\"@type\":\"ListItem\",\"position\":2,\"name\":\"Aufenthaltserlaubnis\"}]},{\"@type\":\"WebSite\",\"@id\":\"https:\\\/\\\/auslaenderaemter.com\\\/#website\",\"url\":\"https:\\\/\\\/auslaenderaemter.com\\\/\",\"name\":\"auslaenderaemter.com\",\"description\":\"\",\"publisher\":{\"@id\":\"https:\\\/\\\/auslaenderaemter.com\\\/#organization\"},\"potentialAction\":[{\"@type\":\"SearchAction\",\"target\":{\"@type\":\"EntryPoint\",\"urlTemplate\":\"https:\\\/\\\/auslaenderaemter.com\\\/?s={search_term_string}\"},\"query-input\":{\"@type\":\"PropertyValueSpecification\",\"valueRequired\":true,\"valueName\":\"search_term_string\"}}],\"inLanguage\":\"pt-PT\"},{\"@type\":\"Organization\",\"@id\":\"https:\\\/\\\/auslaenderaemter.com\\\/#organization\",\"name\":\"auslaenderaemter.com\",\"url\":\"https:\\\/\\\/auslaenderaemter.com\\\/\",\"logo\":{\"@type\":\"ImageObject\",\"inLanguage\":\"pt-PT\",\"@id\":\"https:\\\/\\\/auslaenderaemter.com\\\/#\\\/schema\\\/logo\\\/image\\\/\",\"url\":\"https:\\\/\\\/auslaenderaemter.com\\\/wp-content\\\/uploads\\\/2021\\\/01\\\/cropped-Vollmond-info-13.png\",\"contentUrl\":\"https:\\\/\\\/auslaenderaemter.com\\\/wp-content\\\/uploads\\\/2021\\\/01\\\/cropped-Vollmond-info-13.png\",\"width\":500,\"height\":117,\"caption\":\"auslaenderaemter.com\"},\"image\":{\"@id\":\"https:\\\/\\\/auslaenderaemter.com\\\/#\\\/schema\\\/logo\\\/image\\\/\"}}]}<\/script>\n<!-- \/ Yoast SEO plugin. -->","yoast_head_json":{"title":"Quem emite a autoriza\u00e7\u00e3o de resid\u00eancia? | auslaenderaemter. com","description":"A pessoa de contacto para a emiss\u00e3o de uma autoriza\u00e7\u00e3o de resid\u00eancia \u00e9 a autoridade local de estrangeiros. Este t\u00edtulo tamb\u00e9m est\u00e1 sujeito a","robots":{"index":"index","follow":"follow","max-snippet":"max-snippet:-1","max-image-preview":"max-image-preview:large","max-video-preview":"max-video-preview:-1"},"canonical":"https:\/\/auslaenderaemter.com\/pt\/permissao-de-residencia\/","og_locale":"pt_PT","og_type":"article","og_title":"Von wem wird die Aufenthaltserlaubnis erteilt? | auslaenderaemter.com","og_description":"Ansprechpartner f\u00fcr die Erteilung einer Aufenthaltserlaubnis ist die \u00f6rtlich zust\u00e4ndige Ausl\u00e4nderbeh\u00f6rde. Auch dieser Titel unterliegen einer","og_url":"https:\/\/auslaenderaemter.com\/pt\/permissao-de-residencia\/","og_site_name":"auslaenderaemter.com","article_modified_time":"2022-07-01T19:54:02+00:00","og_image":[{"width":640,"height":393,"url":"https:\/\/auslaenderaemter.com\/wp-content\/uploads\/2021\/03\/visa-3653492_640.jpg","type":"image\/jpeg"}],"twitter_card":"summary_large_image","twitter_misc":{"Tempo estimado de leitura":"3 minutos"},"schema":{"@context":"https:\/\/schema.org","@graph":[{"@type":"WebPage","@id":"https:\/\/auslaenderaemter.com\/aufenthaltserlaubnis\/","url":"https:\/\/auslaenderaemter.com\/aufenthaltserlaubnis\/","name":"Quem emite a autoriza\u00e7\u00e3o de resid\u00eancia? | auslaenderaemter. com","isPartOf":{"@id":"https:\/\/auslaenderaemter.com\/#website"},"primaryImageOfPage":{"@id":"https:\/\/auslaenderaemter.com\/aufenthaltserlaubnis\/#primaryimage"},"image":{"@id":"https:\/\/auslaenderaemter.com\/aufenthaltserlaubnis\/#primaryimage"},"thumbnailUrl":"https:\/\/auslaenderaemter.com\/wp-content\/uploads\/2021\/03\/visa-3653492_640.jpg","datePublished":"2021-03-15T20:23:27+00:00","dateModified":"2022-07-01T19:54:02+00:00","description":"A pessoa de contacto para a emiss\u00e3o de uma autoriza\u00e7\u00e3o de resid\u00eancia \u00e9 a autoridade local de estrangeiros. Este t\u00edtulo tamb\u00e9m est\u00e1 sujeito a","breadcrumb":{"@id":"https:\/\/auslaenderaemter.com\/aufenthaltserlaubnis\/#breadcrumb"},"inLanguage":"pt-PT","potentialAction":[{"@type":"ReadAction","target":["https:\/\/auslaenderaemter.com\/aufenthaltserlaubnis\/"]}]},{"@type":"ImageObject","inLanguage":"pt-PT","@id":"https:\/\/auslaenderaemter.com\/aufenthaltserlaubnis\/#primaryimage","url":"https:\/\/auslaenderaemter.com\/wp-content\/uploads\/2021\/03\/visa-3653492_640.jpg","contentUrl":"https:\/\/auslaenderaemter.com\/wp-content\/uploads\/2021\/03\/visa-3653492_640.jpg","width":640,"height":393,"caption":"Aufenthaltserlaubnis"},{"@type":"BreadcrumbList","@id":"https:\/\/auslaenderaemter.com\/aufenthaltserlaubnis\/#breadcrumb","itemListElement":[{"@type":"ListItem","position":1,"name":"Startseite","item":"https:\/\/auslaenderaemter.com\/"},{"@type":"ListItem","position":2,"name":"Aufenthaltserlaubnis"}]},{"@type":"WebSite","@id":"https:\/\/auslaenderaemter.com\/#website","url":"https:\/\/auslaenderaemter.com\/","name":"auslaenderaemter. com","description":"","publisher":{"@id":"https:\/\/auslaenderaemter.com\/#organization"},"potentialAction":[{"@type":"SearchAction","target":{"@type":"EntryPoint","urlTemplate":"https:\/\/auslaenderaemter.com\/?s={search_term_string}"},"query-input":{"@type":"PropertyValueSpecification","valueRequired":true,"valueName":"search_term_string"}}],"inLanguage":"pt-PT"},{"@type":"Organization","@id":"https:\/\/auslaenderaemter.com\/#organization","name":"auslaenderaemter. com","url":"https:\/\/auslaenderaemter.com\/","logo":{"@type":"ImageObject","inLanguage":"pt-PT","@id":"https:\/\/auslaenderaemter.com\/#\/schema\/logo\/image\/","url":"https:\/\/auslaenderaemter.com\/wp-content\/uploads\/2021\/01\/cropped-Vollmond-info-13.png","contentUrl":"https:\/\/auslaenderaemter.com\/wp-content\/uploads\/2021\/01\/cropped-Vollmond-info-13.png","width":500,"height":117,"caption":"auslaenderaemter.com"},"image":{"@id":"https:\/\/auslaenderaemter.com\/#\/schema\/logo\/image\/"}}]}},"_links":{"self":[{"href":"https:\/\/auslaenderaemter.com\/pt\/wp-json\/wp\/v2\/pages\/3115","targetHints":{"allow":["GET"]}}],"collection":[{"href":"https:\/\/auslaenderaemter.com\/pt\/wp-json\/wp\/v2\/pages"}],"about":[{"href":"https:\/\/auslaenderaemter.com\/pt\/wp-json\/wp\/v2\/types\/page"}],"author":[{"embeddable":true,"href":"https:\/\/auslaenderaemter.com\/pt\/wp-json\/wp\/v2\/users\/1"}],"replies":[{"embeddable":true,"href":"https:\/\/auslaenderaemter.com\/pt\/wp-json\/wp\/v2\/comments?post=3115"}],"version-history":[{"count":0,"href":"https:\/\/auslaenderaemter.com\/pt\/wp-json\/wp\/v2\/pages\/3115\/revisions"}],"wp:featuredmedia":[{"embeddable":true,"href":"https:\/\/auslaenderaemter.com\/pt\/wp-json\/wp\/v2\/media\/3137"}],"wp:attachment":[{"href":"https:\/\/auslaenderaemter.com\/pt\/wp-json\/wp\/v2\/media?parent=3115"}],"curies":[{"name":"wp","href":"https:\/\/api.w.org\/{rel}","templated":true}]}}