{"id":39,"date":"2021-01-26T14:24:33","date_gmt":"2021-01-26T13:24:33","guid":{"rendered":"https:\/\/auslaenderaemter.com\/?page_id=39"},"modified":"2022-07-04T15:53:43","modified_gmt":"2022-07-04T13:53:43","slug":"auslaenderaemter-in-baden-wuerttemberg","status":"publish","type":"page","link":"https:\/\/auslaenderaemter.com\/pt\/escritorios-de-imigracao-em-baden-wuerttemberg\/","title":{"rendered":"Escrit\u00f3rios de imigra\u00e7\u00e3o em Baden-W\u00fcrttemberg"},"content":{"rendered":"<p><strong>Aqui voc\u00ea encontrar\u00e1 informa\u00e7\u00f5es de contato, endere\u00e7os e hor\u00e1rios de funcionamento dos escrit\u00f3rios de imigra\u00e7\u00e3o \/ autoridades de imigra\u00e7\u00e3o - em Baden-W\u00fcrttemberg.<\/strong><\/p>\n<h2><span id=\"Uebersicht_aller_Jobcenter_in_Baden-Wuerttemberg\" class=\"ez-toc-section\">Vis\u00e3o geral de todos os escrit\u00f3rios de imigra\u00e7\u00e3o \/ autoridades de imigra\u00e7\u00e3o em Baden-W\u00fcrttemberg<\/span><\/h2>\n<ul>\n<li><a href=\"https:\/\/auslaenderaemter.com\/pt\/escritorio-de-imigracao-2\/\">aquecendo-se<\/a><\/li>\n<li><a href=\"https:\/\/auslaenderaemter.com\/pt\/escritorio-de-imigracao-albstadt\/\">Albstadt<\/a><\/li>\n<li><a href=\"https:\/\/auslaenderaemter.com\/pt\/escritorio-de-imigracao-altensteig\/\">Altenstein<\/a><\/li>\n<li><a href=\"https:\/\/auslaenderaemter.com\/pt\/escritorio-de-imigracao-backnang\/\">apoio<\/a><\/li>\n<li><a href=\"https:\/\/auslaenderaemter.com\/pt\/escritorio-de-imigracao-bad-rappenau\/\">Bad Rappenau<\/a><\/li>\n<li><a href=\"https:\/\/auslaenderaemter.com\/pt\/escritorio-de-imigracao-bad-saulgau\/\">Bad Saulgau<\/a><\/li>\n<li><a href=\"https:\/\/auslaenderaemter.com\/pt\/escritorio-de-imigracao-bad-urach\/\">Urach ruim<\/a><\/li>\n<li><a href=\"https:\/\/auslaenderaemter.com\/pt\/escritorio-de-imigracao-baden-baden\/\">Baden-Baden<\/a><\/li>\n<li><a href=\"https:\/\/auslaenderaemter.com\/pt\/escritorio-de-imigracao-balingen\/\">Balingen<\/a><\/li>\n<li><a href=\"https:\/\/auslaenderaemter.com\/pt\/escritorio-de-imigracao-biberach-an-der-riss\/\">Biberach an der Riss<\/a><\/li>\n<li><a href=\"https:\/\/auslaenderaemter.com\/pt\/escritorio-de-imigracao-bietigheim-bissingen\/\">Bietigheim-Bissingen<\/a><\/li>\n<li><a href=\"https:\/\/auslaenderaemter.com\/pt\/escritorio-de-imigracao-blaubeuren\/\">Blaubeuren<\/a><\/li>\n<li><a href=\"https:\/\/auslaenderaemter.com\/pt\/escritorio-de-imigracao-boeblingen\/\">Boeblingen<\/a><\/li>\n<li><a href=\"https:\/\/auslaenderaemter.com\/pt\/escritorio-de-imigracao-bruchsal\/\">Bruchsal<\/a><\/li>\n<li><a href=\"https:\/\/auslaenderaemter.com\/pt\/escritorio-de-imigracao-buehl\/\">Buehl<\/a><\/li>\n<li><a href=\"https:\/\/auslaenderaemter.com\/pt\/escritorio-de-imigracao-calw\/\">Calw<\/a><\/li>\n<li><a href=\"https:\/\/auslaenderaemter.com\/pt\/escritorio-de-imigracao-creglingen\/\">Creglingen<\/a><\/li>\n<li><a href=\"https:\/\/auslaenderaemter.com\/pt\/escritorio-de-imigracao-dietenheim\/\">Dietenheim<\/a><\/li>\n<li><a href=\"https:\/\/auslaenderaemter.com\/pt\/escritorio-de-imigracao-donaueschingen\/\">Donaueschingen<\/a><\/li>\n<li><a href=\"https:\/\/auslaenderaemter.com\/pt\/escritorio-de-imigracao-ehingen\/\">casamentos<\/a><\/li>\n<li><a href=\"https:\/\/auslaenderaemter.com\/pt\/escritorio-de-imigracao-eislingen\/\">Eislingen<\/a><\/li>\n<li><a href=\"https:\/\/auslaenderaemter.com\/pt\/escritorio-de-imigracao-emmendingen\/\">Emmendingen<\/a><\/li>\n<li><a href=\"https:\/\/auslaenderaemter.com\/pt\/escritorio-de-imigracao-esslingen\/\">esslingen\u00a0<\/a><\/li>\n<li><a href=\"https:\/\/auslaenderaemter.com\/pt\/escritorio-de-imigracao-ettlingen\/\">Ettlingen<\/a><\/li>\n<li><a href=\"https:\/\/auslaenderaemter.com\/pt\/escritorio-de-imigracao-fellbach\/\">Fellbach<\/a><\/li>\n<li><a href=\"https:\/\/auslaenderaemter.com\/pt\/escritorio-de-imigracao-freiburgo\/\">Friburgo<\/a><\/li>\n<li><a href=\"https:\/\/auslaenderaemter.com\/pt\/escritorio-de-imigracao-freudenstadt\/\">Freudenstadt<\/a><\/li>\n<li><a href=\"https:\/\/auslaenderaemter.com\/pt\/escritorio-de-imigracao-furtwangen-in-the-black-forest\/\">Furtwangen na Floresta Negra<\/a><\/li>\n<li><a href=\"https:\/\/auslaenderaemter.com\/pt\/escritorio-de-imigracao-gaggenau\/\">Gaggenau<\/a><\/li>\n<li><a href=\"https:\/\/auslaenderaemter.com\/pt\/escritorio-de-imigracao-gammertingen\/\">Gammertingen<\/a><\/li>\n<li><a href=\"https:\/\/auslaenderaemter.com\/pt\/ministerio-das-relacoes-exteriores-geislingen-an-der-steige\/\">Geislingen an der Steige<\/a><\/li>\n<li><a href=\"https:\/\/auslaenderaemter.com\/pt\/escritorio-de-imigracao-goeppingen\/\">Goeppingen<\/a><\/li>\n<li><a href=\"https:\/\/auslaenderaemter.com\/pt\/escritorio-de-imigracao-heibronn\/\">Heilbronn<\/a><\/li>\n<li><a href=\"https:\/\/auslaenderaemter.com\/pt\/escritorio-de-imigracao-heidelberg\/\">Heidelberg<\/a><\/li>\n<li><a href=\"https:\/\/auslaenderaemter.com\/pt\/escritorio-de-imigracao-heidenheim-an-der-brenz\/\">Heidenheim an der Brenz<\/a><\/li>\n<li><a href=\"https:\/\/auslaenderaemter.com\/pt\/ministerio-das-relacoes-exteriores-herbolzheim\/\">Herbolzheim<\/a><\/li>\n<li><a href=\"https:\/\/auslaenderaemter.com\/pt\/escritorio-de-imigracao-herrenberg\/\">Herrenberg<\/a><\/li>\n<li><a href=\"https:\/\/auslaenderaemter.com\/pt\/escritorio-de-imigracao-heubach\/\">Heubach<\/a><\/li>\n<li><a href=\"https:\/\/auslaenderaemter.com\/pt\/escritorio-de-imigracao-hockenheim\/\">Hockenheim<\/a><\/li>\n<li><a href=\"https:\/\/auslaenderaemter.com\/pt\/ministerio-das-relacoes-exteriores-horb-am-neckar\/\">Horb am Neckar<\/a><\/li>\n<li><a href=\"https:\/\/auslaenderaemter.com\/pt\/escritorio-de-imigracao-karlsruhe\/\">Karlsruhe<\/a><\/li>\n<li><a href=\"https:\/\/auslaenderaemter.com\/pt\/escritorio-de-imigracao-kehl\/\">garganta<\/a><\/li>\n<li><a href=\"https:\/\/auslaenderaemter.com\/pt\/escritorio-de-imigracao-kirchheim-unter-teck\/\">Kirchheim unter Teck<\/a><\/li>\n<li><a href=\"https:\/\/auslaenderaemter.com\/pt\/escritorio-de-imigracao-konstanz\/\">const\u00e2ncia<\/a><\/li>\n<li><a href=\"https:\/\/auslaenderaemter.com\/pt\/escritorio-de-imigracao-kornwestheim\/\">Kornwestheim<\/a><\/li>\n<li><a href=\"https:\/\/auslaenderaemter.com\/pt\/escritorio-de-imigracao-kuenzelsau\/\">K\u00fcnzelsau<\/a><\/li>\n<li><a href=\"https:\/\/auslaenderaemter.com\/pt\/escritorio-de-imigracao-langenau\/\">Langenau<\/a><\/li>\n<li><a href=\"https:\/\/auslaenderaemter.com\/pt\/colagem-de-escritorio-de-imigracao\/\">colando<\/a><\/li>\n<li><a href=\"https:\/\/auslaenderaemter.com\/pt\/escritorio-de-imigracao-leonberg\/\">Leonberg<\/a><\/li>\n<li><a href=\"https:\/\/auslaenderaemter.com\/pt\/escritorio-de-imigracao-lichtenau\/\">Lichtenau<\/a><\/li>\n<li><a href=\"https:\/\/auslaenderaemter.com\/pt\/escritorio-de-imigracao-loerrach\/\">Loerrach<\/a><\/li>\n<li><a href=\"https:\/\/auslaenderaemter.com\/pt\/escritorio-de-imigracao-ludwigsburg\/\">Ludwigsburg<\/a><\/li>\n<li><a href=\"https:\/\/auslaenderaemter.com\/pt\/escritorio-de-imigracao-mannheim\/\">Manheim<\/a><\/li>\n<li><a href=\"https:\/\/auslaenderaemter.com\/pt\/escritorio-de-imigracao-metzingen\/\">Metzingen<\/a><\/li>\n<li><a href=\"https:\/\/auslaenderaemter.com\/pt\/escritorio-de-imigracao-mosbach\/\">Mosbach<\/a><\/li>\n<li><a href=\"https:\/\/auslaenderaemter.com\/pt\/escritorio-de-imigracao-moessingen\/\">moessingen<\/a><\/li>\n<li><a href=\"https:\/\/auslaenderaemter.com\/pt\/escritorio-de-imigracao-munderkingen\/\">Munderkingen<\/a><\/li>\n<li><a href=\"https:\/\/auslaenderaemter.com\/pt\/escritorio-de-imigracao-nuertingen\/\">Nuertingen<\/a><\/li>\n<li><a href=\"https:\/\/auslaenderaemter.com\/pt\/escritorio-de-imigracao-oberkirch\/\">Oberkirch<\/a><\/li>\n<li><a href=\"https:\/\/auslaenderaemter.com\/pt\/escritorio-de-imigracao-offenburg\/\">Offenburg<\/a><\/li>\n<li><a href=\"https:\/\/auslaenderaemter.com\/pt\/escritorio-de-imigracao-ostfildern\/\">Ostfildern<\/a><\/li>\n<li><a href=\"https:\/\/auslaenderaemter.com\/pt\/escritorio-de-imigracao-pforzheim\/\">Pforzheim<\/a><\/li>\n<li><a href=\"https:\/\/auslaenderaemter.com\/pt\/escritorio-de-imigracao-radolfzell-am-bodensee\/\">Radolfzell no Lago Constan\u00e7a<\/a><\/li>\n<li><a href=\"https:\/\/auslaenderaemter.com\/pt\/escritorio-de-imigracao-rastatt\/\">Rastatt<\/a><\/li>\n<li><a href=\"https:\/\/auslaenderaemter.com\/pt\/escritorio-de-imigracao-ravensburg\/\">Ravensburg<\/a><\/li>\n<li><a href=\"https:\/\/auslaenderaemter.com\/pt\/escritorio-de-imigracao-reutlingen\/\">Reutlingen<\/a><\/li>\n<li><a href=\"https:\/\/auslaenderaemter.com\/pt\/escritorio-de-imigracao-rheinfelden\/\">Rheinfelden\u00a0<\/a><\/li>\n<li><a href=\"https:\/\/auslaenderaemter.com\/pt\/escritorio-de-imigracao-rheinstetten\/\">Rheinstetten<\/a><\/li>\n<li><a href=\"https:\/\/auslaenderaemter.com\/pt\/escritorio-de-imigracao-rottweil\/\">Rottweil<\/a><\/li>\n<li><a href=\"https:\/\/auslaenderaemter.com\/pt\/escritorio-de-imigracao-schorndorf\/\">Schorndorf<\/a><\/li>\n<li><a href=\"https:\/\/auslaenderaemter.com\/pt\/escritorio-de-imigracao-schwaebisch-gmuend\/\">Schw\u00e4bisch Gmuend<\/a><\/li>\n<li><a href=\"https:\/\/auslaenderaemter.com\/pt\/ministerio-das-relacoes-exteriores-schwaebisch-hall\/\">Sal\u00e3o Schw\u00e4bisch<\/a><\/li>\n<li><a href=\"https:\/\/auslaenderaemter.com\/pt\/escritorio-de-imigracao-schwetzingen\/\">Schwetzingen<\/a><\/li>\n<li><a href=\"https:\/\/auslaenderaemter.com\/pt\/escritorio-de-imigracao-sigmaringen\/\">an\u00e9is sigma<\/a><\/li>\n<li><a href=\"https:\/\/auslaenderaemter.com\/pt\/escritorio-de-imigracao-sindelfingen\/\">Sindelfingen<\/a><\/li>\n<li><a href=\"https:\/\/auslaenderaemter.com\/pt\/escritorio-de-imigracao-sinsheim\/\">Sinsheim<\/a><\/li>\n<li><a href=\"https:\/\/auslaenderaemter.com\/pt\/escritorio-de-imigracao-estugarda\/\">Stuttgart<\/a><\/li>\n<li><a href=\"https:\/\/auslaenderaemter.com\/pt\/escritorio-de-imigracao-tauberbischofsheim\/\">Tauberbischofsheim<\/a><\/li>\n<li><a href=\"https:\/\/auslaenderaemter.com\/pt\/escritorio-de-imigracao-tuebingen\/\">tubingen<\/a><\/li>\n<li><a href=\"https:\/\/auslaenderaemter.com\/pt\/escritorio-de-imigracao-tuttlingen\/\">Tuttlingen<\/a><\/li>\n<li><a href=\"https:\/\/auslaenderaemter.com\/pt\/escritorio-de-imigracao-villingen-schwenningen\/\">Villingen-Schwenningen<\/a><\/li>\n<li><a href=\"https:\/\/auslaenderaemter.com\/pt\/escritorio-de-imigracao-waiblingen\/\">Waiblingen<\/a><\/li>\n<li><a href=\"https:\/\/auslaenderaemter.com\/pt\/escritorio-de-imigracao-waldshut-tiengen\/\">Waldshut-Tiengen<\/a><\/li>\n<li><a href=\"https:\/\/auslaenderaemter.com\/pt\/ministerio-das-relacoes-exteriores-wangen-im-allgaeu\/\">Wangen no Allgaeu<\/a><\/li>\n<li><a href=\"https:\/\/auslaenderaemter.com\/pt\/escritorio-de-imigracao-porque-esta-no-reno\/\">Porque no Reno<\/a><\/li>\n<li><a href=\"https:\/\/auslaenderaemter.com\/pt\/escritorio-de-imigracao-por-causa-da-cidade\/\">Por causa da cidade<\/a><\/li>\n<li><a href=\"https:\/\/auslaenderaemter.com\/pt\/escritorio-de-imigracao-weingarten\/\">Vinhedo<\/a><\/li>\n<li><a href=\"https:\/\/auslaenderaemter.com\/pt\/escritorio-de-imigracao-weinheim\/\">Weinheim<\/a><\/li>\n<li><a href=\"https:\/\/auslaenderaemter.com\/pt\/escritorio-de-imigracao-wertheim\/\">Wertheim<\/a><\/li>\n<li><a href=\"https:\/\/auslaenderaemter.com\/pt\/escritorio-de-imigracao-wiesloch\/\">Wiesloch<\/a><\/li>\n<\/ul>\n<h3>Tarefas das autoridades de imigra\u00e7\u00e3o<\/h3>\n<p>As autoridades de imigra\u00e7\u00e3o s\u00e3o respons\u00e1veis pelas medidas relacionadas com a lei de resid\u00eancia e passaporte. Eles decidem de acordo com a Lei de Resid\u00eancia e as disposi\u00e7\u00f5es de outras leis de imigra\u00e7\u00e3o.<\/p>\n<p><strong>Outras tarefas e servi\u00e7os s\u00e3o:<\/strong><\/p>\n<ul>\n<li>Autoriza\u00e7\u00e3o de resid\u00eancia eletr\u00f4nica (eAT)<\/li>\n<li>Pessoa de contato para ajuda a refugiados<\/li>\n<li>visto de trabalho<\/li>\n<li>entrada\u00a0<span class=\"highlight\">e<\/span>\u00a0Hospedagem na Alemanha<\/li>\n<li>asilo<\/li>\n<li>integra\u00e7\u00e3o<\/li>\n<li>declara\u00e7\u00e3o de compromisso<\/li>\n<\/ul>\n<h3>Nomea\u00e7\u00e3o no Escrit\u00f3rio de Imigra\u00e7\u00e3o<\/h3>\n<p>Na maioria dos casos, voc\u00ea pode fazer o agendamento por telefone, pelo formul\u00e1rio de contato ou pelo portal de atendimento da respectiva cidade. Por favor, certifique-se de ter todos os documentos necess\u00e1rios antes de visitar o Escrit\u00f3rio de Imigra\u00e7\u00e3o.<\/p>\n<div class=\"su-note\"  style=\"border-color:#dadbdd;border-radius:2px;-moz-border-radius:2px;-webkit-border-radius:2px;\"><div class=\"su-note-inner su-u-clearfix su-u-trim\" style=\"background-color:#f4f5f7;border-color:#ffffff;color:#333333;border-radius:2px;-moz-border-radius:2px;-webkit-border-radius:2px;\"><strong>Um aviso:<\/strong> Para escrit\u00f3rios, autoridades ou tribunais, voc\u00ea geralmente precisa dos documentos, certid\u00f5es ou certid\u00f5es conforme <a href=\"https:\/\/auslaenderaemter.com\/pt\/traducao-certificada-para-documentos-oficiais\/\">tradu\u00e7\u00e3o juramentada<\/a>.<\/div><\/div>\n<ul>\n<li>Com um\u00a0<a href=\"https:\/\/auslaenderaemter.com\/pt\/declaracao-de-compromisso\/\" data-wpel-link=\"internal\">declara\u00e7\u00e3o de compromisso<\/a>\u00a0voc\u00ea pode permitir que visitantes do exterior entrem na Alemanha.<\/li>\n<li><strong>Voc\u00ea est\u00e1 esperando visitantes do exterior?<\/strong>\u00a0Com um\u00a0<a href=\"https:\/\/tidd.ly\/3u98xUL\" target=\"_blank\" rel=\"nofollow noopener external noreferrer\" data-wpel-link=\"external\">Seguro de sa\u00fade de viagem para h\u00f3spedes estrangeiros<\/a>* voc\u00ea est\u00e1 totalmente protegido na Alemanha e na Europa.<\/li>\n<\/ul>\n<h3>Mais longe <span class=\"ez-toc-section\">autoridades de imigra\u00e7\u00e3o <\/span>links e fontes<\/h3>\n<ul>\n<li><a href=\"https:\/\/auslaenderaemter.com\/pt\/\">Escrit\u00f3rios de Imigra\u00e7\u00e3o na Alemanha<\/a><\/li>\n<li><a href=\"https:\/\/www.bamf.de\/DE\/Startseite\/startseite_node.html\" target=\"_blank\" rel=\"noopener nofollow external noreferrer\" data-wpel-link=\"external\">Departamento Federal de Migra\u00e7\u00e3o e Refugiados<\/a>\u00a0(BAMF)<\/li>\n<\/ul>","protected":false},"excerpt":{"rendered":"<p>Aqui voc\u00ea encontrar\u00e1 informa\u00e7\u00f5es de contato, endere\u00e7os e hor\u00e1rios de funcionamento dos escrit\u00f3rios de imigra\u00e7\u00e3o\/autoridades de imigra\u00e7\u00e3o em Baden-W\u00fcrttemberg. Vis\u00e3o geral de todos os escrit\u00f3rios de imigra\u00e7\u00e3o \/ autoridades de imigra\u00e7\u00e3o em Baden-W\u00fcrttemberg Aalen Albstadt Altensteig Backnang Bad Rappenau Bad Saulgau Bad Urach Baden-Baden Balingen Biberach an der Ri\u00df Bietigheim-Bissingen Blaubeuren B\u00f6blingen Bruchsal B\u00fchl Calw Creglingen Dietenheim Donaueschingen Ehingen Eislingen Emmendingen Esslingen Ettlingen Fellbach Freiburg Freudenstadt Furt Wangen \u2026&nbsp;<a href=\"https:\/\/auslaenderaemter.com\/pt\/escritorios-de-imigracao-em-baden-wuerttemberg\/\" rel=\"bookmark\">Leia mais \u00bb<span class=\"screen-reader-text\">Escrit\u00f3rios de imigra\u00e7\u00e3o em Baden-W\u00fcrttemberg<\/span><\/a><\/p>","protected":false},"author":1,"featured_media":37,"parent":0,"menu_order":0,"comment_status":"closed","ping_status":"closed","template":"","meta":{"neve_meta_sidebar":"full-width","neve_meta_container":"","neve_meta_enable_content_width":"on","neve_meta_content_width":100,"neve_meta_title_alignment":"","neve_meta_author_avatar":"","neve_post_elements_order":"","neve_meta_disable_header":"","neve_meta_disable_footer":"","neve_meta_disable_title":"","neve_meta_reading_time":"","footnotes":""},"class_list":["post-39","page","type-page","status-publish","has-post-thumbnail","hentry"],"yoast_head":"<!-- This site is optimized with the Yoast SEO plugin v27.3 - https:\/\/yoast.com\/product\/yoast-seo-wordpress\/ -->\n<title>Ausl\u00e4nder\u00e4mter in Baden-W\u00fcrttemberg | Adressen und Anschrift<\/title>\n<meta name=\"description\" content=\"Ausl\u00e4nder\u00e4mter in Baden-W\u00fcrttemberg | Adresse und Anschrift \u2713 Telefonnummer, Kontakt und \u00d6ffnungszeiten \u2713 Ausl\u00e4nderbeh\u00f6rden\" \/>\n<meta name=\"robots\" content=\"index, follow, max-snippet:-1, max-image-preview:large, max-video-preview:-1\" \/>\n<link rel=\"canonical\" href=\"https:\/\/auslaenderaemter.com\/pt\/escritorios-de-imigracao-em-baden-wuerttemberg\/\" \/>\n<meta property=\"og:locale\" content=\"pt_PT\" \/>\n<meta property=\"og:type\" content=\"article\" \/>\n<meta property=\"og:title\" content=\"Ausl\u00e4nder\u00e4mter in Baden-W\u00fcrttemberg | Adressen und Anschrift\" \/>\n<meta property=\"og:description\" content=\"Ausl\u00e4nder\u00e4mter in Baden-W\u00fcrttemberg | Adresse und Anschrift \u2713 Telefonnummer, Kontakt und \u00d6ffnungszeiten \u2713 Ausl\u00e4nderbeh\u00f6rden\" \/>\n<meta property=\"og:url\" content=\"https:\/\/auslaenderaemter.com\/pt\/escritorios-de-imigracao-em-baden-wuerttemberg\/\" \/>\n<meta property=\"og:site_name\" content=\"auslaenderaemter.com\" \/>\n<meta property=\"article:modified_time\" content=\"2022-07-04T13:53:43+00:00\" \/>\n<meta property=\"og:image\" content=\"https:\/\/auslaenderaemter.com\/wp-content\/uploads\/2021\/01\/city-263069_640.jpg\" \/>\n\t<meta property=\"og:image:width\" content=\"640\" \/>\n\t<meta property=\"og:image:height\" content=\"480\" \/>\n\t<meta property=\"og:image:type\" content=\"image\/jpeg\" \/>\n<meta name=\"twitter:card\" content=\"summary_large_image\" \/>\n<meta name=\"twitter:label1\" content=\"Tempo estimado de leitura\" \/>\n\t<meta name=\"twitter:data1\" content=\"2 minutos\" \/>\n<script type=\"application\/ld+json\" class=\"yoast-schema-graph\">{\"@context\":\"https:\\\/\\\/schema.org\",\"@graph\":[{\"@type\":\"WebPage\",\"@id\":\"https:\\\/\\\/auslaenderaemter.com\\\/auslaenderaemter-in-baden-wuerttemberg\\\/\",\"url\":\"https:\\\/\\\/auslaenderaemter.com\\\/auslaenderaemter-in-baden-wuerttemberg\\\/\",\"name\":\"Ausl\u00e4nder\u00e4mter in Baden-W\u00fcrttemberg | Adressen und Anschrift\",\"isPartOf\":{\"@id\":\"https:\\\/\\\/auslaenderaemter.com\\\/#website\"},\"primaryImageOfPage\":{\"@id\":\"https:\\\/\\\/auslaenderaemter.com\\\/auslaenderaemter-in-baden-wuerttemberg\\\/#primaryimage\"},\"image\":{\"@id\":\"https:\\\/\\\/auslaenderaemter.com\\\/auslaenderaemter-in-baden-wuerttemberg\\\/#primaryimage\"},\"thumbnailUrl\":\"https:\\\/\\\/auslaenderaemter.com\\\/wp-content\\\/uploads\\\/2021\\\/01\\\/city-263069_640.jpg\",\"datePublished\":\"2021-01-26T13:24:33+00:00\",\"dateModified\":\"2022-07-04T13:53:43+00:00\",\"description\":\"Ausl\u00e4nder\u00e4mter in Baden-W\u00fcrttemberg | Adresse und Anschrift \u2713 Telefonnummer, Kontakt und \u00d6ffnungszeiten \u2713 Ausl\u00e4nderbeh\u00f6rden\",\"breadcrumb\":{\"@id\":\"https:\\\/\\\/auslaenderaemter.com\\\/auslaenderaemter-in-baden-wuerttemberg\\\/#breadcrumb\"},\"inLanguage\":\"pt-PT\",\"potentialAction\":[{\"@type\":\"ReadAction\",\"target\":[\"https:\\\/\\\/auslaenderaemter.com\\\/auslaenderaemter-in-baden-wuerttemberg\\\/\"]}]},{\"@type\":\"ImageObject\",\"inLanguage\":\"pt-PT\",\"@id\":\"https:\\\/\\\/auslaenderaemter.com\\\/auslaenderaemter-in-baden-wuerttemberg\\\/#primaryimage\",\"url\":\"https:\\\/\\\/auslaenderaemter.com\\\/wp-content\\\/uploads\\\/2021\\\/01\\\/city-263069_640.jpg\",\"contentUrl\":\"https:\\\/\\\/auslaenderaemter.com\\\/wp-content\\\/uploads\\\/2021\\\/01\\\/city-263069_640.jpg\",\"width\":640,\"height\":480,\"caption\":\"Ausl\u00e4nder\u00e4mter in Deutschland\"},{\"@type\":\"BreadcrumbList\",\"@id\":\"https:\\\/\\\/auslaenderaemter.com\\\/auslaenderaemter-in-baden-wuerttemberg\\\/#breadcrumb\",\"itemListElement\":[{\"@type\":\"ListItem\",\"position\":1,\"name\":\"Startseite\",\"item\":\"https:\\\/\\\/auslaenderaemter.com\\\/\"},{\"@type\":\"ListItem\",\"position\":2,\"name\":\"Ausl\u00e4nder\u00e4mter in Baden-W\u00fcrttemberg\"}]},{\"@type\":\"WebSite\",\"@id\":\"https:\\\/\\\/auslaenderaemter.com\\\/#website\",\"url\":\"https:\\\/\\\/auslaenderaemter.com\\\/\",\"name\":\"auslaenderaemter.com\",\"description\":\"\",\"publisher\":{\"@id\":\"https:\\\/\\\/auslaenderaemter.com\\\/#organization\"},\"potentialAction\":[{\"@type\":\"SearchAction\",\"target\":{\"@type\":\"EntryPoint\",\"urlTemplate\":\"https:\\\/\\\/auslaenderaemter.com\\\/?s={search_term_string}\"},\"query-input\":{\"@type\":\"PropertyValueSpecification\",\"valueRequired\":true,\"valueName\":\"search_term_string\"}}],\"inLanguage\":\"pt-PT\"},{\"@type\":\"Organization\",\"@id\":\"https:\\\/\\\/auslaenderaemter.com\\\/#organization\",\"name\":\"auslaenderaemter.com\",\"url\":\"https:\\\/\\\/auslaenderaemter.com\\\/\",\"logo\":{\"@type\":\"ImageObject\",\"inLanguage\":\"pt-PT\",\"@id\":\"https:\\\/\\\/auslaenderaemter.com\\\/#\\\/schema\\\/logo\\\/image\\\/\",\"url\":\"https:\\\/\\\/auslaenderaemter.com\\\/wp-content\\\/uploads\\\/2021\\\/01\\\/cropped-Vollmond-info-13.png\",\"contentUrl\":\"https:\\\/\\\/auslaenderaemter.com\\\/wp-content\\\/uploads\\\/2021\\\/01\\\/cropped-Vollmond-info-13.png\",\"width\":500,\"height\":117,\"caption\":\"auslaenderaemter.com\"},\"image\":{\"@id\":\"https:\\\/\\\/auslaenderaemter.com\\\/#\\\/schema\\\/logo\\\/image\\\/\"}}]}<\/script>\n<!-- \/ Yoast SEO plugin. -->","yoast_head_json":{"title":"Escrit\u00f3rios de Imigra\u00e7\u00e3o em Baden-W\u00fcrttemberg | endere\u00e7os e endere\u00e7o","description":"Escrit\u00f3rios de Imigra\u00e7\u00e3o em Baden-W\u00fcrttemberg | Morada e morada \u2713 Telefone, contacto e hor\u00e1rio de funcionamento \u2713 Autoridades de imigra\u00e7\u00e3o","robots":{"index":"index","follow":"follow","max-snippet":"max-snippet:-1","max-image-preview":"max-image-preview:large","max-video-preview":"max-video-preview:-1"},"canonical":"https:\/\/auslaenderaemter.com\/pt\/escritorios-de-imigracao-em-baden-wuerttemberg\/","og_locale":"pt_PT","og_type":"article","og_title":"Ausl\u00e4nder\u00e4mter in Baden-W\u00fcrttemberg | Adressen und Anschrift","og_description":"Ausl\u00e4nder\u00e4mter in Baden-W\u00fcrttemberg | Adresse und Anschrift \u2713 Telefonnummer, Kontakt und \u00d6ffnungszeiten \u2713 Ausl\u00e4nderbeh\u00f6rden","og_url":"https:\/\/auslaenderaemter.com\/pt\/escritorios-de-imigracao-em-baden-wuerttemberg\/","og_site_name":"auslaenderaemter.com","article_modified_time":"2022-07-04T13:53:43+00:00","og_image":[{"width":640,"height":480,"url":"https:\/\/auslaenderaemter.com\/wp-content\/uploads\/2021\/01\/city-263069_640.jpg","type":"image\/jpeg"}],"twitter_card":"summary_large_image","twitter_misc":{"Tempo estimado de leitura":"2 minutos"},"schema":{"@context":"https:\/\/schema.org","@graph":[{"@type":"WebPage","@id":"https:\/\/auslaenderaemter.com\/auslaenderaemter-in-baden-wuerttemberg\/","url":"https:\/\/auslaenderaemter.com\/auslaenderaemter-in-baden-wuerttemberg\/","name":"Escrit\u00f3rios de Imigra\u00e7\u00e3o em Baden-W\u00fcrttemberg | endere\u00e7os e endere\u00e7o","isPartOf":{"@id":"https:\/\/auslaenderaemter.com\/#website"},"primaryImageOfPage":{"@id":"https:\/\/auslaenderaemter.com\/auslaenderaemter-in-baden-wuerttemberg\/#primaryimage"},"image":{"@id":"https:\/\/auslaenderaemter.com\/auslaenderaemter-in-baden-wuerttemberg\/#primaryimage"},"thumbnailUrl":"https:\/\/auslaenderaemter.com\/wp-content\/uploads\/2021\/01\/city-263069_640.jpg","datePublished":"2021-01-26T13:24:33+00:00","dateModified":"2022-07-04T13:53:43+00:00","description":"Escrit\u00f3rios de Imigra\u00e7\u00e3o em Baden-W\u00fcrttemberg | Morada e morada \u2713 Telefone, contacto e hor\u00e1rio de funcionamento \u2713 Autoridades de imigra\u00e7\u00e3o","breadcrumb":{"@id":"https:\/\/auslaenderaemter.com\/auslaenderaemter-in-baden-wuerttemberg\/#breadcrumb"},"inLanguage":"pt-PT","potentialAction":[{"@type":"ReadAction","target":["https:\/\/auslaenderaemter.com\/auslaenderaemter-in-baden-wuerttemberg\/"]}]},{"@type":"ImageObject","inLanguage":"pt-PT","@id":"https:\/\/auslaenderaemter.com\/auslaenderaemter-in-baden-wuerttemberg\/#primaryimage","url":"https:\/\/auslaenderaemter.com\/wp-content\/uploads\/2021\/01\/city-263069_640.jpg","contentUrl":"https:\/\/auslaenderaemter.com\/wp-content\/uploads\/2021\/01\/city-263069_640.jpg","width":640,"height":480,"caption":"Ausl\u00e4nder\u00e4mter in Deutschland"},{"@type":"BreadcrumbList","@id":"https:\/\/auslaenderaemter.com\/auslaenderaemter-in-baden-wuerttemberg\/#breadcrumb","itemListElement":[{"@type":"ListItem","position":1,"name":"Startseite","item":"https:\/\/auslaenderaemter.com\/"},{"@type":"ListItem","position":2,"name":"Ausl\u00e4nder\u00e4mter in Baden-W\u00fcrttemberg"}]},{"@type":"WebSite","@id":"https:\/\/auslaenderaemter.com\/#website","url":"https:\/\/auslaenderaemter.com\/","name":"auslaenderaemter. com","description":"","publisher":{"@id":"https:\/\/auslaenderaemter.com\/#organization"},"potentialAction":[{"@type":"SearchAction","target":{"@type":"EntryPoint","urlTemplate":"https:\/\/auslaenderaemter.com\/?s={search_term_string}"},"query-input":{"@type":"PropertyValueSpecification","valueRequired":true,"valueName":"search_term_string"}}],"inLanguage":"pt-PT"},{"@type":"Organization","@id":"https:\/\/auslaenderaemter.com\/#organization","name":"auslaenderaemter. com","url":"https:\/\/auslaenderaemter.com\/","logo":{"@type":"ImageObject","inLanguage":"pt-PT","@id":"https:\/\/auslaenderaemter.com\/#\/schema\/logo\/image\/","url":"https:\/\/auslaenderaemter.com\/wp-content\/uploads\/2021\/01\/cropped-Vollmond-info-13.png","contentUrl":"https:\/\/auslaenderaemter.com\/wp-content\/uploads\/2021\/01\/cropped-Vollmond-info-13.png","width":500,"height":117,"caption":"auslaenderaemter.com"},"image":{"@id":"https:\/\/auslaenderaemter.com\/#\/schema\/logo\/image\/"}}]}},"_links":{"self":[{"href":"https:\/\/auslaenderaemter.com\/pt\/wp-json\/wp\/v2\/pages\/39","targetHints":{"allow":["GET"]}}],"collection":[{"href":"https:\/\/auslaenderaemter.com\/pt\/wp-json\/wp\/v2\/pages"}],"about":[{"href":"https:\/\/auslaenderaemter.com\/pt\/wp-json\/wp\/v2\/types\/page"}],"author":[{"embeddable":true,"href":"https:\/\/auslaenderaemter.com\/pt\/wp-json\/wp\/v2\/users\/1"}],"replies":[{"embeddable":true,"href":"https:\/\/auslaenderaemter.com\/pt\/wp-json\/wp\/v2\/comments?post=39"}],"version-history":[{"count":0,"href":"https:\/\/auslaenderaemter.com\/pt\/wp-json\/wp\/v2\/pages\/39\/revisions"}],"wp:featuredmedia":[{"embeddable":true,"href":"https:\/\/auslaenderaemter.com\/pt\/wp-json\/wp\/v2\/media\/37"}],"wp:attachment":[{"href":"https:\/\/auslaenderaemter.com\/pt\/wp-json\/wp\/v2\/media?parent=39"}],"curies":[{"name":"wp","href":"https:\/\/api.w.org\/{rel}","templated":true}]}}