{"id":4036,"date":"2023-06-12T16:26:59","date_gmt":"2023-06-12T14:26:59","guid":{"rendered":"https:\/\/auslaenderaemter.com\/?page_id=4036"},"modified":"2023-06-12T16:26:59","modified_gmt":"2023-06-12T14:26:59","slug":"aufenthaltskarte-eu","status":"publish","type":"page","link":"https:\/\/auslaenderaemter.com\/pt\/cartao-de-residencia-eu\/","title":{"rendered":"Cart\u00e3o de resid\u00eancia UE"},"content":{"rendered":"<p>O cart\u00e3o de resid\u00eancia da UE \u00e9 uma parte importante do quadro jur\u00eddico da Uni\u00e3o Europeia que permite aos familiares dos cidad\u00e3os da UE viver e trabalhar na UE. Este artigo destaca o significado do cart\u00e3o de resid\u00eancia da UE, os requisitos para a sua obten\u00e7\u00e3o e o procedimento para o solicitar.<\/p>\n<h2>O que \u00e9 o cart\u00e3o de resid\u00eancia da UE?<\/h2>\n<p>O cart\u00e3o de resid\u00eancia da UE \u00e9 um documento de identifica\u00e7\u00e3o emitido a cidad\u00e3os de pa\u00edses terceiros que sejam familiares de cidad\u00e3os da UE e vivam com eles noutro pa\u00eds da UE. Confirma o direito do titular de viver e trabalhar no pa\u00eds da UE em que o cidad\u00e3o da UE reside. O cart\u00e3o de resid\u00eancia \u00e9 normalmente v\u00e1lido por cinco anos.<\/p>\n<h2>Requisitos para o cart\u00e3o de resid\u00eancia da UE<\/h2>\n<p>Para obter um cart\u00e3o de resid\u00eancia da UE, devem ser cumpridos alguns requisitos:<\/p>\n<ol>\n<li><strong>Rela\u00e7\u00e3o familiar:<\/strong> O requerente deve ser membro da fam\u00edlia de um cidad\u00e3o da UE. Isto normalmente inclui c\u00f4njuges, parceiros registrados, filhos menores de 21 anos e familiares dependentes, incluindo pais e av\u00f3s.<\/li>\n<li><strong>Resid\u00eancia num pa\u00eds da UE:<\/strong> O cidad\u00e3o da UE com quem existe uma rela\u00e7\u00e3o familiar deve residir num pa\u00eds da UE que n\u00e3o seja o seu pa\u00eds de origem. O requerente deve viver ou pretender viver com o cidad\u00e3o da UE nesse pa\u00eds.<\/li>\n<li><strong>Prova de relacionamento:<\/strong> Dependendo do pa\u00eds e dos requisitos espec\u00edficos, poder\u00e1 ser-lhe solicitado que comprove a rela\u00e7\u00e3o familiar com documentos como certid\u00f5es de casamento, certid\u00f5es de nascimento ou documentos semelhantes.<\/li>\n<\/ol>\n<p>Observe que os requisitos exatos podem variar dependendo do pa\u00eds da UE.<\/p>\n<h2>Processo de pedido do cart\u00e3o de resid\u00eancia da UE<\/h2>\n<p>O processo de pedido de cart\u00e3o de resid\u00eancia da UE geralmente come\u00e7a com a autoridade de imigra\u00e7\u00e3o do pa\u00eds da UE em que o cidad\u00e3o da UE reside. O candidato deve preencher um requerimento e fornecer todos os documentos necess\u00e1rios que comprovem o cumprimento dos requisitos acima.<\/p>\n<p>As autoridades examinam ent\u00e3o o pedido e tomam uma decis\u00e3o. Se a decis\u00e3o for positiva, ser\u00e1 emitido ao requerente um cart\u00e3o de resid\u00eancia da UE. Em caso de indeferimento, o requerente poder\u00e1 ter o direito de recorrer ou reenviar o pedido posteriormente.<\/p>\n<h2>Conclus\u00e3o<\/h2>\n<p>O cart\u00e3o de resid\u00eancia da UE \u00e9 um instrumento importante que permite aos familiares dos cidad\u00e3os da UE viver e trabalhar juntos na UE. Proporciona seguran\u00e7a e estabilidade \u00e0s pessoas que se deslocam com as suas fam\u00edlias dentro da UE e ajuda a promover a liberdade de circula\u00e7\u00e3o dentro da UE - uma pedra angular do direito da UE. Embora o processo possa ser exigente, o cart\u00e3o de resid\u00eancia da UE oferece uma oportunidade importante para as fam\u00edlias viverem juntas e usufruirem dos benef\u00edcios de viver na UE.<\/p>\n<h3>Mais longe<span class=\"ez-toc-section\">\u00a0<\/span>links e fontes<\/h3>\n<ul>\n<li><a href=\"https:\/\/service.berlin.de\/dienstleistung\/324282\/\" target=\"_blank\" rel=\"noopener\">Cart\u00e3o de resid\u00eancia para familiares de cidad\u00e3os da UE<\/a> \u2013service.berlin.de<\/li>\n<li><a href=\"https:\/\/auslaenderaemter.com\/pt\/certificado-de-ficcao\/\" target=\"_self\" rel=\"follow noopener noreferrer\" data-wpel-link=\"internal\">certificado de fic\u00e7\u00e3o<\/a><\/li>\n<\/ul>","protected":false},"excerpt":{"rendered":"<p>O cart\u00e3o de resid\u00eancia da UE \u00e9 uma parte importante do quadro jur\u00eddico da Uni\u00e3o Europeia, que permite aos familiares dos cidad\u00e3os da UE viver e trabalhar na UE. Este artigo destaca o significado do cart\u00e3o de resid\u00eancia da UE, os requisitos para a sua obten\u00e7\u00e3o e o procedimento para o solicitar. O que \u00e9 o cart\u00e3o de resid\u00eancia da UE? O cart\u00e3o de resid\u00eancia da UE \u00e9 um\u2026&nbsp;<a href=\"https:\/\/auslaenderaemter.com\/pt\/cartao-de-residencia-eu\/\" rel=\"bookmark\">Leia mais \u00bb<span class=\"screen-reader-text\">Cart\u00e3o de resid\u00eancia UE<\/span><\/a><\/p>","protected":false},"author":1,"featured_media":9,"parent":0,"menu_order":0,"comment_status":"closed","ping_status":"closed","template":"","meta":{"neve_meta_sidebar":"","neve_meta_container":"","neve_meta_enable_content_width":"off","neve_meta_content_width":100,"neve_meta_title_alignment":"","neve_meta_author_avatar":"","neve_post_elements_order":"","neve_meta_disable_header":"","neve_meta_disable_footer":"","neve_meta_disable_title":"","neve_meta_reading_time":"","footnotes":""},"class_list":["post-4036","page","type-page","status-publish","has-post-thumbnail","hentry"],"yoast_head":"<!-- This site is optimized with the Yoast SEO plugin v27.6 - https:\/\/yoast.com\/product\/yoast-seo-wordpress\/ -->\n<title>Aufenthaltskarte EU - auslaenderaemter.com<\/title>\n<meta name=\"description\" content=\"Ein umfassender Leitfaden zur Aufenthaltskarte EU: Erl\u00e4uterung ihrer Bedeutung, Erl\u00e4uterung der Anforderungen und des Antragsverfahrens\" \/>\n<meta name=\"robots\" content=\"index, follow, max-snippet:-1, max-image-preview:large, max-video-preview:-1\" \/>\n<link rel=\"canonical\" href=\"https:\/\/auslaenderaemter.com\/pt\/cartao-de-residencia-eu\/\" \/>\n<meta property=\"og:locale\" content=\"pt_PT\" \/>\n<meta property=\"og:type\" content=\"article\" \/>\n<meta property=\"og:title\" content=\"Aufenthaltskarte EU - auslaenderaemter.com\" \/>\n<meta property=\"og:description\" content=\"Ein umfassender Leitfaden zur Aufenthaltskarte EU: Erl\u00e4uterung ihrer Bedeutung, Erl\u00e4uterung der Anforderungen und des Antragsverfahrens\" \/>\n<meta property=\"og:url\" content=\"https:\/\/auslaenderaemter.com\/pt\/cartao-de-residencia-eu\/\" \/>\n<meta property=\"og:site_name\" content=\"auslaenderaemter.com\" \/>\n<meta property=\"og:image\" content=\"https:\/\/auslaenderaemter.com\/wp-content\/uploads\/2021\/01\/Vollmond-info-13.png\" \/>\n\t<meta property=\"og:image:width\" content=\"500\" \/>\n\t<meta property=\"og:image:height\" content=\"500\" \/>\n\t<meta property=\"og:image:type\" content=\"image\/png\" \/>\n<meta name=\"twitter:card\" content=\"summary_large_image\" \/>\n<meta name=\"twitter:label1\" content=\"Tempo estimado de leitura\" \/>\n\t<meta name=\"twitter:data1\" content=\"3 minutos\" \/>\n<script type=\"application\/ld+json\" class=\"yoast-schema-graph\">{\"@context\":\"https:\\\/\\\/schema.org\",\"@graph\":[{\"@type\":\"WebPage\",\"@id\":\"https:\\\/\\\/auslaenderaemter.com\\\/aufenthaltskarte-eu\\\/\",\"url\":\"https:\\\/\\\/auslaenderaemter.com\\\/aufenthaltskarte-eu\\\/\",\"name\":\"Aufenthaltskarte EU - auslaenderaemter.com\",\"isPartOf\":{\"@id\":\"https:\\\/\\\/auslaenderaemter.com\\\/#website\"},\"primaryImageOfPage\":{\"@id\":\"https:\\\/\\\/auslaenderaemter.com\\\/aufenthaltskarte-eu\\\/#primaryimage\"},\"image\":{\"@id\":\"https:\\\/\\\/auslaenderaemter.com\\\/aufenthaltskarte-eu\\\/#primaryimage\"},\"thumbnailUrl\":\"https:\\\/\\\/auslaenderaemter.com\\\/wp-content\\\/uploads\\\/2021\\\/01\\\/Vollmond-info-13.png\",\"datePublished\":\"2023-06-12T14:26:59+00:00\",\"description\":\"Ein umfassender Leitfaden zur Aufenthaltskarte EU: Erl\u00e4uterung ihrer Bedeutung, Erl\u00e4uterung der Anforderungen und des Antragsverfahrens\",\"breadcrumb\":{\"@id\":\"https:\\\/\\\/auslaenderaemter.com\\\/aufenthaltskarte-eu\\\/#breadcrumb\"},\"inLanguage\":\"pt-PT\",\"potentialAction\":[{\"@type\":\"ReadAction\",\"target\":[\"https:\\\/\\\/auslaenderaemter.com\\\/aufenthaltskarte-eu\\\/\"]}]},{\"@type\":\"ImageObject\",\"inLanguage\":\"pt-PT\",\"@id\":\"https:\\\/\\\/auslaenderaemter.com\\\/aufenthaltskarte-eu\\\/#primaryimage\",\"url\":\"https:\\\/\\\/auslaenderaemter.com\\\/wp-content\\\/uploads\\\/2021\\\/01\\\/Vollmond-info-13.png\",\"contentUrl\":\"https:\\\/\\\/auslaenderaemter.com\\\/wp-content\\\/uploads\\\/2021\\\/01\\\/Vollmond-info-13.png\",\"width\":500,\"height\":500,\"caption\":\"Abschiebung\"},{\"@type\":\"BreadcrumbList\",\"@id\":\"https:\\\/\\\/auslaenderaemter.com\\\/aufenthaltskarte-eu\\\/#breadcrumb\",\"itemListElement\":[{\"@type\":\"ListItem\",\"position\":1,\"name\":\"Startseite\",\"item\":\"https:\\\/\\\/auslaenderaemter.com\\\/\"},{\"@type\":\"ListItem\",\"position\":2,\"name\":\"Aufenthaltskarte EU\"}]},{\"@type\":\"WebSite\",\"@id\":\"https:\\\/\\\/auslaenderaemter.com\\\/#website\",\"url\":\"https:\\\/\\\/auslaenderaemter.com\\\/\",\"name\":\"auslaenderaemter.com\",\"description\":\"\",\"publisher\":{\"@id\":\"https:\\\/\\\/auslaenderaemter.com\\\/#organization\"},\"potentialAction\":[{\"@type\":\"SearchAction\",\"target\":{\"@type\":\"EntryPoint\",\"urlTemplate\":\"https:\\\/\\\/auslaenderaemter.com\\\/?s={search_term_string}\"},\"query-input\":{\"@type\":\"PropertyValueSpecification\",\"valueRequired\":true,\"valueName\":\"search_term_string\"}}],\"inLanguage\":\"pt-PT\"},{\"@type\":\"Organization\",\"@id\":\"https:\\\/\\\/auslaenderaemter.com\\\/#organization\",\"name\":\"auslaenderaemter.com\",\"url\":\"https:\\\/\\\/auslaenderaemter.com\\\/\",\"logo\":{\"@type\":\"ImageObject\",\"inLanguage\":\"pt-PT\",\"@id\":\"https:\\\/\\\/auslaenderaemter.com\\\/#\\\/schema\\\/logo\\\/image\\\/\",\"url\":\"https:\\\/\\\/auslaenderaemter.com\\\/wp-content\\\/uploads\\\/2021\\\/01\\\/cropped-Vollmond-info-13.png\",\"contentUrl\":\"https:\\\/\\\/auslaenderaemter.com\\\/wp-content\\\/uploads\\\/2021\\\/01\\\/cropped-Vollmond-info-13.png\",\"width\":500,\"height\":117,\"caption\":\"auslaenderaemter.com\"},\"image\":{\"@id\":\"https:\\\/\\\/auslaenderaemter.com\\\/#\\\/schema\\\/logo\\\/image\\\/\"}}]}<\/script>\n<!-- \/ Yoast SEO plugin. -->","yoast_head_json":{"title":"Cart\u00e3o de resid\u00eancia da UE - auslaenderaemter.com","description":"Um guia completo sobre o cart\u00e3o de resid\u00eancia da UE: explicando o seu significado, explicando os requisitos e o processo de pedido","robots":{"index":"index","follow":"follow","max-snippet":"max-snippet:-1","max-image-preview":"max-image-preview:large","max-video-preview":"max-video-preview:-1"},"canonical":"https:\/\/auslaenderaemter.com\/pt\/cartao-de-residencia-eu\/","og_locale":"pt_PT","og_type":"article","og_title":"Aufenthaltskarte EU - auslaenderaemter.com","og_description":"Ein umfassender Leitfaden zur Aufenthaltskarte EU: Erl\u00e4uterung ihrer Bedeutung, Erl\u00e4uterung der Anforderungen und des Antragsverfahrens","og_url":"https:\/\/auslaenderaemter.com\/pt\/cartao-de-residencia-eu\/","og_site_name":"auslaenderaemter.com","og_image":[{"width":500,"height":500,"url":"https:\/\/auslaenderaemter.com\/wp-content\/uploads\/2021\/01\/Vollmond-info-13.png","type":"image\/png"}],"twitter_card":"summary_large_image","twitter_misc":{"Tempo estimado de leitura":"3 minutos"},"schema":{"@context":"https:\/\/schema.org","@graph":[{"@type":"WebPage","@id":"https:\/\/auslaenderaemter.com\/aufenthaltskarte-eu\/","url":"https:\/\/auslaenderaemter.com\/aufenthaltskarte-eu\/","name":"Cart\u00e3o de resid\u00eancia da UE - auslaenderaemter.com","isPartOf":{"@id":"https:\/\/auslaenderaemter.com\/#website"},"primaryImageOfPage":{"@id":"https:\/\/auslaenderaemter.com\/aufenthaltskarte-eu\/#primaryimage"},"image":{"@id":"https:\/\/auslaenderaemter.com\/aufenthaltskarte-eu\/#primaryimage"},"thumbnailUrl":"https:\/\/auslaenderaemter.com\/wp-content\/uploads\/2021\/01\/Vollmond-info-13.png","datePublished":"2023-06-12T14:26:59+00:00","description":"Um guia completo sobre o cart\u00e3o de resid\u00eancia da UE: explicando o seu significado, explicando os requisitos e o processo de pedido","breadcrumb":{"@id":"https:\/\/auslaenderaemter.com\/aufenthaltskarte-eu\/#breadcrumb"},"inLanguage":"pt-PT","potentialAction":[{"@type":"ReadAction","target":["https:\/\/auslaenderaemter.com\/aufenthaltskarte-eu\/"]}]},{"@type":"ImageObject","inLanguage":"pt-PT","@id":"https:\/\/auslaenderaemter.com\/aufenthaltskarte-eu\/#primaryimage","url":"https:\/\/auslaenderaemter.com\/wp-content\/uploads\/2021\/01\/Vollmond-info-13.png","contentUrl":"https:\/\/auslaenderaemter.com\/wp-content\/uploads\/2021\/01\/Vollmond-info-13.png","width":500,"height":500,"caption":"Abschiebung"},{"@type":"BreadcrumbList","@id":"https:\/\/auslaenderaemter.com\/aufenthaltskarte-eu\/#breadcrumb","itemListElement":[{"@type":"ListItem","position":1,"name":"Startseite","item":"https:\/\/auslaenderaemter.com\/"},{"@type":"ListItem","position":2,"name":"Aufenthaltskarte EU"}]},{"@type":"WebSite","@id":"https:\/\/auslaenderaemter.com\/#website","url":"https:\/\/auslaenderaemter.com\/","name":"auslaenderaemter. com","description":"","publisher":{"@id":"https:\/\/auslaenderaemter.com\/#organization"},"potentialAction":[{"@type":"SearchAction","target":{"@type":"EntryPoint","urlTemplate":"https:\/\/auslaenderaemter.com\/?s={search_term_string}"},"query-input":{"@type":"PropertyValueSpecification","valueRequired":true,"valueName":"search_term_string"}}],"inLanguage":"pt-PT"},{"@type":"Organization","@id":"https:\/\/auslaenderaemter.com\/#organization","name":"auslaenderaemter. com","url":"https:\/\/auslaenderaemter.com\/","logo":{"@type":"ImageObject","inLanguage":"pt-PT","@id":"https:\/\/auslaenderaemter.com\/#\/schema\/logo\/image\/","url":"https:\/\/auslaenderaemter.com\/wp-content\/uploads\/2021\/01\/cropped-Vollmond-info-13.png","contentUrl":"https:\/\/auslaenderaemter.com\/wp-content\/uploads\/2021\/01\/cropped-Vollmond-info-13.png","width":500,"height":117,"caption":"auslaenderaemter.com"},"image":{"@id":"https:\/\/auslaenderaemter.com\/#\/schema\/logo\/image\/"}}]}},"_links":{"self":[{"href":"https:\/\/auslaenderaemter.com\/pt\/wp-json\/wp\/v2\/pages\/4036","targetHints":{"allow":["GET"]}}],"collection":[{"href":"https:\/\/auslaenderaemter.com\/pt\/wp-json\/wp\/v2\/pages"}],"about":[{"href":"https:\/\/auslaenderaemter.com\/pt\/wp-json\/wp\/v2\/types\/page"}],"author":[{"embeddable":true,"href":"https:\/\/auslaenderaemter.com\/pt\/wp-json\/wp\/v2\/users\/1"}],"replies":[{"embeddable":true,"href":"https:\/\/auslaenderaemter.com\/pt\/wp-json\/wp\/v2\/comments?post=4036"}],"version-history":[{"count":0,"href":"https:\/\/auslaenderaemter.com\/pt\/wp-json\/wp\/v2\/pages\/4036\/revisions"}],"wp:featuredmedia":[{"embeddable":true,"href":"https:\/\/auslaenderaemter.com\/pt\/wp-json\/wp\/v2\/media\/9"}],"wp:attachment":[{"href":"https:\/\/auslaenderaemter.com\/pt\/wp-json\/wp\/v2\/media?parent=4036"}],"curies":[{"name":"wp","href":"https:\/\/api.w.org\/{rel}","templated":true}]}}