{"id":4039,"date":"2023-06-12T16:23:02","date_gmt":"2023-06-12T14:23:02","guid":{"rendered":"https:\/\/auslaenderaemter.com\/?page_id=4039"},"modified":"2023-06-12T16:23:02","modified_gmt":"2023-06-12T14:23:02","slug":"niederlassungserlaubnis","status":"publish","type":"page","link":"https:\/\/auslaenderaemter.com\/pt\/autorizacao-de-residencia-permanente\/","title":{"rendered":"autoriza\u00e7\u00e3o de residencia permanente"},"content":{"rendered":"<p>A autoriza\u00e7\u00e3o de resid\u00eancia \u00e9 uma autoriza\u00e7\u00e3o de resid\u00eancia permanente emitida pelas autoridades na Alemanha e d\u00e1 aos cidad\u00e3os estrangeiros o direito de viver e trabalhar na Alemanha por tempo indeterminado e sem restri\u00e7\u00f5es.<\/p>\n<h2>Import\u00e2ncia da licen\u00e7a de liquida\u00e7\u00e3o<\/h2>\n<p>A autoriza\u00e7\u00e3o de resid\u00eancia representa o status mais elevado que um cidad\u00e3o estrangeiro pode adquirir na Alemanha e oferece muitas vantagens. \u00c9 ilimitado e d\u00e1 ao titular o direito de realizar qualquer tipo de trabalho na Alemanha. Al\u00e9m disso, tamb\u00e9m d\u00e1 o direito de viajar para outros pa\u00edses Schengen sem a necessidade de vistos ou autoriza\u00e7\u00f5es de resid\u00eancia adicionais.<\/p>\n<h2>Requisitos para a licen\u00e7a de liquida\u00e7\u00e3o<\/h2>\n<p>V\u00e1rios crit\u00e9rios devem ser atendidos para obter uma autoriza\u00e7\u00e3o de assentamento na Alemanha. Geralmente estes incluem:<\/p>\n<ol>\n<li><strong>Prova de um meio de subsist\u00eancia seguro:<\/strong> O requerente deve poder sustentar-se a si pr\u00f3prio e aos seus familiares dependentes sem receber assist\u00eancia social ou presta\u00e7\u00f5es de desemprego.<\/li>\n<li><strong>Autoriza\u00e7\u00e3o de resid\u00eancia de cinco anos:<\/strong> O requerente deve ter uma autoriza\u00e7\u00e3o de resid\u00eancia nos \u00faltimos cinco anos. No entanto, h\u00e1 exce\u00e7\u00f5es para profissionais altamente qualificados e aut\u00f4nomos, onde o prazo pode ser reduzido.<\/li>\n<li><strong>Prova de conhecimento suficiente de alem\u00e3o:<\/strong> Como regra, \u00e9 necess\u00e1rio um n\u00edvel B1 de acordo com o Quadro Europeu Comum de Refer\u00eancia para L\u00ednguas (CEFR).<\/li>\n<li><strong>Sala de estar:<\/strong> O requerente deve ter espa\u00e7o suficiente para si e sua fam\u00edlia.<\/li>\n<li><strong>Contribui\u00e7\u00e3o para o seguro de pens\u00f5es:<\/strong> Em regra, o requerente deve ter feito contribui\u00e7\u00f5es obrigat\u00f3rias para o seguro de pens\u00e3o legal por pelo menos 60 meses.<\/li>\n<\/ol>\n<h2>O processo de obten\u00e7\u00e3o de uma licen\u00e7a de assentamento<\/h2>\n<p>O pedido de licen\u00e7a de assentamento \u00e9 apresentado ao <a href=\"https:\/\/auslaenderaemter.com\/pt\/\">autoridade estrangeira competente<\/a> colocada. O requerente deve apresentar todos os documentos necess\u00e1rios que comprovem o cumprimento dos requisitos acima.<\/p>\n<p>Depois de enviar o pedido, a autoridade analisar\u00e1 o pedido e tomar\u00e1 uma decis\u00e3o. Se a decis\u00e3o for positiva, o requerente recebe uma licen\u00e7a de assentamento. Se rejeitado, o requerente pode recorrer dentro de um determinado per\u00edodo de tempo ou apresentar um novo pedido se as condi\u00e7\u00f5es estiverem reunidas.<\/p>\n<h2>Conclus\u00e3o<\/h2>\n<p>A permiss\u00e3o de assentamento oferece aos cidad\u00e3os estrangeiros a oportunidade de viver e trabalhar na Alemanha de forma permanente e com poucas restri\u00e7\u00f5es. Apesar dos crit\u00e9rios r\u00edgidos e do processo minucioso, obter uma licen\u00e7a de assentamento \u00e9 uma meta pela qual vale a pena lutar para muitos, pois oferece um alto n\u00edvel de estabilidade e liberdade.<\/p>\n<p>A autoriza\u00e7\u00e3o de resid\u00eancia n\u00e3o \u00e9 apenas um documento que confere o direito de residir e trabalhar na Alemanha, mas tamb\u00e9m uma prova da integra\u00e7\u00e3o do titular na sociedade alem\u00e3. Requer uma compreens\u00e3o da l\u00edngua alem\u00e3, do sistema jur\u00eddico alem\u00e3o e do mercado de trabalho e demonstra uma contribui\u00e7\u00e3o significativa para a economia e sociedade alem\u00e3s.<\/p>\n<p>No entanto, \u00e9 importante enfatizar que a obten\u00e7\u00e3o de uma licen\u00e7a de assentamento n\u00e3o \u00e9 um processo f\u00e1cil ou r\u00e1pido. Requer paci\u00eancia, planejamento e prepara\u00e7\u00e3o cuidadosa. Qualquer pessoa que esteja procurando uma licen\u00e7a de assentamento deve entender completamente os requisitos e o processo e procurar ajuda profissional, se necess\u00e1rio.<\/p>\n<p>A autoriza\u00e7\u00e3o de liquida\u00e7\u00e3o oferece a vantagem de seguran\u00e7a e mobilidade dentro da zona Schengen. Para muitos, \u00e9 um passo decisivo para a plena integra\u00e7\u00e3o na sociedade e na cultura alem\u00e3 e, portanto, uma parte essencial da vida na Alemanha. Representa um compromisso de longo prazo e um investimento na vida na Alemanha, que oferece vantagens n\u00e3o apenas para o indiv\u00edduo, mas tamb\u00e9m para a sociedade alem\u00e3 como um todo.<\/p>","protected":false},"excerpt":{"rendered":"<p>A autoriza\u00e7\u00e3o de estabelecimento \u00e9 uma autoriza\u00e7\u00e3o de resid\u00eancia permanente emitida pelas autoridades na Alemanha e d\u00e1 aos cidad\u00e3os estrangeiros o direito de viver e trabalhar na Alemanha indefinidamente e sem restri\u00e7\u00f5es. Import\u00e2ncia da autoriza\u00e7\u00e3o de assentamento A autoriza\u00e7\u00e3o de assentamento representa o status mais elevado que um cidad\u00e3o estrangeiro pode adquirir na Alemanha e oferece muitas vantagens. Ela \u00e9\u2026&nbsp;<a href=\"https:\/\/auslaenderaemter.com\/pt\/autorizacao-de-residencia-permanente\/\" rel=\"bookmark\">Leia mais \u00bb<span class=\"screen-reader-text\">autoriza\u00e7\u00e3o de residencia permanente<\/span><\/a><\/p>","protected":false},"author":1,"featured_media":9,"parent":0,"menu_order":0,"comment_status":"closed","ping_status":"closed","template":"","meta":{"neve_meta_sidebar":"","neve_meta_container":"","neve_meta_enable_content_width":"off","neve_meta_content_width":100,"neve_meta_title_alignment":"","neve_meta_author_avatar":"","neve_post_elements_order":"","neve_meta_disable_header":"","neve_meta_disable_footer":"","neve_meta_disable_title":"","neve_meta_reading_time":"","footnotes":""},"class_list":["post-4039","page","type-page","status-publish","has-post-thumbnail","hentry"],"yoast_head":"<!-- This site is optimized with the Yoast SEO plugin v27.3 - https:\/\/yoast.com\/product\/yoast-seo-wordpress\/ -->\n<title>Niederlassungserlaubnis - auslaenderaemter.com<\/title>\n<meta name=\"description\" content=\"Erfahren Sie mehr \u00fcber die Niederlassungserlaubnis in Deutschland: Bedeutung, Voraussetzungen und Beantragungsprozess.\" \/>\n<meta name=\"robots\" content=\"index, follow, max-snippet:-1, max-image-preview:large, max-video-preview:-1\" \/>\n<link rel=\"canonical\" href=\"https:\/\/auslaenderaemter.com\/pt\/autorizacao-de-residencia-permanente\/\" \/>\n<meta property=\"og:locale\" content=\"pt_PT\" \/>\n<meta property=\"og:type\" content=\"article\" \/>\n<meta property=\"og:title\" content=\"Niederlassungserlaubnis - auslaenderaemter.com\" \/>\n<meta property=\"og:description\" content=\"Erfahren Sie mehr \u00fcber die Niederlassungserlaubnis in Deutschland: Bedeutung, Voraussetzungen und Beantragungsprozess.\" \/>\n<meta property=\"og:url\" content=\"https:\/\/auslaenderaemter.com\/pt\/autorizacao-de-residencia-permanente\/\" \/>\n<meta property=\"og:site_name\" content=\"auslaenderaemter.com\" \/>\n<meta property=\"og:image\" content=\"https:\/\/auslaenderaemter.com\/wp-content\/uploads\/2021\/01\/Vollmond-info-13.png\" \/>\n\t<meta property=\"og:image:width\" content=\"500\" \/>\n\t<meta property=\"og:image:height\" content=\"500\" \/>\n\t<meta property=\"og:image:type\" content=\"image\/png\" \/>\n<meta name=\"twitter:card\" content=\"summary_large_image\" \/>\n<meta name=\"twitter:label1\" content=\"Tempo estimado de leitura\" \/>\n\t<meta name=\"twitter:data1\" content=\"3 minutos\" \/>\n<script type=\"application\/ld+json\" class=\"yoast-schema-graph\">{\"@context\":\"https:\\\/\\\/schema.org\",\"@graph\":[{\"@type\":\"WebPage\",\"@id\":\"https:\\\/\\\/auslaenderaemter.com\\\/niederlassungserlaubnis\\\/\",\"url\":\"https:\\\/\\\/auslaenderaemter.com\\\/niederlassungserlaubnis\\\/\",\"name\":\"Niederlassungserlaubnis - auslaenderaemter.com\",\"isPartOf\":{\"@id\":\"https:\\\/\\\/auslaenderaemter.com\\\/#website\"},\"primaryImageOfPage\":{\"@id\":\"https:\\\/\\\/auslaenderaemter.com\\\/niederlassungserlaubnis\\\/#primaryimage\"},\"image\":{\"@id\":\"https:\\\/\\\/auslaenderaemter.com\\\/niederlassungserlaubnis\\\/#primaryimage\"},\"thumbnailUrl\":\"https:\\\/\\\/auslaenderaemter.com\\\/wp-content\\\/uploads\\\/2021\\\/01\\\/Vollmond-info-13.png\",\"datePublished\":\"2023-06-12T14:23:02+00:00\",\"description\":\"Erfahren Sie mehr \u00fcber die Niederlassungserlaubnis in Deutschland: Bedeutung, Voraussetzungen und Beantragungsprozess.\",\"breadcrumb\":{\"@id\":\"https:\\\/\\\/auslaenderaemter.com\\\/niederlassungserlaubnis\\\/#breadcrumb\"},\"inLanguage\":\"pt-PT\",\"potentialAction\":[{\"@type\":\"ReadAction\",\"target\":[\"https:\\\/\\\/auslaenderaemter.com\\\/niederlassungserlaubnis\\\/\"]}]},{\"@type\":\"ImageObject\",\"inLanguage\":\"pt-PT\",\"@id\":\"https:\\\/\\\/auslaenderaemter.com\\\/niederlassungserlaubnis\\\/#primaryimage\",\"url\":\"https:\\\/\\\/auslaenderaemter.com\\\/wp-content\\\/uploads\\\/2021\\\/01\\\/Vollmond-info-13.png\",\"contentUrl\":\"https:\\\/\\\/auslaenderaemter.com\\\/wp-content\\\/uploads\\\/2021\\\/01\\\/Vollmond-info-13.png\",\"width\":500,\"height\":500,\"caption\":\"Abschiebung\"},{\"@type\":\"BreadcrumbList\",\"@id\":\"https:\\\/\\\/auslaenderaemter.com\\\/niederlassungserlaubnis\\\/#breadcrumb\",\"itemListElement\":[{\"@type\":\"ListItem\",\"position\":1,\"name\":\"Startseite\",\"item\":\"https:\\\/\\\/auslaenderaemter.com\\\/\"},{\"@type\":\"ListItem\",\"position\":2,\"name\":\"Niederlassungserlaubnis\"}]},{\"@type\":\"WebSite\",\"@id\":\"https:\\\/\\\/auslaenderaemter.com\\\/#website\",\"url\":\"https:\\\/\\\/auslaenderaemter.com\\\/\",\"name\":\"auslaenderaemter.com\",\"description\":\"\",\"publisher\":{\"@id\":\"https:\\\/\\\/auslaenderaemter.com\\\/#organization\"},\"potentialAction\":[{\"@type\":\"SearchAction\",\"target\":{\"@type\":\"EntryPoint\",\"urlTemplate\":\"https:\\\/\\\/auslaenderaemter.com\\\/?s={search_term_string}\"},\"query-input\":{\"@type\":\"PropertyValueSpecification\",\"valueRequired\":true,\"valueName\":\"search_term_string\"}}],\"inLanguage\":\"pt-PT\"},{\"@type\":\"Organization\",\"@id\":\"https:\\\/\\\/auslaenderaemter.com\\\/#organization\",\"name\":\"auslaenderaemter.com\",\"url\":\"https:\\\/\\\/auslaenderaemter.com\\\/\",\"logo\":{\"@type\":\"ImageObject\",\"inLanguage\":\"pt-PT\",\"@id\":\"https:\\\/\\\/auslaenderaemter.com\\\/#\\\/schema\\\/logo\\\/image\\\/\",\"url\":\"https:\\\/\\\/auslaenderaemter.com\\\/wp-content\\\/uploads\\\/2021\\\/01\\\/cropped-Vollmond-info-13.png\",\"contentUrl\":\"https:\\\/\\\/auslaenderaemter.com\\\/wp-content\\\/uploads\\\/2021\\\/01\\\/cropped-Vollmond-info-13.png\",\"width\":500,\"height\":117,\"caption\":\"auslaenderaemter.com\"},\"image\":{\"@id\":\"https:\\\/\\\/auslaenderaemter.com\\\/#\\\/schema\\\/logo\\\/image\\\/\"}}]}<\/script>\n<!-- \/ Yoast SEO plugin. -->","yoast_head_json":{"title":"Permiss\u00e3o de liquida\u00e7\u00e3o - auslaenderaemter.com","description":"Saiba mais sobre a permiss\u00e3o de assentamento na Alemanha: significado, requisitos e processo de solicita\u00e7\u00e3o.","robots":{"index":"index","follow":"follow","max-snippet":"max-snippet:-1","max-image-preview":"max-image-preview:large","max-video-preview":"max-video-preview:-1"},"canonical":"https:\/\/auslaenderaemter.com\/pt\/autorizacao-de-residencia-permanente\/","og_locale":"pt_PT","og_type":"article","og_title":"Niederlassungserlaubnis - auslaenderaemter.com","og_description":"Erfahren Sie mehr \u00fcber die Niederlassungserlaubnis in Deutschland: Bedeutung, Voraussetzungen und Beantragungsprozess.","og_url":"https:\/\/auslaenderaemter.com\/pt\/autorizacao-de-residencia-permanente\/","og_site_name":"auslaenderaemter.com","og_image":[{"width":500,"height":500,"url":"https:\/\/auslaenderaemter.com\/wp-content\/uploads\/2021\/01\/Vollmond-info-13.png","type":"image\/png"}],"twitter_card":"summary_large_image","twitter_misc":{"Tempo estimado de leitura":"3 minutos"},"schema":{"@context":"https:\/\/schema.org","@graph":[{"@type":"WebPage","@id":"https:\/\/auslaenderaemter.com\/niederlassungserlaubnis\/","url":"https:\/\/auslaenderaemter.com\/niederlassungserlaubnis\/","name":"Permiss\u00e3o de liquida\u00e7\u00e3o - auslaenderaemter.com","isPartOf":{"@id":"https:\/\/auslaenderaemter.com\/#website"},"primaryImageOfPage":{"@id":"https:\/\/auslaenderaemter.com\/niederlassungserlaubnis\/#primaryimage"},"image":{"@id":"https:\/\/auslaenderaemter.com\/niederlassungserlaubnis\/#primaryimage"},"thumbnailUrl":"https:\/\/auslaenderaemter.com\/wp-content\/uploads\/2021\/01\/Vollmond-info-13.png","datePublished":"2023-06-12T14:23:02+00:00","description":"Saiba mais sobre a permiss\u00e3o de assentamento na Alemanha: significado, requisitos e processo de solicita\u00e7\u00e3o.","breadcrumb":{"@id":"https:\/\/auslaenderaemter.com\/niederlassungserlaubnis\/#breadcrumb"},"inLanguage":"pt-PT","potentialAction":[{"@type":"ReadAction","target":["https:\/\/auslaenderaemter.com\/niederlassungserlaubnis\/"]}]},{"@type":"ImageObject","inLanguage":"pt-PT","@id":"https:\/\/auslaenderaemter.com\/niederlassungserlaubnis\/#primaryimage","url":"https:\/\/auslaenderaemter.com\/wp-content\/uploads\/2021\/01\/Vollmond-info-13.png","contentUrl":"https:\/\/auslaenderaemter.com\/wp-content\/uploads\/2021\/01\/Vollmond-info-13.png","width":500,"height":500,"caption":"Abschiebung"},{"@type":"BreadcrumbList","@id":"https:\/\/auslaenderaemter.com\/niederlassungserlaubnis\/#breadcrumb","itemListElement":[{"@type":"ListItem","position":1,"name":"Startseite","item":"https:\/\/auslaenderaemter.com\/"},{"@type":"ListItem","position":2,"name":"Niederlassungserlaubnis"}]},{"@type":"WebSite","@id":"https:\/\/auslaenderaemter.com\/#website","url":"https:\/\/auslaenderaemter.com\/","name":"auslaenderaemter. com","description":"","publisher":{"@id":"https:\/\/auslaenderaemter.com\/#organization"},"potentialAction":[{"@type":"SearchAction","target":{"@type":"EntryPoint","urlTemplate":"https:\/\/auslaenderaemter.com\/?s={search_term_string}"},"query-input":{"@type":"PropertyValueSpecification","valueRequired":true,"valueName":"search_term_string"}}],"inLanguage":"pt-PT"},{"@type":"Organization","@id":"https:\/\/auslaenderaemter.com\/#organization","name":"auslaenderaemter. com","url":"https:\/\/auslaenderaemter.com\/","logo":{"@type":"ImageObject","inLanguage":"pt-PT","@id":"https:\/\/auslaenderaemter.com\/#\/schema\/logo\/image\/","url":"https:\/\/auslaenderaemter.com\/wp-content\/uploads\/2021\/01\/cropped-Vollmond-info-13.png","contentUrl":"https:\/\/auslaenderaemter.com\/wp-content\/uploads\/2021\/01\/cropped-Vollmond-info-13.png","width":500,"height":117,"caption":"auslaenderaemter.com"},"image":{"@id":"https:\/\/auslaenderaemter.com\/#\/schema\/logo\/image\/"}}]}},"_links":{"self":[{"href":"https:\/\/auslaenderaemter.com\/pt\/wp-json\/wp\/v2\/pages\/4039","targetHints":{"allow":["GET"]}}],"collection":[{"href":"https:\/\/auslaenderaemter.com\/pt\/wp-json\/wp\/v2\/pages"}],"about":[{"href":"https:\/\/auslaenderaemter.com\/pt\/wp-json\/wp\/v2\/types\/page"}],"author":[{"embeddable":true,"href":"https:\/\/auslaenderaemter.com\/pt\/wp-json\/wp\/v2\/users\/1"}],"replies":[{"embeddable":true,"href":"https:\/\/auslaenderaemter.com\/pt\/wp-json\/wp\/v2\/comments?post=4039"}],"version-history":[{"count":0,"href":"https:\/\/auslaenderaemter.com\/pt\/wp-json\/wp\/v2\/pages\/4039\/revisions"}],"wp:featuredmedia":[{"embeddable":true,"href":"https:\/\/auslaenderaemter.com\/pt\/wp-json\/wp\/v2\/media\/9"}],"wp:attachment":[{"href":"https:\/\/auslaenderaemter.com\/pt\/wp-json\/wp\/v2\/media?parent=4039"}],"curies":[{"name":"wp","href":"https:\/\/api.w.org\/{rel}","templated":true}]}}