{"id":4041,"date":"2023-06-12T16:24:19","date_gmt":"2023-06-12T14:24:19","guid":{"rendered":"https:\/\/auslaenderaemter.com\/?page_id=4041"},"modified":"2023-06-12T16:24:19","modified_gmt":"2023-06-12T14:24:19","slug":"niederlassungserlaubnis-eu","status":"publish","type":"page","link":"https:\/\/auslaenderaemter.com\/pt\/licenca-de-liquidacao-eu\/","title":{"rendered":"Permiss\u00e3o de liquida\u00e7\u00e3o UE"},"content":{"rendered":"<p>O <a href=\"https:\/\/auslaenderaemter.com\/pt\/autorizacao-de-residencia-permanente\/\">autoriza\u00e7\u00e3o de residencia permanente<\/a> \u00e9 um conceito-chave na pol\u00edtica de imigra\u00e7\u00e3o da Uni\u00e3o Europeia, permitindo que cidad\u00e3os de pa\u00edses terceiros vivam e trabalhem em um estado membro da UE por um longo prazo. Este artigo fornece uma vis\u00e3o geral detalhada da permiss\u00e3o de assentamento da UE, seu significado, os requisitos para ela e o processo de inscri\u00e7\u00e3o.<\/p>\n<h2>O que \u00e9 a autoriza\u00e7\u00e3o de estabelecimento da UE?<\/h2>\n<p>A autoriza\u00e7\u00e3o de resid\u00eancia da UE, tamb\u00e9m conhecida como autoriza\u00e7\u00e3o de resid\u00eancia permanente da UE, \u00e9 um tipo de <a href=\"https:\/\/auslaenderaemter.com\/pt\/permissao-de-residencia\/\">permiss\u00e3o de resid\u00eancia<\/a>, que permite aos cidad\u00e3os de pa\u00edses n\u00e3o pertencentes \u00e0 UE, os chamados nacionais de pa\u00edses terceiros, viver permanentemente num estado membro da UE. Os titulares de tal autoriza\u00e7\u00e3o t\u00eam o direito de viver, trabalhar e estudar no pa\u00eds da UE relevante e t\u00eam muitos dos mesmos direitos que os cidad\u00e3os da UE.<\/p>\n<h2>Pr\u00e9-requisitos para a autoriza\u00e7\u00e3o de estabelecimento da UE<\/h2>\n<p>Os requisitos exatos para obter uma autoriza\u00e7\u00e3o de estabelecimento da UE podem variar dependendo do estado membro. No entanto, existem alguns requisitos gerais que se aplicam em toda a UE:<\/p>\n<ol>\n<li><strong>Resid\u00eancia permanente:<\/strong> O candidato deve ter residido legalmente no pa\u00eds da UE relevante por pelo menos cinco anos consecutivos.<\/li>\n<li><strong>Recursos financeiros suficientes:<\/strong> O requerente deve provar que possui recursos financeiros suficientes para se sustentar (e qualquer membro da fam\u00edlia dependente) sem ter que reivindicar assist\u00eancia social.<\/li>\n<li><strong>Plano de sa\u00fade:<\/strong> O candidato deve ter um seguro m\u00e9dico abrangente para si e para todos os membros da fam\u00edlia dependentes.<\/li>\n<li><strong>Nenhum perigo para a seguran\u00e7a ou ordem p\u00fablica:<\/strong> O candidato n\u00e3o deve representar uma amea\u00e7a \u00e0 seguran\u00e7a ou ordem p\u00fablica.<\/li>\n<\/ol>\n<h2>O procedimento de solicita\u00e7\u00e3o da licen\u00e7a de estabelecimento da UE<\/h2>\n<p>O processo de solicita\u00e7\u00e3o de uma permiss\u00e3o de estabelecimento na UE geralmente come\u00e7a com a autoridade de imigra\u00e7\u00e3o relevante no pa\u00eds da UE relevante. O candidato dever\u00e1 apresentar toda a documenta\u00e7\u00e3o exigida comprovando que atende aos requisitos acima. Por exemplo, isso pode incluir comprovante de resid\u00eancia permanente, recursos financeiros e cobertura de seguro sa\u00fade.<\/p>\n<p>Depois de examinar o pedido e os documentos, a autoridade tomar\u00e1 uma decis\u00e3o. Se a decis\u00e3o for positiva, o requerente receber\u00e1 uma autoriza\u00e7\u00e3o de estabelecimento da UE. Se o pedido for rejeitado, o requerente tem o direito de recorrer ou de apresentar o pedido novamente em uma data posterior, se os requisitos forem atendidos.<\/p>\n<p>Deve-se observar que os termos e procedimentos exatos podem variar de acordo com o pa\u00eds. Portanto, \u00e9 importante que o candidato pesquise minuciosamente os requisitos espec\u00edficos do pa\u00eds de sua escolha.<\/p>\n<h2>Conclus\u00e3o<\/h2>\n<p>A autoriza\u00e7\u00e3o de resid\u00eancia da UE \u00e9 uma parte importante da pol\u00edtica de imigra\u00e7\u00e3o da UE e oferece aos nacionais de pa\u00edses terceiros a oportunidade de viver e trabalhar permanentemente num pa\u00eds da UE. Representa um compromisso de longo prazo e um investimento na vida dentro da UE e abre uma infinidade de oportunidades e direitos que, de outra forma, s\u00e3o reservados apenas aos cidad\u00e3os da UE.<\/p>\n<p>\u00c9 um processo que requer cuidado, planejamento e paci\u00eancia. Mas a recompensa \u00e9 um estatuto permanente que oferece um elevado n\u00edvel de estabilidade e liberdade e estabelece as bases para uma vida permanente na Uni\u00e3o Europeia.<\/p>","protected":false},"excerpt":{"rendered":"<p>A autoriza\u00e7\u00e3o de estabelecimento \u00e9 um conceito-chave na pol\u00edtica de imigra\u00e7\u00e3o da Uni\u00e3o Europeia, permitindo que nacionais de pa\u00edses terceiros vivam e trabalhem a longo prazo num Estado-Membro da UE. Este artigo fornece uma vis\u00e3o geral detalhada da autoriza\u00e7\u00e3o de assentamento da UE, seu significado, os requisitos e o processo de solicita\u00e7\u00e3o. O que \u00e9 a autoriza\u00e7\u00e3o de coloniza\u00e7\u00e3o da UE? A autoriza\u00e7\u00e3o de estabelecimento da UE, tamb\u00e9m conhecida como autoriza\u00e7\u00e3o de resid\u00eancia permanente da UE, \u00e9 um tipo de...&nbsp;<a href=\"https:\/\/auslaenderaemter.com\/pt\/licenca-de-liquidacao-eu\/\" rel=\"bookmark\">Leia mais \u00bb<span class=\"screen-reader-text\">Permiss\u00e3o de liquida\u00e7\u00e3o UE<\/span><\/a><\/p>","protected":false},"author":1,"featured_media":9,"parent":0,"menu_order":0,"comment_status":"closed","ping_status":"closed","template":"","meta":{"neve_meta_sidebar":"","neve_meta_container":"","neve_meta_enable_content_width":"off","neve_meta_content_width":100,"neve_meta_title_alignment":"","neve_meta_author_avatar":"","neve_post_elements_order":"","neve_meta_disable_header":"","neve_meta_disable_footer":"","neve_meta_disable_title":"","neve_meta_reading_time":"","footnotes":""},"class_list":["post-4041","page","type-page","status-publish","has-post-thumbnail","hentry"],"yoast_head":"<!-- This site is optimized with the Yoast SEO plugin v27.4 - https:\/\/yoast.com\/product\/yoast-seo-wordpress\/ -->\n<title>Niederlassungserlaubnis-EU - auslaenderaemter.com<\/title>\n<meta name=\"description\" content=\"Lernen Sie die EU-Niederlassungserlaubnis kennen: Voraussetzungen, Bedeutung und Antragsverfahren erkl\u00e4rt.\" \/>\n<meta name=\"robots\" content=\"index, follow, max-snippet:-1, max-image-preview:large, max-video-preview:-1\" \/>\n<link rel=\"canonical\" href=\"https:\/\/auslaenderaemter.com\/pt\/licenca-de-liquidacao-eu\/\" \/>\n<meta property=\"og:locale\" content=\"pt_PT\" \/>\n<meta property=\"og:type\" content=\"article\" \/>\n<meta property=\"og:title\" content=\"Niederlassungserlaubnis-EU - auslaenderaemter.com\" \/>\n<meta property=\"og:description\" content=\"Lernen Sie die EU-Niederlassungserlaubnis kennen: Voraussetzungen, Bedeutung und Antragsverfahren erkl\u00e4rt.\" \/>\n<meta property=\"og:url\" content=\"https:\/\/auslaenderaemter.com\/pt\/licenca-de-liquidacao-eu\/\" \/>\n<meta property=\"og:site_name\" content=\"auslaenderaemter.com\" \/>\n<meta property=\"og:image\" content=\"https:\/\/auslaenderaemter.com\/wp-content\/uploads\/2021\/01\/Vollmond-info-13.png\" \/>\n\t<meta property=\"og:image:width\" content=\"500\" \/>\n\t<meta property=\"og:image:height\" content=\"500\" \/>\n\t<meta property=\"og:image:type\" content=\"image\/png\" \/>\n<meta name=\"twitter:card\" content=\"summary_large_image\" \/>\n<meta name=\"twitter:label1\" content=\"Tempo estimado de leitura\" \/>\n\t<meta name=\"twitter:data1\" content=\"3 minutos\" \/>\n<script type=\"application\/ld+json\" class=\"yoast-schema-graph\">{\"@context\":\"https:\\\/\\\/schema.org\",\"@graph\":[{\"@type\":\"WebPage\",\"@id\":\"https:\\\/\\\/auslaenderaemter.com\\\/niederlassungserlaubnis-eu\\\/\",\"url\":\"https:\\\/\\\/auslaenderaemter.com\\\/niederlassungserlaubnis-eu\\\/\",\"name\":\"Niederlassungserlaubnis-EU - auslaenderaemter.com\",\"isPartOf\":{\"@id\":\"https:\\\/\\\/auslaenderaemter.com\\\/#website\"},\"primaryImageOfPage\":{\"@id\":\"https:\\\/\\\/auslaenderaemter.com\\\/niederlassungserlaubnis-eu\\\/#primaryimage\"},\"image\":{\"@id\":\"https:\\\/\\\/auslaenderaemter.com\\\/niederlassungserlaubnis-eu\\\/#primaryimage\"},\"thumbnailUrl\":\"https:\\\/\\\/auslaenderaemter.com\\\/wp-content\\\/uploads\\\/2021\\\/01\\\/Vollmond-info-13.png\",\"datePublished\":\"2023-06-12T14:24:19+00:00\",\"description\":\"Lernen Sie die EU-Niederlassungserlaubnis kennen: Voraussetzungen, Bedeutung und Antragsverfahren erkl\u00e4rt.\",\"breadcrumb\":{\"@id\":\"https:\\\/\\\/auslaenderaemter.com\\\/niederlassungserlaubnis-eu\\\/#breadcrumb\"},\"inLanguage\":\"pt-PT\",\"potentialAction\":[{\"@type\":\"ReadAction\",\"target\":[\"https:\\\/\\\/auslaenderaemter.com\\\/niederlassungserlaubnis-eu\\\/\"]}]},{\"@type\":\"ImageObject\",\"inLanguage\":\"pt-PT\",\"@id\":\"https:\\\/\\\/auslaenderaemter.com\\\/niederlassungserlaubnis-eu\\\/#primaryimage\",\"url\":\"https:\\\/\\\/auslaenderaemter.com\\\/wp-content\\\/uploads\\\/2021\\\/01\\\/Vollmond-info-13.png\",\"contentUrl\":\"https:\\\/\\\/auslaenderaemter.com\\\/wp-content\\\/uploads\\\/2021\\\/01\\\/Vollmond-info-13.png\",\"width\":500,\"height\":500,\"caption\":\"Abschiebung\"},{\"@type\":\"BreadcrumbList\",\"@id\":\"https:\\\/\\\/auslaenderaemter.com\\\/niederlassungserlaubnis-eu\\\/#breadcrumb\",\"itemListElement\":[{\"@type\":\"ListItem\",\"position\":1,\"name\":\"Startseite\",\"item\":\"https:\\\/\\\/auslaenderaemter.com\\\/\"},{\"@type\":\"ListItem\",\"position\":2,\"name\":\"Niederlassungserlaubnis-EU\"}]},{\"@type\":\"WebSite\",\"@id\":\"https:\\\/\\\/auslaenderaemter.com\\\/#website\",\"url\":\"https:\\\/\\\/auslaenderaemter.com\\\/\",\"name\":\"auslaenderaemter.com\",\"description\":\"\",\"publisher\":{\"@id\":\"https:\\\/\\\/auslaenderaemter.com\\\/#organization\"},\"potentialAction\":[{\"@type\":\"SearchAction\",\"target\":{\"@type\":\"EntryPoint\",\"urlTemplate\":\"https:\\\/\\\/auslaenderaemter.com\\\/?s={search_term_string}\"},\"query-input\":{\"@type\":\"PropertyValueSpecification\",\"valueRequired\":true,\"valueName\":\"search_term_string\"}}],\"inLanguage\":\"pt-PT\"},{\"@type\":\"Organization\",\"@id\":\"https:\\\/\\\/auslaenderaemter.com\\\/#organization\",\"name\":\"auslaenderaemter.com\",\"url\":\"https:\\\/\\\/auslaenderaemter.com\\\/\",\"logo\":{\"@type\":\"ImageObject\",\"inLanguage\":\"pt-PT\",\"@id\":\"https:\\\/\\\/auslaenderaemter.com\\\/#\\\/schema\\\/logo\\\/image\\\/\",\"url\":\"https:\\\/\\\/auslaenderaemter.com\\\/wp-content\\\/uploads\\\/2021\\\/01\\\/cropped-Vollmond-info-13.png\",\"contentUrl\":\"https:\\\/\\\/auslaenderaemter.com\\\/wp-content\\\/uploads\\\/2021\\\/01\\\/cropped-Vollmond-info-13.png\",\"width\":500,\"height\":117,\"caption\":\"auslaenderaemter.com\"},\"image\":{\"@id\":\"https:\\\/\\\/auslaenderaemter.com\\\/#\\\/schema\\\/logo\\\/image\\\/\"}}]}<\/script>\n<!-- \/ Yoast SEO plugin. -->","yoast_head_json":{"title":"Licen\u00e7a de liquida\u00e7\u00e3o da UE - auslaenderaemter.com","description":"Conhe\u00e7a a autoriza\u00e7\u00e3o de estabelecimento da UE: Requisitos, import\u00e2ncia e procedimento de solicita\u00e7\u00e3o explicados.","robots":{"index":"index","follow":"follow","max-snippet":"max-snippet:-1","max-image-preview":"max-image-preview:large","max-video-preview":"max-video-preview:-1"},"canonical":"https:\/\/auslaenderaemter.com\/pt\/licenca-de-liquidacao-eu\/","og_locale":"pt_PT","og_type":"article","og_title":"Niederlassungserlaubnis-EU - auslaenderaemter.com","og_description":"Lernen Sie die EU-Niederlassungserlaubnis kennen: Voraussetzungen, Bedeutung und Antragsverfahren erkl\u00e4rt.","og_url":"https:\/\/auslaenderaemter.com\/pt\/licenca-de-liquidacao-eu\/","og_site_name":"auslaenderaemter.com","og_image":[{"width":500,"height":500,"url":"https:\/\/auslaenderaemter.com\/wp-content\/uploads\/2021\/01\/Vollmond-info-13.png","type":"image\/png"}],"twitter_card":"summary_large_image","twitter_misc":{"Tempo estimado de leitura":"3 minutos"},"schema":{"@context":"https:\/\/schema.org","@graph":[{"@type":"WebPage","@id":"https:\/\/auslaenderaemter.com\/niederlassungserlaubnis-eu\/","url":"https:\/\/auslaenderaemter.com\/niederlassungserlaubnis-eu\/","name":"Licen\u00e7a de liquida\u00e7\u00e3o da UE - auslaenderaemter.com","isPartOf":{"@id":"https:\/\/auslaenderaemter.com\/#website"},"primaryImageOfPage":{"@id":"https:\/\/auslaenderaemter.com\/niederlassungserlaubnis-eu\/#primaryimage"},"image":{"@id":"https:\/\/auslaenderaemter.com\/niederlassungserlaubnis-eu\/#primaryimage"},"thumbnailUrl":"https:\/\/auslaenderaemter.com\/wp-content\/uploads\/2021\/01\/Vollmond-info-13.png","datePublished":"2023-06-12T14:24:19+00:00","description":"Conhe\u00e7a a autoriza\u00e7\u00e3o de estabelecimento da UE: Requisitos, import\u00e2ncia e procedimento de solicita\u00e7\u00e3o explicados.","breadcrumb":{"@id":"https:\/\/auslaenderaemter.com\/niederlassungserlaubnis-eu\/#breadcrumb"},"inLanguage":"pt-PT","potentialAction":[{"@type":"ReadAction","target":["https:\/\/auslaenderaemter.com\/niederlassungserlaubnis-eu\/"]}]},{"@type":"ImageObject","inLanguage":"pt-PT","@id":"https:\/\/auslaenderaemter.com\/niederlassungserlaubnis-eu\/#primaryimage","url":"https:\/\/auslaenderaemter.com\/wp-content\/uploads\/2021\/01\/Vollmond-info-13.png","contentUrl":"https:\/\/auslaenderaemter.com\/wp-content\/uploads\/2021\/01\/Vollmond-info-13.png","width":500,"height":500,"caption":"Abschiebung"},{"@type":"BreadcrumbList","@id":"https:\/\/auslaenderaemter.com\/niederlassungserlaubnis-eu\/#breadcrumb","itemListElement":[{"@type":"ListItem","position":1,"name":"Startseite","item":"https:\/\/auslaenderaemter.com\/"},{"@type":"ListItem","position":2,"name":"Niederlassungserlaubnis-EU"}]},{"@type":"WebSite","@id":"https:\/\/auslaenderaemter.com\/#website","url":"https:\/\/auslaenderaemter.com\/","name":"auslaenderaemter. com","description":"","publisher":{"@id":"https:\/\/auslaenderaemter.com\/#organization"},"potentialAction":[{"@type":"SearchAction","target":{"@type":"EntryPoint","urlTemplate":"https:\/\/auslaenderaemter.com\/?s={search_term_string}"},"query-input":{"@type":"PropertyValueSpecification","valueRequired":true,"valueName":"search_term_string"}}],"inLanguage":"pt-PT"},{"@type":"Organization","@id":"https:\/\/auslaenderaemter.com\/#organization","name":"auslaenderaemter. com","url":"https:\/\/auslaenderaemter.com\/","logo":{"@type":"ImageObject","inLanguage":"pt-PT","@id":"https:\/\/auslaenderaemter.com\/#\/schema\/logo\/image\/","url":"https:\/\/auslaenderaemter.com\/wp-content\/uploads\/2021\/01\/cropped-Vollmond-info-13.png","contentUrl":"https:\/\/auslaenderaemter.com\/wp-content\/uploads\/2021\/01\/cropped-Vollmond-info-13.png","width":500,"height":117,"caption":"auslaenderaemter.com"},"image":{"@id":"https:\/\/auslaenderaemter.com\/#\/schema\/logo\/image\/"}}]}},"_links":{"self":[{"href":"https:\/\/auslaenderaemter.com\/pt\/wp-json\/wp\/v2\/pages\/4041","targetHints":{"allow":["GET"]}}],"collection":[{"href":"https:\/\/auslaenderaemter.com\/pt\/wp-json\/wp\/v2\/pages"}],"about":[{"href":"https:\/\/auslaenderaemter.com\/pt\/wp-json\/wp\/v2\/types\/page"}],"author":[{"embeddable":true,"href":"https:\/\/auslaenderaemter.com\/pt\/wp-json\/wp\/v2\/users\/1"}],"replies":[{"embeddable":true,"href":"https:\/\/auslaenderaemter.com\/pt\/wp-json\/wp\/v2\/comments?post=4041"}],"version-history":[{"count":0,"href":"https:\/\/auslaenderaemter.com\/pt\/wp-json\/wp\/v2\/pages\/4041\/revisions"}],"wp:featuredmedia":[{"embeddable":true,"href":"https:\/\/auslaenderaemter.com\/pt\/wp-json\/wp\/v2\/media\/9"}],"wp:attachment":[{"href":"https:\/\/auslaenderaemter.com\/pt\/wp-json\/wp\/v2\/media?parent=4041"}],"curies":[{"name":"wp","href":"https:\/\/api.w.org\/{rel}","templated":true}]}}