{"id":4046,"date":"2023-06-12T16:41:00","date_gmt":"2023-06-12T14:41:00","guid":{"rendered":"https:\/\/auslaenderaemter.com\/?page_id=4046"},"modified":"2023-06-12T16:41:00","modified_gmt":"2023-06-12T14:41:00","slug":"duldung","status":"publish","type":"page","link":"https:\/\/auslaenderaemter.com\/pt\/tolerancia\/","title":{"rendered":"toler\u00e2ncia"},"content":{"rendered":"<p>Duldung \u00e9 um fator importante na lei de imigra\u00e7\u00e3o alem\u00e3 e tem um impacto na vida de muitas pessoas na Alemanha. Neste artigo, examinamos o que significa um Duldung, quem tem direito a ele e as implica\u00e7\u00f5es legais.<\/p>\n<h2>O que \u00e9 uma toler\u00e2ncia?<\/h2>\n<p>Uma toler\u00e2ncia \u00e9 <strong>sem autoriza\u00e7\u00e3o de resid\u00eancia<\/strong>, mas um <strong>suspens\u00e3o tempor\u00e1ria de deporta\u00e7\u00e3o<\/strong> por estrangeiros que, de fato, seriam obrigados a deixar o pa\u00eds. ela \u00e9 do <a href=\"https:\/\/auslaenderaemter.com\/pt\/\">autoridades de imigra\u00e7\u00e3o<\/a>\u00a0concedido se uma expuls\u00e3o n\u00e3o puder ser realizada temporariamente por raz\u00f5es legais ou factuais.<\/p>\n<p>A Duldung permite que a pessoa em quest\u00e3o permane\u00e7a temporariamente na Alemanha at\u00e9 que as raz\u00f5es para a suspens\u00e3o da deporta\u00e7\u00e3o n\u00e3o existam mais. No entanto, vem com limita\u00e7\u00f5es, como acesso limitado ao mercado de trabalho e benef\u00edcios sociais.<\/p>\n<h2>Pr\u00e9-requisitos para a toler\u00e2ncia<\/h2>\n<p>A toler\u00e2ncia \u00e9 geralmente concedida sob certas condi\u00e7\u00f5es:<\/p>\n<ol>\n<li><strong>Obst\u00e1culos legais ou factuais \u00e0 deporta\u00e7\u00e3o:<\/strong> Estes podem existir, por exemplo, se o estrangeiro for amea\u00e7ado de tortura ou pena de morte no seu pa\u00eds de origem, se n\u00e3o tiver documentos de viagem ou se o interessado estiver impossibilitado de viajar por motivos de sa\u00fade.<\/li>\n<li><strong>N\u00e3o participa\u00e7\u00e3o no obst\u00e1culo \u00e0 deporta\u00e7\u00e3o:<\/strong> Duldung geralmente s\u00f3 \u00e9 concedido se a pessoa em quest\u00e3o n\u00e3o for respons\u00e1vel pelo obst\u00e1culo \u00e0 deporta\u00e7\u00e3o.<\/li>\n<\/ol>\n<h2>Consequ\u00eancias legais da toler\u00e2ncia<\/h2>\n<p>A toler\u00e2ncia tem uma s\u00e9rie de consequ\u00eancias legais para os afetados:<\/p>\n<ol>\n<li><strong>Restri\u00e7\u00f5es de Resid\u00eancia:<\/strong> Muitas vezes, as pessoas com Duldung s\u00f3 podem viver e viajar em uma determinada \u00e1rea geogr\u00e1fica. Como regra, eles n\u00e3o podem deixar a \u00e1rea designada sem permiss\u00e3o.<\/li>\n<li><strong>Acesso restrito ao mercado de trabalho:<\/strong> As pessoas com Duldung geralmente t\u00eam acesso limitado ao mercado de trabalho. Como regra, eles s\u00f3 podem assumir o emprego ap\u00f3s um per\u00edodo de espera de tr\u00eas meses e precisam da aprova\u00e7\u00e3o das autoridades de imigra\u00e7\u00e3o e da Ag\u00eancia Federal de Emprego.<\/li>\n<li><strong>Benef\u00edcios sociais:<\/strong> Pessoas com \u201cDuldung\u201d geralmente t\u00eam direito a benef\u00edcios de acordo com o <a href=\"https:\/\/www.asyl.net\/themen\/sozialrecht\/asylbewerberleistungsgesetz#:~:text=Das%20Asylbewerberleistungsgesetz%20(AsylbLG)%20regelt%20den,)%2C%20sofern%20sie%20hilfsbed%C3%BCrftig%20sind.\" target=\"_blank\" rel=\"noopener\">Lei de benef\u00edcios para requerentes de asilo<\/a>que est\u00e3o abaixo do n\u00edvel de bem-estar.<\/li>\n<\/ol>\n<h2>Conclus\u00e3o<\/h2>\n<p>A toler\u00e2ncia \u00e9 uma parte importante da lei de imigra\u00e7\u00e3o alem\u00e3. Ele oferece \u00e0s pessoas que s\u00e3o realmente obrigadas a deixar o pa\u00eds prote\u00e7\u00e3o tempor\u00e1ria contra a deporta\u00e7\u00e3o. Ao mesmo tempo, vem com limita\u00e7\u00f5es significativas. \u00c9 importante que as pessoas que recebem uma toler\u00e2ncia estejam cientes de seus direitos e obriga\u00e7\u00f5es e procurem aconselhamento jur\u00eddico adequado.<\/p>","protected":false},"excerpt":{"rendered":"<p>A toler\u00e2ncia \u00e9 um fator importante na lei de imigra\u00e7\u00e3o alem\u00e3 e tem impacto na vida de muitas pessoas na Alemanha. Neste artigo analisamos o que significa toler\u00e2ncia, quem tem direito a ela e quais as implica\u00e7\u00f5es legais que tem. O que \u00e9 toler\u00e2ncia? A toler\u00e2ncia n\u00e3o \u00e9 uma autoriza\u00e7\u00e3o de resid\u00eancia, mas uma suspens\u00e3o tempor\u00e1ria da deporta\u00e7\u00e3o de estrangeiros...&nbsp;<a href=\"https:\/\/auslaenderaemter.com\/pt\/tolerancia\/\" rel=\"bookmark\">Leia mais \u00bb<span class=\"screen-reader-text\">toler\u00e2ncia<\/span><\/a><\/p>","protected":false},"author":1,"featured_media":9,"parent":0,"menu_order":0,"comment_status":"closed","ping_status":"closed","template":"","meta":{"neve_meta_sidebar":"","neve_meta_container":"","neve_meta_enable_content_width":"off","neve_meta_content_width":100,"neve_meta_title_alignment":"","neve_meta_author_avatar":"","neve_post_elements_order":"","neve_meta_disable_header":"","neve_meta_disable_footer":"","neve_meta_disable_title":"","neve_meta_reading_time":"","footnotes":""},"class_list":["post-4046","page","type-page","status-publish","has-post-thumbnail","hentry"],"yoast_head":"<!-- This site is optimized with the Yoast SEO plugin v27.5 - https:\/\/yoast.com\/product\/yoast-seo-wordpress\/ -->\n<title>Ausl\u00e4nder und Duldung in Deutschland - auslaenderaemter.com<\/title>\n<meta name=\"description\" content=\"Erfahren Sie mehr \u00fcber die Duldung in Deutschland: ihre Bedeutung, Voraussetzungen und die rechtlichen Konsequenzen f\u00fcr Ausl\u00e4nder.\" \/>\n<meta name=\"robots\" content=\"index, follow, max-snippet:-1, max-image-preview:large, max-video-preview:-1\" \/>\n<link rel=\"canonical\" href=\"https:\/\/auslaenderaemter.com\/pt\/tolerancia\/\" \/>\n<meta property=\"og:locale\" content=\"pt_PT\" \/>\n<meta property=\"og:type\" content=\"article\" \/>\n<meta property=\"og:title\" content=\"Ausl\u00e4nder und Duldung in Deutschland - auslaenderaemter.com\" \/>\n<meta property=\"og:description\" content=\"Erfahren Sie mehr \u00fcber die Duldung in Deutschland: ihre Bedeutung, Voraussetzungen und die rechtlichen Konsequenzen f\u00fcr Ausl\u00e4nder.\" \/>\n<meta property=\"og:url\" content=\"https:\/\/auslaenderaemter.com\/pt\/tolerancia\/\" \/>\n<meta property=\"og:site_name\" content=\"auslaenderaemter.com\" \/>\n<meta property=\"og:image\" content=\"https:\/\/auslaenderaemter.com\/wp-content\/uploads\/2021\/01\/Vollmond-info-13.png\" \/>\n\t<meta property=\"og:image:width\" content=\"500\" \/>\n\t<meta property=\"og:image:height\" content=\"500\" \/>\n\t<meta property=\"og:image:type\" content=\"image\/png\" \/>\n<meta name=\"twitter:card\" content=\"summary_large_image\" \/>\n<meta name=\"twitter:label1\" content=\"Tempo estimado de leitura\" \/>\n\t<meta name=\"twitter:data1\" content=\"2 minutos\" \/>\n<script type=\"application\/ld+json\" class=\"yoast-schema-graph\">{\"@context\":\"https:\\\/\\\/schema.org\",\"@graph\":[{\"@type\":\"WebPage\",\"@id\":\"https:\\\/\\\/auslaenderaemter.com\\\/duldung\\\/\",\"url\":\"https:\\\/\\\/auslaenderaemter.com\\\/duldung\\\/\",\"name\":\"Ausl\u00e4nder und Duldung in Deutschland - auslaenderaemter.com\",\"isPartOf\":{\"@id\":\"https:\\\/\\\/auslaenderaemter.com\\\/#website\"},\"primaryImageOfPage\":{\"@id\":\"https:\\\/\\\/auslaenderaemter.com\\\/duldung\\\/#primaryimage\"},\"image\":{\"@id\":\"https:\\\/\\\/auslaenderaemter.com\\\/duldung\\\/#primaryimage\"},\"thumbnailUrl\":\"https:\\\/\\\/auslaenderaemter.com\\\/wp-content\\\/uploads\\\/2021\\\/01\\\/Vollmond-info-13.png\",\"datePublished\":\"2023-06-12T14:41:00+00:00\",\"description\":\"Erfahren Sie mehr \u00fcber die Duldung in Deutschland: ihre Bedeutung, Voraussetzungen und die rechtlichen Konsequenzen f\u00fcr Ausl\u00e4nder.\",\"breadcrumb\":{\"@id\":\"https:\\\/\\\/auslaenderaemter.com\\\/duldung\\\/#breadcrumb\"},\"inLanguage\":\"pt-PT\",\"potentialAction\":[{\"@type\":\"ReadAction\",\"target\":[\"https:\\\/\\\/auslaenderaemter.com\\\/duldung\\\/\"]}]},{\"@type\":\"ImageObject\",\"inLanguage\":\"pt-PT\",\"@id\":\"https:\\\/\\\/auslaenderaemter.com\\\/duldung\\\/#primaryimage\",\"url\":\"https:\\\/\\\/auslaenderaemter.com\\\/wp-content\\\/uploads\\\/2021\\\/01\\\/Vollmond-info-13.png\",\"contentUrl\":\"https:\\\/\\\/auslaenderaemter.com\\\/wp-content\\\/uploads\\\/2021\\\/01\\\/Vollmond-info-13.png\",\"width\":500,\"height\":500,\"caption\":\"Abschiebung\"},{\"@type\":\"BreadcrumbList\",\"@id\":\"https:\\\/\\\/auslaenderaemter.com\\\/duldung\\\/#breadcrumb\",\"itemListElement\":[{\"@type\":\"ListItem\",\"position\":1,\"name\":\"Startseite\",\"item\":\"https:\\\/\\\/auslaenderaemter.com\\\/\"},{\"@type\":\"ListItem\",\"position\":2,\"name\":\"Duldung\"}]},{\"@type\":\"WebSite\",\"@id\":\"https:\\\/\\\/auslaenderaemter.com\\\/#website\",\"url\":\"https:\\\/\\\/auslaenderaemter.com\\\/\",\"name\":\"auslaenderaemter.com\",\"description\":\"\",\"publisher\":{\"@id\":\"https:\\\/\\\/auslaenderaemter.com\\\/#organization\"},\"potentialAction\":[{\"@type\":\"SearchAction\",\"target\":{\"@type\":\"EntryPoint\",\"urlTemplate\":\"https:\\\/\\\/auslaenderaemter.com\\\/?s={search_term_string}\"},\"query-input\":{\"@type\":\"PropertyValueSpecification\",\"valueRequired\":true,\"valueName\":\"search_term_string\"}}],\"inLanguage\":\"pt-PT\"},{\"@type\":\"Organization\",\"@id\":\"https:\\\/\\\/auslaenderaemter.com\\\/#organization\",\"name\":\"auslaenderaemter.com\",\"url\":\"https:\\\/\\\/auslaenderaemter.com\\\/\",\"logo\":{\"@type\":\"ImageObject\",\"inLanguage\":\"pt-PT\",\"@id\":\"https:\\\/\\\/auslaenderaemter.com\\\/#\\\/schema\\\/logo\\\/image\\\/\",\"url\":\"https:\\\/\\\/auslaenderaemter.com\\\/wp-content\\\/uploads\\\/2021\\\/01\\\/cropped-Vollmond-info-13.png\",\"contentUrl\":\"https:\\\/\\\/auslaenderaemter.com\\\/wp-content\\\/uploads\\\/2021\\\/01\\\/cropped-Vollmond-info-13.png\",\"width\":500,\"height\":117,\"caption\":\"auslaenderaemter.com\"},\"image\":{\"@id\":\"https:\\\/\\\/auslaenderaemter.com\\\/#\\\/schema\\\/logo\\\/image\\\/\"}}]}<\/script>\n<!-- \/ Yoast SEO plugin. -->","yoast_head_json":{"title":"Aliens e Duldung na Alemanha - auslaenderaemter.com","description":"Saiba mais sobre o Duldung na Alemanha: seu significado, requisitos e consequ\u00eancias legais para estrangeiros.","robots":{"index":"index","follow":"follow","max-snippet":"max-snippet:-1","max-image-preview":"max-image-preview:large","max-video-preview":"max-video-preview:-1"},"canonical":"https:\/\/auslaenderaemter.com\/pt\/tolerancia\/","og_locale":"pt_PT","og_type":"article","og_title":"Ausl\u00e4nder und Duldung in Deutschland - auslaenderaemter.com","og_description":"Erfahren Sie mehr \u00fcber die Duldung in Deutschland: ihre Bedeutung, Voraussetzungen und die rechtlichen Konsequenzen f\u00fcr Ausl\u00e4nder.","og_url":"https:\/\/auslaenderaemter.com\/pt\/tolerancia\/","og_site_name":"auslaenderaemter.com","og_image":[{"width":500,"height":500,"url":"https:\/\/auslaenderaemter.com\/wp-content\/uploads\/2021\/01\/Vollmond-info-13.png","type":"image\/png"}],"twitter_card":"summary_large_image","twitter_misc":{"Tempo estimado de leitura":"2 minutos"},"schema":{"@context":"https:\/\/schema.org","@graph":[{"@type":"WebPage","@id":"https:\/\/auslaenderaemter.com\/duldung\/","url":"https:\/\/auslaenderaemter.com\/duldung\/","name":"Aliens e Duldung na Alemanha - auslaenderaemter.com","isPartOf":{"@id":"https:\/\/auslaenderaemter.com\/#website"},"primaryImageOfPage":{"@id":"https:\/\/auslaenderaemter.com\/duldung\/#primaryimage"},"image":{"@id":"https:\/\/auslaenderaemter.com\/duldung\/#primaryimage"},"thumbnailUrl":"https:\/\/auslaenderaemter.com\/wp-content\/uploads\/2021\/01\/Vollmond-info-13.png","datePublished":"2023-06-12T14:41:00+00:00","description":"Saiba mais sobre o Duldung na Alemanha: seu significado, requisitos e consequ\u00eancias legais para estrangeiros.","breadcrumb":{"@id":"https:\/\/auslaenderaemter.com\/duldung\/#breadcrumb"},"inLanguage":"pt-PT","potentialAction":[{"@type":"ReadAction","target":["https:\/\/auslaenderaemter.com\/duldung\/"]}]},{"@type":"ImageObject","inLanguage":"pt-PT","@id":"https:\/\/auslaenderaemter.com\/duldung\/#primaryimage","url":"https:\/\/auslaenderaemter.com\/wp-content\/uploads\/2021\/01\/Vollmond-info-13.png","contentUrl":"https:\/\/auslaenderaemter.com\/wp-content\/uploads\/2021\/01\/Vollmond-info-13.png","width":500,"height":500,"caption":"Abschiebung"},{"@type":"BreadcrumbList","@id":"https:\/\/auslaenderaemter.com\/duldung\/#breadcrumb","itemListElement":[{"@type":"ListItem","position":1,"name":"Startseite","item":"https:\/\/auslaenderaemter.com\/"},{"@type":"ListItem","position":2,"name":"Duldung"}]},{"@type":"WebSite","@id":"https:\/\/auslaenderaemter.com\/#website","url":"https:\/\/auslaenderaemter.com\/","name":"auslaenderaemter. com","description":"","publisher":{"@id":"https:\/\/auslaenderaemter.com\/#organization"},"potentialAction":[{"@type":"SearchAction","target":{"@type":"EntryPoint","urlTemplate":"https:\/\/auslaenderaemter.com\/?s={search_term_string}"},"query-input":{"@type":"PropertyValueSpecification","valueRequired":true,"valueName":"search_term_string"}}],"inLanguage":"pt-PT"},{"@type":"Organization","@id":"https:\/\/auslaenderaemter.com\/#organization","name":"auslaenderaemter. com","url":"https:\/\/auslaenderaemter.com\/","logo":{"@type":"ImageObject","inLanguage":"pt-PT","@id":"https:\/\/auslaenderaemter.com\/#\/schema\/logo\/image\/","url":"https:\/\/auslaenderaemter.com\/wp-content\/uploads\/2021\/01\/cropped-Vollmond-info-13.png","contentUrl":"https:\/\/auslaenderaemter.com\/wp-content\/uploads\/2021\/01\/cropped-Vollmond-info-13.png","width":500,"height":117,"caption":"auslaenderaemter.com"},"image":{"@id":"https:\/\/auslaenderaemter.com\/#\/schema\/logo\/image\/"}}]}},"_links":{"self":[{"href":"https:\/\/auslaenderaemter.com\/pt\/wp-json\/wp\/v2\/pages\/4046","targetHints":{"allow":["GET"]}}],"collection":[{"href":"https:\/\/auslaenderaemter.com\/pt\/wp-json\/wp\/v2\/pages"}],"about":[{"href":"https:\/\/auslaenderaemter.com\/pt\/wp-json\/wp\/v2\/types\/page"}],"author":[{"embeddable":true,"href":"https:\/\/auslaenderaemter.com\/pt\/wp-json\/wp\/v2\/users\/1"}],"replies":[{"embeddable":true,"href":"https:\/\/auslaenderaemter.com\/pt\/wp-json\/wp\/v2\/comments?post=4046"}],"version-history":[{"count":0,"href":"https:\/\/auslaenderaemter.com\/pt\/wp-json\/wp\/v2\/pages\/4046\/revisions"}],"wp:featuredmedia":[{"embeddable":true,"href":"https:\/\/auslaenderaemter.com\/pt\/wp-json\/wp\/v2\/media\/9"}],"wp:attachment":[{"href":"https:\/\/auslaenderaemter.com\/pt\/wp-json\/wp\/v2\/media?parent=4046"}],"curies":[{"name":"wp","href":"https:\/\/api.w.org\/{rel}","templated":true}]}}