{"id":4048,"date":"2023-06-12T16:46:54","date_gmt":"2023-06-12T14:46:54","guid":{"rendered":"https:\/\/auslaenderaemter.com\/?page_id=4048"},"modified":"2023-06-12T16:46:54","modified_gmt":"2023-06-12T14:46:54","slug":"ausweisung","status":"publish","type":"page","link":"https:\/\/auslaenderaemter.com\/pt\/expulsao\/","title":{"rendered":"expuls\u00e3o"},"content":{"rendered":"<p>A expuls\u00e3o de estrangeiros \u00e9 parte integrante da lei de imigra\u00e7\u00e3o alem\u00e3, essencial para manter a seguran\u00e7a e a ordem p\u00fablicas. Neste artigo definiremos a expuls\u00e3o, explicaremos os motivos e destacaremos as poss\u00edveis consequ\u00eancias para os indiv\u00edduos afetados.<\/p>\n<h2>O que \u00e9 uma expuls\u00e3o?<\/h2>\n<p>A expuls\u00e3o \u00e9 um ato administrativo pelo qual o estrangeiro \u00e9 obrigado a sair do territ\u00f3rio federal e a n\u00e3o reentrar. Ser\u00e1 fornecido pelo respons\u00e1vel <a href=\"https:\/\/auslaenderaemter.com\/pt\/\">Autoridade de estrangeiros<\/a> organizado e inscrito no registo central de estrangeiros.<\/p>\n<h2>Raz\u00f5es para expuls\u00e3o<\/h2>\n<p>Existem v\u00e1rias raz\u00f5es pelas quais um estrangeiro pode ser expulso da Alemanha. Isso inclui:<\/p>\n<ol>\n<li><strong>Perigo para a seguran\u00e7a e a ordem p\u00fablicas:<\/strong> Se um estrangeiro representar uma amea\u00e7a \u00e0 seguran\u00e7a e \u00e0 ordem p\u00fablicas, isso poder\u00e1 constituir motivo para expuls\u00e3o. Este pode ser o caso, por exemplo, se o estrangeiro tiver sido condenado pela pr\u00e1tica de um crime.<\/li>\n<li><strong>Viola\u00e7\u00e3o dos regulamentos da lei de imigra\u00e7\u00e3o:<\/strong> Um estrangeiro tamb\u00e9m pode ser deportado se violar os regulamentos da lei de imigra\u00e7\u00e3o. Este pode ser o caso, por exemplo, se o estrangeiro trabalhar ilegalmente na Alemanha ou se violar a obriga\u00e7\u00e3o de comunica\u00e7\u00e3o.<\/li>\n<li><strong>Viola\u00e7\u00e3o da exig\u00eancia de passaporte:<\/strong> Os estrangeiros s\u00e3o obrigados a ter passaporte na Alemanha. Se um estrangeiro n\u00e3o tiver passaporte v\u00e1lido ou substituto de passaporte, isso pode constituir motivo para expuls\u00e3o.<\/li>\n<\/ol>\n<h2>Consequ\u00eancias da expuls\u00e3o<\/h2>\n<p>Uma expuls\u00e3o tem consequ\u00eancias graves para o estrangeiro em causa:<\/p>\n<ol>\n<li><strong>Obriga\u00e7\u00e3o de sair do pa\u00eds:<\/strong> O estrangeiro \u00e9 obrigado a deixar imediatamente o territ\u00f3rio federal. Se ele n\u00e3o fizer isso, poder\u00e1 ser deportado.<\/li>\n<li><strong>Proibi\u00e7\u00e3o de entrada e resid\u00eancia:<\/strong> A expuls\u00e3o \u00e9 geralmente acompanhada de uma proibi\u00e7\u00e3o de entrada e resid\u00eancia. Isso significa que o estrangeiro n\u00e3o poder\u00e1 entrar novamente em territ\u00f3rio federal. A proibi\u00e7\u00e3o de entrada e resid\u00eancia aplica-se normalmente por um per\u00edodo de cinco a dez anos, mas tamb\u00e9m pode ser ilimitada.<\/li>\n<\/ol>\n<h2>Conclus\u00e3o<\/h2>\n<p>A expuls\u00e3o \u00e9 uma interfer\u00eancia grave nos direitos de um estrangeiro. Garante que a seguran\u00e7a e a ordem p\u00fablicas sejam mantidas na Alemanha. Ao mesmo tempo, tem consequ\u00eancias graves para o estrangeiro afetado. Por isso, \u00e9 importante que os estrangeiros que permanecem na Alemanha cumpram os regulamentos da lei de imigra\u00e7\u00e3o e, se necess\u00e1rio, procurem aconselhamento jur\u00eddico.<\/p>","protected":false},"excerpt":{"rendered":"<p>A expuls\u00e3o de estrangeiros \u00e9 parte integrante da lei de imigra\u00e7\u00e3o alem\u00e3, essencial para manter a seguran\u00e7a e a ordem p\u00fablicas. Neste artigo definiremos a expuls\u00e3o, explicaremos os motivos e destacaremos as poss\u00edveis consequ\u00eancias para os indiv\u00edduos afetados. O que \u00e9 uma expuls\u00e3o? A expuls\u00e3o \u00e9 um ato administrativo pelo qual um estrangeiro\u2026&nbsp;<a href=\"https:\/\/auslaenderaemter.com\/pt\/expulsao\/\" rel=\"bookmark\">Leia mais \u00bb<span class=\"screen-reader-text\">expuls\u00e3o<\/span><\/a><\/p>","protected":false},"author":1,"featured_media":9,"parent":0,"menu_order":0,"comment_status":"closed","ping_status":"closed","template":"","meta":{"neve_meta_sidebar":"","neve_meta_container":"","neve_meta_enable_content_width":"off","neve_meta_content_width":100,"neve_meta_title_alignment":"","neve_meta_author_avatar":"","neve_post_elements_order":"","neve_meta_disable_header":"","neve_meta_disable_footer":"","neve_meta_disable_title":"","neve_meta_reading_time":"","footnotes":""},"class_list":["post-4048","page","type-page","status-publish","has-post-thumbnail","hentry"],"yoast_head":"<!-- This site is optimized with the Yoast SEO plugin v27.3 - https:\/\/yoast.com\/product\/yoast-seo-wordpress\/ -->\n<title>Ausweisung - Gr\u00fcnde und Folgen im deutschen Ausl\u00e4nderrecht<\/title>\n<meta name=\"description\" content=\"Verstehen Sie die Ausweisung im deutschen Ausl\u00e4nderrecht: ihre Definition, die Gr\u00fcnde daf\u00fcr und die daraus resultierenden Folgen.\" \/>\n<meta name=\"robots\" content=\"index, follow, max-snippet:-1, max-image-preview:large, max-video-preview:-1\" \/>\n<link rel=\"canonical\" href=\"https:\/\/auslaenderaemter.com\/pt\/expulsao\/\" \/>\n<meta property=\"og:locale\" content=\"pt_PT\" \/>\n<meta property=\"og:type\" content=\"article\" \/>\n<meta property=\"og:title\" content=\"Ausweisung - Gr\u00fcnde und Folgen im deutschen Ausl\u00e4nderrecht\" \/>\n<meta property=\"og:description\" content=\"Verstehen Sie die Ausweisung im deutschen Ausl\u00e4nderrecht: ihre Definition, die Gr\u00fcnde daf\u00fcr und die daraus resultierenden Folgen.\" \/>\n<meta property=\"og:url\" content=\"https:\/\/auslaenderaemter.com\/pt\/expulsao\/\" \/>\n<meta property=\"og:site_name\" content=\"auslaenderaemter.com\" \/>\n<meta property=\"og:image\" content=\"https:\/\/auslaenderaemter.com\/wp-content\/uploads\/2021\/01\/Vollmond-info-13.png\" \/>\n\t<meta property=\"og:image:width\" content=\"500\" \/>\n\t<meta property=\"og:image:height\" content=\"500\" \/>\n\t<meta property=\"og:image:type\" content=\"image\/png\" \/>\n<meta name=\"twitter:card\" content=\"summary_large_image\" \/>\n<meta name=\"twitter:label1\" content=\"Tempo estimado de leitura\" \/>\n\t<meta name=\"twitter:data1\" content=\"2 minutos\" \/>\n<script type=\"application\/ld+json\" class=\"yoast-schema-graph\">{\"@context\":\"https:\\\/\\\/schema.org\",\"@graph\":[{\"@type\":\"WebPage\",\"@id\":\"https:\\\/\\\/auslaenderaemter.com\\\/ausweisung\\\/\",\"url\":\"https:\\\/\\\/auslaenderaemter.com\\\/ausweisung\\\/\",\"name\":\"Ausweisung - Gr\u00fcnde und Folgen im deutschen Ausl\u00e4nderrecht\",\"isPartOf\":{\"@id\":\"https:\\\/\\\/auslaenderaemter.com\\\/#website\"},\"primaryImageOfPage\":{\"@id\":\"https:\\\/\\\/auslaenderaemter.com\\\/ausweisung\\\/#primaryimage\"},\"image\":{\"@id\":\"https:\\\/\\\/auslaenderaemter.com\\\/ausweisung\\\/#primaryimage\"},\"thumbnailUrl\":\"https:\\\/\\\/auslaenderaemter.com\\\/wp-content\\\/uploads\\\/2021\\\/01\\\/Vollmond-info-13.png\",\"datePublished\":\"2023-06-12T14:46:54+00:00\",\"description\":\"Verstehen Sie die Ausweisung im deutschen Ausl\u00e4nderrecht: ihre Definition, die Gr\u00fcnde daf\u00fcr und die daraus resultierenden Folgen.\",\"breadcrumb\":{\"@id\":\"https:\\\/\\\/auslaenderaemter.com\\\/ausweisung\\\/#breadcrumb\"},\"inLanguage\":\"pt-PT\",\"potentialAction\":[{\"@type\":\"ReadAction\",\"target\":[\"https:\\\/\\\/auslaenderaemter.com\\\/ausweisung\\\/\"]}]},{\"@type\":\"ImageObject\",\"inLanguage\":\"pt-PT\",\"@id\":\"https:\\\/\\\/auslaenderaemter.com\\\/ausweisung\\\/#primaryimage\",\"url\":\"https:\\\/\\\/auslaenderaemter.com\\\/wp-content\\\/uploads\\\/2021\\\/01\\\/Vollmond-info-13.png\",\"contentUrl\":\"https:\\\/\\\/auslaenderaemter.com\\\/wp-content\\\/uploads\\\/2021\\\/01\\\/Vollmond-info-13.png\",\"width\":500,\"height\":500,\"caption\":\"Abschiebung\"},{\"@type\":\"BreadcrumbList\",\"@id\":\"https:\\\/\\\/auslaenderaemter.com\\\/ausweisung\\\/#breadcrumb\",\"itemListElement\":[{\"@type\":\"ListItem\",\"position\":1,\"name\":\"Startseite\",\"item\":\"https:\\\/\\\/auslaenderaemter.com\\\/\"},{\"@type\":\"ListItem\",\"position\":2,\"name\":\"Ausweisung\"}]},{\"@type\":\"WebSite\",\"@id\":\"https:\\\/\\\/auslaenderaemter.com\\\/#website\",\"url\":\"https:\\\/\\\/auslaenderaemter.com\\\/\",\"name\":\"auslaenderaemter.com\",\"description\":\"\",\"publisher\":{\"@id\":\"https:\\\/\\\/auslaenderaemter.com\\\/#organization\"},\"potentialAction\":[{\"@type\":\"SearchAction\",\"target\":{\"@type\":\"EntryPoint\",\"urlTemplate\":\"https:\\\/\\\/auslaenderaemter.com\\\/?s={search_term_string}\"},\"query-input\":{\"@type\":\"PropertyValueSpecification\",\"valueRequired\":true,\"valueName\":\"search_term_string\"}}],\"inLanguage\":\"pt-PT\"},{\"@type\":\"Organization\",\"@id\":\"https:\\\/\\\/auslaenderaemter.com\\\/#organization\",\"name\":\"auslaenderaemter.com\",\"url\":\"https:\\\/\\\/auslaenderaemter.com\\\/\",\"logo\":{\"@type\":\"ImageObject\",\"inLanguage\":\"pt-PT\",\"@id\":\"https:\\\/\\\/auslaenderaemter.com\\\/#\\\/schema\\\/logo\\\/image\\\/\",\"url\":\"https:\\\/\\\/auslaenderaemter.com\\\/wp-content\\\/uploads\\\/2021\\\/01\\\/cropped-Vollmond-info-13.png\",\"contentUrl\":\"https:\\\/\\\/auslaenderaemter.com\\\/wp-content\\\/uploads\\\/2021\\\/01\\\/cropped-Vollmond-info-13.png\",\"width\":500,\"height\":117,\"caption\":\"auslaenderaemter.com\"},\"image\":{\"@id\":\"https:\\\/\\\/auslaenderaemter.com\\\/#\\\/schema\\\/logo\\\/image\\\/\"}}]}<\/script>\n<!-- \/ Yoast SEO plugin. -->","yoast_head_json":{"title":"Expuls\u00e3o \u2013 raz\u00f5es e consequ\u00eancias na lei de imigra\u00e7\u00e3o alem\u00e3","description":"Compreenda a expuls\u00e3o na lei de imigra\u00e7\u00e3o alem\u00e3: sua defini\u00e7\u00e3o, os motivos e as consequ\u00eancias decorrentes.","robots":{"index":"index","follow":"follow","max-snippet":"max-snippet:-1","max-image-preview":"max-image-preview:large","max-video-preview":"max-video-preview:-1"},"canonical":"https:\/\/auslaenderaemter.com\/pt\/expulsao\/","og_locale":"pt_PT","og_type":"article","og_title":"Ausweisung - Gr\u00fcnde und Folgen im deutschen Ausl\u00e4nderrecht","og_description":"Verstehen Sie die Ausweisung im deutschen Ausl\u00e4nderrecht: ihre Definition, die Gr\u00fcnde daf\u00fcr und die daraus resultierenden Folgen.","og_url":"https:\/\/auslaenderaemter.com\/pt\/expulsao\/","og_site_name":"auslaenderaemter.com","og_image":[{"width":500,"height":500,"url":"https:\/\/auslaenderaemter.com\/wp-content\/uploads\/2021\/01\/Vollmond-info-13.png","type":"image\/png"}],"twitter_card":"summary_large_image","twitter_misc":{"Tempo estimado de leitura":"2 minutos"},"schema":{"@context":"https:\/\/schema.org","@graph":[{"@type":"WebPage","@id":"https:\/\/auslaenderaemter.com\/ausweisung\/","url":"https:\/\/auslaenderaemter.com\/ausweisung\/","name":"Expuls\u00e3o \u2013 raz\u00f5es e consequ\u00eancias na lei de imigra\u00e7\u00e3o alem\u00e3","isPartOf":{"@id":"https:\/\/auslaenderaemter.com\/#website"},"primaryImageOfPage":{"@id":"https:\/\/auslaenderaemter.com\/ausweisung\/#primaryimage"},"image":{"@id":"https:\/\/auslaenderaemter.com\/ausweisung\/#primaryimage"},"thumbnailUrl":"https:\/\/auslaenderaemter.com\/wp-content\/uploads\/2021\/01\/Vollmond-info-13.png","datePublished":"2023-06-12T14:46:54+00:00","description":"Compreenda a expuls\u00e3o na lei de imigra\u00e7\u00e3o alem\u00e3: sua defini\u00e7\u00e3o, os motivos e as consequ\u00eancias decorrentes.","breadcrumb":{"@id":"https:\/\/auslaenderaemter.com\/ausweisung\/#breadcrumb"},"inLanguage":"pt-PT","potentialAction":[{"@type":"ReadAction","target":["https:\/\/auslaenderaemter.com\/ausweisung\/"]}]},{"@type":"ImageObject","inLanguage":"pt-PT","@id":"https:\/\/auslaenderaemter.com\/ausweisung\/#primaryimage","url":"https:\/\/auslaenderaemter.com\/wp-content\/uploads\/2021\/01\/Vollmond-info-13.png","contentUrl":"https:\/\/auslaenderaemter.com\/wp-content\/uploads\/2021\/01\/Vollmond-info-13.png","width":500,"height":500,"caption":"Abschiebung"},{"@type":"BreadcrumbList","@id":"https:\/\/auslaenderaemter.com\/ausweisung\/#breadcrumb","itemListElement":[{"@type":"ListItem","position":1,"name":"Startseite","item":"https:\/\/auslaenderaemter.com\/"},{"@type":"ListItem","position":2,"name":"Ausweisung"}]},{"@type":"WebSite","@id":"https:\/\/auslaenderaemter.com\/#website","url":"https:\/\/auslaenderaemter.com\/","name":"auslaenderaemter. com","description":"","publisher":{"@id":"https:\/\/auslaenderaemter.com\/#organization"},"potentialAction":[{"@type":"SearchAction","target":{"@type":"EntryPoint","urlTemplate":"https:\/\/auslaenderaemter.com\/?s={search_term_string}"},"query-input":{"@type":"PropertyValueSpecification","valueRequired":true,"valueName":"search_term_string"}}],"inLanguage":"pt-PT"},{"@type":"Organization","@id":"https:\/\/auslaenderaemter.com\/#organization","name":"auslaenderaemter. com","url":"https:\/\/auslaenderaemter.com\/","logo":{"@type":"ImageObject","inLanguage":"pt-PT","@id":"https:\/\/auslaenderaemter.com\/#\/schema\/logo\/image\/","url":"https:\/\/auslaenderaemter.com\/wp-content\/uploads\/2021\/01\/cropped-Vollmond-info-13.png","contentUrl":"https:\/\/auslaenderaemter.com\/wp-content\/uploads\/2021\/01\/cropped-Vollmond-info-13.png","width":500,"height":117,"caption":"auslaenderaemter.com"},"image":{"@id":"https:\/\/auslaenderaemter.com\/#\/schema\/logo\/image\/"}}]}},"_links":{"self":[{"href":"https:\/\/auslaenderaemter.com\/pt\/wp-json\/wp\/v2\/pages\/4048","targetHints":{"allow":["GET"]}}],"collection":[{"href":"https:\/\/auslaenderaemter.com\/pt\/wp-json\/wp\/v2\/pages"}],"about":[{"href":"https:\/\/auslaenderaemter.com\/pt\/wp-json\/wp\/v2\/types\/page"}],"author":[{"embeddable":true,"href":"https:\/\/auslaenderaemter.com\/pt\/wp-json\/wp\/v2\/users\/1"}],"replies":[{"embeddable":true,"href":"https:\/\/auslaenderaemter.com\/pt\/wp-json\/wp\/v2\/comments?post=4048"}],"version-history":[{"count":0,"href":"https:\/\/auslaenderaemter.com\/pt\/wp-json\/wp\/v2\/pages\/4048\/revisions"}],"wp:featuredmedia":[{"embeddable":true,"href":"https:\/\/auslaenderaemter.com\/pt\/wp-json\/wp\/v2\/media\/9"}],"wp:attachment":[{"href":"https:\/\/auslaenderaemter.com\/pt\/wp-json\/wp\/v2\/media?parent=4048"}],"curies":[{"name":"wp","href":"https:\/\/api.w.org\/{rel}","templated":true}]}}