{"id":46,"date":"2021-01-26T14:27:58","date_gmt":"2021-01-26T13:27:58","guid":{"rendered":"https:\/\/auslaenderaemter.com\/?page_id=46"},"modified":"2022-07-06T15:41:09","modified_gmt":"2022-07-06T13:41:09","slug":"auslaenderaemter-in-bayern","status":"publish","type":"page","link":"https:\/\/auslaenderaemter.com\/pt\/escritorios-de-imigracao-na-baviera\/","title":{"rendered":"Escrit\u00f3rios de imigra\u00e7\u00e3o na Baviera"},"content":{"rendered":"<p><strong>Aqui voc\u00ea encontrar\u00e1 informa\u00e7\u00f5es de contato, endere\u00e7os e hor\u00e1rios de funcionamento dos escrit\u00f3rios de imigra\u00e7\u00e3o \/ autoridades de imigra\u00e7\u00e3o - na Baviera.<\/strong><\/p>\n<h2><span id=\"Uebersicht_aller_Jobcenter_in_Baden-Wuerttemberg\" class=\"ez-toc-section\">Vis\u00e3o geral de todos os escrit\u00f3rios de imigra\u00e7\u00e3o \/ autoridades de imigra\u00e7\u00e3o na Baviera<\/span><\/h2>\n<ul>\n<li><a href=\"https:\/\/auslaenderaemter.com\/pt\/escritorio-de-imigracao-aichach\/\">Aichach<\/a><\/li>\n<li><a href=\"https:\/\/auslaenderaemter.com\/pt\/altotting-do-escritorio-de-imigracao\/\">Altetting<\/a><\/li>\n<li><a href=\"https:\/\/auslaenderaemter.com\/pt\/escritorio-de-imigracao-amberg\/\">Na montanha<\/a><\/li>\n<li><a href=\"https:\/\/auslaenderaemter.com\/pt\/escritorio-de-imigracao-ansbach\/\">Ansbach<\/a><\/li>\n<li><a href=\"https:\/\/auslaenderaemter.com\/pt\/escritorio-de-imigracao-augsburg\/\">augsburgo<\/a><\/li>\n<li><a href=\"https:\/\/auslaenderaemter.com\/pt\/escritorio-de-imigracao-bad-brueckenau\/\">Bad Brueckenau<\/a><\/li>\n<li><a href=\"https:\/\/auslaenderaemter.com\/pt\/escritorio-de-imigracao-bad-kissingen\/\">Bad Kissingen<\/a><\/li>\n<li><a href=\"https:\/\/auslaenderaemter.com\/pt\/escritorio-de-imigracao-bad-neustadt-an-der-saale\/\">Bad Neustadt an der Saale<\/a><\/li>\n<li><a href=\"https:\/\/auslaenderaemter.com\/pt\/escritorio-de-imigracao-bad-reichenhall\/\">Bad Reichenhall<\/a><\/li>\n<li><a href=\"https:\/\/auslaenderaemter.com\/pt\/escritorio-de-imigracao-bad-toelz\/\">Bad T\u00f6lz<\/a><\/li>\n<li><a href=\"https:\/\/auslaenderaemter.com\/pt\/escritorio-de-imigracao-bamberga\/\">Bamberg<\/a><\/li>\n<li><a href=\"https:\/\/auslaenderaemter.com\/pt\/escritorio-de-imigracao-bayreuth\/\">Bayreuth<\/a><\/li>\n<li><a href=\"https:\/\/auslaenderaemter.com\/pt\/escritorio-de-imigracao-bischofsheim-in-der-rhoen\/\">A casa do bispo no Rh\u00f6n<\/a><\/li>\n<li><a href=\"https:\/\/auslaenderaemter.com\/pt\/escritorio-de-imigracao-cham\/\">Cham<\/a><\/li>\n<li><a href=\"https:\/\/auslaenderaemter.com\/pt\/escritorio-de-imigracao-coburgo\/\">Coburgo<\/a><\/li>\n<li><a href=\"https:\/\/auslaenderaemter.com\/pt\/escritorio-de-imigracao-dachau\/\">Dachau<\/a><\/li>\n<li><a href=\"https:\/\/auslaenderaemter.com\/pt\/escritorio-de-imigracao-deggendorf\/\">Deggendorf<\/a><\/li>\n<li><a href=\"https:\/\/auslaenderaemter.com\/pt\/escritorio-de-imigracao-dillingen-on-the-donau\/\">Dillingen no Dan\u00fabio<\/a><\/li>\n<li><a href=\"https:\/\/auslaenderaemter.com\/pt\/escritorio-de-imigracao-dingolfing\/\">Digolfe<\/a><\/li>\n<li><a href=\"https:\/\/auslaenderaemter.com\/pt\/escritorio-de-imigracao-donauwoerth\/\">Donauworth<\/a><\/li>\n<li><a href=\"https:\/\/auslaenderaemter.com\/pt\/escritorio-de-imigracao-ebersberg\/\">Ebersberg<\/a><\/li>\n<li><a href=\"https:\/\/auslaenderaemter.com\/pt\/escritorio-de-imigracao-eichstaett\/\">calibra\u00e7\u00e3o<\/a><\/li>\n<li><a href=\"https:\/\/auslaenderaemter.com\/pt\/escritorio-de-imigracao-erding\/\">aterramento<\/a><\/li>\n<li><a href=\"https:\/\/auslaenderaemter.com\/pt\/escritorio-de-imigracao-erlangen\/\">ganho<\/a><\/li>\n<li><a href=\"https:\/\/auslaenderaemter.com\/pt\/escritorio-de-imigracao-forchheim\/\">forchheim<\/a><\/li>\n<li><a href=\"https:\/\/auslaenderaemter.com\/pt\/escritorio-de-imigracao-freising\/\">Freising<\/a><\/li>\n<li><a href=\"https:\/\/auslaenderaemter.com\/pt\/escritorio-de-imigracao-freyung\/\">Freyung<\/a><\/li>\n<li><a href=\"https:\/\/auslaenderaemter.com\/pt\/escritorio-de-imigracao-friedrichshafen\/\">Friedrichshafen<\/a><\/li>\n<li><a href=\"https:\/\/auslaenderaemter.com\/pt\/escritorio-de-imigracao-fuerstenfeldbruck\/\">F\u00fcrstenfeldbruck<\/a><\/li>\n<li><a href=\"https:\/\/auslaenderaemter.com\/pt\/escritorio-de-imigracao-fuerth\/\">Fuerth<\/a><\/li>\n<li><a href=\"https:\/\/auslaenderaemter.com\/pt\/ministerio-das-relacoes-exteriores-garmisch-partenkirchen\/\">Garmisch-Partenkirchen<\/a><\/li>\n<li><a href=\"https:\/\/auslaenderaemter.com\/pt\/escritorio-de-imigracao-germering\/\">Germering<\/a><\/li>\n<li><a href=\"https:\/\/auslaenderaemter.com\/pt\/escritorio-de-imigracao-guenzburg\/\">Guenzburgo<\/a><\/li>\n<li><a href=\"https:\/\/auslaenderaemter.com\/pt\/escritorio-de-imigracao-hassfurt\/\">Hassfurt<\/a><\/li>\n<li><a href=\"https:\/\/auslaenderaemter.com\/pt\/escritorio-de-imigracao-hof\/\">quadra<\/a><\/li>\n<li><a href=\"https:\/\/auslaenderaemter.com\/pt\/escritorio-de-imigracao-illertissen\/\">Doen\u00e7as<\/a><\/li>\n<li><a href=\"https:\/\/auslaenderaemter.com\/pt\/escritorio-de-imigracao-ingolstadt\/\">Ingolstadt<\/a><\/li>\n<li><a href=\"https:\/\/auslaenderaemter.com\/pt\/escritorio-de-imigracao-karlstadt\/\">Karlstadt<\/a><\/li>\n<li><a href=\"https:\/\/auslaenderaemter.com\/pt\/escritorio-de-imigracao-kaufbeuren\/\">Kaufbeuren<\/a><\/li>\n<li><a href=\"https:\/\/auslaenderaemter.com\/pt\/escritorio-de-imigracao-kelheim\/\">Kelheim<\/a><\/li>\n<li><a href=\"https:\/\/auslaenderaemter.com\/pt\/escritorio-de-imigracao-kempten\/\">Kempten<\/a><\/li>\n<li><a href=\"https:\/\/auslaenderaemter.com\/pt\/escritorio-de-imigracao-kitzingen\/\">Kitzingen<\/a><\/li>\n<li><a href=\"https:\/\/auslaenderaemter.com\/pt\/escritorio-de-imigracao-kronach\/\">Kronach<\/a><\/li>\n<li><a href=\"https:\/\/auslaenderaemter.com\/pt\/escritorio-de-imigracao-kulmbach\/\">Kulmbach<\/a><\/li>\n<li><a href=\"https:\/\/auslaenderaemter.com\/pt\/escritorio-de-imigracao-landsberg-am-lech\/\">Landsberg am Lech<\/a><\/li>\n<li><a href=\"https:\/\/auslaenderaemter.com\/pt\/escritorio-de-imigracao-landshut\/\">Fechado<\/a><\/li>\n<li><a href=\"https:\/\/auslaenderaemter.com\/pt\/escritorio-de-imigracao-lauf-an-der-pegnitz\/\">Corra no Pegnitz<\/a><\/li>\n<li><a href=\"https:\/\/auslaenderaemter.com\/pt\/escritorio-de-imigracao-4\/\">Para correr<\/a><\/li>\n<li><a href=\"https:\/\/auslaenderaemter.com\/pt\/escritorio-de-imigracao-lichtenfels\/\">Lichtenfels<\/a><\/li>\n<li><a href=\"https:\/\/auslaenderaemter.com\/pt\/escritorio-de-imigracao-lindau\/\">Lindau<\/a><\/li>\n<li><a href=\"https:\/\/auslaenderaemter.com\/pt\/escritorio-de-imigracao-marktoberdorf\/\">Marktoberdorf<\/a><\/li>\n<li><a href=\"https:\/\/auslaenderaemter.com\/pt\/escritorio-de-imigracao-memmingen\/\">memmingen<\/a><\/li>\n<li><a href=\"https:\/\/auslaenderaemter.com\/pt\/escritorio-de-imigracao-miesbach\/\">Miesbach<\/a><\/li>\n<li><a href=\"https:\/\/auslaenderaemter.com\/pt\/escritorio-de-imigracao-mindelheim\/\">Mindelheim<\/a><\/li>\n<li><a href=\"https:\/\/auslaenderaemter.com\/pt\/escritorio-de-imigracao-muehldorf-am-inn\/\">M\u00fchldorf am Inn<\/a><\/li>\n<li><a href=\"https:\/\/auslaenderaemter.com\/pt\/escritorio-de-imigracao-munique\/\">Munique<\/a><\/li>\n<li><a href=\"https:\/\/auslaenderaemter.com\/pt\/escritorio-de-imigracao-neu-ulm\/\">Neu-Ulm<\/a><\/li>\n<li><a href=\"https:\/\/auslaenderaemter.com\/pt\/escritorio-de-imigracao-neuburg-an-der-donau\/\">Neuburg no Dan\u00fabio<\/a><\/li>\n<li><a href=\"https:\/\/auslaenderaemter.com\/pt\/escritorio-de-imigracao-neumarkt-id-opf\/\">Neumarkt idOPf.<\/a><\/li>\n<li><a href=\"https:\/\/auslaenderaemter.com\/pt\/escritorio-de-imigracao-neustadt-an-der-aisch\/\">Neustadt an der Aisch<\/a><\/li>\n<li><a href=\"https:\/\/auslaenderaemter.com\/pt\/escritorio-de-imigracao-neustadt-an-der-waldnaab\/\">Neustadt an der Waldnaab<\/a><\/li>\n<li><a href=\"https:\/\/auslaenderaemter.com\/pt\/escritorio-de-imigracao-neustadt-bei-coburg\/\">Neustadt perto de Coburg<\/a><\/li>\n<li><a href=\"https:\/\/auslaenderaemter.com\/pt\/escritorio-de-imigracao-nuernberg\/\">Nuremberg<\/a><\/li>\n<li><a href=\"https:\/\/auslaenderaemter.com\/pt\/ministerio-das-relacoes-exteriores-obermaiselstein\/\">Obermaiselstein<\/a><\/li>\n<li><a href=\"https:\/\/auslaenderaemter.com\/pt\/escritorio-de-imigracao-ochsenfurt\/\">Ochsenfurt<\/a><\/li>\n<li><a href=\"https:\/\/auslaenderaemter.com\/pt\/escritorio-de-imigracao-passau\/\">Passau<\/a><\/li>\n<li><a href=\"https:\/\/auslaenderaemter.com\/pt\/escritorio-de-imigracao-pfaffenhofen-an-der-ilm\/\">Pfaffenhofen no Ilm<\/a><\/li>\n<li><a href=\"https:\/\/auslaenderaemter.com\/pt\/escritorio-de-imigracao-igrejas-paroquiais\/\">igrejas paroquiais<\/a><\/li>\n<li><a href=\"https:\/\/auslaenderaemter.com\/pt\/ministerio-das-relacoes-exteriores-de-regensburg\/\">regensburgo<\/a><\/li>\n<li><a href=\"https:\/\/auslaenderaemter.com\/pt\/escritorio-de-imigracao-rosenheim\/\">Rosenheim<\/a><\/li>\n<li><a href=\"https:\/\/auslaenderaemter.com\/pt\/escritorio-de-imigracao-roth\/\">Roth<\/a><\/li>\n<li><a href=\"https:\/\/auslaenderaemter.com\/pt\/escritorio-de-imigracao-rothenburg-ob-der-tauber\/\">Rothenburg ob der Tauber<\/a><\/li>\n<li><a href=\"https:\/\/auslaenderaemter.com\/pt\/escritorio-de-imigracao-schongau\/\">Schongau<\/a><\/li>\n<li><a href=\"https:\/\/auslaenderaemter.com\/pt\/ministerio-das-relacoes-exteriores-schwabach\/\">Schwabach<\/a><\/li>\n<li><a href=\"https:\/\/auslaenderaemter.com\/pt\/escritorio-de-imigracao-schwandorf\/\">Schwandorf<\/a><\/li>\n<li><a href=\"https:\/\/auslaenderaemter.com\/pt\/escritorio-de-imigracao-schweinfurt\/\">Schweinfurt<\/a><\/li>\n<li><a href=\"https:\/\/auslaenderaemter.com\/pt\/escritorio-de-imigracao-sonthofen\/\">Sonthofen<\/a><\/li>\n<li><a href=\"https:\/\/auslaenderaemter.com\/pt\/pedra-de-retransmissao-do-escritorio-de-imigracao\/\">Staffelstein<\/a><\/li>\n<li><a href=\"https:\/\/auslaenderaemter.com\/pt\/escritorio-de-imigracao-starnberg\/\">Starnberg<\/a><\/li>\n<li><a href=\"https:\/\/auslaenderaemter.com\/pt\/escritorio-de-imigracao-straubing\/\">Straubing<\/a><\/li>\n<li><a href=\"https:\/\/auslaenderaemter.com\/pt\/escritorio-de-imigracao-tirschenreuth\/\">Tirschenreuth<\/a><\/li>\n<li><a href=\"https:\/\/auslaenderaemter.com\/pt\/escritorio-de-imigracao-traunstein\/\">Traunstein<\/a><\/li>\n<li><a href=\"https:\/\/auslaenderaemter.com\/pt\/escritorio-de-imigracao-unterschleissheim\/\">Unterschleissheim<\/a><\/li>\n<li><a href=\"https:\/\/auslaenderaemter.com\/pt\/escritorio-de-imigracao-waal\/\">baleia<\/a><\/li>\n<li><a href=\"https:\/\/auslaenderaemter.com\/pt\/escritorio-de-imigracao-weiden-no-alto-palatinado\/\">Weiden no Alto Palatinado<\/a><\/li>\n<li><a href=\"https:\/\/auslaenderaemter.com\/pt\/escritorio-de-imigracao-weidenberg\/\">Weidenberg<\/a><\/li>\n<li><a href=\"https:\/\/auslaenderaemter.com\/pt\/escritorio-de-imigracao-weilheim-in-upper-bavaria\/\">Weilheim na Alta Baviera<\/a><\/li>\n<li><a href=\"https:\/\/auslaenderaemter.com\/pt\/ministerio-das-relacoes-exteriores-weissenburg\/\">Wei\u00dfenburg<\/a><\/li>\n<li><a href=\"https:\/\/auslaenderaemter.com\/pt\/escritorio-de-imigracao-wunsiedel\/\">Wunsiedel<\/a><\/li>\n<li><a href=\"https:\/\/auslaenderaemter.com\/pt\/escritorio-de-imigracao-wuerzburg\/\">W\u00fcrzburg<\/a><\/li>\n<li><a href=\"https:\/\/auslaenderaemter.com\/pt\/escritorio-de-imigracao-zirndorf\/\">Zirndorf<\/a><\/li>\n<\/ul>\n<h3>Tarefas das autoridades de imigra\u00e7\u00e3o<\/h3>\n<p>As autoridades de imigra\u00e7\u00e3o s\u00e3o respons\u00e1veis pelas medidas relacionadas com a lei de resid\u00eancia e passaporte. Eles decidem de acordo com a Lei de Resid\u00eancia e as disposi\u00e7\u00f5es de outras leis de imigra\u00e7\u00e3o.<\/p>\n<p><strong>Outras tarefas e servi\u00e7os s\u00e3o:<\/strong><\/p>\n<ul>\n<li>Autoriza\u00e7\u00e3o de resid\u00eancia eletr\u00f4nica (eAT)<\/li>\n<li>Pessoa de contato para ajuda a refugiados<\/li>\n<li>visto de trabalho<\/li>\n<li>entrada\u00a0<span class=\"highlight\">e<\/span>\u00a0Hospedagem na Alemanha<\/li>\n<li>asilo<\/li>\n<li>integra\u00e7\u00e3o<\/li>\n<li>declara\u00e7\u00e3o de compromisso<\/li>\n<\/ul>\n<h3>Nomea\u00e7\u00e3o no Escrit\u00f3rio de Imigra\u00e7\u00e3o<\/h3>\n<p>Na maioria dos casos, voc\u00ea pode fazer o agendamento por telefone, pelo formul\u00e1rio de contato ou pelo portal de atendimento da respectiva cidade. Por favor, certifique-se de ter todos os documentos necess\u00e1rios antes de visitar o Escrit\u00f3rio de Imigra\u00e7\u00e3o.<\/p>\n<div class=\"su-note\"  style=\"border-color:#dadbdd;border-radius:2px;-moz-border-radius:2px;-webkit-border-radius:2px;\"><div class=\"su-note-inner su-u-clearfix su-u-trim\" style=\"background-color:#f4f5f7;border-color:#ffffff;color:#333333;border-radius:2px;-moz-border-radius:2px;-webkit-border-radius:2px;\"><strong>Um aviso:<\/strong> Para escrit\u00f3rios, autoridades ou tribunais, voc\u00ea geralmente precisa dos documentos, certid\u00f5es ou certid\u00f5es conforme <a href=\"https:\/\/auslaenderaemter.com\/pt\/traducao-certificada-para-documentos-oficiais\/\">tradu\u00e7\u00e3o juramentada<\/a>.<\/div><\/div>\n<ul>\n<li>Com um\u00a0<a href=\"https:\/\/auslaenderaemter.com\/pt\/declaracao-de-compromisso\/\" data-wpel-link=\"internal\">declara\u00e7\u00e3o de compromisso<\/a>\u00a0voc\u00ea pode permitir que visitantes do exterior entrem na Alemanha.<\/li>\n<li><strong>Voc\u00ea est\u00e1 esperando visitantes do exterior?<\/strong>\u00a0Com um\u00a0<a href=\"https:\/\/tidd.ly\/3u98xUL\" target=\"_blank\" rel=\"nofollow noopener external noreferrer\" data-wpel-link=\"external\">Seguro de sa\u00fade de viagem para h\u00f3spedes estrangeiros<\/a>* voc\u00ea est\u00e1 totalmente protegido na Alemanha e na Europa.<\/li>\n<\/ul>\n<h3>Mais longe <span class=\"ez-toc-section\">autoridades de imigra\u00e7\u00e3o <\/span>links e fontes<\/h3>\n<ul>\n<li><a href=\"https:\/\/auslaenderaemter.com\/pt\/\">Escrit\u00f3rios de Imigra\u00e7\u00e3o na Alemanha<\/a><\/li>\n<li><a href=\"https:\/\/www.bamf.de\/DE\/Startseite\/startseite_node.html\" target=\"_blank\" rel=\"noopener nofollow external noreferrer\" data-wpel-link=\"external\">Departamento Federal de Migra\u00e7\u00e3o e Refugiados<\/a>\u00a0(BAMF)<\/li>\n<\/ul>","protected":false},"excerpt":{"rendered":"<p>Aqui voc\u00ea encontrar\u00e1 informa\u00e7\u00f5es de contato, endere\u00e7os e hor\u00e1rios de funcionamento dos escrit\u00f3rios de imigra\u00e7\u00e3o\/autoridades de imigra\u00e7\u00e3o - na Baviera. Vis\u00e3o geral de todos os escrit\u00f3rios de imigra\u00e7\u00e3o \/ autoridades de imigra\u00e7\u00e3o na Baviera Aichach Alt\u00f6tting Amberg Ansbach Augsburg Bad Br\u00fcckenau Bad Kissingen Bad Neustadt an der Saale Bad Reichenhall Bad T\u00f6lz Bamberg Bayreuth Bischofsheim no Rh\u00f6n Cham Coburg Dachau Deggendorf Dillingen an der Donau Dingolfing Donauw\u00f6rth\u2026&nbsp;<a href=\"https:\/\/auslaenderaemter.com\/pt\/escritorios-de-imigracao-na-baviera\/\" rel=\"bookmark\">Leia mais \u00bb<span class=\"screen-reader-text\">Escrit\u00f3rios de imigra\u00e7\u00e3o na Baviera<\/span><\/a><\/p>","protected":false},"author":1,"featured_media":37,"parent":0,"menu_order":0,"comment_status":"closed","ping_status":"closed","template":"","meta":{"neve_meta_sidebar":"full-width","neve_meta_container":"","neve_meta_enable_content_width":"on","neve_meta_content_width":100,"neve_meta_title_alignment":"","neve_meta_author_avatar":"","neve_post_elements_order":"","neve_meta_disable_header":"","neve_meta_disable_footer":"","neve_meta_disable_title":"","neve_meta_reading_time":"","footnotes":""},"class_list":["post-46","page","type-page","status-publish","has-post-thumbnail","hentry"],"yoast_head":"<!-- This site is optimized with the Yoast SEO plugin v27.4 - https:\/\/yoast.com\/product\/yoast-seo-wordpress\/ -->\n<title>Ausl\u00e4nder\u00e4mter in Bayern | Adresse, Anschrift und Kontakt<\/title>\n<meta name=\"description\" content=\"Ausl\u00e4nder\u00e4mter in Bayern | Adresse und Anschrift \u2713 Telefonnummer, Kontakt und \u00d6ffnungszeiten \u2713 Ausl\u00e4nderbeh\u00f6rden in Deutschland\" \/>\n<meta name=\"robots\" content=\"index, follow, max-snippet:-1, max-image-preview:large, max-video-preview:-1\" \/>\n<link rel=\"canonical\" href=\"https:\/\/auslaenderaemter.com\/pt\/escritorios-de-imigracao-na-baviera\/\" \/>\n<meta property=\"og:locale\" content=\"pt_PT\" \/>\n<meta property=\"og:type\" content=\"article\" \/>\n<meta property=\"og:title\" content=\"Ausl\u00e4nder\u00e4mter in Bayern | Adresse, Anschrift und Kontakt\" \/>\n<meta property=\"og:description\" content=\"Ausl\u00e4nder\u00e4mter in Bayern | Adresse und Anschrift \u2713 Telefonnummer, Kontakt und \u00d6ffnungszeiten \u2713 Ausl\u00e4nderbeh\u00f6rden in Deutschland\" \/>\n<meta property=\"og:url\" content=\"https:\/\/auslaenderaemter.com\/pt\/escritorios-de-imigracao-na-baviera\/\" \/>\n<meta property=\"og:site_name\" content=\"auslaenderaemter.com\" \/>\n<meta property=\"article:modified_time\" content=\"2022-07-06T13:41:09+00:00\" \/>\n<meta property=\"og:image\" content=\"https:\/\/auslaenderaemter.com\/wp-content\/uploads\/2021\/01\/city-263069_640.jpg\" \/>\n\t<meta property=\"og:image:width\" content=\"640\" \/>\n\t<meta property=\"og:image:height\" content=\"480\" \/>\n\t<meta property=\"og:image:type\" content=\"image\/jpeg\" \/>\n<meta name=\"twitter:card\" content=\"summary_large_image\" \/>\n<meta name=\"twitter:label1\" content=\"Tempo estimado de leitura\" \/>\n\t<meta name=\"twitter:data1\" content=\"2 minutos\" \/>\n<script type=\"application\/ld+json\" class=\"yoast-schema-graph\">{\"@context\":\"https:\\\/\\\/schema.org\",\"@graph\":[{\"@type\":\"WebPage\",\"@id\":\"https:\\\/\\\/auslaenderaemter.com\\\/auslaenderaemter-in-bayern\\\/\",\"url\":\"https:\\\/\\\/auslaenderaemter.com\\\/auslaenderaemter-in-bayern\\\/\",\"name\":\"Ausl\u00e4nder\u00e4mter in Bayern | Adresse, Anschrift und Kontakt\",\"isPartOf\":{\"@id\":\"https:\\\/\\\/auslaenderaemter.com\\\/#website\"},\"primaryImageOfPage\":{\"@id\":\"https:\\\/\\\/auslaenderaemter.com\\\/auslaenderaemter-in-bayern\\\/#primaryimage\"},\"image\":{\"@id\":\"https:\\\/\\\/auslaenderaemter.com\\\/auslaenderaemter-in-bayern\\\/#primaryimage\"},\"thumbnailUrl\":\"https:\\\/\\\/auslaenderaemter.com\\\/wp-content\\\/uploads\\\/2021\\\/01\\\/city-263069_640.jpg\",\"datePublished\":\"2021-01-26T13:27:58+00:00\",\"dateModified\":\"2022-07-06T13:41:09+00:00\",\"description\":\"Ausl\u00e4nder\u00e4mter in Bayern | Adresse und Anschrift \u2713 Telefonnummer, Kontakt und \u00d6ffnungszeiten \u2713 Ausl\u00e4nderbeh\u00f6rden in Deutschland\",\"breadcrumb\":{\"@id\":\"https:\\\/\\\/auslaenderaemter.com\\\/auslaenderaemter-in-bayern\\\/#breadcrumb\"},\"inLanguage\":\"pt-PT\",\"potentialAction\":[{\"@type\":\"ReadAction\",\"target\":[\"https:\\\/\\\/auslaenderaemter.com\\\/auslaenderaemter-in-bayern\\\/\"]}]},{\"@type\":\"ImageObject\",\"inLanguage\":\"pt-PT\",\"@id\":\"https:\\\/\\\/auslaenderaemter.com\\\/auslaenderaemter-in-bayern\\\/#primaryimage\",\"url\":\"https:\\\/\\\/auslaenderaemter.com\\\/wp-content\\\/uploads\\\/2021\\\/01\\\/city-263069_640.jpg\",\"contentUrl\":\"https:\\\/\\\/auslaenderaemter.com\\\/wp-content\\\/uploads\\\/2021\\\/01\\\/city-263069_640.jpg\",\"width\":640,\"height\":480,\"caption\":\"Ausl\u00e4nder\u00e4mter in Deutschland\"},{\"@type\":\"BreadcrumbList\",\"@id\":\"https:\\\/\\\/auslaenderaemter.com\\\/auslaenderaemter-in-bayern\\\/#breadcrumb\",\"itemListElement\":[{\"@type\":\"ListItem\",\"position\":1,\"name\":\"Startseite\",\"item\":\"https:\\\/\\\/auslaenderaemter.com\\\/\"},{\"@type\":\"ListItem\",\"position\":2,\"name\":\"Ausl\u00e4nder\u00e4mter in Bayern\"}]},{\"@type\":\"WebSite\",\"@id\":\"https:\\\/\\\/auslaenderaemter.com\\\/#website\",\"url\":\"https:\\\/\\\/auslaenderaemter.com\\\/\",\"name\":\"auslaenderaemter.com\",\"description\":\"\",\"publisher\":{\"@id\":\"https:\\\/\\\/auslaenderaemter.com\\\/#organization\"},\"potentialAction\":[{\"@type\":\"SearchAction\",\"target\":{\"@type\":\"EntryPoint\",\"urlTemplate\":\"https:\\\/\\\/auslaenderaemter.com\\\/?s={search_term_string}\"},\"query-input\":{\"@type\":\"PropertyValueSpecification\",\"valueRequired\":true,\"valueName\":\"search_term_string\"}}],\"inLanguage\":\"pt-PT\"},{\"@type\":\"Organization\",\"@id\":\"https:\\\/\\\/auslaenderaemter.com\\\/#organization\",\"name\":\"auslaenderaemter.com\",\"url\":\"https:\\\/\\\/auslaenderaemter.com\\\/\",\"logo\":{\"@type\":\"ImageObject\",\"inLanguage\":\"pt-PT\",\"@id\":\"https:\\\/\\\/auslaenderaemter.com\\\/#\\\/schema\\\/logo\\\/image\\\/\",\"url\":\"https:\\\/\\\/auslaenderaemter.com\\\/wp-content\\\/uploads\\\/2021\\\/01\\\/cropped-Vollmond-info-13.png\",\"contentUrl\":\"https:\\\/\\\/auslaenderaemter.com\\\/wp-content\\\/uploads\\\/2021\\\/01\\\/cropped-Vollmond-info-13.png\",\"width\":500,\"height\":117,\"caption\":\"auslaenderaemter.com\"},\"image\":{\"@id\":\"https:\\\/\\\/auslaenderaemter.com\\\/#\\\/schema\\\/logo\\\/image\\\/\"}}]}<\/script>\n<!-- \/ Yoast SEO plugin. -->","yoast_head_json":{"title":"Escrit\u00f3rios de Imigra\u00e7\u00e3o na Baviera | Endere\u00e7o, endere\u00e7o e contato","description":"Escrit\u00f3rios de Imigra\u00e7\u00e3o na Baviera | Morada e morada \u2713 N\u00famero de telefone, contacto e hor\u00e1rio de funcionamento \u2713 Autoridades de imigra\u00e7\u00e3o na Alemanha","robots":{"index":"index","follow":"follow","max-snippet":"max-snippet:-1","max-image-preview":"max-image-preview:large","max-video-preview":"max-video-preview:-1"},"canonical":"https:\/\/auslaenderaemter.com\/pt\/escritorios-de-imigracao-na-baviera\/","og_locale":"pt_PT","og_type":"article","og_title":"Ausl\u00e4nder\u00e4mter in Bayern | Adresse, Anschrift und Kontakt","og_description":"Ausl\u00e4nder\u00e4mter in Bayern | Adresse und Anschrift \u2713 Telefonnummer, Kontakt und \u00d6ffnungszeiten \u2713 Ausl\u00e4nderbeh\u00f6rden in Deutschland","og_url":"https:\/\/auslaenderaemter.com\/pt\/escritorios-de-imigracao-na-baviera\/","og_site_name":"auslaenderaemter.com","article_modified_time":"2022-07-06T13:41:09+00:00","og_image":[{"width":640,"height":480,"url":"https:\/\/auslaenderaemter.com\/wp-content\/uploads\/2021\/01\/city-263069_640.jpg","type":"image\/jpeg"}],"twitter_card":"summary_large_image","twitter_misc":{"Tempo estimado de leitura":"2 minutos"},"schema":{"@context":"https:\/\/schema.org","@graph":[{"@type":"WebPage","@id":"https:\/\/auslaenderaemter.com\/auslaenderaemter-in-bayern\/","url":"https:\/\/auslaenderaemter.com\/auslaenderaemter-in-bayern\/","name":"Escrit\u00f3rios de Imigra\u00e7\u00e3o na Baviera | Endere\u00e7o, endere\u00e7o e contato","isPartOf":{"@id":"https:\/\/auslaenderaemter.com\/#website"},"primaryImageOfPage":{"@id":"https:\/\/auslaenderaemter.com\/auslaenderaemter-in-bayern\/#primaryimage"},"image":{"@id":"https:\/\/auslaenderaemter.com\/auslaenderaemter-in-bayern\/#primaryimage"},"thumbnailUrl":"https:\/\/auslaenderaemter.com\/wp-content\/uploads\/2021\/01\/city-263069_640.jpg","datePublished":"2021-01-26T13:27:58+00:00","dateModified":"2022-07-06T13:41:09+00:00","description":"Escrit\u00f3rios de Imigra\u00e7\u00e3o na Baviera | Morada e morada \u2713 N\u00famero de telefone, contacto e hor\u00e1rio de funcionamento \u2713 Autoridades de imigra\u00e7\u00e3o na Alemanha","breadcrumb":{"@id":"https:\/\/auslaenderaemter.com\/auslaenderaemter-in-bayern\/#breadcrumb"},"inLanguage":"pt-PT","potentialAction":[{"@type":"ReadAction","target":["https:\/\/auslaenderaemter.com\/auslaenderaemter-in-bayern\/"]}]},{"@type":"ImageObject","inLanguage":"pt-PT","@id":"https:\/\/auslaenderaemter.com\/auslaenderaemter-in-bayern\/#primaryimage","url":"https:\/\/auslaenderaemter.com\/wp-content\/uploads\/2021\/01\/city-263069_640.jpg","contentUrl":"https:\/\/auslaenderaemter.com\/wp-content\/uploads\/2021\/01\/city-263069_640.jpg","width":640,"height":480,"caption":"Ausl\u00e4nder\u00e4mter in Deutschland"},{"@type":"BreadcrumbList","@id":"https:\/\/auslaenderaemter.com\/auslaenderaemter-in-bayern\/#breadcrumb","itemListElement":[{"@type":"ListItem","position":1,"name":"Startseite","item":"https:\/\/auslaenderaemter.com\/"},{"@type":"ListItem","position":2,"name":"Ausl\u00e4nder\u00e4mter in Bayern"}]},{"@type":"WebSite","@id":"https:\/\/auslaenderaemter.com\/#website","url":"https:\/\/auslaenderaemter.com\/","name":"auslaenderaemter. com","description":"","publisher":{"@id":"https:\/\/auslaenderaemter.com\/#organization"},"potentialAction":[{"@type":"SearchAction","target":{"@type":"EntryPoint","urlTemplate":"https:\/\/auslaenderaemter.com\/?s={search_term_string}"},"query-input":{"@type":"PropertyValueSpecification","valueRequired":true,"valueName":"search_term_string"}}],"inLanguage":"pt-PT"},{"@type":"Organization","@id":"https:\/\/auslaenderaemter.com\/#organization","name":"auslaenderaemter. com","url":"https:\/\/auslaenderaemter.com\/","logo":{"@type":"ImageObject","inLanguage":"pt-PT","@id":"https:\/\/auslaenderaemter.com\/#\/schema\/logo\/image\/","url":"https:\/\/auslaenderaemter.com\/wp-content\/uploads\/2021\/01\/cropped-Vollmond-info-13.png","contentUrl":"https:\/\/auslaenderaemter.com\/wp-content\/uploads\/2021\/01\/cropped-Vollmond-info-13.png","width":500,"height":117,"caption":"auslaenderaemter.com"},"image":{"@id":"https:\/\/auslaenderaemter.com\/#\/schema\/logo\/image\/"}}]}},"_links":{"self":[{"href":"https:\/\/auslaenderaemter.com\/pt\/wp-json\/wp\/v2\/pages\/46","targetHints":{"allow":["GET"]}}],"collection":[{"href":"https:\/\/auslaenderaemter.com\/pt\/wp-json\/wp\/v2\/pages"}],"about":[{"href":"https:\/\/auslaenderaemter.com\/pt\/wp-json\/wp\/v2\/types\/page"}],"author":[{"embeddable":true,"href":"https:\/\/auslaenderaemter.com\/pt\/wp-json\/wp\/v2\/users\/1"}],"replies":[{"embeddable":true,"href":"https:\/\/auslaenderaemter.com\/pt\/wp-json\/wp\/v2\/comments?post=46"}],"version-history":[{"count":0,"href":"https:\/\/auslaenderaemter.com\/pt\/wp-json\/wp\/v2\/pages\/46\/revisions"}],"wp:featuredmedia":[{"embeddable":true,"href":"https:\/\/auslaenderaemter.com\/pt\/wp-json\/wp\/v2\/media\/37"}],"wp:attachment":[{"href":"https:\/\/auslaenderaemter.com\/pt\/wp-json\/wp\/v2\/media?parent=46"}],"curies":[{"name":"wp","href":"https:\/\/api.w.org\/{rel}","templated":true}]}}