{"id":655,"date":"2021-02-08T12:05:27","date_gmt":"2021-02-08T11:05:27","guid":{"rendered":"https:\/\/auslaenderaemter.com\/?page_id=655"},"modified":"2022-07-11T10:24:28","modified_gmt":"2022-07-11T08:24:28","slug":"auslaenderamt-pinneberg","status":"publish","type":"page","link":"https:\/\/auslaenderaemter.com\/pt\/escritorio-de-imigracao-pinneberg\/","title":{"rendered":"Escrit\u00f3rio de imigra\u00e7\u00e3o de Pinneberg"},"content":{"rendered":"<h2>Escrit\u00f3rio de imigra\u00e7\u00e3o \/ autoridade de imigra\u00e7\u00e3o em Pinneberg - endere\u00e7o e endere\u00e7o para visitantes<\/h2>\n<ul>\n<li><strong>Endere\u00e7o:<\/strong> Administra\u00e7\u00e3o distrital de Pinneberg, Moltkestr. 10, 25421 Pinneberg<\/li>\n<li><strong>Telefone:<\/strong> 04101 212-0<\/li>\n<li><strong>Fax:<\/strong> 04101 212-687<\/li>\n<li><strong>Local na rede Internet:\u00a0<\/strong><\/li>\n<li><strong>Hor\u00e1rio de funcionamento:<\/strong> ver site<\/li>\n<\/ul>\n<p><iframe style=\"border: 0;\" tabindex=\"0\" src=\"https:\/\/www.google.com\/maps\/embed?pb=!1m18!1m12!1m3!1d75658.6637887086!2d9.727442158203123!3d53.65885999999999!2m3!1f0!2f0!3f0!3m2!1i1024!2i768!4f13.1!3m3!1m2!1s0x47b1805f7c7f6f0b%3A0xc9613b4f4fafb96b!2sKreisverwaltung%20Fachdienst%20Bauordnung!5e0!3m2!1sde!2sde!4v1612782314656!5m2!1sde!2sde\" width=\"600\" height=\"450\" frameborder=\"0\" allowfullscreen=\"allowfullscreen\" aria-hidden=\"false\"><\/iframe><\/p>\n<h3><strong>Nomea\u00e7\u00e3o no\u00a0<\/strong>Autoridade de estrangeiros\u00a0<strong>em Pinneberg<\/strong><\/h3>\n<p>Na maioria dos casos, voc\u00ea pode fazer o agendamento por telefone, pelo formul\u00e1rio de contato ou pelo portal de atendimento da respectiva cidade. Por favor, certifique-se de ter todos os documentos necess\u00e1rios antes de visitar o Escrit\u00f3rio de Imigra\u00e7\u00e3o.<\/p>\n<div class=\"su-note\"  style=\"border-color:#dadbdd;border-radius:2px;-moz-border-radius:2px;-webkit-border-radius:2px;\"><div class=\"su-note-inner su-u-clearfix su-u-trim\" style=\"background-color:#f4f5f7;border-color:#ffffff;color:#333333;border-radius:2px;-moz-border-radius:2px;-webkit-border-radius:2px;\"><strong>Um aviso:<\/strong> Para escrit\u00f3rios, autoridades ou tribunais, voc\u00ea geralmente precisa dos documentos, certid\u00f5es ou certid\u00f5es conforme <a href=\"https:\/\/auslaenderaemter.com\/pt\/traducao-certificada-para-documentos-oficiais\/\">tradu\u00e7\u00e3o juramentada<\/a>.<\/div><\/div>\n<ul>\n<li>Com um\u00a0<a href=\"https:\/\/auslaenderaemter.com\/pt\/declaracao-de-compromisso\/\" data-wpel-link=\"internal\">declara\u00e7\u00e3o de compromisso<\/a>\u00a0voc\u00ea pode permitir que visitantes do exterior entrem na Alemanha.<\/li>\n<li><strong>Voc\u00ea est\u00e1 esperando visitantes do exterior?<\/strong>\u00a0Com um\u00a0<a href=\"https:\/\/tidd.ly\/3u98xUL\" target=\"_blank\" rel=\"nofollow noopener external noreferrer\" data-wpel-link=\"external\">Seguro de sa\u00fade de viagem para h\u00f3spedes estrangeiros<\/a>* voc\u00ea est\u00e1 totalmente protegido na Alemanha e na Europa.<\/li>\n<\/ul>\n<h3>Outras autoridades de imigra\u00e7\u00e3o<\/h3>\n<ul>\n<li><a href=\"https:\/\/auslaenderaemter.com\/pt\/escritorios-de-imigracao-em-schleswig-holstein\/\">Escrit\u00f3rios de Imigra\u00e7\u00e3o em Schleswig-Holstein<\/a><\/li>\n<li><a href=\"https:\/\/auslaenderaemter.com\/pt\/\">Escrit\u00f3rios de Imigra\u00e7\u00e3o na Alemanha<\/a><\/li>\n<\/ul>","protected":false},"excerpt":{"rendered":"<p>Escrit\u00f3rio de imigra\u00e7\u00e3o \/ autoridade de imigra\u00e7\u00e3o em Pinneberg - endere\u00e7o e endere\u00e7o para visitantes Endere\u00e7o: Administra\u00e7\u00e3o distrital de Pinneberg, Moltkestr. 10, 25421 Pinneberg Telefone: 04101 212-0 Fax: 04101 212-687 Site: Hor\u00e1rio de funcionamento: ver site Consulta no escrit\u00f3rio de imigra\u00e7\u00e3o de Pinneberg Na maioria dos casos, voc\u00ea pode marcar uma consulta por telefone, atrav\u00e9s do formul\u00e1rio de contato ou atrav\u00e9s do servi\u00e7o portal da respectiva cidade. Por favor certifique-se\u2026&nbsp;<a href=\"https:\/\/auslaenderaemter.com\/pt\/escritorio-de-imigracao-pinneberg\/\" rel=\"bookmark\">Leia mais \u00bb<span class=\"screen-reader-text\">Escrit\u00f3rio de imigra\u00e7\u00e3o de Pinneberg<\/span><\/a><\/p>","protected":false},"author":1,"featured_media":37,"parent":0,"menu_order":0,"comment_status":"closed","ping_status":"closed","template":"","meta":{"neve_meta_sidebar":"full-width","neve_meta_container":"","neve_meta_enable_content_width":"on","neve_meta_content_width":100,"neve_meta_title_alignment":"","neve_meta_author_avatar":"","neve_post_elements_order":"","neve_meta_disable_header":"","neve_meta_disable_footer":"","neve_meta_disable_title":"","neve_meta_reading_time":"","footnotes":""},"class_list":["post-655","page","type-page","status-publish","has-post-thumbnail","hentry"],"yoast_head":"<!-- This site is optimized with the Yoast SEO plugin v27.4 - https:\/\/yoast.com\/product\/yoast-seo-wordpress\/ -->\n<title>Ausl\u00e4nderamt Pinneberg | Adresse, Kontakt und \u00d6ffnungszeiten<\/title>\n<meta name=\"description\" content=\"Ausl\u00e4nderamt Pinneberg | Adresse und Anschrift \u2713 Telefonnummer, Kontakt und \u00d6ffnungszeiten \u2713 Anfahrt \u2713 Ausl\u00e4nderbeh\u00f6rden in Deutschland\" \/>\n<meta name=\"robots\" content=\"index, follow, max-snippet:-1, max-image-preview:large, max-video-preview:-1\" \/>\n<link rel=\"canonical\" href=\"https:\/\/auslaenderaemter.com\/pt\/escritorio-de-imigracao-pinneberg\/\" \/>\n<meta property=\"og:locale\" content=\"pt_PT\" \/>\n<meta property=\"og:type\" content=\"article\" \/>\n<meta property=\"og:title\" content=\"Ausl\u00e4nderamt Pinneberg | Adresse, Kontakt und \u00d6ffnungszeiten\" \/>\n<meta property=\"og:description\" content=\"Ausl\u00e4nderamt Pinneberg | Adresse und Anschrift \u2713 Telefonnummer, Kontakt und \u00d6ffnungszeiten \u2713 Anfahrt \u2713 Ausl\u00e4nderbeh\u00f6rden in Deutschland\" \/>\n<meta property=\"og:url\" content=\"https:\/\/auslaenderaemter.com\/pt\/escritorio-de-imigracao-pinneberg\/\" \/>\n<meta property=\"og:site_name\" content=\"auslaenderaemter.com\" \/>\n<meta property=\"article:modified_time\" content=\"2022-07-11T08:24:28+00:00\" \/>\n<meta property=\"og:image\" content=\"https:\/\/auslaenderaemter.com\/wp-content\/uploads\/2021\/01\/city-263069_640.jpg\" \/>\n\t<meta property=\"og:image:width\" content=\"640\" \/>\n\t<meta property=\"og:image:height\" content=\"480\" \/>\n\t<meta property=\"og:image:type\" content=\"image\/jpeg\" \/>\n<meta name=\"twitter:card\" content=\"summary_large_image\" \/>\n<meta name=\"twitter:label1\" content=\"Tempo estimado de leitura\" \/>\n\t<meta name=\"twitter:data1\" content=\"1 minuto\" \/>\n<script type=\"application\/ld+json\" class=\"yoast-schema-graph\">{\"@context\":\"https:\\\/\\\/schema.org\",\"@graph\":[{\"@type\":\"WebPage\",\"@id\":\"https:\\\/\\\/auslaenderaemter.com\\\/auslaenderamt-pinneberg\\\/\",\"url\":\"https:\\\/\\\/auslaenderaemter.com\\\/auslaenderamt-pinneberg\\\/\",\"name\":\"Ausl\u00e4nderamt Pinneberg | Adresse, Kontakt und \u00d6ffnungszeiten\",\"isPartOf\":{\"@id\":\"https:\\\/\\\/auslaenderaemter.com\\\/#website\"},\"primaryImageOfPage\":{\"@id\":\"https:\\\/\\\/auslaenderaemter.com\\\/auslaenderamt-pinneberg\\\/#primaryimage\"},\"image\":{\"@id\":\"https:\\\/\\\/auslaenderaemter.com\\\/auslaenderamt-pinneberg\\\/#primaryimage\"},\"thumbnailUrl\":\"https:\\\/\\\/auslaenderaemter.com\\\/wp-content\\\/uploads\\\/2021\\\/01\\\/city-263069_640.jpg\",\"datePublished\":\"2021-02-08T11:05:27+00:00\",\"dateModified\":\"2022-07-11T08:24:28+00:00\",\"description\":\"Ausl\u00e4nderamt Pinneberg | Adresse und Anschrift \u2713 Telefonnummer, Kontakt und \u00d6ffnungszeiten \u2713 Anfahrt \u2713 Ausl\u00e4nderbeh\u00f6rden in Deutschland\",\"breadcrumb\":{\"@id\":\"https:\\\/\\\/auslaenderaemter.com\\\/auslaenderamt-pinneberg\\\/#breadcrumb\"},\"inLanguage\":\"pt-PT\",\"potentialAction\":[{\"@type\":\"ReadAction\",\"target\":[\"https:\\\/\\\/auslaenderaemter.com\\\/auslaenderamt-pinneberg\\\/\"]}]},{\"@type\":\"ImageObject\",\"inLanguage\":\"pt-PT\",\"@id\":\"https:\\\/\\\/auslaenderaemter.com\\\/auslaenderamt-pinneberg\\\/#primaryimage\",\"url\":\"https:\\\/\\\/auslaenderaemter.com\\\/wp-content\\\/uploads\\\/2021\\\/01\\\/city-263069_640.jpg\",\"contentUrl\":\"https:\\\/\\\/auslaenderaemter.com\\\/wp-content\\\/uploads\\\/2021\\\/01\\\/city-263069_640.jpg\",\"width\":640,\"height\":480,\"caption\":\"Ausl\u00e4nder\u00e4mter in Deutschland\"},{\"@type\":\"BreadcrumbList\",\"@id\":\"https:\\\/\\\/auslaenderaemter.com\\\/auslaenderamt-pinneberg\\\/#breadcrumb\",\"itemListElement\":[{\"@type\":\"ListItem\",\"position\":1,\"name\":\"Startseite\",\"item\":\"https:\\\/\\\/auslaenderaemter.com\\\/\"},{\"@type\":\"ListItem\",\"position\":2,\"name\":\"Ausl\u00e4nderamt Pinneberg\"}]},{\"@type\":\"WebSite\",\"@id\":\"https:\\\/\\\/auslaenderaemter.com\\\/#website\",\"url\":\"https:\\\/\\\/auslaenderaemter.com\\\/\",\"name\":\"auslaenderaemter.com\",\"description\":\"\",\"publisher\":{\"@id\":\"https:\\\/\\\/auslaenderaemter.com\\\/#organization\"},\"potentialAction\":[{\"@type\":\"SearchAction\",\"target\":{\"@type\":\"EntryPoint\",\"urlTemplate\":\"https:\\\/\\\/auslaenderaemter.com\\\/?s={search_term_string}\"},\"query-input\":{\"@type\":\"PropertyValueSpecification\",\"valueRequired\":true,\"valueName\":\"search_term_string\"}}],\"inLanguage\":\"pt-PT\"},{\"@type\":\"Organization\",\"@id\":\"https:\\\/\\\/auslaenderaemter.com\\\/#organization\",\"name\":\"auslaenderaemter.com\",\"url\":\"https:\\\/\\\/auslaenderaemter.com\\\/\",\"logo\":{\"@type\":\"ImageObject\",\"inLanguage\":\"pt-PT\",\"@id\":\"https:\\\/\\\/auslaenderaemter.com\\\/#\\\/schema\\\/logo\\\/image\\\/\",\"url\":\"https:\\\/\\\/auslaenderaemter.com\\\/wp-content\\\/uploads\\\/2021\\\/01\\\/cropped-Vollmond-info-13.png\",\"contentUrl\":\"https:\\\/\\\/auslaenderaemter.com\\\/wp-content\\\/uploads\\\/2021\\\/01\\\/cropped-Vollmond-info-13.png\",\"width\":500,\"height\":117,\"caption\":\"auslaenderaemter.com\"},\"image\":{\"@id\":\"https:\\\/\\\/auslaenderaemter.com\\\/#\\\/schema\\\/logo\\\/image\\\/\"}}]}<\/script>\n<!-- \/ Yoast SEO plugin. -->","yoast_head_json":{"title":"Escrit\u00f3rio de Imigra\u00e7\u00e3o de Pinneberg | Endere\u00e7o, contato e hor\u00e1rio de funcionamento","description":"Escrit\u00f3rio de Imigra\u00e7\u00e3o de Pinneberg | Endere\u00e7o e endere\u00e7o \u2713 N\u00famero de telefone, contato e hor\u00e1rio de funcionamento \u2713 Como chegar \u2713 Autoridades de imigra\u00e7\u00e3o na Alemanha","robots":{"index":"index","follow":"follow","max-snippet":"max-snippet:-1","max-image-preview":"max-image-preview:large","max-video-preview":"max-video-preview:-1"},"canonical":"https:\/\/auslaenderaemter.com\/pt\/escritorio-de-imigracao-pinneberg\/","og_locale":"pt_PT","og_type":"article","og_title":"Ausl\u00e4nderamt Pinneberg | Adresse, Kontakt und \u00d6ffnungszeiten","og_description":"Ausl\u00e4nderamt Pinneberg | Adresse und Anschrift \u2713 Telefonnummer, Kontakt und \u00d6ffnungszeiten \u2713 Anfahrt \u2713 Ausl\u00e4nderbeh\u00f6rden in Deutschland","og_url":"https:\/\/auslaenderaemter.com\/pt\/escritorio-de-imigracao-pinneberg\/","og_site_name":"auslaenderaemter.com","article_modified_time":"2022-07-11T08:24:28+00:00","og_image":[{"width":640,"height":480,"url":"https:\/\/auslaenderaemter.com\/wp-content\/uploads\/2021\/01\/city-263069_640.jpg","type":"image\/jpeg"}],"twitter_card":"summary_large_image","twitter_misc":{"Tempo estimado de leitura":"1 minuto"},"schema":{"@context":"https:\/\/schema.org","@graph":[{"@type":"WebPage","@id":"https:\/\/auslaenderaemter.com\/auslaenderamt-pinneberg\/","url":"https:\/\/auslaenderaemter.com\/auslaenderamt-pinneberg\/","name":"Escrit\u00f3rio de Imigra\u00e7\u00e3o de Pinneberg | Endere\u00e7o, contato e hor\u00e1rio de funcionamento","isPartOf":{"@id":"https:\/\/auslaenderaemter.com\/#website"},"primaryImageOfPage":{"@id":"https:\/\/auslaenderaemter.com\/auslaenderamt-pinneberg\/#primaryimage"},"image":{"@id":"https:\/\/auslaenderaemter.com\/auslaenderamt-pinneberg\/#primaryimage"},"thumbnailUrl":"https:\/\/auslaenderaemter.com\/wp-content\/uploads\/2021\/01\/city-263069_640.jpg","datePublished":"2021-02-08T11:05:27+00:00","dateModified":"2022-07-11T08:24:28+00:00","description":"Escrit\u00f3rio de Imigra\u00e7\u00e3o de Pinneberg | Endere\u00e7o e endere\u00e7o \u2713 N\u00famero de telefone, contato e hor\u00e1rio de funcionamento \u2713 Como chegar \u2713 Autoridades de imigra\u00e7\u00e3o na Alemanha","breadcrumb":{"@id":"https:\/\/auslaenderaemter.com\/auslaenderamt-pinneberg\/#breadcrumb"},"inLanguage":"pt-PT","potentialAction":[{"@type":"ReadAction","target":["https:\/\/auslaenderaemter.com\/auslaenderamt-pinneberg\/"]}]},{"@type":"ImageObject","inLanguage":"pt-PT","@id":"https:\/\/auslaenderaemter.com\/auslaenderamt-pinneberg\/#primaryimage","url":"https:\/\/auslaenderaemter.com\/wp-content\/uploads\/2021\/01\/city-263069_640.jpg","contentUrl":"https:\/\/auslaenderaemter.com\/wp-content\/uploads\/2021\/01\/city-263069_640.jpg","width":640,"height":480,"caption":"Ausl\u00e4nder\u00e4mter in Deutschland"},{"@type":"BreadcrumbList","@id":"https:\/\/auslaenderaemter.com\/auslaenderamt-pinneberg\/#breadcrumb","itemListElement":[{"@type":"ListItem","position":1,"name":"Startseite","item":"https:\/\/auslaenderaemter.com\/"},{"@type":"ListItem","position":2,"name":"Ausl\u00e4nderamt Pinneberg"}]},{"@type":"WebSite","@id":"https:\/\/auslaenderaemter.com\/#website","url":"https:\/\/auslaenderaemter.com\/","name":"auslaenderaemter. com","description":"","publisher":{"@id":"https:\/\/auslaenderaemter.com\/#organization"},"potentialAction":[{"@type":"SearchAction","target":{"@type":"EntryPoint","urlTemplate":"https:\/\/auslaenderaemter.com\/?s={search_term_string}"},"query-input":{"@type":"PropertyValueSpecification","valueRequired":true,"valueName":"search_term_string"}}],"inLanguage":"pt-PT"},{"@type":"Organization","@id":"https:\/\/auslaenderaemter.com\/#organization","name":"auslaenderaemter. com","url":"https:\/\/auslaenderaemter.com\/","logo":{"@type":"ImageObject","inLanguage":"pt-PT","@id":"https:\/\/auslaenderaemter.com\/#\/schema\/logo\/image\/","url":"https:\/\/auslaenderaemter.com\/wp-content\/uploads\/2021\/01\/cropped-Vollmond-info-13.png","contentUrl":"https:\/\/auslaenderaemter.com\/wp-content\/uploads\/2021\/01\/cropped-Vollmond-info-13.png","width":500,"height":117,"caption":"auslaenderaemter.com"},"image":{"@id":"https:\/\/auslaenderaemter.com\/#\/schema\/logo\/image\/"}}]}},"_links":{"self":[{"href":"https:\/\/auslaenderaemter.com\/pt\/wp-json\/wp\/v2\/pages\/655","targetHints":{"allow":["GET"]}}],"collection":[{"href":"https:\/\/auslaenderaemter.com\/pt\/wp-json\/wp\/v2\/pages"}],"about":[{"href":"https:\/\/auslaenderaemter.com\/pt\/wp-json\/wp\/v2\/types\/page"}],"author":[{"embeddable":true,"href":"https:\/\/auslaenderaemter.com\/pt\/wp-json\/wp\/v2\/users\/1"}],"replies":[{"embeddable":true,"href":"https:\/\/auslaenderaemter.com\/pt\/wp-json\/wp\/v2\/comments?post=655"}],"version-history":[{"count":0,"href":"https:\/\/auslaenderaemter.com\/pt\/wp-json\/wp\/v2\/pages\/655\/revisions"}],"wp:featuredmedia":[{"embeddable":true,"href":"https:\/\/auslaenderaemter.com\/pt\/wp-json\/wp\/v2\/media\/37"}],"wp:attachment":[{"href":"https:\/\/auslaenderaemter.com\/pt\/wp-json\/wp\/v2\/media?parent=655"}],"curies":[{"name":"wp","href":"https:\/\/api.w.org\/{rel}","templated":true}]}}