{"id":1411,"date":"2021-02-12T18:57:48","date_gmt":"2021-02-12T17:57:48","guid":{"rendered":"https:\/\/auslaenderaemter.com\/?page_id=1411"},"modified":"2022-07-11T09:40:11","modified_gmt":"2022-07-11T07:40:11","slug":"auslaenderamt-landau-in-der-pfalz","status":"publish","type":"page","link":"https:\/\/auslaenderaemter.com\/ru\/%d0%b8%d0%bc%d0%bc%d0%b8%d0%b3%d1%80%d0%b0%d1%86%d0%b8%d0%be%d0%bd%d0%bd%d1%8b%d0%b9-%d0%be%d1%84%d0%b8%d1%81-%d0%bb%d0%b0%d0%bd%d0%b4%d0%be-%d0%b8%d0%bd-%d0%b4%d0%b5%d1%80-%d0%bf%d1%84%d0%b0%d0%bb\/","title":{"rendered":"\u0418\u043c\u043c\u0438\u0433\u0440\u0430\u0446\u0438\u043e\u043d\u043d\u044b\u0439 \u043e\u0444\u0438\u0441 \u041b\u0430\u043d\u0434\u0430\u0443 \u0432 \u041f\u0444\u0430\u043b\u044c\u0446\u0435"},"content":{"rendered":"<h2>\u0418\u043c\u043c\u0438\u0433\u0440\u0430\u0446\u0438\u043e\u043d\u043d\u044b\u0439 \u043e\u0444\u0438\u0441 \/ \u0418\u043c\u043c\u0438\u0433\u0440\u0430\u0446\u0438\u043e\u043d\u043d\u044b\u0439 \u043e\u0444\u0438\u0441 \u0432 \u041b\u0430\u043d\u0434\u0430\u0443-\u0438\u043d-\u0434\u0435\u0440-\u041f\u0444\u0430\u043b\u044c\u0446 \u2013 \u0430\u0434\u0440\u0435\u0441 \u0438 \u0430\u0434\u0440\u0435\u0441 \u0434\u043b\u044f \u043f\u043e\u0441\u0435\u0442\u0438\u0442\u0435\u043b\u0435\u0439<\/h2>\n<ul>\n<li><strong>\u0410\u0434\u0440\u0435\u0441:<\/strong> \u0418\u043c\u043c\u0438\u0433\u0440\u0430\u0446\u0438\u043e\u043d\u043d\u044b\u0439 \u043e\u0444\u0438\u0441 \u041b\u0430\u043d\u0434\u0430\u0443-\u0438\u043d-\u0434\u0435\u0440-\u041f\u0444\u0430\u043b\u044c\u0446, \u041a\u043b\u0430\u0443\u0441-\u0444\u043e\u043d-\u041a\u043b\u0438\u0442\u0446\u0438\u043d\u0433-\u0428\u0442\u0440\u0430\u0441\u0441\u0435 2, 76829 \u041b\u0430\u043d\u0434\u0430\u0443-\u0438\u043d-\u0434\u0435\u0440-\u041f\u0444\u0430\u043b\u044c\u0446<\/li>\n<li><strong>\u0422\u0435\u043b\u0435\u0444\u043e\u043d:<\/strong> 06341\/13-3240<\/li>\n<li><strong>\u0424\u0430\u043a\u0441:<\/strong> 06341\/13-3249<\/li>\n<li><strong>\u0412\u0435\u0431-\u0441\u0430\u0439\u0442:<\/strong> <a href=\"https:\/\/www.landau.de\/\" target=\"_blank\" rel=\"noopener\">www.landau.de<\/a><\/li>\n<li><strong>\u0427\u0430\u0441\u044b \u0440\u0430\u0431\u043e\u0442\u044b:<\/strong> \u0441\u043c. \u0432\u0435\u0431-\u0441\u0430\u0439\u0442<\/li>\n<\/ul>\n<p><iframe style=\"border: 0;\" tabindex=\"0\" src=\"https:\/\/www.google.com\/maps\/embed?pb=!1m18!1m12!1m3!1d10429.116470082581!2d8.102310144367111!3d49.1952644242599!2m3!1f0!2f0!3f0!3m2!1i1024!2i768!4f13.1!3m3!1m2!1s0x479650f1a585400d%3A0x792408c0eea452a7!2sSozialamt%20Landau!5e0!3m2!1sde!2sde!4v1613152655380!5m2!1sde!2sde\" width=\"600\" height=\"450\" frameborder=\"0\" allowfullscreen=\"allowfullscreen\" aria-hidden=\"false\"><\/iframe><\/p>\n<h3><strong>\u041d\u0430\u0437\u043d\u0430\u0447\u0435\u043d\u0438\u0435 \u043d\u0430 <\/strong>\u0438\u043d\u043e\u0441\u0442\u0440\u0430\u043d\u0446\u044b <strong>\u0432 \u041b\u0430\u043d\u0434\u0430\u0443 \u0432 \u041f\u0444\u0430\u043b\u044c\u0446\u0435<\/strong><\/h3>\n<p>\u0412 \u0431\u043e\u043b\u044c\u0448\u0438\u043d\u0441\u0442\u0432\u0435 \u0441\u043b\u0443\u0447\u0430\u0435\u0432 \u0437\u0430\u043f\u0438\u0441\u0430\u0442\u044c\u0441\u044f \u043d\u0430 \u043f\u0440\u0438\u0435\u043c \u043c\u043e\u0436\u043d\u043e \u043f\u043e \u0442\u0435\u043b\u0435\u0444\u043e\u043d\u0443, \u0447\u0435\u0440\u0435\u0437 \u043a\u043e\u043d\u0442\u0430\u043a\u0442\u043d\u0443\u044e \u0444\u043e\u0440\u043c\u0443 \u0438\u043b\u0438 \u0447\u0435\u0440\u0435\u0437 \u0441\u0435\u0440\u0432\u0438\u0441\u043d\u044b\u0439 \u043f\u043e\u0440\u0442\u0430\u043b \u0441\u043e\u043e\u0442\u0432\u0435\u0442\u0441\u0442\u0432\u0443\u044e\u0449\u0435\u0433\u043e \u0433\u043e\u0440\u043e\u0434\u0430. \u041f\u0435\u0440\u0435\u0434 \u0432\u0438\u0437\u0438\u0442\u043e\u043c \u0432 \u0438\u043c\u043c\u0438\u0433\u0440\u0430\u0446\u0438\u043e\u043d\u043d\u044b\u0439 \u043e\u0444\u0438\u0441 \u0443\u0431\u0435\u0434\u0438\u0442\u0435\u0441\u044c, \u0447\u0442\u043e \u0443 \u0432\u0430\u0441 \u0435\u0441\u0442\u044c \u0432\u0441\u0435 \u043d\u0435\u043e\u0431\u0445\u043e\u0434\u0438\u043c\u044b\u0435 \u0434\u043e\u043a\u0443\u043c\u0435\u043d\u0442\u044b.<\/p>\n<div class=\"su-note\"  style=\"border-color:#dadbdd;border-radius:2px;-moz-border-radius:2px;-webkit-border-radius:2px;\"><div class=\"su-note-inner su-u-clearfix su-u-trim\" style=\"background-color:#f4f5f7;border-color:#ffffff;color:#333333;border-radius:2px;-moz-border-radius:2px;-webkit-border-radius:2px;\"><strong>\u0423\u0432\u0435\u0434\u043e\u043c\u043b\u0435\u043d\u0438\u0435:<\/strong> \u0414\u043b\u044f \u043e\u0444\u0438\u0441\u043e\u0432, \u043e\u0440\u0433\u0430\u043d\u043e\u0432 \u0432\u043b\u0430\u0441\u0442\u0438 \u0438\u043b\u0438 \u0441\u0443\u0434\u043e\u0432 \u0432\u0430\u043c \u043e\u0431\u044b\u0447\u043d\u043e \u043d\u0443\u0436\u043d\u044b \u0434\u043e\u043a\u0443\u043c\u0435\u043d\u0442\u044b, \u0441\u0435\u0440\u0442\u0438\u0444\u0438\u043a\u0430\u0442\u044b \u0438\u043b\u0438 \u0441\u0435\u0440\u0442\u0438\u0444\u0438\u043a\u0430\u0442\u044b, \u043a\u0430\u043a <a href=\"https:\/\/auslaenderaemter.com\/ru\/\u0437\u0430\u0432\u0435\u0440\u0435\u043d\u043d\u044b\u0439-\u043f\u0435\u0440\u0435\u0432\u043e\u0434-\u0434\u043b\u044f-\u043e\u0444\u0438\u0446\u0438\u0430\u043b\u044c\u043d\u044b\u0445-\u0434\/\">\u0437\u0430\u0432\u0435\u0440\u0435\u043d\u043d\u044b\u0439 \u043f\u0435\u0440\u0435\u0432\u043e\u0434<\/a>.<\/div><\/div>\n<ul>\n<li>\u0421 <a href=\"https:\/\/auslaenderaemter.com\/ru\/\u0434\u0435\u043a\u043b\u0430\u0440\u0430\u0446\u0438\u044f-\u043e\u0431-\u043e\u0431\u044f\u0437\u0430\u0442\u0435\u043b\u044c\u0441\u0442\u0432\u0430\u0445\/\">\u0434\u0435\u043a\u043b\u0430\u0440\u0430\u0446\u0438\u044f \u043e\u0431 \u043e\u0431\u044f\u0437\u0430\u0442\u0435\u043b\u044c\u0441\u0442\u0432\u0430\u0445<\/a> \u0432\u044b \u043c\u043e\u0436\u0435\u0442\u0435 \u043f\u043e\u0437\u0432\u043e\u043b\u0438\u0442\u044c \u043f\u043e\u0441\u0435\u0442\u0438\u0442\u0435\u043b\u044f\u043c \u0438\u0437-\u0437\u0430 \u0433\u0440\u0430\u043d\u0438\u0446\u044b \u0432\u044a\u0435\u0445\u0430\u0442\u044c \u0432 \u0413\u0435\u0440\u043c\u0430\u043d\u0438\u044e.<\/li>\n<li><strong>\u0412\u044b \u0436\u0434\u0435\u0442\u0435 \u0433\u043e\u0441\u0442\u0435\u0439 \u0438\u0437-\u0437\u0430 \u0440\u0443\u0431\u0435\u0436\u0430?<\/strong> \u0421 <a href=\"https:\/\/tidd.ly\/3u98xUL\" target=\"_blank\" rel=\"nofollow noopener\">\u0422\u0443\u0440\u0438\u0441\u0442\u0438\u0447\u0435\u0441\u043a\u0430\u044f \u043c\u0435\u0434\u0438\u0446\u0438\u043d\u0441\u043a\u0430\u044f \u0441\u0442\u0440\u0430\u0445\u043e\u0432\u043a\u0430 \u0434\u043b\u044f \u0438\u043d\u043e\u0441\u0442\u0440\u0430\u043d\u043d\u044b\u0445 \u0433\u043e\u0441\u0442\u0435\u0439<\/a>* \u0432\u044b \u043f\u043e\u043b\u043d\u043e\u0441\u0442\u044c\u044e \u0437\u0430\u0449\u0438\u0449\u0435\u043d\u044b \u0432 \u0413\u0435\u0440\u043c\u0430\u043d\u0438\u0438 \u0438 \u0415\u0432\u0440\u043e\u043f\u0435.<\/li>\n<\/ul>\n<h3>\u0414\u0440\u0443\u0433\u0438\u0435 \u0438\u043c\u043c\u0438\u0433\u0440\u0430\u0446\u0438\u043e\u043d\u043d\u044b\u0435 \u0432\u043b\u0430\u0441\u0442\u0438<\/h3>\n<ul>\n<li><a href=\"https:\/\/auslaenderaemter.com\/ru\/\u0438\u043c\u043c\u0438\u0433\u0440\u0430\u0446\u0438\u043e\u043d\u043d\u044b\u0435-\u0441\u043b\u0443\u0436\u0431\u044b-\u0432-\u0437\u0435\u043c\u043b\u0435-\u0440\u0435\u0439\u043d\u043b\u0430\/\">\u0418\u043c\u043c\u0438\u0433\u0440\u0430\u0446\u0438\u043e\u043d\u043d\u044b\u0435 \u0441\u043b\u0443\u0436\u0431\u044b \u0432 \u0437\u0435\u043c\u043b\u0435 \u0420\u0435\u0439\u043d\u043b\u0430\u043d\u0434-\u041f\u0444\u0430\u043b\u044c\u0446<\/a><\/li>\n<li><a href=\"https:\/\/auslaenderaemter.com\/ru\/\">\u0418\u043c\u043c\u0438\u0433\u0440\u0430\u0446\u0438\u043e\u043d\u043d\u044b\u0435 \u043e\u0444\u0438\u0441\u044b \u0432 \u0413\u0435\u0440\u043c\u0430\u043d\u0438\u0438<\/a><\/li>\n<\/ul>","protected":false},"excerpt":{"rendered":"<p>Ausl\u00e4nderamt \/ Ausl\u00e4nderbeh\u00f6rde in Landau in der Pfalz &#8211; Adresse und Anschrift f\u00fcr Besucher Adresse: Ausl\u00e4nderbeh\u00f6rde Landau in der Pfalz,\u00a0Klaus-von-Klitzing-Stra\u00dfe 2, 76829\u00a0Landau in der Pfalz Telefon: 06341\/13-3240 Fax: 06341\/13-3249 Webseite: www.landau.de \u00d6ffnungszeiten: siehe Webseite Termin bei der Ausl\u00e4nderbeh\u00f6rde in Landau in der Pfalz In den meisten F\u00e4llen k\u00f6nnen Sie telefonisch, per Kontaktformular oder \u00fcber das&hellip;&nbsp;<a href=\"https:\/\/auslaenderaemter.com\/ru\/%d0%b8%d0%bc%d0%bc%d0%b8%d0%b3%d1%80%d0%b0%d1%86%d0%b8%d0%be%d0%bd%d0%bd%d1%8b%d0%b9-%d0%be%d1%84%d0%b8%d1%81-%d0%bb%d0%b0%d0%bd%d0%b4%d0%be-%d0%b8%d0%bd-%d0%b4%d0%b5%d1%80-%d0%bf%d1%84%d0%b0%d0%bb\/\" rel=\"bookmark\">\u0427\u0438\u0442\u0430\u0442\u044c \u0434\u0430\u043b\u0435\u0435 &quot;<span class=\"screen-reader-text\">\u0418\u043c\u043c\u0438\u0433\u0440\u0430\u0446\u0438\u043e\u043d\u043d\u044b\u0439 \u043e\u0444\u0438\u0441 \u041b\u0430\u043d\u0434\u0430\u0443 \u0432 \u041f\u0444\u0430\u043b\u044c\u0446\u0435<\/span><\/a><\/p>","protected":false},"author":1,"featured_media":37,"parent":0,"menu_order":0,"comment_status":"closed","ping_status":"closed","template":"","meta":{"neve_meta_sidebar":"full-width","neve_meta_container":"","neve_meta_enable_content_width":"on","neve_meta_content_width":100,"neve_meta_title_alignment":"","neve_meta_author_avatar":"","neve_post_elements_order":"","neve_meta_disable_header":"","neve_meta_disable_footer":"","neve_meta_disable_title":"","neve_meta_reading_time":"","footnotes":""},"class_list":["post-1411","page","type-page","status-publish","has-post-thumbnail","hentry"],"yoast_head":"<!-- This site is optimized with the Yoast SEO plugin v27.3 - https:\/\/yoast.com\/product\/yoast-seo-wordpress\/ -->\n<title>Ausl\u00e4nderamt Landau in der Pfalz | Adresse, Kontakt und \u00d6ffnungszeiten<\/title>\n<meta name=\"description\" content=\"Ausl\u00e4nderamt Landau in der Pfalz | Adresse und Anschrift \u2713 Telefonnummer, Kontakt und \u00d6ffnungszeiten \u2713 Anfahrt \u2713 Ausl\u00e4nderbeh\u00f6rden\" \/>\n<meta name=\"robots\" content=\"index, follow, max-snippet:-1, max-image-preview:large, max-video-preview:-1\" \/>\n<link rel=\"canonical\" href=\"https:\/\/auslaenderaemter.com\/ru\/\u0438\u043c\u043c\u0438\u0433\u0440\u0430\u0446\u0438\u043e\u043d\u043d\u044b\u0439-\u043e\u0444\u0438\u0441-\u043b\u0430\u043d\u0434\u043e-\u0438\u043d-\u0434\u0435\u0440-\u043f\u0444\u0430\u043b\/\" \/>\n<meta property=\"og:locale\" content=\"ru_RU\" \/>\n<meta property=\"og:type\" content=\"article\" \/>\n<meta property=\"og:title\" content=\"Ausl\u00e4nderamt Landau in der Pfalz | Adresse, Kontakt und \u00d6ffnungszeiten\" \/>\n<meta property=\"og:description\" content=\"Ausl\u00e4nderamt Landau in der Pfalz | Adresse und Anschrift \u2713 Telefonnummer, Kontakt und \u00d6ffnungszeiten \u2713 Anfahrt \u2713 Ausl\u00e4nderbeh\u00f6rden\" \/>\n<meta property=\"og:url\" content=\"https:\/\/auslaenderaemter.com\/ru\/\u0438\u043c\u043c\u0438\u0433\u0440\u0430\u0446\u0438\u043e\u043d\u043d\u044b\u0439-\u043e\u0444\u0438\u0441-\u043b\u0430\u043d\u0434\u043e-\u0438\u043d-\u0434\u0435\u0440-\u043f\u0444\u0430\u043b\/\" \/>\n<meta property=\"og:site_name\" content=\"auslaenderaemter.com\" \/>\n<meta property=\"article:modified_time\" content=\"2022-07-11T07:40:11+00:00\" \/>\n<meta property=\"og:image\" content=\"https:\/\/auslaenderaemter.com\/wp-content\/uploads\/2021\/01\/city-263069_640.jpg\" \/>\n\t<meta property=\"og:image:width\" content=\"640\" \/>\n\t<meta property=\"og:image:height\" content=\"480\" \/>\n\t<meta property=\"og:image:type\" content=\"image\/jpeg\" \/>\n<meta name=\"twitter:card\" content=\"summary_large_image\" \/>\n<meta name=\"twitter:label1\" content=\"\u041f\u0440\u0438\u043c\u0435\u0440\u043d\u043e\u0435 \u0432\u0440\u0435\u043c\u044f \u0434\u043b\u044f \u0447\u0442\u0435\u043d\u0438\u044f\" \/>\n\t<meta name=\"twitter:data1\" content=\"1 \u043c\u0438\u043d\u0443\u0442\u0430\" \/>\n<script type=\"application\/ld+json\" class=\"yoast-schema-graph\">{\"@context\":\"https:\\\/\\\/schema.org\",\"@graph\":[{\"@type\":\"WebPage\",\"@id\":\"https:\\\/\\\/auslaenderaemter.com\\\/auslaenderamt-landau-in-der-pfalz\\\/\",\"url\":\"https:\\\/\\\/auslaenderaemter.com\\\/auslaenderamt-landau-in-der-pfalz\\\/\",\"name\":\"Ausl\u00e4nderamt Landau in der Pfalz | Adresse, Kontakt und \u00d6ffnungszeiten\",\"isPartOf\":{\"@id\":\"https:\\\/\\\/auslaenderaemter.com\\\/#website\"},\"primaryImageOfPage\":{\"@id\":\"https:\\\/\\\/auslaenderaemter.com\\\/auslaenderamt-landau-in-der-pfalz\\\/#primaryimage\"},\"image\":{\"@id\":\"https:\\\/\\\/auslaenderaemter.com\\\/auslaenderamt-landau-in-der-pfalz\\\/#primaryimage\"},\"thumbnailUrl\":\"https:\\\/\\\/auslaenderaemter.com\\\/wp-content\\\/uploads\\\/2021\\\/01\\\/city-263069_640.jpg\",\"datePublished\":\"2021-02-12T17:57:48+00:00\",\"dateModified\":\"2022-07-11T07:40:11+00:00\",\"description\":\"Ausl\u00e4nderamt Landau in der Pfalz | Adresse und Anschrift \u2713 Telefonnummer, Kontakt und \u00d6ffnungszeiten \u2713 Anfahrt \u2713 Ausl\u00e4nderbeh\u00f6rden\",\"breadcrumb\":{\"@id\":\"https:\\\/\\\/auslaenderaemter.com\\\/auslaenderamt-landau-in-der-pfalz\\\/#breadcrumb\"},\"inLanguage\":\"ru-RU\",\"potentialAction\":[{\"@type\":\"ReadAction\",\"target\":[\"https:\\\/\\\/auslaenderaemter.com\\\/auslaenderamt-landau-in-der-pfalz\\\/\"]}]},{\"@type\":\"ImageObject\",\"inLanguage\":\"ru-RU\",\"@id\":\"https:\\\/\\\/auslaenderaemter.com\\\/auslaenderamt-landau-in-der-pfalz\\\/#primaryimage\",\"url\":\"https:\\\/\\\/auslaenderaemter.com\\\/wp-content\\\/uploads\\\/2021\\\/01\\\/city-263069_640.jpg\",\"contentUrl\":\"https:\\\/\\\/auslaenderaemter.com\\\/wp-content\\\/uploads\\\/2021\\\/01\\\/city-263069_640.jpg\",\"width\":640,\"height\":480,\"caption\":\"Ausl\u00e4nder\u00e4mter in Deutschland\"},{\"@type\":\"BreadcrumbList\",\"@id\":\"https:\\\/\\\/auslaenderaemter.com\\\/auslaenderamt-landau-in-der-pfalz\\\/#breadcrumb\",\"itemListElement\":[{\"@type\":\"ListItem\",\"position\":1,\"name\":\"Startseite\",\"item\":\"https:\\\/\\\/auslaenderaemter.com\\\/\"},{\"@type\":\"ListItem\",\"position\":2,\"name\":\"Ausl\u00e4nderamt Landau in der Pfalz\"}]},{\"@type\":\"WebSite\",\"@id\":\"https:\\\/\\\/auslaenderaemter.com\\\/#website\",\"url\":\"https:\\\/\\\/auslaenderaemter.com\\\/\",\"name\":\"auslaenderaemter.com\",\"description\":\"\",\"publisher\":{\"@id\":\"https:\\\/\\\/auslaenderaemter.com\\\/#organization\"},\"potentialAction\":[{\"@type\":\"SearchAction\",\"target\":{\"@type\":\"EntryPoint\",\"urlTemplate\":\"https:\\\/\\\/auslaenderaemter.com\\\/?s={search_term_string}\"},\"query-input\":{\"@type\":\"PropertyValueSpecification\",\"valueRequired\":true,\"valueName\":\"search_term_string\"}}],\"inLanguage\":\"ru-RU\"},{\"@type\":\"Organization\",\"@id\":\"https:\\\/\\\/auslaenderaemter.com\\\/#organization\",\"name\":\"auslaenderaemter.com\",\"url\":\"https:\\\/\\\/auslaenderaemter.com\\\/\",\"logo\":{\"@type\":\"ImageObject\",\"inLanguage\":\"ru-RU\",\"@id\":\"https:\\\/\\\/auslaenderaemter.com\\\/#\\\/schema\\\/logo\\\/image\\\/\",\"url\":\"https:\\\/\\\/auslaenderaemter.com\\\/wp-content\\\/uploads\\\/2021\\\/01\\\/cropped-Vollmond-info-13.png\",\"contentUrl\":\"https:\\\/\\\/auslaenderaemter.com\\\/wp-content\\\/uploads\\\/2021\\\/01\\\/cropped-Vollmond-info-13.png\",\"width\":500,\"height\":117,\"caption\":\"auslaenderaemter.com\"},\"image\":{\"@id\":\"https:\\\/\\\/auslaenderaemter.com\\\/#\\\/schema\\\/logo\\\/image\\\/\"}}]}<\/script>\n<!-- \/ Yoast SEO plugin. -->","yoast_head_json":{"title":"\u0418\u043c\u043c\u0438\u0433\u0440\u0430\u0446\u0438\u043e\u043d\u043d\u044b\u0439 \u043e\u0444\u0438\u0441 \u041b\u0430\u043d\u0434\u0430\u0443-\u0438\u043d-\u0434\u0435\u0440-\u041f\u0444\u0430\u043b\u044c\u0446 | \u0410\u0434\u0440\u0435\u0441, \u043a\u043e\u043d\u0442\u0430\u043a\u0442\u044b \u0438 \u0432\u0440\u0435\u043c\u044f \u0440\u0430\u0431\u043e\u0442\u044b","description":"\u0418\u043c\u043c\u0438\u0433\u0440\u0430\u0446\u0438\u043e\u043d\u043d\u044b\u0439 \u043e\u0444\u0438\u0441 \u041b\u0430\u043d\u0434\u0430\u0443-\u0438\u043d-\u0434\u0435\u0440-\u041f\u0444\u0430\u043b\u044c\u0446 | \u0410\u0434\u0440\u0435\u0441 \u0438 \u0430\u0434\u0440\u0435\u0441 \u2713 \u041d\u043e\u043c\u0435\u0440 \u0442\u0435\u043b\u0435\u0444\u043e\u043d\u0430, \u043a\u043e\u043d\u0442\u0430\u043a\u0442\u044b \u0438 \u0447\u0430\u0441\u044b \u0440\u0430\u0431\u043e\u0442\u044b \u2713 \u041a\u0430\u043a \u043f\u0440\u043e\u0435\u0445\u0430\u0442\u044c \u2713 \u0418\u043c\u043c\u0438\u0433\u0440\u0430\u0446\u0438\u043e\u043d\u043d\u044b\u0435 \u0432\u043b\u0430\u0441\u0442\u0438","robots":{"index":"index","follow":"follow","max-snippet":"max-snippet:-1","max-image-preview":"max-image-preview:large","max-video-preview":"max-video-preview:-1"},"canonical":"https:\/\/auslaenderaemter.com\/ru\/\u0438\u043c\u043c\u0438\u0433\u0440\u0430\u0446\u0438\u043e\u043d\u043d\u044b\u0439-\u043e\u0444\u0438\u0441-\u043b\u0430\u043d\u0434\u043e-\u0438\u043d-\u0434\u0435\u0440-\u043f\u0444\u0430\u043b\/","og_locale":"ru_RU","og_type":"article","og_title":"Ausl\u00e4nderamt Landau in der Pfalz | Adresse, Kontakt und \u00d6ffnungszeiten","og_description":"Ausl\u00e4nderamt Landau in der Pfalz | Adresse und Anschrift \u2713 Telefonnummer, Kontakt und \u00d6ffnungszeiten \u2713 Anfahrt \u2713 Ausl\u00e4nderbeh\u00f6rden","og_url":"https:\/\/auslaenderaemter.com\/ru\/\u0438\u043c\u043c\u0438\u0433\u0440\u0430\u0446\u0438\u043e\u043d\u043d\u044b\u0439-\u043e\u0444\u0438\u0441-\u043b\u0430\u043d\u0434\u043e-\u0438\u043d-\u0434\u0435\u0440-\u043f\u0444\u0430\u043b\/","og_site_name":"auslaenderaemter.com","article_modified_time":"2022-07-11T07:40:11+00:00","og_image":[{"width":640,"height":480,"url":"https:\/\/auslaenderaemter.com\/wp-content\/uploads\/2021\/01\/city-263069_640.jpg","type":"image\/jpeg"}],"twitter_card":"summary_large_image","twitter_misc":{"\u041f\u0440\u0438\u043c\u0435\u0440\u043d\u043e\u0435 \u0432\u0440\u0435\u043c\u044f \u0434\u043b\u044f \u0447\u0442\u0435\u043d\u0438\u044f":"1 \u043c\u0438\u043d\u0443\u0442\u0430"},"schema":{"@context":"https:\/\/schema.org","@graph":[{"@type":"WebPage","@id":"https:\/\/auslaenderaemter.com\/auslaenderamt-landau-in-der-pfalz\/","url":"https:\/\/auslaenderaemter.com\/auslaenderamt-landau-in-der-pfalz\/","name":"\u0418\u043c\u043c\u0438\u0433\u0440\u0430\u0446\u0438\u043e\u043d\u043d\u044b\u0439 \u043e\u0444\u0438\u0441 \u041b\u0430\u043d\u0434\u0430\u0443-\u0438\u043d-\u0434\u0435\u0440-\u041f\u0444\u0430\u043b\u044c\u0446 | \u0410\u0434\u0440\u0435\u0441, \u043a\u043e\u043d\u0442\u0430\u043a\u0442\u044b \u0438 \u0432\u0440\u0435\u043c\u044f \u0440\u0430\u0431\u043e\u0442\u044b","isPartOf":{"@id":"https:\/\/auslaenderaemter.com\/#website"},"primaryImageOfPage":{"@id":"https:\/\/auslaenderaemter.com\/auslaenderamt-landau-in-der-pfalz\/#primaryimage"},"image":{"@id":"https:\/\/auslaenderaemter.com\/auslaenderamt-landau-in-der-pfalz\/#primaryimage"},"thumbnailUrl":"https:\/\/auslaenderaemter.com\/wp-content\/uploads\/2021\/01\/city-263069_640.jpg","datePublished":"2021-02-12T17:57:48+00:00","dateModified":"2022-07-11T07:40:11+00:00","description":"\u0418\u043c\u043c\u0438\u0433\u0440\u0430\u0446\u0438\u043e\u043d\u043d\u044b\u0439 \u043e\u0444\u0438\u0441 \u041b\u0430\u043d\u0434\u0430\u0443-\u0438\u043d-\u0434\u0435\u0440-\u041f\u0444\u0430\u043b\u044c\u0446 | \u0410\u0434\u0440\u0435\u0441 \u0438 \u0430\u0434\u0440\u0435\u0441 \u2713 \u041d\u043e\u043c\u0435\u0440 \u0442\u0435\u043b\u0435\u0444\u043e\u043d\u0430, \u043a\u043e\u043d\u0442\u0430\u043a\u0442\u044b \u0438 \u0447\u0430\u0441\u044b \u0440\u0430\u0431\u043e\u0442\u044b \u2713 \u041a\u0430\u043a \u043f\u0440\u043e\u0435\u0445\u0430\u0442\u044c \u2713 \u0418\u043c\u043c\u0438\u0433\u0440\u0430\u0446\u0438\u043e\u043d\u043d\u044b\u0435 \u0432\u043b\u0430\u0441\u0442\u0438","breadcrumb":{"@id":"https:\/\/auslaenderaemter.com\/auslaenderamt-landau-in-der-pfalz\/#breadcrumb"},"inLanguage":"ru-RU","potentialAction":[{"@type":"ReadAction","target":["https:\/\/auslaenderaemter.com\/auslaenderamt-landau-in-der-pfalz\/"]}]},{"@type":"ImageObject","inLanguage":"ru-RU","@id":"https:\/\/auslaenderaemter.com\/auslaenderamt-landau-in-der-pfalz\/#primaryimage","url":"https:\/\/auslaenderaemter.com\/wp-content\/uploads\/2021\/01\/city-263069_640.jpg","contentUrl":"https:\/\/auslaenderaemter.com\/wp-content\/uploads\/2021\/01\/city-263069_640.jpg","width":640,"height":480,"caption":"Ausl\u00e4nder\u00e4mter in Deutschland"},{"@type":"BreadcrumbList","@id":"https:\/\/auslaenderaemter.com\/auslaenderamt-landau-in-der-pfalz\/#breadcrumb","itemListElement":[{"@type":"ListItem","position":1,"name":"Startseite","item":"https:\/\/auslaenderaemter.com\/"},{"@type":"ListItem","position":2,"name":"Ausl\u00e4nderamt Landau in der Pfalz"}]},{"@type":"WebSite","@id":"https:\/\/auslaenderaemter.com\/#website","url":"https:\/\/auslaenderaemter.com\/","name":"auslaenderaemter.com","description":"","publisher":{"@id":"https:\/\/auslaenderaemter.com\/#organization"},"potentialAction":[{"@type":"SearchAction","target":{"@type":"EntryPoint","urlTemplate":"https:\/\/auslaenderaemter.com\/?s={search_term_string}"},"query-input":{"@type":"PropertyValueSpecification","valueRequired":true,"valueName":"search_term_string"}}],"inLanguage":"ru-RU"},{"@type":"Organization","@id":"https:\/\/auslaenderaemter.com\/#organization","name":"auslaenderaemter.com","url":"https:\/\/auslaenderaemter.com\/","logo":{"@type":"ImageObject","inLanguage":"ru-RU","@id":"https:\/\/auslaenderaemter.com\/#\/schema\/logo\/image\/","url":"https:\/\/auslaenderaemter.com\/wp-content\/uploads\/2021\/01\/cropped-Vollmond-info-13.png","contentUrl":"https:\/\/auslaenderaemter.com\/wp-content\/uploads\/2021\/01\/cropped-Vollmond-info-13.png","width":500,"height":117,"caption":"auslaenderaemter.com"},"image":{"@id":"https:\/\/auslaenderaemter.com\/#\/schema\/logo\/image\/"}}]}},"_links":{"self":[{"href":"https:\/\/auslaenderaemter.com\/ru\/wp-json\/wp\/v2\/pages\/1411","targetHints":{"allow":["GET"]}}],"collection":[{"href":"https:\/\/auslaenderaemter.com\/ru\/wp-json\/wp\/v2\/pages"}],"about":[{"href":"https:\/\/auslaenderaemter.com\/ru\/wp-json\/wp\/v2\/types\/page"}],"author":[{"embeddable":true,"href":"https:\/\/auslaenderaemter.com\/ru\/wp-json\/wp\/v2\/users\/1"}],"replies":[{"embeddable":true,"href":"https:\/\/auslaenderaemter.com\/ru\/wp-json\/wp\/v2\/comments?post=1411"}],"version-history":[{"count":0,"href":"https:\/\/auslaenderaemter.com\/ru\/wp-json\/wp\/v2\/pages\/1411\/revisions"}],"wp:featuredmedia":[{"embeddable":true,"href":"https:\/\/auslaenderaemter.com\/ru\/wp-json\/wp\/v2\/media\/37"}],"wp:attachment":[{"href":"https:\/\/auslaenderaemter.com\/ru\/wp-json\/wp\/v2\/media?parent=1411"}],"curies":[{"name":"WP","href":"https:\/\/api.w.org\/{rel}","templated":true}]}}