{"id":21,"date":"2021-01-24T23:36:29","date_gmt":"2021-01-24T22:36:29","guid":{"rendered":"https:\/\/auslaenderaemter.com\/?page_id=21"},"modified":"2025-12-30T06:36:31","modified_gmt":"2025-12-30T05:36:31","slug":"impressum","status":"publish","type":"page","link":"https:\/\/auslaenderaemter.com\/ru\/%d0%be%d1%82%d0%bf%d0%b5%d1%87%d0%b0%d1%82%d0%be%d0%ba\/","title":{"rendered":"\u043e\u0442\u043f\u0435\u0447\u0430\u0442\u043e\u043a"},"content":{"rendered":"<h1>\u043e\u0442\u043f\u0435\u0447\u0430\u0442\u043e\u043a<\/h1>\n<h2>\u0421\u043e\u0433\u043b\u0430\u0441\u043d\u043e \u00a7 5 TMG:<\/h2>\n<p>\u041f\u0435\u0442\u0440\u043e\u0441 \u0410\u0441\u043b\u0430\u043d\u0430\u043a\u0438\u0441<br \/>\n889\/850 \u041c\u0443 5<br \/>\n\u041d\u043e\u043d\u0433 \u041f\u0440\u044e, \u0411\u0430\u043d\u0433 \u041b\u0430\u043c\u0443\u043d\u0433<br \/>\n\u0427\u043e\u043d\u0431\u0443\u0440\u0438 20150<br \/>\n\u0422\u0430\u0438\u043b\u0430\u043d\u0434<\/p>\n<h2>\u041a\u043e\u043d\u0442\u0430\u043a\u0442:<\/h2>\n<p>\u042d\u043b\u0435\u043a\u0442\u0440\u043e\u043d\u043d\u0430\u044f \u043f\u043e\u0447\u0442\u0430: info(at)auslaenderaemter.com<\/p>\n<p><strong>\u042d\u0442\u043e\u0442 \u0441\u0430\u0439\u0442 \u043d\u0435 \u044f\u0432\u043b\u044f\u0435\u0442\u0441\u044f \u043e\u0444\u0438\u0446\u0438\u0430\u043b\u044c\u043d\u044b\u043c \u0441\u0430\u0439\u0442\u043e\u043c \u0438\u043c\u043c\u0438\u0433\u0440\u0430\u0446\u0438\u043e\u043d\u043d\u044b\u0445 \u0432\u043b\u0430\u0441\u0442\u0435\u0439.\u00a0<\/strong><\/p>\n<p><strong>\u041f\u043e\u0436\u0430\u043b\u0443\u0439\u0441\u0442\u0430, \u043f\u043e\u0439\u043c\u0438\u0442\u0435, \u0447\u0442\u043e \u043c\u044b, \u043a\u0430\u043a \u043e\u043f\u0435\u0440\u0430\u0442\u043e\u0440 \u0441\u0430\u0439\u0442\u0430, \u043d\u0435 \u043c\u043e\u0436\u0435\u043c \u0434\u0430\u0432\u0430\u0442\u044c \u043d\u0438\u043a\u0430\u043a\u0438\u0445 \u0441\u043e\u0432\u0435\u0442\u043e\u0432 \u0438\u043b\u0438 \u0438\u043d\u0444\u043e\u0440\u043c\u0430\u0446\u0438\u0438.<\/strong><\/p>\n<h2>\u041e\u0442\u043a\u0430\u0437 \u043e\u0442 \u043e\u0442\u0432\u0435\u0442\u0441\u0442\u0432\u0435\u043d\u043d\u043e\u0441\u0442\u0438<\/h2>\n<p><strong>\u041e\u0442\u0432\u0435\u0442\u0441\u0442\u0432\u0435\u043d\u043d\u043e\u0441\u0442\u044c \u0437\u0430 \u0441\u043e\u0434\u0435\u0440\u0436\u0430\u043d\u0438\u0435<\/strong><\/p>\n<p>\u041a\u0430\u043a \u043f\u043e\u0441\u0442\u0430\u0432\u0449\u0438\u043a \u0443\u0441\u043b\u0443\u0433 \u043c\u044b \u043d\u0435\u0441\u0435\u043c \u043e\u0442\u0432\u0435\u0442\u0441\u0442\u0432\u0435\u043d\u043d\u043e\u0441\u0442\u044c \u0437\u0430 \u0441\u043e\u0431\u0441\u0442\u0432\u0435\u043d\u043d\u044b\u0439 \u043a\u043e\u043d\u0442\u0435\u043d\u0442 \u043d\u0430 \u044d\u0442\u0438\u0445 \u0441\u0442\u0440\u0430\u043d\u0438\u0446\u0430\u0445 \u0432 \u0441\u043e\u043e\u0442\u0432\u0435\u0442\u0441\u0442\u0432\u0438\u0438 \u0441 \u0440\u0430\u0437\u0434\u0435\u043b\u043e\u043c 7, \u043f\u0443\u043d\u043a\u0442\u043e\u043c 1 \u0417\u0430\u043a\u043e\u043d\u0430 \u043e \u0441\u0440\u0435\u0434\u0441\u0442\u0432\u0430\u0445 \u043c\u0430\u0441\u0441\u043e\u0432\u043e\u0439 \u0438\u043d\u0444\u043e\u0440\u043c\u0430\u0446\u0438\u0438 \u0413\u0435\u0440\u043c\u0430\u043d\u0438\u0438 (TMG). \u041e\u0434\u043d\u0430\u043a\u043e \u0432 \u0441\u043e\u043e\u0442\u0432\u0435\u0442\u0441\u0442\u0432\u0438\u0438 \u0441 \u00a7\u00a7 8\u201310 TMG \u043c\u044b \u043a\u0430\u043a \u043f\u043e\u0441\u0442\u0430\u0432\u0449\u0438\u043a \u0443\u0441\u043b\u0443\u0433 \u043d\u0435 \u043e\u0431\u044f\u0437\u0430\u043d\u044b \u043a\u043e\u043d\u0442\u0440\u043e\u043b\u0438\u0440\u043e\u0432\u0430\u0442\u044c \u043f\u0435\u0440\u0435\u0434\u0430\u043d\u043d\u0443\u044e \u0438\u043b\u0438 \u0441\u043e\u0445\u0440\u0430\u043d\u0435\u043d\u043d\u0443\u044e \u0438\u043d\u0444\u043e\u0440\u043c\u0430\u0446\u0438\u044e \u0442\u0440\u0435\u0442\u044c\u0438\u0445 \u043b\u0438\u0446 \u0438\u043b\u0438 \u0440\u0430\u0441\u0441\u043b\u0435\u0434\u043e\u0432\u0430\u0442\u044c \u043e\u0431\u0441\u0442\u043e\u044f\u0442\u0435\u043b\u044c\u0441\u0442\u0432\u0430, \u0443\u043a\u0430\u0437\u044b\u0432\u0430\u044e\u0449\u0438\u0435 \u043d\u0430 \u043d\u0435\u0437\u0430\u043a\u043e\u043d\u043d\u0443\u044e \u0434\u0435\u044f\u0442\u0435\u043b\u044c\u043d\u043e\u0441\u0442\u044c.<\/p>\n<p>\u041e\u0431\u044f\u0437\u0430\u0442\u0435\u043b\u044c\u0441\u0442\u0432\u0430 \u043f\u043e \u0443\u0434\u0430\u043b\u0435\u043d\u0438\u044e \u0438\u043b\u0438 \u0431\u043b\u043e\u043a\u0438\u0440\u043e\u0432\u0430\u043d\u0438\u044e \u0438\u0441\u043f\u043e\u043b\u044c\u0437\u043e\u0432\u0430\u043d\u0438\u044f \u0438\u043d\u0444\u043e\u0440\u043c\u0430\u0446\u0438\u0438 \u0432 \u0441\u043e\u043e\u0442\u0432\u0435\u0442\u0441\u0442\u0432\u0438\u0438 \u0441 \u043e\u0431\u0449\u0438\u043c\u0438 \u0437\u0430\u043a\u043e\u043d\u0430\u043c\u0438 \u043e\u0441\u0442\u0430\u044e\u0442\u0441\u044f \u0432 \u0441\u0438\u043b\u0435. \u041e\u0434\u043d\u0430\u043a\u043e \u043e\u0442\u0432\u0435\u0442\u0441\u0442\u0432\u0435\u043d\u043d\u043e\u0441\u0442\u044c \u0432 \u044d\u0442\u043e\u043c \u043e\u0442\u043d\u043e\u0448\u0435\u043d\u0438\u0438 \u0432\u043e\u0437\u043c\u043e\u0436\u043d\u0430 \u0442\u043e\u043b\u044c\u043a\u043e \u0441 \u0442\u043e\u0433\u043e \u043c\u043e\u043c\u0435\u043d\u0442\u0430 \u0432\u0440\u0435\u043c\u0435\u043d\u0438, \u043a\u043e\u0433\u0434\u0430 \u0441\u0442\u0430\u043b\u043e \u0438\u0437\u0432\u0435\u0441\u0442\u043d\u043e \u043e \u043a\u043e\u043d\u043a\u0440\u0435\u0442\u043d\u043e\u043c \u043f\u0440\u0430\u0432\u043e\u043d\u0430\u0440\u0443\u0448\u0435\u043d\u0438\u0438. \u041a\u0430\u043a \u0442\u043e\u043b\u044c\u043a\u043e \u043d\u0430\u043c \u0441\u0442\u0430\u043d\u0435\u0442 \u0438\u0437\u0432\u0435\u0441\u0442\u043d\u043e \u043e \u043a\u0430\u043a\u0438\u0445-\u043b\u0438\u0431\u043e \u043d\u0430\u0440\u0443\u0448\u0435\u043d\u0438\u044f\u0445 \u0437\u0430\u043a\u043e\u043d\u0430, \u043c\u044b \u043d\u0435\u043c\u0435\u0434\u043b\u0435\u043d\u043d\u043e \u0443\u0434\u0430\u043b\u0438\u043c \u044d\u0442\u043e\u0442 \u043a\u043e\u043d\u0442\u0435\u043d\u0442.<\/p>\n<p><strong>\u041e\u0442\u0432\u0435\u0442\u0441\u0442\u0432\u0435\u043d\u043d\u043e\u0441\u0442\u044c \u0437\u0430 \u0441\u0441\u044b\u043b\u043a\u0438<\/strong><\/p>\n<p>\u041d\u0430\u0448\u0435 \u043f\u0440\u0435\u0434\u043b\u043e\u0436\u0435\u043d\u0438\u0435 \u0441\u043e\u0434\u0435\u0440\u0436\u0438\u0442 \u0441\u0441\u044b\u043b\u043a\u0438 \u043d\u0430 \u0432\u043d\u0435\u0448\u043d\u0438\u0435 \u0441\u0442\u043e\u0440\u043e\u043d\u043d\u0438\u0435 \u0432\u0435\u0431-\u0441\u0430\u0439\u0442\u044b, \u043d\u0430 \u0441\u043e\u0434\u0435\u0440\u0436\u0430\u043d\u0438\u0435 \u043a\u043e\u0442\u043e\u0440\u044b\u0445 \u043c\u044b \u043d\u0435 \u0438\u043c\u0435\u0435\u043c \u043d\u0438\u043a\u0430\u043a\u043e\u0433\u043e \u0432\u043b\u0438\u044f\u043d\u0438\u044f. \u041f\u043e\u044d\u0442\u043e\u043c\u0443 \u043c\u044b \u043d\u0435 \u043c\u043e\u0436\u0435\u043c \u043d\u0435\u0441\u0442\u0438 \u043d\u0438\u043a\u0430\u043a\u043e\u0439 \u043e\u0442\u0432\u0435\u0442\u0441\u0442\u0432\u0435\u043d\u043d\u043e\u0441\u0442\u0438 \u0437\u0430 \u044d\u0442\u043e\u0442 \u0432\u043d\u0435\u0448\u043d\u0438\u0439 \u043a\u043e\u043d\u0442\u0435\u043d\u0442. \u0421\u043e\u043e\u0442\u0432\u0435\u0442\u0441\u0442\u0432\u0443\u044e\u0449\u0438\u0439 \u043f\u043e\u0441\u0442\u0430\u0432\u0449\u0438\u043a \u0438\u043b\u0438 \u043e\u043f\u0435\u0440\u0430\u0442\u043e\u0440 \u0441\u0442\u0440\u0430\u043d\u0438\u0446 \u0432\u0441\u0435\u0433\u0434\u0430 \u043d\u0435\u0441\u0435\u0442 \u043e\u0442\u0432\u0435\u0442\u0441\u0442\u0432\u0435\u043d\u043d\u043e\u0441\u0442\u044c \u0437\u0430 \u0441\u043e\u0434\u0435\u0440\u0436\u0430\u043d\u0438\u0435 \u0441\u0432\u044f\u0437\u0430\u043d\u043d\u044b\u0445 \u0441\u0442\u0440\u0430\u043d\u0438\u0446. \u0421\u0432\u044f\u0437\u0430\u043d\u043d\u044b\u0435 \u0441\u0442\u0440\u0430\u043d\u0438\u0446\u044b \u0431\u044b\u043b\u0438 \u043f\u0440\u043e\u0432\u0435\u0440\u0435\u043d\u044b \u043d\u0430 \u0432\u043e\u0437\u043c\u043e\u0436\u043d\u044b\u0435 \u043f\u0440\u0430\u0432\u043e\u0432\u044b\u0435 \u043d\u0430\u0440\u0443\u0448\u0435\u043d\u0438\u044f \u0432\u043e \u0432\u0440\u0435\u043c\u044f \u0441\u0441\u044b\u043b\u043a\u0438. \u041d\u0435\u0437\u0430\u043a\u043e\u043d\u043d\u044b\u0439 \u043a\u043e\u043d\u0442\u0435\u043d\u0442 \u043d\u0435 \u0431\u044b\u043b \u0440\u0430\u0441\u043f\u043e\u0437\u043d\u0430\u043d \u043d\u0430 \u043c\u043e\u043c\u0435\u043d\u0442 \u0440\u0430\u0437\u043c\u0435\u0449\u0435\u043d\u0438\u044f \u0441\u0441\u044b\u043b\u043a\u0438.<\/p>\n<p>\u041e\u0434\u043d\u0430\u043a\u043e \u043f\u043e\u0441\u0442\u043e\u044f\u043d\u043d\u044b\u0439 \u043a\u043e\u043d\u0442\u0440\u043e\u043b\u044c \u0441\u043e\u0434\u0435\u0440\u0436\u0430\u043d\u0438\u044f \u0441\u0432\u044f\u0437\u0430\u043d\u043d\u044b\u0445 \u0441\u0442\u0440\u0430\u043d\u0438\u0446 \u043d\u0435\u0446\u0435\u043b\u0435\u0441\u043e\u043e\u0431\u0440\u0430\u0437\u0435\u043d \u0431\u0435\u0437 \u043a\u043e\u043d\u043a\u0440\u0435\u0442\u043d\u044b\u0445 \u0434\u043e\u043a\u0430\u0437\u0430\u0442\u0435\u043b\u044c\u0441\u0442\u0432 \u043d\u0430\u0440\u0443\u0448\u0435\u043d\u0438\u044f. \u041a\u0430\u043a \u0442\u043e\u043b\u044c\u043a\u043e \u043d\u0430\u043c \u0441\u0442\u0430\u043d\u0435\u0442 \u0438\u0437\u0432\u0435\u0441\u0442\u043d\u043e \u043e \u043f\u0440\u0430\u0432\u043e\u043d\u0430\u0440\u0443\u0448\u0435\u043d\u0438\u044f\u0445, \u043c\u044b \u043d\u0435\u043c\u0435\u0434\u043b\u0435\u043d\u043d\u043e \u0443\u0434\u0430\u043b\u0438\u043c \u0442\u0430\u043a\u0438\u0435 \u0441\u0441\u044b\u043b\u043a\u0438.<\/p>\n<p><strong>\u0410\u0432\u0442\u043e\u0440\u0441\u043a\u0438\u0435 \u043f\u0440\u0430\u0432\u0430<\/strong><\/p>\n<p>\u0421\u043e\u0434\u0435\u0440\u0436\u0430\u043d\u0438\u0435 \u0438 \u0440\u0430\u0431\u043e\u0442\u044b \u043d\u0430 \u044d\u0442\u0438\u0445 \u0441\u0442\u0440\u0430\u043d\u0438\u0446\u0430\u0445, \u0441\u043e\u0437\u0434\u0430\u043d\u043d\u044b\u0435 \u043e\u043f\u0435\u0440\u0430\u0442\u043e\u0440\u0430\u043c\u0438 \u0441\u0430\u0439\u0442\u0430, \u043f\u043e\u0434\u043f\u0430\u0434\u0430\u044e\u0442 \u043f\u043e\u0434 \u0434\u0435\u0439\u0441\u0442\u0432\u0438\u0435 \u0437\u0430\u043a\u043e\u043d\u0430 \u043e\u0431 \u0430\u0432\u0442\u043e\u0440\u0441\u043a\u043e\u043c \u043f\u0440\u0430\u0432\u0435 \u0413\u0435\u0440\u043c\u0430\u043d\u0438\u0438. \u0414\u0443\u0431\u043b\u0438\u0440\u043e\u0432\u0430\u043d\u0438\u0435, \u0440\u0435\u0434\u0430\u043a\u0442\u0438\u0440\u043e\u0432\u0430\u043d\u0438\u0435, \u0440\u0430\u0441\u043f\u0440\u043e\u0441\u0442\u0440\u0430\u043d\u0435\u043d\u0438\u0435 \u0438 \u043b\u044e\u0431\u0430\u044f \u044d\u043a\u0441\u043f\u043b\u0443\u0430\u0442\u0430\u0446\u0438\u044f \u0437\u0430 \u043f\u0440\u0435\u0434\u0435\u043b\u0430\u043c\u0438 \u0430\u0432\u0442\u043e\u0440\u0441\u043a\u043e\u0433\u043e \u043f\u0440\u0430\u0432\u0430 \u0442\u0440\u0435\u0431\u0443\u044e\u0442 \u043f\u0438\u0441\u044c\u043c\u0435\u043d\u043d\u043e\u0433\u043e \u0441\u043e\u0433\u043b\u0430\u0441\u0438\u044f \u0441\u043e\u043e\u0442\u0432\u0435\u0442\u0441\u0442\u0432\u0443\u044e\u0449\u0435\u0433\u043e \u0430\u0432\u0442\u043e\u0440\u0430 \u0438\u043b\u0438 \u0441\u043e\u0437\u0434\u0430\u0442\u0435\u043b\u044f. \u0417\u0430\u0433\u0440\u0443\u0437\u043a\u0438 \u0438 \u043a\u043e\u043f\u0438\u0438 \u044d\u0442\u043e\u0433\u043e \u0441\u0430\u0439\u0442\u0430 \u0440\u0430\u0437\u0440\u0435\u0448\u0435\u043d\u044b \u0442\u043e\u043b\u044c\u043a\u043e \u0434\u043b\u044f \u0447\u0430\u0441\u0442\u043d\u043e\u0433\u043e \u043d\u0435\u043a\u043e\u043c\u043c\u0435\u0440\u0447\u0435\u0441\u043a\u043e\u0433\u043e \u0438\u0441\u043f\u043e\u043b\u044c\u0437\u043e\u0432\u0430\u043d\u0438\u044f.<\/p>\n<p>\u041f\u043e\u0441\u043a\u043e\u043b\u044c\u043a\u0443 \u043a\u043e\u043d\u0442\u0435\u043d\u0442 \u043d\u0430 \u044d\u0442\u043e\u043c \u0441\u0430\u0439\u0442\u0435 \u043d\u0435 \u0431\u044b\u043b \u0441\u043e\u0437\u0434\u0430\u043d \u043e\u043f\u0435\u0440\u0430\u0442\u043e\u0440\u043e\u043c, \u0441\u043e\u0431\u043b\u044e\u0434\u0430\u044e\u0442\u0441\u044f \u0430\u0432\u0442\u043e\u0440\u0441\u043a\u0438\u0435 \u043f\u0440\u0430\u0432\u0430 \u0442\u0440\u0435\u0442\u044c\u0438\u0445 \u043b\u0438\u0446. \u0412 \u0447\u0430\u0441\u0442\u043d\u043e\u0441\u0442\u0438, \u0441\u043e\u0434\u0435\u0440\u0436\u0438\u043c\u043e\u0435 \u0442\u0440\u0435\u0442\u044c\u0438\u0445 \u043b\u0438\u0446 \u043f\u043e\u043c\u0435\u0447\u0435\u043d\u043e \u043a\u0430\u043a \u0442\u0430\u043a\u043e\u0432\u043e\u0435. \u0415\u0441\u043b\u0438 \u0432\u0430\u043c \u0432\u0441\u0435 \u0436\u0435 \u0441\u0442\u0430\u043d\u0435\u0442 \u0438\u0437\u0432\u0435\u0441\u0442\u043d\u043e \u043e \u043d\u0430\u0440\u0443\u0448\u0435\u043d\u0438\u0438 \u0430\u0432\u0442\u043e\u0440\u0441\u043a\u0438\u0445 \u043f\u0440\u0430\u0432, \u043c\u044b \u043f\u0440\u043e\u0441\u0438\u043c \u0432\u0430\u0441 \u0441\u043e\u043e\u0431\u0449\u0438\u0442\u044c \u043d\u0430\u043c \u043e\u0431 \u044d\u0442\u043e\u043c. \u041a\u0430\u043a \u0442\u043e\u043b\u044c\u043a\u043e \u043d\u0430\u043c \u0441\u0442\u0430\u043d\u0435\u0442 \u0438\u0437\u0432\u0435\u0441\u0442\u043d\u043e \u043e \u043f\u0440\u0430\u0432\u043e\u043d\u0430\u0440\u0443\u0448\u0435\u043d\u0438\u044f\u0445, \u043c\u044b \u043d\u0435\u043c\u0435\u0434\u043b\u0435\u043d\u043d\u043e \u0443\u0434\u0430\u043b\u0438\u043c \u0442\u0430\u043a\u043e\u0439 \u043a\u043e\u043d\u0442\u0435\u043d\u0442.<\/p>\n<p>\u0418\u0441\u0442\u043e\u0447\u043d\u0438\u043a:\u00a0<em><a href=\"https:\/\/www.e-recht24.de\/\">eRecht24<\/a><\/em><\/p>","protected":false},"excerpt":{"rendered":"<p>\u042e\u0440\u0438\u0434\u0438\u0447\u0435\u0441\u043a\u0430\u044f \u0438\u043d\u0444\u043e\u0440\u043c\u0430\u0446\u0438\u044f (\u0412\u044b\u0445\u043e\u0434\u043d\u044b\u0435 \u0434\u0430\u043d\u043d\u044b\u0435) \u0418\u043d\u0444\u043e\u0440\u043c\u0430\u0446\u0438\u044f \u0432 \u0441\u043e\u043e\u0442\u0432\u0435\u0442\u0441\u0442\u0432\u0438\u0438 \u0441 \u00a7 5 TMG: \u041f\u0435\u0442\u0440\u043e\u0441 \u0410\u0441\u043b\u0430\u043d\u0430\u043a\u0438\u0441 889\/850 \u041c\u0443 5 \u041d\u043e\u043d\u0433 \u041f\u0440\u044e, \u0411\u0430\u043d\u0433 \u041b\u0430\u043c\u0443\u043d\u0433 \u0427\u043e\u043d\u0431\u0443\u0440\u0438 20150 \u0422\u0430\u0438\u043b\u0430\u043d\u0434 \u041a\u043e\u043d\u0442\u0430\u043a\u0442: \u042d\u043b\u0435\u043a\u0442\u0440\u043e\u043d\u043d\u0430\u044f \u043f\u043e\u0447\u0442\u0430: info(at)auslaenderaemter.com \u042d\u0442\u043e\u0442 \u0432\u0435\u0431-\u0441\u0430\u0439\u0442 \u043d\u0435 \u044f\u0432\u043b\u044f\u0435\u0442\u0441\u044f \u043e\u0444\u0438\u0446\u0438\u0430\u043b\u044c\u043d\u044b\u043c \u0441\u0430\u0439\u0442\u043e\u043c \u0438\u043c\u043c\u0438\u0433\u0440\u0430\u0446\u0438\u043e\u043d\u043d\u044b\u0445 \u0432\u043b\u0430\u0441\u0442\u0435\u0439. \u041f\u043e\u0436\u0430\u043b\u0443\u0439\u0441\u0442\u0430, \u0438\u043c\u0435\u0439\u0442\u0435 \u0432 \u0432\u0438\u0434\u0443, \u0447\u0442\u043e, \u043a\u0430\u043a \u043e\u043f\u0435\u0440\u0430\u0442\u043e\u0440\u044b \u0432\u0435\u0431-\u0441\u0430\u0439\u0442\u0430, \u043c\u044b \u043d\u0435 \u043c\u043e\u0436\u0435\u043c \u043f\u0440\u0435\u0434\u043e\u0441\u0442\u0430\u0432\u043b\u044f\u0442\u044c \u043a\u0430\u043a\u0438\u0435-\u043b\u0438\u0431\u043e \u043a\u043e\u043d\u0441\u0443\u043b\u044c\u0442\u0430\u0446\u0438\u0438 \u0438\u043b\u0438 \u0438\u043d\u0444\u043e\u0440\u043c\u0430\u0446\u0438\u044e. \u041e\u0442\u043a\u0430\u0437 \u043e\u0442 \u043e\u0442\u0432\u0435\u0442\u0441\u0442\u0432\u0435\u043d\u043d\u043e\u0441\u0442\u0438 \u041e\u0442\u0432\u0435\u0442\u0441\u0442\u0432\u0435\u043d\u043d\u043e\u0441\u0442\u044c \u0437\u0430 \u0441\u043e\u0434\u0435\u0440\u0436\u0430\u043d\u0438\u0435 \u041a\u0430\u043a \u043f\u043e\u0441\u0442\u0430\u0432\u0449\u0438\u043a \u0443\u0441\u043b\u0443\u0433, \u043c\u044b \u043d\u0435\u0441\u0435\u043c \u043e\u0442\u0432\u0435\u0442\u0441\u0442\u0432\u0435\u043d\u043d\u043e\u0441\u0442\u044c \u0437\u0430\u2026&nbsp;<a href=\"https:\/\/auslaenderaemter.com\/ru\/%d0%be%d1%82%d0%bf%d0%b5%d1%87%d0%b0%d1%82%d0%be%d0%ba\/\" rel=\"bookmark\">\u0427\u0438\u0442\u0430\u0442\u044c \u0434\u0430\u043b\u0435\u0435 &quot;<span class=\"screen-reader-text\">\u043e\u0442\u043f\u0435\u0447\u0430\u0442\u043e\u043a<\/span><\/a><\/p>","protected":false},"author":1,"featured_media":0,"parent":0,"menu_order":0,"comment_status":"closed","ping_status":"closed","template":"","meta":{"neve_meta_sidebar":"full-width","neve_meta_container":"","neve_meta_enable_content_width":"on","neve_meta_content_width":100,"neve_meta_title_alignment":"","neve_meta_author_avatar":"","neve_post_elements_order":"","neve_meta_disable_header":"","neve_meta_disable_footer":"","neve_meta_disable_title":"on","neve_meta_reading_time":"","footnotes":""},"class_list":["post-21","page","type-page","status-publish","hentry"],"yoast_head":"<!-- This site is optimized with the Yoast SEO plugin v27.3 - https:\/\/yoast.com\/product\/yoast-seo-wordpress\/ -->\n<title>Impressum - auslaenderaemter.com<\/title>\n<meta name=\"robots\" content=\"noindex, follow\" \/>\n<meta property=\"og:locale\" content=\"ru_RU\" \/>\n<meta property=\"og:type\" content=\"article\" \/>\n<meta property=\"og:title\" content=\"Impressum - auslaenderaemter.com\" \/>\n<meta property=\"og:description\" content=\"Impressum Angaben gem\u00e4\u00df \u00a7 5 TMG: Petros Aslanakis 889\/850 Moo 5 Nong Prue, Bang Lamung Chon Buri 20150 Thailand Kontakt: E-Mail: info(at)auslaenderaemter.com Diese Webseite ist keine offizielle Webseite der Ausl\u00e4nderbeh\u00f6rden.\u00a0 Bitte haben Sie Verst\u00e4ndnis, dass wir als Seitenbetreiber keinerlei Beratung vornehmen oder Informationen erteilen k\u00f6nnen. Haftungsausschluss (Disclaimer) Haftung f\u00fcr Inhalte Als Diensteanbieter sind wir gem\u00e4\u00df&hellip;&nbsp;Read More &raquo;Impressum\" \/>\n<meta property=\"og:url\" content=\"https:\/\/auslaenderaemter.com\/ru\/\u043e\u0442\u043f\u0435\u0447\u0430\u0442\u043e\u043a\/\" \/>\n<meta property=\"og:site_name\" content=\"auslaenderaemter.com\" \/>\n<meta property=\"article:modified_time\" content=\"2025-12-30T05:36:31+00:00\" \/>\n<meta name=\"twitter:card\" content=\"summary_large_image\" \/>\n<meta name=\"twitter:label1\" content=\"\u041f\u0440\u0438\u043c\u0435\u0440\u043d\u043e\u0435 \u0432\u0440\u0435\u043c\u044f \u0434\u043b\u044f \u0447\u0442\u0435\u043d\u0438\u044f\" \/>\n\t<meta name=\"twitter:data1\" content=\"2 \u043c\u0438\u043d\u0443\u0442\u044b\" \/>\n<script type=\"application\/ld+json\" class=\"yoast-schema-graph\">{\"@context\":\"https:\\\/\\\/schema.org\",\"@graph\":[{\"@type\":\"WebPage\",\"@id\":\"https:\\\/\\\/auslaenderaemter.com\\\/impressum\\\/\",\"url\":\"https:\\\/\\\/auslaenderaemter.com\\\/impressum\\\/\",\"name\":\"Impressum - auslaenderaemter.com\",\"isPartOf\":{\"@id\":\"https:\\\/\\\/auslaenderaemter.com\\\/#website\"},\"datePublished\":\"2021-01-24T22:36:29+00:00\",\"dateModified\":\"2025-12-30T05:36:31+00:00\",\"breadcrumb\":{\"@id\":\"https:\\\/\\\/auslaenderaemter.com\\\/impressum\\\/#breadcrumb\"},\"inLanguage\":\"ru-RU\",\"potentialAction\":[{\"@type\":\"ReadAction\",\"target\":[\"https:\\\/\\\/auslaenderaemter.com\\\/impressum\\\/\"]}]},{\"@type\":\"BreadcrumbList\",\"@id\":\"https:\\\/\\\/auslaenderaemter.com\\\/impressum\\\/#breadcrumb\",\"itemListElement\":[{\"@type\":\"ListItem\",\"position\":1,\"name\":\"Startseite\",\"item\":\"https:\\\/\\\/auslaenderaemter.com\\\/\"},{\"@type\":\"ListItem\",\"position\":2,\"name\":\"Impressum\"}]},{\"@type\":\"WebSite\",\"@id\":\"https:\\\/\\\/auslaenderaemter.com\\\/#website\",\"url\":\"https:\\\/\\\/auslaenderaemter.com\\\/\",\"name\":\"auslaenderaemter.com\",\"description\":\"\",\"publisher\":{\"@id\":\"https:\\\/\\\/auslaenderaemter.com\\\/#organization\"},\"potentialAction\":[{\"@type\":\"SearchAction\",\"target\":{\"@type\":\"EntryPoint\",\"urlTemplate\":\"https:\\\/\\\/auslaenderaemter.com\\\/?s={search_term_string}\"},\"query-input\":{\"@type\":\"PropertyValueSpecification\",\"valueRequired\":true,\"valueName\":\"search_term_string\"}}],\"inLanguage\":\"ru-RU\"},{\"@type\":\"Organization\",\"@id\":\"https:\\\/\\\/auslaenderaemter.com\\\/#organization\",\"name\":\"auslaenderaemter.com\",\"url\":\"https:\\\/\\\/auslaenderaemter.com\\\/\",\"logo\":{\"@type\":\"ImageObject\",\"inLanguage\":\"ru-RU\",\"@id\":\"https:\\\/\\\/auslaenderaemter.com\\\/#\\\/schema\\\/logo\\\/image\\\/\",\"url\":\"https:\\\/\\\/auslaenderaemter.com\\\/wp-content\\\/uploads\\\/2021\\\/01\\\/cropped-Vollmond-info-13.png\",\"contentUrl\":\"https:\\\/\\\/auslaenderaemter.com\\\/wp-content\\\/uploads\\\/2021\\\/01\\\/cropped-Vollmond-info-13.png\",\"width\":500,\"height\":117,\"caption\":\"auslaenderaemter.com\"},\"image\":{\"@id\":\"https:\\\/\\\/auslaenderaemter.com\\\/#\\\/schema\\\/logo\\\/image\\\/\"}}]}<\/script>\n<!-- \/ Yoast SEO plugin. -->","yoast_head_json":{"title":"\u0412\u044b\u0445\u043e\u0434\u043d\u044b\u0435 \u0434\u0430\u043d\u043d\u044b\u0435 - auslaenderaemter.com","robots":{"index":"noindex","follow":"follow"},"og_locale":"ru_RU","og_type":"article","og_title":"Impressum - auslaenderaemter.com","og_description":"Impressum Angaben gem\u00e4\u00df \u00a7 5 TMG: Petros Aslanakis 889\/850 Moo 5 Nong Prue, Bang Lamung Chon Buri 20150 Thailand Kontakt: E-Mail: info(at)auslaenderaemter.com Diese Webseite ist keine offizielle Webseite der Ausl\u00e4nderbeh\u00f6rden.\u00a0 Bitte haben Sie Verst\u00e4ndnis, dass wir als Seitenbetreiber keinerlei Beratung vornehmen oder Informationen erteilen k\u00f6nnen. Haftungsausschluss (Disclaimer) Haftung f\u00fcr Inhalte Als Diensteanbieter sind wir gem\u00e4\u00df&hellip;&nbsp;Read More &raquo;Impressum","og_url":"https:\/\/auslaenderaemter.com\/ru\/\u043e\u0442\u043f\u0435\u0447\u0430\u0442\u043e\u043a\/","og_site_name":"auslaenderaemter.com","article_modified_time":"2025-12-30T05:36:31+00:00","twitter_card":"summary_large_image","twitter_misc":{"\u041f\u0440\u0438\u043c\u0435\u0440\u043d\u043e\u0435 \u0432\u0440\u0435\u043c\u044f \u0434\u043b\u044f \u0447\u0442\u0435\u043d\u0438\u044f":"2 \u043c\u0438\u043d\u0443\u0442\u044b"},"schema":{"@context":"https:\/\/schema.org","@graph":[{"@type":"WebPage","@id":"https:\/\/auslaenderaemter.com\/impressum\/","url":"https:\/\/auslaenderaemter.com\/impressum\/","name":"\u0412\u044b\u0445\u043e\u0434\u043d\u044b\u0435 \u0434\u0430\u043d\u043d\u044b\u0435 - auslaenderaemter.com","isPartOf":{"@id":"https:\/\/auslaenderaemter.com\/#website"},"datePublished":"2021-01-24T22:36:29+00:00","dateModified":"2025-12-30T05:36:31+00:00","breadcrumb":{"@id":"https:\/\/auslaenderaemter.com\/impressum\/#breadcrumb"},"inLanguage":"ru-RU","potentialAction":[{"@type":"ReadAction","target":["https:\/\/auslaenderaemter.com\/impressum\/"]}]},{"@type":"BreadcrumbList","@id":"https:\/\/auslaenderaemter.com\/impressum\/#breadcrumb","itemListElement":[{"@type":"ListItem","position":1,"name":"Startseite","item":"https:\/\/auslaenderaemter.com\/"},{"@type":"ListItem","position":2,"name":"Impressum"}]},{"@type":"WebSite","@id":"https:\/\/auslaenderaemter.com\/#website","url":"https:\/\/auslaenderaemter.com\/","name":"auslaenderaemter.com","description":"","publisher":{"@id":"https:\/\/auslaenderaemter.com\/#organization"},"potentialAction":[{"@type":"SearchAction","target":{"@type":"EntryPoint","urlTemplate":"https:\/\/auslaenderaemter.com\/?s={search_term_string}"},"query-input":{"@type":"PropertyValueSpecification","valueRequired":true,"valueName":"search_term_string"}}],"inLanguage":"ru-RU"},{"@type":"Organization","@id":"https:\/\/auslaenderaemter.com\/#organization","name":"auslaenderaemter.com","url":"https:\/\/auslaenderaemter.com\/","logo":{"@type":"ImageObject","inLanguage":"ru-RU","@id":"https:\/\/auslaenderaemter.com\/#\/schema\/logo\/image\/","url":"https:\/\/auslaenderaemter.com\/wp-content\/uploads\/2021\/01\/cropped-Vollmond-info-13.png","contentUrl":"https:\/\/auslaenderaemter.com\/wp-content\/uploads\/2021\/01\/cropped-Vollmond-info-13.png","width":500,"height":117,"caption":"auslaenderaemter.com"},"image":{"@id":"https:\/\/auslaenderaemter.com\/#\/schema\/logo\/image\/"}}]}},"_links":{"self":[{"href":"https:\/\/auslaenderaemter.com\/ru\/wp-json\/wp\/v2\/pages\/21","targetHints":{"allow":["GET"]}}],"collection":[{"href":"https:\/\/auslaenderaemter.com\/ru\/wp-json\/wp\/v2\/pages"}],"about":[{"href":"https:\/\/auslaenderaemter.com\/ru\/wp-json\/wp\/v2\/types\/page"}],"author":[{"embeddable":true,"href":"https:\/\/auslaenderaemter.com\/ru\/wp-json\/wp\/v2\/users\/1"}],"replies":[{"embeddable":true,"href":"https:\/\/auslaenderaemter.com\/ru\/wp-json\/wp\/v2\/comments?post=21"}],"version-history":[{"count":0,"href":"https:\/\/auslaenderaemter.com\/ru\/wp-json\/wp\/v2\/pages\/21\/revisions"}],"wp:attachment":[{"href":"https:\/\/auslaenderaemter.com\/ru\/wp-json\/wp\/v2\/media?parent=21"}],"curies":[{"name":"WP","href":"https:\/\/api.w.org\/{rel}","templated":true}]}}