{"id":384,"date":"2021-01-30T18:39:57","date_gmt":"2021-01-30T17:39:57","guid":{"rendered":"https:\/\/auslaenderaemter.com\/?page_id=384"},"modified":"2021-01-30T18:39:57","modified_gmt":"2021-01-30T17:39:57","slug":"auslaenderamt-rosslau","status":"publish","type":"page","link":"https:\/\/auslaenderaemter.com\/ru\/%d0%b8%d0%bc%d0%bc%d0%b8%d0%b3%d1%80%d0%b0%d1%86%d0%b8%d0%be%d0%bd%d0%bd%d1%8b%d0%b9-%d0%be%d1%84%d0%b8%d1%81-%d1%80%d0%be%d1%81%d1%81%d0%bb%d0%b0%d1%83\/","title":{"rendered":"\u0418\u043c\u043c\u0438\u0433\u0440\u0430\u0446\u0438\u043e\u043d\u043d\u044b\u0439 \u043e\u0444\u0438\u0441 \u0420\u043e\u0441\u0441\u043b\u0430\u0443"},"content":{"rendered":"<h2>\u0418\u043c\u043c\u0438\u0433\u0440\u0430\u0446\u0438\u043e\u043d\u043d\u044b\u0439 \u043e\u0444\u0438\u0441 \/ \u0418\u043c\u043c\u0438\u0433\u0440\u0430\u0446\u0438\u043e\u043d\u043d\u044b\u0439 \u043e\u0444\u0438\u0441 \u0432 \u0420\u043e\u0441\u0441\u043b\u0430\u0443 \u2013 \u0430\u0434\u0440\u0435\u0441 \u0438 \u0430\u0434\u0440\u0435\u0441 \u0434\u043b\u044f \u043f\u043e\u0441\u0435\u0442\u0438\u0442\u0435\u043b\u0435\u0439<\/h2>\n<ul>\n<li><strong>\u0410\u0434\u0440\u0435\u0441:<\/strong> \u0410\u0434\u043c\u0438\u043d\u0438\u0441\u0442\u0440\u0430\u0446\u0438\u044f \u0433\u043e\u0440\u043e\u0434\u0430, \u041c\u0430\u0440\u043a\u0442 5, 06862 \u0420\u043e\u0441\u0441\u043b\u0430\u0443<\/li>\n<li><strong>\u0422\u0435\u043b\u0435\u0444\u043e\u043d: <\/strong>(034901) 63-0<\/li>\n<li><strong>\u0424\u0430\u043a\u0441:\u00a0<\/strong><strong><br \/>\n<\/strong><\/li>\n<li><strong>\u042d\u043b. \u0430\u0434\u0440\u0435\u0441:\u00a0<\/strong><\/li>\n<li><strong>\u0412\u0435\u0431-\u0441\u0430\u0439\u0442: <\/strong><a href=\"https:\/\/verwaltung.dessau-rosslau.de\/startseite.html\" target=\"_blank\" rel=\"noopener\">verwaltung.dessau-rosslau.de<\/a><\/li>\n<li><strong>\u0427\u0430\u0441\u044b \u0440\u0430\u0431\u043e\u0442\u044b:<\/strong> \u0441\u043c. \u0432\u0435\u0431-\u0441\u0430\u0439\u0442<\/li>\n<\/ul>\n<p><iframe style=\"border: 0;\" tabindex=\"0\" src=\"https:\/\/www.google.com\/maps\/embed?pb=!1m18!1m12!1m3!1d2462.5612877153903!2d12.247833615981985!3d51.88722029068144!2m3!1f0!2f0!3f0!3m2!1i1024!2i768!4f13.1!3m3!1m2!1s0x47a610aead5665bd%3A0x625b4dc3fa725bc2!2sStadtverwaltung%20Dessau-Ro%C3%9Flau!5e0!3m2!1sde!2sde!4v1612028374060!5m2!1sde!2sde\" width=\"600\" height=\"450\" frameborder=\"0\" allowfullscreen=\"allowfullscreen\" aria-hidden=\"false\"><\/iframe><\/p>\n<h3>\u0414\u0440\u0443\u0433\u0438\u0435 \u0438\u043c\u043c\u0438\u0433\u0440\u0430\u0446\u0438\u043e\u043d\u043d\u044b\u0435 \u0432\u043b\u0430\u0441\u0442\u0438<\/h3>\n<ul>\n<li><a href=\"https:\/\/auslaenderaemter.com\/ru\/\u0438\u043c\u043c\u0438\u0433\u0440\u0430\u0446\u0438\u043e\u043d\u043d\u044b\u0435-\u0441\u043b\u0443\u0436\u0431\u044b-\u0432-\u0437\u0435\u043c\u043b\u0435-\u0441\u0430\u043a\u0441\u043e\u043d\/\">\u0418\u043c\u043c\u0438\u0433\u0440\u0430\u0446\u0438\u043e\u043d\u043d\u044b\u0435 \u0441\u043b\u0443\u0436\u0431\u044b \u0432 \u0421\u0430\u043a\u0441\u043e\u043d\u0438\u0438-\u0410\u043d\u0445\u0430\u043b\u044c\u0442<\/a><\/li>\n<li><a href=\"https:\/\/auslaenderaemter.com\/ru\/\">\u0418\u043c\u043c\u0438\u0433\u0440\u0430\u0446\u0438\u043e\u043d\u043d\u044b\u0435 \u043e\u0444\u0438\u0441\u044b \u0432 \u0413\u0435\u0440\u043c\u0430\u043d\u0438\u0438<\/a><\/li>\n<\/ul>","protected":false},"excerpt":{"rendered":"<p>\u0418\u043c\u043c\u0438\u0433\u0440\u0430\u0446\u0438\u043e\u043d\u043d\u0430\u044f \u0441\u043b\u0443\u0436\u0431\u0430 \/ \u0438\u043c\u043c\u0438\u0433\u0440\u0430\u0446\u0438\u043e\u043d\u043d\u0430\u044f \u0441\u043b\u0443\u0436\u0431\u0430 \u0432 \u0420\u043e\u0441\u0441\u043b\u0430\u0443 - \u0430\u0434\u0440\u0435\u0441 \u0438 \u0430\u0434\u0440\u0435\u0441 \u0434\u043b\u044f \u043f\u043e\u0441\u0435\u0442\u0438\u0442\u0435\u043b\u0435\u0439 \u0410\u0434\u0440\u0435\u0441: \u0413\u043e\u0440\u043e\u0434\u0441\u043a\u0430\u044f \u0430\u0434\u043c\u0438\u043d\u0438\u0441\u0442\u0440\u0430\u0446\u0438\u044f, Markt 5, 06862 \u0420\u043e\u0441\u0441\u043b\u0430\u0443 \u0422\u0435\u043b\u0435\u0444\u043e\u043d: (034901) 63-0 \u0424\u0430\u043a\u0441: \u042d\u043b\u0435\u043a\u0442\u0440\u043e\u043d\u043d\u0430\u044f \u043f\u043e\u0447\u0442\u0430: \u0412\u0435\u0431-\u0441\u0430\u0439\u0442: verwaltung.dessau-rosslau.de \u0427\u0430\u0441\u044b \u0440\u0430\u0431\u043e\u0442\u044b: \u0441\u043c. \u0432\u0435\u0431-\u0441\u0430\u0439\u0442 \u0414\u0440\u0443\u0433\u043e\u0435 \u0438\u043c\u043c\u0438\u0433\u0440\u0430\u0446\u0438\u043e\u043d\u043d\u044b\u0435 \u0432\u043b\u0430\u0441\u0442\u0438 \u0418\u043c\u043c\u0438\u0433\u0440\u0430\u0446\u0438\u043e\u043d\u043d\u044b\u0435 \u043e\u0444\u0438\u0441\u044b \u0432 \u0421\u0430\u043a\u0441\u043e\u043d\u0438\u0438-\u0410\u043d\u0445\u0430\u043b\u044c\u0442 \u0432 \u0438\u043c\u043c\u0438\u0433\u0440\u0430\u0446\u0438\u043e\u043d\u043d\u044b\u0445 \u043e\u0444\u0438\u0441\u0430\u0445 \u0432 \u0413\u0435\u0440\u043c\u0430\u043d\u0438\u0438<\/p>","protected":false},"author":1,"featured_media":37,"parent":0,"menu_order":0,"comment_status":"closed","ping_status":"closed","template":"","meta":{"neve_meta_sidebar":"full-width","neve_meta_container":"","neve_meta_enable_content_width":"on","neve_meta_content_width":100,"neve_meta_title_alignment":"","neve_meta_author_avatar":"","neve_post_elements_order":"","neve_meta_disable_header":"","neve_meta_disable_footer":"","neve_meta_disable_title":"","neve_meta_reading_time":"","footnotes":""},"class_list":["post-384","page","type-page","status-publish","has-post-thumbnail","hentry"],"yoast_head":"<!-- This site is optimized with the Yoast SEO plugin v27.3 - https:\/\/yoast.com\/product\/yoast-seo-wordpress\/ -->\n<title>Ausl\u00e4nderamt Ro\u00dflau | Adresse, Kontakt und \u00d6ffnungszeiten<\/title>\n<meta name=\"description\" content=\"Ausl\u00e4nderamt Ro\u00dflau | Adresse und Anschrift \u2713 Telefonnummer, Kontakt und \u00d6ffnungszeiten \u2713 Anfahrt \u2713 Ausl\u00e4nderbeh\u00f6rden in Deutschland\" \/>\n<meta name=\"robots\" content=\"index, follow, max-snippet:-1, max-image-preview:large, max-video-preview:-1\" \/>\n<link rel=\"canonical\" href=\"https:\/\/auslaenderaemter.com\/ru\/\u0438\u043c\u043c\u0438\u0433\u0440\u0430\u0446\u0438\u043e\u043d\u043d\u044b\u0439-\u043e\u0444\u0438\u0441-\u0440\u043e\u0441\u0441\u043b\u0430\u0443\/\" \/>\n<meta property=\"og:locale\" content=\"ru_RU\" \/>\n<meta property=\"og:type\" content=\"article\" \/>\n<meta property=\"og:title\" content=\"Ausl\u00e4nderamt Ro\u00dflau | Adresse, Kontakt und \u00d6ffnungszeiten\" \/>\n<meta property=\"og:description\" content=\"Ausl\u00e4nderamt Ro\u00dflau | Adresse und Anschrift \u2713 Telefonnummer, Kontakt und \u00d6ffnungszeiten \u2713 Anfahrt \u2713 Ausl\u00e4nderbeh\u00f6rden in Deutschland\" \/>\n<meta property=\"og:url\" content=\"https:\/\/auslaenderaemter.com\/ru\/\u0438\u043c\u043c\u0438\u0433\u0440\u0430\u0446\u0438\u043e\u043d\u043d\u044b\u0439-\u043e\u0444\u0438\u0441-\u0440\u043e\u0441\u0441\u043b\u0430\u0443\/\" \/>\n<meta property=\"og:site_name\" content=\"auslaenderaemter.com\" \/>\n<meta property=\"og:image\" content=\"https:\/\/auslaenderaemter.com\/wp-content\/uploads\/2021\/01\/city-263069_640.jpg\" \/>\n\t<meta property=\"og:image:width\" content=\"640\" \/>\n\t<meta property=\"og:image:height\" content=\"480\" \/>\n\t<meta property=\"og:image:type\" content=\"image\/jpeg\" \/>\n<meta name=\"twitter:card\" content=\"summary_large_image\" \/>\n<meta name=\"twitter:label1\" content=\"\u041f\u0440\u0438\u043c\u0435\u0440\u043d\u043e\u0435 \u0432\u0440\u0435\u043c\u044f \u0434\u043b\u044f \u0447\u0442\u0435\u043d\u0438\u044f\" \/>\n\t<meta name=\"twitter:data1\" content=\"1 \u043c\u0438\u043d\u0443\u0442\u0430\" \/>\n<script type=\"application\/ld+json\" class=\"yoast-schema-graph\">{\"@context\":\"https:\\\/\\\/schema.org\",\"@graph\":[{\"@type\":\"WebPage\",\"@id\":\"https:\\\/\\\/auslaenderaemter.com\\\/auslaenderamt-rosslau\\\/\",\"url\":\"https:\\\/\\\/auslaenderaemter.com\\\/auslaenderamt-rosslau\\\/\",\"name\":\"Ausl\u00e4nderamt Ro\u00dflau | Adresse, Kontakt und \u00d6ffnungszeiten\",\"isPartOf\":{\"@id\":\"https:\\\/\\\/auslaenderaemter.com\\\/#website\"},\"primaryImageOfPage\":{\"@id\":\"https:\\\/\\\/auslaenderaemter.com\\\/auslaenderamt-rosslau\\\/#primaryimage\"},\"image\":{\"@id\":\"https:\\\/\\\/auslaenderaemter.com\\\/auslaenderamt-rosslau\\\/#primaryimage\"},\"thumbnailUrl\":\"https:\\\/\\\/auslaenderaemter.com\\\/wp-content\\\/uploads\\\/2021\\\/01\\\/city-263069_640.jpg\",\"datePublished\":\"2021-01-30T17:39:57+00:00\",\"description\":\"Ausl\u00e4nderamt Ro\u00dflau | Adresse und Anschrift \u2713 Telefonnummer, Kontakt und \u00d6ffnungszeiten \u2713 Anfahrt \u2713 Ausl\u00e4nderbeh\u00f6rden in Deutschland\",\"breadcrumb\":{\"@id\":\"https:\\\/\\\/auslaenderaemter.com\\\/auslaenderamt-rosslau\\\/#breadcrumb\"},\"inLanguage\":\"ru-RU\",\"potentialAction\":[{\"@type\":\"ReadAction\",\"target\":[\"https:\\\/\\\/auslaenderaemter.com\\\/auslaenderamt-rosslau\\\/\"]}]},{\"@type\":\"ImageObject\",\"inLanguage\":\"ru-RU\",\"@id\":\"https:\\\/\\\/auslaenderaemter.com\\\/auslaenderamt-rosslau\\\/#primaryimage\",\"url\":\"https:\\\/\\\/auslaenderaemter.com\\\/wp-content\\\/uploads\\\/2021\\\/01\\\/city-263069_640.jpg\",\"contentUrl\":\"https:\\\/\\\/auslaenderaemter.com\\\/wp-content\\\/uploads\\\/2021\\\/01\\\/city-263069_640.jpg\",\"width\":640,\"height\":480,\"caption\":\"Ausl\u00e4nder\u00e4mter in Deutschland\"},{\"@type\":\"BreadcrumbList\",\"@id\":\"https:\\\/\\\/auslaenderaemter.com\\\/auslaenderamt-rosslau\\\/#breadcrumb\",\"itemListElement\":[{\"@type\":\"ListItem\",\"position\":1,\"name\":\"Startseite\",\"item\":\"https:\\\/\\\/auslaenderaemter.com\\\/\"},{\"@type\":\"ListItem\",\"position\":2,\"name\":\"Ausl\u00e4nderamt Ro\u00dflau\"}]},{\"@type\":\"WebSite\",\"@id\":\"https:\\\/\\\/auslaenderaemter.com\\\/#website\",\"url\":\"https:\\\/\\\/auslaenderaemter.com\\\/\",\"name\":\"auslaenderaemter.com\",\"description\":\"\",\"publisher\":{\"@id\":\"https:\\\/\\\/auslaenderaemter.com\\\/#organization\"},\"potentialAction\":[{\"@type\":\"SearchAction\",\"target\":{\"@type\":\"EntryPoint\",\"urlTemplate\":\"https:\\\/\\\/auslaenderaemter.com\\\/?s={search_term_string}\"},\"query-input\":{\"@type\":\"PropertyValueSpecification\",\"valueRequired\":true,\"valueName\":\"search_term_string\"}}],\"inLanguage\":\"ru-RU\"},{\"@type\":\"Organization\",\"@id\":\"https:\\\/\\\/auslaenderaemter.com\\\/#organization\",\"name\":\"auslaenderaemter.com\",\"url\":\"https:\\\/\\\/auslaenderaemter.com\\\/\",\"logo\":{\"@type\":\"ImageObject\",\"inLanguage\":\"ru-RU\",\"@id\":\"https:\\\/\\\/auslaenderaemter.com\\\/#\\\/schema\\\/logo\\\/image\\\/\",\"url\":\"https:\\\/\\\/auslaenderaemter.com\\\/wp-content\\\/uploads\\\/2021\\\/01\\\/cropped-Vollmond-info-13.png\",\"contentUrl\":\"https:\\\/\\\/auslaenderaemter.com\\\/wp-content\\\/uploads\\\/2021\\\/01\\\/cropped-Vollmond-info-13.png\",\"width\":500,\"height\":117,\"caption\":\"auslaenderaemter.com\"},\"image\":{\"@id\":\"https:\\\/\\\/auslaenderaemter.com\\\/#\\\/schema\\\/logo\\\/image\\\/\"}}]}<\/script>\n<!-- \/ Yoast SEO plugin. -->","yoast_head_json":{"title":"\u0418\u043c\u043c\u0438\u0433\u0440\u0430\u0446\u0438\u043e\u043d\u043d\u044b\u0439 \u043e\u0444\u0438\u0441 \u0420\u043e\u0441\u043b\u0430\u0443 | \u0410\u0434\u0440\u0435\u0441, \u043a\u043e\u043d\u0442\u0430\u043a\u0442\u044b \u0438 \u0447\u0430\u0441\u044b \u0440\u0430\u0431\u043e\u0442\u044b","description":"\u0418\u043c\u043c\u0438\u0433\u0440\u0430\u0446\u0438\u043e\u043d\u043d\u044b\u0439 \u043e\u0444\u0438\u0441 \u0420\u043e\u0441\u043b\u0430\u0443 | \u0410\u0434\u0440\u0435\u0441 \u0438 \u0430\u0434\u0440\u0435\u0441 \u2713 \u041d\u043e\u043c\u0435\u0440 \u0442\u0435\u043b\u0435\u0444\u043e\u043d\u0430, \u043a\u043e\u043d\u0442\u0430\u043a\u0442\u044b \u0438 \u0432\u0440\u0435\u043c\u044f \u0440\u0430\u0431\u043e\u0442\u044b \u2713 \u041a\u0430\u043a \u043f\u0440\u043e\u0435\u0445\u0430\u0442\u044c \u2713 \u0418\u043c\u043c\u0438\u0433\u0440\u0430\u0446\u0438\u043e\u043d\u043d\u044b\u0435 \u0432\u043b\u0430\u0441\u0442\u0438 \u0432 \u0413\u0435\u0440\u043c\u0430\u043d\u0438\u0438","robots":{"index":"index","follow":"follow","max-snippet":"max-snippet:-1","max-image-preview":"max-image-preview:large","max-video-preview":"max-video-preview:-1"},"canonical":"https:\/\/auslaenderaemter.com\/ru\/\u0438\u043c\u043c\u0438\u0433\u0440\u0430\u0446\u0438\u043e\u043d\u043d\u044b\u0439-\u043e\u0444\u0438\u0441-\u0440\u043e\u0441\u0441\u043b\u0430\u0443\/","og_locale":"ru_RU","og_type":"article","og_title":"Ausl\u00e4nderamt Ro\u00dflau | Adresse, Kontakt und \u00d6ffnungszeiten","og_description":"Ausl\u00e4nderamt Ro\u00dflau | Adresse und Anschrift \u2713 Telefonnummer, Kontakt und \u00d6ffnungszeiten \u2713 Anfahrt \u2713 Ausl\u00e4nderbeh\u00f6rden in Deutschland","og_url":"https:\/\/auslaenderaemter.com\/ru\/\u0438\u043c\u043c\u0438\u0433\u0440\u0430\u0446\u0438\u043e\u043d\u043d\u044b\u0439-\u043e\u0444\u0438\u0441-\u0440\u043e\u0441\u0441\u043b\u0430\u0443\/","og_site_name":"auslaenderaemter.com","og_image":[{"width":640,"height":480,"url":"https:\/\/auslaenderaemter.com\/wp-content\/uploads\/2021\/01\/city-263069_640.jpg","type":"image\/jpeg"}],"twitter_card":"summary_large_image","twitter_misc":{"\u041f\u0440\u0438\u043c\u0435\u0440\u043d\u043e\u0435 \u0432\u0440\u0435\u043c\u044f \u0434\u043b\u044f \u0447\u0442\u0435\u043d\u0438\u044f":"1 \u043c\u0438\u043d\u0443\u0442\u0430"},"schema":{"@context":"https:\/\/schema.org","@graph":[{"@type":"WebPage","@id":"https:\/\/auslaenderaemter.com\/auslaenderamt-rosslau\/","url":"https:\/\/auslaenderaemter.com\/auslaenderamt-rosslau\/","name":"\u0418\u043c\u043c\u0438\u0433\u0440\u0430\u0446\u0438\u043e\u043d\u043d\u044b\u0439 \u043e\u0444\u0438\u0441 \u0420\u043e\u0441\u043b\u0430\u0443 | \u0410\u0434\u0440\u0435\u0441, \u043a\u043e\u043d\u0442\u0430\u043a\u0442\u044b \u0438 \u0447\u0430\u0441\u044b \u0440\u0430\u0431\u043e\u0442\u044b","isPartOf":{"@id":"https:\/\/auslaenderaemter.com\/#website"},"primaryImageOfPage":{"@id":"https:\/\/auslaenderaemter.com\/auslaenderamt-rosslau\/#primaryimage"},"image":{"@id":"https:\/\/auslaenderaemter.com\/auslaenderamt-rosslau\/#primaryimage"},"thumbnailUrl":"https:\/\/auslaenderaemter.com\/wp-content\/uploads\/2021\/01\/city-263069_640.jpg","datePublished":"2021-01-30T17:39:57+00:00","description":"\u0418\u043c\u043c\u0438\u0433\u0440\u0430\u0446\u0438\u043e\u043d\u043d\u044b\u0439 \u043e\u0444\u0438\u0441 \u0420\u043e\u0441\u043b\u0430\u0443 | \u0410\u0434\u0440\u0435\u0441 \u0438 \u0430\u0434\u0440\u0435\u0441 \u2713 \u041d\u043e\u043c\u0435\u0440 \u0442\u0435\u043b\u0435\u0444\u043e\u043d\u0430, \u043a\u043e\u043d\u0442\u0430\u043a\u0442\u044b \u0438 \u0432\u0440\u0435\u043c\u044f \u0440\u0430\u0431\u043e\u0442\u044b \u2713 \u041a\u0430\u043a \u043f\u0440\u043e\u0435\u0445\u0430\u0442\u044c \u2713 \u0418\u043c\u043c\u0438\u0433\u0440\u0430\u0446\u0438\u043e\u043d\u043d\u044b\u0435 \u0432\u043b\u0430\u0441\u0442\u0438 \u0432 \u0413\u0435\u0440\u043c\u0430\u043d\u0438\u0438","breadcrumb":{"@id":"https:\/\/auslaenderaemter.com\/auslaenderamt-rosslau\/#breadcrumb"},"inLanguage":"ru-RU","potentialAction":[{"@type":"ReadAction","target":["https:\/\/auslaenderaemter.com\/auslaenderamt-rosslau\/"]}]},{"@type":"ImageObject","inLanguage":"ru-RU","@id":"https:\/\/auslaenderaemter.com\/auslaenderamt-rosslau\/#primaryimage","url":"https:\/\/auslaenderaemter.com\/wp-content\/uploads\/2021\/01\/city-263069_640.jpg","contentUrl":"https:\/\/auslaenderaemter.com\/wp-content\/uploads\/2021\/01\/city-263069_640.jpg","width":640,"height":480,"caption":"Ausl\u00e4nder\u00e4mter in Deutschland"},{"@type":"BreadcrumbList","@id":"https:\/\/auslaenderaemter.com\/auslaenderamt-rosslau\/#breadcrumb","itemListElement":[{"@type":"ListItem","position":1,"name":"Startseite","item":"https:\/\/auslaenderaemter.com\/"},{"@type":"ListItem","position":2,"name":"Ausl\u00e4nderamt Ro\u00dflau"}]},{"@type":"WebSite","@id":"https:\/\/auslaenderaemter.com\/#website","url":"https:\/\/auslaenderaemter.com\/","name":"auslaenderaemter.com","description":"","publisher":{"@id":"https:\/\/auslaenderaemter.com\/#organization"},"potentialAction":[{"@type":"SearchAction","target":{"@type":"EntryPoint","urlTemplate":"https:\/\/auslaenderaemter.com\/?s={search_term_string}"},"query-input":{"@type":"PropertyValueSpecification","valueRequired":true,"valueName":"search_term_string"}}],"inLanguage":"ru-RU"},{"@type":"Organization","@id":"https:\/\/auslaenderaemter.com\/#organization","name":"auslaenderaemter.com","url":"https:\/\/auslaenderaemter.com\/","logo":{"@type":"ImageObject","inLanguage":"ru-RU","@id":"https:\/\/auslaenderaemter.com\/#\/schema\/logo\/image\/","url":"https:\/\/auslaenderaemter.com\/wp-content\/uploads\/2021\/01\/cropped-Vollmond-info-13.png","contentUrl":"https:\/\/auslaenderaemter.com\/wp-content\/uploads\/2021\/01\/cropped-Vollmond-info-13.png","width":500,"height":117,"caption":"auslaenderaemter.com"},"image":{"@id":"https:\/\/auslaenderaemter.com\/#\/schema\/logo\/image\/"}}]}},"_links":{"self":[{"href":"https:\/\/auslaenderaemter.com\/ru\/wp-json\/wp\/v2\/pages\/384","targetHints":{"allow":["GET"]}}],"collection":[{"href":"https:\/\/auslaenderaemter.com\/ru\/wp-json\/wp\/v2\/pages"}],"about":[{"href":"https:\/\/auslaenderaemter.com\/ru\/wp-json\/wp\/v2\/types\/page"}],"author":[{"embeddable":true,"href":"https:\/\/auslaenderaemter.com\/ru\/wp-json\/wp\/v2\/users\/1"}],"replies":[{"embeddable":true,"href":"https:\/\/auslaenderaemter.com\/ru\/wp-json\/wp\/v2\/comments?post=384"}],"version-history":[{"count":0,"href":"https:\/\/auslaenderaemter.com\/ru\/wp-json\/wp\/v2\/pages\/384\/revisions"}],"wp:featuredmedia":[{"embeddable":true,"href":"https:\/\/auslaenderaemter.com\/ru\/wp-json\/wp\/v2\/media\/37"}],"wp:attachment":[{"href":"https:\/\/auslaenderaemter.com\/ru\/wp-json\/wp\/v2\/media?parent=384"}],"curies":[{"name":"WP","href":"https:\/\/api.w.org\/{rel}","templated":true}]}}