{"id":3081,"date":"2021-02-24T00:10:55","date_gmt":"2021-02-23T23:10:55","guid":{"rendered":"https:\/\/auslaenderaemter.com\/?page_id=3081"},"modified":"2021-03-15T21:48:15","modified_gmt":"2021-03-15T20:48:15","slug":"versicherungen-fuer-auslaendische-gaeste","status":"publish","type":"page","link":"https:\/\/auslaenderaemter.com\/tr\/yabanci-misafirler-icin-sigorta\/","title":{"rendered":"Yabanc\u0131 misafirler i\u00e7in sigorta"},"content":{"rendered":"<p><img fetchpriority=\"high\" decoding=\"async\" class=\"aligncenter wp-image-3087 size-full\" src=\"https:\/\/auslaenderaemter.com\/wp-content\/uploads\/2021\/02\/couple-1030744_640.jpg\" alt=\"Yabanc\u0131 misafirler i\u00e7in sigorta\" width=\"640\" height=\"426\" srcset=\"https:\/\/auslaenderaemter.com\/wp-content\/uploads\/2021\/02\/couple-1030744_640.jpg 640w, https:\/\/auslaenderaemter.com\/wp-content\/uploads\/2021\/02\/couple-1030744_640-300x200.jpg 300w\" sizes=\"(max-width: 640px) 100vw, 640px\" \/><\/p>\n<p>E\u011fer <strong>tatilciler<\/strong>, <strong>dil \u00f6\u011frencisi<\/strong>, <strong>profesyonel kadro<\/strong> veya <strong>\u00fcniversite \u00f6\u011frencisi<\/strong> \u2013 Almanya ve Avrupa&#039;daki yabanc\u0131 konuklar\u0131n bir taneye ihtiyac\u0131 var <strong>Seyahat Sa\u011fl\u0131k Sigortas\u0131<\/strong>Avrupa Birli\u011fi&#039;nin gerekliliklerini kar\u015f\u0131layan bir <strong>vize<\/strong> hak kazanmak i\u00e7in.<\/p>\n<p>Tabii ki, sadece uluslararas\u0131 sa\u011fl\u0131k sigortas\u0131 de\u011fil, seyahat kaza sigortas\u0131 da pahal\u0131 maliyetlere kar\u015f\u0131 koruma sa\u011fl\u0131yor. Almanya&#039;da daha uzun s\u00fcre kalmay\u0131 planl\u0131yorsan\u0131z, acil durum, bagaj ve sorumluluk sigortas\u0131 yapt\u0131rmak da a\u00e7\u0131k bir avantajd\u0131r. Almanya&#039;daki konaklaman\u0131z i\u00e7in size g\u00fcvenilir koruma sa\u011flayan hepsi bir arada bir sigorta \u00f6neriyoruz.<\/p>\n<h2>Tatildeyken yasal sa\u011fl\u0131k sigortas\u0131 kapsam\u0131nda de\u011fil miyim?<\/h2>\n<p>Varsay\u0131m yak\u0131n, ama geliyor <strong>yasal sa\u011fl\u0131k sigortas\u0131<\/strong> yurtd\u0131\u015f\u0131ndaki hastal\u0131klar i\u00e7in <strong>de\u011fil veya sadece bunlarla s\u0131n\u0131rl\u0131<\/strong>. Bu nedenle yabanc\u0131 misafirler i\u00e7in Almanya&#039;da bulunmadan \u00f6nce sigorta yapt\u0131rmal\u0131s\u0131n\u0131z.<\/p>\n<h2>Ziyaret\u00e7iler i\u00e7in seyahat sa\u011fl\u0131k sigortas\u0131<\/h2>\n<p>Yabanc\u0131 misafirler i\u00e7in sigorta, sizi y\u00fcksek maliyetlerden korur ve Almanya&#039;daki konaklaman\u0131z\u0131 g\u00fcvence alt\u0131na al\u0131r. \u00c7o\u011fu zaman d\u00fc\u015f\u00fcnd\u00fc\u011f\u00fcn\u00fczden daha h\u0131zl\u0131 ger\u00e7ekle\u015fir: Y\u00fcr\u00fcy\u00fc\u015fte yanl\u0131\u015f bir ad\u0131m, bir hastal\u0131k veya kendi valizinizin kaybolmas\u0131\/\u00e7al\u0131nmas\u0131 ve birdenbire son derece y\u00fcksek maliyetlerle kar\u015f\u0131 kar\u015f\u0131ya kal\u0131rs\u0131n\u0131z. K\u0131r\u0131k bir baca\u011f\u0131n tedavisi ve \u00fclkesine geri g\u00f6nderilmesi k\u0131sa s\u00fcrede birka\u00e7 bin avroya mal olabilir. Yabanc\u0131 misafirler i\u00e7in sigorta yapt\u0131rd\u0131ysan\u0131z, y\u00fcksek maliyetlerden kendinizi kurtarabilirsiniz. Ancak yabanc\u0131 misafirler i\u00e7in sigorta yapt\u0131r\u0131rken dikkat etmeniz gereken birka\u00e7 nokta vard\u0131r.<\/p>\n<h2>Yabanc\u0131 misafirler i\u00e7in sigorta yapt\u0131r\u0131rken nelere dikkat etmeliyim?<\/h2>\n<p><strong>Yabanc\u0131 konuklar i\u00e7in iyi bir sigorta a\u015fa\u011f\u0131daki noktalarla karakterize edilir:<\/strong><\/p>\n<ul>\n<li>Yabanc\u0131 konuklar i\u00e7in sigorta AB \u015fartlar\u0131n\u0131 kar\u015f\u0131l\u0131yor<\/li>\n<li>Bir\u00e7ok riske kar\u015f\u0131 kapsaml\u0131 koruma<\/li>\n<li>Geni\u015f hizmet yelpazesi<\/li>\n<li>Yabanc\u0131 misafirler i\u00e7in muafiyetsiz sigorta<\/li>\n<li>T\u0131bben mant\u0131kl\u0131 d\u00f6n\u00fc\u015f nakliyesi kapsam dahilindedir<\/li>\n<\/ul>\n<h3>Seyahat sa\u011fl\u0131k sigortas\u0131 ile uluslararas\u0131 sa\u011fl\u0131k sigortas\u0131 aras\u0131ndaki fark<\/h3>\n<p>Seyahat sa\u011fl\u0131k sigortas\u0131 ile uluslararas\u0131 sa\u011fl\u0131k sigortas\u0131 aras\u0131ndaki temel fark <strong>seyahat s\u00fcresine ba\u011fl\u0131d\u0131r<\/strong>. Seyahat sa\u011fl\u0131k sigortas\u0131 \u00f6zellikle tatiller i\u00e7in faydal\u0131d\u0131r <strong>yakla\u015f\u0131k 8 haftaya kadar<\/strong>. Ancak uzun s\u00fcreli bir seyahat planl\u0131yorsan\u0131z, uluslararas\u0131 sa\u011fl\u0131k sigortas\u0131 yapt\u0131rman\u0131z \u00f6nerilir.<\/p>\n<h3>Tavsiyemiz: Almanya&#039;daki yabanc\u0131 misafirler i\u00e7in Hansemerkur&#039;dan sigorta<\/h3>\n<p>Yabanc\u0131 misafirler i\u00e7in sigorta, Almanya&#039;da kald\u0131\u011f\u0131n\u0131z s\u00fcre boyunca sizi y\u00fcksek maliyetlerden korur. \u00d6zellikle uzun s\u00fcreli bir seyahat planl\u0131yorsan\u0131z, sigorta yapt\u0131rmak mant\u0131kl\u0131d\u0131r. Bir de\u011fi\u015fim d\u00f6nemi, uzun s\u00fcreli bir staj veya uzun bir akraba ziyareti olup olmad\u0131\u011f\u0131na bak\u0131lmaks\u0131z\u0131n - onlara tavsiye ederiz. <a href=\"https:\/\/tidd.ly\/3u98xUL\">Hansemerkur&#039;dan yabanc\u0131 misafirler i\u00e7in 5 y\u0131la kadar sigorta<\/a>*.<\/p>\n<p>Yabanc\u0131 misafirler i\u00e7in sigorta, Almanya&#039;daki konaklaman\u0131z i\u00e7in en \u00f6nemli bagaj par\u00e7alar\u0131ndan biridir. Hansemerkur ziyaret\u00e7i sigortas\u0131 sizi korur <strong>5 y\u0131la kadar<\/strong> y\u00fcksek maliyetlere kar\u015f\u0131. \u00d6zellikle kapsaml\u0131 sigorta kapsam\u0131ndan yararlanabilmeniz i\u00e7in uluslararas\u0131 sa\u011fl\u0131k sigortas\u0131n\u0131 seyahat kaza sigortas\u0131, seyahat sorumluluk sigortas\u0131, seyahat acil durum sigortas\u0131 ve seyahat bagaj\u0131 sigortas\u0131n\u0131 i\u00e7erecek \u015fekilde geni\u015fletmenizi \u00f6neririz.<\/p>\n<p>Hansemerkur&#039;un yabanc\u0131 misafirler i\u00e7in sigortas\u0131, Almanya&#039;da 5 y\u0131la kadar uzun s\u00fcreli konaklamalar i\u00e7in uygundur. Hansemerkur, mutlak maliyet \u015feffafl\u0131\u011f\u0131 ile karakterizedir. K\u0131sa vadeli s\u00f6zle\u015fmeler de m\u00fcmk\u00fcnd\u00fcr. \u00d6rne\u011fin, &quot;Tarif Profi&quot;yi se\u00e7erseniz, uluslararas\u0131 sa\u011fl\u0131k sigortas\u0131, seyahat kazas\u0131 sigortas\u0131, seyahat sorumluluk sigortas\u0131, seyahat acil durum sigortas\u0131 ve seyahat bagaj sigortas\u0131 bir arada sunulur. Elbette yabanc\u0131 misafirler i\u00e7in bagaj sigortas\u0131 d\u0131\u015f\u0131nda t\u00fcm sigortalar\u0131 i\u00e7eren &quot;Temel&quot; tarifeyi de tercih edebilirsiniz. Yabanc\u0131 misafirler i\u00e7in sigortalar AB \u015fartlar\u0131n\u0131 kar\u015f\u0131lamaktad\u0131r.<\/p>\n<p><!-- START ADVERTISER: HanseMerkur Versicherungsgruppe DE from awin.com --><\/p>\n<p><a href=\"https:\/\/www.awin1.com\/cread.php?s=2616553&amp;v=11705&amp;q=386611&amp;r=384383\"><br \/>\n<img decoding=\"async\" src=\"https:\/\/www.awin1.com\/cshow.php?s=2616553&amp;v=11705&amp;q=386611&amp;r=384383\" border=\"0\" \/><br \/>\n<\/a><\/p>\n<h3>Daha \u00f6te<span class=\"ez-toc-section\">\u00a0<\/span>ba\u011flant\u0131lar ve kaynaklar<\/h3>\n<ul>\n<li><a href=\"https:\/\/auslaenderaemter.com\/tr\/taahhuet-beyani\/\">Yabanc\u0131 Ziyaret\u00e7iler i\u00e7in Taahh\u00fct Beyan\u0131<\/a><\/li>\n<li><a href=\"https:\/\/auslaenderaemter.com\/tr\/\">Almanya&#039;daki G\u00f6\u00e7menlik B\u00fcrolar\u0131<\/a><\/li>\n<\/ul>","protected":false},"excerpt":{"rendered":"<p>Tatilciler, dil \u00f6\u011frencileri, uzmanlar veya \u00f6\u011frenciler - Almanya ve Avrupa&#039;daki yabanc\u0131 konuklar, vize alabilmek i\u00e7in Avrupa Birli\u011fi&#039;nin gerekliliklerini kar\u015f\u0131layan seyahat sa\u011fl\u0131k sigortas\u0131na ihtiya\u00e7 duyarlar. Tabii ki, sadece uluslararas\u0131 sa\u011fl\u0131k sigortas\u0131 de\u011fil, ayn\u0131 zamanda seyahat kazas\u0131 sigortas\u0131 da pahal\u0131 masraflara kar\u015f\u0131 koruma sa\u011flar. Acil durum, bagaj ve sorumluluk sigortas\u0131 yapt\u0131rmak da a\u00e7\u0131k bir avantajd\u0131r, e\u011fer\u2026&nbsp;<a href=\"https:\/\/auslaenderaemter.com\/tr\/yabanci-misafirler-icin-sigorta\/\" rel=\"bookmark\">Devam\u0131n\u0131 oku &quot;<span class=\"screen-reader-text\">Yabanc\u0131 misafirler i\u00e7in sigorta<\/span><\/a><\/p>","protected":false},"author":1,"featured_media":3087,"parent":0,"menu_order":0,"comment_status":"closed","ping_status":"closed","template":"","meta":{"neve_meta_sidebar":"full-width","neve_meta_container":"","neve_meta_enable_content_width":"on","neve_meta_content_width":100,"neve_meta_title_alignment":"","neve_meta_author_avatar":"","neve_post_elements_order":"","neve_meta_disable_header":"","neve_meta_disable_footer":"","neve_meta_disable_title":"","neve_meta_reading_time":"","footnotes":""},"class_list":["post-3081","page","type-page","status-publish","has-post-thumbnail","hentry"],"yoast_head":"<!-- This site is optimized with the Yoast SEO plugin v27.4 - https:\/\/yoast.com\/product\/yoast-seo-wordpress\/ -->\n<title>Versicherung f\u00fcr ausl\u00e4ndische G\u00e4ste in Deutschland<\/title>\n<meta name=\"description\" content=\"Versicherungen f\u00fcr ausl\u00e4ndische G\u00e4ste bewahren Sie vor hohen Kosten und sichern Ihren Aufenthalt in Deutschland ab.\" \/>\n<meta name=\"robots\" content=\"index, follow, max-snippet:-1, max-image-preview:large, max-video-preview:-1\" \/>\n<link rel=\"canonical\" href=\"https:\/\/auslaenderaemter.com\/tr\/yabanci-misafirler-icin-sigorta\/\" \/>\n<meta property=\"og:locale\" content=\"tr_TR\" \/>\n<meta property=\"og:type\" content=\"article\" \/>\n<meta property=\"og:title\" content=\"Versicherung f\u00fcr ausl\u00e4ndische G\u00e4ste in Deutschland\" \/>\n<meta property=\"og:description\" content=\"Versicherungen f\u00fcr ausl\u00e4ndische G\u00e4ste bewahren Sie vor hohen Kosten und sichern Ihren Aufenthalt in Deutschland ab.\" \/>\n<meta property=\"og:url\" content=\"https:\/\/auslaenderaemter.com\/tr\/yabanci-misafirler-icin-sigorta\/\" \/>\n<meta property=\"og:site_name\" content=\"auslaenderaemter.com\" \/>\n<meta property=\"article:modified_time\" content=\"2021-03-15T20:48:15+00:00\" \/>\n<meta property=\"og:image\" content=\"https:\/\/auslaenderaemter.com\/wp-content\/uploads\/2021\/02\/couple-1030744_640.jpg\" \/>\n\t<meta property=\"og:image:width\" content=\"640\" \/>\n\t<meta property=\"og:image:height\" content=\"426\" \/>\n\t<meta property=\"og:image:type\" content=\"image\/jpeg\" \/>\n<meta name=\"twitter:card\" content=\"summary_large_image\" \/>\n<meta name=\"twitter:label1\" content=\"Tahmini okuma s\u00fcresi\" \/>\n\t<meta name=\"twitter:data1\" content=\"3 dakika\" \/>\n<script type=\"application\/ld+json\" class=\"yoast-schema-graph\">{\"@context\":\"https:\\\/\\\/schema.org\",\"@graph\":[{\"@type\":\"WebPage\",\"@id\":\"https:\\\/\\\/auslaenderaemter.com\\\/versicherungen-fuer-auslaendische-gaeste\\\/\",\"url\":\"https:\\\/\\\/auslaenderaemter.com\\\/versicherungen-fuer-auslaendische-gaeste\\\/\",\"name\":\"Versicherung f\u00fcr ausl\u00e4ndische G\u00e4ste in Deutschland\",\"isPartOf\":{\"@id\":\"https:\\\/\\\/auslaenderaemter.com\\\/#website\"},\"primaryImageOfPage\":{\"@id\":\"https:\\\/\\\/auslaenderaemter.com\\\/versicherungen-fuer-auslaendische-gaeste\\\/#primaryimage\"},\"image\":{\"@id\":\"https:\\\/\\\/auslaenderaemter.com\\\/versicherungen-fuer-auslaendische-gaeste\\\/#primaryimage\"},\"thumbnailUrl\":\"https:\\\/\\\/auslaenderaemter.com\\\/wp-content\\\/uploads\\\/2021\\\/02\\\/couple-1030744_640.jpg\",\"datePublished\":\"2021-02-23T23:10:55+00:00\",\"dateModified\":\"2021-03-15T20:48:15+00:00\",\"description\":\"Versicherungen f\u00fcr ausl\u00e4ndische G\u00e4ste bewahren Sie vor hohen Kosten und sichern Ihren Aufenthalt in Deutschland ab.\",\"breadcrumb\":{\"@id\":\"https:\\\/\\\/auslaenderaemter.com\\\/versicherungen-fuer-auslaendische-gaeste\\\/#breadcrumb\"},\"inLanguage\":\"tr\",\"potentialAction\":[{\"@type\":\"ReadAction\",\"target\":[\"https:\\\/\\\/auslaenderaemter.com\\\/versicherungen-fuer-auslaendische-gaeste\\\/\"]}]},{\"@type\":\"ImageObject\",\"inLanguage\":\"tr\",\"@id\":\"https:\\\/\\\/auslaenderaemter.com\\\/versicherungen-fuer-auslaendische-gaeste\\\/#primaryimage\",\"url\":\"https:\\\/\\\/auslaenderaemter.com\\\/wp-content\\\/uploads\\\/2021\\\/02\\\/couple-1030744_640.jpg\",\"contentUrl\":\"https:\\\/\\\/auslaenderaemter.com\\\/wp-content\\\/uploads\\\/2021\\\/02\\\/couple-1030744_640.jpg\",\"width\":640,\"height\":426,\"caption\":\"Versicherung f\u00fcr ausl\u00e4ndische G\u00e4ste\"},{\"@type\":\"BreadcrumbList\",\"@id\":\"https:\\\/\\\/auslaenderaemter.com\\\/versicherungen-fuer-auslaendische-gaeste\\\/#breadcrumb\",\"itemListElement\":[{\"@type\":\"ListItem\",\"position\":1,\"name\":\"Startseite\",\"item\":\"https:\\\/\\\/auslaenderaemter.com\\\/\"},{\"@type\":\"ListItem\",\"position\":2,\"name\":\"Versicherungen f\u00fcr ausl\u00e4ndische G\u00e4ste\"}]},{\"@type\":\"WebSite\",\"@id\":\"https:\\\/\\\/auslaenderaemter.com\\\/#website\",\"url\":\"https:\\\/\\\/auslaenderaemter.com\\\/\",\"name\":\"auslaenderaemter.com\",\"description\":\"\",\"publisher\":{\"@id\":\"https:\\\/\\\/auslaenderaemter.com\\\/#organization\"},\"potentialAction\":[{\"@type\":\"SearchAction\",\"target\":{\"@type\":\"EntryPoint\",\"urlTemplate\":\"https:\\\/\\\/auslaenderaemter.com\\\/?s={search_term_string}\"},\"query-input\":{\"@type\":\"PropertyValueSpecification\",\"valueRequired\":true,\"valueName\":\"search_term_string\"}}],\"inLanguage\":\"tr\"},{\"@type\":\"Organization\",\"@id\":\"https:\\\/\\\/auslaenderaemter.com\\\/#organization\",\"name\":\"auslaenderaemter.com\",\"url\":\"https:\\\/\\\/auslaenderaemter.com\\\/\",\"logo\":{\"@type\":\"ImageObject\",\"inLanguage\":\"tr\",\"@id\":\"https:\\\/\\\/auslaenderaemter.com\\\/#\\\/schema\\\/logo\\\/image\\\/\",\"url\":\"https:\\\/\\\/auslaenderaemter.com\\\/wp-content\\\/uploads\\\/2021\\\/01\\\/cropped-Vollmond-info-13.png\",\"contentUrl\":\"https:\\\/\\\/auslaenderaemter.com\\\/wp-content\\\/uploads\\\/2021\\\/01\\\/cropped-Vollmond-info-13.png\",\"width\":500,\"height\":117,\"caption\":\"auslaenderaemter.com\"},\"image\":{\"@id\":\"https:\\\/\\\/auslaenderaemter.com\\\/#\\\/schema\\\/logo\\\/image\\\/\"}}]}<\/script>\n<!-- \/ Yoast SEO plugin. -->","yoast_head_json":{"title":"Almanya&#039;da yabanc\u0131 misafirler i\u00e7in sigorta","description":"Yabanc\u0131 misafirler i\u00e7in sigorta, sizi y\u00fcksek maliyetlerden korur ve Almanya&#039;daki konaklaman\u0131z\u0131 g\u00fcvence alt\u0131na al\u0131r.","robots":{"index":"index","follow":"follow","max-snippet":"max-snippet:-1","max-image-preview":"max-image-preview:large","max-video-preview":"max-video-preview:-1"},"canonical":"https:\/\/auslaenderaemter.com\/tr\/yabanci-misafirler-icin-sigorta\/","og_locale":"tr_TR","og_type":"article","og_title":"Versicherung f\u00fcr ausl\u00e4ndische G\u00e4ste in Deutschland","og_description":"Versicherungen f\u00fcr ausl\u00e4ndische G\u00e4ste bewahren Sie vor hohen Kosten und sichern Ihren Aufenthalt in Deutschland ab.","og_url":"https:\/\/auslaenderaemter.com\/tr\/yabanci-misafirler-icin-sigorta\/","og_site_name":"auslaenderaemter.com","article_modified_time":"2021-03-15T20:48:15+00:00","og_image":[{"width":640,"height":426,"url":"https:\/\/auslaenderaemter.com\/wp-content\/uploads\/2021\/02\/couple-1030744_640.jpg","type":"image\/jpeg"}],"twitter_card":"summary_large_image","twitter_misc":{"Tahmini okuma s\u00fcresi":"3 dakika"},"schema":{"@context":"https:\/\/schema.org","@graph":[{"@type":"WebPage","@id":"https:\/\/auslaenderaemter.com\/versicherungen-fuer-auslaendische-gaeste\/","url":"https:\/\/auslaenderaemter.com\/versicherungen-fuer-auslaendische-gaeste\/","name":"Almanya&#039;da yabanc\u0131 misafirler i\u00e7in sigorta","isPartOf":{"@id":"https:\/\/auslaenderaemter.com\/#website"},"primaryImageOfPage":{"@id":"https:\/\/auslaenderaemter.com\/versicherungen-fuer-auslaendische-gaeste\/#primaryimage"},"image":{"@id":"https:\/\/auslaenderaemter.com\/versicherungen-fuer-auslaendische-gaeste\/#primaryimage"},"thumbnailUrl":"https:\/\/auslaenderaemter.com\/wp-content\/uploads\/2021\/02\/couple-1030744_640.jpg","datePublished":"2021-02-23T23:10:55+00:00","dateModified":"2021-03-15T20:48:15+00:00","description":"Yabanc\u0131 misafirler i\u00e7in sigorta, sizi y\u00fcksek maliyetlerden korur ve Almanya&#039;daki konaklaman\u0131z\u0131 g\u00fcvence alt\u0131na al\u0131r.","breadcrumb":{"@id":"https:\/\/auslaenderaemter.com\/versicherungen-fuer-auslaendische-gaeste\/#breadcrumb"},"inLanguage":"tr","potentialAction":[{"@type":"ReadAction","target":["https:\/\/auslaenderaemter.com\/versicherungen-fuer-auslaendische-gaeste\/"]}]},{"@type":"ImageObject","inLanguage":"tr","@id":"https:\/\/auslaenderaemter.com\/versicherungen-fuer-auslaendische-gaeste\/#primaryimage","url":"https:\/\/auslaenderaemter.com\/wp-content\/uploads\/2021\/02\/couple-1030744_640.jpg","contentUrl":"https:\/\/auslaenderaemter.com\/wp-content\/uploads\/2021\/02\/couple-1030744_640.jpg","width":640,"height":426,"caption":"Versicherung f\u00fcr ausl\u00e4ndische G\u00e4ste"},{"@type":"BreadcrumbList","@id":"https:\/\/auslaenderaemter.com\/versicherungen-fuer-auslaendische-gaeste\/#breadcrumb","itemListElement":[{"@type":"ListItem","position":1,"name":"Startseite","item":"https:\/\/auslaenderaemter.com\/"},{"@type":"ListItem","position":2,"name":"Versicherungen f\u00fcr ausl\u00e4ndische G\u00e4ste"}]},{"@type":"WebSite","@id":"https:\/\/auslaenderaemter.com\/#website","url":"https:\/\/auslaenderaemter.com\/","name":"auslaenderaemter.com","description":"","publisher":{"@id":"https:\/\/auslaenderaemter.com\/#organization"},"potentialAction":[{"@type":"SearchAction","target":{"@type":"EntryPoint","urlTemplate":"https:\/\/auslaenderaemter.com\/?s={search_term_string}"},"query-input":{"@type":"PropertyValueSpecification","valueRequired":true,"valueName":"search_term_string"}}],"inLanguage":"tr"},{"@type":"Organization","@id":"https:\/\/auslaenderaemter.com\/#organization","name":"auslaenderaemter.com","url":"https:\/\/auslaenderaemter.com\/","logo":{"@type":"ImageObject","inLanguage":"tr","@id":"https:\/\/auslaenderaemter.com\/#\/schema\/logo\/image\/","url":"https:\/\/auslaenderaemter.com\/wp-content\/uploads\/2021\/01\/cropped-Vollmond-info-13.png","contentUrl":"https:\/\/auslaenderaemter.com\/wp-content\/uploads\/2021\/01\/cropped-Vollmond-info-13.png","width":500,"height":117,"caption":"auslaenderaemter.com"},"image":{"@id":"https:\/\/auslaenderaemter.com\/#\/schema\/logo\/image\/"}}]}},"_links":{"self":[{"href":"https:\/\/auslaenderaemter.com\/tr\/wp-json\/wp\/v2\/pages\/3081","targetHints":{"allow":["GET"]}}],"collection":[{"href":"https:\/\/auslaenderaemter.com\/tr\/wp-json\/wp\/v2\/pages"}],"about":[{"href":"https:\/\/auslaenderaemter.com\/tr\/wp-json\/wp\/v2\/types\/page"}],"author":[{"embeddable":true,"href":"https:\/\/auslaenderaemter.com\/tr\/wp-json\/wp\/v2\/users\/1"}],"replies":[{"embeddable":true,"href":"https:\/\/auslaenderaemter.com\/tr\/wp-json\/wp\/v2\/comments?post=3081"}],"version-history":[{"count":0,"href":"https:\/\/auslaenderaemter.com\/tr\/wp-json\/wp\/v2\/pages\/3081\/revisions"}],"wp:featuredmedia":[{"embeddable":true,"href":"https:\/\/auslaenderaemter.com\/tr\/wp-json\/wp\/v2\/media\/3087"}],"wp:attachment":[{"href":"https:\/\/auslaenderaemter.com\/tr\/wp-json\/wp\/v2\/media?parent=3081"}],"curies":[{"name":"wp","href":"https:\/\/api.w.org\/{rel}","templated":true}]}}