{"id":3111,"date":"2021-03-15T20:27:21","date_gmt":"2021-03-15T19:27:21","guid":{"rendered":"https:\/\/auslaenderaemter.com\/?page_id=3111"},"modified":"2021-03-15T21:29:27","modified_gmt":"2021-03-15T20:29:27","slug":"fiktionsbescheinigung","status":"publish","type":"page","link":"https:\/\/auslaenderaemter.com\/tr\/kurgu-sertifikasi\/","title":{"rendered":"kurgu sertifikas\u0131"},"content":{"rendered":"<figure id=\"attachment_3120\" aria-describedby=\"caption-attachment-3120\" style=\"width: 600px\" class=\"wp-caption aligncenter\"><img fetchpriority=\"high\" decoding=\"async\" class=\"wp-image-3120 size-full\" src=\"https:\/\/auslaenderaemter.com\/wp-content\/uploads\/2021\/03\/IMG_5064-min-e1615834936619.png\" alt=\"kurgu sertifikas\u0131\" width=\"600\" height=\"338\" \/><figcaption id=\"caption-attachment-3120\" class=\"wp-caption-text\">Almanya&#039;da yasal olarak ikamet eden ve oturma izni verilmesini bekleyen yabanc\u0131lar i\u00e7in hayali bir sertifika ge\u00e7erlidir.<\/figcaption><\/figure>\n<p>Ne zaman talep edilirse <a href=\"https:\/\/auslaenderaemter.com\/tr\/oturma-izni\/\">oturma izni<\/a> <strong>hen\u00fcz de\u011fil <\/strong>Bu karar i\u00e7in belirli \u00f6n ko\u015fullar hen\u00fcz sa\u011flanmad\u0131\u011f\u0131 i\u00e7in bir karar verilmi\u015fse, belirli ko\u015fullar alt\u0131nda hayali bir sertifika d\u00fczenlenebilir. Bu sertifikan\u0131n, ba\u015fvurunun g\u00f6\u00e7menlik makamlar\u0131 taraf\u0131ndan incelendi\u011fi d\u00f6nem i\u00e7in d\u00fczenlenmesi ola\u011fand\u0131r.<\/p>\n<h2>Hayali sertifika nedir?<\/h2>\n<p>Kurgusal bir sertifika, bir <strong>ge\u00e7ici ikamet hakk\u0131<\/strong> Almanya&#039;da ya\u015fayan yabanc\u0131lar i\u00e7in. Bu sertifika genellikle oturma izni ba\u015fvurusunun sorumlu g\u00f6\u00e7menlik makamlar\u0131 taraf\u0131ndan incelendi\u011fi s\u00fcre i\u00e7in verilir. Bu ba\u011flamda \u201ckurgu\u201d terimi, \u00f6nceki ikamet hakk\u0131n\u0131n devam eden mevcudiyetine ili\u015fkin bir hukuki kurguyu tan\u0131mlar.<\/p>\n<h2>Ko\u015fullar<\/h2>\n<p>Hayali bir belgenin yasal olabilmesi i\u00e7in, ikamet izninin verilmesi veya uzat\u0131lmas\u0131n\u0131n hala yasal oldu\u011fu bir zamanda verilmi\u015f olmas\u0131 gerekir. Di\u011fer bir deyi\u015fle, ba\u015fvurunun yap\u0131ld\u0131\u011f\u0131 anda ge\u00e7erli bir oturma izninin hala mevcut olmas\u0131 veya ba\u015fvuru sahibinin uyru\u011fu nedeniyle Almanya&#039;da yasal olarak vizesiz ikamet ediyor olmas\u0131 gerekir. Unutulmamal\u0131d\u0131r ki, kurgusal belge daha dar anlamda bir oturma izni de\u011fil, sadece ge\u00e7ici bir ikamet hakk\u0131n\u0131n varl\u0131\u011f\u0131n\u0131n kan\u0131t\u0131n\u0131 temsil eder.<\/p>\n<h2>Gerekli belgeler<\/h2>\n<p>Size hayali bir sertifika verilebilmesi i\u00e7in ge\u00e7erli bir pasaport veya pasaport yerine ge\u00e7en bir belge ibraz etmeniz gerekir. Daha \u00f6nce elektronik oturma izni gibi bir ikamet izniniz varsa, bunu da yan\u0131n\u0131zda getirmelisiniz. Ayr\u0131ca, bir kay\u0131t onay belgesi veya alternatif olarak bir kirac\u0131l\u0131k belgesi mevcut olmal\u0131d\u0131r.<\/p>\n<h3>Maliyetler<\/h3>\n<p>\u00a7 47 paragraf 1 numara 8&#039;e g\u00f6re <a href=\"https:\/\/www.gesetze-im-internet.de\/aufenthv\/__47.html\" target=\"_blank\" rel=\"noopener\">\u0130kamet Y\u00f6netmeli\u011fi<\/a> 1 Eyl\u00fcl 2017&#039;den itibaren tahsil edilecektir <strong>13 avro<\/strong> i\u00e7in<strong> yeti\u015fkin<\/strong> ve <strong>10 Euro <\/strong>i\u00e7in<strong> k\u00fc\u00e7\u00fckler<\/strong> hayali bir sertifikan\u0131n verilmesi i\u00e7in \u00fccretlendirilir. Ancak, \u00e7e\u015fitli insan gruplar\u0131 bu \u00fccretten muaft\u0131r. Bunlar aras\u0131nda tan\u0131nm\u0131\u015f s\u0131\u011f\u0131nmac\u0131lar ve m\u00fclteciler, T\u00fcrk vatanda\u015flar\u0131, devlet taraf\u0131ndan finanse edilen bir burs alan \u00f6\u011frenciler ve aile \u00fcyeleri, \u0130svi\u00e7re vatanda\u015flar\u0131 ve di\u011fer insan gruplar\u0131 bulunmaktad\u0131r.<\/p>\n<h3>i\u015flem s\u00fcresi<\/h3>\n<p>Kurgusal sertifikan\u0131n i\u015flem s\u00fcresi \u00e7ok k\u0131sad\u0131r. Gerekli belgeleri yan\u0131n\u0131zda getirmeniz ve bir sergi i\u00e7in gerekli \u015fartlar\u0131 sa\u011flaman\u0131z halinde, yetkili makam\u0131 ziyaret etti\u011finizde bunu do\u011frudan alacaks\u0131n\u0131z. Ancak uygun oturma izni \u015fekli nedir ve hangi oturma izinleri vard\u0131r?<\/p>\n<h3>Kurgusal bir sertifika ile seyahat edebilir misiniz?<\/h3>\n<p>Prensip olarak, hayali bir sertifika ile seyahat etmek m\u00fcmk\u00fcnd\u00fcr, \u00e7\u00fcnk\u00fc b\u00f6yle bir sertifika ile Almanya&#039;ya istedi\u011finiz zaman tekrar giri\u015f izniniz vard\u0131r. Ancak, ileti\u015fim kurmal\u0131s\u0131n\u0131z <a href=\"https:\/\/botschaft-konsulat.de\/\" target=\"_blank\" rel=\"noopener\">\u0130lgili seyahat \u00fclkesinin B\u00fcy\u00fckel\u00e7ili\u011fi<\/a> bununla ilgili <strong>sormak<\/strong>hayali bir sertifika ile giri\u015f ve \u00e7\u0131k\u0131\u015fa izin verilip verilmedi\u011fi. Kurgusal bir m\u00fcsamaha veya izniniz varsa, onunla yurtd\u0131\u015f\u0131na seyahat edemezsiniz.<\/p>\n<ul>\n<li><strong>Yurt d\u0131\u015f\u0131ndan ziyaret\u00e7i mi bekliyorsunuz?<\/strong>\u00a0Birlikte\u00a0<a href=\"https:\/\/auslaenderaemter.com\/tr\/yabanci-misafirler-icin-sigorta\/\">Yabanc\u0131 misafirler i\u00e7in sigorta<\/a>* Almanya ve Avrupa&#039;da tamamen korunuyorsunuz.<\/li>\n<\/ul>\n<h3>Daha fazla ba\u011flant\u0131 ve kaynak<\/h3>\n<ul>\n<li><a href=\"https:\/\/auslaenderaemter.com\/tr\/\">Almanya&#039;daki g\u00f6\u00e7menlik makamlar\u0131<\/a><\/li>\n<\/ul>","protected":false},"excerpt":{"rendered":"<p>Bu karar\u0131n belirli \u015fartlar\u0131 hen\u00fcz yerine getirilmedi\u011fi i\u00e7in ba\u015fvurulan bir oturma izni hakk\u0131nda hen\u00fcz bir karar verilmemi\u015fse, bazen s\u00f6zde hayali bir sertifika d\u00fczenlenebilir. Bu belgenin, ba\u015fvurunun g\u00f6\u00e7menlik makamlar\u0131 taraf\u0131ndan incelendi\u011fi d\u00f6nem i\u00e7in d\u00fczenlenmesi ola\u011fand\u0131r. Hayali sertifika nedir? Hayali bir sertifika\u2026&nbsp;<a href=\"https:\/\/auslaenderaemter.com\/tr\/kurgu-sertifikasi\/\" rel=\"bookmark\">Devam\u0131n\u0131 oku &quot;<span class=\"screen-reader-text\">kurgu sertifikas\u0131<\/span><\/a><\/p>","protected":false},"author":1,"featured_media":3120,"parent":0,"menu_order":0,"comment_status":"closed","ping_status":"closed","template":"","meta":{"neve_meta_sidebar":"full-width","neve_meta_container":"","neve_meta_enable_content_width":"on","neve_meta_content_width":100,"neve_meta_title_alignment":"","neve_meta_author_avatar":"","neve_post_elements_order":"","neve_meta_disable_header":"","neve_meta_disable_footer":"","neve_meta_disable_title":"","neve_meta_reading_time":"","footnotes":""},"class_list":["post-3111","page","type-page","status-publish","has-post-thumbnail","hentry"],"yoast_head":"<!-- This site is optimized with the Yoast SEO plugin v27.4 - https:\/\/yoast.com\/product\/yoast-seo-wordpress\/ -->\n<title>Die Fiktionsbescheinigung - auslaenderaemter.com<\/title>\n<meta name=\"description\" content=\"Eine Fiktionsbescheinigung fungiert als Nachweis eines vorl\u00e4ufigen Aufenthaltsrechts f\u00fcr in Deutschland lebende Ausl\u00e4nder.\" \/>\n<meta name=\"robots\" content=\"index, follow, max-snippet:-1, max-image-preview:large, max-video-preview:-1\" \/>\n<link rel=\"canonical\" href=\"https:\/\/auslaenderaemter.com\/tr\/kurgu-sertifikasi\/\" \/>\n<meta property=\"og:locale\" content=\"tr_TR\" \/>\n<meta property=\"og:type\" content=\"article\" \/>\n<meta property=\"og:title\" content=\"Die Fiktionsbescheinigung - auslaenderaemter.com\" \/>\n<meta property=\"og:description\" content=\"Eine Fiktionsbescheinigung fungiert als Nachweis eines vorl\u00e4ufigen Aufenthaltsrechts f\u00fcr in Deutschland lebende Ausl\u00e4nder.\" \/>\n<meta property=\"og:url\" content=\"https:\/\/auslaenderaemter.com\/tr\/kurgu-sertifikasi\/\" \/>\n<meta property=\"og:site_name\" content=\"auslaenderaemter.com\" \/>\n<meta property=\"article:modified_time\" content=\"2021-03-15T20:29:27+00:00\" \/>\n<meta property=\"og:image\" content=\"https:\/\/auslaenderaemter.com\/wp-content\/uploads\/2021\/03\/IMG_5064-min-e1615834936619.png\" \/>\n\t<meta property=\"og:image:width\" content=\"600\" \/>\n\t<meta property=\"og:image:height\" content=\"338\" \/>\n\t<meta property=\"og:image:type\" content=\"image\/png\" \/>\n<meta name=\"twitter:card\" content=\"summary_large_image\" \/>\n<meta name=\"twitter:label1\" content=\"Tahmini okuma s\u00fcresi\" \/>\n\t<meta name=\"twitter:data1\" content=\"3 dakika\" \/>\n<script type=\"application\/ld+json\" class=\"yoast-schema-graph\">{\"@context\":\"https:\\\/\\\/schema.org\",\"@graph\":[{\"@type\":\"WebPage\",\"@id\":\"https:\\\/\\\/auslaenderaemter.com\\\/fiktionsbescheinigung\\\/\",\"url\":\"https:\\\/\\\/auslaenderaemter.com\\\/fiktionsbescheinigung\\\/\",\"name\":\"Die Fiktionsbescheinigung - auslaenderaemter.com\",\"isPartOf\":{\"@id\":\"https:\\\/\\\/auslaenderaemter.com\\\/#website\"},\"primaryImageOfPage\":{\"@id\":\"https:\\\/\\\/auslaenderaemter.com\\\/fiktionsbescheinigung\\\/#primaryimage\"},\"image\":{\"@id\":\"https:\\\/\\\/auslaenderaemter.com\\\/fiktionsbescheinigung\\\/#primaryimage\"},\"thumbnailUrl\":\"https:\\\/\\\/auslaenderaemter.com\\\/wp-content\\\/uploads\\\/2021\\\/03\\\/IMG_5064-min-e1615834936619.png\",\"datePublished\":\"2021-03-15T19:27:21+00:00\",\"dateModified\":\"2021-03-15T20:29:27+00:00\",\"description\":\"Eine Fiktionsbescheinigung fungiert als Nachweis eines vorl\u00e4ufigen Aufenthaltsrechts f\u00fcr in Deutschland lebende Ausl\u00e4nder.\",\"breadcrumb\":{\"@id\":\"https:\\\/\\\/auslaenderaemter.com\\\/fiktionsbescheinigung\\\/#breadcrumb\"},\"inLanguage\":\"tr\",\"potentialAction\":[{\"@type\":\"ReadAction\",\"target\":[\"https:\\\/\\\/auslaenderaemter.com\\\/fiktionsbescheinigung\\\/\"]}]},{\"@type\":\"ImageObject\",\"inLanguage\":\"tr\",\"@id\":\"https:\\\/\\\/auslaenderaemter.com\\\/fiktionsbescheinigung\\\/#primaryimage\",\"url\":\"https:\\\/\\\/auslaenderaemter.com\\\/wp-content\\\/uploads\\\/2021\\\/03\\\/IMG_5064-min-e1615834936619.png\",\"contentUrl\":\"https:\\\/\\\/auslaenderaemter.com\\\/wp-content\\\/uploads\\\/2021\\\/03\\\/IMG_5064-min-e1615834936619.png\",\"width\":600,\"height\":338,\"caption\":\"Fiktionsbescheinigung\"},{\"@type\":\"BreadcrumbList\",\"@id\":\"https:\\\/\\\/auslaenderaemter.com\\\/fiktionsbescheinigung\\\/#breadcrumb\",\"itemListElement\":[{\"@type\":\"ListItem\",\"position\":1,\"name\":\"Startseite\",\"item\":\"https:\\\/\\\/auslaenderaemter.com\\\/\"},{\"@type\":\"ListItem\",\"position\":2,\"name\":\"Fiktionsbescheinigung\"}]},{\"@type\":\"WebSite\",\"@id\":\"https:\\\/\\\/auslaenderaemter.com\\\/#website\",\"url\":\"https:\\\/\\\/auslaenderaemter.com\\\/\",\"name\":\"auslaenderaemter.com\",\"description\":\"\",\"publisher\":{\"@id\":\"https:\\\/\\\/auslaenderaemter.com\\\/#organization\"},\"potentialAction\":[{\"@type\":\"SearchAction\",\"target\":{\"@type\":\"EntryPoint\",\"urlTemplate\":\"https:\\\/\\\/auslaenderaemter.com\\\/?s={search_term_string}\"},\"query-input\":{\"@type\":\"PropertyValueSpecification\",\"valueRequired\":true,\"valueName\":\"search_term_string\"}}],\"inLanguage\":\"tr\"},{\"@type\":\"Organization\",\"@id\":\"https:\\\/\\\/auslaenderaemter.com\\\/#organization\",\"name\":\"auslaenderaemter.com\",\"url\":\"https:\\\/\\\/auslaenderaemter.com\\\/\",\"logo\":{\"@type\":\"ImageObject\",\"inLanguage\":\"tr\",\"@id\":\"https:\\\/\\\/auslaenderaemter.com\\\/#\\\/schema\\\/logo\\\/image\\\/\",\"url\":\"https:\\\/\\\/auslaenderaemter.com\\\/wp-content\\\/uploads\\\/2021\\\/01\\\/cropped-Vollmond-info-13.png\",\"contentUrl\":\"https:\\\/\\\/auslaenderaemter.com\\\/wp-content\\\/uploads\\\/2021\\\/01\\\/cropped-Vollmond-info-13.png\",\"width\":500,\"height\":117,\"caption\":\"auslaenderaemter.com\"},\"image\":{\"@id\":\"https:\\\/\\\/auslaenderaemter.com\\\/#\\\/schema\\\/logo\\\/image\\\/\"}}]}<\/script>\n<!-- \/ Yoast SEO plugin. -->","yoast_head_json":{"title":"Kurgusal sertifika - auslaenderaemter.com","description":"Hayali bir sertifika, Almanya&#039;da ya\u015fayan yabanc\u0131lar i\u00e7in ge\u00e7ici oturma hakk\u0131n\u0131n kan\u0131t\u0131 olarak i\u015flev g\u00f6r\u00fcr.","robots":{"index":"index","follow":"follow","max-snippet":"max-snippet:-1","max-image-preview":"max-image-preview:large","max-video-preview":"max-video-preview:-1"},"canonical":"https:\/\/auslaenderaemter.com\/tr\/kurgu-sertifikasi\/","og_locale":"tr_TR","og_type":"article","og_title":"Die Fiktionsbescheinigung - auslaenderaemter.com","og_description":"Eine Fiktionsbescheinigung fungiert als Nachweis eines vorl\u00e4ufigen Aufenthaltsrechts f\u00fcr in Deutschland lebende Ausl\u00e4nder.","og_url":"https:\/\/auslaenderaemter.com\/tr\/kurgu-sertifikasi\/","og_site_name":"auslaenderaemter.com","article_modified_time":"2021-03-15T20:29:27+00:00","og_image":[{"width":600,"height":338,"url":"https:\/\/auslaenderaemter.com\/wp-content\/uploads\/2021\/03\/IMG_5064-min-e1615834936619.png","type":"image\/png"}],"twitter_card":"summary_large_image","twitter_misc":{"Tahmini okuma s\u00fcresi":"3 dakika"},"schema":{"@context":"https:\/\/schema.org","@graph":[{"@type":"WebPage","@id":"https:\/\/auslaenderaemter.com\/fiktionsbescheinigung\/","url":"https:\/\/auslaenderaemter.com\/fiktionsbescheinigung\/","name":"Kurgusal sertifika - auslaenderaemter.com","isPartOf":{"@id":"https:\/\/auslaenderaemter.com\/#website"},"primaryImageOfPage":{"@id":"https:\/\/auslaenderaemter.com\/fiktionsbescheinigung\/#primaryimage"},"image":{"@id":"https:\/\/auslaenderaemter.com\/fiktionsbescheinigung\/#primaryimage"},"thumbnailUrl":"https:\/\/auslaenderaemter.com\/wp-content\/uploads\/2021\/03\/IMG_5064-min-e1615834936619.png","datePublished":"2021-03-15T19:27:21+00:00","dateModified":"2021-03-15T20:29:27+00:00","description":"Hayali bir sertifika, Almanya&#039;da ya\u015fayan yabanc\u0131lar i\u00e7in ge\u00e7ici oturma hakk\u0131n\u0131n kan\u0131t\u0131 olarak i\u015flev g\u00f6r\u00fcr.","breadcrumb":{"@id":"https:\/\/auslaenderaemter.com\/fiktionsbescheinigung\/#breadcrumb"},"inLanguage":"tr","potentialAction":[{"@type":"ReadAction","target":["https:\/\/auslaenderaemter.com\/fiktionsbescheinigung\/"]}]},{"@type":"ImageObject","inLanguage":"tr","@id":"https:\/\/auslaenderaemter.com\/fiktionsbescheinigung\/#primaryimage","url":"https:\/\/auslaenderaemter.com\/wp-content\/uploads\/2021\/03\/IMG_5064-min-e1615834936619.png","contentUrl":"https:\/\/auslaenderaemter.com\/wp-content\/uploads\/2021\/03\/IMG_5064-min-e1615834936619.png","width":600,"height":338,"caption":"Fiktionsbescheinigung"},{"@type":"BreadcrumbList","@id":"https:\/\/auslaenderaemter.com\/fiktionsbescheinigung\/#breadcrumb","itemListElement":[{"@type":"ListItem","position":1,"name":"Startseite","item":"https:\/\/auslaenderaemter.com\/"},{"@type":"ListItem","position":2,"name":"Fiktionsbescheinigung"}]},{"@type":"WebSite","@id":"https:\/\/auslaenderaemter.com\/#website","url":"https:\/\/auslaenderaemter.com\/","name":"auslaenderaemter.com","description":"","publisher":{"@id":"https:\/\/auslaenderaemter.com\/#organization"},"potentialAction":[{"@type":"SearchAction","target":{"@type":"EntryPoint","urlTemplate":"https:\/\/auslaenderaemter.com\/?s={search_term_string}"},"query-input":{"@type":"PropertyValueSpecification","valueRequired":true,"valueName":"search_term_string"}}],"inLanguage":"tr"},{"@type":"Organization","@id":"https:\/\/auslaenderaemter.com\/#organization","name":"auslaenderaemter.com","url":"https:\/\/auslaenderaemter.com\/","logo":{"@type":"ImageObject","inLanguage":"tr","@id":"https:\/\/auslaenderaemter.com\/#\/schema\/logo\/image\/","url":"https:\/\/auslaenderaemter.com\/wp-content\/uploads\/2021\/01\/cropped-Vollmond-info-13.png","contentUrl":"https:\/\/auslaenderaemter.com\/wp-content\/uploads\/2021\/01\/cropped-Vollmond-info-13.png","width":500,"height":117,"caption":"auslaenderaemter.com"},"image":{"@id":"https:\/\/auslaenderaemter.com\/#\/schema\/logo\/image\/"}}]}},"_links":{"self":[{"href":"https:\/\/auslaenderaemter.com\/tr\/wp-json\/wp\/v2\/pages\/3111","targetHints":{"allow":["GET"]}}],"collection":[{"href":"https:\/\/auslaenderaemter.com\/tr\/wp-json\/wp\/v2\/pages"}],"about":[{"href":"https:\/\/auslaenderaemter.com\/tr\/wp-json\/wp\/v2\/types\/page"}],"author":[{"embeddable":true,"href":"https:\/\/auslaenderaemter.com\/tr\/wp-json\/wp\/v2\/users\/1"}],"replies":[{"embeddable":true,"href":"https:\/\/auslaenderaemter.com\/tr\/wp-json\/wp\/v2\/comments?post=3111"}],"version-history":[{"count":0,"href":"https:\/\/auslaenderaemter.com\/tr\/wp-json\/wp\/v2\/pages\/3111\/revisions"}],"wp:featuredmedia":[{"embeddable":true,"href":"https:\/\/auslaenderaemter.com\/tr\/wp-json\/wp\/v2\/media\/3120"}],"wp:attachment":[{"href":"https:\/\/auslaenderaemter.com\/tr\/wp-json\/wp\/v2\/media?parent=3111"}],"curies":[{"name":"wp","href":"https:\/\/api.w.org\/{rel}","templated":true}]}}