{"id":3114,"date":"2021-03-15T20:52:29","date_gmt":"2021-03-15T19:52:29","guid":{"rendered":"https:\/\/auslaenderaemter.com\/?page_id=3114"},"modified":"2023-06-12T16:54:25","modified_gmt":"2023-06-12T14:54:25","slug":"aufenthaltstitel","status":"publish","type":"page","link":"https:\/\/auslaenderaemter.com\/tr\/oturma-izni\/","title":{"rendered":"oturma izni"},"content":{"rendered":"<p><img fetchpriority=\"high\" decoding=\"async\" class=\"aligncenter wp-image-3152 size-full\" src=\"https:\/\/auslaenderaemter.com\/wp-content\/uploads\/2021\/03\/Zwischen\u00fcberschrift-hinzu F\u00fcgen-1.png\" alt=\"oturma izni\" width=\"600\" height=\"400\" srcset=\"\" sizes=\"(max-width: 600px) 100vw, 600px\" data-srcset=\"\" \/><\/p>\n<p>Almanya&#039;ya yabanc\u0131 uyruklu veya AB \u00fcyesi olmayan bir \u00fclkenin vatanda\u015f\u0131 olarak girmek isteyen herkesin bunu yapmak i\u00e7in genellikle izne ihtiyac\u0131 vard\u0131r. Bu izin, s\u00f6zde oturma izni \u015feklini al\u0131r. Toplam orada<strong> yedi farkl\u0131 <\/strong>oturma izni<strong>,<\/strong> bunlar, di\u011fer \u015feylerin yan\u0131 s\u0131ra, Almanya&#039;da kalma nedeninize dayanmaktad\u0131r. Ancak hangi oturma izni sizin i\u00e7in do\u011fru ve hangileri ger\u00e7ekten var?<\/p>\n<h2>Do\u011fru oturma iznini bulun<\/h2>\n<p>Prensip olarak, bir oturma izni, \u00fc\u00e7\u00fcnc\u00fc bir \u00fclke vatanda\u015f\u0131na Almanya&#039;da ikamet etme hakk\u0131 verir. \u00dc\u00e7\u00fcnc\u00fc bir \u00fclke, t\u00fcm bu \u00fclkeler anlam\u0131na gelir. <a href=\"https:\/\/ec.europa.eu\/taxation_customs\/business\/calculation-customs-duties\/rules-origin\/introduction\/list-noneu-countries_de\" target=\"_blank\" rel=\"noopener\">Avrupa Birli\u011fi&#039;ne ait de\u011fil<\/a>. Mevcut yedi ba\u015fl\u0131k, \u00f6ncelikle ama\u00e7lar\u0131, ge\u00e7erlilik s\u00fcreleri ve gereksinimleri a\u00e7\u0131s\u0131ndan farkl\u0131l\u0131k g\u00f6stermektedir.<\/p>\n<p>Do\u011fru oturma izni ile ilgili olarak kendinize sorman\u0131z gereken ilk soru, Almanya&#039;ya neden seyahat etti\u011finizdir. \u00d6rne\u011fin, \u00f6rne\u011fin tatil, misafir d\u00f6nemi veya ziyaret gibi s\u0131n\u0131rl\u0131 ve nispeten k\u0131sa bir s\u00fcre kalmak istiyorsan\u0131z, vizeye ihtiyac\u0131n\u0131z vard\u0131r. Almanya&#039;da e\u011fitim, i\u015f veya insani veya siyasi nedenlerle kalmay\u0131 planl\u0131yorsan\u0131z, <a href=\"https:\/\/auslaenderaemter.com\/tr\/oturma-izni-2\/\">oturma izni<\/a> sizin i\u00e7in do\u011fru oturma izni. Oturma izni her zaman belirli bir ama\u00e7 i\u00e7in verilir.<\/p>\n<p>Almanya&#039;da kalman\u0131n mesleki nedenleriyle ba\u011flant\u0131l\u0131 olarak, AB Mavi Kart\u0131 veya ICT kart\u0131 da vard\u0131r. Kal\u0131c\u0131 olarak Almanya&#039;da veya AB&#039;de ya\u015famak istiyorsan\u0131z, birine ihtiyac\u0131n\u0131z var <a href=\"https:\/\/auslaenderaemter.com\/tr\/kalici-oturma-izni\/\">kal\u0131c\u0131 oturma izni<\/a> veya daimi oturma izni.<\/p>\n<p><strong>Bu oturma izinleri Almanya&#039;da mevcuttur:<\/strong><\/p>\n<ul>\n<li>oturma izni<\/li>\n<li>AB&#039;de daimi ikamet izni<\/li>\n<li>AB Mavi Kart\u0131<\/li>\n<li>yerle\u015fim izni<\/li>\n<li>ICT kart\u0131<\/li>\n<li>mobil ICT kart\u0131<\/li>\n<li>vize<\/li>\n<\/ul>\n<h2>Elektronik oturma izni (eAT)<\/h2>\n<p>Elektronik ikamet izni (eAT), ki\u015fisel verilerinizin, biyometrik \u00f6zelliklerinizin ve her t\u00fcrl\u00fc ko\u015fulun elektronik bir depolama ortam\u0131 arac\u0131l\u0131\u011f\u0131yla sakland\u0131\u011f\u0131 kredi kart\u0131 format\u0131nda d\u00fczenlenen bir belgedir. Bu \u00f6zelliklerinden dolay\u0131 elektronik ikamet izni, \u00f6rne\u011fin resmi hizmetlerden veya ticari hizmetlerden yararlanmak i\u00e7in \u00e7evrimi\u00e7i bir belge olarak da kullan\u0131labilir.<\/p>\n<p>2011 y\u0131l\u0131ndan bu yana oturma izinleri genellikle sadece elektronik ortamda verilmektedir.<\/p>\n<ul>\n<li><strong>Yurt d\u0131\u015f\u0131ndan ziyaret\u00e7i mi bekliyorsunuz?<\/strong> Birlikte <a href=\"https:\/\/auslaenderaemter.com\/tr\/yabanci-misafirler-icin-sigorta\/\">Yabanc\u0131 misafirler i\u00e7in sigorta<\/a>\u00a0Almanya ve Avrupa&#039;da tamamen korunuyorsunuz.<\/li>\n<\/ul>\n<h3>Daha \u00f6te<span class=\"ez-toc-section\">\u00a0<\/span>ba\u011flant\u0131lar ve kaynaklar<\/h3>\n<ul>\n<li><a href=\"https:\/\/auslaenderaemter.com\/tr\/\" data-wpel-link=\"internal\">Almanya&#039;daki G\u00f6\u00e7menlik B\u00fcrolar\u0131<\/a><\/li>\n<li><a href=\"https:\/\/auslaenderaemter.com\/tr\/kurgu-sertifikasi\/\">kurgu sertifikas\u0131<\/a><\/li>\n<\/ul>","protected":false},"excerpt":{"rendered":"<p>Almanya&#039;ya yabanc\u0131 uyruklu veya AB \u00fcyesi olmayan bir \u00fclkenin vatanda\u015f\u0131 olarak girmek isteyen herkesin bunu yapmak i\u00e7in genellikle izne ihtiyac\u0131 vard\u0131r. Bu izin, s\u00f6zde oturma izni \u015feklini al\u0131r. Di\u011fer \u015feylerin yan\u0131 s\u0131ra Almanya&#039;da kalma nedeninize dayanan toplam yedi farkl\u0131 oturma izni vard\u0131r. Ama hangi oturma izni \u015fekli sizin i\u00e7in do\u011fru...&nbsp;<a href=\"https:\/\/auslaenderaemter.com\/tr\/oturma-izni\/\" rel=\"bookmark\">Devam\u0131n\u0131 oku &quot;<span class=\"screen-reader-text\">oturma izni<\/span><\/a><\/p>","protected":false},"author":1,"featured_media":3152,"parent":0,"menu_order":0,"comment_status":"closed","ping_status":"closed","template":"","meta":{"neve_meta_sidebar":"full-width","neve_meta_container":"","neve_meta_enable_content_width":"on","neve_meta_content_width":100,"neve_meta_title_alignment":"","neve_meta_author_avatar":"","neve_post_elements_order":"","neve_meta_disable_header":"","neve_meta_disable_footer":"","neve_meta_disable_title":"","neve_meta_reading_time":"","footnotes":""},"class_list":["post-3114","page","type-page","status-publish","has-post-thumbnail","hentry"],"yoast_head":"<!-- This site is optimized with the Yoast SEO plugin v27.4 - https:\/\/yoast.com\/product\/yoast-seo-wordpress\/ -->\n<title>Den passenden Aufenthaltstitel finden - auslaenderaemter.com<\/title>\n<meta name=\"description\" content=\"Ein Aufenthaltstitel berechtigt den Angeh\u00f6rigen eines Drittstaates dazu, sich in Deutschland aufzuhalten. Doch welcher ist der passende?\" \/>\n<meta name=\"robots\" content=\"index, follow, max-snippet:-1, max-image-preview:large, max-video-preview:-1\" \/>\n<link rel=\"canonical\" href=\"https:\/\/auslaenderaemter.com\/tr\/oturma-izni\/\" \/>\n<meta property=\"og:locale\" content=\"tr_TR\" \/>\n<meta property=\"og:type\" content=\"article\" \/>\n<meta property=\"og:title\" content=\"Den passenden Aufenthaltstitel finden - auslaenderaemter.com\" \/>\n<meta property=\"og:description\" content=\"Ein Aufenthaltstitel berechtigt den Angeh\u00f6rigen eines Drittstaates dazu, sich in Deutschland aufzuhalten. Doch welcher ist der passende?\" \/>\n<meta property=\"og:url\" content=\"https:\/\/auslaenderaemter.com\/tr\/oturma-izni\/\" \/>\n<meta property=\"og:site_name\" content=\"auslaenderaemter.com\" \/>\n<meta property=\"article:modified_time\" content=\"2023-06-12T14:54:25+00:00\" \/>\n<meta property=\"og:image\" content=\"https:\/\/auslaenderaemter.com\/wp-content\/uploads\/2021\/03\/Zwischenu\u0308berschrift-hinzufu\u0308gen-1.png\" \/>\n\t<meta property=\"og:image:width\" content=\"600\" \/>\n\t<meta property=\"og:image:height\" content=\"400\" \/>\n\t<meta property=\"og:image:type\" content=\"image\/png\" \/>\n<meta name=\"twitter:card\" content=\"summary_large_image\" \/>\n<meta name=\"twitter:label1\" content=\"Tahmini okuma s\u00fcresi\" \/>\n\t<meta name=\"twitter:data1\" content=\"3 dakika\" \/>\n<script type=\"application\/ld+json\" class=\"yoast-schema-graph\">{\"@context\":\"https:\\\/\\\/schema.org\",\"@graph\":[{\"@type\":\"WebPage\",\"@id\":\"https:\\\/\\\/auslaenderaemter.com\\\/aufenthaltstitel\\\/\",\"url\":\"https:\\\/\\\/auslaenderaemter.com\\\/aufenthaltstitel\\\/\",\"name\":\"Den passenden Aufenthaltstitel finden - auslaenderaemter.com\",\"isPartOf\":{\"@id\":\"https:\\\/\\\/auslaenderaemter.com\\\/#website\"},\"primaryImageOfPage\":{\"@id\":\"https:\\\/\\\/auslaenderaemter.com\\\/aufenthaltstitel\\\/#primaryimage\"},\"image\":{\"@id\":\"https:\\\/\\\/auslaenderaemter.com\\\/aufenthaltstitel\\\/#primaryimage\"},\"thumbnailUrl\":\"https:\\\/\\\/auslaenderaemter.com\\\/wp-content\\\/uploads\\\/2021\\\/03\\\/Zwischenu\u0308berschrift-hinzufu\u0308gen-1.png\",\"datePublished\":\"2021-03-15T19:52:29+00:00\",\"dateModified\":\"2023-06-12T14:54:25+00:00\",\"description\":\"Ein Aufenthaltstitel berechtigt den Angeh\u00f6rigen eines Drittstaates dazu, sich in Deutschland aufzuhalten. Doch welcher ist der passende?\",\"breadcrumb\":{\"@id\":\"https:\\\/\\\/auslaenderaemter.com\\\/aufenthaltstitel\\\/#breadcrumb\"},\"inLanguage\":\"tr\",\"potentialAction\":[{\"@type\":\"ReadAction\",\"target\":[\"https:\\\/\\\/auslaenderaemter.com\\\/aufenthaltstitel\\\/\"]}]},{\"@type\":\"ImageObject\",\"inLanguage\":\"tr\",\"@id\":\"https:\\\/\\\/auslaenderaemter.com\\\/aufenthaltstitel\\\/#primaryimage\",\"url\":\"https:\\\/\\\/auslaenderaemter.com\\\/wp-content\\\/uploads\\\/2021\\\/03\\\/Zwischenu\u0308berschrift-hinzufu\u0308gen-1.png\",\"contentUrl\":\"https:\\\/\\\/auslaenderaemter.com\\\/wp-content\\\/uploads\\\/2021\\\/03\\\/Zwischenu\u0308berschrift-hinzufu\u0308gen-1.png\",\"width\":600,\"height\":400,\"caption\":\"Aufenthaltstitel\"},{\"@type\":\"BreadcrumbList\",\"@id\":\"https:\\\/\\\/auslaenderaemter.com\\\/aufenthaltstitel\\\/#breadcrumb\",\"itemListElement\":[{\"@type\":\"ListItem\",\"position\":1,\"name\":\"Startseite\",\"item\":\"https:\\\/\\\/auslaenderaemter.com\\\/\"},{\"@type\":\"ListItem\",\"position\":2,\"name\":\"Aufenthaltstitel\"}]},{\"@type\":\"WebSite\",\"@id\":\"https:\\\/\\\/auslaenderaemter.com\\\/#website\",\"url\":\"https:\\\/\\\/auslaenderaemter.com\\\/\",\"name\":\"auslaenderaemter.com\",\"description\":\"\",\"publisher\":{\"@id\":\"https:\\\/\\\/auslaenderaemter.com\\\/#organization\"},\"potentialAction\":[{\"@type\":\"SearchAction\",\"target\":{\"@type\":\"EntryPoint\",\"urlTemplate\":\"https:\\\/\\\/auslaenderaemter.com\\\/?s={search_term_string}\"},\"query-input\":{\"@type\":\"PropertyValueSpecification\",\"valueRequired\":true,\"valueName\":\"search_term_string\"}}],\"inLanguage\":\"tr\"},{\"@type\":\"Organization\",\"@id\":\"https:\\\/\\\/auslaenderaemter.com\\\/#organization\",\"name\":\"auslaenderaemter.com\",\"url\":\"https:\\\/\\\/auslaenderaemter.com\\\/\",\"logo\":{\"@type\":\"ImageObject\",\"inLanguage\":\"tr\",\"@id\":\"https:\\\/\\\/auslaenderaemter.com\\\/#\\\/schema\\\/logo\\\/image\\\/\",\"url\":\"https:\\\/\\\/auslaenderaemter.com\\\/wp-content\\\/uploads\\\/2021\\\/01\\\/cropped-Vollmond-info-13.png\",\"contentUrl\":\"https:\\\/\\\/auslaenderaemter.com\\\/wp-content\\\/uploads\\\/2021\\\/01\\\/cropped-Vollmond-info-13.png\",\"width\":500,\"height\":117,\"caption\":\"auslaenderaemter.com\"},\"image\":{\"@id\":\"https:\\\/\\\/auslaenderaemter.com\\\/#\\\/schema\\\/logo\\\/image\\\/\"}}]}<\/script>\n<!-- \/ Yoast SEO plugin. -->","yoast_head_json":{"title":"Do\u011fru oturma iznini bulun - auslaenderaemter.com","description":"Oturma izni, \u00fc\u00e7\u00fcnc\u00fc bir \u00fclkenin vatanda\u015f\u0131na Almanya&#039;da ikamet etme hakk\u0131 verir. Ama hangisi do\u011fru?","robots":{"index":"index","follow":"follow","max-snippet":"max-snippet:-1","max-image-preview":"max-image-preview:large","max-video-preview":"max-video-preview:-1"},"canonical":"https:\/\/auslaenderaemter.com\/tr\/oturma-izni\/","og_locale":"tr_TR","og_type":"article","og_title":"Den passenden Aufenthaltstitel finden - auslaenderaemter.com","og_description":"Ein Aufenthaltstitel berechtigt den Angeh\u00f6rigen eines Drittstaates dazu, sich in Deutschland aufzuhalten. Doch welcher ist der passende?","og_url":"https:\/\/auslaenderaemter.com\/tr\/oturma-izni\/","og_site_name":"auslaenderaemter.com","article_modified_time":"2023-06-12T14:54:25+00:00","og_image":[{"width":600,"height":400,"url":"https:\/\/auslaenderaemter.com\/wp-content\/uploads\/2021\/03\/Zwischenu\u0308berschrift-hinzufu\u0308gen-1.png","type":"image\/png"}],"twitter_card":"summary_large_image","twitter_misc":{"Tahmini okuma s\u00fcresi":"3 dakika"},"schema":{"@context":"https:\/\/schema.org","@graph":[{"@type":"WebPage","@id":"https:\/\/auslaenderaemter.com\/aufenthaltstitel\/","url":"https:\/\/auslaenderaemter.com\/aufenthaltstitel\/","name":"Do\u011fru oturma iznini bulun - auslaenderaemter.com","isPartOf":{"@id":"https:\/\/auslaenderaemter.com\/#website"},"primaryImageOfPage":{"@id":"https:\/\/auslaenderaemter.com\/aufenthaltstitel\/#primaryimage"},"image":{"@id":"https:\/\/auslaenderaemter.com\/aufenthaltstitel\/#primaryimage"},"thumbnailUrl":"https:\/\/auslaenderaemter.com\/wp-content\/uploads\/2021\/03\/Zwischenu\u0308berschrift-hinzufu\u0308gen-1.png","datePublished":"2021-03-15T19:52:29+00:00","dateModified":"2023-06-12T14:54:25+00:00","description":"Oturma izni, \u00fc\u00e7\u00fcnc\u00fc bir \u00fclkenin vatanda\u015f\u0131na Almanya&#039;da ikamet etme hakk\u0131 verir. Ama hangisi do\u011fru?","breadcrumb":{"@id":"https:\/\/auslaenderaemter.com\/aufenthaltstitel\/#breadcrumb"},"inLanguage":"tr","potentialAction":[{"@type":"ReadAction","target":["https:\/\/auslaenderaemter.com\/aufenthaltstitel\/"]}]},{"@type":"ImageObject","inLanguage":"tr","@id":"https:\/\/auslaenderaemter.com\/aufenthaltstitel\/#primaryimage","url":"https:\/\/auslaenderaemter.com\/wp-content\/uploads\/2021\/03\/Zwischenu\u0308berschrift-hinzufu\u0308gen-1.png","contentUrl":"https:\/\/auslaenderaemter.com\/wp-content\/uploads\/2021\/03\/Zwischenu\u0308berschrift-hinzufu\u0308gen-1.png","width":600,"height":400,"caption":"Aufenthaltstitel"},{"@type":"BreadcrumbList","@id":"https:\/\/auslaenderaemter.com\/aufenthaltstitel\/#breadcrumb","itemListElement":[{"@type":"ListItem","position":1,"name":"Startseite","item":"https:\/\/auslaenderaemter.com\/"},{"@type":"ListItem","position":2,"name":"Aufenthaltstitel"}]},{"@type":"WebSite","@id":"https:\/\/auslaenderaemter.com\/#website","url":"https:\/\/auslaenderaemter.com\/","name":"auslaenderaemter.com","description":"","publisher":{"@id":"https:\/\/auslaenderaemter.com\/#organization"},"potentialAction":[{"@type":"SearchAction","target":{"@type":"EntryPoint","urlTemplate":"https:\/\/auslaenderaemter.com\/?s={search_term_string}"},"query-input":{"@type":"PropertyValueSpecification","valueRequired":true,"valueName":"search_term_string"}}],"inLanguage":"tr"},{"@type":"Organization","@id":"https:\/\/auslaenderaemter.com\/#organization","name":"auslaenderaemter.com","url":"https:\/\/auslaenderaemter.com\/","logo":{"@type":"ImageObject","inLanguage":"tr","@id":"https:\/\/auslaenderaemter.com\/#\/schema\/logo\/image\/","url":"https:\/\/auslaenderaemter.com\/wp-content\/uploads\/2021\/01\/cropped-Vollmond-info-13.png","contentUrl":"https:\/\/auslaenderaemter.com\/wp-content\/uploads\/2021\/01\/cropped-Vollmond-info-13.png","width":500,"height":117,"caption":"auslaenderaemter.com"},"image":{"@id":"https:\/\/auslaenderaemter.com\/#\/schema\/logo\/image\/"}}]}},"_links":{"self":[{"href":"https:\/\/auslaenderaemter.com\/tr\/wp-json\/wp\/v2\/pages\/3114","targetHints":{"allow":["GET"]}}],"collection":[{"href":"https:\/\/auslaenderaemter.com\/tr\/wp-json\/wp\/v2\/pages"}],"about":[{"href":"https:\/\/auslaenderaemter.com\/tr\/wp-json\/wp\/v2\/types\/page"}],"author":[{"embeddable":true,"href":"https:\/\/auslaenderaemter.com\/tr\/wp-json\/wp\/v2\/users\/1"}],"replies":[{"embeddable":true,"href":"https:\/\/auslaenderaemter.com\/tr\/wp-json\/wp\/v2\/comments?post=3114"}],"version-history":[{"count":0,"href":"https:\/\/auslaenderaemter.com\/tr\/wp-json\/wp\/v2\/pages\/3114\/revisions"}],"wp:featuredmedia":[{"embeddable":true,"href":"https:\/\/auslaenderaemter.com\/tr\/wp-json\/wp\/v2\/media\/3152"}],"wp:attachment":[{"href":"https:\/\/auslaenderaemter.com\/tr\/wp-json\/wp\/v2\/media?parent=3114"}],"curies":[{"name":"wp","href":"https:\/\/api.w.org\/{rel}","templated":true}]}}