{"id":324,"date":"2021-01-30T16:29:40","date_gmt":"2021-01-30T15:29:40","guid":{"rendered":"https:\/\/auslaenderaemter.com\/?page_id=324"},"modified":"2022-07-21T12:35:10","modified_gmt":"2022-07-21T10:35:10","slug":"auslaenderamt-koethen-anhalt","status":"publish","type":"page","link":"https:\/\/auslaenderaemter.com\/tr\/goecmenlik-buerosu-koeten-anhalt\/","title":{"rendered":"G\u00f6\u00e7men B\u00fcrosu Koethen-Anhalt"},"content":{"rendered":"<h2>K\u00f6then Anhalt G\u00f6\u00e7menlik B\u00fcrosu \/ G\u00f6\u00e7menlik B\u00fcrosu \u2013 ziyaret\u00e7iler i\u00e7in adres ve adres<\/h2>\n<ul>\n<li><strong>Adres:<\/strong> Yabanc\u0131lar \u0130\u015fleri Dairesi, <span class=\"street-address\">1 numaral\u0131 havaalan\u0131nda, <\/span><span class=\"postal-code mr-1\">06366<\/span><span class=\"localitye mr-1\">Koethen (Anhalt)<\/span><\/li>\n<li><strong>Telefon: <\/strong>03496 60-1520<\/li>\n<li><strong>\u0130nternet sitesi: <\/strong><a href=\"https:\/\/www.koethen-anhalt.de\/\" target=\"_blank\" rel=\"noopener\">www.koeten-anhalt.de<\/a><\/li>\n<li><strong>A\u00e7\u0131l\u0131\u015f saatleri:<\/strong> web sitesine bak\u0131n<\/li>\n<\/ul>\n<p><iframe style=\"border: 0;\" tabindex=\"0\" src=\"https:\/\/www.google.com\/maps\/embed?pb=!1m18!1m12!1m3!1d2471.0476281267315!2d11.976320715977817!3d51.732164202064986!2m3!1f0!2f0!3f0!3m2!1i1024!2i768!4f13.1!3m3!1m2!1s0x47a67340bbd6e7e7%3A0x457438b6df7df45d!2sAm%20Flugpl.%201%2C%2006366%20K%C3%B6then%20(Anhalt)!5e0!3m2!1sde!2sde!4v1612020567440!5m2!1sde!2sde\" width=\"600\" height=\"450\" frameborder=\"0\" allowfullscreen=\"allowfullscreen\" aria-hidden=\"false\"><\/iframe><\/p>\n<h3><strong>randevu\u00a0<\/strong>yabanc\u0131lar Kurumu\u00a0<strong>Koethen-Anhalt&#039;ta<\/strong><\/h3>\n<p>\u00c7o\u011fu durumda telefonla, ileti\u015fim formunu kullanarak veya ilgili \u015fehrin hizmet portal\u0131 arac\u0131l\u0131\u011f\u0131yla randevu alabilirsiniz. G\u00f6\u00e7menlik b\u00fcrosunu ziyaret etmeden \u00f6nce l\u00fctfen gerekli t\u00fcm belgelere sahip oldu\u011funuzdan emin olun.<\/p>\n<div class=\"su-note\"  style=\"border-color:#dadbdd;border-radius:2px;-moz-border-radius:2px;-webkit-border-radius:2px;\"><div class=\"su-note-inner su-u-clearfix su-u-trim\" style=\"background-color:#f4f5f7;border-color:#ffffff;color:#333333;border-radius:2px;-moz-border-radius:2px;-webkit-border-radius:2px;\"><strong>Bir uyar\u0131:<\/strong> Ofisler, makamlar veya mahkemeler i\u00e7in genellikle a\u015fa\u011f\u0131daki belgelere, sertifikalara veya sertifikalara ihtiyac\u0131n\u0131z vard\u0131r. <a href=\"https:\/\/auslaenderaemter.com\/tr\/tasdikli-resmi-belgeler-icin-ceviri\/\">sektifikal\u0131 \u00e7eviri<\/a>.<\/div><\/div>\n<ul>\n<li>Birlikte\u00a0<a href=\"https:\/\/auslaenderaemter.com\/tr\/taahhuet-beyani\/\" data-wpel-link=\"internal\">taahh\u00fct beyan\u0131<\/a>\u00a0yurtd\u0131\u015f\u0131ndan gelen ziyaret\u00e7ilerin Almanya&#039;ya girmesine izin verebilirsiniz.<\/li>\n<li><strong>Yurt d\u0131\u015f\u0131ndan ziyaret\u00e7i mi bekliyorsunuz?<\/strong>\u00a0Birlikte\u00a0<a href=\"https:\/\/tidd.ly\/3u98xUL\" target=\"_blank\" rel=\"nofollow noopener external noreferrer\" data-wpel-link=\"external\">Yabanc\u0131 misafirler i\u00e7in seyahat sa\u011fl\u0131k sigortas\u0131<\/a>* Almanya ve Avrupa&#039;da tamamen korunuyorsunuz.<\/li>\n<\/ul>\n<h3>Di\u011fer g\u00f6\u00e7menlik makamlar\u0131<\/h3>\n<ul>\n<li><a href=\"https:\/\/auslaenderaemter.com\/tr\/saksonya-anhalt-goecmenlik-buerolari\/\">Saksonya-Anhalt&#039;taki g\u00f6\u00e7menlik b\u00fcrolar\u0131<\/a><\/li>\n<li><a href=\"https:\/\/auslaenderaemter.com\/tr\/\">Almanya&#039;daki G\u00f6\u00e7menlik B\u00fcrolar\u0131<\/a><\/li>\n<\/ul>","protected":false},"excerpt":{"rendered":"<p>Ausl\u00e4nderamt \/ Ausl\u00e4nderbeh\u00f6rde in K\u00f6then Anhalt &#8211; Adresse und Anschrift f\u00fcr Besucher Adresse: Amt f\u00fcr Ausl\u00e4nderangelegenheiten, Am Flugplatz 1, 06366K\u00f6then (Anhalt) Telefon: 03496 60-1520 Webseite: www.koethen-anhalt.de \u00d6ffnungszeiten: siehe Webseite Termin bei der\u00a0Ausl\u00e4nderbeh\u00f6rde\u00a0in K\u00f6then Anhalt In den meisten F\u00e4llen k\u00f6nnen Sie telefonisch, per Kontaktformular oder \u00fcber das Service-Portal der jeweiligen Stadt einen Termin vereinbaren. Bitte vergewissern&hellip;&nbsp;<a href=\"https:\/\/auslaenderaemter.com\/tr\/goecmenlik-buerosu-koeten-anhalt\/\" rel=\"bookmark\">Devam\u0131n\u0131 oku &quot;<span class=\"screen-reader-text\">G\u00f6\u00e7men B\u00fcrosu Koethen-Anhalt<\/span><\/a><\/p>","protected":false},"author":1,"featured_media":37,"parent":0,"menu_order":0,"comment_status":"closed","ping_status":"closed","template":"","meta":{"neve_meta_sidebar":"full-width","neve_meta_container":"","neve_meta_enable_content_width":"on","neve_meta_content_width":100,"neve_meta_title_alignment":"","neve_meta_author_avatar":"","neve_post_elements_order":"","neve_meta_disable_header":"","neve_meta_disable_footer":"","neve_meta_disable_title":"","neve_meta_reading_time":"","footnotes":""},"class_list":["post-324","page","type-page","status-publish","has-post-thumbnail","hentry"],"yoast_head":"<!-- This site is optimized with the Yoast SEO plugin v27.3 - https:\/\/yoast.com\/product\/yoast-seo-wordpress\/ -->\n<title>Ausl\u00e4nderamt K\u00f6then Anhalt | Adresse, Kontakt und \u00d6ffnungszeiten<\/title>\n<meta name=\"description\" content=\"Ausl\u00e4nderamt K\u00f6then Anhalt | Adresse und Anschrift \u2713 Telefonnummer, Kontakt und \u00d6ffnungszeiten \u2713 Anfahrt \u2713 Ausl\u00e4nderbeh\u00f6rden in Deutschland\" \/>\n<meta name=\"robots\" content=\"index, follow, max-snippet:-1, max-image-preview:large, max-video-preview:-1\" \/>\n<link rel=\"canonical\" href=\"https:\/\/auslaenderaemter.com\/tr\/goecmenlik-buerosu-koeten-anhalt\/\" \/>\n<meta property=\"og:locale\" content=\"tr_TR\" \/>\n<meta property=\"og:type\" content=\"article\" \/>\n<meta property=\"og:title\" content=\"Ausl\u00e4nderamt K\u00f6then Anhalt | Adresse, Kontakt und \u00d6ffnungszeiten\" \/>\n<meta property=\"og:description\" content=\"Ausl\u00e4nderamt K\u00f6then Anhalt | Adresse und Anschrift \u2713 Telefonnummer, Kontakt und \u00d6ffnungszeiten \u2713 Anfahrt \u2713 Ausl\u00e4nderbeh\u00f6rden in Deutschland\" \/>\n<meta property=\"og:url\" content=\"https:\/\/auslaenderaemter.com\/tr\/goecmenlik-buerosu-koeten-anhalt\/\" \/>\n<meta property=\"og:site_name\" content=\"auslaenderaemter.com\" \/>\n<meta property=\"article:modified_time\" content=\"2022-07-21T10:35:10+00:00\" \/>\n<meta property=\"og:image\" content=\"https:\/\/auslaenderaemter.com\/wp-content\/uploads\/2021\/01\/city-263069_640.jpg\" \/>\n\t<meta property=\"og:image:width\" content=\"640\" \/>\n\t<meta property=\"og:image:height\" content=\"480\" \/>\n\t<meta property=\"og:image:type\" content=\"image\/jpeg\" \/>\n<meta name=\"twitter:card\" content=\"summary_large_image\" \/>\n<meta name=\"twitter:label1\" content=\"Tahmini okuma s\u00fcresi\" \/>\n\t<meta name=\"twitter:data1\" content=\"1 dakika\" \/>\n<script type=\"application\/ld+json\" class=\"yoast-schema-graph\">{\"@context\":\"https:\\\/\\\/schema.org\",\"@graph\":[{\"@type\":\"WebPage\",\"@id\":\"https:\\\/\\\/auslaenderaemter.com\\\/auslaenderamt-koethen-anhalt\\\/\",\"url\":\"https:\\\/\\\/auslaenderaemter.com\\\/auslaenderamt-koethen-anhalt\\\/\",\"name\":\"Ausl\u00e4nderamt K\u00f6then Anhalt | Adresse, Kontakt und \u00d6ffnungszeiten\",\"isPartOf\":{\"@id\":\"https:\\\/\\\/auslaenderaemter.com\\\/#website\"},\"primaryImageOfPage\":{\"@id\":\"https:\\\/\\\/auslaenderaemter.com\\\/auslaenderamt-koethen-anhalt\\\/#primaryimage\"},\"image\":{\"@id\":\"https:\\\/\\\/auslaenderaemter.com\\\/auslaenderamt-koethen-anhalt\\\/#primaryimage\"},\"thumbnailUrl\":\"https:\\\/\\\/auslaenderaemter.com\\\/wp-content\\\/uploads\\\/2021\\\/01\\\/city-263069_640.jpg\",\"datePublished\":\"2021-01-30T15:29:40+00:00\",\"dateModified\":\"2022-07-21T10:35:10+00:00\",\"description\":\"Ausl\u00e4nderamt K\u00f6then Anhalt | Adresse und Anschrift \u2713 Telefonnummer, Kontakt und \u00d6ffnungszeiten \u2713 Anfahrt \u2713 Ausl\u00e4nderbeh\u00f6rden in Deutschland\",\"breadcrumb\":{\"@id\":\"https:\\\/\\\/auslaenderaemter.com\\\/auslaenderamt-koethen-anhalt\\\/#breadcrumb\"},\"inLanguage\":\"tr\",\"potentialAction\":[{\"@type\":\"ReadAction\",\"target\":[\"https:\\\/\\\/auslaenderaemter.com\\\/auslaenderamt-koethen-anhalt\\\/\"]}]},{\"@type\":\"ImageObject\",\"inLanguage\":\"tr\",\"@id\":\"https:\\\/\\\/auslaenderaemter.com\\\/auslaenderamt-koethen-anhalt\\\/#primaryimage\",\"url\":\"https:\\\/\\\/auslaenderaemter.com\\\/wp-content\\\/uploads\\\/2021\\\/01\\\/city-263069_640.jpg\",\"contentUrl\":\"https:\\\/\\\/auslaenderaemter.com\\\/wp-content\\\/uploads\\\/2021\\\/01\\\/city-263069_640.jpg\",\"width\":640,\"height\":480,\"caption\":\"Ausl\u00e4nder\u00e4mter in Deutschland\"},{\"@type\":\"BreadcrumbList\",\"@id\":\"https:\\\/\\\/auslaenderaemter.com\\\/auslaenderamt-koethen-anhalt\\\/#breadcrumb\",\"itemListElement\":[{\"@type\":\"ListItem\",\"position\":1,\"name\":\"Startseite\",\"item\":\"https:\\\/\\\/auslaenderaemter.com\\\/\"},{\"@type\":\"ListItem\",\"position\":2,\"name\":\"Ausl\u00e4nderamt K\u00f6then Anhalt\"}]},{\"@type\":\"WebSite\",\"@id\":\"https:\\\/\\\/auslaenderaemter.com\\\/#website\",\"url\":\"https:\\\/\\\/auslaenderaemter.com\\\/\",\"name\":\"auslaenderaemter.com\",\"description\":\"\",\"publisher\":{\"@id\":\"https:\\\/\\\/auslaenderaemter.com\\\/#organization\"},\"potentialAction\":[{\"@type\":\"SearchAction\",\"target\":{\"@type\":\"EntryPoint\",\"urlTemplate\":\"https:\\\/\\\/auslaenderaemter.com\\\/?s={search_term_string}\"},\"query-input\":{\"@type\":\"PropertyValueSpecification\",\"valueRequired\":true,\"valueName\":\"search_term_string\"}}],\"inLanguage\":\"tr\"},{\"@type\":\"Organization\",\"@id\":\"https:\\\/\\\/auslaenderaemter.com\\\/#organization\",\"name\":\"auslaenderaemter.com\",\"url\":\"https:\\\/\\\/auslaenderaemter.com\\\/\",\"logo\":{\"@type\":\"ImageObject\",\"inLanguage\":\"tr\",\"@id\":\"https:\\\/\\\/auslaenderaemter.com\\\/#\\\/schema\\\/logo\\\/image\\\/\",\"url\":\"https:\\\/\\\/auslaenderaemter.com\\\/wp-content\\\/uploads\\\/2021\\\/01\\\/cropped-Vollmond-info-13.png\",\"contentUrl\":\"https:\\\/\\\/auslaenderaemter.com\\\/wp-content\\\/uploads\\\/2021\\\/01\\\/cropped-Vollmond-info-13.png\",\"width\":500,\"height\":117,\"caption\":\"auslaenderaemter.com\"},\"image\":{\"@id\":\"https:\\\/\\\/auslaenderaemter.com\\\/#\\\/schema\\\/logo\\\/image\\\/\"}}]}<\/script>\n<!-- \/ Yoast SEO plugin. -->","yoast_head_json":{"title":"G\u00f6\u00e7men B\u00fcrosu K\u00f6then-Anhalt | Adres, ileti\u015fim ve a\u00e7\u0131l\u0131\u015f saatleri","description":"G\u00f6\u00e7men B\u00fcrosu K\u00f6then-Anhalt | Adres ve adres \u2713 Telefon numaras\u0131, ileti\u015fim ve \u00e7al\u0131\u015fma saatleri \u2713 Yol tarifi \u2713 Almanya&#039;daki g\u00f6\u00e7menlik makamlar\u0131","robots":{"index":"index","follow":"follow","max-snippet":"max-snippet:-1","max-image-preview":"max-image-preview:large","max-video-preview":"max-video-preview:-1"},"canonical":"https:\/\/auslaenderaemter.com\/tr\/goecmenlik-buerosu-koeten-anhalt\/","og_locale":"tr_TR","og_type":"article","og_title":"Ausl\u00e4nderamt K\u00f6then Anhalt | Adresse, Kontakt und \u00d6ffnungszeiten","og_description":"Ausl\u00e4nderamt K\u00f6then Anhalt | Adresse und Anschrift \u2713 Telefonnummer, Kontakt und \u00d6ffnungszeiten \u2713 Anfahrt \u2713 Ausl\u00e4nderbeh\u00f6rden in Deutschland","og_url":"https:\/\/auslaenderaemter.com\/tr\/goecmenlik-buerosu-koeten-anhalt\/","og_site_name":"auslaenderaemter.com","article_modified_time":"2022-07-21T10:35:10+00:00","og_image":[{"width":640,"height":480,"url":"https:\/\/auslaenderaemter.com\/wp-content\/uploads\/2021\/01\/city-263069_640.jpg","type":"image\/jpeg"}],"twitter_card":"summary_large_image","twitter_misc":{"Tahmini okuma s\u00fcresi":"1 dakika"},"schema":{"@context":"https:\/\/schema.org","@graph":[{"@type":"WebPage","@id":"https:\/\/auslaenderaemter.com\/auslaenderamt-koethen-anhalt\/","url":"https:\/\/auslaenderaemter.com\/auslaenderamt-koethen-anhalt\/","name":"G\u00f6\u00e7men B\u00fcrosu K\u00f6then-Anhalt | Adres, ileti\u015fim ve a\u00e7\u0131l\u0131\u015f saatleri","isPartOf":{"@id":"https:\/\/auslaenderaemter.com\/#website"},"primaryImageOfPage":{"@id":"https:\/\/auslaenderaemter.com\/auslaenderamt-koethen-anhalt\/#primaryimage"},"image":{"@id":"https:\/\/auslaenderaemter.com\/auslaenderamt-koethen-anhalt\/#primaryimage"},"thumbnailUrl":"https:\/\/auslaenderaemter.com\/wp-content\/uploads\/2021\/01\/city-263069_640.jpg","datePublished":"2021-01-30T15:29:40+00:00","dateModified":"2022-07-21T10:35:10+00:00","description":"G\u00f6\u00e7men B\u00fcrosu K\u00f6then-Anhalt | Adres ve adres \u2713 Telefon numaras\u0131, ileti\u015fim ve \u00e7al\u0131\u015fma saatleri \u2713 Yol tarifi \u2713 Almanya&#039;daki g\u00f6\u00e7menlik makamlar\u0131","breadcrumb":{"@id":"https:\/\/auslaenderaemter.com\/auslaenderamt-koethen-anhalt\/#breadcrumb"},"inLanguage":"tr","potentialAction":[{"@type":"ReadAction","target":["https:\/\/auslaenderaemter.com\/auslaenderamt-koethen-anhalt\/"]}]},{"@type":"ImageObject","inLanguage":"tr","@id":"https:\/\/auslaenderaemter.com\/auslaenderamt-koethen-anhalt\/#primaryimage","url":"https:\/\/auslaenderaemter.com\/wp-content\/uploads\/2021\/01\/city-263069_640.jpg","contentUrl":"https:\/\/auslaenderaemter.com\/wp-content\/uploads\/2021\/01\/city-263069_640.jpg","width":640,"height":480,"caption":"Ausl\u00e4nder\u00e4mter in Deutschland"},{"@type":"BreadcrumbList","@id":"https:\/\/auslaenderaemter.com\/auslaenderamt-koethen-anhalt\/#breadcrumb","itemListElement":[{"@type":"ListItem","position":1,"name":"Startseite","item":"https:\/\/auslaenderaemter.com\/"},{"@type":"ListItem","position":2,"name":"Ausl\u00e4nderamt K\u00f6then Anhalt"}]},{"@type":"WebSite","@id":"https:\/\/auslaenderaemter.com\/#website","url":"https:\/\/auslaenderaemter.com\/","name":"auslaenderaemter.com","description":"","publisher":{"@id":"https:\/\/auslaenderaemter.com\/#organization"},"potentialAction":[{"@type":"SearchAction","target":{"@type":"EntryPoint","urlTemplate":"https:\/\/auslaenderaemter.com\/?s={search_term_string}"},"query-input":{"@type":"PropertyValueSpecification","valueRequired":true,"valueName":"search_term_string"}}],"inLanguage":"tr"},{"@type":"Organization","@id":"https:\/\/auslaenderaemter.com\/#organization","name":"auslaenderaemter.com","url":"https:\/\/auslaenderaemter.com\/","logo":{"@type":"ImageObject","inLanguage":"tr","@id":"https:\/\/auslaenderaemter.com\/#\/schema\/logo\/image\/","url":"https:\/\/auslaenderaemter.com\/wp-content\/uploads\/2021\/01\/cropped-Vollmond-info-13.png","contentUrl":"https:\/\/auslaenderaemter.com\/wp-content\/uploads\/2021\/01\/cropped-Vollmond-info-13.png","width":500,"height":117,"caption":"auslaenderaemter.com"},"image":{"@id":"https:\/\/auslaenderaemter.com\/#\/schema\/logo\/image\/"}}]}},"_links":{"self":[{"href":"https:\/\/auslaenderaemter.com\/tr\/wp-json\/wp\/v2\/pages\/324","targetHints":{"allow":["GET"]}}],"collection":[{"href":"https:\/\/auslaenderaemter.com\/tr\/wp-json\/wp\/v2\/pages"}],"about":[{"href":"https:\/\/auslaenderaemter.com\/tr\/wp-json\/wp\/v2\/types\/page"}],"author":[{"embeddable":true,"href":"https:\/\/auslaenderaemter.com\/tr\/wp-json\/wp\/v2\/users\/1"}],"replies":[{"embeddable":true,"href":"https:\/\/auslaenderaemter.com\/tr\/wp-json\/wp\/v2\/comments?post=324"}],"version-history":[{"count":0,"href":"https:\/\/auslaenderaemter.com\/tr\/wp-json\/wp\/v2\/pages\/324\/revisions"}],"wp:featuredmedia":[{"embeddable":true,"href":"https:\/\/auslaenderaemter.com\/tr\/wp-json\/wp\/v2\/media\/37"}],"wp:attachment":[{"href":"https:\/\/auslaenderaemter.com\/tr\/wp-json\/wp\/v2\/media?parent=324"}],"curies":[{"name":"wp","href":"https:\/\/api.w.org\/{rel}","templated":true}]}}