{"id":39,"date":"2021-01-26T14:24:33","date_gmt":"2021-01-26T13:24:33","guid":{"rendered":"https:\/\/auslaenderaemter.com\/?page_id=39"},"modified":"2022-07-04T15:53:43","modified_gmt":"2022-07-04T13:53:43","slug":"auslaenderaemter-in-baden-wuerttemberg","status":"publish","type":"page","link":"https:\/\/auslaenderaemter.com\/tr\/baden-wuerttemberg-goecmenlik-buerolari\/","title":{"rendered":"Baden-W\u00fcrttemberg&#039;deki G\u00f6\u00e7menlik B\u00fcrolar\u0131"},"content":{"rendered":"<p><strong>Burada Baden-W\u00fcrttemberg&#039;deki g\u00f6\u00e7menlik b\u00fcrolar\u0131n\u0131n \/ g\u00f6\u00e7menlik makamlar\u0131n\u0131n ileti\u015fim bilgilerini, adreslerini ve \u00e7al\u0131\u015fma saatlerini bulacaks\u0131n\u0131z.<\/strong><\/p>\n<h2><span id=\"Uebersicht_aller_Jobcenter_in_Baden-Wuerttemberg\" class=\"ez-toc-section\">Baden-W\u00fcrttemberg&#039;deki t\u00fcm g\u00f6\u00e7menlik b\u00fcrolar\u0131na \/ g\u00f6\u00e7menlik makamlar\u0131na genel bak\u0131\u015f<\/span><\/h2>\n<ul>\n<li><a href=\"https:\/\/auslaenderaemter.com\/tr\/goecmenlik-buerosunun-tadini-cikarma\/\">g\u00fcne\u015flenmek<\/a><\/li>\n<li><a href=\"https:\/\/auslaenderaemter.com\/tr\/goecmen-buerosu-albstadt\/\">Albstadt<\/a><\/li>\n<li><a href=\"https:\/\/auslaenderaemter.com\/tr\/goecmenlik-buerosu-altensteig\/\">Altensteig<\/a><\/li>\n<li><a href=\"https:\/\/auslaenderaemter.com\/tr\/goecmenlik-ofisi-backnang\/\">destek<\/a><\/li>\n<li><a href=\"https:\/\/auslaenderaemter.com\/tr\/goecmenlik-ofisi-bad-rappenau\/\">K\u00f6t\u00fc Rappenau<\/a><\/li>\n<li><a href=\"https:\/\/auslaenderaemter.com\/tr\/goecmenlik-ofisi-bad-saulgau\/\">K\u00f6t\u00fc Saulgau<\/a><\/li>\n<li><a href=\"https:\/\/auslaenderaemter.com\/tr\/goecmenlik-ofisi-bad-urach\/\">K\u00f6t\u00fc Urach<\/a><\/li>\n<li><a href=\"https:\/\/auslaenderaemter.com\/tr\/goecmenlik-ofisi-baden-baden\/\">Baden-Baden<\/a><\/li>\n<li><a href=\"https:\/\/auslaenderaemter.com\/tr\/goecmenlik-buerosu-balingen\/\">Balingen<\/a><\/li>\n<li><a href=\"https:\/\/auslaenderaemter.com\/tr\/goecmenlik-ofisi-biberach-an-der-riss\/\">Biberach an der Riss<\/a><\/li>\n<li><a href=\"https:\/\/auslaenderaemter.com\/tr\/goecmen-buerosu-bietigheim-bissingen\/\">Bietigheim-Bissingen<\/a><\/li>\n<li><a href=\"https:\/\/auslaenderaemter.com\/tr\/goecmenlik-buerosu-blaubeuren\/\">Blaubeuren<\/a><\/li>\n<li><a href=\"https:\/\/auslaenderaemter.com\/tr\/goecmen-buerosu-boeblingen\/\">B\u00f6blingen<\/a><\/li>\n<li><a href=\"https:\/\/auslaenderaemter.com\/tr\/goecmenlik-ofisi-bruchsal\/\">Bruchsal<\/a><\/li>\n<li><a href=\"https:\/\/auslaenderaemter.com\/tr\/goecmenlik-buerosu-buehl\/\">B\u00fchl<\/a><\/li>\n<li><a href=\"https:\/\/auslaenderaemter.com\/tr\/goecmenlik-ofisi-calw\/\">calw<\/a><\/li>\n<li><a href=\"https:\/\/auslaenderaemter.com\/tr\/goecmenlik-buerosu-creglingen\/\">Creglingen<\/a><\/li>\n<li><a href=\"https:\/\/auslaenderaemter.com\/tr\/goecmen-buerosu-dietenheim\/\">Dietenheim<\/a><\/li>\n<li><a href=\"https:\/\/auslaenderaemter.com\/tr\/goecmenlik-ofisi-donaueschingen\/\">Donaueschingen<\/a><\/li>\n<li><a href=\"https:\/\/auslaenderaemter.com\/tr\/goecmenlik-ofisi-ehingen\/\">evlilikler<\/a><\/li>\n<li><a href=\"https:\/\/auslaenderaemter.com\/tr\/goecmenlik-ofisi-eislingen\/\">Eislingen<\/a><\/li>\n<li><a href=\"https:\/\/auslaenderaemter.com\/tr\/goecmenlik-ofisi-emmendingen\/\">Emmendingen<\/a><\/li>\n<li><a href=\"https:\/\/auslaenderaemter.com\/tr\/goecmenlik-ofisi-esslingen\/\">esslingen\u00a0<\/a><\/li>\n<li><a href=\"https:\/\/auslaenderaemter.com\/tr\/goecmenlik-buerosu-ettlingen\/\">Ettlingen<\/a><\/li>\n<li><a href=\"https:\/\/auslaenderaemter.com\/tr\/goecmen-buerosu-fellbach\/\">Fellbach<\/a><\/li>\n<li><a href=\"https:\/\/auslaenderaemter.com\/tr\/goecmen-buerosu-freiburg\/\">Freiburg<\/a><\/li>\n<li><a href=\"https:\/\/auslaenderaemter.com\/tr\/goecmenlik-buerosu-freudenstadt\/\">Freudenstadt<\/a><\/li>\n<li><a href=\"https:\/\/auslaenderaemter.com\/tr\/goecmenlik-ofisi-furtwangen-in-the-black-orman\/\">Furtwangen Kara Orman&#039;da<\/a><\/li>\n<li><a href=\"https:\/\/auslaenderaemter.com\/tr\/goecmen-buerosu-gaggenau\/\">Gaggenau<\/a><\/li>\n<li><a href=\"https:\/\/auslaenderaemter.com\/tr\/goecmenlik-ofisi-gammertingen\/\">Gammertingen<\/a><\/li>\n<li><a href=\"https:\/\/auslaenderaemter.com\/tr\/goecmenlik-buerosu-geislingen-an-der-steige\/\">Geislingen ve Steige<\/a><\/li>\n<li><a href=\"https:\/\/auslaenderaemter.com\/tr\/goecmenlik-ofisi-goeppingen\/\">G\u00f6ppingen<\/a><\/li>\n<li><a href=\"https:\/\/auslaenderaemter.com\/tr\/goecmenlik-buerosu-heibronn\/\">Heilbronn<\/a><\/li>\n<li><a href=\"https:\/\/auslaenderaemter.com\/tr\/goecmen-buerosu-heidelberg\/\">Heidelberg<\/a><\/li>\n<li><a href=\"https:\/\/auslaenderaemter.com\/tr\/goecmenlik-buerosu-heidenheim-an-der-brenz\/\">Heidenheim an der Brenz<\/a><\/li>\n<li><a href=\"https:\/\/auslaenderaemter.com\/tr\/goecmenlik-buerosu-herbolzheim\/\">Herbolzheim<\/a><\/li>\n<li><a href=\"https:\/\/auslaenderaemter.com\/tr\/goecmenlik-ofisi-herrenberg\/\">Herrenberg<\/a><\/li>\n<li><a href=\"https:\/\/auslaenderaemter.com\/tr\/goecmenlik-buerosu-heubach\/\">Heubach<\/a><\/li>\n<li><a href=\"https:\/\/auslaenderaemter.com\/tr\/goecmen-buerosu-hockenheim\/\">Hockenheim<\/a><\/li>\n<li><a href=\"https:\/\/auslaenderaemter.com\/tr\/goecmenlik-ofisi-horb-am-neckar\/\">Horb am Neckar<\/a><\/li>\n<li><a href=\"https:\/\/auslaenderaemter.com\/tr\/goecmen-buerosu-karlsruhe\/\">Karlsruhe<\/a><\/li>\n<li><a href=\"https:\/\/auslaenderaemter.com\/tr\/goecmen-buerosu-kehl\/\">bo\u011faz<\/a><\/li>\n<li><a href=\"https:\/\/auslaenderaemter.com\/tr\/goecmenlik-buerosu-kirchheim-unter-teck\/\">Kirchheim unter Teck<\/a><\/li>\n<li><a href=\"https:\/\/auslaenderaemter.com\/tr\/goecmenlik-buerosu-konstanz\/\">sabitlik<\/a><\/li>\n<li><a href=\"https:\/\/auslaenderaemter.com\/tr\/goecmenlik-buerosu-kornwestheim\/\">Kornwestheim<\/a><\/li>\n<li><a href=\"https:\/\/auslaenderaemter.com\/tr\/goecmenlik-buerosu-kuenzelsau\/\">K\u00fcnzelsau<\/a><\/li>\n<li><a href=\"https:\/\/auslaenderaemter.com\/tr\/goecmenlik-buerosu-langenau\/\">Langenau<\/a><\/li>\n<li><a href=\"https:\/\/auslaenderaemter.com\/tr\/goecmenlik-buerosu-yapistirma\/\">yap\u0131\u015ft\u0131rma<\/a><\/li>\n<li><a href=\"https:\/\/auslaenderaemter.com\/tr\/goecmenlik-ofisi-leonberg\/\">Leonberg<\/a><\/li>\n<li><a href=\"https:\/\/auslaenderaemter.com\/tr\/goecmenlik-buerosu-lichtenau\/\">Lichtenau<\/a><\/li>\n<li><a href=\"https:\/\/auslaenderaemter.com\/tr\/goecmen-buerosu-loerrach\/\">L\u00f6errach<\/a><\/li>\n<li><a href=\"https:\/\/auslaenderaemter.com\/tr\/goecmenlik-buerosu-ludwigsburg\/\">Ludwigsburg<\/a><\/li>\n<li><a href=\"https:\/\/auslaenderaemter.com\/tr\/goecmenlik-buerosu-mannheim\/\">Manheim<\/a><\/li>\n<li><a href=\"https:\/\/auslaenderaemter.com\/tr\/goecmenlik-buerosu-metzingen\/\">Metzingen<\/a><\/li>\n<li><a href=\"https:\/\/auslaenderaemter.com\/tr\/goecmen-buerosu-mosbach\/\">Mosbach<\/a><\/li>\n<li><a href=\"https:\/\/auslaenderaemter.com\/tr\/goecmenlik-buerosu-moessingen\/\">m\u00f6singen<\/a><\/li>\n<li><a href=\"https:\/\/auslaenderaemter.com\/tr\/goecmen-buerosu-munderkingen\/\">Munderkingen<\/a><\/li>\n<li><a href=\"https:\/\/auslaenderaemter.com\/tr\/goecmenlik-ofisi-nuertingen\/\">N\u00fcrtingen<\/a><\/li>\n<li><a href=\"https:\/\/auslaenderaemter.com\/tr\/goecmenlik-ofisi-oberkirch\/\">Oberkirch<\/a><\/li>\n<li><a href=\"https:\/\/auslaenderaemter.com\/tr\/goecmenlik-ofisi-offenburg\/\">Offenburg<\/a><\/li>\n<li><a href=\"https:\/\/auslaenderaemter.com\/tr\/goecmenlik-ofisi-ostfildern\/\">Ostfildern<\/a><\/li>\n<li><a href=\"https:\/\/auslaenderaemter.com\/tr\/goecmenlik-ofisi-pforzheim\/\">Pforzheim<\/a><\/li>\n<li><a href=\"https:\/\/auslaenderaemter.com\/tr\/goecmenlik-buerosu-radolfzell-am-bodensee\/\">Radolfzell, Konstanz G\u00f6l\u00fc \u00fczerinde<\/a><\/li>\n<li><a href=\"https:\/\/auslaenderaemter.com\/tr\/goecmenlik-buerosu-rastatt\/\">Rastatt<\/a><\/li>\n<li><a href=\"https:\/\/auslaenderaemter.com\/tr\/goecmenlik-ofisi-ravensburg\/\">Ravensburg<\/a><\/li>\n<li><a href=\"https:\/\/auslaenderaemter.com\/tr\/goecmenlik-buerosu-reutlingen\/\">Reutlingen<\/a><\/li>\n<li><a href=\"https:\/\/auslaenderaemter.com\/tr\/goecmenlik-ofisi-rheinfelden\/\">Rheinfelden\u00a0<\/a><\/li>\n<li><a href=\"https:\/\/auslaenderaemter.com\/tr\/goecmenlik-ofisi-rheinstetten\/\">Rheinstetten<\/a><\/li>\n<li><a href=\"https:\/\/auslaenderaemter.com\/tr\/goecmenlik-ofisi-rottweil\/\">rottweil<\/a><\/li>\n<li><a href=\"https:\/\/auslaenderaemter.com\/tr\/goecmenlik-ofisi-schorndorf\/\">Schorndorf<\/a><\/li>\n<li><a href=\"https:\/\/auslaenderaemter.com\/tr\/goecmenlik-ofisi-schwaebisch-gmuend\/\">Schw\u00e4bisch Gmuend<\/a><\/li>\n<li><a href=\"https:\/\/auslaenderaemter.com\/tr\/goecmenlik-buerosu-schwaebisch-hall\/\">Schw\u00e4bisch Salonu<\/a><\/li>\n<li><a href=\"https:\/\/auslaenderaemter.com\/tr\/goecmenlik-buerosu-schwetzingen\/\">Schwetzingen<\/a><\/li>\n<li><a href=\"https:\/\/auslaenderaemter.com\/tr\/goecmenlik-ofisi-sigmaringen\/\">sigma halkalar\u0131<\/a><\/li>\n<li><a href=\"https:\/\/auslaenderaemter.com\/tr\/goecmenlik-ofisi-sindelfingen\/\">Sindelfingen<\/a><\/li>\n<li><a href=\"https:\/\/auslaenderaemter.com\/tr\/goecmenlik-ofisi-sinsheim\/\">Sinsheim<\/a><\/li>\n<li><a href=\"https:\/\/auslaenderaemter.com\/tr\/goecmenlik-buerosu-stuttgart\/\">Stuttgart<\/a><\/li>\n<li><a href=\"https:\/\/auslaenderaemter.com\/tr\/goecmenlik-ofisi-tauberbischofsheim\/\">Tauberbischofsheim<\/a><\/li>\n<li><a href=\"https:\/\/auslaenderaemter.com\/tr\/goecmenlik-ofisi-tubingen\/\">boru<\/a><\/li>\n<li><a href=\"https:\/\/auslaenderaemter.com\/tr\/goecmenlik-buerosu-tuttlingen\/\">Tuttlingen<\/a><\/li>\n<li><a href=\"https:\/\/auslaenderaemter.com\/tr\/goecmenlik-buerosu-villingen-schwenningen\/\">Villingen-Schwenningen<\/a><\/li>\n<li><a href=\"https:\/\/auslaenderaemter.com\/tr\/goecmenlik-ofisi-waiblingen\/\">Waiblingen<\/a><\/li>\n<li><a href=\"https:\/\/auslaenderaemter.com\/tr\/goecmenlik-buerosu-waldshut-tiengen\/\">Waldshut-Tiengen<\/a><\/li>\n<li><a href=\"https:\/\/auslaenderaemter.com\/tr\/goecmenlik-ofisi-wangen-im-allgaeu\/\">Allgaeu&#039;daki Wangen<\/a><\/li>\n<li><a href=\"https:\/\/auslaenderaemter.com\/tr\/goecmenlik-buerosu-weil-am-rhein\/\">\u00c7\u00fcnk\u00fc Ren k\u0131y\u0131s\u0131nda<\/a><\/li>\n<li><a href=\"https:\/\/auslaenderaemter.com\/tr\/goecmenlik-ofisi\/\">\u015fehir y\u00fcz\u00fcnden<\/a><\/li>\n<li><a href=\"https:\/\/auslaenderaemter.com\/tr\/goecmenlik-ofisi-weingarten\/\">\u00fcz\u00fcm ba\u011f\u0131<\/a><\/li>\n<li><a href=\"https:\/\/auslaenderaemter.com\/tr\/goecmenlik-buerosu-weinheim\/\">Weinheim<\/a><\/li>\n<li><a href=\"https:\/\/auslaenderaemter.com\/tr\/goecmenlik-ofisi-wertheim\/\">Wertheim<\/a><\/li>\n<li><a href=\"https:\/\/auslaenderaemter.com\/tr\/goecmenlik-ofisi-wiesloch\/\">Wiesloch<\/a><\/li>\n<\/ul>\n<h3>G\u00f6\u00e7menlik makamlar\u0131n\u0131n g\u00f6revleri<\/h3>\n<p>G\u00f6\u00e7menlik makamlar\u0131, ikamet ve pasaport kanunu ile ilgili tedbirlerden sorumludur. \u0130kamet Yasas\u0131 ve di\u011fer g\u00f6\u00e7menlik yasalar\u0131n\u0131n h\u00fck\u00fcmlerine g\u00f6re karar verirler.<\/p>\n<p><strong>Di\u011fer g\u00f6revler ve hizmetler \u015funlard\u0131r:<\/strong><\/p>\n<ul>\n<li>Elektronik oturma izni (eAT)<\/li>\n<li>M\u00fclteci yard\u0131m\u0131 i\u00e7in irtibat ki\u015fisi<\/li>\n<li>\u00c7al\u0131\u015fma izni<\/li>\n<li>giri\u015f\u00a0<span class=\"highlight\">ve<\/span>\u00a0Almanya&#039;da Konaklama<\/li>\n<li>iltica<\/li>\n<li>entegrasyon<\/li>\n<li>taahh\u00fct beyan\u0131<\/li>\n<\/ul>\n<h3>G\u00f6\u00e7menlik B\u00fcrosunda Randevu<\/h3>\n<p>\u00c7o\u011fu durumda telefonla, ileti\u015fim formunu kullanarak veya ilgili \u015fehrin hizmet portal\u0131 arac\u0131l\u0131\u011f\u0131yla randevu alabilirsiniz. G\u00f6\u00e7menlik b\u00fcrosunu ziyaret etmeden \u00f6nce l\u00fctfen gerekli t\u00fcm belgelere sahip oldu\u011funuzdan emin olun.<\/p>\n<div class=\"su-note\"  style=\"border-color:#dadbdd;border-radius:2px;-moz-border-radius:2px;-webkit-border-radius:2px;\"><div class=\"su-note-inner su-u-clearfix su-u-trim\" style=\"background-color:#f4f5f7;border-color:#ffffff;color:#333333;border-radius:2px;-moz-border-radius:2px;-webkit-border-radius:2px;\"><strong>Bir uyar\u0131:<\/strong> Ofisler, makamlar veya mahkemeler i\u00e7in genellikle a\u015fa\u011f\u0131daki belgelere, sertifikalara veya sertifikalara ihtiyac\u0131n\u0131z vard\u0131r. <a href=\"https:\/\/auslaenderaemter.com\/tr\/tasdikli-resmi-belgeler-icin-ceviri\/\">sektifikal\u0131 \u00e7eviri<\/a>.<\/div><\/div>\n<ul>\n<li>Birlikte\u00a0<a href=\"https:\/\/auslaenderaemter.com\/tr\/taahhuet-beyani\/\" data-wpel-link=\"internal\">taahh\u00fct beyan\u0131<\/a>\u00a0yurtd\u0131\u015f\u0131ndan gelen ziyaret\u00e7ilerin Almanya&#039;ya girmesine izin verebilirsiniz.<\/li>\n<li><strong>Yurt d\u0131\u015f\u0131ndan ziyaret\u00e7i mi bekliyorsunuz?<\/strong>\u00a0Birlikte\u00a0<a href=\"https:\/\/tidd.ly\/3u98xUL\" target=\"_blank\" rel=\"nofollow noopener external noreferrer\" data-wpel-link=\"external\">Yabanc\u0131 misafirler i\u00e7in seyahat sa\u011fl\u0131k sigortas\u0131<\/a>* Almanya ve Avrupa&#039;da tamamen korunuyorsunuz.<\/li>\n<\/ul>\n<h3>Daha \u00f6te <span class=\"ez-toc-section\">G\u00f6\u00e7menlik makamlar\u0131 <\/span>ba\u011flant\u0131lar ve kaynaklar<\/h3>\n<ul>\n<li><a href=\"https:\/\/auslaenderaemter.com\/tr\/\">Almanya&#039;daki G\u00f6\u00e7menlik B\u00fcrolar\u0131<\/a><\/li>\n<li><a href=\"https:\/\/www.bamf.de\/DE\/Startseite\/startseite_node.html\" target=\"_blank\" rel=\"noopener nofollow external noreferrer\" data-wpel-link=\"external\">Federal G\u00f6\u00e7 ve M\u00fclteciler Dairesi<\/a>\u00a0(BAMF)<\/li>\n<\/ul>","protected":false},"excerpt":{"rendered":"<p>Baden-W\u00fcrttemberg&#039;deki g\u00f6\u00e7menlik b\u00fcrolar\u0131n\u0131n \/ g\u00f6\u00e7menlik dairelerinin ileti\u015fim bilgilerini, adreslerini ve \u00e7al\u0131\u015fma saatlerini burada bulabilirsiniz. Freud, Baden-W\u00fcrttemberg&#039;deki t\u00fcm g\u00f6\u00e7menlik b\u00fcrolar\u0131na \/ g\u00f6\u00e7menlik makamlar\u0131na genel bak\u0131\u015f ...&nbsp;<a href=\"https:\/\/auslaenderaemter.com\/tr\/baden-wuerttemberg-goecmenlik-buerolari\/\" rel=\"bookmark\">Devam\u0131n\u0131 oku &quot;<span class=\"screen-reader-text\">Baden-W\u00fcrttemberg&#039;deki G\u00f6\u00e7menlik B\u00fcrolar\u0131<\/span><\/a><\/p>","protected":false},"author":1,"featured_media":37,"parent":0,"menu_order":0,"comment_status":"closed","ping_status":"closed","template":"","meta":{"neve_meta_sidebar":"full-width","neve_meta_container":"","neve_meta_enable_content_width":"on","neve_meta_content_width":100,"neve_meta_title_alignment":"","neve_meta_author_avatar":"","neve_post_elements_order":"","neve_meta_disable_header":"","neve_meta_disable_footer":"","neve_meta_disable_title":"","neve_meta_reading_time":"","footnotes":""},"class_list":["post-39","page","type-page","status-publish","has-post-thumbnail","hentry"],"yoast_head":"<!-- This site is optimized with the Yoast SEO plugin v27.4 - https:\/\/yoast.com\/product\/yoast-seo-wordpress\/ -->\n<title>Ausl\u00e4nder\u00e4mter in Baden-W\u00fcrttemberg | Adressen und Anschrift<\/title>\n<meta name=\"description\" content=\"Ausl\u00e4nder\u00e4mter in Baden-W\u00fcrttemberg | Adresse und Anschrift \u2713 Telefonnummer, Kontakt und \u00d6ffnungszeiten \u2713 Ausl\u00e4nderbeh\u00f6rden\" \/>\n<meta name=\"robots\" content=\"index, follow, max-snippet:-1, max-image-preview:large, max-video-preview:-1\" \/>\n<link rel=\"canonical\" href=\"https:\/\/auslaenderaemter.com\/tr\/baden-wuerttemberg-goecmenlik-buerolari\/\" \/>\n<meta property=\"og:locale\" content=\"tr_TR\" \/>\n<meta property=\"og:type\" content=\"article\" \/>\n<meta property=\"og:title\" content=\"Ausl\u00e4nder\u00e4mter in Baden-W\u00fcrttemberg | Adressen und Anschrift\" \/>\n<meta property=\"og:description\" content=\"Ausl\u00e4nder\u00e4mter in Baden-W\u00fcrttemberg | Adresse und Anschrift \u2713 Telefonnummer, Kontakt und \u00d6ffnungszeiten \u2713 Ausl\u00e4nderbeh\u00f6rden\" \/>\n<meta property=\"og:url\" content=\"https:\/\/auslaenderaemter.com\/tr\/baden-wuerttemberg-goecmenlik-buerolari\/\" \/>\n<meta property=\"og:site_name\" content=\"auslaenderaemter.com\" \/>\n<meta property=\"article:modified_time\" content=\"2022-07-04T13:53:43+00:00\" \/>\n<meta property=\"og:image\" content=\"https:\/\/auslaenderaemter.com\/wp-content\/uploads\/2021\/01\/city-263069_640.jpg\" \/>\n\t<meta property=\"og:image:width\" content=\"640\" \/>\n\t<meta property=\"og:image:height\" content=\"480\" \/>\n\t<meta property=\"og:image:type\" content=\"image\/jpeg\" \/>\n<meta name=\"twitter:card\" content=\"summary_large_image\" \/>\n<meta name=\"twitter:label1\" content=\"Tahmini okuma s\u00fcresi\" \/>\n\t<meta name=\"twitter:data1\" content=\"2 dakika\" \/>\n<script type=\"application\/ld+json\" class=\"yoast-schema-graph\">{\"@context\":\"https:\\\/\\\/schema.org\",\"@graph\":[{\"@type\":\"WebPage\",\"@id\":\"https:\\\/\\\/auslaenderaemter.com\\\/auslaenderaemter-in-baden-wuerttemberg\\\/\",\"url\":\"https:\\\/\\\/auslaenderaemter.com\\\/auslaenderaemter-in-baden-wuerttemberg\\\/\",\"name\":\"Ausl\u00e4nder\u00e4mter in Baden-W\u00fcrttemberg | Adressen und Anschrift\",\"isPartOf\":{\"@id\":\"https:\\\/\\\/auslaenderaemter.com\\\/#website\"},\"primaryImageOfPage\":{\"@id\":\"https:\\\/\\\/auslaenderaemter.com\\\/auslaenderaemter-in-baden-wuerttemberg\\\/#primaryimage\"},\"image\":{\"@id\":\"https:\\\/\\\/auslaenderaemter.com\\\/auslaenderaemter-in-baden-wuerttemberg\\\/#primaryimage\"},\"thumbnailUrl\":\"https:\\\/\\\/auslaenderaemter.com\\\/wp-content\\\/uploads\\\/2021\\\/01\\\/city-263069_640.jpg\",\"datePublished\":\"2021-01-26T13:24:33+00:00\",\"dateModified\":\"2022-07-04T13:53:43+00:00\",\"description\":\"Ausl\u00e4nder\u00e4mter in Baden-W\u00fcrttemberg | Adresse und Anschrift \u2713 Telefonnummer, Kontakt und \u00d6ffnungszeiten \u2713 Ausl\u00e4nderbeh\u00f6rden\",\"breadcrumb\":{\"@id\":\"https:\\\/\\\/auslaenderaemter.com\\\/auslaenderaemter-in-baden-wuerttemberg\\\/#breadcrumb\"},\"inLanguage\":\"tr\",\"potentialAction\":[{\"@type\":\"ReadAction\",\"target\":[\"https:\\\/\\\/auslaenderaemter.com\\\/auslaenderaemter-in-baden-wuerttemberg\\\/\"]}]},{\"@type\":\"ImageObject\",\"inLanguage\":\"tr\",\"@id\":\"https:\\\/\\\/auslaenderaemter.com\\\/auslaenderaemter-in-baden-wuerttemberg\\\/#primaryimage\",\"url\":\"https:\\\/\\\/auslaenderaemter.com\\\/wp-content\\\/uploads\\\/2021\\\/01\\\/city-263069_640.jpg\",\"contentUrl\":\"https:\\\/\\\/auslaenderaemter.com\\\/wp-content\\\/uploads\\\/2021\\\/01\\\/city-263069_640.jpg\",\"width\":640,\"height\":480,\"caption\":\"Ausl\u00e4nder\u00e4mter in Deutschland\"},{\"@type\":\"BreadcrumbList\",\"@id\":\"https:\\\/\\\/auslaenderaemter.com\\\/auslaenderaemter-in-baden-wuerttemberg\\\/#breadcrumb\",\"itemListElement\":[{\"@type\":\"ListItem\",\"position\":1,\"name\":\"Startseite\",\"item\":\"https:\\\/\\\/auslaenderaemter.com\\\/\"},{\"@type\":\"ListItem\",\"position\":2,\"name\":\"Ausl\u00e4nder\u00e4mter in Baden-W\u00fcrttemberg\"}]},{\"@type\":\"WebSite\",\"@id\":\"https:\\\/\\\/auslaenderaemter.com\\\/#website\",\"url\":\"https:\\\/\\\/auslaenderaemter.com\\\/\",\"name\":\"auslaenderaemter.com\",\"description\":\"\",\"publisher\":{\"@id\":\"https:\\\/\\\/auslaenderaemter.com\\\/#organization\"},\"potentialAction\":[{\"@type\":\"SearchAction\",\"target\":{\"@type\":\"EntryPoint\",\"urlTemplate\":\"https:\\\/\\\/auslaenderaemter.com\\\/?s={search_term_string}\"},\"query-input\":{\"@type\":\"PropertyValueSpecification\",\"valueRequired\":true,\"valueName\":\"search_term_string\"}}],\"inLanguage\":\"tr\"},{\"@type\":\"Organization\",\"@id\":\"https:\\\/\\\/auslaenderaemter.com\\\/#organization\",\"name\":\"auslaenderaemter.com\",\"url\":\"https:\\\/\\\/auslaenderaemter.com\\\/\",\"logo\":{\"@type\":\"ImageObject\",\"inLanguage\":\"tr\",\"@id\":\"https:\\\/\\\/auslaenderaemter.com\\\/#\\\/schema\\\/logo\\\/image\\\/\",\"url\":\"https:\\\/\\\/auslaenderaemter.com\\\/wp-content\\\/uploads\\\/2021\\\/01\\\/cropped-Vollmond-info-13.png\",\"contentUrl\":\"https:\\\/\\\/auslaenderaemter.com\\\/wp-content\\\/uploads\\\/2021\\\/01\\\/cropped-Vollmond-info-13.png\",\"width\":500,\"height\":117,\"caption\":\"auslaenderaemter.com\"},\"image\":{\"@id\":\"https:\\\/\\\/auslaenderaemter.com\\\/#\\\/schema\\\/logo\\\/image\\\/\"}}]}<\/script>\n<!-- \/ Yoast SEO plugin. -->","yoast_head_json":{"title":"Baden-W\u00fcrttemberg&#039;deki G\u00f6\u00e7menlik B\u00fcrolar\u0131 | adresler ve adres","description":"Baden-W\u00fcrttemberg&#039;deki G\u00f6\u00e7menlik B\u00fcrolar\u0131 | Adres ve adres \u2713 Telefon numaras\u0131, ileti\u015fim ve \u00e7al\u0131\u015fma saatleri \u2713 G\u00f6\u00e7menlik makamlar\u0131","robots":{"index":"index","follow":"follow","max-snippet":"max-snippet:-1","max-image-preview":"max-image-preview:large","max-video-preview":"max-video-preview:-1"},"canonical":"https:\/\/auslaenderaemter.com\/tr\/baden-wuerttemberg-goecmenlik-buerolari\/","og_locale":"tr_TR","og_type":"article","og_title":"Ausl\u00e4nder\u00e4mter in Baden-W\u00fcrttemberg | Adressen und Anschrift","og_description":"Ausl\u00e4nder\u00e4mter in Baden-W\u00fcrttemberg | Adresse und Anschrift \u2713 Telefonnummer, Kontakt und \u00d6ffnungszeiten \u2713 Ausl\u00e4nderbeh\u00f6rden","og_url":"https:\/\/auslaenderaemter.com\/tr\/baden-wuerttemberg-goecmenlik-buerolari\/","og_site_name":"auslaenderaemter.com","article_modified_time":"2022-07-04T13:53:43+00:00","og_image":[{"width":640,"height":480,"url":"https:\/\/auslaenderaemter.com\/wp-content\/uploads\/2021\/01\/city-263069_640.jpg","type":"image\/jpeg"}],"twitter_card":"summary_large_image","twitter_misc":{"Tahmini okuma s\u00fcresi":"2 dakika"},"schema":{"@context":"https:\/\/schema.org","@graph":[{"@type":"WebPage","@id":"https:\/\/auslaenderaemter.com\/auslaenderaemter-in-baden-wuerttemberg\/","url":"https:\/\/auslaenderaemter.com\/auslaenderaemter-in-baden-wuerttemberg\/","name":"Baden-W\u00fcrttemberg&#039;deki G\u00f6\u00e7menlik B\u00fcrolar\u0131 | adresler ve adres","isPartOf":{"@id":"https:\/\/auslaenderaemter.com\/#website"},"primaryImageOfPage":{"@id":"https:\/\/auslaenderaemter.com\/auslaenderaemter-in-baden-wuerttemberg\/#primaryimage"},"image":{"@id":"https:\/\/auslaenderaemter.com\/auslaenderaemter-in-baden-wuerttemberg\/#primaryimage"},"thumbnailUrl":"https:\/\/auslaenderaemter.com\/wp-content\/uploads\/2021\/01\/city-263069_640.jpg","datePublished":"2021-01-26T13:24:33+00:00","dateModified":"2022-07-04T13:53:43+00:00","description":"Baden-W\u00fcrttemberg&#039;deki G\u00f6\u00e7menlik B\u00fcrolar\u0131 | Adres ve adres \u2713 Telefon numaras\u0131, ileti\u015fim ve \u00e7al\u0131\u015fma saatleri \u2713 G\u00f6\u00e7menlik makamlar\u0131","breadcrumb":{"@id":"https:\/\/auslaenderaemter.com\/auslaenderaemter-in-baden-wuerttemberg\/#breadcrumb"},"inLanguage":"tr","potentialAction":[{"@type":"ReadAction","target":["https:\/\/auslaenderaemter.com\/auslaenderaemter-in-baden-wuerttemberg\/"]}]},{"@type":"ImageObject","inLanguage":"tr","@id":"https:\/\/auslaenderaemter.com\/auslaenderaemter-in-baden-wuerttemberg\/#primaryimage","url":"https:\/\/auslaenderaemter.com\/wp-content\/uploads\/2021\/01\/city-263069_640.jpg","contentUrl":"https:\/\/auslaenderaemter.com\/wp-content\/uploads\/2021\/01\/city-263069_640.jpg","width":640,"height":480,"caption":"Ausl\u00e4nder\u00e4mter in Deutschland"},{"@type":"BreadcrumbList","@id":"https:\/\/auslaenderaemter.com\/auslaenderaemter-in-baden-wuerttemberg\/#breadcrumb","itemListElement":[{"@type":"ListItem","position":1,"name":"Startseite","item":"https:\/\/auslaenderaemter.com\/"},{"@type":"ListItem","position":2,"name":"Ausl\u00e4nder\u00e4mter in Baden-W\u00fcrttemberg"}]},{"@type":"WebSite","@id":"https:\/\/auslaenderaemter.com\/#website","url":"https:\/\/auslaenderaemter.com\/","name":"auslaenderaemter.com","description":"","publisher":{"@id":"https:\/\/auslaenderaemter.com\/#organization"},"potentialAction":[{"@type":"SearchAction","target":{"@type":"EntryPoint","urlTemplate":"https:\/\/auslaenderaemter.com\/?s={search_term_string}"},"query-input":{"@type":"PropertyValueSpecification","valueRequired":true,"valueName":"search_term_string"}}],"inLanguage":"tr"},{"@type":"Organization","@id":"https:\/\/auslaenderaemter.com\/#organization","name":"auslaenderaemter.com","url":"https:\/\/auslaenderaemter.com\/","logo":{"@type":"ImageObject","inLanguage":"tr","@id":"https:\/\/auslaenderaemter.com\/#\/schema\/logo\/image\/","url":"https:\/\/auslaenderaemter.com\/wp-content\/uploads\/2021\/01\/cropped-Vollmond-info-13.png","contentUrl":"https:\/\/auslaenderaemter.com\/wp-content\/uploads\/2021\/01\/cropped-Vollmond-info-13.png","width":500,"height":117,"caption":"auslaenderaemter.com"},"image":{"@id":"https:\/\/auslaenderaemter.com\/#\/schema\/logo\/image\/"}}]}},"_links":{"self":[{"href":"https:\/\/auslaenderaemter.com\/tr\/wp-json\/wp\/v2\/pages\/39","targetHints":{"allow":["GET"]}}],"collection":[{"href":"https:\/\/auslaenderaemter.com\/tr\/wp-json\/wp\/v2\/pages"}],"about":[{"href":"https:\/\/auslaenderaemter.com\/tr\/wp-json\/wp\/v2\/types\/page"}],"author":[{"embeddable":true,"href":"https:\/\/auslaenderaemter.com\/tr\/wp-json\/wp\/v2\/users\/1"}],"replies":[{"embeddable":true,"href":"https:\/\/auslaenderaemter.com\/tr\/wp-json\/wp\/v2\/comments?post=39"}],"version-history":[{"count":0,"href":"https:\/\/auslaenderaemter.com\/tr\/wp-json\/wp\/v2\/pages\/39\/revisions"}],"wp:featuredmedia":[{"embeddable":true,"href":"https:\/\/auslaenderaemter.com\/tr\/wp-json\/wp\/v2\/media\/37"}],"wp:attachment":[{"href":"https:\/\/auslaenderaemter.com\/tr\/wp-json\/wp\/v2\/media?parent=39"}],"curies":[{"name":"wp","href":"https:\/\/api.w.org\/{rel}","templated":true}]}}