{"id":4036,"date":"2023-06-12T16:26:59","date_gmt":"2023-06-12T14:26:59","guid":{"rendered":"https:\/\/auslaenderaemter.com\/?page_id=4036"},"modified":"2023-06-12T16:26:59","modified_gmt":"2023-06-12T14:26:59","slug":"aufenthaltskarte-eu","status":"publish","type":"page","link":"https:\/\/auslaenderaemter.com\/tr\/oturum-karti-eu\/","title":{"rendered":"\u0130kamet kart\u0131 AB"},"content":{"rendered":"<p>AB ikamet kart\u0131, AB vatanda\u015flar\u0131n\u0131n aile \u00fcyelerinin AB&#039;de ya\u015famas\u0131na ve \u00e7al\u0131\u015fmas\u0131na izin veren Avrupa Birli\u011fi yasal \u00e7er\u00e7evesinin \u00f6nemli bir par\u00e7as\u0131d\u0131r. Bu makale, AB oturum kart\u0131n\u0131n \u00f6nemini, bunu alman\u0131n gerekliliklerini ve ba\u015fvuru prosed\u00fcr\u00fcn\u00fc a\u00e7\u0131klamaktad\u0131r.<\/p>\n<h2>AB oturum kart\u0131 nedir?<\/h2>\n<p>AB ikamet kart\u0131, ba\u015fka bir AB \u00fclkesinde onlarla birlikte ya\u015fayan AB vatanda\u015flar\u0131n\u0131n aile \u00fcyeleri olan AB d\u0131\u015f\u0131 vatanda\u015flara verilen bir kimlik belgesidir. Sahibinin, AB vatanda\u015f\u0131n\u0131n ikamet etti\u011fi AB \u00fclkesinde ya\u015fama ve \u00e7al\u0131\u015fma hakk\u0131n\u0131 onaylar. Oturma kart\u0131 normalde be\u015f y\u0131l s\u00fcreyle ge\u00e7erlidir.<\/p>\n<h2>AB oturum kart\u0131 i\u00e7in gerekenler<\/h2>\n<p>AB oturum kart\u0131 alabilmek i\u00e7in belirli gereksinimlerin kar\u015f\u0131lanmas\u0131 gerekir:<\/p>\n<ol>\n<li><strong>aile ili\u015fkisi:<\/strong> Ba\u015fvuru sahibi, bir AB vatanda\u015f\u0131n\u0131n aile \u00fcyesi olmal\u0131d\u0131r. Bu genellikle e\u015fleri, kay\u0131tl\u0131 ortaklar\u0131, 21 ya\u015f\u0131n alt\u0131ndaki \u00e7ocuklar\u0131 ve ebeveynler ve b\u00fcy\u00fckanne ve b\u00fcy\u00fckbabalar dahil ba\u011f\u0131ml\u0131 aile \u00fcyelerini i\u00e7erir.<\/li>\n<li><strong>Bir AB \u00fclkesinde ikamet:<\/strong> Aile ili\u015fkisi bulunan AB vatanda\u015f\u0131, men\u015fe \u00fclkesi olmayan bir AB \u00fclkesinde ikamet etmelidir. Ba\u015fvuru sahibi, o \u00fclkede AB vatanda\u015f\u0131yla birlikte ya\u015famal\u0131 veya ya\u015famay\u0131 d\u00fc\u015f\u00fcnmelidir.<\/li>\n<li><strong>\u0130li\u015fki kan\u0131t\u0131:<\/strong> \u00dclkeye ve \u00f6zel gerekliliklere ba\u011fl\u0131 olarak, aile ba\u011f\u0131n\u0131z\u0131 evlilik c\u00fczdan\u0131, do\u011fum belgesi veya benzeri belgelerle kan\u0131tlaman\u0131z istenebilir.<\/li>\n<\/ol>\n<p>Kesin gereksinimlerin AB \u00fclkesine ba\u011fl\u0131 olarak de\u011fi\u015febilece\u011fini l\u00fctfen unutmay\u0131n.<\/p>\n<h2>AB ikamet kart\u0131 i\u00e7in ba\u015fvuru prosed\u00fcr\u00fc<\/h2>\n<p>AB ikamet kart\u0131 ba\u015fvuru s\u00fcreci genellikle AB vatanda\u015f\u0131n\u0131n ikamet etti\u011fi AB \u00fclkesinin g\u00f6\u00e7menlik makamlar\u0131yla ba\u015flar. Ba\u015fvuru sahibi, bir ba\u015fvuruyu tamamlamal\u0131 ve yukar\u0131daki gerekliliklere uygunlu\u011fu kan\u0131tlayan t\u00fcm gerekli belgeleri sa\u011flamal\u0131d\u0131r.<\/p>\n<p>Yetkililer daha sonra ba\u015fvuruyu inceler ve bir karar verir. Karar\u0131n olumlu \u00e7\u0131kmas\u0131 halinde ba\u015fvuru sahibine AB ikamet kart\u0131 verilecektir. Reddedilmesi durumunda, ba\u015fvuru sahibi itiraz etme veya daha sonraki bir tarihte ba\u015fvuruyu yeniden sunma hakk\u0131na sahip olabilir.<\/p>\n<h2>\u00c7\u00f6z\u00fcm<\/h2>\n<p>AB ikamet kart\u0131, AB vatanda\u015flar\u0131n\u0131n aile \u00fcyelerinin AB&#039;de birlikte ya\u015famas\u0131na ve \u00e7al\u0131\u015fmas\u0131na olanak sa\u011flayan \u00f6nemli bir ara\u00e7t\u0131r. Aileleriyle birlikte AB i\u00e7inde hareket edenler i\u00e7in g\u00fcvenlik ve istikrar sa\u011flar ve AB hukukunun mihenk ta\u015f\u0131 olan AB i\u00e7inde serbest dola\u015f\u0131m\u0131n desteklenmesine yard\u0131mc\u0131 olur. Prosed\u00fcr zahmetli olabilse de AB oturum kart\u0131, ailelerin birlikte ya\u015famas\u0131 ve AB&#039;de ya\u015faman\u0131n avantajlar\u0131ndan yararlanmas\u0131 i\u00e7in \u00f6nemli bir f\u0131rsat sunmaktad\u0131r.<\/p>\n<h3>Daha \u00f6te<span class=\"ez-toc-section\">\u00a0<\/span>ba\u011flant\u0131lar ve kaynaklar<\/h3>\n<ul>\n<li><a href=\"https:\/\/service.berlin.de\/dienstleistung\/324282\/\" target=\"_blank\" rel=\"noopener\">AB vatanda\u015flar\u0131n\u0131n aile \u00fcyeleri i\u00e7in oturum kart\u0131<\/a> \u2013 service.berlin.de<\/li>\n<li><a href=\"https:\/\/auslaenderaemter.com\/tr\/kurgu-sertifikasi\/\" target=\"_self\" rel=\"follow noopener noreferrer\" data-wpel-link=\"internal\">kurgu sertifikas\u0131<\/a><\/li>\n<\/ul>","protected":false},"excerpt":{"rendered":"<p>AB oturum kart\u0131, AB vatanda\u015flar\u0131n\u0131n aile \u00fcyelerinin AB&#039;de ya\u015famas\u0131na ve \u00e7al\u0131\u015fmas\u0131na olanak tan\u0131yan Avrupa Birli\u011fi yasal \u00e7er\u00e7evesinin \u00f6nemli bir par\u00e7as\u0131d\u0131r. Bu makalede AB ikamet kart\u0131n\u0131n anlam\u0131, bu kart\u0131 edinme gereklilikleri ve ba\u015fvuru prosed\u00fcr\u00fc anlat\u0131lmaktad\u0131r. AB oturum kart\u0131 nedir? AB oturma kart\u0131 bir\u2026&nbsp;<a href=\"https:\/\/auslaenderaemter.com\/tr\/oturum-karti-eu\/\" rel=\"bookmark\">Devam\u0131n\u0131 oku &quot;<span class=\"screen-reader-text\">\u0130kamet kart\u0131 AB<\/span><\/a><\/p>","protected":false},"author":1,"featured_media":9,"parent":0,"menu_order":0,"comment_status":"closed","ping_status":"closed","template":"","meta":{"neve_meta_sidebar":"","neve_meta_container":"","neve_meta_enable_content_width":"off","neve_meta_content_width":100,"neve_meta_title_alignment":"","neve_meta_author_avatar":"","neve_post_elements_order":"","neve_meta_disable_header":"","neve_meta_disable_footer":"","neve_meta_disable_title":"","neve_meta_reading_time":"","footnotes":""},"class_list":["post-4036","page","type-page","status-publish","has-post-thumbnail","hentry"],"yoast_head":"<!-- This site is optimized with the Yoast SEO plugin v27.4 - https:\/\/yoast.com\/product\/yoast-seo-wordpress\/ -->\n<title>Aufenthaltskarte EU - auslaenderaemter.com<\/title>\n<meta name=\"description\" content=\"Ein umfassender Leitfaden zur Aufenthaltskarte EU: Erl\u00e4uterung ihrer Bedeutung, Erl\u00e4uterung der Anforderungen und des Antragsverfahrens\" \/>\n<meta name=\"robots\" content=\"index, follow, max-snippet:-1, max-image-preview:large, max-video-preview:-1\" \/>\n<link rel=\"canonical\" href=\"https:\/\/auslaenderaemter.com\/tr\/oturum-karti-eu\/\" \/>\n<meta property=\"og:locale\" content=\"tr_TR\" \/>\n<meta property=\"og:type\" content=\"article\" \/>\n<meta property=\"og:title\" content=\"Aufenthaltskarte EU - auslaenderaemter.com\" \/>\n<meta property=\"og:description\" content=\"Ein umfassender Leitfaden zur Aufenthaltskarte EU: Erl\u00e4uterung ihrer Bedeutung, Erl\u00e4uterung der Anforderungen und des Antragsverfahrens\" \/>\n<meta property=\"og:url\" content=\"https:\/\/auslaenderaemter.com\/tr\/oturum-karti-eu\/\" \/>\n<meta property=\"og:site_name\" content=\"auslaenderaemter.com\" \/>\n<meta property=\"og:image\" content=\"https:\/\/auslaenderaemter.com\/wp-content\/uploads\/2021\/01\/Vollmond-info-13.png\" \/>\n\t<meta property=\"og:image:width\" content=\"500\" \/>\n\t<meta property=\"og:image:height\" content=\"500\" \/>\n\t<meta property=\"og:image:type\" content=\"image\/png\" \/>\n<meta name=\"twitter:card\" content=\"summary_large_image\" \/>\n<meta name=\"twitter:label1\" content=\"Tahmini okuma s\u00fcresi\" \/>\n\t<meta name=\"twitter:data1\" content=\"3 dakika\" \/>\n<script type=\"application\/ld+json\" class=\"yoast-schema-graph\">{\"@context\":\"https:\\\/\\\/schema.org\",\"@graph\":[{\"@type\":\"WebPage\",\"@id\":\"https:\\\/\\\/auslaenderaemter.com\\\/aufenthaltskarte-eu\\\/\",\"url\":\"https:\\\/\\\/auslaenderaemter.com\\\/aufenthaltskarte-eu\\\/\",\"name\":\"Aufenthaltskarte EU - auslaenderaemter.com\",\"isPartOf\":{\"@id\":\"https:\\\/\\\/auslaenderaemter.com\\\/#website\"},\"primaryImageOfPage\":{\"@id\":\"https:\\\/\\\/auslaenderaemter.com\\\/aufenthaltskarte-eu\\\/#primaryimage\"},\"image\":{\"@id\":\"https:\\\/\\\/auslaenderaemter.com\\\/aufenthaltskarte-eu\\\/#primaryimage\"},\"thumbnailUrl\":\"https:\\\/\\\/auslaenderaemter.com\\\/wp-content\\\/uploads\\\/2021\\\/01\\\/Vollmond-info-13.png\",\"datePublished\":\"2023-06-12T14:26:59+00:00\",\"description\":\"Ein umfassender Leitfaden zur Aufenthaltskarte EU: Erl\u00e4uterung ihrer Bedeutung, Erl\u00e4uterung der Anforderungen und des Antragsverfahrens\",\"breadcrumb\":{\"@id\":\"https:\\\/\\\/auslaenderaemter.com\\\/aufenthaltskarte-eu\\\/#breadcrumb\"},\"inLanguage\":\"tr\",\"potentialAction\":[{\"@type\":\"ReadAction\",\"target\":[\"https:\\\/\\\/auslaenderaemter.com\\\/aufenthaltskarte-eu\\\/\"]}]},{\"@type\":\"ImageObject\",\"inLanguage\":\"tr\",\"@id\":\"https:\\\/\\\/auslaenderaemter.com\\\/aufenthaltskarte-eu\\\/#primaryimage\",\"url\":\"https:\\\/\\\/auslaenderaemter.com\\\/wp-content\\\/uploads\\\/2021\\\/01\\\/Vollmond-info-13.png\",\"contentUrl\":\"https:\\\/\\\/auslaenderaemter.com\\\/wp-content\\\/uploads\\\/2021\\\/01\\\/Vollmond-info-13.png\",\"width\":500,\"height\":500,\"caption\":\"Abschiebung\"},{\"@type\":\"BreadcrumbList\",\"@id\":\"https:\\\/\\\/auslaenderaemter.com\\\/aufenthaltskarte-eu\\\/#breadcrumb\",\"itemListElement\":[{\"@type\":\"ListItem\",\"position\":1,\"name\":\"Startseite\",\"item\":\"https:\\\/\\\/auslaenderaemter.com\\\/\"},{\"@type\":\"ListItem\",\"position\":2,\"name\":\"Aufenthaltskarte EU\"}]},{\"@type\":\"WebSite\",\"@id\":\"https:\\\/\\\/auslaenderaemter.com\\\/#website\",\"url\":\"https:\\\/\\\/auslaenderaemter.com\\\/\",\"name\":\"auslaenderaemter.com\",\"description\":\"\",\"publisher\":{\"@id\":\"https:\\\/\\\/auslaenderaemter.com\\\/#organization\"},\"potentialAction\":[{\"@type\":\"SearchAction\",\"target\":{\"@type\":\"EntryPoint\",\"urlTemplate\":\"https:\\\/\\\/auslaenderaemter.com\\\/?s={search_term_string}\"},\"query-input\":{\"@type\":\"PropertyValueSpecification\",\"valueRequired\":true,\"valueName\":\"search_term_string\"}}],\"inLanguage\":\"tr\"},{\"@type\":\"Organization\",\"@id\":\"https:\\\/\\\/auslaenderaemter.com\\\/#organization\",\"name\":\"auslaenderaemter.com\",\"url\":\"https:\\\/\\\/auslaenderaemter.com\\\/\",\"logo\":{\"@type\":\"ImageObject\",\"inLanguage\":\"tr\",\"@id\":\"https:\\\/\\\/auslaenderaemter.com\\\/#\\\/schema\\\/logo\\\/image\\\/\",\"url\":\"https:\\\/\\\/auslaenderaemter.com\\\/wp-content\\\/uploads\\\/2021\\\/01\\\/cropped-Vollmond-info-13.png\",\"contentUrl\":\"https:\\\/\\\/auslaenderaemter.com\\\/wp-content\\\/uploads\\\/2021\\\/01\\\/cropped-Vollmond-info-13.png\",\"width\":500,\"height\":117,\"caption\":\"auslaenderaemter.com\"},\"image\":{\"@id\":\"https:\\\/\\\/auslaenderaemter.com\\\/#\\\/schema\\\/logo\\\/image\\\/\"}}]}<\/script>\n<!-- \/ Yoast SEO plugin. -->","yoast_head_json":{"title":"Oturum kart\u0131 AB - auslaenderaemter.com","description":"Kapsaml\u0131 bir AB ikamet kart\u0131 rehberi: ne anlama geldi\u011fini, gereklilikleri ve nas\u0131l ba\u015fvurulaca\u011f\u0131n\u0131 a\u00e7\u0131klayan","robots":{"index":"index","follow":"follow","max-snippet":"max-snippet:-1","max-image-preview":"max-image-preview:large","max-video-preview":"max-video-preview:-1"},"canonical":"https:\/\/auslaenderaemter.com\/tr\/oturum-karti-eu\/","og_locale":"tr_TR","og_type":"article","og_title":"Aufenthaltskarte EU - auslaenderaemter.com","og_description":"Ein umfassender Leitfaden zur Aufenthaltskarte EU: Erl\u00e4uterung ihrer Bedeutung, Erl\u00e4uterung der Anforderungen und des Antragsverfahrens","og_url":"https:\/\/auslaenderaemter.com\/tr\/oturum-karti-eu\/","og_site_name":"auslaenderaemter.com","og_image":[{"width":500,"height":500,"url":"https:\/\/auslaenderaemter.com\/wp-content\/uploads\/2021\/01\/Vollmond-info-13.png","type":"image\/png"}],"twitter_card":"summary_large_image","twitter_misc":{"Tahmini okuma s\u00fcresi":"3 dakika"},"schema":{"@context":"https:\/\/schema.org","@graph":[{"@type":"WebPage","@id":"https:\/\/auslaenderaemter.com\/aufenthaltskarte-eu\/","url":"https:\/\/auslaenderaemter.com\/aufenthaltskarte-eu\/","name":"Oturum kart\u0131 AB - auslaenderaemter.com","isPartOf":{"@id":"https:\/\/auslaenderaemter.com\/#website"},"primaryImageOfPage":{"@id":"https:\/\/auslaenderaemter.com\/aufenthaltskarte-eu\/#primaryimage"},"image":{"@id":"https:\/\/auslaenderaemter.com\/aufenthaltskarte-eu\/#primaryimage"},"thumbnailUrl":"https:\/\/auslaenderaemter.com\/wp-content\/uploads\/2021\/01\/Vollmond-info-13.png","datePublished":"2023-06-12T14:26:59+00:00","description":"Kapsaml\u0131 bir AB ikamet kart\u0131 rehberi: ne anlama geldi\u011fini, gereklilikleri ve nas\u0131l ba\u015fvurulaca\u011f\u0131n\u0131 a\u00e7\u0131klayan","breadcrumb":{"@id":"https:\/\/auslaenderaemter.com\/aufenthaltskarte-eu\/#breadcrumb"},"inLanguage":"tr","potentialAction":[{"@type":"ReadAction","target":["https:\/\/auslaenderaemter.com\/aufenthaltskarte-eu\/"]}]},{"@type":"ImageObject","inLanguage":"tr","@id":"https:\/\/auslaenderaemter.com\/aufenthaltskarte-eu\/#primaryimage","url":"https:\/\/auslaenderaemter.com\/wp-content\/uploads\/2021\/01\/Vollmond-info-13.png","contentUrl":"https:\/\/auslaenderaemter.com\/wp-content\/uploads\/2021\/01\/Vollmond-info-13.png","width":500,"height":500,"caption":"Abschiebung"},{"@type":"BreadcrumbList","@id":"https:\/\/auslaenderaemter.com\/aufenthaltskarte-eu\/#breadcrumb","itemListElement":[{"@type":"ListItem","position":1,"name":"Startseite","item":"https:\/\/auslaenderaemter.com\/"},{"@type":"ListItem","position":2,"name":"Aufenthaltskarte EU"}]},{"@type":"WebSite","@id":"https:\/\/auslaenderaemter.com\/#website","url":"https:\/\/auslaenderaemter.com\/","name":"auslaenderaemter.com","description":"","publisher":{"@id":"https:\/\/auslaenderaemter.com\/#organization"},"potentialAction":[{"@type":"SearchAction","target":{"@type":"EntryPoint","urlTemplate":"https:\/\/auslaenderaemter.com\/?s={search_term_string}"},"query-input":{"@type":"PropertyValueSpecification","valueRequired":true,"valueName":"search_term_string"}}],"inLanguage":"tr"},{"@type":"Organization","@id":"https:\/\/auslaenderaemter.com\/#organization","name":"auslaenderaemter.com","url":"https:\/\/auslaenderaemter.com\/","logo":{"@type":"ImageObject","inLanguage":"tr","@id":"https:\/\/auslaenderaemter.com\/#\/schema\/logo\/image\/","url":"https:\/\/auslaenderaemter.com\/wp-content\/uploads\/2021\/01\/cropped-Vollmond-info-13.png","contentUrl":"https:\/\/auslaenderaemter.com\/wp-content\/uploads\/2021\/01\/cropped-Vollmond-info-13.png","width":500,"height":117,"caption":"auslaenderaemter.com"},"image":{"@id":"https:\/\/auslaenderaemter.com\/#\/schema\/logo\/image\/"}}]}},"_links":{"self":[{"href":"https:\/\/auslaenderaemter.com\/tr\/wp-json\/wp\/v2\/pages\/4036","targetHints":{"allow":["GET"]}}],"collection":[{"href":"https:\/\/auslaenderaemter.com\/tr\/wp-json\/wp\/v2\/pages"}],"about":[{"href":"https:\/\/auslaenderaemter.com\/tr\/wp-json\/wp\/v2\/types\/page"}],"author":[{"embeddable":true,"href":"https:\/\/auslaenderaemter.com\/tr\/wp-json\/wp\/v2\/users\/1"}],"replies":[{"embeddable":true,"href":"https:\/\/auslaenderaemter.com\/tr\/wp-json\/wp\/v2\/comments?post=4036"}],"version-history":[{"count":0,"href":"https:\/\/auslaenderaemter.com\/tr\/wp-json\/wp\/v2\/pages\/4036\/revisions"}],"wp:featuredmedia":[{"embeddable":true,"href":"https:\/\/auslaenderaemter.com\/tr\/wp-json\/wp\/v2\/media\/9"}],"wp:attachment":[{"href":"https:\/\/auslaenderaemter.com\/tr\/wp-json\/wp\/v2\/media?parent=4036"}],"curies":[{"name":"wp","href":"https:\/\/api.w.org\/{rel}","templated":true}]}}