{"id":4039,"date":"2023-06-12T16:23:02","date_gmt":"2023-06-12T14:23:02","guid":{"rendered":"https:\/\/auslaenderaemter.com\/?page_id=4039"},"modified":"2023-06-12T16:23:02","modified_gmt":"2023-06-12T14:23:02","slug":"niederlassungserlaubnis","status":"publish","type":"page","link":"https:\/\/auslaenderaemter.com\/tr\/kalici-oturma-izni\/","title":{"rendered":"kal\u0131c\u0131 oturma izni"},"content":{"rendered":"<p>Yerle\u015fme izni, Almanya&#039;daki yetkililer taraf\u0131ndan verilen kal\u0131c\u0131 oturma izni olup, yabanc\u0131 vatanda\u015flara Almanya&#039;da s\u00fcresiz ve k\u0131s\u0131tlama olmaks\u0131z\u0131n ya\u015fama ve \u00e7al\u0131\u015fma hakk\u0131 vermektedir.<\/p>\n<h2>Yerle\u015fme izninin \u00f6nemi<\/h2>\n<p>Yerle\u015fme izni, bir yabanc\u0131 vatanda\u015f\u0131n Almanya&#039;da edinebilece\u011fi en y\u00fcksek stat\u00fcy\u00fc temsil eder ve bir\u00e7ok avantaj sunar. S\u0131n\u0131rs\u0131zd\u0131r ve sahibine Almanya&#039;da her t\u00fcrl\u00fc i\u015fi \u00fcstlenme hakk\u0131 verir. Ayr\u0131ca di\u011fer Schengen \u00fclkelerine ek vize veya oturma izni gerekmeden seyahat etme hakk\u0131 da vermektedir.<\/p>\n<h2>Yerle\u015fme izni i\u00e7in gerekenler<\/h2>\n<p>Almanya&#039;da yerle\u015fim izni alabilmek i\u00e7in \u00e7e\u015fitli kriterlerin kar\u015f\u0131lanmas\u0131 gerekmektedir. Genellikle bunlar \u015funlar\u0131 i\u00e7erir:<\/p>\n<ol>\n<li><strong>G\u00fcvenli bir ge\u00e7im kan\u0131t\u0131:<\/strong> Ba\u015fvuru sahibi, sosyal yard\u0131m veya i\u015fsizlik yard\u0131m\u0131 almadan kendisinin ve bakmakla y\u00fck\u00fcml\u00fc oldu\u011fu aile \u00fcyelerinin ge\u00e7imini sa\u011flayabilmelidir.<\/li>\n<li><strong>Be\u015f y\u0131ll\u0131k oturma izni:<\/strong> Ba\u015fvuru sahibi, son be\u015f y\u0131ld\u0131r oturma iznine sahip olmal\u0131d\u0131r. Ancak, y\u00fcksek vas\u0131fl\u0131 profesyoneller ve serbest meslek sahipleri i\u00e7in son teslim tarihinin azalt\u0131labilece\u011fi istisnalar vard\u0131r.<\/li>\n<li><strong>Yeterli Almanca bilgisinin kan\u0131t\u0131:<\/strong> Kural olarak, Avrupa Ortak Dil Referans \u00c7er\u00e7evesine (CEFR) g\u00f6re B1 seviyesi gereklidir.<\/li>\n<li><strong>Oturma odas\u0131:<\/strong> Ba\u015fvuru sahibi, kendisi ve ailesi i\u00e7in yeterli ya\u015fam alan\u0131na sahip olmal\u0131d\u0131r.<\/li>\n<li><strong>Emeklilik sigortas\u0131na katk\u0131:<\/strong> Kural olarak, ba\u015fvuran\u0131n yasal emeklilik sigortas\u0131na en az 60 ay boyunca zorunlu katk\u0131 yapm\u0131\u015f olmas\u0131 gerekir.<\/li>\n<\/ol>\n<h2>Yerle\u015fme izni alma s\u00fcreci<\/h2>\n<p>Yerle\u015fme izni ba\u015fvurusu, <a href=\"https:\/\/auslaenderaemter.com\/tr\/\">yetkili yabanc\u0131lar dairesi<\/a> yerle\u015ftirildi. Ba\u015fvuru sahibi, yukar\u0131daki gereklilikleri yerine getirdi\u011fini kan\u0131tlayan gerekli t\u00fcm belgeleri sunmal\u0131d\u0131r.<\/p>\n<p>Ba\u015fvuruyu g\u00f6nderdikten sonra, yetkili makam ba\u015fvuruyu inceleyecek ve bir karar verecektir. Karar olumlu ise ba\u015fvuru sahibine yerle\u015fim izni verilir. Ba\u015fvuru sahibi reddedilirse, belirli bir s\u00fcre i\u00e7inde itiraz edebilir veya ko\u015fullar\u0131n sa\u011flanmas\u0131 durumunda yeni bir ba\u015fvuruda bulunabilir.<\/p>\n<h2>\u00c7\u00f6z\u00fcm<\/h2>\n<p>Yerle\u015fme izni, yabanc\u0131 vatanda\u015flara Almanya&#039;da kal\u0131c\u0131 olarak ve \u00e7ok az k\u0131s\u0131tlama ile ya\u015fama ve \u00e7al\u0131\u015fma f\u0131rsat\u0131 sunar. Kat\u0131 kriterlere ve ayr\u0131nt\u0131l\u0131 s\u00fcrece ra\u011fmen, y\u00fcksek d\u00fczeyde istikrar ve \u00f6zg\u00fcrl\u00fck sundu\u011fundan, yerle\u015fim izni almak bir\u00e7oklar\u0131 i\u00e7in \u00e7abalamaya de\u011fer bir hedeftir.<\/p>\n<p>Yerle\u015fme izni sadece Almanya&#039;da oturma ve \u00e7al\u0131\u015fma hakk\u0131 veren bir belge de\u011fil, ayn\u0131 zamanda sahibinin Alman toplumuna entegrasyonunun bir kan\u0131t\u0131d\u0131r. Alman dilini, Alman hukuk sistemini ve i\u015fg\u00fcc\u00fc piyasas\u0131n\u0131 anlamay\u0131 gerektirir ve Alman ekonomisine ve toplumuna \u00f6nemli bir katk\u0131 sa\u011flar.<\/p>\n<p>Ancak, yerle\u015fim izni alman\u0131n kolay veya h\u0131zl\u0131 bir s\u00fcre\u00e7 olmad\u0131\u011f\u0131n\u0131 vurgulamak \u00f6nemlidir. Sab\u0131r, planlama ve dikkatli haz\u0131rl\u0131k gerektirir. Yerle\u015fme izni arayan herkes, gereklilikleri ve s\u00fcreci tam olarak anlamal\u0131 ve gerekirse profesyonel yard\u0131m almal\u0131d\u0131r.<\/p>\n<p>Yerle\u015fme izni, Schengen b\u00f6lgesi i\u00e7inde g\u00fcvenlik ve hareketlilik avantaj\u0131 sunar. Bir\u00e7o\u011fu i\u00e7in, Alman toplumu ve k\u00fclt\u00fcr\u00fcyle tam entegrasyona y\u00f6nelik belirleyici bir ad\u0131m ve dolay\u0131s\u0131yla Almanya&#039;daki ya\u015fam\u0131n \u00f6nemli bir par\u00e7as\u0131. Sadece bireysel olarak de\u011fil, ayn\u0131 zamanda bir b\u00fct\u00fcn olarak Alman toplumu i\u00e7in de avantajlar sunan, Almanya&#039;daki hayata uzun vadeli bir ba\u011fl\u0131l\u0131k ve yat\u0131r\u0131m\u0131 temsil eder.<\/p>","protected":false},"excerpt":{"rendered":"<p>Yerle\u015fme izni, Almanya&#039;daki yetkililer taraf\u0131ndan verilen daimi ikamet izni olup, yabanc\u0131 vatanda\u015flara Almanya&#039;da s\u00fcresiz ve k\u0131s\u0131tlama olmaks\u0131z\u0131n ya\u015fama ve \u00e7al\u0131\u015fma hakk\u0131 verir. Yerle\u015fme izninin \u00f6nemi Yerle\u015fme izni, yabanc\u0131 bir vatanda\u015f\u0131n Almanya&#039;da edinebilece\u011fi en y\u00fcksek stat\u00fcy\u00fc temsil eder ve bir\u00e7ok avantaj sunar. O\u2026&nbsp;<a href=\"https:\/\/auslaenderaemter.com\/tr\/kalici-oturma-izni\/\" rel=\"bookmark\">Devam\u0131n\u0131 oku &quot;<span class=\"screen-reader-text\">kal\u0131c\u0131 oturma izni<\/span><\/a><\/p>","protected":false},"author":1,"featured_media":9,"parent":0,"menu_order":0,"comment_status":"closed","ping_status":"closed","template":"","meta":{"neve_meta_sidebar":"","neve_meta_container":"","neve_meta_enable_content_width":"off","neve_meta_content_width":100,"neve_meta_title_alignment":"","neve_meta_author_avatar":"","neve_post_elements_order":"","neve_meta_disable_header":"","neve_meta_disable_footer":"","neve_meta_disable_title":"","neve_meta_reading_time":"","footnotes":""},"class_list":["post-4039","page","type-page","status-publish","has-post-thumbnail","hentry"],"yoast_head":"<!-- This site is optimized with the Yoast SEO plugin v27.5 - https:\/\/yoast.com\/product\/yoast-seo-wordpress\/ -->\n<title>Niederlassungserlaubnis - auslaenderaemter.com<\/title>\n<meta name=\"description\" content=\"Erfahren Sie mehr \u00fcber die Niederlassungserlaubnis in Deutschland: Bedeutung, Voraussetzungen und Beantragungsprozess.\" \/>\n<meta name=\"robots\" content=\"index, follow, max-snippet:-1, max-image-preview:large, max-video-preview:-1\" \/>\n<link rel=\"canonical\" href=\"https:\/\/auslaenderaemter.com\/tr\/kalici-oturma-izni\/\" \/>\n<meta property=\"og:locale\" content=\"tr_TR\" \/>\n<meta property=\"og:type\" content=\"article\" \/>\n<meta property=\"og:title\" content=\"Niederlassungserlaubnis - auslaenderaemter.com\" \/>\n<meta property=\"og:description\" content=\"Erfahren Sie mehr \u00fcber die Niederlassungserlaubnis in Deutschland: Bedeutung, Voraussetzungen und Beantragungsprozess.\" \/>\n<meta property=\"og:url\" content=\"https:\/\/auslaenderaemter.com\/tr\/kalici-oturma-izni\/\" \/>\n<meta property=\"og:site_name\" content=\"auslaenderaemter.com\" \/>\n<meta property=\"og:image\" content=\"https:\/\/auslaenderaemter.com\/wp-content\/uploads\/2021\/01\/Vollmond-info-13.png\" \/>\n\t<meta property=\"og:image:width\" content=\"500\" \/>\n\t<meta property=\"og:image:height\" content=\"500\" \/>\n\t<meta property=\"og:image:type\" content=\"image\/png\" \/>\n<meta name=\"twitter:card\" content=\"summary_large_image\" \/>\n<meta name=\"twitter:label1\" content=\"Tahmini okuma s\u00fcresi\" \/>\n\t<meta name=\"twitter:data1\" content=\"3 dakika\" \/>\n<script type=\"application\/ld+json\" class=\"yoast-schema-graph\">{\"@context\":\"https:\\\/\\\/schema.org\",\"@graph\":[{\"@type\":\"WebPage\",\"@id\":\"https:\\\/\\\/auslaenderaemter.com\\\/niederlassungserlaubnis\\\/\",\"url\":\"https:\\\/\\\/auslaenderaemter.com\\\/niederlassungserlaubnis\\\/\",\"name\":\"Niederlassungserlaubnis - auslaenderaemter.com\",\"isPartOf\":{\"@id\":\"https:\\\/\\\/auslaenderaemter.com\\\/#website\"},\"primaryImageOfPage\":{\"@id\":\"https:\\\/\\\/auslaenderaemter.com\\\/niederlassungserlaubnis\\\/#primaryimage\"},\"image\":{\"@id\":\"https:\\\/\\\/auslaenderaemter.com\\\/niederlassungserlaubnis\\\/#primaryimage\"},\"thumbnailUrl\":\"https:\\\/\\\/auslaenderaemter.com\\\/wp-content\\\/uploads\\\/2021\\\/01\\\/Vollmond-info-13.png\",\"datePublished\":\"2023-06-12T14:23:02+00:00\",\"description\":\"Erfahren Sie mehr \u00fcber die Niederlassungserlaubnis in Deutschland: Bedeutung, Voraussetzungen und Beantragungsprozess.\",\"breadcrumb\":{\"@id\":\"https:\\\/\\\/auslaenderaemter.com\\\/niederlassungserlaubnis\\\/#breadcrumb\"},\"inLanguage\":\"tr\",\"potentialAction\":[{\"@type\":\"ReadAction\",\"target\":[\"https:\\\/\\\/auslaenderaemter.com\\\/niederlassungserlaubnis\\\/\"]}]},{\"@type\":\"ImageObject\",\"inLanguage\":\"tr\",\"@id\":\"https:\\\/\\\/auslaenderaemter.com\\\/niederlassungserlaubnis\\\/#primaryimage\",\"url\":\"https:\\\/\\\/auslaenderaemter.com\\\/wp-content\\\/uploads\\\/2021\\\/01\\\/Vollmond-info-13.png\",\"contentUrl\":\"https:\\\/\\\/auslaenderaemter.com\\\/wp-content\\\/uploads\\\/2021\\\/01\\\/Vollmond-info-13.png\",\"width\":500,\"height\":500,\"caption\":\"Abschiebung\"},{\"@type\":\"BreadcrumbList\",\"@id\":\"https:\\\/\\\/auslaenderaemter.com\\\/niederlassungserlaubnis\\\/#breadcrumb\",\"itemListElement\":[{\"@type\":\"ListItem\",\"position\":1,\"name\":\"Startseite\",\"item\":\"https:\\\/\\\/auslaenderaemter.com\\\/\"},{\"@type\":\"ListItem\",\"position\":2,\"name\":\"Niederlassungserlaubnis\"}]},{\"@type\":\"WebSite\",\"@id\":\"https:\\\/\\\/auslaenderaemter.com\\\/#website\",\"url\":\"https:\\\/\\\/auslaenderaemter.com\\\/\",\"name\":\"auslaenderaemter.com\",\"description\":\"\",\"publisher\":{\"@id\":\"https:\\\/\\\/auslaenderaemter.com\\\/#organization\"},\"potentialAction\":[{\"@type\":\"SearchAction\",\"target\":{\"@type\":\"EntryPoint\",\"urlTemplate\":\"https:\\\/\\\/auslaenderaemter.com\\\/?s={search_term_string}\"},\"query-input\":{\"@type\":\"PropertyValueSpecification\",\"valueRequired\":true,\"valueName\":\"search_term_string\"}}],\"inLanguage\":\"tr\"},{\"@type\":\"Organization\",\"@id\":\"https:\\\/\\\/auslaenderaemter.com\\\/#organization\",\"name\":\"auslaenderaemter.com\",\"url\":\"https:\\\/\\\/auslaenderaemter.com\\\/\",\"logo\":{\"@type\":\"ImageObject\",\"inLanguage\":\"tr\",\"@id\":\"https:\\\/\\\/auslaenderaemter.com\\\/#\\\/schema\\\/logo\\\/image\\\/\",\"url\":\"https:\\\/\\\/auslaenderaemter.com\\\/wp-content\\\/uploads\\\/2021\\\/01\\\/cropped-Vollmond-info-13.png\",\"contentUrl\":\"https:\\\/\\\/auslaenderaemter.com\\\/wp-content\\\/uploads\\\/2021\\\/01\\\/cropped-Vollmond-info-13.png\",\"width\":500,\"height\":117,\"caption\":\"auslaenderaemter.com\"},\"image\":{\"@id\":\"https:\\\/\\\/auslaenderaemter.com\\\/#\\\/schema\\\/logo\\\/image\\\/\"}}]}<\/script>\n<!-- \/ Yoast SEO plugin. -->","yoast_head_json":{"title":"Yerle\u015fim \u0130zni - auslaenderaemter.com","description":"Almanya&#039;daki yerle\u015fim izni hakk\u0131nda daha fazlas\u0131n\u0131 \u00f6\u011frenin: anlam\u0131, gereklilikleri ve ba\u015fvuru s\u00fcreci.","robots":{"index":"index","follow":"follow","max-snippet":"max-snippet:-1","max-image-preview":"max-image-preview:large","max-video-preview":"max-video-preview:-1"},"canonical":"https:\/\/auslaenderaemter.com\/tr\/kalici-oturma-izni\/","og_locale":"tr_TR","og_type":"article","og_title":"Niederlassungserlaubnis - auslaenderaemter.com","og_description":"Erfahren Sie mehr \u00fcber die Niederlassungserlaubnis in Deutschland: Bedeutung, Voraussetzungen und Beantragungsprozess.","og_url":"https:\/\/auslaenderaemter.com\/tr\/kalici-oturma-izni\/","og_site_name":"auslaenderaemter.com","og_image":[{"width":500,"height":500,"url":"https:\/\/auslaenderaemter.com\/wp-content\/uploads\/2021\/01\/Vollmond-info-13.png","type":"image\/png"}],"twitter_card":"summary_large_image","twitter_misc":{"Tahmini okuma s\u00fcresi":"3 dakika"},"schema":{"@context":"https:\/\/schema.org","@graph":[{"@type":"WebPage","@id":"https:\/\/auslaenderaemter.com\/niederlassungserlaubnis\/","url":"https:\/\/auslaenderaemter.com\/niederlassungserlaubnis\/","name":"Yerle\u015fim \u0130zni - auslaenderaemter.com","isPartOf":{"@id":"https:\/\/auslaenderaemter.com\/#website"},"primaryImageOfPage":{"@id":"https:\/\/auslaenderaemter.com\/niederlassungserlaubnis\/#primaryimage"},"image":{"@id":"https:\/\/auslaenderaemter.com\/niederlassungserlaubnis\/#primaryimage"},"thumbnailUrl":"https:\/\/auslaenderaemter.com\/wp-content\/uploads\/2021\/01\/Vollmond-info-13.png","datePublished":"2023-06-12T14:23:02+00:00","description":"Almanya&#039;daki yerle\u015fim izni hakk\u0131nda daha fazlas\u0131n\u0131 \u00f6\u011frenin: anlam\u0131, gereklilikleri ve ba\u015fvuru s\u00fcreci.","breadcrumb":{"@id":"https:\/\/auslaenderaemter.com\/niederlassungserlaubnis\/#breadcrumb"},"inLanguage":"tr","potentialAction":[{"@type":"ReadAction","target":["https:\/\/auslaenderaemter.com\/niederlassungserlaubnis\/"]}]},{"@type":"ImageObject","inLanguage":"tr","@id":"https:\/\/auslaenderaemter.com\/niederlassungserlaubnis\/#primaryimage","url":"https:\/\/auslaenderaemter.com\/wp-content\/uploads\/2021\/01\/Vollmond-info-13.png","contentUrl":"https:\/\/auslaenderaemter.com\/wp-content\/uploads\/2021\/01\/Vollmond-info-13.png","width":500,"height":500,"caption":"Abschiebung"},{"@type":"BreadcrumbList","@id":"https:\/\/auslaenderaemter.com\/niederlassungserlaubnis\/#breadcrumb","itemListElement":[{"@type":"ListItem","position":1,"name":"Startseite","item":"https:\/\/auslaenderaemter.com\/"},{"@type":"ListItem","position":2,"name":"Niederlassungserlaubnis"}]},{"@type":"WebSite","@id":"https:\/\/auslaenderaemter.com\/#website","url":"https:\/\/auslaenderaemter.com\/","name":"auslaenderaemter.com","description":"","publisher":{"@id":"https:\/\/auslaenderaemter.com\/#organization"},"potentialAction":[{"@type":"SearchAction","target":{"@type":"EntryPoint","urlTemplate":"https:\/\/auslaenderaemter.com\/?s={search_term_string}"},"query-input":{"@type":"PropertyValueSpecification","valueRequired":true,"valueName":"search_term_string"}}],"inLanguage":"tr"},{"@type":"Organization","@id":"https:\/\/auslaenderaemter.com\/#organization","name":"auslaenderaemter.com","url":"https:\/\/auslaenderaemter.com\/","logo":{"@type":"ImageObject","inLanguage":"tr","@id":"https:\/\/auslaenderaemter.com\/#\/schema\/logo\/image\/","url":"https:\/\/auslaenderaemter.com\/wp-content\/uploads\/2021\/01\/cropped-Vollmond-info-13.png","contentUrl":"https:\/\/auslaenderaemter.com\/wp-content\/uploads\/2021\/01\/cropped-Vollmond-info-13.png","width":500,"height":117,"caption":"auslaenderaemter.com"},"image":{"@id":"https:\/\/auslaenderaemter.com\/#\/schema\/logo\/image\/"}}]}},"_links":{"self":[{"href":"https:\/\/auslaenderaemter.com\/tr\/wp-json\/wp\/v2\/pages\/4039","targetHints":{"allow":["GET"]}}],"collection":[{"href":"https:\/\/auslaenderaemter.com\/tr\/wp-json\/wp\/v2\/pages"}],"about":[{"href":"https:\/\/auslaenderaemter.com\/tr\/wp-json\/wp\/v2\/types\/page"}],"author":[{"embeddable":true,"href":"https:\/\/auslaenderaemter.com\/tr\/wp-json\/wp\/v2\/users\/1"}],"replies":[{"embeddable":true,"href":"https:\/\/auslaenderaemter.com\/tr\/wp-json\/wp\/v2\/comments?post=4039"}],"version-history":[{"count":0,"href":"https:\/\/auslaenderaemter.com\/tr\/wp-json\/wp\/v2\/pages\/4039\/revisions"}],"wp:featuredmedia":[{"embeddable":true,"href":"https:\/\/auslaenderaemter.com\/tr\/wp-json\/wp\/v2\/media\/9"}],"wp:attachment":[{"href":"https:\/\/auslaenderaemter.com\/tr\/wp-json\/wp\/v2\/media?parent=4039"}],"curies":[{"name":"wp","href":"https:\/\/api.w.org\/{rel}","templated":true}]}}