{"id":4046,"date":"2023-06-12T16:41:00","date_gmt":"2023-06-12T14:41:00","guid":{"rendered":"https:\/\/auslaenderaemter.com\/?page_id=4046"},"modified":"2023-06-12T16:41:00","modified_gmt":"2023-06-12T14:41:00","slug":"duldung","status":"publish","type":"page","link":"https:\/\/auslaenderaemter.com\/tr\/hosgoerue\/","title":{"rendered":"ho\u015fg\u00f6r\u00fc"},"content":{"rendered":"<p>Duldung, Alman g\u00f6\u00e7menlik yasas\u0131nda \u00f6nemli bir fakt\u00f6rd\u00fcr ve Almanya&#039;daki bir\u00e7ok insan\u0131n hayat\u0131n\u0131 etkilemektedir. Bu yaz\u0131da Duldung&#039;un ne anlama geldi\u011fine, buna kimin hakk\u0131 oldu\u011funa ve hukuki sonu\u00e7lar\u0131na bakaca\u011f\u0131z.<\/p>\n<h2>Ho\u015fg\u00f6r\u00fc nedir?<\/h2>\n<p>Bir tolerans <strong>oturma izni yok<\/strong>, ancak <strong>S\u0131n\u0131r d\u0131\u015f\u0131 edilmenin ge\u00e7ici olarak durdurulmas\u0131<\/strong> \u00fclkeyi ger\u00e7ekten terk etmek zorunda kalacak yabanc\u0131lar taraf\u0131ndan. O, <a href=\"https:\/\/auslaenderaemter.com\/tr\/\">G\u00f6\u00e7menlik makamlar\u0131<\/a>\u00a0S\u0131n\u0131r d\u0131\u015f\u0131 etme i\u015fleminin hukuki veya fiili sebeplerden dolay\u0131 ge\u00e7ici olarak ger\u00e7ekle\u015ftirilememesi durumunda verilir.<\/p>\n<p>Duldung, ilgili ki\u015finin, s\u0131n\u0131r d\u0131\u015f\u0131 edilmenin ertelenmesine neden olan nedenler ortadan kalkana kadar ge\u00e7ici olarak Almanya&#039;da kalmas\u0131na izin verir. Ancak bu, i\u015fg\u00fcc\u00fc piyasas\u0131na s\u0131n\u0131rl\u0131 eri\u015fim ve sosyal yard\u0131mlar gibi s\u0131n\u0131rlamalar\u0131 da beraberinde getiriyor.<\/p>\n<h2>Ho\u015fg\u00f6r\u00fc i\u00e7in \u00f6nko\u015fullar<\/h2>\n<p>Ho\u015fg\u00f6r\u00fc genellikle belirli ko\u015fullar alt\u0131nda verilir:<\/p>\n<ol>\n<li><strong>S\u0131n\u0131r d\u0131\u015f\u0131 edilmenin \u00f6n\u00fcndeki hukuki veya fiili engeller:<\/strong> Bunlar, \u00f6rne\u011fin yabanc\u0131n\u0131n kendi \u00fclkesinde i\u015fkence veya \u00f6l\u00fcm cezas\u0131yla tehdit edilmesi, seyahat belgelerinin bulunmamas\u0131 veya ilgili ki\u015finin sa\u011fl\u0131k nedenleriyle seyahat edememesi durumunda ortaya \u00e7\u0131kabilir.<\/li>\n<li><strong>S\u0131n\u0131r d\u0131\u015f\u0131 edilmeye engel olan kat\u0131l\u0131m olmamas\u0131:<\/strong> Duldung genellikle yaln\u0131zca ilgili ki\u015finin s\u0131n\u0131r d\u0131\u015f\u0131 edilmeye engel olan durumdan sorumlu olmamas\u0131 durumunda verilir.<\/li>\n<\/ol>\n<h2>Ho\u015fg\u00f6r\u00fcn\u00fcn Hukuki Sonu\u00e7lar\u0131<\/h2>\n<p>Ho\u015fg\u00f6r\u00fcn\u00fcn etkilenenler a\u00e7\u0131s\u0131ndan bir tak\u0131m hukuki sonu\u00e7lar\u0131 vard\u0131r:<\/p>\n<ol>\n<li><strong>\u0130kamet K\u0131s\u0131tlamalar\u0131:<\/strong> Duldung&#039;lu insanlar genellikle yaln\u0131zca belirli bir co\u011frafi b\u00f6lgede ya\u015fayabilir ve seyahat edebilir. Kural olarak kendilerine tahsis edilen alan\u0131 izinsiz terk etmelerine izin verilmez.<\/li>\n<li><strong>\u0130\u015fg\u00fcc\u00fc piyasas\u0131na s\u0131n\u0131rl\u0131 eri\u015fim:<\/strong> Duldung sahibi ki\u015filerin i\u015f piyasas\u0131na eri\u015fimi genellikle s\u0131n\u0131rl\u0131d\u0131r. Kural olarak, ancak \u00fc\u00e7 ayl\u0131k bir bekleme s\u00fcresinden sonra i\u015fe ba\u015flayabilirler ve g\u00f6\u00e7menlik makamlar\u0131n\u0131n ve Federal \u0130\u015f Ajans\u0131&#039;n\u0131n onay\u0131na ihtiya\u00e7 duyarlar.<\/li>\n<li><strong>Sosyal faydalar:<\/strong> \u201cDuldung\u201d sahibi ki\u015filer genel olarak a\u015fa\u011f\u0131dakilere g\u00f6re yard\u0131mlardan yararlanma hakk\u0131na sahiptir: <a href=\"https:\/\/www.asyl.net\/themen\/sozialrecht\/asylbewerberleistungsgesetz#:~:text=Das%20Asylbewerberleistungsgesetz%20(AsylbLG)%20regelt%20den,)%2C%20sofern%20sie%20hilfsbed%C3%BCrftig%20sind.\" target=\"_blank\" rel=\"noopener\">S\u0131\u011f\u0131nmac\u0131lara Yard\u0131m Yasas\u0131<\/a>Refah seviyesinin alt\u0131nda olanlar.<\/li>\n<\/ol>\n<h2>\u00c7\u00f6z\u00fcm<\/h2>\n<p>Ho\u015fg\u00f6r\u00fc, Alman g\u00f6\u00e7menlik hukukunun \u00f6nemli bir par\u00e7as\u0131d\u0131r. \u00dclkeyi fiilen terk etmek zorunda olan ki\u015filere s\u0131n\u0131r d\u0131\u015f\u0131 edilmeye kar\u015f\u0131 ge\u00e7ici koruma sa\u011flar. Ayn\u0131 zamanda \u00f6nemli s\u0131n\u0131rlamalar\u0131 da beraberinde getiriyor. Ho\u015fg\u00f6r\u00fc alan ki\u015filerin haklar\u0131n\u0131n ve y\u00fck\u00fcml\u00fcl\u00fcklerinin fark\u0131nda olmalar\u0131 ve uygun hukuki tavsiye almalar\u0131 \u00f6nemlidir.<\/p>","protected":false},"excerpt":{"rendered":"<p>Ho\u015fg\u00f6r\u00fc, Alman g\u00f6\u00e7menlik hukukunda \u00f6nemli bir fakt\u00f6rd\u00fcr ve Almanya&#039;daki bir\u00e7ok insan\u0131n ya\u015fam\u0131n\u0131 etkilemektedir. Bu makalede ho\u015fg\u00f6r\u00fcn\u00fcn ne anlama geldi\u011fine, kimlerin bu hakka sahip oldu\u011funa ve bunun hukuki sonu\u00e7lar\u0131n\u0131n neler oldu\u011funa bakaca\u011f\u0131z. Ho\u015fg\u00f6r\u00fc nedir? Ho\u015fg\u00f6r\u00fc, oturma izni de\u011fil, yabanc\u0131lar\u0131n s\u0131n\u0131r d\u0131\u015f\u0131 edilmesinin ge\u00e7ici olarak durdurulmas\u0131d\u0131r...&nbsp;<a href=\"https:\/\/auslaenderaemter.com\/tr\/hosgoerue\/\" rel=\"bookmark\">Devam\u0131n\u0131 oku &quot;<span class=\"screen-reader-text\">ho\u015fg\u00f6r\u00fc<\/span><\/a><\/p>","protected":false},"author":1,"featured_media":9,"parent":0,"menu_order":0,"comment_status":"closed","ping_status":"closed","template":"","meta":{"neve_meta_sidebar":"","neve_meta_container":"","neve_meta_enable_content_width":"off","neve_meta_content_width":100,"neve_meta_title_alignment":"","neve_meta_author_avatar":"","neve_post_elements_order":"","neve_meta_disable_header":"","neve_meta_disable_footer":"","neve_meta_disable_title":"","neve_meta_reading_time":"","footnotes":""},"class_list":["post-4046","page","type-page","status-publish","has-post-thumbnail","hentry"],"yoast_head":"<!-- This site is optimized with the Yoast SEO plugin v27.4 - https:\/\/yoast.com\/product\/yoast-seo-wordpress\/ -->\n<title>Ausl\u00e4nder und Duldung in Deutschland - auslaenderaemter.com<\/title>\n<meta name=\"description\" content=\"Erfahren Sie mehr \u00fcber die Duldung in Deutschland: ihre Bedeutung, Voraussetzungen und die rechtlichen Konsequenzen f\u00fcr Ausl\u00e4nder.\" \/>\n<meta name=\"robots\" content=\"index, follow, max-snippet:-1, max-image-preview:large, max-video-preview:-1\" \/>\n<link rel=\"canonical\" href=\"https:\/\/auslaenderaemter.com\/tr\/hosgoerue\/\" \/>\n<meta property=\"og:locale\" content=\"tr_TR\" \/>\n<meta property=\"og:type\" content=\"article\" \/>\n<meta property=\"og:title\" content=\"Ausl\u00e4nder und Duldung in Deutschland - auslaenderaemter.com\" \/>\n<meta property=\"og:description\" content=\"Erfahren Sie mehr \u00fcber die Duldung in Deutschland: ihre Bedeutung, Voraussetzungen und die rechtlichen Konsequenzen f\u00fcr Ausl\u00e4nder.\" \/>\n<meta property=\"og:url\" content=\"https:\/\/auslaenderaemter.com\/tr\/hosgoerue\/\" \/>\n<meta property=\"og:site_name\" content=\"auslaenderaemter.com\" \/>\n<meta property=\"og:image\" content=\"https:\/\/auslaenderaemter.com\/wp-content\/uploads\/2021\/01\/Vollmond-info-13.png\" \/>\n\t<meta property=\"og:image:width\" content=\"500\" \/>\n\t<meta property=\"og:image:height\" content=\"500\" \/>\n\t<meta property=\"og:image:type\" content=\"image\/png\" \/>\n<meta name=\"twitter:card\" content=\"summary_large_image\" \/>\n<meta name=\"twitter:label1\" content=\"Tahmini okuma s\u00fcresi\" \/>\n\t<meta name=\"twitter:data1\" content=\"2 dakika\" \/>\n<script type=\"application\/ld+json\" class=\"yoast-schema-graph\">{\"@context\":\"https:\\\/\\\/schema.org\",\"@graph\":[{\"@type\":\"WebPage\",\"@id\":\"https:\\\/\\\/auslaenderaemter.com\\\/duldung\\\/\",\"url\":\"https:\\\/\\\/auslaenderaemter.com\\\/duldung\\\/\",\"name\":\"Ausl\u00e4nder und Duldung in Deutschland - auslaenderaemter.com\",\"isPartOf\":{\"@id\":\"https:\\\/\\\/auslaenderaemter.com\\\/#website\"},\"primaryImageOfPage\":{\"@id\":\"https:\\\/\\\/auslaenderaemter.com\\\/duldung\\\/#primaryimage\"},\"image\":{\"@id\":\"https:\\\/\\\/auslaenderaemter.com\\\/duldung\\\/#primaryimage\"},\"thumbnailUrl\":\"https:\\\/\\\/auslaenderaemter.com\\\/wp-content\\\/uploads\\\/2021\\\/01\\\/Vollmond-info-13.png\",\"datePublished\":\"2023-06-12T14:41:00+00:00\",\"description\":\"Erfahren Sie mehr \u00fcber die Duldung in Deutschland: ihre Bedeutung, Voraussetzungen und die rechtlichen Konsequenzen f\u00fcr Ausl\u00e4nder.\",\"breadcrumb\":{\"@id\":\"https:\\\/\\\/auslaenderaemter.com\\\/duldung\\\/#breadcrumb\"},\"inLanguage\":\"tr\",\"potentialAction\":[{\"@type\":\"ReadAction\",\"target\":[\"https:\\\/\\\/auslaenderaemter.com\\\/duldung\\\/\"]}]},{\"@type\":\"ImageObject\",\"inLanguage\":\"tr\",\"@id\":\"https:\\\/\\\/auslaenderaemter.com\\\/duldung\\\/#primaryimage\",\"url\":\"https:\\\/\\\/auslaenderaemter.com\\\/wp-content\\\/uploads\\\/2021\\\/01\\\/Vollmond-info-13.png\",\"contentUrl\":\"https:\\\/\\\/auslaenderaemter.com\\\/wp-content\\\/uploads\\\/2021\\\/01\\\/Vollmond-info-13.png\",\"width\":500,\"height\":500,\"caption\":\"Abschiebung\"},{\"@type\":\"BreadcrumbList\",\"@id\":\"https:\\\/\\\/auslaenderaemter.com\\\/duldung\\\/#breadcrumb\",\"itemListElement\":[{\"@type\":\"ListItem\",\"position\":1,\"name\":\"Startseite\",\"item\":\"https:\\\/\\\/auslaenderaemter.com\\\/\"},{\"@type\":\"ListItem\",\"position\":2,\"name\":\"Duldung\"}]},{\"@type\":\"WebSite\",\"@id\":\"https:\\\/\\\/auslaenderaemter.com\\\/#website\",\"url\":\"https:\\\/\\\/auslaenderaemter.com\\\/\",\"name\":\"auslaenderaemter.com\",\"description\":\"\",\"publisher\":{\"@id\":\"https:\\\/\\\/auslaenderaemter.com\\\/#organization\"},\"potentialAction\":[{\"@type\":\"SearchAction\",\"target\":{\"@type\":\"EntryPoint\",\"urlTemplate\":\"https:\\\/\\\/auslaenderaemter.com\\\/?s={search_term_string}\"},\"query-input\":{\"@type\":\"PropertyValueSpecification\",\"valueRequired\":true,\"valueName\":\"search_term_string\"}}],\"inLanguage\":\"tr\"},{\"@type\":\"Organization\",\"@id\":\"https:\\\/\\\/auslaenderaemter.com\\\/#organization\",\"name\":\"auslaenderaemter.com\",\"url\":\"https:\\\/\\\/auslaenderaemter.com\\\/\",\"logo\":{\"@type\":\"ImageObject\",\"inLanguage\":\"tr\",\"@id\":\"https:\\\/\\\/auslaenderaemter.com\\\/#\\\/schema\\\/logo\\\/image\\\/\",\"url\":\"https:\\\/\\\/auslaenderaemter.com\\\/wp-content\\\/uploads\\\/2021\\\/01\\\/cropped-Vollmond-info-13.png\",\"contentUrl\":\"https:\\\/\\\/auslaenderaemter.com\\\/wp-content\\\/uploads\\\/2021\\\/01\\\/cropped-Vollmond-info-13.png\",\"width\":500,\"height\":117,\"caption\":\"auslaenderaemter.com\"},\"image\":{\"@id\":\"https:\\\/\\\/auslaenderaemter.com\\\/#\\\/schema\\\/logo\\\/image\\\/\"}}]}<\/script>\n<!-- \/ Yoast SEO plugin. -->","yoast_head_json":{"title":"Almanya&#039;da Uzayl\u0131lar ve Duldung - auslaenderaemter.com","description":"Almanya&#039;daki Duldung hakk\u0131nda daha fazla bilgi edinin: anlam\u0131, gereklilikleri ve yabanc\u0131lar a\u00e7\u0131s\u0131ndan hukuki sonu\u00e7lar\u0131.","robots":{"index":"index","follow":"follow","max-snippet":"max-snippet:-1","max-image-preview":"max-image-preview:large","max-video-preview":"max-video-preview:-1"},"canonical":"https:\/\/auslaenderaemter.com\/tr\/hosgoerue\/","og_locale":"tr_TR","og_type":"article","og_title":"Ausl\u00e4nder und Duldung in Deutschland - auslaenderaemter.com","og_description":"Erfahren Sie mehr \u00fcber die Duldung in Deutschland: ihre Bedeutung, Voraussetzungen und die rechtlichen Konsequenzen f\u00fcr Ausl\u00e4nder.","og_url":"https:\/\/auslaenderaemter.com\/tr\/hosgoerue\/","og_site_name":"auslaenderaemter.com","og_image":[{"width":500,"height":500,"url":"https:\/\/auslaenderaemter.com\/wp-content\/uploads\/2021\/01\/Vollmond-info-13.png","type":"image\/png"}],"twitter_card":"summary_large_image","twitter_misc":{"Tahmini okuma s\u00fcresi":"2 dakika"},"schema":{"@context":"https:\/\/schema.org","@graph":[{"@type":"WebPage","@id":"https:\/\/auslaenderaemter.com\/duldung\/","url":"https:\/\/auslaenderaemter.com\/duldung\/","name":"Almanya&#039;da Uzayl\u0131lar ve Duldung - auslaenderaemter.com","isPartOf":{"@id":"https:\/\/auslaenderaemter.com\/#website"},"primaryImageOfPage":{"@id":"https:\/\/auslaenderaemter.com\/duldung\/#primaryimage"},"image":{"@id":"https:\/\/auslaenderaemter.com\/duldung\/#primaryimage"},"thumbnailUrl":"https:\/\/auslaenderaemter.com\/wp-content\/uploads\/2021\/01\/Vollmond-info-13.png","datePublished":"2023-06-12T14:41:00+00:00","description":"Almanya&#039;daki Duldung hakk\u0131nda daha fazla bilgi edinin: anlam\u0131, gereklilikleri ve yabanc\u0131lar a\u00e7\u0131s\u0131ndan hukuki sonu\u00e7lar\u0131.","breadcrumb":{"@id":"https:\/\/auslaenderaemter.com\/duldung\/#breadcrumb"},"inLanguage":"tr","potentialAction":[{"@type":"ReadAction","target":["https:\/\/auslaenderaemter.com\/duldung\/"]}]},{"@type":"ImageObject","inLanguage":"tr","@id":"https:\/\/auslaenderaemter.com\/duldung\/#primaryimage","url":"https:\/\/auslaenderaemter.com\/wp-content\/uploads\/2021\/01\/Vollmond-info-13.png","contentUrl":"https:\/\/auslaenderaemter.com\/wp-content\/uploads\/2021\/01\/Vollmond-info-13.png","width":500,"height":500,"caption":"Abschiebung"},{"@type":"BreadcrumbList","@id":"https:\/\/auslaenderaemter.com\/duldung\/#breadcrumb","itemListElement":[{"@type":"ListItem","position":1,"name":"Startseite","item":"https:\/\/auslaenderaemter.com\/"},{"@type":"ListItem","position":2,"name":"Duldung"}]},{"@type":"WebSite","@id":"https:\/\/auslaenderaemter.com\/#website","url":"https:\/\/auslaenderaemter.com\/","name":"auslaenderaemter.com","description":"","publisher":{"@id":"https:\/\/auslaenderaemter.com\/#organization"},"potentialAction":[{"@type":"SearchAction","target":{"@type":"EntryPoint","urlTemplate":"https:\/\/auslaenderaemter.com\/?s={search_term_string}"},"query-input":{"@type":"PropertyValueSpecification","valueRequired":true,"valueName":"search_term_string"}}],"inLanguage":"tr"},{"@type":"Organization","@id":"https:\/\/auslaenderaemter.com\/#organization","name":"auslaenderaemter.com","url":"https:\/\/auslaenderaemter.com\/","logo":{"@type":"ImageObject","inLanguage":"tr","@id":"https:\/\/auslaenderaemter.com\/#\/schema\/logo\/image\/","url":"https:\/\/auslaenderaemter.com\/wp-content\/uploads\/2021\/01\/cropped-Vollmond-info-13.png","contentUrl":"https:\/\/auslaenderaemter.com\/wp-content\/uploads\/2021\/01\/cropped-Vollmond-info-13.png","width":500,"height":117,"caption":"auslaenderaemter.com"},"image":{"@id":"https:\/\/auslaenderaemter.com\/#\/schema\/logo\/image\/"}}]}},"_links":{"self":[{"href":"https:\/\/auslaenderaemter.com\/tr\/wp-json\/wp\/v2\/pages\/4046","targetHints":{"allow":["GET"]}}],"collection":[{"href":"https:\/\/auslaenderaemter.com\/tr\/wp-json\/wp\/v2\/pages"}],"about":[{"href":"https:\/\/auslaenderaemter.com\/tr\/wp-json\/wp\/v2\/types\/page"}],"author":[{"embeddable":true,"href":"https:\/\/auslaenderaemter.com\/tr\/wp-json\/wp\/v2\/users\/1"}],"replies":[{"embeddable":true,"href":"https:\/\/auslaenderaemter.com\/tr\/wp-json\/wp\/v2\/comments?post=4046"}],"version-history":[{"count":0,"href":"https:\/\/auslaenderaemter.com\/tr\/wp-json\/wp\/v2\/pages\/4046\/revisions"}],"wp:featuredmedia":[{"embeddable":true,"href":"https:\/\/auslaenderaemter.com\/tr\/wp-json\/wp\/v2\/media\/9"}],"wp:attachment":[{"href":"https:\/\/auslaenderaemter.com\/tr\/wp-json\/wp\/v2\/media?parent=4046"}],"curies":[{"name":"wp","href":"https:\/\/api.w.org\/{rel}","templated":true}]}}