{"id":4048,"date":"2023-06-12T16:46:54","date_gmt":"2023-06-12T14:46:54","guid":{"rendered":"https:\/\/auslaenderaemter.com\/?page_id=4048"},"modified":"2023-06-12T16:46:54","modified_gmt":"2023-06-12T14:46:54","slug":"ausweisung","status":"publish","type":"page","link":"https:\/\/auslaenderaemter.com\/tr\/suerguen-2\/","title":{"rendered":"s\u00fcrg\u00fcn"},"content":{"rendered":"<p>Yabanc\u0131lar\u0131n s\u0131n\u0131r d\u0131\u015f\u0131 edilmesi, kamu g\u00fcvenli\u011fi ve d\u00fczeninin sa\u011flanmas\u0131 i\u00e7in gerekli olan Alman yabanc\u0131lar yasas\u0131n\u0131n ayr\u0131lmaz bir par\u00e7as\u0131d\u0131r. Bu yaz\u0131da tahliyeyi tan\u0131mlayacak, nedenlerini ve veri sahipleri i\u00e7in olas\u0131 sonu\u00e7lar\u0131n\u0131 a\u00e7\u0131klayaca\u011f\u0131z.<\/p>\n<h2>Tahliye nedir?<\/h2>\n<p>S\u0131n\u0131r d\u0131\u015f\u0131 etme, bir yabanc\u0131n\u0131n federal b\u00f6lgeyi terk etmesini ve tekrar girmemesini zorunlu k\u0131lan idari bir i\u015flemdir. O yetkili <a href=\"https:\/\/auslaenderaemter.com\/tr\/\">yabanc\u0131lar Kurumu<\/a> d\u00fczenlenir ve Merkezi Yabanc\u0131lar Siciline i\u015flenir.<\/p>\n<h2>s\u0131n\u0131r d\u0131\u015f\u0131 edilme nedenleri<\/h2>\n<p>Bir yabanc\u0131n\u0131n Almanya&#039;dan s\u0131n\u0131r d\u0131\u015f\u0131 edilmesinin \u00e7e\u015fitli nedenleri vard\u0131r. Bu i\u00e7erir:<\/p>\n<ol>\n<li><strong>Kamu g\u00fcvenli\u011fini ve d\u00fczenini tehlikeye sokma:<\/strong> Bir yabanc\u0131n\u0131n kamu g\u00fcvenli\u011fi ve d\u00fczeni i\u00e7in tehdit olu\u015fturmas\u0131 halinde, bu durum s\u0131n\u0131r d\u0131\u015f\u0131 edilme sebebi olabilir. \u00d6rne\u011fin, yabanc\u0131 bir su\u00e7tan h\u00fck\u00fcm giymi\u015fse bu durum s\u00f6z konusu olabilir.<\/li>\n<li><strong>G\u00f6\u00e7menlik yasas\u0131 kapsam\u0131ndaki h\u00fck\u00fcmlerin ihlali:<\/strong> Bir yabanc\u0131, kanunun yabanc\u0131lar hakk\u0131ndaki h\u00fck\u00fcmlerini ihlal etmesi halinde de s\u0131n\u0131r d\u0131\u015f\u0131 edilebilir. Bu, \u00f6rne\u011fin yabanc\u0131n\u0131n Almanya&#039;da yasa d\u0131\u015f\u0131 \u00e7al\u0131\u015fmas\u0131 veya kay\u0131t y\u00fck\u00fcml\u00fcl\u00fc\u011f\u00fcn\u00fc ihlal etmesi durumunda s\u00f6z konusu olabilir.<\/li>\n<li><strong>Pasaport ihlali:<\/strong> Yabanc\u0131lar\u0131n Almanya&#039;da pasaport sahibi olmalar\u0131 gerekmektedir. Bir yabanc\u0131n\u0131n ge\u00e7erli bir pasaportu veya pasaport yerine ge\u00e7en bir pasaportu yoksa, bu durum s\u0131n\u0131r d\u0131\u015f\u0131 edilme sebebi olabilir.<\/li>\n<\/ol>\n<h2>s\u0131n\u0131r d\u0131\u015f\u0131 edilmenin sonu\u00e7lar\u0131<\/h2>\n<p>S\u0131n\u0131r d\u0131\u015f\u0131 edilmenin ilgili yabanc\u0131 i\u00e7in ciddi sonu\u00e7lar\u0131 vard\u0131r:<\/p>\n<ol>\n<li><strong>\u00dclkeyi terk etme zorunlulu\u011fu:<\/strong> Yabanc\u0131, federal b\u00f6lgeyi derhal terk etmekle y\u00fck\u00fcml\u00fcd\u00fcr. Aksi takdirde s\u0131n\u0131r d\u0131\u015f\u0131 edilebilir.<\/li>\n<li><strong>Giri\u015f ve ikamet yasa\u011f\u0131:<\/strong> S\u0131n\u0131r d\u0131\u015f\u0131 edilmeye genellikle bir giri\u015f ve ikamet yasa\u011f\u0131 e\u015flik eder. Bu, yabanc\u0131n\u0131n federal b\u00f6lgeye tekrar girmesine izin verilmedi\u011fi anlam\u0131na gelir. Giri\u015f ve ikamet yasa\u011f\u0131 genellikle be\u015f ila on y\u0131ll\u0131k bir s\u00fcre i\u00e7in ge\u00e7erlidir, ancak s\u00fcresiz de olabilir.<\/li>\n<\/ol>\n<h2>\u00c7\u00f6z\u00fcm<\/h2>\n<p>S\u0131n\u0131r d\u0131\u015f\u0131 etme, bir yabanc\u0131n\u0131n haklar\u0131na ciddi bir m\u00fcdahaledir. Almanya&#039;da kamu g\u00fcvenli\u011fi ve d\u00fczeninin korunmas\u0131n\u0131 sa\u011flar. Ayn\u0131 zamanda s\u00f6z konusu yabanc\u0131 i\u00e7in ciddi sonu\u00e7lar do\u011furmaktad\u0131r. Bu nedenle, Almanya&#039;da ikamet eden yabanc\u0131lar\u0131n, kanunun yabanc\u0131 uyruklular hakk\u0131ndaki h\u00fck\u00fcmlerine uymalar\u0131 ve gerekirse hukuki dan\u0131\u015fmanl\u0131k almalar\u0131 \u00f6nemlidir.<\/p>","protected":false},"excerpt":{"rendered":"<p>Yabanc\u0131lar\u0131n s\u0131n\u0131r d\u0131\u015f\u0131 edilmesi, kamu g\u00fcvenli\u011fi ve d\u00fczeninin korunmas\u0131 i\u00e7in gerekli olan Alman g\u00f6\u00e7menlik yasas\u0131n\u0131n ayr\u0131lmaz bir par\u00e7as\u0131d\u0131r. Bu makalede, s\u0131n\u0131r d\u0131\u015f\u0131 edilmeyi tan\u0131mlayaca\u011f\u0131z, bunun nedenlerini a\u00e7\u0131klayaca\u011f\u0131z ve etkilenen bireyler i\u00e7in olas\u0131 sonu\u00e7lar\u0131 vurgulayaca\u011f\u0131z. \u0130hra\u00e7 nedir? S\u0131n\u0131r d\u0131\u015f\u0131 etme, bir yabanc\u0131n\u0131n...&nbsp;<a href=\"https:\/\/auslaenderaemter.com\/tr\/suerguen-2\/\" rel=\"bookmark\">Devam\u0131n\u0131 oku &quot;<span class=\"screen-reader-text\">s\u00fcrg\u00fcn<\/span><\/a><\/p>","protected":false},"author":1,"featured_media":9,"parent":0,"menu_order":0,"comment_status":"closed","ping_status":"closed","template":"","meta":{"neve_meta_sidebar":"","neve_meta_container":"","neve_meta_enable_content_width":"off","neve_meta_content_width":100,"neve_meta_title_alignment":"","neve_meta_author_avatar":"","neve_post_elements_order":"","neve_meta_disable_header":"","neve_meta_disable_footer":"","neve_meta_disable_title":"","neve_meta_reading_time":"","footnotes":""},"class_list":["post-4048","page","type-page","status-publish","has-post-thumbnail","hentry"],"yoast_head":"<!-- This site is optimized with the Yoast SEO plugin v27.4 - https:\/\/yoast.com\/product\/yoast-seo-wordpress\/ -->\n<title>Ausweisung - Gr\u00fcnde und Folgen im deutschen Ausl\u00e4nderrecht<\/title>\n<meta name=\"description\" content=\"Verstehen Sie die Ausweisung im deutschen Ausl\u00e4nderrecht: ihre Definition, die Gr\u00fcnde daf\u00fcr und die daraus resultierenden Folgen.\" \/>\n<meta name=\"robots\" content=\"index, follow, max-snippet:-1, max-image-preview:large, max-video-preview:-1\" \/>\n<link rel=\"canonical\" href=\"https:\/\/auslaenderaemter.com\/tr\/suerguen-2\/\" \/>\n<meta property=\"og:locale\" content=\"tr_TR\" \/>\n<meta property=\"og:type\" content=\"article\" \/>\n<meta property=\"og:title\" content=\"Ausweisung - Gr\u00fcnde und Folgen im deutschen Ausl\u00e4nderrecht\" \/>\n<meta property=\"og:description\" content=\"Verstehen Sie die Ausweisung im deutschen Ausl\u00e4nderrecht: ihre Definition, die Gr\u00fcnde daf\u00fcr und die daraus resultierenden Folgen.\" \/>\n<meta property=\"og:url\" content=\"https:\/\/auslaenderaemter.com\/tr\/suerguen-2\/\" \/>\n<meta property=\"og:site_name\" content=\"auslaenderaemter.com\" \/>\n<meta property=\"og:image\" content=\"https:\/\/auslaenderaemter.com\/wp-content\/uploads\/2021\/01\/Vollmond-info-13.png\" \/>\n\t<meta property=\"og:image:width\" content=\"500\" \/>\n\t<meta property=\"og:image:height\" content=\"500\" \/>\n\t<meta property=\"og:image:type\" content=\"image\/png\" \/>\n<meta name=\"twitter:card\" content=\"summary_large_image\" \/>\n<meta name=\"twitter:label1\" content=\"Tahmini okuma s\u00fcresi\" \/>\n\t<meta name=\"twitter:data1\" content=\"2 dakika\" \/>\n<script type=\"application\/ld+json\" class=\"yoast-schema-graph\">{\"@context\":\"https:\\\/\\\/schema.org\",\"@graph\":[{\"@type\":\"WebPage\",\"@id\":\"https:\\\/\\\/auslaenderaemter.com\\\/ausweisung\\\/\",\"url\":\"https:\\\/\\\/auslaenderaemter.com\\\/ausweisung\\\/\",\"name\":\"Ausweisung - Gr\u00fcnde und Folgen im deutschen Ausl\u00e4nderrecht\",\"isPartOf\":{\"@id\":\"https:\\\/\\\/auslaenderaemter.com\\\/#website\"},\"primaryImageOfPage\":{\"@id\":\"https:\\\/\\\/auslaenderaemter.com\\\/ausweisung\\\/#primaryimage\"},\"image\":{\"@id\":\"https:\\\/\\\/auslaenderaemter.com\\\/ausweisung\\\/#primaryimage\"},\"thumbnailUrl\":\"https:\\\/\\\/auslaenderaemter.com\\\/wp-content\\\/uploads\\\/2021\\\/01\\\/Vollmond-info-13.png\",\"datePublished\":\"2023-06-12T14:46:54+00:00\",\"description\":\"Verstehen Sie die Ausweisung im deutschen Ausl\u00e4nderrecht: ihre Definition, die Gr\u00fcnde daf\u00fcr und die daraus resultierenden Folgen.\",\"breadcrumb\":{\"@id\":\"https:\\\/\\\/auslaenderaemter.com\\\/ausweisung\\\/#breadcrumb\"},\"inLanguage\":\"tr\",\"potentialAction\":[{\"@type\":\"ReadAction\",\"target\":[\"https:\\\/\\\/auslaenderaemter.com\\\/ausweisung\\\/\"]}]},{\"@type\":\"ImageObject\",\"inLanguage\":\"tr\",\"@id\":\"https:\\\/\\\/auslaenderaemter.com\\\/ausweisung\\\/#primaryimage\",\"url\":\"https:\\\/\\\/auslaenderaemter.com\\\/wp-content\\\/uploads\\\/2021\\\/01\\\/Vollmond-info-13.png\",\"contentUrl\":\"https:\\\/\\\/auslaenderaemter.com\\\/wp-content\\\/uploads\\\/2021\\\/01\\\/Vollmond-info-13.png\",\"width\":500,\"height\":500,\"caption\":\"Abschiebung\"},{\"@type\":\"BreadcrumbList\",\"@id\":\"https:\\\/\\\/auslaenderaemter.com\\\/ausweisung\\\/#breadcrumb\",\"itemListElement\":[{\"@type\":\"ListItem\",\"position\":1,\"name\":\"Startseite\",\"item\":\"https:\\\/\\\/auslaenderaemter.com\\\/\"},{\"@type\":\"ListItem\",\"position\":2,\"name\":\"Ausweisung\"}]},{\"@type\":\"WebSite\",\"@id\":\"https:\\\/\\\/auslaenderaemter.com\\\/#website\",\"url\":\"https:\\\/\\\/auslaenderaemter.com\\\/\",\"name\":\"auslaenderaemter.com\",\"description\":\"\",\"publisher\":{\"@id\":\"https:\\\/\\\/auslaenderaemter.com\\\/#organization\"},\"potentialAction\":[{\"@type\":\"SearchAction\",\"target\":{\"@type\":\"EntryPoint\",\"urlTemplate\":\"https:\\\/\\\/auslaenderaemter.com\\\/?s={search_term_string}\"},\"query-input\":{\"@type\":\"PropertyValueSpecification\",\"valueRequired\":true,\"valueName\":\"search_term_string\"}}],\"inLanguage\":\"tr\"},{\"@type\":\"Organization\",\"@id\":\"https:\\\/\\\/auslaenderaemter.com\\\/#organization\",\"name\":\"auslaenderaemter.com\",\"url\":\"https:\\\/\\\/auslaenderaemter.com\\\/\",\"logo\":{\"@type\":\"ImageObject\",\"inLanguage\":\"tr\",\"@id\":\"https:\\\/\\\/auslaenderaemter.com\\\/#\\\/schema\\\/logo\\\/image\\\/\",\"url\":\"https:\\\/\\\/auslaenderaemter.com\\\/wp-content\\\/uploads\\\/2021\\\/01\\\/cropped-Vollmond-info-13.png\",\"contentUrl\":\"https:\\\/\\\/auslaenderaemter.com\\\/wp-content\\\/uploads\\\/2021\\\/01\\\/cropped-Vollmond-info-13.png\",\"width\":500,\"height\":117,\"caption\":\"auslaenderaemter.com\"},\"image\":{\"@id\":\"https:\\\/\\\/auslaenderaemter.com\\\/#\\\/schema\\\/logo\\\/image\\\/\"}}]}<\/script>\n<!-- \/ Yoast SEO plugin. -->","yoast_head_json":{"title":"S\u0131n\u0131rd\u0131\u015f\u0131 Edilme - Alman G\u00f6\u00e7 Hukukunda Sebepler ve Sonu\u00e7lar","description":"Alman g\u00f6\u00e7menlik yasas\u0131nda s\u0131n\u0131r d\u0131\u015f\u0131 etmeyi anlay\u0131n: tan\u0131m\u0131, nedenleri ve bunun sonucunda ortaya \u00e7\u0131kan sonu\u00e7lar.","robots":{"index":"index","follow":"follow","max-snippet":"max-snippet:-1","max-image-preview":"max-image-preview:large","max-video-preview":"max-video-preview:-1"},"canonical":"https:\/\/auslaenderaemter.com\/tr\/suerguen-2\/","og_locale":"tr_TR","og_type":"article","og_title":"Ausweisung - Gr\u00fcnde und Folgen im deutschen Ausl\u00e4nderrecht","og_description":"Verstehen Sie die Ausweisung im deutschen Ausl\u00e4nderrecht: ihre Definition, die Gr\u00fcnde daf\u00fcr und die daraus resultierenden Folgen.","og_url":"https:\/\/auslaenderaemter.com\/tr\/suerguen-2\/","og_site_name":"auslaenderaemter.com","og_image":[{"width":500,"height":500,"url":"https:\/\/auslaenderaemter.com\/wp-content\/uploads\/2021\/01\/Vollmond-info-13.png","type":"image\/png"}],"twitter_card":"summary_large_image","twitter_misc":{"Tahmini okuma s\u00fcresi":"2 dakika"},"schema":{"@context":"https:\/\/schema.org","@graph":[{"@type":"WebPage","@id":"https:\/\/auslaenderaemter.com\/ausweisung\/","url":"https:\/\/auslaenderaemter.com\/ausweisung\/","name":"S\u0131n\u0131rd\u0131\u015f\u0131 Edilme - Alman G\u00f6\u00e7 Hukukunda Sebepler ve Sonu\u00e7lar","isPartOf":{"@id":"https:\/\/auslaenderaemter.com\/#website"},"primaryImageOfPage":{"@id":"https:\/\/auslaenderaemter.com\/ausweisung\/#primaryimage"},"image":{"@id":"https:\/\/auslaenderaemter.com\/ausweisung\/#primaryimage"},"thumbnailUrl":"https:\/\/auslaenderaemter.com\/wp-content\/uploads\/2021\/01\/Vollmond-info-13.png","datePublished":"2023-06-12T14:46:54+00:00","description":"Alman g\u00f6\u00e7menlik yasas\u0131nda s\u0131n\u0131r d\u0131\u015f\u0131 etmeyi anlay\u0131n: tan\u0131m\u0131, nedenleri ve bunun sonucunda ortaya \u00e7\u0131kan sonu\u00e7lar.","breadcrumb":{"@id":"https:\/\/auslaenderaemter.com\/ausweisung\/#breadcrumb"},"inLanguage":"tr","potentialAction":[{"@type":"ReadAction","target":["https:\/\/auslaenderaemter.com\/ausweisung\/"]}]},{"@type":"ImageObject","inLanguage":"tr","@id":"https:\/\/auslaenderaemter.com\/ausweisung\/#primaryimage","url":"https:\/\/auslaenderaemter.com\/wp-content\/uploads\/2021\/01\/Vollmond-info-13.png","contentUrl":"https:\/\/auslaenderaemter.com\/wp-content\/uploads\/2021\/01\/Vollmond-info-13.png","width":500,"height":500,"caption":"Abschiebung"},{"@type":"BreadcrumbList","@id":"https:\/\/auslaenderaemter.com\/ausweisung\/#breadcrumb","itemListElement":[{"@type":"ListItem","position":1,"name":"Startseite","item":"https:\/\/auslaenderaemter.com\/"},{"@type":"ListItem","position":2,"name":"Ausweisung"}]},{"@type":"WebSite","@id":"https:\/\/auslaenderaemter.com\/#website","url":"https:\/\/auslaenderaemter.com\/","name":"auslaenderaemter.com","description":"","publisher":{"@id":"https:\/\/auslaenderaemter.com\/#organization"},"potentialAction":[{"@type":"SearchAction","target":{"@type":"EntryPoint","urlTemplate":"https:\/\/auslaenderaemter.com\/?s={search_term_string}"},"query-input":{"@type":"PropertyValueSpecification","valueRequired":true,"valueName":"search_term_string"}}],"inLanguage":"tr"},{"@type":"Organization","@id":"https:\/\/auslaenderaemter.com\/#organization","name":"auslaenderaemter.com","url":"https:\/\/auslaenderaemter.com\/","logo":{"@type":"ImageObject","inLanguage":"tr","@id":"https:\/\/auslaenderaemter.com\/#\/schema\/logo\/image\/","url":"https:\/\/auslaenderaemter.com\/wp-content\/uploads\/2021\/01\/cropped-Vollmond-info-13.png","contentUrl":"https:\/\/auslaenderaemter.com\/wp-content\/uploads\/2021\/01\/cropped-Vollmond-info-13.png","width":500,"height":117,"caption":"auslaenderaemter.com"},"image":{"@id":"https:\/\/auslaenderaemter.com\/#\/schema\/logo\/image\/"}}]}},"_links":{"self":[{"href":"https:\/\/auslaenderaemter.com\/tr\/wp-json\/wp\/v2\/pages\/4048","targetHints":{"allow":["GET"]}}],"collection":[{"href":"https:\/\/auslaenderaemter.com\/tr\/wp-json\/wp\/v2\/pages"}],"about":[{"href":"https:\/\/auslaenderaemter.com\/tr\/wp-json\/wp\/v2\/types\/page"}],"author":[{"embeddable":true,"href":"https:\/\/auslaenderaemter.com\/tr\/wp-json\/wp\/v2\/users\/1"}],"replies":[{"embeddable":true,"href":"https:\/\/auslaenderaemter.com\/tr\/wp-json\/wp\/v2\/comments?post=4048"}],"version-history":[{"count":0,"href":"https:\/\/auslaenderaemter.com\/tr\/wp-json\/wp\/v2\/pages\/4048\/revisions"}],"wp:featuredmedia":[{"embeddable":true,"href":"https:\/\/auslaenderaemter.com\/tr\/wp-json\/wp\/v2\/media\/9"}],"wp:attachment":[{"href":"https:\/\/auslaenderaemter.com\/tr\/wp-json\/wp\/v2\/media?parent=4048"}],"curies":[{"name":"wp","href":"https:\/\/api.w.org\/{rel}","templated":true}]}}