{"id":60,"date":"2021-01-26T14:40:35","date_gmt":"2021-01-26T13:40:35","guid":{"rendered":"https:\/\/auslaenderaemter.com\/?page_id=60"},"modified":"2022-10-28T15:34:48","modified_gmt":"2022-10-28T13:34:48","slug":"auslaenderaemter-in-nordrhein-westphalen","status":"publish","type":"page","link":"https:\/\/auslaenderaemter.com\/tr\/goecmenlik-buerolari-in-kuzey-ren-westphalen\/","title":{"rendered":"Kuzey Ren-Vestfalya&#039;daki G\u00f6\u00e7menlik B\u00fcrolar\u0131"},"content":{"rendered":"<p><strong>Burada Kuzey Ren-Vestfalya&#039;daki g\u00f6\u00e7menlik b\u00fcrolar\u0131n\u0131n \/ g\u00f6\u00e7menlik makamlar\u0131n\u0131n ileti\u015fim bilgilerini, adreslerini ve \u00e7al\u0131\u015fma saatlerini bulacaks\u0131n\u0131z.<\/strong><\/p>\n<h2><span id=\"Uebersicht_aller_Jobcenter_in_Baden-Wuerttemberg\" class=\"ez-toc-section\">Kuzey Ren-Vestfalya&#039;daki t\u00fcm g\u00f6\u00e7menlik b\u00fcrolar\u0131na \/ g\u00f6\u00e7menlik makamlar\u0131na genel bak\u0131\u015f<\/span><\/h2>\n<ul>\n<li><a href=\"https:\/\/auslaenderaemter.com\/tr\/goecmenlik-buerosu-aachen\/\">Aachen<\/a><\/li>\n<li><a href=\"https:\/\/auslaenderaemter.com\/tr\/goecmenlik-buerosu-altena\/\">Altena<\/a><\/li>\n<li><a href=\"https:\/\/auslaenderaemter.com\/tr\/goecmen-buerosu-arnsberg\/\">Arnsberg<\/a><\/li>\n<li><a href=\"https:\/\/auslaenderaemter.com\/tr\/goecmenlik-ofisi-balve\/\">bald\u0131r<\/a><\/li>\n<li><a href=\"https:\/\/auslaenderaemter.com\/tr\/goecmenlik-buerosu-bergheim\/\">da\u011f evi<\/a><\/li>\n<li><a href=\"https:\/\/auslaenderaemter.com\/tr\/goecmenlik-buerosu-bergisch-gladbach\/\">Bergisch Gladbach<\/a><\/li>\n<li><a href=\"https:\/\/auslaenderaemter.com\/tr\/goecmenlik-buerosu-bergkamen\/\">da\u011flar<\/a><\/li>\n<li><a href=\"https:\/\/auslaenderaemter.com\/tr\/goecmen-buerosu-bielefeld\/\">Bielefeld<\/a><\/li>\n<li><a href=\"https:\/\/auslaenderaemter.com\/tr\/goecmenlik-ofisi-blomberg\/\">Blomberg<\/a><\/li>\n<li><a href=\"https:\/\/auslaenderaemter.com\/tr\/goecmenlik-ofisi-bocholt\/\">Bocholt<\/a><\/li>\n<li><a href=\"https:\/\/auslaenderaemter.com\/tr\/goecmenlik-ofisi-bochum\/\">Bochum<\/a><\/li>\n<li><a href=\"https:\/\/auslaenderaemter.com\/tr\/goecmenlik-ofisi-bonn\/\">Bonn<\/a><\/li>\n<li><a href=\"https:\/\/auslaenderaemter.com\/tr\/goecmen-buerosu\/\">ba\u011f\u0131rmak<\/a><\/li>\n<li><a href=\"https:\/\/auslaenderaemter.com\/tr\/goecmenlik-ofisi-bottrop\/\">bottrop<\/a><\/li>\n<li><a href=\"https:\/\/auslaenderaemter.com\/tr\/goecmenlik-ofisi-brilon\/\">brilon<\/a><\/li>\n<li><a href=\"https:\/\/auslaenderaemter.com\/tr\/goecmenlik-buerosu-bruehl\/\">Bruehl<\/a><\/li>\n<li><a href=\"https:\/\/auslaenderaemter.com\/tr\/goecmen-buerosu-castro-rauxel\/\">Castrop-Rauxel<\/a><\/li>\n<li><a href=\"https:\/\/auslaenderaemter.com\/tr\/goecmenlik-ofisi-coesfeld\/\">Coesfeld<\/a><\/li>\n<li><a href=\"https:\/\/auslaenderaemter.com\/tr\/goecmenlik-ofisi-tarihleri\/\">tarih<\/a><\/li>\n<li><a href=\"https:\/\/auslaenderaemter.com\/tr\/goecmenlik-ofisi-detmold\/\">Detmold<\/a><\/li>\n<li><a href=\"https:\/\/auslaenderaemter.com\/tr\/goecmen-buerosu-dinslaken\/\">Dinslaken<\/a><\/li>\n<li><a href=\"https:\/\/auslaenderaemter.com\/tr\/goecmenlik-buerosu-dormagen\/\">Dormagen<\/a><\/li>\n<li><a href=\"https:\/\/auslaenderaemter.com\/tr\/goecmenlik-ofisi-dorsten\/\">Dorsten<\/a><\/li>\n<li><a href=\"https:\/\/auslaenderaemter.com\/tr\/goecmen-buerosu-dortmund\/\">Dortmund<\/a><\/li>\n<li><a href=\"https:\/\/auslaenderaemter.com\/tr\/goecmenlik-buerosu-duisburg\/\">Duisburg<\/a><\/li>\n<li><a href=\"https:\/\/auslaenderaemter.com\/tr\/goecmen-buerosu-dueren\/\">D\u00fcren<\/a><\/li>\n<li><a href=\"https:\/\/auslaenderaemter.com\/tr\/goecmenlik-buerosu-desseldorf\/\">D\u00fcsseldorf<\/a><\/li>\n<li><a href=\"https:\/\/auslaenderaemter.com\/tr\/goecmen-buerosu-ennepetal\/\">Ennepetal<\/a><\/li>\n<li><a href=\"https:\/\/auslaenderaemter.com\/tr\/goecmenlik-ofisi-erkrath\/\">ka\u015f\u0131mak<\/a><\/li>\n<li><a href=\"https:\/\/auslaenderaemter.com\/tr\/goecmenlik-buerosu\/\">yemek<\/a><\/li>\n<li><a href=\"https:\/\/auslaenderaemter.com\/tr\/goecmenlik-ofisi-euskirchen\/\">Euskirchen<\/a><\/li>\n<li><a href=\"https:\/\/auslaenderaemter.com\/tr\/disisleri-bakanligi-froendenberg\/\">Fr\u00f6ndenberg<\/a><\/li>\n<li><a href=\"https:\/\/auslaenderaemter.com\/tr\/goecmenlik-ofisi-fonlari\/\">para kayna\u011f\u0131<\/a><\/li>\n<li><a href=\"https:\/\/auslaenderaemter.com\/tr\/goecmen-buerosu-gelsenkirchen\/\">Gelsenkirchen<\/a><\/li>\n<li><a href=\"https:\/\/auslaenderaemter.com\/tr\/goecmenlik-ofisi-gevelsberg\/\">Gevelsberg<\/a><\/li>\n<li><a href=\"https:\/\/auslaenderaemter.com\/tr\/goecmenlik-ofisi-grevenbroich\/\">Grevenbroich<\/a><\/li>\n<li><a href=\"https:\/\/auslaenderaemter.com\/tr\/goecmenlik-buerosu-gummersbach\/\">Gummersbach<\/a><\/li>\n<li><a href=\"https:\/\/auslaenderaemter.com\/tr\/goecmenlik-buerosu-guetersloh\/\">Guetersloh<\/a><\/li>\n<li><a href=\"https:\/\/auslaenderaemter.com\/tr\/goecmenlik-buerosu-hagen\/\">hagen<\/a><\/li>\n<li><a href=\"https:\/\/auslaenderaemter.com\/tr\/goecmenlik-ofisi-halver\/\">halver<\/a><\/li>\n<li><a href=\"https:\/\/auslaenderaemter.com\/tr\/goecmen-buerosu-hammm\/\">hamam<\/a><\/li>\n<li><a href=\"https:\/\/auslaenderaemter.com\/tr\/goecmen-buerosu-heinsberg\/\">Heinsberg<\/a><\/li>\n<li><a href=\"https:\/\/auslaenderaemter.com\/tr\/goecmenlik-buerosu-herford\/\">Herford<\/a><\/li>\n<li><a href=\"https:\/\/auslaenderaemter.com\/tr\/goecmenlik-buerosu-5\/\">herne<\/a><\/li>\n<li><a href=\"https:\/\/auslaenderaemter.com\/tr\/goecmenlik-ofisi-hiddenhausen\/\">Gizli Hausen<\/a><\/li>\n<li><a href=\"https:\/\/auslaenderaemter.com\/tr\/goecmen-buerosu-3\/\">hoxter<\/a><\/li>\n<li><a href=\"https:\/\/auslaenderaemter.com\/tr\/goecmenlik-ofisi-ingelheim-am-rhein\/\">Ren Nehri \u00fczerinde Ingelheim<\/a><\/li>\n<li><a href=\"https:\/\/auslaenderaemter.com\/tr\/goecmenlik-ofisi-iserlohn\/\">Iserlohn<\/a><\/li>\n<li><a href=\"https:\/\/auslaenderaemter.com\/tr\/goecmenlik-ofisi-kerpen\/\">kerpen<\/a><\/li>\n<li><a href=\"https:\/\/auslaenderaemter.com\/tr\/goecmenlik-ofisi-kierspe\/\">kierspe<\/a><\/li>\n<li><a href=\"https:\/\/auslaenderaemter.com\/tr\/goecmenlik-buerosu-6\/\">Kleve<\/a><\/li>\n<li><a href=\"https:\/\/auslaenderaemter.com\/tr\/goecmenlik-ofisi-kolonya\/\">K\u00f6ln<\/a><\/li>\n<li><a href=\"https:\/\/auslaenderaemter.com\/tr\/goecmenlik-ofisi-krefeld\/\">Krefeld<\/a><\/li>\n<li><a href=\"https:\/\/auslaenderaemter.com\/tr\/goecmenlik-ofisi-lemgo\/\">lemgo<\/a><\/li>\n<li><a href=\"https:\/\/auslaenderaemter.com\/tr\/goecmenlik-ofisi-leverkusen\/\">Leverkusen<\/a><\/li>\n<li><a href=\"https:\/\/auslaenderaemter.com\/tr\/goecmen-buerosu-lippstadt\/\">Lippstadt<\/a><\/li>\n<li><a href=\"https:\/\/auslaenderaemter.com\/tr\/goecmenlik-ofisi-luedenscheid\/\">L\u00fcdenscheid<\/a><\/li>\n<li><a href=\"https:\/\/auslaenderaemter.com\/tr\/goecmenlik-buerosu-luenen\/\">Lunen<\/a><\/li>\n<li><a href=\"https:\/\/auslaenderaemter.com\/tr\/goecmenlik-ofisi-meinerzhagen\/\">Meinerzhagen<\/a><\/li>\n<li><a href=\"https:\/\/auslaenderaemter.com\/tr\/goecmenlik-ofisi-menden\/\">Menden<\/a><\/li>\n<li><a href=\"https:\/\/auslaenderaemter.com\/tr\/goecmenlik-ofisi-meschede\/\">meschede<\/a><\/li>\n<li><a href=\"https:\/\/auslaenderaemter.com\/tr\/goecmenlik-ofisi-mettmann\/\">Mettmann<\/a><\/li>\n<li><a href=\"https:\/\/auslaenderaemter.com\/tr\/goecmenlik-ofisi-minden\/\">zihin<\/a><\/li>\n<li><a href=\"https:\/\/auslaenderaemter.com\/tr\/goecmenlik-buerosu-8\/\">moerler<\/a><\/li>\n<li><a href=\"https:\/\/auslaenderaemter.com\/tr\/goecmenlik-buerosu-moenchengladbach\/\">M\u00f6nchengladbach<\/a><\/li>\n<li><a href=\"https:\/\/auslaenderaemter.com\/tr\/goecmenlik-buerosu-muelheim-an-der-ruhr\/\">M\u00fclheim an der Ruhr<\/a><\/li>\n<li><a href=\"https:\/\/auslaenderaemter.com\/tr\/goecmen-buerosu-muenster\/\">M\u00fcnster<\/a><\/li>\n<li><a href=\"https:\/\/auslaenderaemter.com\/tr\/goecmenlik-ofisi-neuenrade\/\">Neuenrade<\/a><\/li>\n<li><a href=\"https:\/\/auslaenderaemter.com\/tr\/goecmenlik-ofisi-neuss\/\">Neuss<\/a><\/li>\n<li><a href=\"https:\/\/auslaenderaemter.com\/tr\/goecmenlik-ofisi-oberhausen\/\">Oberhausen<\/a><\/li>\n<li><a href=\"https:\/\/auslaenderaemter.com\/tr\/goecmen-buerosu-4\/\">Paderborn<\/a><\/li>\n<li><a href=\"https:\/\/auslaenderaemter.com\/tr\/goecmenlik-ofisi-plettenberg\/\">Plettenberg<\/a><\/li>\n<li><a href=\"https:\/\/auslaenderaemter.com\/tr\/goecmen-buerosu-recklinghausen\/\">Recklinghausen<\/a><\/li>\n<li><a href=\"https:\/\/auslaenderaemter.com\/tr\/goecmenlik-ofisi-remscheid\/\">Remscheid<\/a><\/li>\n<li><a href=\"https:\/\/auslaenderaemter.com\/tr\/goecmen-buerosu-rheda-wiedenbrueck\/\">Rheda Wiedenbr\u00fcck<\/a><\/li>\n<li><a href=\"https:\/\/auslaenderaemter.com\/tr\/goecmenlik-buerosu-rheinbach\/\">Rheinbach<\/a><\/li>\n<li><a href=\"https:\/\/auslaenderaemter.com\/tr\/goecmen-buerosu-rheine\/\">Ren<\/a><\/li>\n<li><a href=\"https:\/\/auslaenderaemter.com\/tr\/goecmenlik-ofisi-schleiden\/\">kayma<\/a><\/li>\n<li><a href=\"https:\/\/auslaenderaemter.com\/tr\/goecmenlik-ofisi-schwelm\/\">i\u00e7in i\u00e7in yanan<\/a><\/li>\n<li><a href=\"https:\/\/auslaenderaemter.com\/tr\/goecmenlik-buerosu-siegburg\/\">Siegburg<\/a><\/li>\n<li><a href=\"https:\/\/auslaenderaemter.com\/tr\/goecmenlik-buerosu-soest\/\">soest<\/a><\/li>\n<li><a href=\"https:\/\/auslaenderaemter.com\/tr\/goecmen-buerosu-solingen\/\">Solingen<\/a><\/li>\n<li><a href=\"https:\/\/auslaenderaemter.com\/tr\/goecmenlik-buerosu-steinfurt\/\">Steinfurt<\/a><\/li>\n<li><a href=\"https:\/\/auslaenderaemter.com\/tr\/goecmenlik-buerosu-troisdorf\/\">Troisdorf<\/a><\/li>\n<li><a href=\"https:\/\/auslaenderaemter.com\/tr\/goecmenlik-ofisi-unna\/\">Unna<\/a><\/li>\n<li><a href=\"https:\/\/auslaenderaemter.com\/tr\/goecmenlik-ofisi-velbert\/\">kadife<\/a><\/li>\n<li><a href=\"https:\/\/auslaenderaemter.com\/tr\/goecmenlik-buerosu-viersen\/\">Viersen<\/a><\/li>\n<li><a href=\"https:\/\/auslaenderaemter.com\/tr\/goecmenlik-ofisi-warendorf\/\">Warendorf<\/a><\/li>\n<li><a href=\"https:\/\/auslaenderaemter.com\/tr\/goecmenlik-ofisi-werdohl\/\">Werdohl<\/a><\/li>\n<li><a href=\"https:\/\/auslaenderaemter.com\/tr\/goecmenlik-buerosu-4\/\">Wesel<\/a><\/li>\n<li><a href=\"https:\/\/auslaenderaemter.com\/tr\/goecmenlik-ofisi-witen\/\">tan\u0131k<\/a><\/li>\n<li><a href=\"https:\/\/auslaenderaemter.com\/tr\/goecmenlik-ofisi-wuppertal\/\">Wuppertal<\/a><\/li>\n<li><a href=\"https:\/\/auslaenderaemter.com\/tr\/goecmenlik-ofisi-zuelpich\/\">zulpi\u00e7<\/a><\/li>\n<\/ul>\n<h3>G\u00f6\u00e7menlik makamlar\u0131n\u0131n g\u00f6revleri<\/h3>\n<p>G\u00f6\u00e7menlik makamlar\u0131, ikamet ve pasaport kanunu ile ilgili tedbirlerden sorumludur. \u0130kamet Yasas\u0131 ve di\u011fer g\u00f6\u00e7menlik yasalar\u0131n\u0131n h\u00fck\u00fcmlerine g\u00f6re karar verirler.<\/p>\n<p><strong>Di\u011fer g\u00f6revler ve hizmetler \u015funlard\u0131r:<\/strong><\/p>\n<ul>\n<li>Elektronik oturma izni (eAT)<\/li>\n<li>M\u00fclteci yard\u0131m\u0131 i\u00e7in irtibat ki\u015fisi<\/li>\n<li>\u00c7al\u0131\u015fma izni<\/li>\n<li>giri\u015f\u00a0<span class=\"highlight\">ve<\/span>\u00a0Almanya&#039;da Konaklama<\/li>\n<li>iltica<\/li>\n<li>entegrasyon<\/li>\n<li>taahh\u00fct beyan\u0131<\/li>\n<\/ul>\n<h3>G\u00f6\u00e7menlik B\u00fcrosunda Randevu<\/h3>\n<p>\u00c7o\u011fu durumda telefonla, ileti\u015fim formunu kullanarak veya ilgili \u015fehrin hizmet portal\u0131 arac\u0131l\u0131\u011f\u0131yla randevu alabilirsiniz. G\u00f6\u00e7menlik b\u00fcrosunu ziyaret etmeden \u00f6nce l\u00fctfen gerekli t\u00fcm belgelere sahip oldu\u011funuzdan emin olun.<\/p>\n<div class=\"su-note\"  style=\"border-color:#dadbdd;border-radius:2px;-moz-border-radius:2px;-webkit-border-radius:2px;\"><div class=\"su-note-inner su-u-clearfix su-u-trim\" style=\"background-color:#f4f5f7;border-color:#ffffff;color:#333333;border-radius:2px;-moz-border-radius:2px;-webkit-border-radius:2px;\"><strong>Bir uyar\u0131:<\/strong> Ofisler, makamlar veya mahkemeler i\u00e7in genellikle a\u015fa\u011f\u0131daki belgelere, sertifikalara veya sertifikalara ihtiyac\u0131n\u0131z vard\u0131r. <a href=\"https:\/\/auslaenderaemter.com\/tr\/tasdikli-resmi-belgeler-icin-ceviri\/\">sektifikal\u0131 \u00e7eviri<\/a>.<\/div><\/div>\n<ul>\n<li>Birlikte\u00a0<a href=\"https:\/\/auslaenderaemter.com\/tr\/taahhuet-beyani\/\" data-wpel-link=\"internal\">taahh\u00fct beyan\u0131<\/a>\u00a0yurtd\u0131\u015f\u0131ndan gelen ziyaret\u00e7ilerin Almanya&#039;ya girmesine izin verebilirsiniz.<\/li>\n<li><strong>Yurt d\u0131\u015f\u0131ndan ziyaret\u00e7i mi bekliyorsunuz?<\/strong>\u00a0Birlikte\u00a0<a href=\"https:\/\/tidd.ly\/3u98xUL\" target=\"_blank\" rel=\"nofollow noopener external noreferrer\" data-wpel-link=\"external\">Yabanc\u0131 misafirler i\u00e7in seyahat sa\u011fl\u0131k sigortas\u0131<\/a>* Almanya ve Avrupa&#039;da tamamen korunuyorsunuz.<\/li>\n<\/ul>\n<h3>Daha \u00f6te <span class=\"ez-toc-section\">G\u00f6\u00e7menlik makamlar\u0131 <\/span>ba\u011flant\u0131lar ve kaynaklar<\/h3>\n<ul>\n<li><a href=\"https:\/\/auslaenderaemter.com\/tr\/\">Almanya&#039;daki G\u00f6\u00e7menlik B\u00fcrolar\u0131<\/a><\/li>\n<li><a href=\"https:\/\/www.bamf.de\/DE\/Startseite\/startseite_node.html\" target=\"_blank\" rel=\"noopener nofollow external noreferrer\" data-wpel-link=\"external\">Federal G\u00f6\u00e7 ve M\u00fclteciler Dairesi<\/a>\u00a0(BAMF)<\/li>\n<\/ul>","protected":false},"excerpt":{"rendered":"<p>Burada, Kuzey Ren-Vestfalya&#039;daki g\u00f6\u00e7menlik dairelerinin \/ g\u00f6\u00e7menlik dairelerinin ileti\u015fim bilgilerini, adreslerini ve \u00e7al\u0131\u015fma saatlerini bulacaks\u0131n\u0131z. Kuzey Ren-Vestfalya&#039;daki t\u00fcm g\u00f6\u00e7menlik b\u00fcrolar\u0131na \/ g\u00f6\u00e7menlik makamlar\u0131na genel bak\u0131\u015f Aachen Altena Arnsberg Balve Bergheim Bergisch Gladbach Bergkamen Bielefeld Blomberg Bocholt Bonn Borken Bottrop Brilon Br\u00fchl Castrop-Rauxel Coesfeld Datteln Detmold Dinslaken Dormagen Dorsten Dortmund Duisburg D\u00fcren D\u00fcsseldorf Ennepetal Erkrath Essen Euskirchen Fr\u00f6ndenberg Geldern. ..&nbsp;<a href=\"https:\/\/auslaenderaemter.com\/tr\/goecmenlik-buerolari-in-kuzey-ren-westphalen\/\" rel=\"bookmark\">Devam\u0131n\u0131 oku &quot;<span class=\"screen-reader-text\">Kuzey Ren-Vestfalya&#039;daki G\u00f6\u00e7menlik B\u00fcrolar\u0131<\/span><\/a><\/p>","protected":false},"author":1,"featured_media":37,"parent":0,"menu_order":0,"comment_status":"closed","ping_status":"closed","template":"","meta":{"neve_meta_sidebar":"full-width","neve_meta_container":"","neve_meta_enable_content_width":"on","neve_meta_content_width":100,"neve_meta_title_alignment":"","neve_meta_author_avatar":"","neve_post_elements_order":"","neve_meta_disable_header":"","neve_meta_disable_footer":"","neve_meta_disable_title":"","neve_meta_reading_time":"","footnotes":""},"class_list":["post-60","page","type-page","status-publish","has-post-thumbnail","hentry"],"yoast_head":"<!-- This site is optimized with the Yoast SEO plugin v27.5 - https:\/\/yoast.com\/product\/yoast-seo-wordpress\/ -->\n<title>Ausl\u00e4nder\u00e4mter in Nordrhein-Westfalen | Adressen und Anschrift<\/title>\n<meta name=\"description\" content=\"Ausl\u00e4nder\u00e4mter in Nordrhein-Westfalen | Adresse und Anschrift \u2713 Telefonnummer, Kontakt und \u00d6ffnungszeiten \u2713 Ausl\u00e4nderbeh\u00f6rden in Deutschland\" \/>\n<meta name=\"robots\" content=\"index, follow, max-snippet:-1, max-image-preview:large, max-video-preview:-1\" \/>\n<link rel=\"canonical\" href=\"https:\/\/auslaenderaemter.com\/tr\/goecmenlik-buerolari-in-kuzey-ren-westphalen\/\" \/>\n<meta property=\"og:locale\" content=\"tr_TR\" \/>\n<meta property=\"og:type\" content=\"article\" \/>\n<meta property=\"og:title\" content=\"Ausl\u00e4nder\u00e4mter in Nordrhein-Westfalen | Adressen und Anschrift\" \/>\n<meta property=\"og:description\" content=\"Ausl\u00e4nder\u00e4mter in Nordrhein-Westfalen | Adresse und Anschrift \u2713 Telefonnummer, Kontakt und \u00d6ffnungszeiten \u2713 Ausl\u00e4nderbeh\u00f6rden in Deutschland\" \/>\n<meta property=\"og:url\" content=\"https:\/\/auslaenderaemter.com\/tr\/goecmenlik-buerolari-in-kuzey-ren-westphalen\/\" \/>\n<meta property=\"og:site_name\" content=\"auslaenderaemter.com\" \/>\n<meta property=\"article:modified_time\" content=\"2022-10-28T13:34:48+00:00\" \/>\n<meta property=\"og:image\" content=\"https:\/\/auslaenderaemter.com\/wp-content\/uploads\/2021\/01\/city-263069_640.jpg\" \/>\n\t<meta property=\"og:image:width\" content=\"640\" \/>\n\t<meta property=\"og:image:height\" content=\"480\" \/>\n\t<meta property=\"og:image:type\" content=\"image\/jpeg\" \/>\n<meta name=\"twitter:card\" content=\"summary_large_image\" \/>\n<meta name=\"twitter:label1\" content=\"Tahmini okuma s\u00fcresi\" \/>\n\t<meta name=\"twitter:data1\" content=\"2 dakika\" \/>\n<script type=\"application\/ld+json\" class=\"yoast-schema-graph\">{\"@context\":\"https:\\\/\\\/schema.org\",\"@graph\":[{\"@type\":\"WebPage\",\"@id\":\"https:\\\/\\\/auslaenderaemter.com\\\/auslaenderaemter-in-nordrhein-westphalen\\\/\",\"url\":\"https:\\\/\\\/auslaenderaemter.com\\\/auslaenderaemter-in-nordrhein-westphalen\\\/\",\"name\":\"Ausl\u00e4nder\u00e4mter in Nordrhein-Westfalen | Adressen und Anschrift\",\"isPartOf\":{\"@id\":\"https:\\\/\\\/auslaenderaemter.com\\\/#website\"},\"primaryImageOfPage\":{\"@id\":\"https:\\\/\\\/auslaenderaemter.com\\\/auslaenderaemter-in-nordrhein-westphalen\\\/#primaryimage\"},\"image\":{\"@id\":\"https:\\\/\\\/auslaenderaemter.com\\\/auslaenderaemter-in-nordrhein-westphalen\\\/#primaryimage\"},\"thumbnailUrl\":\"https:\\\/\\\/auslaenderaemter.com\\\/wp-content\\\/uploads\\\/2021\\\/01\\\/city-263069_640.jpg\",\"datePublished\":\"2021-01-26T13:40:35+00:00\",\"dateModified\":\"2022-10-28T13:34:48+00:00\",\"description\":\"Ausl\u00e4nder\u00e4mter in Nordrhein-Westfalen | Adresse und Anschrift \u2713 Telefonnummer, Kontakt und \u00d6ffnungszeiten \u2713 Ausl\u00e4nderbeh\u00f6rden in Deutschland\",\"breadcrumb\":{\"@id\":\"https:\\\/\\\/auslaenderaemter.com\\\/auslaenderaemter-in-nordrhein-westphalen\\\/#breadcrumb\"},\"inLanguage\":\"tr\",\"potentialAction\":[{\"@type\":\"ReadAction\",\"target\":[\"https:\\\/\\\/auslaenderaemter.com\\\/auslaenderaemter-in-nordrhein-westphalen\\\/\"]}]},{\"@type\":\"ImageObject\",\"inLanguage\":\"tr\",\"@id\":\"https:\\\/\\\/auslaenderaemter.com\\\/auslaenderaemter-in-nordrhein-westphalen\\\/#primaryimage\",\"url\":\"https:\\\/\\\/auslaenderaemter.com\\\/wp-content\\\/uploads\\\/2021\\\/01\\\/city-263069_640.jpg\",\"contentUrl\":\"https:\\\/\\\/auslaenderaemter.com\\\/wp-content\\\/uploads\\\/2021\\\/01\\\/city-263069_640.jpg\",\"width\":640,\"height\":480,\"caption\":\"Ausl\u00e4nder\u00e4mter in Deutschland\"},{\"@type\":\"BreadcrumbList\",\"@id\":\"https:\\\/\\\/auslaenderaemter.com\\\/auslaenderaemter-in-nordrhein-westphalen\\\/#breadcrumb\",\"itemListElement\":[{\"@type\":\"ListItem\",\"position\":1,\"name\":\"Startseite\",\"item\":\"https:\\\/\\\/auslaenderaemter.com\\\/\"},{\"@type\":\"ListItem\",\"position\":2,\"name\":\"Ausl\u00e4nder\u00e4mter in Nordrhein-Westfalen\"}]},{\"@type\":\"WebSite\",\"@id\":\"https:\\\/\\\/auslaenderaemter.com\\\/#website\",\"url\":\"https:\\\/\\\/auslaenderaemter.com\\\/\",\"name\":\"auslaenderaemter.com\",\"description\":\"\",\"publisher\":{\"@id\":\"https:\\\/\\\/auslaenderaemter.com\\\/#organization\"},\"potentialAction\":[{\"@type\":\"SearchAction\",\"target\":{\"@type\":\"EntryPoint\",\"urlTemplate\":\"https:\\\/\\\/auslaenderaemter.com\\\/?s={search_term_string}\"},\"query-input\":{\"@type\":\"PropertyValueSpecification\",\"valueRequired\":true,\"valueName\":\"search_term_string\"}}],\"inLanguage\":\"tr\"},{\"@type\":\"Organization\",\"@id\":\"https:\\\/\\\/auslaenderaemter.com\\\/#organization\",\"name\":\"auslaenderaemter.com\",\"url\":\"https:\\\/\\\/auslaenderaemter.com\\\/\",\"logo\":{\"@type\":\"ImageObject\",\"inLanguage\":\"tr\",\"@id\":\"https:\\\/\\\/auslaenderaemter.com\\\/#\\\/schema\\\/logo\\\/image\\\/\",\"url\":\"https:\\\/\\\/auslaenderaemter.com\\\/wp-content\\\/uploads\\\/2021\\\/01\\\/cropped-Vollmond-info-13.png\",\"contentUrl\":\"https:\\\/\\\/auslaenderaemter.com\\\/wp-content\\\/uploads\\\/2021\\\/01\\\/cropped-Vollmond-info-13.png\",\"width\":500,\"height\":117,\"caption\":\"auslaenderaemter.com\"},\"image\":{\"@id\":\"https:\\\/\\\/auslaenderaemter.com\\\/#\\\/schema\\\/logo\\\/image\\\/\"}}]}<\/script>\n<!-- \/ Yoast SEO plugin. -->","yoast_head_json":{"title":"Kuzey Ren-Vestfalya&#039;daki G\u00f6\u00e7menlik B\u00fcrolar\u0131 | adresler ve adres","description":"Kuzey Ren-Vestfalya&#039;daki G\u00f6\u00e7menlik B\u00fcrolar\u0131 | Adres ve adres \u2713 Telefon numaras\u0131, ileti\u015fim ve \u00e7al\u0131\u015fma saatleri \u2713 Almanya&#039;daki g\u00f6\u00e7menlik makamlar\u0131","robots":{"index":"index","follow":"follow","max-snippet":"max-snippet:-1","max-image-preview":"max-image-preview:large","max-video-preview":"max-video-preview:-1"},"canonical":"https:\/\/auslaenderaemter.com\/tr\/goecmenlik-buerolari-in-kuzey-ren-westphalen\/","og_locale":"tr_TR","og_type":"article","og_title":"Ausl\u00e4nder\u00e4mter in Nordrhein-Westfalen | Adressen und Anschrift","og_description":"Ausl\u00e4nder\u00e4mter in Nordrhein-Westfalen | Adresse und Anschrift \u2713 Telefonnummer, Kontakt und \u00d6ffnungszeiten \u2713 Ausl\u00e4nderbeh\u00f6rden in Deutschland","og_url":"https:\/\/auslaenderaemter.com\/tr\/goecmenlik-buerolari-in-kuzey-ren-westphalen\/","og_site_name":"auslaenderaemter.com","article_modified_time":"2022-10-28T13:34:48+00:00","og_image":[{"width":640,"height":480,"url":"https:\/\/auslaenderaemter.com\/wp-content\/uploads\/2021\/01\/city-263069_640.jpg","type":"image\/jpeg"}],"twitter_card":"summary_large_image","twitter_misc":{"Tahmini okuma s\u00fcresi":"2 dakika"},"schema":{"@context":"https:\/\/schema.org","@graph":[{"@type":"WebPage","@id":"https:\/\/auslaenderaemter.com\/auslaenderaemter-in-nordrhein-westphalen\/","url":"https:\/\/auslaenderaemter.com\/auslaenderaemter-in-nordrhein-westphalen\/","name":"Kuzey Ren-Vestfalya&#039;daki G\u00f6\u00e7menlik B\u00fcrolar\u0131 | adresler ve adres","isPartOf":{"@id":"https:\/\/auslaenderaemter.com\/#website"},"primaryImageOfPage":{"@id":"https:\/\/auslaenderaemter.com\/auslaenderaemter-in-nordrhein-westphalen\/#primaryimage"},"image":{"@id":"https:\/\/auslaenderaemter.com\/auslaenderaemter-in-nordrhein-westphalen\/#primaryimage"},"thumbnailUrl":"https:\/\/auslaenderaemter.com\/wp-content\/uploads\/2021\/01\/city-263069_640.jpg","datePublished":"2021-01-26T13:40:35+00:00","dateModified":"2022-10-28T13:34:48+00:00","description":"Kuzey Ren-Vestfalya&#039;daki G\u00f6\u00e7menlik B\u00fcrolar\u0131 | Adres ve adres \u2713 Telefon numaras\u0131, ileti\u015fim ve \u00e7al\u0131\u015fma saatleri \u2713 Almanya&#039;daki g\u00f6\u00e7menlik makamlar\u0131","breadcrumb":{"@id":"https:\/\/auslaenderaemter.com\/auslaenderaemter-in-nordrhein-westphalen\/#breadcrumb"},"inLanguage":"tr","potentialAction":[{"@type":"ReadAction","target":["https:\/\/auslaenderaemter.com\/auslaenderaemter-in-nordrhein-westphalen\/"]}]},{"@type":"ImageObject","inLanguage":"tr","@id":"https:\/\/auslaenderaemter.com\/auslaenderaemter-in-nordrhein-westphalen\/#primaryimage","url":"https:\/\/auslaenderaemter.com\/wp-content\/uploads\/2021\/01\/city-263069_640.jpg","contentUrl":"https:\/\/auslaenderaemter.com\/wp-content\/uploads\/2021\/01\/city-263069_640.jpg","width":640,"height":480,"caption":"Ausl\u00e4nder\u00e4mter in Deutschland"},{"@type":"BreadcrumbList","@id":"https:\/\/auslaenderaemter.com\/auslaenderaemter-in-nordrhein-westphalen\/#breadcrumb","itemListElement":[{"@type":"ListItem","position":1,"name":"Startseite","item":"https:\/\/auslaenderaemter.com\/"},{"@type":"ListItem","position":2,"name":"Ausl\u00e4nder\u00e4mter in Nordrhein-Westfalen"}]},{"@type":"WebSite","@id":"https:\/\/auslaenderaemter.com\/#website","url":"https:\/\/auslaenderaemter.com\/","name":"auslaenderaemter.com","description":"","publisher":{"@id":"https:\/\/auslaenderaemter.com\/#organization"},"potentialAction":[{"@type":"SearchAction","target":{"@type":"EntryPoint","urlTemplate":"https:\/\/auslaenderaemter.com\/?s={search_term_string}"},"query-input":{"@type":"PropertyValueSpecification","valueRequired":true,"valueName":"search_term_string"}}],"inLanguage":"tr"},{"@type":"Organization","@id":"https:\/\/auslaenderaemter.com\/#organization","name":"auslaenderaemter.com","url":"https:\/\/auslaenderaemter.com\/","logo":{"@type":"ImageObject","inLanguage":"tr","@id":"https:\/\/auslaenderaemter.com\/#\/schema\/logo\/image\/","url":"https:\/\/auslaenderaemter.com\/wp-content\/uploads\/2021\/01\/cropped-Vollmond-info-13.png","contentUrl":"https:\/\/auslaenderaemter.com\/wp-content\/uploads\/2021\/01\/cropped-Vollmond-info-13.png","width":500,"height":117,"caption":"auslaenderaemter.com"},"image":{"@id":"https:\/\/auslaenderaemter.com\/#\/schema\/logo\/image\/"}}]}},"_links":{"self":[{"href":"https:\/\/auslaenderaemter.com\/tr\/wp-json\/wp\/v2\/pages\/60","targetHints":{"allow":["GET"]}}],"collection":[{"href":"https:\/\/auslaenderaemter.com\/tr\/wp-json\/wp\/v2\/pages"}],"about":[{"href":"https:\/\/auslaenderaemter.com\/tr\/wp-json\/wp\/v2\/types\/page"}],"author":[{"embeddable":true,"href":"https:\/\/auslaenderaemter.com\/tr\/wp-json\/wp\/v2\/users\/1"}],"replies":[{"embeddable":true,"href":"https:\/\/auslaenderaemter.com\/tr\/wp-json\/wp\/v2\/comments?post=60"}],"version-history":[{"count":0,"href":"https:\/\/auslaenderaemter.com\/tr\/wp-json\/wp\/v2\/pages\/60\/revisions"}],"wp:featuredmedia":[{"embeddable":true,"href":"https:\/\/auslaenderaemter.com\/tr\/wp-json\/wp\/v2\/media\/37"}],"wp:attachment":[{"href":"https:\/\/auslaenderaemter.com\/tr\/wp-json\/wp\/v2\/media?parent=60"}],"curies":[{"name":"wp","href":"https:\/\/api.w.org\/{rel}","templated":true}]}}