{"id":64,"date":"2021-01-26T14:43:58","date_gmt":"2021-01-26T13:43:58","guid":{"rendered":"https:\/\/auslaenderaemter.com\/?page_id=64"},"modified":"2022-07-04T18:44:53","modified_gmt":"2022-07-04T16:44:53","slug":"auslaenderaemter-im-saarland","status":"publish","type":"page","link":"https:\/\/auslaenderaemter.com\/tr\/saarlanddaki-goecmenlik-buerolari\/","title":{"rendered":"Saarland&#039;daki G\u00f6\u00e7menlik B\u00fcrolar\u0131"},"content":{"rendered":"<p><strong>Burada, Saarland&#039;daki g\u00f6\u00e7menlik b\u00fcrolar\u0131n\u0131n \/ g\u00f6\u00e7menlik makamlar\u0131n\u0131n ileti\u015fim bilgilerini, adreslerini ve \u00e7al\u0131\u015fma saatlerini bulacaks\u0131n\u0131z.<\/strong><\/p>\n<h2><span id=\"Uebersicht_aller_Jobcenter_in_Baden-Wuerttemberg\" class=\"ez-toc-section\">Saarland&#039;daki t\u00fcm g\u00f6\u00e7menlik b\u00fcrolar\u0131na \/ g\u00f6\u00e7menlik makamlar\u0131na genel bak\u0131\u015f<\/span><\/h2>\n<ul>\n<li><a href=\"https:\/\/auslaenderaemter.com\/tr\/goecmenlik-ofisi-homburg\/\">homburg<\/a><\/li>\n<li><a href=\"https:\/\/auslaenderaemter.com\/tr\/goecmenlik-buerosu-lebach\/\">Lebach<\/a><\/li>\n<li><a href=\"https:\/\/auslaenderaemter.com\/tr\/goecmenlik-buerosu-saarbruecken\/\">Saarbr\u00fccken<\/a><\/li>\n<li><a href=\"https:\/\/auslaenderaemter.com\/tr\/goecmenlik-buerosu-sankt-wedel\/\">Aziz Wendel<\/a><\/li>\n<li><a href=\"https:\/\/auslaenderaemter.com\/tr\/goecmenlik-buerosu-11\/\">ku\u015flar<\/a><\/li>\n<\/ul>\n<h3>G\u00f6\u00e7menlik makamlar\u0131n\u0131n g\u00f6revleri<\/h3>\n<p>G\u00f6\u00e7menlik makamlar\u0131, ikamet ve pasaport kanunu ile ilgili tedbirlerden sorumludur. \u0130kamet Yasas\u0131 ve di\u011fer g\u00f6\u00e7menlik yasalar\u0131n\u0131n h\u00fck\u00fcmlerine g\u00f6re karar verirler.<\/p>\n<p><strong>Di\u011fer g\u00f6revler ve hizmetler \u015funlard\u0131r:<\/strong><\/p>\n<ul>\n<li>Elektronik oturma izni (eAT)<\/li>\n<li>M\u00fclteci yard\u0131m\u0131 i\u00e7in irtibat ki\u015fisi<\/li>\n<li>\u00c7al\u0131\u015fma izni<\/li>\n<li>giri\u015f\u00a0<span class=\"highlight\">ve<\/span>\u00a0Almanya&#039;da Konaklama<\/li>\n<li>iltica<\/li>\n<li>entegrasyon<\/li>\n<li>taahh\u00fct beyan\u0131<\/li>\n<\/ul>\n<h3>G\u00f6\u00e7menlik B\u00fcrosunda Randevu<\/h3>\n<p>\u00c7o\u011fu durumda telefonla, ileti\u015fim formunu kullanarak veya ilgili \u015fehrin hizmet portal\u0131 arac\u0131l\u0131\u011f\u0131yla randevu alabilirsiniz. G\u00f6\u00e7menlik b\u00fcrosunu ziyaret etmeden \u00f6nce l\u00fctfen gerekli t\u00fcm belgelere sahip oldu\u011funuzdan emin olun.<\/p>\n<div class=\"su-note\"  style=\"border-color:#dadbdd;border-radius:2px;-moz-border-radius:2px;-webkit-border-radius:2px;\"><div class=\"su-note-inner su-u-clearfix su-u-trim\" style=\"background-color:#f4f5f7;border-color:#ffffff;color:#333333;border-radius:2px;-moz-border-radius:2px;-webkit-border-radius:2px;\"><strong>Bir uyar\u0131:<\/strong> Ofisler, makamlar veya mahkemeler i\u00e7in genellikle a\u015fa\u011f\u0131daki belgelere, sertifikalara veya sertifikalara ihtiyac\u0131n\u0131z vard\u0131r. <a href=\"https:\/\/auslaenderaemter.com\/tr\/tasdikli-resmi-belgeler-icin-ceviri\/\">sektifikal\u0131 \u00e7eviri<\/a>.<\/div><\/div>\n<ul>\n<li>Birlikte\u00a0<a href=\"https:\/\/auslaenderaemter.com\/tr\/taahhuet-beyani\/\" data-wpel-link=\"internal\">taahh\u00fct beyan\u0131<\/a>\u00a0yurtd\u0131\u015f\u0131ndan gelen ziyaret\u00e7ilerin Almanya&#039;ya girmesine izin verebilirsiniz.<\/li>\n<li><strong>Yurt d\u0131\u015f\u0131ndan ziyaret\u00e7i mi bekliyorsunuz?<\/strong>\u00a0Birlikte\u00a0<a href=\"https:\/\/tidd.ly\/3u98xUL\" target=\"_blank\" rel=\"nofollow noopener external noreferrer\" data-wpel-link=\"external\">Yabanc\u0131 misafirler i\u00e7in seyahat sa\u011fl\u0131k sigortas\u0131<\/a>* Almanya ve Avrupa&#039;da tamamen korunuyorsunuz.<\/li>\n<\/ul>\n<h3>Daha \u00f6te <span class=\"ez-toc-section\">G\u00f6\u00e7menlik makamlar\u0131 <\/span>ba\u011flant\u0131lar ve kaynaklar<\/h3>\n<ul>\n<li><a href=\"https:\/\/auslaenderaemter.com\/tr\/\">Almanya&#039;daki G\u00f6\u00e7menlik B\u00fcrolar\u0131<\/a><\/li>\n<li><a href=\"https:\/\/www.bamf.de\/DE\/Startseite\/startseite_node.html\" target=\"_blank\" rel=\"noopener nofollow external noreferrer\" data-wpel-link=\"external\">Federal G\u00f6\u00e7 ve M\u00fclteciler Dairesi<\/a>\u00a0(BAMF)<\/li>\n<\/ul>","protected":false},"excerpt":{"rendered":"<p>Burada, Saarland&#039;daki g\u00f6\u00e7menlik b\u00fcrolar\u0131n\u0131n \/ g\u00f6\u00e7menlik makamlar\u0131n\u0131n ileti\u015fim bilgilerini, adreslerini ve \u00e7al\u0131\u015fma saatlerini bulacaks\u0131n\u0131z. Saarland Homburg&#039;daki t\u00fcm g\u00f6\u00e7menlik b\u00fcrolar\u0131 \/ g\u00f6\u00e7menlik makamlar\u0131na genel bak\u0131\u015f \u0130kamet Yasas\u0131 ve di\u011fer g\u00f6\u00e7menlik yasalar\u0131n\u0131n h\u00fck\u00fcmlerine g\u00f6re karar verirler. Di\u011fer g\u00f6revler\u2026&nbsp;<a href=\"https:\/\/auslaenderaemter.com\/tr\/saarlanddaki-goecmenlik-buerolari\/\" rel=\"bookmark\">Devam\u0131n\u0131 oku &quot;<span class=\"screen-reader-text\">Saarland&#039;daki G\u00f6\u00e7menlik B\u00fcrolar\u0131<\/span><\/a><\/p>","protected":false},"author":1,"featured_media":37,"parent":0,"menu_order":0,"comment_status":"closed","ping_status":"closed","template":"","meta":{"neve_meta_sidebar":"full-width","neve_meta_container":"","neve_meta_enable_content_width":"on","neve_meta_content_width":100,"neve_meta_title_alignment":"","neve_meta_author_avatar":"","neve_post_elements_order":"","neve_meta_disable_header":"","neve_meta_disable_footer":"","neve_meta_disable_title":"","neve_meta_reading_time":"","footnotes":""},"class_list":["post-64","page","type-page","status-publish","has-post-thumbnail","hentry"],"yoast_head":"<!-- This site is optimized with the Yoast SEO plugin v27.4 - https:\/\/yoast.com\/product\/yoast-seo-wordpress\/ -->\n<title>Ausl\u00e4nder\u00e4mter im Saarland | Adresse, Anschrift und Kontakt<\/title>\n<meta name=\"description\" content=\"Ausl\u00e4nder\u00e4mter im Saarland | Adresse und Anschrift \u2713 Telefonnummer, Kontakt und \u00d6ffnungszeiten \u2713 Ausl\u00e4nderbeh\u00f6rden in Deutschland\" \/>\n<meta name=\"robots\" content=\"index, follow, max-snippet:-1, max-image-preview:large, max-video-preview:-1\" \/>\n<link rel=\"canonical\" href=\"https:\/\/auslaenderaemter.com\/tr\/saarlanddaki-goecmenlik-buerolari\/\" \/>\n<meta property=\"og:locale\" content=\"tr_TR\" \/>\n<meta property=\"og:type\" content=\"article\" \/>\n<meta property=\"og:title\" content=\"Ausl\u00e4nder\u00e4mter im Saarland | Adresse, Anschrift und Kontakt\" \/>\n<meta property=\"og:description\" content=\"Ausl\u00e4nder\u00e4mter im Saarland | Adresse und Anschrift \u2713 Telefonnummer, Kontakt und \u00d6ffnungszeiten \u2713 Ausl\u00e4nderbeh\u00f6rden in Deutschland\" \/>\n<meta property=\"og:url\" content=\"https:\/\/auslaenderaemter.com\/tr\/saarlanddaki-goecmenlik-buerolari\/\" \/>\n<meta property=\"og:site_name\" content=\"auslaenderaemter.com\" \/>\n<meta property=\"article:modified_time\" content=\"2022-07-04T16:44:53+00:00\" \/>\n<meta property=\"og:image\" content=\"https:\/\/auslaenderaemter.com\/wp-content\/uploads\/2021\/01\/city-263069_640.jpg\" \/>\n\t<meta property=\"og:image:width\" content=\"640\" \/>\n\t<meta property=\"og:image:height\" content=\"480\" \/>\n\t<meta property=\"og:image:type\" content=\"image\/jpeg\" \/>\n<meta name=\"twitter:card\" content=\"summary_large_image\" \/>\n<meta name=\"twitter:label1\" content=\"Tahmini okuma s\u00fcresi\" \/>\n\t<meta name=\"twitter:data1\" content=\"1 dakika\" \/>\n<script type=\"application\/ld+json\" class=\"yoast-schema-graph\">{\"@context\":\"https:\\\/\\\/schema.org\",\"@graph\":[{\"@type\":\"WebPage\",\"@id\":\"https:\\\/\\\/auslaenderaemter.com\\\/auslaenderaemter-im-saarland\\\/\",\"url\":\"https:\\\/\\\/auslaenderaemter.com\\\/auslaenderaemter-im-saarland\\\/\",\"name\":\"Ausl\u00e4nder\u00e4mter im Saarland | Adresse, Anschrift und Kontakt\",\"isPartOf\":{\"@id\":\"https:\\\/\\\/auslaenderaemter.com\\\/#website\"},\"primaryImageOfPage\":{\"@id\":\"https:\\\/\\\/auslaenderaemter.com\\\/auslaenderaemter-im-saarland\\\/#primaryimage\"},\"image\":{\"@id\":\"https:\\\/\\\/auslaenderaemter.com\\\/auslaenderaemter-im-saarland\\\/#primaryimage\"},\"thumbnailUrl\":\"https:\\\/\\\/auslaenderaemter.com\\\/wp-content\\\/uploads\\\/2021\\\/01\\\/city-263069_640.jpg\",\"datePublished\":\"2021-01-26T13:43:58+00:00\",\"dateModified\":\"2022-07-04T16:44:53+00:00\",\"description\":\"Ausl\u00e4nder\u00e4mter im Saarland | Adresse und Anschrift \u2713 Telefonnummer, Kontakt und \u00d6ffnungszeiten \u2713 Ausl\u00e4nderbeh\u00f6rden in Deutschland\",\"breadcrumb\":{\"@id\":\"https:\\\/\\\/auslaenderaemter.com\\\/auslaenderaemter-im-saarland\\\/#breadcrumb\"},\"inLanguage\":\"tr\",\"potentialAction\":[{\"@type\":\"ReadAction\",\"target\":[\"https:\\\/\\\/auslaenderaemter.com\\\/auslaenderaemter-im-saarland\\\/\"]}]},{\"@type\":\"ImageObject\",\"inLanguage\":\"tr\",\"@id\":\"https:\\\/\\\/auslaenderaemter.com\\\/auslaenderaemter-im-saarland\\\/#primaryimage\",\"url\":\"https:\\\/\\\/auslaenderaemter.com\\\/wp-content\\\/uploads\\\/2021\\\/01\\\/city-263069_640.jpg\",\"contentUrl\":\"https:\\\/\\\/auslaenderaemter.com\\\/wp-content\\\/uploads\\\/2021\\\/01\\\/city-263069_640.jpg\",\"width\":640,\"height\":480,\"caption\":\"Ausl\u00e4nder\u00e4mter in Deutschland\"},{\"@type\":\"BreadcrumbList\",\"@id\":\"https:\\\/\\\/auslaenderaemter.com\\\/auslaenderaemter-im-saarland\\\/#breadcrumb\",\"itemListElement\":[{\"@type\":\"ListItem\",\"position\":1,\"name\":\"Startseite\",\"item\":\"https:\\\/\\\/auslaenderaemter.com\\\/\"},{\"@type\":\"ListItem\",\"position\":2,\"name\":\"Ausl\u00e4nder\u00e4mter im Saarland\"}]},{\"@type\":\"WebSite\",\"@id\":\"https:\\\/\\\/auslaenderaemter.com\\\/#website\",\"url\":\"https:\\\/\\\/auslaenderaemter.com\\\/\",\"name\":\"auslaenderaemter.com\",\"description\":\"\",\"publisher\":{\"@id\":\"https:\\\/\\\/auslaenderaemter.com\\\/#organization\"},\"potentialAction\":[{\"@type\":\"SearchAction\",\"target\":{\"@type\":\"EntryPoint\",\"urlTemplate\":\"https:\\\/\\\/auslaenderaemter.com\\\/?s={search_term_string}\"},\"query-input\":{\"@type\":\"PropertyValueSpecification\",\"valueRequired\":true,\"valueName\":\"search_term_string\"}}],\"inLanguage\":\"tr\"},{\"@type\":\"Organization\",\"@id\":\"https:\\\/\\\/auslaenderaemter.com\\\/#organization\",\"name\":\"auslaenderaemter.com\",\"url\":\"https:\\\/\\\/auslaenderaemter.com\\\/\",\"logo\":{\"@type\":\"ImageObject\",\"inLanguage\":\"tr\",\"@id\":\"https:\\\/\\\/auslaenderaemter.com\\\/#\\\/schema\\\/logo\\\/image\\\/\",\"url\":\"https:\\\/\\\/auslaenderaemter.com\\\/wp-content\\\/uploads\\\/2021\\\/01\\\/cropped-Vollmond-info-13.png\",\"contentUrl\":\"https:\\\/\\\/auslaenderaemter.com\\\/wp-content\\\/uploads\\\/2021\\\/01\\\/cropped-Vollmond-info-13.png\",\"width\":500,\"height\":117,\"caption\":\"auslaenderaemter.com\"},\"image\":{\"@id\":\"https:\\\/\\\/auslaenderaemter.com\\\/#\\\/schema\\\/logo\\\/image\\\/\"}}]}<\/script>\n<!-- \/ Yoast SEO plugin. -->","yoast_head_json":{"title":"Saarland&#039;daki G\u00f6\u00e7menlik B\u00fcrolar\u0131 | Adres, adres ve ileti\u015fim","description":"Saarland&#039;daki G\u00f6\u00e7menlik B\u00fcrolar\u0131 | Adres ve adres \u2713 Telefon numaras\u0131, ileti\u015fim ve \u00e7al\u0131\u015fma saatleri \u2713 Almanya&#039;daki g\u00f6\u00e7menlik makamlar\u0131","robots":{"index":"index","follow":"follow","max-snippet":"max-snippet:-1","max-image-preview":"max-image-preview:large","max-video-preview":"max-video-preview:-1"},"canonical":"https:\/\/auslaenderaemter.com\/tr\/saarlanddaki-goecmenlik-buerolari\/","og_locale":"tr_TR","og_type":"article","og_title":"Ausl\u00e4nder\u00e4mter im Saarland | Adresse, Anschrift und Kontakt","og_description":"Ausl\u00e4nder\u00e4mter im Saarland | Adresse und Anschrift \u2713 Telefonnummer, Kontakt und \u00d6ffnungszeiten \u2713 Ausl\u00e4nderbeh\u00f6rden in Deutschland","og_url":"https:\/\/auslaenderaemter.com\/tr\/saarlanddaki-goecmenlik-buerolari\/","og_site_name":"auslaenderaemter.com","article_modified_time":"2022-07-04T16:44:53+00:00","og_image":[{"width":640,"height":480,"url":"https:\/\/auslaenderaemter.com\/wp-content\/uploads\/2021\/01\/city-263069_640.jpg","type":"image\/jpeg"}],"twitter_card":"summary_large_image","twitter_misc":{"Tahmini okuma s\u00fcresi":"1 dakika"},"schema":{"@context":"https:\/\/schema.org","@graph":[{"@type":"WebPage","@id":"https:\/\/auslaenderaemter.com\/auslaenderaemter-im-saarland\/","url":"https:\/\/auslaenderaemter.com\/auslaenderaemter-im-saarland\/","name":"Saarland&#039;daki G\u00f6\u00e7menlik B\u00fcrolar\u0131 | Adres, adres ve ileti\u015fim","isPartOf":{"@id":"https:\/\/auslaenderaemter.com\/#website"},"primaryImageOfPage":{"@id":"https:\/\/auslaenderaemter.com\/auslaenderaemter-im-saarland\/#primaryimage"},"image":{"@id":"https:\/\/auslaenderaemter.com\/auslaenderaemter-im-saarland\/#primaryimage"},"thumbnailUrl":"https:\/\/auslaenderaemter.com\/wp-content\/uploads\/2021\/01\/city-263069_640.jpg","datePublished":"2021-01-26T13:43:58+00:00","dateModified":"2022-07-04T16:44:53+00:00","description":"Saarland&#039;daki G\u00f6\u00e7menlik B\u00fcrolar\u0131 | Adres ve adres \u2713 Telefon numaras\u0131, ileti\u015fim ve \u00e7al\u0131\u015fma saatleri \u2713 Almanya&#039;daki g\u00f6\u00e7menlik makamlar\u0131","breadcrumb":{"@id":"https:\/\/auslaenderaemter.com\/auslaenderaemter-im-saarland\/#breadcrumb"},"inLanguage":"tr","potentialAction":[{"@type":"ReadAction","target":["https:\/\/auslaenderaemter.com\/auslaenderaemter-im-saarland\/"]}]},{"@type":"ImageObject","inLanguage":"tr","@id":"https:\/\/auslaenderaemter.com\/auslaenderaemter-im-saarland\/#primaryimage","url":"https:\/\/auslaenderaemter.com\/wp-content\/uploads\/2021\/01\/city-263069_640.jpg","contentUrl":"https:\/\/auslaenderaemter.com\/wp-content\/uploads\/2021\/01\/city-263069_640.jpg","width":640,"height":480,"caption":"Ausl\u00e4nder\u00e4mter in Deutschland"},{"@type":"BreadcrumbList","@id":"https:\/\/auslaenderaemter.com\/auslaenderaemter-im-saarland\/#breadcrumb","itemListElement":[{"@type":"ListItem","position":1,"name":"Startseite","item":"https:\/\/auslaenderaemter.com\/"},{"@type":"ListItem","position":2,"name":"Ausl\u00e4nder\u00e4mter im Saarland"}]},{"@type":"WebSite","@id":"https:\/\/auslaenderaemter.com\/#website","url":"https:\/\/auslaenderaemter.com\/","name":"auslaenderaemter.com","description":"","publisher":{"@id":"https:\/\/auslaenderaemter.com\/#organization"},"potentialAction":[{"@type":"SearchAction","target":{"@type":"EntryPoint","urlTemplate":"https:\/\/auslaenderaemter.com\/?s={search_term_string}"},"query-input":{"@type":"PropertyValueSpecification","valueRequired":true,"valueName":"search_term_string"}}],"inLanguage":"tr"},{"@type":"Organization","@id":"https:\/\/auslaenderaemter.com\/#organization","name":"auslaenderaemter.com","url":"https:\/\/auslaenderaemter.com\/","logo":{"@type":"ImageObject","inLanguage":"tr","@id":"https:\/\/auslaenderaemter.com\/#\/schema\/logo\/image\/","url":"https:\/\/auslaenderaemter.com\/wp-content\/uploads\/2021\/01\/cropped-Vollmond-info-13.png","contentUrl":"https:\/\/auslaenderaemter.com\/wp-content\/uploads\/2021\/01\/cropped-Vollmond-info-13.png","width":500,"height":117,"caption":"auslaenderaemter.com"},"image":{"@id":"https:\/\/auslaenderaemter.com\/#\/schema\/logo\/image\/"}}]}},"_links":{"self":[{"href":"https:\/\/auslaenderaemter.com\/tr\/wp-json\/wp\/v2\/pages\/64","targetHints":{"allow":["GET"]}}],"collection":[{"href":"https:\/\/auslaenderaemter.com\/tr\/wp-json\/wp\/v2\/pages"}],"about":[{"href":"https:\/\/auslaenderaemter.com\/tr\/wp-json\/wp\/v2\/types\/page"}],"author":[{"embeddable":true,"href":"https:\/\/auslaenderaemter.com\/tr\/wp-json\/wp\/v2\/users\/1"}],"replies":[{"embeddable":true,"href":"https:\/\/auslaenderaemter.com\/tr\/wp-json\/wp\/v2\/comments?post=64"}],"version-history":[{"count":0,"href":"https:\/\/auslaenderaemter.com\/tr\/wp-json\/wp\/v2\/pages\/64\/revisions"}],"wp:featuredmedia":[{"embeddable":true,"href":"https:\/\/auslaenderaemter.com\/tr\/wp-json\/wp\/v2\/media\/37"}],"wp:attachment":[{"href":"https:\/\/auslaenderaemter.com\/tr\/wp-json\/wp\/v2\/media?parent=64"}],"curies":[{"name":"wp","href":"https:\/\/api.w.org\/{rel}","templated":true}]}}