{"id":1506,"date":"2021-02-13T14:53:04","date_gmt":"2021-02-13T13:53:04","guid":{"rendered":"https:\/\/auslaenderaemter.com\/?page_id=1506"},"modified":"2022-07-04T18:29:52","modified_gmt":"2022-07-04T16:29:52","slug":"auslaenderamt-heubach","status":"publish","type":"page","link":"https:\/\/auslaenderaemter.com\/zh\/%e7%a7%bb%e6%b0%91%e5%b1%80-heubach\/","title":{"rendered":"\u79fb\u6c11\u5c40 Heubach"},"content":{"rendered":"<h2>Heubach \u7684\u79fb\u6c11\u529e\u516c\u5ba4\/\u79fb\u6c11\u529e\u516c\u5ba4 \u2013 \u8bbf\u5ba2\u5730\u5740\u548c\u5730\u5740<\/h2>\n<ul>\n<li><strong>\u5730\u5740\uff1a<\/strong> \u5e02\u653f\u5e9c, B\u00f6binger Str. 98, 73540 Heubach, W\u00fcrttemberg<\/li>\n<li><strong>\u7535\u8bdd\uff1a<\/strong> (07173) 3212<\/li>\n<li><strong>\u7f51\u7ad9\uff1a<\/strong> <a href=\"https:\/\/www.heubach.de\/,Lde\/start\" target=\"_blank\" rel=\"noopener\">www.heubach.de<\/a><\/li>\n<li><strong>\u8425\u4e1a\u65f6\u95f4\uff1a<\/strong> \u89c1\u7f51\u7ad9<\/li>\n<\/ul>\n<p><iframe style=\"border: 0;\" tabindex=\"0\" src=\"https:\/\/www.google.com\/maps\/embed?pb=!1m18!1m12!1m3!1d42059.743084692534!2d9.907103185593549!3d48.78696939680429!2m3!1f0!2f0!3f0!3m2!1i1024!2i768!4f13.1!3m3!1m2!1s0x479905ec95266635%3A0x3b46d22e788a2d54!2sStadtverwaltung%20Heubach!5e0!3m2!1sde!2sde!4v1613224372916!5m2!1sde!2sde\" width=\"600\" height=\"450\" frameborder=\"0\" allowfullscreen=\"allowfullscreen\" aria-hidden=\"false\"><\/iframe><\/p>\n<h3><strong>\u9884\u7ea6\u5728 <\/strong>\u5916\u56fd\u4eba\u7ba1\u7406\u5c40 <strong>\uff08\u8d6b\u5df4\u8d6b\uff09<\/strong><\/h3>\n<p>\u5728\u5927\u591a\u6570\u60c5\u51b5\u4e0b\uff0c\u60a8\u53ef\u4ee5\u901a\u8fc7\u7535\u8bdd\u3001\u4f7f\u7528\u8054\u7cfb\u8868\u6216\u901a\u8fc7\u76f8\u5e94\u57ce\u5e02\u7684\u670d\u52a1\u95e8\u6237\u8fdb\u884c\u9884\u7ea6\u3002\u5728\u60a8\u8bbf\u95ee\u79fb\u6c11\u529e\u516c\u5ba4\u4e4b\u524d\uff0c\u8bf7\u786e\u4fdd\u60a8\u62e5\u6709\u6240\u6709\u5fc5\u8981\u7684\u6587\u4ef6\u3002<\/p>\n<div class=\"su-note\"  style=\"border-color:#dadbdd;border-radius:2px;-moz-border-radius:2px;-webkit-border-radius:2px;\"><div class=\"su-note-inner su-u-clearfix su-u-trim\" style=\"background-color:#f4f5f7;border-color:#ffffff;color:#333333;border-radius:2px;-moz-border-radius:2px;-webkit-border-radius:2px;\"><strong>\u4e00\u4e2a\u901a\u77e5\uff1a<\/strong> \u5bf9\u4e8e\u529e\u516c\u5ba4\u3001\u5f53\u5c40\u6216\u6cd5\u9662\uff0c\u60a8\u901a\u5e38\u9700\u8981\u6587\u4ef6\u3001\u8bc1\u4e66\u6216\u8bc1\u4e66\u4f5c\u4e3a <a href=\"https:\/\/auslaenderaemter.com\/zh\/\u5b98\u65b9\u6587\u4ef6\u8ba4\u8bc1\u7ffb\u8bd1\/\">\u8ba4\u8bc1\u7ffb\u8bd1<\/a>.<\/div><\/div>\n<ul>\n<li>\u5e26\u4e00\u4e2a <a href=\"https:\/\/auslaenderaemter.com\/zh\/\u627f\u8bfa\u5ba3\u8a00\/\">\u627f\u8bfa\u5ba3\u8a00<\/a> \u60a8\u53ef\u4ee5\u5141\u8bb8\u6765\u81ea\u56fd\u5916\u7684\u6e38\u5ba2\u8fdb\u5165\u5fb7\u56fd\u3002<\/li>\n<li><strong>\u60a8\u671f\u5f85\u6765\u81ea\u56fd\u5916\u7684\u8bbf\u5ba2\u5417\uff1f<\/strong> \u5e26\u4e00\u4e2a <a href=\"https:\/\/tidd.ly\/3u98xUL\" target=\"_blank\" rel=\"nofollow noopener\">\u5916\u5bbe\u65c5\u6e38\u5065\u5eb7\u4fdd\u9669<\/a>* \u60a8\u5728\u5fb7\u56fd\u548c\u6b27\u6d32\u53d7\u5230\u5168\u9762\u4fdd\u62a4\u3002<\/li>\n<\/ul>\n<h3>\u5176\u4ed6\u79fb\u6c11\u5f53\u5c40<\/h3>\n<ul>\n<li><a href=\"https:\/\/auslaenderaemter.com\/zh\/\u5df4\u767b\u7b26\u817e\u5821\u5dde\u79fb\u6c11\u5c40\/\">\u5df4\u767b-\u7b26\u817e\u5821\u5dde\u79fb\u6c11\u529e\u516c\u5ba4<\/a><\/li>\n<li><a href=\"https:\/\/auslaenderaemter.com\/zh\/\">\u5fb7\u56fd\u79fb\u6c11\u5c40<\/a><\/li>\n<\/ul>","protected":false},"excerpt":{"rendered":"<p>Ausl\u00e4nderamt \/ Ausl\u00e4nderbeh\u00f6rde in Heubach &#8211; Adresse und Anschrift f\u00fcr Besucher Adresse: Stadtverwaltung, B\u00f6binger Str. 98, 73540 Heubach, W\u00fcrttemberg Telefon: (07173) 3212 Webseite: www.heubach.de \u00d6ffnungszeiten: siehe Webseite Termin bei der Ausl\u00e4nderbeh\u00f6rde in Heubach In den meisten F\u00e4llen k\u00f6nnen Sie telefonisch, per Kontaktformular oder \u00fcber das Service-Portal der jeweiligen Stadt einen Termin vereinbaren. Bitte vergewissern Sie&hellip;&nbsp;<a href=\"https:\/\/auslaenderaemter.com\/zh\/%e7%a7%bb%e6%b0%91%e5%b1%80-heubach\/\" rel=\"bookmark\">\u9605\u8bfb\u66f4\u591a \u201d<span class=\"screen-reader-text\">\u79fb\u6c11\u5c40 Heubach<\/span><\/a><\/p>","protected":false},"author":1,"featured_media":37,"parent":0,"menu_order":0,"comment_status":"closed","ping_status":"closed","template":"","meta":{"neve_meta_sidebar":"full-width","neve_meta_container":"","neve_meta_enable_content_width":"on","neve_meta_content_width":100,"neve_meta_title_alignment":"","neve_meta_author_avatar":"","neve_post_elements_order":"","neve_meta_disable_header":"","neve_meta_disable_footer":"","neve_meta_disable_title":"","neve_meta_reading_time":"","footnotes":""},"class_list":["post-1506","page","type-page","status-publish","has-post-thumbnail","hentry"],"yoast_head":"<!-- This site is optimized with the Yoast SEO plugin v27.3 - https:\/\/yoast.com\/product\/yoast-seo-wordpress\/ -->\n<title>Ausl\u00e4nderamt Heubach | Adresse, Kontakt und \u00d6ffnungszeiten<\/title>\n<meta name=\"description\" content=\"Ausl\u00e4nderamt Heubach | Adresse und Anschrift \u2713 Telefonnummer, Kontakt und \u00d6ffnungszeiten \u2713 Anfahrt \u2713 Ausl\u00e4nderbeh\u00f6rden in Deutschland\" \/>\n<meta name=\"robots\" content=\"index, follow, max-snippet:-1, max-image-preview:large, max-video-preview:-1\" \/>\n<link rel=\"canonical\" href=\"https:\/\/auslaenderaemter.com\/zh\/\u79fb\u6c11\u5c40-heubach\/\" \/>\n<meta property=\"og:locale\" content=\"zh_CN\" \/>\n<meta property=\"og:type\" content=\"article\" \/>\n<meta property=\"og:title\" content=\"Ausl\u00e4nderamt Heubach | Adresse, Kontakt und \u00d6ffnungszeiten\" \/>\n<meta property=\"og:description\" content=\"Ausl\u00e4nderamt Heubach | Adresse und Anschrift \u2713 Telefonnummer, Kontakt und \u00d6ffnungszeiten \u2713 Anfahrt \u2713 Ausl\u00e4nderbeh\u00f6rden in Deutschland\" \/>\n<meta property=\"og:url\" content=\"https:\/\/auslaenderaemter.com\/zh\/\u79fb\u6c11\u5c40-heubach\/\" \/>\n<meta property=\"og:site_name\" content=\"auslaenderaemter.com\" \/>\n<meta property=\"article:modified_time\" content=\"2022-07-04T16:29:52+00:00\" \/>\n<meta property=\"og:image\" content=\"https:\/\/auslaenderaemter.com\/wp-content\/uploads\/2021\/01\/city-263069_640.jpg\" \/>\n\t<meta property=\"og:image:width\" content=\"640\" \/>\n\t<meta property=\"og:image:height\" content=\"480\" \/>\n\t<meta property=\"og:image:type\" content=\"image\/jpeg\" \/>\n<meta name=\"twitter:card\" content=\"summary_large_image\" \/>\n<meta name=\"twitter:label1\" content=\"\u9884\u8ba1\u9605\u8bfb\u65f6\u95f4\" \/>\n\t<meta name=\"twitter:data1\" content=\"1 \u5206\" \/>\n<script type=\"application\/ld+json\" class=\"yoast-schema-graph\">{\"@context\":\"https:\\\/\\\/schema.org\",\"@graph\":[{\"@type\":\"WebPage\",\"@id\":\"https:\\\/\\\/auslaenderaemter.com\\\/auslaenderamt-heubach\\\/\",\"url\":\"https:\\\/\\\/auslaenderaemter.com\\\/auslaenderamt-heubach\\\/\",\"name\":\"Ausl\u00e4nderamt Heubach | Adresse, Kontakt und \u00d6ffnungszeiten\",\"isPartOf\":{\"@id\":\"https:\\\/\\\/auslaenderaemter.com\\\/#website\"},\"primaryImageOfPage\":{\"@id\":\"https:\\\/\\\/auslaenderaemter.com\\\/auslaenderamt-heubach\\\/#primaryimage\"},\"image\":{\"@id\":\"https:\\\/\\\/auslaenderaemter.com\\\/auslaenderamt-heubach\\\/#primaryimage\"},\"thumbnailUrl\":\"https:\\\/\\\/auslaenderaemter.com\\\/wp-content\\\/uploads\\\/2021\\\/01\\\/city-263069_640.jpg\",\"datePublished\":\"2021-02-13T13:53:04+00:00\",\"dateModified\":\"2022-07-04T16:29:52+00:00\",\"description\":\"Ausl\u00e4nderamt Heubach | Adresse und Anschrift \u2713 Telefonnummer, Kontakt und \u00d6ffnungszeiten \u2713 Anfahrt \u2713 Ausl\u00e4nderbeh\u00f6rden in Deutschland\",\"breadcrumb\":{\"@id\":\"https:\\\/\\\/auslaenderaemter.com\\\/auslaenderamt-heubach\\\/#breadcrumb\"},\"inLanguage\":\"zh-Hans\",\"potentialAction\":[{\"@type\":\"ReadAction\",\"target\":[\"https:\\\/\\\/auslaenderaemter.com\\\/auslaenderamt-heubach\\\/\"]}]},{\"@type\":\"ImageObject\",\"inLanguage\":\"zh-Hans\",\"@id\":\"https:\\\/\\\/auslaenderaemter.com\\\/auslaenderamt-heubach\\\/#primaryimage\",\"url\":\"https:\\\/\\\/auslaenderaemter.com\\\/wp-content\\\/uploads\\\/2021\\\/01\\\/city-263069_640.jpg\",\"contentUrl\":\"https:\\\/\\\/auslaenderaemter.com\\\/wp-content\\\/uploads\\\/2021\\\/01\\\/city-263069_640.jpg\",\"width\":640,\"height\":480,\"caption\":\"Ausl\u00e4nder\u00e4mter in Deutschland\"},{\"@type\":\"BreadcrumbList\",\"@id\":\"https:\\\/\\\/auslaenderaemter.com\\\/auslaenderamt-heubach\\\/#breadcrumb\",\"itemListElement\":[{\"@type\":\"ListItem\",\"position\":1,\"name\":\"Startseite\",\"item\":\"https:\\\/\\\/auslaenderaemter.com\\\/\"},{\"@type\":\"ListItem\",\"position\":2,\"name\":\"Ausl\u00e4nderamt Heubach\"}]},{\"@type\":\"WebSite\",\"@id\":\"https:\\\/\\\/auslaenderaemter.com\\\/#website\",\"url\":\"https:\\\/\\\/auslaenderaemter.com\\\/\",\"name\":\"auslaenderaemter.com\",\"description\":\"\",\"publisher\":{\"@id\":\"https:\\\/\\\/auslaenderaemter.com\\\/#organization\"},\"potentialAction\":[{\"@type\":\"SearchAction\",\"target\":{\"@type\":\"EntryPoint\",\"urlTemplate\":\"https:\\\/\\\/auslaenderaemter.com\\\/?s={search_term_string}\"},\"query-input\":{\"@type\":\"PropertyValueSpecification\",\"valueRequired\":true,\"valueName\":\"search_term_string\"}}],\"inLanguage\":\"zh-Hans\"},{\"@type\":\"Organization\",\"@id\":\"https:\\\/\\\/auslaenderaemter.com\\\/#organization\",\"name\":\"auslaenderaemter.com\",\"url\":\"https:\\\/\\\/auslaenderaemter.com\\\/\",\"logo\":{\"@type\":\"ImageObject\",\"inLanguage\":\"zh-Hans\",\"@id\":\"https:\\\/\\\/auslaenderaemter.com\\\/#\\\/schema\\\/logo\\\/image\\\/\",\"url\":\"https:\\\/\\\/auslaenderaemter.com\\\/wp-content\\\/uploads\\\/2021\\\/01\\\/cropped-Vollmond-info-13.png\",\"contentUrl\":\"https:\\\/\\\/auslaenderaemter.com\\\/wp-content\\\/uploads\\\/2021\\\/01\\\/cropped-Vollmond-info-13.png\",\"width\":500,\"height\":117,\"caption\":\"auslaenderaemter.com\"},\"image\":{\"@id\":\"https:\\\/\\\/auslaenderaemter.com\\\/#\\\/schema\\\/logo\\\/image\\\/\"}}]}<\/script>\n<!-- \/ Yoast SEO plugin. -->","yoast_head_json":{"title":"\u79fb\u6c11\u5c40 Heubach |\u5730\u5740\u3001\u8054\u7cfb\u65b9\u5f0f\u548c\u8425\u4e1a\u65f6\u95f4","description":"\u79fb\u6c11\u5c40 Heubach |\u5730\u5740\u548c\u5730\u5740 \u2713 \u7535\u8bdd\u53f7\u7801\u3001\u8054\u7cfb\u65b9\u5f0f\u548c\u5f00\u653e\u65f6\u95f4 \u2713 \u8def\u7ebf \u2713 \u5fb7\u56fd\u79fb\u6c11\u5c40","robots":{"index":"index","follow":"follow","max-snippet":"max-snippet:-1","max-image-preview":"max-image-preview:large","max-video-preview":"max-video-preview:-1"},"canonical":"https:\/\/auslaenderaemter.com\/zh\/\u79fb\u6c11\u5c40-heubach\/","og_locale":"zh_CN","og_type":"article","og_title":"Ausl\u00e4nderamt Heubach | Adresse, Kontakt und \u00d6ffnungszeiten","og_description":"Ausl\u00e4nderamt Heubach | Adresse und Anschrift \u2713 Telefonnummer, Kontakt und \u00d6ffnungszeiten \u2713 Anfahrt \u2713 Ausl\u00e4nderbeh\u00f6rden in Deutschland","og_url":"https:\/\/auslaenderaemter.com\/zh\/\u79fb\u6c11\u5c40-heubach\/","og_site_name":"auslaenderaemter.com","article_modified_time":"2022-07-04T16:29:52+00:00","og_image":[{"width":640,"height":480,"url":"https:\/\/auslaenderaemter.com\/wp-content\/uploads\/2021\/01\/city-263069_640.jpg","type":"image\/jpeg"}],"twitter_card":"summary_large_image","twitter_misc":{"\u9884\u8ba1\u9605\u8bfb\u65f6\u95f4":"1 \u5206"},"schema":{"@context":"https:\/\/schema.org","@graph":[{"@type":"WebPage","@id":"https:\/\/auslaenderaemter.com\/auslaenderamt-heubach\/","url":"https:\/\/auslaenderaemter.com\/auslaenderamt-heubach\/","name":"\u79fb\u6c11\u5c40 Heubach |\u5730\u5740\u3001\u8054\u7cfb\u65b9\u5f0f\u548c\u8425\u4e1a\u65f6\u95f4","isPartOf":{"@id":"https:\/\/auslaenderaemter.com\/#website"},"primaryImageOfPage":{"@id":"https:\/\/auslaenderaemter.com\/auslaenderamt-heubach\/#primaryimage"},"image":{"@id":"https:\/\/auslaenderaemter.com\/auslaenderamt-heubach\/#primaryimage"},"thumbnailUrl":"https:\/\/auslaenderaemter.com\/wp-content\/uploads\/2021\/01\/city-263069_640.jpg","datePublished":"2021-02-13T13:53:04+00:00","dateModified":"2022-07-04T16:29:52+00:00","description":"\u79fb\u6c11\u5c40 Heubach |\u5730\u5740\u548c\u5730\u5740 \u2713 \u7535\u8bdd\u53f7\u7801\u3001\u8054\u7cfb\u65b9\u5f0f\u548c\u5f00\u653e\u65f6\u95f4 \u2713 \u8def\u7ebf \u2713 \u5fb7\u56fd\u79fb\u6c11\u5c40","breadcrumb":{"@id":"https:\/\/auslaenderaemter.com\/auslaenderamt-heubach\/#breadcrumb"},"inLanguage":"zh-Hans","potentialAction":[{"@type":"ReadAction","target":["https:\/\/auslaenderaemter.com\/auslaenderamt-heubach\/"]}]},{"@type":"ImageObject","inLanguage":"zh-Hans","@id":"https:\/\/auslaenderaemter.com\/auslaenderamt-heubach\/#primaryimage","url":"https:\/\/auslaenderaemter.com\/wp-content\/uploads\/2021\/01\/city-263069_640.jpg","contentUrl":"https:\/\/auslaenderaemter.com\/wp-content\/uploads\/2021\/01\/city-263069_640.jpg","width":640,"height":480,"caption":"Ausl\u00e4nder\u00e4mter in Deutschland"},{"@type":"BreadcrumbList","@id":"https:\/\/auslaenderaemter.com\/auslaenderamt-heubach\/#breadcrumb","itemListElement":[{"@type":"ListItem","position":1,"name":"Startseite","item":"https:\/\/auslaenderaemter.com\/"},{"@type":"ListItem","position":2,"name":"Ausl\u00e4nderamt Heubach"}]},{"@type":"WebSite","@id":"https:\/\/auslaenderaemter.com\/#website","url":"https:\/\/auslaenderaemter.com\/","name":"auslaenderaemter.com","description":"","publisher":{"@id":"https:\/\/auslaenderaemter.com\/#organization"},"potentialAction":[{"@type":"SearchAction","target":{"@type":"EntryPoint","urlTemplate":"https:\/\/auslaenderaemter.com\/?s={search_term_string}"},"query-input":{"@type":"PropertyValueSpecification","valueRequired":true,"valueName":"search_term_string"}}],"inLanguage":"zh-Hans"},{"@type":"Organization","@id":"https:\/\/auslaenderaemter.com\/#organization","name":"auslaenderaemter.com","url":"https:\/\/auslaenderaemter.com\/","logo":{"@type":"ImageObject","inLanguage":"zh-Hans","@id":"https:\/\/auslaenderaemter.com\/#\/schema\/logo\/image\/","url":"https:\/\/auslaenderaemter.com\/wp-content\/uploads\/2021\/01\/cropped-Vollmond-info-13.png","contentUrl":"https:\/\/auslaenderaemter.com\/wp-content\/uploads\/2021\/01\/cropped-Vollmond-info-13.png","width":500,"height":117,"caption":"auslaenderaemter.com"},"image":{"@id":"https:\/\/auslaenderaemter.com\/#\/schema\/logo\/image\/"}}]}},"_links":{"self":[{"href":"https:\/\/auslaenderaemter.com\/zh\/wp-json\/wp\/v2\/pages\/1506","targetHints":{"allow":["GET"]}}],"collection":[{"href":"https:\/\/auslaenderaemter.com\/zh\/wp-json\/wp\/v2\/pages"}],"about":[{"href":"https:\/\/auslaenderaemter.com\/zh\/wp-json\/wp\/v2\/types\/page"}],"author":[{"embeddable":true,"href":"https:\/\/auslaenderaemter.com\/zh\/wp-json\/wp\/v2\/users\/1"}],"replies":[{"embeddable":true,"href":"https:\/\/auslaenderaemter.com\/zh\/wp-json\/wp\/v2\/comments?post=1506"}],"version-history":[{"count":0,"href":"https:\/\/auslaenderaemter.com\/zh\/wp-json\/wp\/v2\/pages\/1506\/revisions"}],"wp:featuredmedia":[{"embeddable":true,"href":"https:\/\/auslaenderaemter.com\/zh\/wp-json\/wp\/v2\/media\/37"}],"wp:attachment":[{"href":"https:\/\/auslaenderaemter.com\/zh\/wp-json\/wp\/v2\/media?parent=1506"}],"curies":[{"name":"wp","href":"https:\/\/api.w.org\/{rel}","templated":true}]}}