{"id":1859,"date":"2021-02-15T21:52:36","date_gmt":"2021-02-15T20:52:36","guid":{"rendered":"https:\/\/auslaenderaemter.com\/?page_id=1859"},"modified":"2024-10-06T17:04:42","modified_gmt":"2024-10-06T15:04:42","slug":"auslaenderaemter-in-deutschland","status":"publish","type":"page","link":"https:\/\/auslaenderaemter.com\/zh\/","title":{"rendered":"\u5fb7\u56fd\u79fb\u6c11\u5c40"},"content":{"rendered":"<p>\u6b22\u8fce\u8bbf\u95ee\u6211\u4eec\u7684\u7f51\u7ad9 auslaenderaemter.com\u3002\u6211\u4eec\u7684\u7f51\u7ad9\u4e3a\u60a8\u63d0\u4f9b\u5168\u9762\u7684\u6982\u8ff0 <strong>\u8054\u7cfb\u65b9\u5f0f<\/strong>, <strong>\u5730\u5740<\/strong>, <strong>\u8425\u4e1a\u65f6\u95f4<\/strong> \u4ee5\u53ca\u6240\u6709\u7684\u66f4\u591a\u4fe1\u606f <strong>\u5fb7\u56fd\u79fb\u6c11\u5c40<\/strong>.\u8fd9\u5e94\u8be5\u4f7f\u60a8\u66f4\u5bb9\u6613\u627e\u5230\u60a8\u8d1f\u8d23\u7684\u79fb\u6c11\u529e\u516c\u5ba4\u3002\u6709\u5173\u7b7e\u8bc1\u548c\u5165\u5883\u7684\u67e5\u8be2\uff0c\u8bf7\u8054\u7cfb\u60a8\u8d1f\u8d23\u7684\u79fb\u6c11\u529e\u516c\u5ba4\u3002\u6211\u4eec\u65e0\u6cd5\u56de\u7b54\u8fd9\u4e9b\u8bf7\u6c42\u3002\u6211\u4eec\u7684\u7f51\u7ad9\u4ec5\u65e8\u5728\u6982\u8ff0\u60a8\u53ef\u4ee5\u5728\u54ea\u91cc\u8054\u7cfb\u6211\u4eec\u3002<\/p>\n<p><script async src=\"https:\/\/cse.google.com\/cse.js?cx=b1e0ab9caab017756\"><\/script><\/p>\n<div class=\"gcse-search\"><\/div>\n<h3>\u8bf7\u9009\u62e9\u60a8\u6240\u5728\u7684\u5dde<\/h3>\n<ul>\n<li><a href=\"https:\/\/auslaenderaemter.com\/zh\/\u5df4\u767b\u7b26\u817e\u5821\u5dde\u79fb\u6c11\u5c40\/\">\u5df4\u767b-\u7b26\u817e\u5821\u5dde\u79fb\u6c11\u529e\u516c\u5ba4<\/a><\/li>\n<li><a href=\"https:\/\/auslaenderaemter.com\/zh\/\u5df4\u4f10\u5229\u4e9a\u79fb\u6c11\u5c40\/\">\u5df4\u4f10\u5229\u4e9a\u79fb\u6c11\u5c40<\/a><\/li>\n<li><a href=\"https:\/\/auslaenderaemter.com\/zh\/\u67cf\u6797\u79fb\u6c11\u5c40\/\">\u67cf\u6797\u79fb\u6c11\u5c40<\/a><\/li>\n<li><a href=\"https:\/\/auslaenderaemter.com\/zh\/\u52c3\u5170\u767b\u5821\u79fb\u6c11\u5c40\/\">\u52c3\u5170\u767b\u5821\u79fb\u6c11\u5c40<\/a><\/li>\n<li><a href=\"https:\/\/auslaenderaemter.com\/zh\/\u4e0d\u6765\u6885\u79fb\u6c11\u529e\u516c\u5ba4\/\">\u4e0d\u6765\u6885\u7684\u79fb\u6c11\u529e\u516c\u5ba4<\/a><\/li>\n<li><a href=\"https:\/\/auslaenderaemter.com\/zh\/\u6c49\u5821\u79fb\u6c11\u5c40\/\">\u6c49\u5821\u7684\u79fb\u6c11\u529e\u516c\u5ba4<\/a><\/li>\n<li><a href=\"https:\/\/auslaenderaemter.com\/zh\/\u9ed1\u68ee\u5dde\u79fb\u6c11\u5c40\/\">\u9ed1\u68ee\u5dde\u79fb\u6c11\u5c40<\/a><\/li>\n<li><a href=\"https:\/\/auslaenderaemter.com\/zh\/\u6885\u514b\u4f26\u5821-\u524d\u6ce2\u83ab\u745e\u5dde\u79fb\u6c11\u5c40\/\">\u6885\u514b\u4f26\u5821-\u897f\u6ce2\u7f8e\u62c9\u5c3c\u4e9a\u79fb\u6c11\u529e\u516c\u5ba4<\/a><\/li>\n<li><a href=\"https:\/\/auslaenderaemter.com\/zh\/\u4e0b\u8428\u514b\u68ee\u5dde\u79fb\u6c11\u5c40\/\">\u4e0b\u8428\u514b\u68ee\u5dde\u79fb\u6c11\u5c40<\/a><\/li>\n<li><a href=\"https:\/\/auslaenderaemter.com\/zh\/\u5317\u83b1\u8335\u5a01\u65af\u7279\u6cd5\u4f26\u5dde\u79fb\u6c11\u5c40\/\">\u5317\u83b1\u8335-\u5a01\u65af\u7279\u6cd5\u4f26\u5dde\u7684\u79fb\u6c11\u529e\u516c\u5ba4<\/a><\/li>\n<li><a href=\"https:\/\/auslaenderaemter.com\/zh\/\u83b1\u8335\u5170-\u666e\u6cd5\u5c14\u8328\u5dde\u79fb\u6c11\u5c40\/\">\u83b1\u8335\u5170-\u666e\u6cd5\u5c14\u8328\u7684\u79fb\u6c11\u529e\u516c\u5ba4<\/a><\/li>\n<li><a href=\"https:\/\/auslaenderaemter.com\/zh\/\u8428\u5c14\u5dde\u79fb\u6c11\u5c40\/\">\u8428\u5c14\u5dde\u79fb\u6c11\u5c40<\/a><\/li>\n<li><a href=\"https:\/\/auslaenderaemter.com\/zh\/\u8428\u514b\u68ee\u79fb\u6c11\u5c40\/\">\u8428\u514b\u68ee\u5dde\u79fb\u6c11\u5c40<\/a><\/li>\n<li><a href=\"https:\/\/auslaenderaemter.com\/zh\/\u8428\u514b\u68ee-\u5b89\u54c8\u5c14\u7279\u79fb\u6c11\u5c40\/\">\u8428\u514b\u68ee-\u5b89\u54c8\u5c14\u7279\u7684\u79fb\u6c11\u529e\u516c\u5ba4<\/a><\/li>\n<li><a href=\"https:\/\/auslaenderaemter.com\/zh\/\u77f3\u52d2\u82cf\u76ca\u683c-\u8377\u5c14\u65af\u6cf0\u56e0\u5dde\u79fb\u6c11\u5c40\/\">\u77f3\u52d2\u82cf\u76ca\u683c-\u8377\u5c14\u65af\u6cf0\u56e0\u5dde\u79fb\u6c11\u529e\u516c\u5ba4<\/a><\/li>\n<li><a href=\"https:\/\/auslaenderaemter.com\/zh\/\u56fe\u6797\u6839\u79fb\u6c11\u5c40\/\">\u56fe\u6797\u6839\u5dde\u79fb\u6c11\u5c40<\/a><\/li>\n<\/ul>\n<p class=\"LC20lb DKV0Md\">\u6240\u6709\u4fe1\u606f\u4e0d\u4f5c\u4fdd\u8bc1\uff0c\u53ef\u80fd\u4f1a\u53d1\u751f\u53d8\u5316<\/p>\n<h2>\u4ec0\u4e48\u662f\u79fb\u6c11\u5c40\uff1f<\/h2>\n<p>\u6839\u636e\u300a\u5c45\u4f4f\u6cd5\u300b\u7b2c 71 \u6761\uff0c\u79fb\u6c11\u5c40\u8d1f\u8d23\u4e0e\u5c45\u4f4f\u548c\u62a4\u7167\u6cd5\u6709\u5173\u7684\u63aa\u65bd\u548c\u51b3\u5b9a\u3002\u4ed6\u4eec\u5c31\u5916\u56fd\u4eba\u5728\u5fb7\u56fd\u7684\u5c45\u7559\u3001\u5c31\u4e1a\u548c\u878d\u5165\u91c7\u53d6\u63aa\u65bd\u548c\u51b3\u5b9a\u3002<\/p>\n<p>\u5728\u5fb7\u56fd\uff0c\u6bcf\u4e2a\u533a\u6216\u5e02\u533a\u901a\u5e38\u90fd\u6709\u79fb\u6c11\u529e\u516c\u5ba4\u3002\u4ed6\u4eec\u88ab\u59d4\u6258\u6267\u884c\u79fb\u6c11\u6cd5\u7684\u4efb\u52a1\u3002\u5c5e\u4e8e\u4e00\u4e2a\u5730\u533a\u7684\u5927\u57ce\u5e02\u4e5f\u53ef\u4ee5\u6709\u81ea\u5df1\u7684\u79fb\u6c11\u5f53\u5c40\u2014\u2014\u4f46\u8fd9\u53d6\u51b3\u4e8e\u5404\u81ea\u7684\u8054\u90a6\u5dde\u3002\u4f8b\u5982\uff0c\u5728\u9ed1\u68ee\u5dde\uff0c\u6240\u6709\u62e5\u6709 50,000 \u6216\u66f4\u591a\u5c45\u6c11\u7684\u57ce\u5e02\u90fd\u6709\u81ea\u5df1\u7684\u79fb\u6c11\u529e\u516c\u5ba4\u3002<\/p>\n<h2>\u79fb\u6c11\u5c40\u7684\u804c\u8d23\u662f\u4ec0\u4e48\uff1f<\/h2>\n<p>\u79fb\u6c11\u5f53\u5c40\u8d1f\u8d23\u6839\u636e\u300a\u5c45\u7559\u6cd5\u300b\u7684\u76f8\u5173\u5c45\u7559\u76ee\u7684\u7b7e\u53d1\u6216\u62d2\u7edd\u5c45\u7559\u8bb8\u53ef\u3001\u6388\u4e88\u5b9a\u5c45\u8bb8\u53ef\u7684\u51b3\u5b9a\u3001\u9a71\u9010\u6216\u9a71\u9010\u51fa\u5883\u7684\u51b3\u5b9a\u548c\u53ef\u80fd\u7684\u6267\u884c\u3002<\/p>\n<p>\u6b64\u5916\uff0c\u5979\u628a\u9002\u5f53\u7684 <a href=\"https:\/\/auslaenderaemter.com\/zh\/\u5c45\u7559\u8bb8\u53ef\u8bc1\/\">\u5c45\u7559\u8bb8\u53ef<\/a> \u540c\u6837\u66ff\u4ee3\u62a4\u7167\u6587\u4ef6\u3002\u5979\u51b3\u5b9a\u4e3a\u6d41\u79bb\u5931\u6240\u8005\u53d1\u653e\u5c45\u7559\u8bb8\u53ef\u2014\u2014\u5e87\u62a4\u7a0b\u5e8f\u7684\u5b9e\u65bd\u662f\u8054\u90a6\u79fb\u6c11\u548c\u96be\u6c11\u529e\u516c\u5ba4\uff08BAMF\uff09\u7684\u8d23\u4efb\u2014\u2014\u4ee5\u53ca\u5916\u56fd\u4eba\u7684\u5bb9\u5fcd\u548c\u65c5\u884c\u8bc1\u4ef6\u3002\u6700\u91cd\u8981\u7684\u662f\uff0c\u51b3\u5b9a\u662f\u5426\u5b58\u5728\u5bb6\u5ead\u56e2\u805a\u7684\u6cd5\u5f8b\u8981\u6c42\u3002\u79fb\u6c11\u5f53\u5c40\u53c2\u4e0e\u7b7e\u53d1\u7b7e\u8bc1\u3002<\/p>\n<p>\u79fb\u6c11\u529e\u516c\u5ba4\u8d1f\u8d23\u5404\u79cd\u5176\u4ed6\u4efb\u52a1\u3002\u5c45\u7559\u8bb8\u53ef\u7684\u65f6\u9650\u3001\u62d2\u7b7e <a href=\"https:\/\/auslaenderaemter.com\/zh\/\u5c45\u7559\u8bb8\u53ef\u8bc1\/\">\u5c45\u7559\u8bb8\u53ef\u8bc1<\/a>\uff0c\u5728\u53d1\u751f\u51fa\u5883\u4e49\u52a1\u7684\u60c5\u51b5\u4e0b\u6839\u636e\u5c45\u7559\u6cd5\u53d1\u51fa\u51fa\u5883\u547d\u4ee4\uff0c\u6f84\u6e05\u5916\u56fd\u4eba\u7684\u8eab\u4efd\u548c\u8bb8\u591a\u5176\u4ed6\u4efb\u52a1\u5c5e\u4e8e\u5916\u56fd\u4eba\u5f53\u5c40\u7684\u6d3b\u52a8\u8303\u56f4\u3002\u4ee5\u4e0b\u6982\u8ff0\u4e86\u60a8\u6240\u5728\u5730\u533a\u6216\u57ce\u5e02\u7684\u79fb\u6c11\u529e\u516c\u5ba4\u7684\u804c\u8d23\uff1a<\/p>\n<ul>\n<li>\u96be\u6c11\u63f4\u52a9<\/li>\n<li>\u5e87\u62a4\u7a0b\u5e8f<\/li>\n<li>\u5728\u5fb7\u56fd\u5165\u5883\u548c\u5c45\u4f4f<\/li>\n<li>\u6574\u5408\u8bfe\u7a0b<\/li>\n<li>\u533b\u7597\u548c\u8d39\u7528<\/li>\n<li>\u798f\u5229\u6743\u5229<\/li>\n<li>\u516c\u6c11\u8eab\u4efd<\/li>\n<li>\u767b\u8bb0<\/li>\n<li>\u793e\u4f1a\u5173\u6000<\/li>\n<li>\u4f4f\u5bbf\u9009\u62e9<\/li>\n<li>\u627f\u8bfa\u5ba3\u8a00<\/li>\n<\/ul>\n<h3>\u5730\u65b9\u7ba1\u8f96<\/h3>\n<p>\u5916\u56fd\u4eba\u7684\u5730\u65b9\u7ba1\u8f96\u6743\u4e0d\u53d7\u8054\u90a6\u6cd5\u5f8b\u7684\u89c4\u5b9a\uff0c\u4f46\u5728\u8865\u5145\u5dde\u6cd5\u5f8b\u4e2d\u3002\u4f46\u662f\uff0c\u539f\u5219\u4e0a\uff0c\u60a8\u53ef\u4ee5\u5047\u8bbe\u5f53\u5730\u7ba1\u8f96\u6743\u53d6\u51b3\u4e8e\u60a8\u901a\u5e38\u7684\u5c45\u4f4f\u5730\u3002<\/p>\n<h3>\u8054\u90a6\u5404\u5dde\u7684\u51b3\u5b9a\u7684\u5b9e\u9645\u6267\u884c\u662f\u5982\u4f55\u76d1\u7ba1\u7684\uff1f<\/h3>\n<p>\u79fb\u6c11\u5f53\u5c40\u8d1f\u8d23\u6267\u884c BAMF \u7684\u7ec8\u6b62\u5c45\u7559\u7684\u7279\u522b\u51b3\u5b9a\u548c\u5426\u5b9a\u7684\u5e87\u62a4\u51b3\u5b9a\u3002\u4ed6\u4eec\u8bc4\u4f30\u9a71\u9010\u5916\u56fd\u4eba\u7684\u6cd5\u5f8b\u8981\u6c42\u3002\u7136\u540e\uff0c\u4ed6\u4eec\u5411\u4e3b\u7ba1\u5f53\u5c40\u767b\u8bb0\u9002\u5f53\u7684\u822a\u73ed\u3002\u5728\u5b9e\u9645\u6267\u6cd5\u4e2d\uff0c\u4ed6\u4eec\u5f80\u5f80\u7531\u76f8\u5173\u7684\u56fd\u5bb6\u8b66\u5bdf\u63a7\u5236\u3002\u4e00\u4e2a\u4f8b\u5916\u662f\u5317\u83b1\u8335-\u5a01\u65af\u7279\u6cd5\u4f26\u5dde\uff0c\u5728\u8be5\u5dde\uff0c\u5916\u56fd\u4eba\u5f53\u5c40\u5177\u6709\u7b2c 12 \u6761 OBG \u6240\u6307\u7684\u7279\u6b8a\u76d1\u7ba1\u673a\u6784\u7684\u5730\u4f4d\uff0c\u6839\u636e\u89c4\u5b9a\u6267\u884c\u9a71\u9010\u548c\u62d8\u7559\u63aa\u65bd\uff08\u7b2c 62 \u6761 AufenthG\uff09\u3002\u8fd9\u4e9b\u4eba\u4e0e\u8b66\u5bdf\u5177\u6709\u76f8\u540c\u7684\u5408\u6cd5\u6027\uff0c\u5e76\u901a\u8fc7\u300a\u5211\u6cd5\u300b\u7b2c 113 \u6761\u4f5c\u4e3a\u6267\u6cd5\u4eba\u5458\u83b7\u5f97\u4fdd\u969c\u3002<\/p>\n<p>\u4efb\u4f55\u5bf9\u8bbf\u5ba2\u3001\u7533\u6839\u6216\u5b66\u751f\u7b7e\u8bc1\u611f\u5174\u8da3\u7684\u4eba\u90fd\u6709\u8d23\u4efb\u5411\u76f8\u5173\u79fb\u6c11\u529e\u516c\u5ba4\u63d0\u4ea4\u4e00\u4efd\u627f\u8bfa\u58f0\u660e\uff0c\u5177\u4f53\u53d6\u51b3\u4e8e\u4ed6\u4eec\u7684\u539f\u7c4d\u56fd\u3002\u6709\u4e86\u8fd9\u4efd\u63d0\u4ea4\u5e76\u7b7e\u7f72\u7684\u58f0\u660e\uff0c\u60a8\u627f\u8bfa\u627f\u62c5\u4e0e\u60a8\u7684\u8bbf\u5ba2\u9017\u7559\u76f8\u5173\u7684\u6240\u6709\u8d39\u7528\u3002\u5728 auslaenderaemter.com\uff0c\u60a8\u5c06\u627e\u5230\u6709\u5173\u5b8c\u6210\u5728\u7ebf\u7b7e\u8bc1\u7684\u66f4\u591a\u6709\u4ef7\u503c\u4fe1\u606f <a href=\"https:\/\/auslaenderaemter.com\/zh\/\u5916\u5bbe\u4fdd\u9669\/\">\u5916\u5bbe\u4fdd\u9669<\/a> \u5e76\u786e\u4fdd\u627f\u8bfa\u58f0\u660e\u3002<\/p>\n<h3 id=\"customheading6\"><strong>\u66f4\u591a\u94fe\u63a5\u548c\u6765\u6e90<\/strong><\/h3>\n<ul>\n<li><a href=\"https:\/\/auslaenderaemter.com\/zh\/\u627f\u8bfa\u5ba3\u8a00\/\"><span class=\"teaser__headline-content\">\u627f\u8bfa\u58f0\u660e\u4fe1\u606f<\/span><\/a><\/li>\n<li><a href=\"https:\/\/www.bamf.de\/DE\/Startseite\/startseite_node.html\" target=\"_blank\" rel=\"noopener\">\u8054\u90a6\u79fb\u6c11\u548c\u96be\u6c11\u529e\u516c\u5ba4<\/a> (BAMF)<\/li>\n<\/ul>","protected":false},"excerpt":{"rendered":"<p>\u6b22\u8fce\u8bbf\u95ee\u6211\u4eec\u7684\u7f51\u7ad9 auslaenderaemter.com\u3002\u6211\u4eec\u7684\u7f51\u7ad9\u4e3a\u60a8\u63d0\u4f9b\u5fb7\u56fd\u6240\u6709\u79fb\u6c11\u529e\u516c\u5ba4\u7684\u8054\u7cfb\u65b9\u5f0f\u3001\u5730\u5740\u3001\u5f00\u653e\u65f6\u95f4\u548c\u5176\u4ed6\u4fe1\u606f\u7684\u5168\u9762\u6982\u89c8\u3002\u8fd9\u5c06\u4f7f\u60a8\u66f4\u5bb9\u6613\u627e\u5230\u8d1f\u8d23\u7684\u79fb\u6c11\u529e\u516c\u5ba4\u3002\u6709\u5173\u7b7e\u8bc1\u548c\u5165\u5883\u7684\u67e5\u8be2\uff0c\u8bf7\u8054\u7cfb\u60a8\u8d1f\u8d23\u7684\u79fb\u6c11\u529e\u516c\u5ba4\u3002\u6211\u4eec\u4e0d\u80fd\u63a5\u53d7\u8fd9\u4e9b\u8981\u6c42...&nbsp;<a href=\"https:\/\/auslaenderaemter.com\/zh\/\" rel=\"bookmark\">\u9605\u8bfb\u66f4\u591a \u201d<span class=\"screen-reader-text\">\u5fb7\u56fd\u79fb\u6c11\u5c40<\/span><\/a><\/p>","protected":false},"author":1,"featured_media":37,"parent":0,"menu_order":0,"comment_status":"closed","ping_status":"closed","template":"","meta":{"neve_meta_sidebar":"full-width","neve_meta_container":"","neve_meta_enable_content_width":"on","neve_meta_content_width":100,"neve_meta_title_alignment":"","neve_meta_author_avatar":"","neve_post_elements_order":"","neve_meta_disable_header":"","neve_meta_disable_footer":"","neve_meta_disable_title":"","neve_meta_reading_time":"","footnotes":""},"class_list":["post-1859","page","type-page","status-publish","has-post-thumbnail","hentry"],"yoast_head":"<!-- This site is optimized with the Yoast SEO plugin v27.4 - https:\/\/yoast.com\/product\/yoast-seo-wordpress\/ -->\n<title>Ausl\u00e4nder\u00e4mter in Deutschland | Ausl\u00e4nderbeh\u00f6rden<\/title>\n<meta name=\"description\" content=\"Ausl\u00e4nder\u00e4mter in Deutschland | Hier finden Sie alle Kontaktinformationen nach Bundesl\u00e4nder geordnet | Adresse \u260e Telefon \u23f2 \u00d6ffnungszeiten\" \/>\n<meta name=\"robots\" content=\"index, follow, max-snippet:-1, max-image-preview:large, max-video-preview:-1\" \/>\n<link rel=\"canonical\" href=\"https:\/\/auslaenderaemter.com\/zh\/\" \/>\n<meta property=\"og:locale\" content=\"zh_CN\" \/>\n<meta property=\"og:type\" content=\"article\" \/>\n<meta property=\"og:title\" content=\"Ausl\u00e4nder\u00e4mter in Deutschland | Ausl\u00e4nderbeh\u00f6rden\" \/>\n<meta property=\"og:description\" content=\"Ausl\u00e4nder\u00e4mter in Deutschland | Hier finden Sie alle Kontaktinformationen nach Bundesl\u00e4nder geordnet | Adresse \u260e Telefon \u23f2 \u00d6ffnungszeiten\" \/>\n<meta property=\"og:url\" content=\"https:\/\/auslaenderaemter.com\/zh\/\" \/>\n<meta property=\"og:site_name\" content=\"auslaenderaemter.com\" \/>\n<meta property=\"article:modified_time\" content=\"2024-10-06T15:04:42+00:00\" \/>\n<meta property=\"og:image\" content=\"https:\/\/auslaenderaemter.com\/wp-content\/uploads\/2021\/01\/city-263069_640.jpg\" \/>\n\t<meta property=\"og:image:width\" content=\"640\" \/>\n\t<meta property=\"og:image:height\" content=\"480\" \/>\n\t<meta property=\"og:image:type\" content=\"image\/jpeg\" \/>\n<meta name=\"twitter:card\" content=\"summary_large_image\" \/>\n<meta name=\"twitter:label1\" content=\"\u9884\u8ba1\u9605\u8bfb\u65f6\u95f4\" \/>\n\t<meta name=\"twitter:data1\" content=\"4 \u5206\" \/>\n<script type=\"application\/ld+json\" class=\"yoast-schema-graph\">{\"@context\":\"https:\\\/\\\/schema.org\",\"@graph\":[{\"@type\":\"WebPage\",\"@id\":\"https:\\\/\\\/auslaenderaemter.com\\\/\",\"url\":\"https:\\\/\\\/auslaenderaemter.com\\\/\",\"name\":\"Ausl\u00e4nder\u00e4mter in Deutschland | Ausl\u00e4nderbeh\u00f6rden\",\"isPartOf\":{\"@id\":\"https:\\\/\\\/auslaenderaemter.com\\\/#website\"},\"primaryImageOfPage\":{\"@id\":\"https:\\\/\\\/auslaenderaemter.com\\\/#primaryimage\"},\"image\":{\"@id\":\"https:\\\/\\\/auslaenderaemter.com\\\/#primaryimage\"},\"thumbnailUrl\":\"https:\\\/\\\/auslaenderaemter.com\\\/wp-content\\\/uploads\\\/2021\\\/01\\\/city-263069_640.jpg\",\"datePublished\":\"2021-02-15T20:52:36+00:00\",\"dateModified\":\"2024-10-06T15:04:42+00:00\",\"description\":\"Ausl\u00e4nder\u00e4mter in Deutschland | Hier finden Sie alle Kontaktinformationen nach Bundesl\u00e4nder geordnet | Adresse \u260e Telefon \u23f2 \u00d6ffnungszeiten\",\"breadcrumb\":{\"@id\":\"https:\\\/\\\/auslaenderaemter.com\\\/#breadcrumb\"},\"inLanguage\":\"zh-Hans\",\"potentialAction\":[{\"@type\":\"ReadAction\",\"target\":[\"https:\\\/\\\/auslaenderaemter.com\\\/\"]}]},{\"@type\":\"ImageObject\",\"inLanguage\":\"zh-Hans\",\"@id\":\"https:\\\/\\\/auslaenderaemter.com\\\/#primaryimage\",\"url\":\"https:\\\/\\\/auslaenderaemter.com\\\/wp-content\\\/uploads\\\/2021\\\/01\\\/city-263069_640.jpg\",\"contentUrl\":\"https:\\\/\\\/auslaenderaemter.com\\\/wp-content\\\/uploads\\\/2021\\\/01\\\/city-263069_640.jpg\",\"width\":640,\"height\":480,\"caption\":\"Ausl\u00e4nder\u00e4mter in Deutschland\"},{\"@type\":\"BreadcrumbList\",\"@id\":\"https:\\\/\\\/auslaenderaemter.com\\\/#breadcrumb\",\"itemListElement\":[{\"@type\":\"ListItem\",\"position\":1,\"name\":\"Startseite\",\"item\":\"https:\\\/\\\/auslaenderaemter.com\\\/\"},{\"@type\":\"ListItem\",\"position\":2,\"name\":\"Ausl\u00e4nder\u00e4mter in Deutschland\"}]},{\"@type\":\"WebSite\",\"@id\":\"https:\\\/\\\/auslaenderaemter.com\\\/#website\",\"url\":\"https:\\\/\\\/auslaenderaemter.com\\\/\",\"name\":\"auslaenderaemter.com\",\"description\":\"\",\"publisher\":{\"@id\":\"https:\\\/\\\/auslaenderaemter.com\\\/#organization\"},\"potentialAction\":[{\"@type\":\"SearchAction\",\"target\":{\"@type\":\"EntryPoint\",\"urlTemplate\":\"https:\\\/\\\/auslaenderaemter.com\\\/?s={search_term_string}\"},\"query-input\":{\"@type\":\"PropertyValueSpecification\",\"valueRequired\":true,\"valueName\":\"search_term_string\"}}],\"inLanguage\":\"zh-Hans\"},{\"@type\":\"Organization\",\"@id\":\"https:\\\/\\\/auslaenderaemter.com\\\/#organization\",\"name\":\"auslaenderaemter.com\",\"url\":\"https:\\\/\\\/auslaenderaemter.com\\\/\",\"logo\":{\"@type\":\"ImageObject\",\"inLanguage\":\"zh-Hans\",\"@id\":\"https:\\\/\\\/auslaenderaemter.com\\\/#\\\/schema\\\/logo\\\/image\\\/\",\"url\":\"https:\\\/\\\/auslaenderaemter.com\\\/wp-content\\\/uploads\\\/2021\\\/01\\\/cropped-Vollmond-info-13.png\",\"contentUrl\":\"https:\\\/\\\/auslaenderaemter.com\\\/wp-content\\\/uploads\\\/2021\\\/01\\\/cropped-Vollmond-info-13.png\",\"width\":500,\"height\":117,\"caption\":\"auslaenderaemter.com\"},\"image\":{\"@id\":\"https:\\\/\\\/auslaenderaemter.com\\\/#\\\/schema\\\/logo\\\/image\\\/\"}}]}<\/script>\n<!-- \/ Yoast SEO plugin. -->","yoast_head_json":{"title":"\u5fb7\u56fd\u79fb\u6c11\u529e\u516c\u5ba4|\u79fb\u6c11\u5f53\u5c40","description":"\u5fb7\u56fd\u79fb\u6c11\u529e\u516c\u5ba4|\u5728\u8fd9\u91cc\uff0c\u60a8\u5c06\u627e\u5230\u6309\u8054\u90a6\u5dde\u5206\u7c7b\u7684\u6240\u6709\u8054\u7cfb\u4fe1\u606f |\u5730\u5740\u260e\u7535\u8bdd\u23f2\u8425\u4e1a\u65f6\u95f4","robots":{"index":"index","follow":"follow","max-snippet":"max-snippet:-1","max-image-preview":"max-image-preview:large","max-video-preview":"max-video-preview:-1"},"canonical":"https:\/\/auslaenderaemter.com\/zh\/","og_locale":"zh_CN","og_type":"article","og_title":"Ausl\u00e4nder\u00e4mter in Deutschland | Ausl\u00e4nderbeh\u00f6rden","og_description":"Ausl\u00e4nder\u00e4mter in Deutschland | Hier finden Sie alle Kontaktinformationen nach Bundesl\u00e4nder geordnet | Adresse \u260e Telefon \u23f2 \u00d6ffnungszeiten","og_url":"https:\/\/auslaenderaemter.com\/zh\/","og_site_name":"auslaenderaemter.com","article_modified_time":"2024-10-06T15:04:42+00:00","og_image":[{"width":640,"height":480,"url":"https:\/\/auslaenderaemter.com\/wp-content\/uploads\/2021\/01\/city-263069_640.jpg","type":"image\/jpeg"}],"twitter_card":"summary_large_image","twitter_misc":{"\u9884\u8ba1\u9605\u8bfb\u65f6\u95f4":"4 \u5206"},"schema":{"@context":"https:\/\/schema.org","@graph":[{"@type":"WebPage","@id":"https:\/\/auslaenderaemter.com\/","url":"https:\/\/auslaenderaemter.com\/","name":"\u5fb7\u56fd\u79fb\u6c11\u529e\u516c\u5ba4|\u79fb\u6c11\u5f53\u5c40","isPartOf":{"@id":"https:\/\/auslaenderaemter.com\/#website"},"primaryImageOfPage":{"@id":"https:\/\/auslaenderaemter.com\/#primaryimage"},"image":{"@id":"https:\/\/auslaenderaemter.com\/#primaryimage"},"thumbnailUrl":"https:\/\/auslaenderaemter.com\/wp-content\/uploads\/2021\/01\/city-263069_640.jpg","datePublished":"2021-02-15T20:52:36+00:00","dateModified":"2024-10-06T15:04:42+00:00","description":"\u5fb7\u56fd\u79fb\u6c11\u529e\u516c\u5ba4|\u5728\u8fd9\u91cc\uff0c\u60a8\u5c06\u627e\u5230\u6309\u8054\u90a6\u5dde\u5206\u7c7b\u7684\u6240\u6709\u8054\u7cfb\u4fe1\u606f |\u5730\u5740\u260e\u7535\u8bdd\u23f2\u8425\u4e1a\u65f6\u95f4","breadcrumb":{"@id":"https:\/\/auslaenderaemter.com\/#breadcrumb"},"inLanguage":"zh-Hans","potentialAction":[{"@type":"ReadAction","target":["https:\/\/auslaenderaemter.com\/"]}]},{"@type":"ImageObject","inLanguage":"zh-Hans","@id":"https:\/\/auslaenderaemter.com\/#primaryimage","url":"https:\/\/auslaenderaemter.com\/wp-content\/uploads\/2021\/01\/city-263069_640.jpg","contentUrl":"https:\/\/auslaenderaemter.com\/wp-content\/uploads\/2021\/01\/city-263069_640.jpg","width":640,"height":480,"caption":"Ausl\u00e4nder\u00e4mter in Deutschland"},{"@type":"BreadcrumbList","@id":"https:\/\/auslaenderaemter.com\/#breadcrumb","itemListElement":[{"@type":"ListItem","position":1,"name":"Startseite","item":"https:\/\/auslaenderaemter.com\/"},{"@type":"ListItem","position":2,"name":"Ausl\u00e4nder\u00e4mter in Deutschland"}]},{"@type":"WebSite","@id":"https:\/\/auslaenderaemter.com\/#website","url":"https:\/\/auslaenderaemter.com\/","name":"auslaenderaemter.com","description":"","publisher":{"@id":"https:\/\/auslaenderaemter.com\/#organization"},"potentialAction":[{"@type":"SearchAction","target":{"@type":"EntryPoint","urlTemplate":"https:\/\/auslaenderaemter.com\/?s={search_term_string}"},"query-input":{"@type":"PropertyValueSpecification","valueRequired":true,"valueName":"search_term_string"}}],"inLanguage":"zh-Hans"},{"@type":"Organization","@id":"https:\/\/auslaenderaemter.com\/#organization","name":"auslaenderaemter.com","url":"https:\/\/auslaenderaemter.com\/","logo":{"@type":"ImageObject","inLanguage":"zh-Hans","@id":"https:\/\/auslaenderaemter.com\/#\/schema\/logo\/image\/","url":"https:\/\/auslaenderaemter.com\/wp-content\/uploads\/2021\/01\/cropped-Vollmond-info-13.png","contentUrl":"https:\/\/auslaenderaemter.com\/wp-content\/uploads\/2021\/01\/cropped-Vollmond-info-13.png","width":500,"height":117,"caption":"auslaenderaemter.com"},"image":{"@id":"https:\/\/auslaenderaemter.com\/#\/schema\/logo\/image\/"}}]}},"_links":{"self":[{"href":"https:\/\/auslaenderaemter.com\/zh\/wp-json\/wp\/v2\/pages\/1859","targetHints":{"allow":["GET"]}}],"collection":[{"href":"https:\/\/auslaenderaemter.com\/zh\/wp-json\/wp\/v2\/pages"}],"about":[{"href":"https:\/\/auslaenderaemter.com\/zh\/wp-json\/wp\/v2\/types\/page"}],"author":[{"embeddable":true,"href":"https:\/\/auslaenderaemter.com\/zh\/wp-json\/wp\/v2\/users\/1"}],"replies":[{"embeddable":true,"href":"https:\/\/auslaenderaemter.com\/zh\/wp-json\/wp\/v2\/comments?post=1859"}],"version-history":[{"count":0,"href":"https:\/\/auslaenderaemter.com\/zh\/wp-json\/wp\/v2\/pages\/1859\/revisions"}],"wp:featuredmedia":[{"embeddable":true,"href":"https:\/\/auslaenderaemter.com\/zh\/wp-json\/wp\/v2\/media\/37"}],"wp:attachment":[{"href":"https:\/\/auslaenderaemter.com\/zh\/wp-json\/wp\/v2\/media?parent=1859"}],"curies":[{"name":"wp","href":"https:\/\/api.w.org\/{rel}","templated":true}]}}